{"id":219321,"date":"2026-02-20T03:23:12","date_gmt":"2026-02-20T01:23:12","guid":{"rendered":"https:\/\/odavprint.ee\/?post_type=product&#038;p=219321"},"modified":"2026-04-09T04:55:04","modified_gmt":"2026-04-09T01:55:04","slug":"dymo-11354-s0722540-etiketi-rull-dore-analoog-komplekt-27-tukki","status":"publish","type":"product","link":"https:\/\/odavprint.ee\/en\/product\/dymo-11354-s0722540-etiketi-rull-dore-analoog-komplekt-27-tukki\/","title":{"rendered":"Dymo 11354 S0722540 etiketi rull Dore analoog komplekt 27 t\u00fckki"},"content":{"rendered":"<p><span style=\"color:#d0121a;\"><strong>Komplekt 27 t\u00fckki.<\/strong><\/span><\/p>\n<p><strong>Printeritele:<\/strong><\/p>\n<p>Dymo LabelWriter 320, Dymo LabelWriter 330, Dymo LabelWriter 330 Turbo, Dymo LabelWriter 400, Dymo LabelWriter 400 Duo, Dymo LabelWriter 400 Turbo, Dymo LabelWriter 400 Twin, Dymo LabelWriter 400 Twin Turbo, Dymo LabelWriter 450, Dymo LabelWriter 450 Duo, Dymo LabelWriter 450 Turbo, Dymo LabelWriter 450 Twin Turbo, Dymo LabelWriter 4XL, Dymo LabelWriter Duo, Dymo LabelWriter SE 450SE 450, Dymo LabelWriter Twin Turbo, Dymo LabelWriter Wireless<\/p>\n<p><strong>Suurus: 32mm x 57mm, 1000 rullis.<\/strong><\/p>\n<p><strong>V\u00e4rv: valge<\/strong><\/p>\n","protected":false},"excerpt":{"rendered":"<p><span style=\"color:#d0121a;\"><strong>Komplekt 27 t\u00fckki.<\/strong><\/span><\/p>\n<p><strong>Suurus: 32mm x 57mm, 1000 rullis.<\/strong><\/p>\n<p><strong>V\u00e4rv: valge<\/strong><\/p><\/p>\n","protected":false},"featured_media":219322,"template":"","meta":{"inline_featured_image":false},"product_cat":[39148,39149,39152],"product_tag":[],"yoast_head":"<!-- This site is optimized with the Yoast SEO Premium plugin v23.0 (Yoast SEO v23.0) - https:\/\/yoast.com\/wordpress\/plugins\/seo\/ -->\n<title>Dymo 11354 S0722540 etiketi rull Dore analoog komplekt 27 t\u00fckki, hea hinnaga, osta e-pood - Odav Print<\/title>\n<meta name=\"description\" content=\"Osta Dymo 11354 S0722540 etiketi rull Dore analoog komplekt 27 t\u00fckki Odav Print \u260e +372 5911 9495 \u2714\ufe0f Parim hind Dymo 11354 S0722540 etiketi rull Dore analoog komplekt 27 t\u00fckki jaoks \u26df Kiire kohaletoimetamine Eestis \u2b50 Garanteeritud\" \/>\n<meta name=\"robots\" content=\"index, follow, max-snippet:-1, max-image-preview:large, max-video-preview:-1\" \/>\n<link rel=\"canonical\" href=\"https:\/\/odavprint.ee\/en\/product\/dymo-11354-s0722540-etiketi-rull-dore-analoog-komplekt-27-tukki\/\" \/>\n<meta property=\"og:locale\" content=\"en_US\" \/>\n<meta property=\"og:type\" content=\"article\" \/>\n<meta property=\"og:title\" content=\"Dymo 11354 S0722540 etiketi rull Dore analoog komplekt 27 t\u00fckki\" \/>\n<meta property=\"og:description\" content=\"Osta Dymo 11354 S0722540 etiketi rull Dore analoog komplekt 27 t\u00fckki Odav Print \u260e +372 5911 9495 \u2714\ufe0f Parim hind Dymo 11354 S0722540 etiketi rull Dore analoog komplekt 27 t\u00fckki jaoks \u26df Kiire kohaletoimetamine Eestis \u2b50 Garanteeritud\" \/>\n<meta property=\"og:url\" content=\"https:\/\/odavprint.ee\/en\/product\/dymo-11354-s0722540-etiketi-rull-dore-analoog-komplekt-27-tukki\/\" \/>\n<meta property=\"og:site_name\" content=\"Odav Print\" \/>\n<meta property=\"article:modified_time\" content=\"2026-04-09T01:55:04+00:00\" \/>\n<meta name=\"twitter:card\" content=\"summary_large_image\" \/>\n<meta name=\"twitter:label1\" content=\"Price\" \/>\n\t<meta name=\"twitter:data1\" content=\"&euro;232.75\" \/>\n\t<meta name=\"twitter:label2\" content=\"Availability\" \/>\n\t<meta name=\"twitter:data2\" content=\"Out of stock\" \/>\n<script type=\"application\/ld+json\" class=\"yoast-schema-graph\">{\"@context\":\"https:\/\/schema.org\",\"@graph\":[{\"@type\":[\"WebPage\",\"ItemPage\"],\"@id\":\"https:\/\/odavprint.ee\/en\/product\/dymo-11354-s0722540-etiketi-rull-dore-analoog-komplekt-27-tukki\/\",\"url\":\"https:\/\/odavprint.ee\/en\/product\/dymo-11354-s0722540-etiketi-rull-dore-analoog-komplekt-27-tukki\/\",\"name\":\"Dymo 11354 S0722540 etiketi rull Dore analoog komplekt 27 t\u00fckki, hea hinnaga, osta e-pood - Odav Print\",\"isPartOf\":{\"@id\":\"https:\/\/odavprint.ee\/en\/#website\"},\"primaryImageOfPage\":{\"@id\":\"https:\/\/odavprint.ee\/en\/product\/dymo-11354-s0722540-etiketi-rull-dore-analoog-komplekt-27-tukki\/#primaryimage\"},\"image\":{\"@id\":\"https:\/\/odavprint.ee\/en\/product\/dymo-11354-s0722540-etiketi-rull-dore-analoog-komplekt-27-tukki\/#primaryimage\"},\"thumbnailUrl\":\"https:\/\/odavprint.ee\/wp-content\/uploads\/2026\/02\/dymo-11354-s0722540-label-roll-dore-compatible-set-27-pcs.jpg\",\"datePublished\":\"2026-02-20T01:23:12+00:00\",\"dateModified\":\"2026-04-09T01:55:04+00:00\",\"description\":\"Osta Dymo 11354 S0722540 etiketi rull Dore analoog komplekt 27 t\u00fckki Odav Print \u260e +372 5911 9495 \u2714\ufe0f Parim hind Dymo 11354 S0722540 etiketi rull Dore analoog komplekt 27 t\u00fckki jaoks \u26df Kiire kohaletoimetamine Eestis \u2b50 Garanteeritud\",\"breadcrumb\":{\"@id\":\"https:\/\/odavprint.ee\/en\/product\/dymo-11354-s0722540-etiketi-rull-dore-analoog-komplekt-27-tukki\/#breadcrumb\"},\"inLanguage\":\"en-US\",\"potentialAction\":[{\"@type\":\"ReadAction\",\"target\":[\"https:\/\/odavprint.ee\/en\/product\/dymo-11354-s0722540-etiketi-rull-dore-analoog-komplekt-27-tukki\/\"]}]},{\"@type\":\"ImageObject\",\"inLanguage\":\"en-US\",\"@id\":\"https:\/\/odavprint.ee\/en\/product\/dymo-11354-s0722540-etiketi-rull-dore-analoog-komplekt-27-tukki\/#primaryimage\",\"url\":\"https:\/\/odavprint.ee\/wp-content\/uploads\/2026\/02\/dymo-11354-s0722540-label-roll-dore-compatible-set-27-pcs.jpg\",\"contentUrl\":\"https:\/\/odavprint.ee\/wp-content\/uploads\/2026\/02\/dymo-11354-s0722540-label-roll-dore-compatible-set-27-pcs.jpg\",\"width\":1200,\"height\":1200},{\"@type\":\"BreadcrumbList\",\"@id\":\"https:\/\/odavprint.ee\/en\/product\/dymo-11354-s0722540-etiketi-rull-dore-analoog-komplekt-27-tukki\/#breadcrumb\",\"itemListElement\":[{\"@type\":\"ListItem\",\"position\":1,\"name\":\"Home\",\"item\":\"https:\/\/odavprint.ee\/en\/\"},{\"@type\":\"ListItem\",\"position\":2,\"name\":\"Shop\",\"item\":\"https:\/\/odavprint.ee\/en\/shop\/\"},{\"@type\":\"ListItem\",\"position\":3,\"name\":\"Dymo 11354 S0722540 etiketi rull Dore analoog komplekt 27 t\u00fckki\"}]},{\"@type\":\"WebSite\",\"@id\":\"https:\/\/odavprint.ee\/en\/#website\",\"url\":\"https:\/\/odavprint.ee\/en\/\",\"name\":\"Odav Print\",\"description\":\"Just another WordPress site\",\"publisher\":{\"@id\":\"https:\/\/odavprint.ee\/en\/#organization\"},\"alternateName\":\"Kassettide, toonerite t\u00e4itmine ja m\u00fc\u00fck.\",\"potentialAction\":[{\"@type\":\"SearchAction\",\"target\":{\"@type\":\"EntryPoint\",\"urlTemplate\":\"https:\/\/odavprint.ee\/en\/?s={search_term_string}\"},\"query-input\":\"required name=search_term_string\"}],\"inLanguage\":\"en-US\"},{\"@type\":[\"Organization\",\"Place\"],\"@id\":\"https:\/\/odavprint.ee\/en\/#organization\",\"name\":\"Odav Print O\u00dc\",\"url\":\"https:\/\/odavprint.ee\/en\/\",\"logo\":{\"@id\":\"https:\/\/odavprint.ee\/en\/product\/dymo-11354-s0722540-etiketi-rull-dore-analoog-komplekt-27-tukki\/#local-main-organization-logo\"},\"image\":{\"@id\":\"https:\/\/odavprint.ee\/en\/product\/dymo-11354-s0722540-etiketi-rull-dore-analoog-komplekt-27-tukki\/#local-main-organization-logo\"},\"address\":{\"@id\":\"https:\/\/odavprint.ee\/en\/product\/dymo-11354-s0722540-etiketi-rull-dore-analoog-komplekt-27-tukki\/#local-main-place-address\"},\"geo\":{\"@type\":\"GeoCoordinates\",\"latitude\":\"59.4306504\",\"longitude\":\"24.8095743\"},\"telephone\":[\"53836926\"],\"openingHoursSpecification\":[{\"@type\":\"OpeningHoursSpecification\",\"dayOfWeek\":[\"Monday\",\"Tuesday\",\"Wednesday\",\"Thursday\",\"Friday\",\"Saturday\",\"Sunday\"],\"opens\":\"09:00\",\"closes\":\"17:00\"}],\"email\":\"info@odavprint.eu\"},{\"@type\":\"PostalAddress\",\"@id\":\"https:\/\/odavprint.ee\/en\/product\/dymo-11354-s0722540-etiketi-rull-dore-analoog-komplekt-27-tukki\/#local-main-place-address\",\"streetAddress\":\"Pae tn 28\",\"addressLocality\":\"Tallinn\",\"postalCode\":\"11415\",\"addressRegion\":\"Harjumaa\",\"addressCountry\":\"EE\"},{\"@type\":\"ImageObject\",\"inLanguage\":\"en-US\",\"@id\":\"https:\/\/odavprint.ee\/en\/product\/dymo-11354-s0722540-etiketi-rull-dore-analoog-komplekt-27-tukki\/#local-main-organization-logo\",\"url\":\"https:\/\/odavprint.ee\/wp-content\/uploads\/2018\/10\/odavprint-logo-240.jpg\",\"contentUrl\":\"https:\/\/odavprint.ee\/wp-content\/uploads\/2018\/10\/odavprint-logo-240.jpg\",\"width\":240,\"height\":36,\"caption\":\"Odav Print O\u00dc\"}]}<\/script>\n<meta property=\"product:price:amount\" content=\"232.75\" \/>\n<meta property=\"product:price:currency\" content=\"EUR\" \/>\n<meta property=\"og:availability\" content=\"out of stock\" \/>\n<meta property=\"product:availability\" content=\"out of stock\" \/>\n<meta property=\"product:condition\" content=\"new\" \/>\n<meta name=\"geo.placename\" content=\"Tallinn\" \/>\n<meta name=\"geo.position\" content=\"59.4306504;24.8095743\" \/>\n<meta name=\"geo.region\" content=\"Estonia\" \/>\n<!-- \/ Yoast SEO Premium plugin. -->","yoast_head_json":{"title":"Dymo 11354 S0722540 etiketi rull Dore analoog komplekt 27 t\u00fckki, hea hinnaga, osta e-pood - Odav Print","description":"Osta Dymo 11354 S0722540 etiketi rull Dore analoog komplekt 27 t\u00fckki Odav Print \u260e +372 5911 9495 \u2714\ufe0f Parim hind Dymo 11354 S0722540 etiketi rull Dore analoog komplekt 27 t\u00fckki jaoks \u26df Kiire kohaletoimetamine Eestis \u2b50 Garanteeritud","robots":{"index":"index","follow":"follow","max-snippet":"max-snippet:-1","max-image-preview":"max-image-preview:large","max-video-preview":"max-video-preview:-1"},"canonical":"https:\/\/odavprint.ee\/en\/product\/dymo-11354-s0722540-etiketi-rull-dore-analoog-komplekt-27-tukki\/","og_locale":"en_US","og_type":"article","og_title":"Dymo 11354 S0722540 etiketi rull Dore analoog komplekt 27 t\u00fckki","og_description":"Osta Dymo 11354 S0722540 etiketi rull Dore analoog komplekt 27 t\u00fckki Odav Print \u260e +372 5911 9495 \u2714\ufe0f Parim hind Dymo 11354 S0722540 etiketi rull Dore analoog komplekt 27 t\u00fckki jaoks \u26df Kiire kohaletoimetamine Eestis \u2b50 Garanteeritud","og_url":"https:\/\/odavprint.ee\/en\/product\/dymo-11354-s0722540-etiketi-rull-dore-analoog-komplekt-27-tukki\/","og_site_name":"Odav Print","article_modified_time":"2026-04-09T01:55:04+00:00","twitter_card":"summary_large_image","twitter_misc":{"Price":"&euro;232.75","Availability":"Out of stock"},"schema":{"@context":"https:\/\/schema.org","@graph":[{"@type":["WebPage","ItemPage"],"@id":"https:\/\/odavprint.ee\/en\/product\/dymo-11354-s0722540-etiketi-rull-dore-analoog-komplekt-27-tukki\/","url":"https:\/\/odavprint.ee\/en\/product\/dymo-11354-s0722540-etiketi-rull-dore-analoog-komplekt-27-tukki\/","name":"Dymo 11354 S0722540 etiketi rull Dore analoog komplekt 27 t\u00fckki, hea hinnaga, osta e-pood - Odav Print","isPartOf":{"@id":"https:\/\/odavprint.ee\/en\/#website"},"primaryImageOfPage":{"@id":"https:\/\/odavprint.ee\/en\/product\/dymo-11354-s0722540-etiketi-rull-dore-analoog-komplekt-27-tukki\/#primaryimage"},"image":{"@id":"https:\/\/odavprint.ee\/en\/product\/dymo-11354-s0722540-etiketi-rull-dore-analoog-komplekt-27-tukki\/#primaryimage"},"thumbnailUrl":"https:\/\/odavprint.ee\/wp-content\/uploads\/2026\/02\/dymo-11354-s0722540-label-roll-dore-compatible-set-27-pcs.jpg","datePublished":"2026-02-20T01:23:12+00:00","dateModified":"2026-04-09T01:55:04+00:00","description":"Osta Dymo 11354 S0722540 etiketi rull Dore analoog komplekt 27 t\u00fckki Odav Print \u260e +372 5911 9495 \u2714\ufe0f Parim hind Dymo 11354 S0722540 etiketi rull Dore analoog komplekt 27 t\u00fckki jaoks \u26df Kiire kohaletoimetamine Eestis \u2b50 Garanteeritud","breadcrumb":{"@id":"https:\/\/odavprint.ee\/en\/product\/dymo-11354-s0722540-etiketi-rull-dore-analoog-komplekt-27-tukki\/#breadcrumb"},"inLanguage":"en-US","potentialAction":[{"@type":"ReadAction","target":["https:\/\/odavprint.ee\/en\/product\/dymo-11354-s0722540-etiketi-rull-dore-analoog-komplekt-27-tukki\/"]}]},{"@type":"ImageObject","inLanguage":"en-US","@id":"https:\/\/odavprint.ee\/en\/product\/dymo-11354-s0722540-etiketi-rull-dore-analoog-komplekt-27-tukki\/#primaryimage","url":"https:\/\/odavprint.ee\/wp-content\/uploads\/2026\/02\/dymo-11354-s0722540-label-roll-dore-compatible-set-27-pcs.jpg","contentUrl":"https:\/\/odavprint.ee\/wp-content\/uploads\/2026\/02\/dymo-11354-s0722540-label-roll-dore-compatible-set-27-pcs.jpg","width":1200,"height":1200},{"@type":"BreadcrumbList","@id":"https:\/\/odavprint.ee\/en\/product\/dymo-11354-s0722540-etiketi-rull-dore-analoog-komplekt-27-tukki\/#breadcrumb","itemListElement":[{"@type":"ListItem","position":1,"name":"Home","item":"https:\/\/odavprint.ee\/en\/"},{"@type":"ListItem","position":2,"name":"Shop","item":"https:\/\/odavprint.ee\/en\/shop\/"},{"@type":"ListItem","position":3,"name":"Dymo 11354 S0722540 etiketi rull Dore analoog komplekt 27 t\u00fckki"}]},{"@type":"WebSite","@id":"https:\/\/odavprint.ee\/en\/#website","url":"https:\/\/odavprint.ee\/en\/","name":"Odav Print","description":"Just another WordPress site","publisher":{"@id":"https:\/\/odavprint.ee\/en\/#organization"},"alternateName":"Kassettide, toonerite t\u00e4itmine ja m\u00fc\u00fck.","potentialAction":[{"@type":"SearchAction","target":{"@type":"EntryPoint","urlTemplate":"https:\/\/odavprint.ee\/en\/?s={search_term_string}"},"query-input":"required name=search_term_string"}],"inLanguage":"en-US"},{"@type":["Organization","Place"],"@id":"https:\/\/odavprint.ee\/en\/#organization","name":"Odav Print O\u00dc","url":"https:\/\/odavprint.ee\/en\/","logo":{"@id":"https:\/\/odavprint.ee\/en\/product\/dymo-11354-s0722540-etiketi-rull-dore-analoog-komplekt-27-tukki\/#local-main-organization-logo"},"image":{"@id":"https:\/\/odavprint.ee\/en\/product\/dymo-11354-s0722540-etiketi-rull-dore-analoog-komplekt-27-tukki\/#local-main-organization-logo"},"address":{"@id":"https:\/\/odavprint.ee\/en\/product\/dymo-11354-s0722540-etiketi-rull-dore-analoog-komplekt-27-tukki\/#local-main-place-address"},"geo":{"@type":"GeoCoordinates","latitude":"59.4306504","longitude":"24.8095743"},"telephone":["53836926"],"openingHoursSpecification":[{"@type":"OpeningHoursSpecification","dayOfWeek":["Monday","Tuesday","Wednesday","Thursday","Friday","Saturday","Sunday"],"opens":"09:00","closes":"17:00"}],"email":"info@odavprint.eu"},{"@type":"PostalAddress","@id":"https:\/\/odavprint.ee\/en\/product\/dymo-11354-s0722540-etiketi-rull-dore-analoog-komplekt-27-tukki\/#local-main-place-address","streetAddress":"Pae tn 28","addressLocality":"Tallinn","postalCode":"11415","addressRegion":"Harjumaa","addressCountry":"EE"},{"@type":"ImageObject","inLanguage":"en-US","@id":"https:\/\/odavprint.ee\/en\/product\/dymo-11354-s0722540-etiketi-rull-dore-analoog-komplekt-27-tukki\/#local-main-organization-logo","url":"https:\/\/odavprint.ee\/wp-content\/uploads\/2018\/10\/odavprint-logo-240.jpg","contentUrl":"https:\/\/odavprint.ee\/wp-content\/uploads\/2018\/10\/odavprint-logo-240.jpg","width":240,"height":36,"caption":"Odav Print O\u00dc"}]},"product_price_amount":"232.75","product_price_currency":"EUR","og_availability":"out of stock","product_availability":"out of stock","product_condition":"new","geo.placename":"Tallinn","geo.position":{"lat":"59.4306504","long":"24.8095743"},"geo.region":"Estonia"},"_links":{"self":[{"href":"https:\/\/odavprint.ee\/en\/wp-json\/wp\/v2\/product\/219321"}],"collection":[{"href":"https:\/\/odavprint.ee\/en\/wp-json\/wp\/v2\/product"}],"about":[{"href":"https:\/\/odavprint.ee\/en\/wp-json\/wp\/v2\/types\/product"}],"wp:featuredmedia":[{"embeddable":true,"href":"https:\/\/odavprint.ee\/en\/wp-json\/wp\/v2\/media\/219322"}],"wp:attachment":[{"href":"https:\/\/odavprint.ee\/en\/wp-json\/wp\/v2\/media?parent=219321"}],"wp:term":[{"taxonomy":"product_cat","embeddable":true,"href":"https:\/\/odavprint.ee\/en\/wp-json\/wp\/v2\/product_cat?post=219321"},{"taxonomy":"product_tag","embeddable":true,"href":"https:\/\/odavprint.ee\/en\/wp-json\/wp\/v2\/product_tag?post=219321"}],"curies":[{"name":"wp","href":"https:\/\/api.w.org\/{rel}","templated":true}]}}