{"id":219533,"date":"2026-02-20T03:53:21","date_gmt":"2026-02-20T01:53:21","guid":{"rendered":"https:\/\/odavprint.ee\/?post_type=product&#038;p=219533"},"modified":"2026-05-09T04:49:04","modified_gmt":"2026-05-09T01:49:04","slug":"termilised-sildid-102mm-x-127mm-25-mm-rull-565-tk","status":"publish","type":"product","link":"https:\/\/odavprint.ee\/en\/product\/termilised-sildid-102mm-x-127mm-25-mm-rull-565-tk\/","title":{"rendered":"Termilised sildid 102mm x 127mm, 25 mm, rull 565 tk"},"content":{"rendered":"<p><strong>Printeritele:<\/strong><\/p>\n<p>Zebra GX420, Zebra GX430 ,Zebra GC420, Zebra ZD420D, Zebra A300, Zebra DA402, Zebra GK420D, Zebra ZT220, Zebra (T)LP 2742, Zebra Z4M Plus, Zebra ZT200, Zebra (T)LP 3842, Zebra ZT230, Zebra (T)LP 2844, Zebra GK420T, Zebra ZD220<\/p>\n<p><strong>M\u00f5\u00f5tmed: 102<\/strong><strong>x127mm, 565 silti, s\u00fcdamik &#8211; 25mm<\/strong><\/p>\n<p><strong>V\u00e4rv: valge<\/strong><\/p>\n","protected":false},"excerpt":{"rendered":"<p><strong>M\u00f5\u00f5tmed: 102<\/strong><strong>x127mm, 565 silti, s\u00fcdamik &#8211; 25mm<\/strong><\/p>\n<p><strong>V\u00e4rv: valge<\/strong><\/p>\n","protected":false},"featured_media":219534,"template":"","meta":{"inline_featured_image":false},"product_cat":[39148,39149,39152],"product_tag":[],"yoast_head":"<!-- This site is optimized with the Yoast SEO Premium plugin v23.0 (Yoast SEO v23.0) - https:\/\/yoast.com\/wordpress\/plugins\/seo\/ -->\n<title>Termilised sildid 102mm x 127mm, 25 mm, rull 565 tk, hea hinnaga, osta e-pood - Odav Print<\/title>\n<meta name=\"description\" content=\"Osta Termilised sildid 102mm x 127mm, 25 mm, rull 565 tk Odav Print \u260e +372 5911 9495 \u2714\ufe0f Parim hind Termilised sildid 102mm x 127mm, 25 mm, rull 565 tk jaoks \u26df Kiire kohaletoimetamine Eestis \u2b50 Garanteeritud\" \/>\n<meta name=\"robots\" content=\"index, follow, max-snippet:-1, max-image-preview:large, max-video-preview:-1\" \/>\n<link rel=\"canonical\" href=\"https:\/\/odavprint.ee\/en\/product\/termilised-sildid-102mm-x-127mm-25-mm-rull-565-tk\/\" \/>\n<meta property=\"og:locale\" content=\"en_US\" \/>\n<meta property=\"og:type\" content=\"article\" \/>\n<meta property=\"og:title\" content=\"Termilised sildid 102mm x 127mm, 25 mm, rull 565 tk\" \/>\n<meta property=\"og:description\" content=\"Osta Termilised sildid 102mm x 127mm, 25 mm, rull 565 tk Odav Print \u260e +372 5911 9495 \u2714\ufe0f Parim hind Termilised sildid 102mm x 127mm, 25 mm, rull 565 tk jaoks \u26df Kiire kohaletoimetamine Eestis \u2b50 Garanteeritud\" \/>\n<meta property=\"og:url\" content=\"https:\/\/odavprint.ee\/en\/product\/termilised-sildid-102mm-x-127mm-25-mm-rull-565-tk\/\" \/>\n<meta property=\"og:site_name\" content=\"Odav Print\" \/>\n<meta property=\"article:modified_time\" content=\"2026-05-09T01:49:04+00:00\" \/>\n<meta name=\"twitter:card\" content=\"summary_large_image\" \/>\n<meta name=\"twitter:label1\" content=\"Price\" \/>\n\t<meta name=\"twitter:data1\" content=\"&euro;13.16\" \/>\n\t<meta name=\"twitter:label2\" content=\"Availability\" \/>\n\t<meta name=\"twitter:data2\" content=\"In stock\" \/>\n<script type=\"application\/ld+json\" class=\"yoast-schema-graph\">{\"@context\":\"https:\/\/schema.org\",\"@graph\":[{\"@type\":[\"WebPage\",\"ItemPage\"],\"@id\":\"https:\/\/odavprint.ee\/en\/product\/termilised-sildid-102mm-x-127mm-25-mm-rull-565-tk\/\",\"url\":\"https:\/\/odavprint.ee\/en\/product\/termilised-sildid-102mm-x-127mm-25-mm-rull-565-tk\/\",\"name\":\"Termilised sildid 102mm x 127mm, 25 mm, rull 565 tk, hea hinnaga, osta e-pood - Odav Print\",\"isPartOf\":{\"@id\":\"https:\/\/odavprint.ee\/en\/#website\"},\"primaryImageOfPage\":{\"@id\":\"https:\/\/odavprint.ee\/en\/product\/termilised-sildid-102mm-x-127mm-25-mm-rull-565-tk\/#primaryimage\"},\"image\":{\"@id\":\"https:\/\/odavprint.ee\/en\/product\/termilised-sildid-102mm-x-127mm-25-mm-rull-565-tk\/#primaryimage\"},\"thumbnailUrl\":\"https:\/\/odavprint.ee\/wp-content\/uploads\/2026\/02\/thermal-labels-102mm-x-127mm-25-mm-565-pcs.jpg\",\"datePublished\":\"2026-02-20T01:53:21+00:00\",\"dateModified\":\"2026-05-09T01:49:04+00:00\",\"description\":\"Osta Termilised sildid 102mm x 127mm, 25 mm, rull 565 tk Odav Print \u260e +372 5911 9495 \u2714\ufe0f Parim hind Termilised sildid 102mm x 127mm, 25 mm, rull 565 tk jaoks \u26df Kiire kohaletoimetamine Eestis \u2b50 Garanteeritud\",\"breadcrumb\":{\"@id\":\"https:\/\/odavprint.ee\/en\/product\/termilised-sildid-102mm-x-127mm-25-mm-rull-565-tk\/#breadcrumb\"},\"inLanguage\":\"en-US\",\"potentialAction\":[{\"@type\":\"ReadAction\",\"target\":[\"https:\/\/odavprint.ee\/en\/product\/termilised-sildid-102mm-x-127mm-25-mm-rull-565-tk\/\"]}]},{\"@type\":\"ImageObject\",\"inLanguage\":\"en-US\",\"@id\":\"https:\/\/odavprint.ee\/en\/product\/termilised-sildid-102mm-x-127mm-25-mm-rull-565-tk\/#primaryimage\",\"url\":\"https:\/\/odavprint.ee\/wp-content\/uploads\/2026\/02\/thermal-labels-102mm-x-127mm-25-mm-565-pcs.jpg\",\"contentUrl\":\"https:\/\/odavprint.ee\/wp-content\/uploads\/2026\/02\/thermal-labels-102mm-x-127mm-25-mm-565-pcs.jpg\",\"width\":1000,\"height\":1000},{\"@type\":\"BreadcrumbList\",\"@id\":\"https:\/\/odavprint.ee\/en\/product\/termilised-sildid-102mm-x-127mm-25-mm-rull-565-tk\/#breadcrumb\",\"itemListElement\":[{\"@type\":\"ListItem\",\"position\":1,\"name\":\"Home\",\"item\":\"https:\/\/odavprint.ee\/en\/\"},{\"@type\":\"ListItem\",\"position\":2,\"name\":\"Shop\",\"item\":\"https:\/\/odavprint.ee\/en\/shop\/\"},{\"@type\":\"ListItem\",\"position\":3,\"name\":\"Termilised sildid 102mm x 127mm, 25 mm, rull 565 tk\"}]},{\"@type\":\"WebSite\",\"@id\":\"https:\/\/odavprint.ee\/en\/#website\",\"url\":\"https:\/\/odavprint.ee\/en\/\",\"name\":\"Odav Print\",\"description\":\"Just another WordPress site\",\"publisher\":{\"@id\":\"https:\/\/odavprint.ee\/en\/#organization\"},\"alternateName\":\"Kassettide, toonerite t\u00e4itmine ja m\u00fc\u00fck.\",\"potentialAction\":[{\"@type\":\"SearchAction\",\"target\":{\"@type\":\"EntryPoint\",\"urlTemplate\":\"https:\/\/odavprint.ee\/en\/?s={search_term_string}\"},\"query-input\":\"required name=search_term_string\"}],\"inLanguage\":\"en-US\"},{\"@type\":[\"Organization\",\"Place\"],\"@id\":\"https:\/\/odavprint.ee\/en\/#organization\",\"name\":\"Odav Print O\u00dc\",\"url\":\"https:\/\/odavprint.ee\/en\/\",\"logo\":{\"@id\":\"https:\/\/odavprint.ee\/en\/product\/termilised-sildid-102mm-x-127mm-25-mm-rull-565-tk\/#local-main-organization-logo\"},\"image\":{\"@id\":\"https:\/\/odavprint.ee\/en\/product\/termilised-sildid-102mm-x-127mm-25-mm-rull-565-tk\/#local-main-organization-logo\"},\"address\":{\"@id\":\"https:\/\/odavprint.ee\/en\/product\/termilised-sildid-102mm-x-127mm-25-mm-rull-565-tk\/#local-main-place-address\"},\"geo\":{\"@type\":\"GeoCoordinates\",\"latitude\":\"59.4306504\",\"longitude\":\"24.8095743\"},\"telephone\":[\"53836926\"],\"openingHoursSpecification\":[{\"@type\":\"OpeningHoursSpecification\",\"dayOfWeek\":[\"Monday\",\"Tuesday\",\"Wednesday\",\"Thursday\",\"Friday\",\"Saturday\",\"Sunday\"],\"opens\":\"09:00\",\"closes\":\"17:00\"}],\"email\":\"info@odavprint.eu\"},{\"@type\":\"PostalAddress\",\"@id\":\"https:\/\/odavprint.ee\/en\/product\/termilised-sildid-102mm-x-127mm-25-mm-rull-565-tk\/#local-main-place-address\",\"streetAddress\":\"Pae tn 28\",\"addressLocality\":\"Tallinn\",\"postalCode\":\"11415\",\"addressRegion\":\"Harjumaa\",\"addressCountry\":\"EE\"},{\"@type\":\"ImageObject\",\"inLanguage\":\"en-US\",\"@id\":\"https:\/\/odavprint.ee\/en\/product\/termilised-sildid-102mm-x-127mm-25-mm-rull-565-tk\/#local-main-organization-logo\",\"url\":\"https:\/\/odavprint.ee\/wp-content\/uploads\/2018\/10\/odavprint-logo-240.jpg\",\"contentUrl\":\"https:\/\/odavprint.ee\/wp-content\/uploads\/2018\/10\/odavprint-logo-240.jpg\",\"width\":240,\"height\":36,\"caption\":\"Odav Print O\u00dc\"}]}<\/script>\n<meta property=\"product:price:amount\" content=\"13.16\" \/>\n<meta property=\"product:price:currency\" content=\"EUR\" \/>\n<meta property=\"og:availability\" content=\"instock\" \/>\n<meta property=\"product:availability\" content=\"instock\" \/>\n<meta property=\"product:condition\" content=\"new\" \/>\n<meta name=\"geo.placename\" content=\"Tallinn\" \/>\n<meta name=\"geo.position\" content=\"59.4306504;24.8095743\" \/>\n<meta name=\"geo.region\" content=\"Estonia\" \/>\n<!-- \/ Yoast SEO Premium plugin. -->","yoast_head_json":{"title":"Termilised sildid 102mm x 127mm, 25 mm, rull 565 tk, hea hinnaga, osta e-pood - Odav Print","description":"Osta Termilised sildid 102mm x 127mm, 25 mm, rull 565 tk Odav Print \u260e +372 5911 9495 \u2714\ufe0f Parim hind Termilised sildid 102mm x 127mm, 25 mm, rull 565 tk jaoks \u26df Kiire kohaletoimetamine Eestis \u2b50 Garanteeritud","robots":{"index":"index","follow":"follow","max-snippet":"max-snippet:-1","max-image-preview":"max-image-preview:large","max-video-preview":"max-video-preview:-1"},"canonical":"https:\/\/odavprint.ee\/en\/product\/termilised-sildid-102mm-x-127mm-25-mm-rull-565-tk\/","og_locale":"en_US","og_type":"article","og_title":"Termilised sildid 102mm x 127mm, 25 mm, rull 565 tk","og_description":"Osta Termilised sildid 102mm x 127mm, 25 mm, rull 565 tk Odav Print \u260e +372 5911 9495 \u2714\ufe0f Parim hind Termilised sildid 102mm x 127mm, 25 mm, rull 565 tk jaoks \u26df Kiire kohaletoimetamine Eestis \u2b50 Garanteeritud","og_url":"https:\/\/odavprint.ee\/en\/product\/termilised-sildid-102mm-x-127mm-25-mm-rull-565-tk\/","og_site_name":"Odav Print","article_modified_time":"2026-05-09T01:49:04+00:00","twitter_card":"summary_large_image","twitter_misc":{"Price":"&euro;13.16","Availability":"In stock"},"schema":{"@context":"https:\/\/schema.org","@graph":[{"@type":["WebPage","ItemPage"],"@id":"https:\/\/odavprint.ee\/en\/product\/termilised-sildid-102mm-x-127mm-25-mm-rull-565-tk\/","url":"https:\/\/odavprint.ee\/en\/product\/termilised-sildid-102mm-x-127mm-25-mm-rull-565-tk\/","name":"Termilised sildid 102mm x 127mm, 25 mm, rull 565 tk, hea hinnaga, osta e-pood - Odav Print","isPartOf":{"@id":"https:\/\/odavprint.ee\/en\/#website"},"primaryImageOfPage":{"@id":"https:\/\/odavprint.ee\/en\/product\/termilised-sildid-102mm-x-127mm-25-mm-rull-565-tk\/#primaryimage"},"image":{"@id":"https:\/\/odavprint.ee\/en\/product\/termilised-sildid-102mm-x-127mm-25-mm-rull-565-tk\/#primaryimage"},"thumbnailUrl":"https:\/\/odavprint.ee\/wp-content\/uploads\/2026\/02\/thermal-labels-102mm-x-127mm-25-mm-565-pcs.jpg","datePublished":"2026-02-20T01:53:21+00:00","dateModified":"2026-05-09T01:49:04+00:00","description":"Osta Termilised sildid 102mm x 127mm, 25 mm, rull 565 tk Odav Print \u260e +372 5911 9495 \u2714\ufe0f Parim hind Termilised sildid 102mm x 127mm, 25 mm, rull 565 tk jaoks \u26df Kiire kohaletoimetamine Eestis \u2b50 Garanteeritud","breadcrumb":{"@id":"https:\/\/odavprint.ee\/en\/product\/termilised-sildid-102mm-x-127mm-25-mm-rull-565-tk\/#breadcrumb"},"inLanguage":"en-US","potentialAction":[{"@type":"ReadAction","target":["https:\/\/odavprint.ee\/en\/product\/termilised-sildid-102mm-x-127mm-25-mm-rull-565-tk\/"]}]},{"@type":"ImageObject","inLanguage":"en-US","@id":"https:\/\/odavprint.ee\/en\/product\/termilised-sildid-102mm-x-127mm-25-mm-rull-565-tk\/#primaryimage","url":"https:\/\/odavprint.ee\/wp-content\/uploads\/2026\/02\/thermal-labels-102mm-x-127mm-25-mm-565-pcs.jpg","contentUrl":"https:\/\/odavprint.ee\/wp-content\/uploads\/2026\/02\/thermal-labels-102mm-x-127mm-25-mm-565-pcs.jpg","width":1000,"height":1000},{"@type":"BreadcrumbList","@id":"https:\/\/odavprint.ee\/en\/product\/termilised-sildid-102mm-x-127mm-25-mm-rull-565-tk\/#breadcrumb","itemListElement":[{"@type":"ListItem","position":1,"name":"Home","item":"https:\/\/odavprint.ee\/en\/"},{"@type":"ListItem","position":2,"name":"Shop","item":"https:\/\/odavprint.ee\/en\/shop\/"},{"@type":"ListItem","position":3,"name":"Termilised sildid 102mm x 127mm, 25 mm, rull 565 tk"}]},{"@type":"WebSite","@id":"https:\/\/odavprint.ee\/en\/#website","url":"https:\/\/odavprint.ee\/en\/","name":"Odav Print","description":"Just another WordPress site","publisher":{"@id":"https:\/\/odavprint.ee\/en\/#organization"},"alternateName":"Kassettide, toonerite t\u00e4itmine ja m\u00fc\u00fck.","potentialAction":[{"@type":"SearchAction","target":{"@type":"EntryPoint","urlTemplate":"https:\/\/odavprint.ee\/en\/?s={search_term_string}"},"query-input":"required name=search_term_string"}],"inLanguage":"en-US"},{"@type":["Organization","Place"],"@id":"https:\/\/odavprint.ee\/en\/#organization","name":"Odav Print O\u00dc","url":"https:\/\/odavprint.ee\/en\/","logo":{"@id":"https:\/\/odavprint.ee\/en\/product\/termilised-sildid-102mm-x-127mm-25-mm-rull-565-tk\/#local-main-organization-logo"},"image":{"@id":"https:\/\/odavprint.ee\/en\/product\/termilised-sildid-102mm-x-127mm-25-mm-rull-565-tk\/#local-main-organization-logo"},"address":{"@id":"https:\/\/odavprint.ee\/en\/product\/termilised-sildid-102mm-x-127mm-25-mm-rull-565-tk\/#local-main-place-address"},"geo":{"@type":"GeoCoordinates","latitude":"59.4306504","longitude":"24.8095743"},"telephone":["53836926"],"openingHoursSpecification":[{"@type":"OpeningHoursSpecification","dayOfWeek":["Monday","Tuesday","Wednesday","Thursday","Friday","Saturday","Sunday"],"opens":"09:00","closes":"17:00"}],"email":"info@odavprint.eu"},{"@type":"PostalAddress","@id":"https:\/\/odavprint.ee\/en\/product\/termilised-sildid-102mm-x-127mm-25-mm-rull-565-tk\/#local-main-place-address","streetAddress":"Pae tn 28","addressLocality":"Tallinn","postalCode":"11415","addressRegion":"Harjumaa","addressCountry":"EE"},{"@type":"ImageObject","inLanguage":"en-US","@id":"https:\/\/odavprint.ee\/en\/product\/termilised-sildid-102mm-x-127mm-25-mm-rull-565-tk\/#local-main-organization-logo","url":"https:\/\/odavprint.ee\/wp-content\/uploads\/2018\/10\/odavprint-logo-240.jpg","contentUrl":"https:\/\/odavprint.ee\/wp-content\/uploads\/2018\/10\/odavprint-logo-240.jpg","width":240,"height":36,"caption":"Odav Print O\u00dc"}]},"product_price_amount":"13.16","product_price_currency":"EUR","og_availability":"instock","product_availability":"instock","product_condition":"new","geo.placename":"Tallinn","geo.position":{"lat":"59.4306504","long":"24.8095743"},"geo.region":"Estonia"},"_links":{"self":[{"href":"https:\/\/odavprint.ee\/en\/wp-json\/wp\/v2\/product\/219533"}],"collection":[{"href":"https:\/\/odavprint.ee\/en\/wp-json\/wp\/v2\/product"}],"about":[{"href":"https:\/\/odavprint.ee\/en\/wp-json\/wp\/v2\/types\/product"}],"wp:featuredmedia":[{"embeddable":true,"href":"https:\/\/odavprint.ee\/en\/wp-json\/wp\/v2\/media\/219534"}],"wp:attachment":[{"href":"https:\/\/odavprint.ee\/en\/wp-json\/wp\/v2\/media?parent=219533"}],"wp:term":[{"taxonomy":"product_cat","embeddable":true,"href":"https:\/\/odavprint.ee\/en\/wp-json\/wp\/v2\/product_cat?post=219533"},{"taxonomy":"product_tag","embeddable":true,"href":"https:\/\/odavprint.ee\/en\/wp-json\/wp\/v2\/product_tag?post=219533"}],"curies":[{"name":"wp","href":"https:\/\/api.w.org\/{rel}","templated":true}]}}