{"id":219713,"date":"2026-02-20T04:23:06","date_gmt":"2026-02-20T02:23:06","guid":{"rendered":"https:\/\/odavprint.ee\/?post_type=product&#038;p=219713"},"modified":"2026-03-02T18:18:34","modified_gmt":"2026-03-02T16:18:34","slug":"godex-gwr765-premium-wax-resin-60mm-x-300m-254-sudamikuga-cso","status":"publish","type":"product","link":"https:\/\/odavprint.ee\/en\/product\/godex-gwr765-premium-wax-resin-60mm-x-300m-254-sudamikuga-cso\/","title":{"rendered":"Godex GWR765 premium Wax-Resin 60mm x 300m 25,4 s\u00fcdamikuga CSO"},"content":{"rendered":"<p><b>GODEX Premium soojus\u00fclekande lint GWR765 vaha-vaik<\/b><\/p>\n<p>Premium soojus\u00fclekande lint GWR765 vaha-vaik, m\u00f5\u00f5tmetega 60 mm laiust ja 300 m pikkust 1-tollisel s\u00fcdamikul (CSO), on loodud t\u00f6\u00f6stuslikeks rakendusteks, mis n\u00f5uavad suurt j\u00f5udlust ja vastupidavust. Iga karp sisaldab 16 rulli. Lint pakub erakordset vastupidavust m\u00e4\u00e4rdumisele, kriimustustele ja pleekimisele, tagades tr\u00fckiste pikaajalise loetavuse ka rasketes t\u00f6\u00f6stuslikes tingimustes. See sobib ideaalselt v\u00f6\u00f6tkoodide, logode ja teksti printimiseks erinevatele materjalidele, sealhulgas paber- ja s\u00fcnteetilistele etikettidele. Sobib tootmisesse, autot\u00f6\u00f6stusesse ja laondusse.<\/p>\n","protected":false},"excerpt":{"rendered":"<p>GODEX Premium soojus\u00fclekande lint GWR765 vaha-vaik Premium soojus\u00fclekande lint GWR765 vaha-vaik, m\u00f5\u00f5tmetega 60 mm laiust ja 300 m pikkust 1-tollisel s\u00fcdamikul (CSO), on loodud t\u00f6\u00f6stuslikeks rakendusteks, mis n\u00f5uavad suurt j\u00f5udlust ja vastupidavust. Iga karp sisaldab 16 rulli. Lint pakub erakordset vastupidavust m\u00e4\u00e4rdumisele, kriimustustele ja pleekimisele, tagades tr\u00fckiste pikaajalise loetavuse ka rasketes t\u00f6\u00f6stuslikes tingimustes. See sobib [&#8230;]\n","protected":false},"featured_media":219714,"template":"","meta":{"inline_featured_image":false},"product_cat":[39148,39162],"product_tag":[],"yoast_head":"<!-- This site is optimized with the Yoast SEO Premium plugin v23.0 (Yoast SEO v23.0) - https:\/\/yoast.com\/wordpress\/plugins\/seo\/ -->\n<title>Godex GWR765 premium Wax-Resin 60mm x 300m 25,4 s\u00fcdamikuga CSO, hea hinnaga, osta e-pood - Odav Print<\/title>\n<meta name=\"description\" content=\"Osta Godex GWR765 premium Wax-Resin 60mm x 300m 25,4 s\u00fcdamikuga CSO Odav Print \u260e +372 5911 9495 \u2714\ufe0f Parim hind Godex GWR765 premium Wax-Resin 60mm x 300m 25,4 s\u00fcdamikuga CSO jaoks \u26df Kiire kohaletoimetamine Eestis \u2b50 Garanteeritud\" \/>\n<meta name=\"robots\" content=\"index, follow, max-snippet:-1, max-image-preview:large, max-video-preview:-1\" \/>\n<link rel=\"canonical\" href=\"https:\/\/odavprint.ee\/en\/product\/godex-gwr765-premium-wax-resin-60mm-x-300m-254-sudamikuga-cso\/\" \/>\n<meta property=\"og:locale\" content=\"en_US\" \/>\n<meta property=\"og:type\" content=\"article\" \/>\n<meta property=\"og:title\" content=\"Godex GWR765 premium Wax-Resin 60mm x 300m 25,4 s\u00fcdamikuga CSO\" \/>\n<meta property=\"og:description\" content=\"Osta Godex GWR765 premium Wax-Resin 60mm x 300m 25,4 s\u00fcdamikuga CSO Odav Print \u260e +372 5911 9495 \u2714\ufe0f Parim hind Godex GWR765 premium Wax-Resin 60mm x 300m 25,4 s\u00fcdamikuga CSO jaoks \u26df Kiire kohaletoimetamine Eestis \u2b50 Garanteeritud\" \/>\n<meta property=\"og:url\" content=\"https:\/\/odavprint.ee\/en\/product\/godex-gwr765-premium-wax-resin-60mm-x-300m-254-sudamikuga-cso\/\" \/>\n<meta property=\"og:site_name\" content=\"Odav Print\" \/>\n<meta property=\"article:modified_time\" content=\"2026-03-02T16:18:34+00:00\" \/>\n<meta name=\"twitter:card\" content=\"summary_large_image\" \/>\n<meta name=\"twitter:label1\" content=\"Price\" \/>\n\t<meta name=\"twitter:data1\" content=\"&euro;12.04\" \/>\n\t<meta name=\"twitter:label2\" content=\"Availability\" \/>\n\t<meta name=\"twitter:data2\" content=\"In stock\" \/>\n<script type=\"application\/ld+json\" class=\"yoast-schema-graph\">{\"@context\":\"https:\/\/schema.org\",\"@graph\":[{\"@type\":[\"WebPage\",\"ItemPage\"],\"@id\":\"https:\/\/odavprint.ee\/en\/product\/godex-gwr765-premium-wax-resin-60mm-x-300m-254-sudamikuga-cso\/\",\"url\":\"https:\/\/odavprint.ee\/en\/product\/godex-gwr765-premium-wax-resin-60mm-x-300m-254-sudamikuga-cso\/\",\"name\":\"Godex GWR765 premium Wax-Resin 60mm x 300m 25,4 s\u00fcdamikuga CSO, hea hinnaga, osta e-pood - Odav Print\",\"isPartOf\":{\"@id\":\"https:\/\/odavprint.ee\/en\/#website\"},\"primaryImageOfPage\":{\"@id\":\"https:\/\/odavprint.ee\/en\/product\/godex-gwr765-premium-wax-resin-60mm-x-300m-254-sudamikuga-cso\/#primaryimage\"},\"image\":{\"@id\":\"https:\/\/odavprint.ee\/en\/product\/godex-gwr765-premium-wax-resin-60mm-x-300m-254-sudamikuga-cso\/#primaryimage\"},\"thumbnailUrl\":\"https:\/\/odavprint.ee\/wp-content\/uploads\/2026\/02\/gwr765-premium-wax-resin-60mm-300m-1core-cso.jpg\",\"datePublished\":\"2026-02-20T02:23:06+00:00\",\"dateModified\":\"2026-03-02T16:18:34+00:00\",\"description\":\"Osta Godex GWR765 premium Wax-Resin 60mm x 300m 25,4 s\u00fcdamikuga CSO Odav Print \u260e +372 5911 9495 \u2714\ufe0f Parim hind Godex GWR765 premium Wax-Resin 60mm x 300m 25,4 s\u00fcdamikuga CSO jaoks \u26df Kiire kohaletoimetamine Eestis \u2b50 Garanteeritud\",\"breadcrumb\":{\"@id\":\"https:\/\/odavprint.ee\/en\/product\/godex-gwr765-premium-wax-resin-60mm-x-300m-254-sudamikuga-cso\/#breadcrumb\"},\"inLanguage\":\"en-US\",\"potentialAction\":[{\"@type\":\"ReadAction\",\"target\":[\"https:\/\/odavprint.ee\/en\/product\/godex-gwr765-premium-wax-resin-60mm-x-300m-254-sudamikuga-cso\/\"]}]},{\"@type\":\"ImageObject\",\"inLanguage\":\"en-US\",\"@id\":\"https:\/\/odavprint.ee\/en\/product\/godex-gwr765-premium-wax-resin-60mm-x-300m-254-sudamikuga-cso\/#primaryimage\",\"url\":\"https:\/\/odavprint.ee\/wp-content\/uploads\/2026\/02\/gwr765-premium-wax-resin-60mm-300m-1core-cso.jpg\",\"contentUrl\":\"https:\/\/odavprint.ee\/wp-content\/uploads\/2026\/02\/gwr765-premium-wax-resin-60mm-300m-1core-cso.jpg\",\"width\":2500,\"height\":2500},{\"@type\":\"BreadcrumbList\",\"@id\":\"https:\/\/odavprint.ee\/en\/product\/godex-gwr765-premium-wax-resin-60mm-x-300m-254-sudamikuga-cso\/#breadcrumb\",\"itemListElement\":[{\"@type\":\"ListItem\",\"position\":1,\"name\":\"Home\",\"item\":\"https:\/\/odavprint.ee\/en\/\"},{\"@type\":\"ListItem\",\"position\":2,\"name\":\"Shop\",\"item\":\"https:\/\/odavprint.ee\/en\/shop\/\"},{\"@type\":\"ListItem\",\"position\":3,\"name\":\"Godex GWR765 premium Wax-Resin 60mm x 300m 25,4 s\u00fcdamikuga CSO\"}]},{\"@type\":\"WebSite\",\"@id\":\"https:\/\/odavprint.ee\/en\/#website\",\"url\":\"https:\/\/odavprint.ee\/en\/\",\"name\":\"Odav Print\",\"description\":\"Just another WordPress site\",\"publisher\":{\"@id\":\"https:\/\/odavprint.ee\/en\/#organization\"},\"alternateName\":\"Kassettide, toonerite t\u00e4itmine ja m\u00fc\u00fck.\",\"potentialAction\":[{\"@type\":\"SearchAction\",\"target\":{\"@type\":\"EntryPoint\",\"urlTemplate\":\"https:\/\/odavprint.ee\/en\/?s={search_term_string}\"},\"query-input\":\"required name=search_term_string\"}],\"inLanguage\":\"en-US\"},{\"@type\":[\"Organization\",\"Place\"],\"@id\":\"https:\/\/odavprint.ee\/en\/#organization\",\"name\":\"Odav Print O\u00dc\",\"url\":\"https:\/\/odavprint.ee\/en\/\",\"logo\":{\"@id\":\"https:\/\/odavprint.ee\/en\/product\/godex-gwr765-premium-wax-resin-60mm-x-300m-254-sudamikuga-cso\/#local-main-organization-logo\"},\"image\":{\"@id\":\"https:\/\/odavprint.ee\/en\/product\/godex-gwr765-premium-wax-resin-60mm-x-300m-254-sudamikuga-cso\/#local-main-organization-logo\"},\"address\":{\"@id\":\"https:\/\/odavprint.ee\/en\/product\/godex-gwr765-premium-wax-resin-60mm-x-300m-254-sudamikuga-cso\/#local-main-place-address\"},\"geo\":{\"@type\":\"GeoCoordinates\",\"latitude\":\"59.4306504\",\"longitude\":\"24.8095743\"},\"telephone\":[\"53836926\"],\"openingHoursSpecification\":[{\"@type\":\"OpeningHoursSpecification\",\"dayOfWeek\":[\"Monday\",\"Tuesday\",\"Wednesday\",\"Thursday\",\"Friday\",\"Saturday\",\"Sunday\"],\"opens\":\"09:00\",\"closes\":\"17:00\"}],\"email\":\"info@odavprint.eu\"},{\"@type\":\"PostalAddress\",\"@id\":\"https:\/\/odavprint.ee\/en\/product\/godex-gwr765-premium-wax-resin-60mm-x-300m-254-sudamikuga-cso\/#local-main-place-address\",\"streetAddress\":\"Pae tn 28\",\"addressLocality\":\"Tallinn\",\"postalCode\":\"11415\",\"addressRegion\":\"Harjumaa\",\"addressCountry\":\"EE\"},{\"@type\":\"ImageObject\",\"inLanguage\":\"en-US\",\"@id\":\"https:\/\/odavprint.ee\/en\/product\/godex-gwr765-premium-wax-resin-60mm-x-300m-254-sudamikuga-cso\/#local-main-organization-logo\",\"url\":\"https:\/\/odavprint.ee\/wp-content\/uploads\/2018\/10\/odavprint-logo-240.jpg\",\"contentUrl\":\"https:\/\/odavprint.ee\/wp-content\/uploads\/2018\/10\/odavprint-logo-240.jpg\",\"width\":240,\"height\":36,\"caption\":\"Odav Print O\u00dc\"}]}<\/script>\n<meta property=\"product:price:amount\" content=\"12.04\" \/>\n<meta property=\"product:price:currency\" content=\"EUR\" \/>\n<meta property=\"og:availability\" content=\"instock\" \/>\n<meta property=\"product:availability\" content=\"instock\" \/>\n<meta property=\"product:condition\" content=\"new\" \/>\n<meta name=\"geo.placename\" content=\"Tallinn\" \/>\n<meta name=\"geo.position\" content=\"59.4306504;24.8095743\" \/>\n<meta name=\"geo.region\" content=\"Estonia\" \/>\n<!-- \/ Yoast SEO Premium plugin. -->","yoast_head_json":{"title":"Godex GWR765 premium Wax-Resin 60mm x 300m 25,4 s\u00fcdamikuga CSO, hea hinnaga, osta e-pood - Odav Print","description":"Osta Godex GWR765 premium Wax-Resin 60mm x 300m 25,4 s\u00fcdamikuga CSO Odav Print \u260e +372 5911 9495 \u2714\ufe0f Parim hind Godex GWR765 premium Wax-Resin 60mm x 300m 25,4 s\u00fcdamikuga CSO jaoks \u26df Kiire kohaletoimetamine Eestis \u2b50 Garanteeritud","robots":{"index":"index","follow":"follow","max-snippet":"max-snippet:-1","max-image-preview":"max-image-preview:large","max-video-preview":"max-video-preview:-1"},"canonical":"https:\/\/odavprint.ee\/en\/product\/godex-gwr765-premium-wax-resin-60mm-x-300m-254-sudamikuga-cso\/","og_locale":"en_US","og_type":"article","og_title":"Godex GWR765 premium Wax-Resin 60mm x 300m 25,4 s\u00fcdamikuga CSO","og_description":"Osta Godex GWR765 premium Wax-Resin 60mm x 300m 25,4 s\u00fcdamikuga CSO Odav Print \u260e +372 5911 9495 \u2714\ufe0f Parim hind Godex GWR765 premium Wax-Resin 60mm x 300m 25,4 s\u00fcdamikuga CSO jaoks \u26df Kiire kohaletoimetamine Eestis \u2b50 Garanteeritud","og_url":"https:\/\/odavprint.ee\/en\/product\/godex-gwr765-premium-wax-resin-60mm-x-300m-254-sudamikuga-cso\/","og_site_name":"Odav Print","article_modified_time":"2026-03-02T16:18:34+00:00","twitter_card":"summary_large_image","twitter_misc":{"Price":"&euro;12.04","Availability":"In stock"},"schema":{"@context":"https:\/\/schema.org","@graph":[{"@type":["WebPage","ItemPage"],"@id":"https:\/\/odavprint.ee\/en\/product\/godex-gwr765-premium-wax-resin-60mm-x-300m-254-sudamikuga-cso\/","url":"https:\/\/odavprint.ee\/en\/product\/godex-gwr765-premium-wax-resin-60mm-x-300m-254-sudamikuga-cso\/","name":"Godex GWR765 premium Wax-Resin 60mm x 300m 25,4 s\u00fcdamikuga CSO, hea hinnaga, osta e-pood - Odav Print","isPartOf":{"@id":"https:\/\/odavprint.ee\/en\/#website"},"primaryImageOfPage":{"@id":"https:\/\/odavprint.ee\/en\/product\/godex-gwr765-premium-wax-resin-60mm-x-300m-254-sudamikuga-cso\/#primaryimage"},"image":{"@id":"https:\/\/odavprint.ee\/en\/product\/godex-gwr765-premium-wax-resin-60mm-x-300m-254-sudamikuga-cso\/#primaryimage"},"thumbnailUrl":"https:\/\/odavprint.ee\/wp-content\/uploads\/2026\/02\/gwr765-premium-wax-resin-60mm-300m-1core-cso.jpg","datePublished":"2026-02-20T02:23:06+00:00","dateModified":"2026-03-02T16:18:34+00:00","description":"Osta Godex GWR765 premium Wax-Resin 60mm x 300m 25,4 s\u00fcdamikuga CSO Odav Print \u260e +372 5911 9495 \u2714\ufe0f Parim hind Godex GWR765 premium Wax-Resin 60mm x 300m 25,4 s\u00fcdamikuga CSO jaoks \u26df Kiire kohaletoimetamine Eestis \u2b50 Garanteeritud","breadcrumb":{"@id":"https:\/\/odavprint.ee\/en\/product\/godex-gwr765-premium-wax-resin-60mm-x-300m-254-sudamikuga-cso\/#breadcrumb"},"inLanguage":"en-US","potentialAction":[{"@type":"ReadAction","target":["https:\/\/odavprint.ee\/en\/product\/godex-gwr765-premium-wax-resin-60mm-x-300m-254-sudamikuga-cso\/"]}]},{"@type":"ImageObject","inLanguage":"en-US","@id":"https:\/\/odavprint.ee\/en\/product\/godex-gwr765-premium-wax-resin-60mm-x-300m-254-sudamikuga-cso\/#primaryimage","url":"https:\/\/odavprint.ee\/wp-content\/uploads\/2026\/02\/gwr765-premium-wax-resin-60mm-300m-1core-cso.jpg","contentUrl":"https:\/\/odavprint.ee\/wp-content\/uploads\/2026\/02\/gwr765-premium-wax-resin-60mm-300m-1core-cso.jpg","width":2500,"height":2500},{"@type":"BreadcrumbList","@id":"https:\/\/odavprint.ee\/en\/product\/godex-gwr765-premium-wax-resin-60mm-x-300m-254-sudamikuga-cso\/#breadcrumb","itemListElement":[{"@type":"ListItem","position":1,"name":"Home","item":"https:\/\/odavprint.ee\/en\/"},{"@type":"ListItem","position":2,"name":"Shop","item":"https:\/\/odavprint.ee\/en\/shop\/"},{"@type":"ListItem","position":3,"name":"Godex GWR765 premium Wax-Resin 60mm x 300m 25,4 s\u00fcdamikuga CSO"}]},{"@type":"WebSite","@id":"https:\/\/odavprint.ee\/en\/#website","url":"https:\/\/odavprint.ee\/en\/","name":"Odav Print","description":"Just another WordPress site","publisher":{"@id":"https:\/\/odavprint.ee\/en\/#organization"},"alternateName":"Kassettide, toonerite t\u00e4itmine ja m\u00fc\u00fck.","potentialAction":[{"@type":"SearchAction","target":{"@type":"EntryPoint","urlTemplate":"https:\/\/odavprint.ee\/en\/?s={search_term_string}"},"query-input":"required name=search_term_string"}],"inLanguage":"en-US"},{"@type":["Organization","Place"],"@id":"https:\/\/odavprint.ee\/en\/#organization","name":"Odav Print O\u00dc","url":"https:\/\/odavprint.ee\/en\/","logo":{"@id":"https:\/\/odavprint.ee\/en\/product\/godex-gwr765-premium-wax-resin-60mm-x-300m-254-sudamikuga-cso\/#local-main-organization-logo"},"image":{"@id":"https:\/\/odavprint.ee\/en\/product\/godex-gwr765-premium-wax-resin-60mm-x-300m-254-sudamikuga-cso\/#local-main-organization-logo"},"address":{"@id":"https:\/\/odavprint.ee\/en\/product\/godex-gwr765-premium-wax-resin-60mm-x-300m-254-sudamikuga-cso\/#local-main-place-address"},"geo":{"@type":"GeoCoordinates","latitude":"59.4306504","longitude":"24.8095743"},"telephone":["53836926"],"openingHoursSpecification":[{"@type":"OpeningHoursSpecification","dayOfWeek":["Monday","Tuesday","Wednesday","Thursday","Friday","Saturday","Sunday"],"opens":"09:00","closes":"17:00"}],"email":"info@odavprint.eu"},{"@type":"PostalAddress","@id":"https:\/\/odavprint.ee\/en\/product\/godex-gwr765-premium-wax-resin-60mm-x-300m-254-sudamikuga-cso\/#local-main-place-address","streetAddress":"Pae tn 28","addressLocality":"Tallinn","postalCode":"11415","addressRegion":"Harjumaa","addressCountry":"EE"},{"@type":"ImageObject","inLanguage":"en-US","@id":"https:\/\/odavprint.ee\/en\/product\/godex-gwr765-premium-wax-resin-60mm-x-300m-254-sudamikuga-cso\/#local-main-organization-logo","url":"https:\/\/odavprint.ee\/wp-content\/uploads\/2018\/10\/odavprint-logo-240.jpg","contentUrl":"https:\/\/odavprint.ee\/wp-content\/uploads\/2018\/10\/odavprint-logo-240.jpg","width":240,"height":36,"caption":"Odav Print O\u00dc"}]},"product_price_amount":"12.04","product_price_currency":"EUR","og_availability":"instock","product_availability":"instock","product_condition":"new","geo.placename":"Tallinn","geo.position":{"lat":"59.4306504","long":"24.8095743"},"geo.region":"Estonia"},"_links":{"self":[{"href":"https:\/\/odavprint.ee\/en\/wp-json\/wp\/v2\/product\/219713"}],"collection":[{"href":"https:\/\/odavprint.ee\/en\/wp-json\/wp\/v2\/product"}],"about":[{"href":"https:\/\/odavprint.ee\/en\/wp-json\/wp\/v2\/types\/product"}],"wp:featuredmedia":[{"embeddable":true,"href":"https:\/\/odavprint.ee\/en\/wp-json\/wp\/v2\/media\/219714"}],"wp:attachment":[{"href":"https:\/\/odavprint.ee\/en\/wp-json\/wp\/v2\/media?parent=219713"}],"wp:term":[{"taxonomy":"product_cat","embeddable":true,"href":"https:\/\/odavprint.ee\/en\/wp-json\/wp\/v2\/product_cat?post=219713"},{"taxonomy":"product_tag","embeddable":true,"href":"https:\/\/odavprint.ee\/en\/wp-json\/wp\/v2\/product_tag?post=219713"}],"curies":[{"name":"wp","href":"https:\/\/api.w.org\/{rel}","templated":true}]}}