{"id":220729,"date":"2026-03-02T20:25:11","date_gmt":"2026-03-02T18:25:11","guid":{"rendered":"https:\/\/odavprint.ee\/?post_type=product&#038;p=220729"},"modified":"2026-03-02T20:25:11","modified_gmt":"2026-03-02T18:25:11","slug":"revopoint-metrox-advanced-edition","status":"publish","type":"product","link":"https:\/\/odavprint.ee\/en\/product\/revopoint-metrox-advanced-edition\/","title":{"rendered":"Revopoint MetroX, Advanced edition"},"content":{"rendered":"<p><iframe loading=\"lazy\" title=\"Revopoint MetroX 3D Scanner: Every Surface, Every Detail\" width=\"1020\" height=\"574\" src=\"https:\/\/www.youtube.com\/embed\/PqMvWBEZsvA?feature=oembed\" frameborder=\"0\" allow=\"accelerometer; autoplay; clipboard-write; encrypted-media; gyroscope; picture-in-picture; web-share\" referrerpolicy=\"strict-origin-when-cross-origin\" allowfullscreen><\/iframe><br \/>\nRevopoint MetroX \u2013 T\u00f6\u00f6stusliku t\u00e4psusega 3D-skanner professionaalseks kasutuseks<br \/>\nRevopoint MetroX on kompaktne ja mitmek\u00fclgne 3D-skanner, mis \u00fchendab sinise laseri ja struktureeritud valguse tehnoloogia, pakkudes metroloogia tasemel t\u00e4psust ja erakordset skaneerimiskiirust.T\u00e4nu neljale skaneerimisre\u017eiimile ja v\u00f5imele skaneerida ka keerulisi pindu ilma markeriteta, sobib MetroX ideaalselt p\u00f6\u00f6rdprojekteerimiseks, kvaliteedikontrolliks, 3D-printimiseks ja meditsiiniliseks modelleerimiseks.<\/p>\n<p>Tehnilised p\u00f5hiandmed:<\/p>\n<p>Skaneerimistehnoloogia: 14 sinist ristlaserit, 7 paralleelset sinist laserit, 62-jooneline sinine struktureeritud valgus<\/p>\n<p>Skaneerimiskiirus: kuni 7 000 000 punkti sekundis (struktureeritud valgus), kuni 800 000 punkti sekundis (mitmejooneline laser)<\/p>\n<p>\u00dchekordse kaadri t\u00e4psus: kuni 0,01 mm<\/p>\n<p>Mahuline t\u00e4psus: 0,03 mm + 0,1 mm \u00d7 L (m), kus L on objekti pikkus<\/p>\n<p>T\u00f6\u00f6ala: 160 \u00d7 70 mm (200 mm kaugusel), 320 \u00d7 215 mm (400 mm kaugusel)<\/p>\n<p>T\u00f6\u00f6vahemik: 200\u2013400 mm<\/p>\n<p>Vaatenurk: 43\u00b0 \u00d7 33\u00b0<\/p>\n<p>Skaneeritavate objektide suurus: 10 \u00d7 10 \u00d7 10 mm kuni 1 \u00d7 1 \u00d7 1 m<\/p>\n<p>V\u00e4ljundfailid: PLY, OBJ, STL, ASC, 3MF, GLTF, FBX<\/p>\n<p>\u00dchenduvus: USB Type-C<\/p>\n<p>Toiteallikas: DC 12V, 3A<\/p>\n<p>M\u00f5\u00f5tmed: 209 \u00d7 88 \u00d7 44 mm<\/p>\n<p>Kaal: umbes 0,5 kg<\/p>\n<p>\u00dchilduvad operatsioonis\u00fcsteemid: Windows 10\/11 (64-bit), macOS 11.0 v\u00f5i uuem<\/p>\n<p>Vajalik arvuti konfiguratsioon: Windows: Intel i7 10. p\u00f5lvkond v\u00f5i AMD Ryzen 7 5800, RAM \u2265 32 GB, NVIDIA GeForce RTX 3050 (8 GB); macOS: M1 Pro\/Max\/Ultra, RAM \u2265 16 GB<\/p>\n<p>Nutikad funktsioonid:<\/p>\n<p>Neli skaneerimisre\u017eiimi: ristjooned, paralleeljooned, t\u00e4isv\u00e4lja struktureeritud valgus ja automaatne p\u00f6\u00f6rdlaud<\/p>\n<p>Markerivaba skaneerimine: v\u00f5imaldab skaneerida keerukaid pindu ilma markeriteta<\/p>\n<p>V\u00e4rviline skaneerimine: v\u00f5imalik automaatse p\u00f6\u00f6rdlaua re\u017eiimis<\/p>\n<p>Automaatne p\u00f6\u00f6rdlaud: kahe teljega p\u00f6\u00f6rdlaud v\u00f5imaldab \u00fche kl\u00f5psuga skaneerimist<\/p>\n<p>T\u00e4pne eelvaade ja positsioneerimine: kaamera abil<\/p>\n<p>Komplektis olevad tarvikud: MetroX 3D-skanner, randmerihm, statiiv ja hoidik, toiteadapter, kahe teljega p\u00f6\u00f6rdlaud, kalibreerimislaud, 500 markerit (6 mm), USB Type-A kuni Type-C kaabel, USB Type-C kuni Type-A adapter, kandekohver, n\u00e4idisb\u00fcst, kiirjuhend, sertifikaat ja garantiikaart<\/p>\n","protected":false},"excerpt":{"rendered":"<p>Revopoint MetroX \u2013 T\u00f6\u00f6stusliku t\u00e4psusega 3D-skanner professionaalseks kasutuseks Revopoint MetroX on kompaktne ja mitmek\u00fclgne 3D-skanner, mis \u00fchendab sinise laseri ja struktureeritud valguse tehnoloogia, pakkudes metroloogia tasemel t\u00e4psust ja erakordset skaneerimiskiirust.T\u00e4nu neljale skaneerimisre\u017eiimile ja v\u00f5imele skaneerida ka keerulisi pindu ilma markeriteta, sobib MetroX ideaalselt p\u00f6\u00f6rdprojekteerimiseks, kvaliteedikontrolliks, 3D-printimiseks ja meditsiiniliseks modelleerimiseks. Tehnilised p\u00f5hiandmed: Skaneerimistehnoloogia: 14 sinist ristlaserit, [&#8230;]\n","protected":false},"featured_media":220730,"template":"","meta":{"inline_featured_image":false},"product_cat":[39613],"product_tag":[],"yoast_head":"<!-- This site is optimized with the Yoast SEO Premium plugin v23.0 (Yoast SEO v23.0) - https:\/\/yoast.com\/wordpress\/plugins\/seo\/ -->\n<title>Revopoint MetroX, Advanced edition, hea hinnaga, osta e-pood - Odav Print<\/title>\n<meta name=\"description\" content=\"Osta Revopoint MetroX, Advanced edition Odav Print \u260e +372 5911 9495 \u2714\ufe0f Parim hind Revopoint MetroX, Advanced edition jaoks \u26df Kiire kohaletoimetamine Eestis \u2b50 Garanteeritud\" \/>\n<meta name=\"robots\" content=\"index, follow, max-snippet:-1, max-image-preview:large, max-video-preview:-1\" \/>\n<link rel=\"canonical\" href=\"https:\/\/odavprint.ee\/en\/product\/revopoint-metrox-advanced-edition\/\" \/>\n<meta property=\"og:locale\" content=\"en_US\" \/>\n<meta property=\"og:type\" content=\"article\" \/>\n<meta property=\"og:title\" content=\"Revopoint MetroX, Advanced edition\" \/>\n<meta property=\"og:description\" content=\"Osta Revopoint MetroX, Advanced edition Odav Print \u260e +372 5911 9495 \u2714\ufe0f Parim hind Revopoint MetroX, Advanced edition jaoks \u26df Kiire kohaletoimetamine Eestis \u2b50 Garanteeritud\" \/>\n<meta property=\"og:url\" content=\"https:\/\/odavprint.ee\/en\/product\/revopoint-metrox-advanced-edition\/\" \/>\n<meta property=\"og:site_name\" content=\"Odav Print\" \/>\n<meta name=\"twitter:card\" content=\"summary_large_image\" \/>\n<meta name=\"twitter:label1\" content=\"Price\" \/>\n\t<meta name=\"twitter:data1\" content=\"&euro;1,421.93\" \/>\n\t<meta name=\"twitter:label2\" content=\"Availability\" \/>\n\t<meta name=\"twitter:data2\" content=\"On backorder\" \/>\n<script type=\"application\/ld+json\" class=\"yoast-schema-graph\">{\"@context\":\"https:\/\/schema.org\",\"@graph\":[{\"@type\":[\"WebPage\",\"ItemPage\"],\"@id\":\"https:\/\/odavprint.ee\/en\/product\/revopoint-metrox-advanced-edition\/\",\"url\":\"https:\/\/odavprint.ee\/en\/product\/revopoint-metrox-advanced-edition\/\",\"name\":\"Revopoint MetroX, Advanced edition, hea hinnaga, osta e-pood - Odav Print\",\"isPartOf\":{\"@id\":\"https:\/\/odavprint.ee\/en\/#website\"},\"primaryImageOfPage\":{\"@id\":\"https:\/\/odavprint.ee\/en\/product\/revopoint-metrox-advanced-edition\/#primaryimage\"},\"image\":{\"@id\":\"https:\/\/odavprint.ee\/en\/product\/revopoint-metrox-advanced-edition\/#primaryimage\"},\"thumbnailUrl\":\"https:\/\/odavprint.ee\/wp-content\/uploads\/2026\/03\/Revopoint-MetroX-31422_1-1.jpg\",\"datePublished\":\"2026-03-02T18:25:11+00:00\",\"dateModified\":\"2026-03-02T18:25:11+00:00\",\"description\":\"Osta Revopoint MetroX, Advanced edition Odav Print \u260e +372 5911 9495 \u2714\ufe0f Parim hind Revopoint MetroX, Advanced edition jaoks \u26df Kiire kohaletoimetamine Eestis \u2b50 Garanteeritud\",\"breadcrumb\":{\"@id\":\"https:\/\/odavprint.ee\/en\/product\/revopoint-metrox-advanced-edition\/#breadcrumb\"},\"inLanguage\":\"en-US\",\"potentialAction\":[{\"@type\":\"ReadAction\",\"target\":[\"https:\/\/odavprint.ee\/en\/product\/revopoint-metrox-advanced-edition\/\"]}]},{\"@type\":\"ImageObject\",\"inLanguage\":\"en-US\",\"@id\":\"https:\/\/odavprint.ee\/en\/product\/revopoint-metrox-advanced-edition\/#primaryimage\",\"url\":\"https:\/\/odavprint.ee\/wp-content\/uploads\/2026\/03\/Revopoint-MetroX-31422_1-1.jpg\",\"contentUrl\":\"https:\/\/odavprint.ee\/wp-content\/uploads\/2026\/03\/Revopoint-MetroX-31422_1-1.jpg\",\"width\":900,\"height\":900},{\"@type\":\"BreadcrumbList\",\"@id\":\"https:\/\/odavprint.ee\/en\/product\/revopoint-metrox-advanced-edition\/#breadcrumb\",\"itemListElement\":[{\"@type\":\"ListItem\",\"position\":1,\"name\":\"Home\",\"item\":\"https:\/\/odavprint.ee\/en\/\"},{\"@type\":\"ListItem\",\"position\":2,\"name\":\"Shop\",\"item\":\"https:\/\/odavprint.ee\/en\/shop\/\"},{\"@type\":\"ListItem\",\"position\":3,\"name\":\"Revopoint MetroX, Advanced edition\"}]},{\"@type\":\"WebSite\",\"@id\":\"https:\/\/odavprint.ee\/en\/#website\",\"url\":\"https:\/\/odavprint.ee\/en\/\",\"name\":\"Odav Print\",\"description\":\"Just another WordPress site\",\"publisher\":{\"@id\":\"https:\/\/odavprint.ee\/en\/#organization\"},\"alternateName\":\"Kassettide, toonerite t\u00e4itmine ja m\u00fc\u00fck.\",\"potentialAction\":[{\"@type\":\"SearchAction\",\"target\":{\"@type\":\"EntryPoint\",\"urlTemplate\":\"https:\/\/odavprint.ee\/en\/?s={search_term_string}\"},\"query-input\":\"required name=search_term_string\"}],\"inLanguage\":\"en-US\"},{\"@type\":[\"Organization\",\"Place\"],\"@id\":\"https:\/\/odavprint.ee\/en\/#organization\",\"name\":\"Odav Print O\u00dc\",\"url\":\"https:\/\/odavprint.ee\/en\/\",\"logo\":{\"@id\":\"https:\/\/odavprint.ee\/en\/product\/revopoint-metrox-advanced-edition\/#local-main-organization-logo\"},\"image\":{\"@id\":\"https:\/\/odavprint.ee\/en\/product\/revopoint-metrox-advanced-edition\/#local-main-organization-logo\"},\"address\":{\"@id\":\"https:\/\/odavprint.ee\/en\/product\/revopoint-metrox-advanced-edition\/#local-main-place-address\"},\"geo\":{\"@type\":\"GeoCoordinates\",\"latitude\":\"59.4306504\",\"longitude\":\"24.8095743\"},\"telephone\":[\"53836926\"],\"openingHoursSpecification\":[{\"@type\":\"OpeningHoursSpecification\",\"dayOfWeek\":[\"Monday\",\"Tuesday\",\"Wednesday\",\"Thursday\",\"Friday\",\"Saturday\",\"Sunday\"],\"opens\":\"09:00\",\"closes\":\"17:00\"}],\"email\":\"info@odavprint.eu\"},{\"@type\":\"PostalAddress\",\"@id\":\"https:\/\/odavprint.ee\/en\/product\/revopoint-metrox-advanced-edition\/#local-main-place-address\",\"streetAddress\":\"Pae tn 28\",\"addressLocality\":\"Tallinn\",\"postalCode\":\"11415\",\"addressRegion\":\"Harjumaa\",\"addressCountry\":\"EE\"},{\"@type\":\"ImageObject\",\"inLanguage\":\"en-US\",\"@id\":\"https:\/\/odavprint.ee\/en\/product\/revopoint-metrox-advanced-edition\/#local-main-organization-logo\",\"url\":\"https:\/\/odavprint.ee\/wp-content\/uploads\/2018\/10\/odavprint-logo-240.jpg\",\"contentUrl\":\"https:\/\/odavprint.ee\/wp-content\/uploads\/2018\/10\/odavprint-logo-240.jpg\",\"width\":240,\"height\":36,\"caption\":\"Odav Print O\u00dc\"}]}<\/script>\n<meta property=\"product:price:amount\" content=\"1421.93\" \/>\n<meta property=\"product:price:currency\" content=\"EUR\" \/>\n<meta property=\"og:availability\" content=\"backorder\" \/>\n<meta property=\"product:availability\" content=\"available for order\" \/>\n<meta property=\"product:condition\" content=\"new\" \/>\n<meta name=\"geo.placename\" content=\"Tallinn\" \/>\n<meta name=\"geo.position\" content=\"59.4306504;24.8095743\" \/>\n<meta name=\"geo.region\" content=\"Estonia\" \/>\n<!-- \/ Yoast SEO Premium plugin. -->","yoast_head_json":{"title":"Revopoint MetroX, Advanced edition, hea hinnaga, osta e-pood - Odav Print","description":"Osta Revopoint MetroX, Advanced edition Odav Print \u260e +372 5911 9495 \u2714\ufe0f Parim hind Revopoint MetroX, Advanced edition jaoks \u26df Kiire kohaletoimetamine Eestis \u2b50 Garanteeritud","robots":{"index":"index","follow":"follow","max-snippet":"max-snippet:-1","max-image-preview":"max-image-preview:large","max-video-preview":"max-video-preview:-1"},"canonical":"https:\/\/odavprint.ee\/en\/product\/revopoint-metrox-advanced-edition\/","og_locale":"en_US","og_type":"article","og_title":"Revopoint MetroX, Advanced edition","og_description":"Osta Revopoint MetroX, Advanced edition Odav Print \u260e +372 5911 9495 \u2714\ufe0f Parim hind Revopoint MetroX, Advanced edition jaoks \u26df Kiire kohaletoimetamine Eestis \u2b50 Garanteeritud","og_url":"https:\/\/odavprint.ee\/en\/product\/revopoint-metrox-advanced-edition\/","og_site_name":"Odav Print","twitter_card":"summary_large_image","twitter_misc":{"Price":"&euro;1,421.93","Availability":"On backorder"},"schema":{"@context":"https:\/\/schema.org","@graph":[{"@type":["WebPage","ItemPage"],"@id":"https:\/\/odavprint.ee\/en\/product\/revopoint-metrox-advanced-edition\/","url":"https:\/\/odavprint.ee\/en\/product\/revopoint-metrox-advanced-edition\/","name":"Revopoint MetroX, Advanced edition, hea hinnaga, osta e-pood - Odav Print","isPartOf":{"@id":"https:\/\/odavprint.ee\/en\/#website"},"primaryImageOfPage":{"@id":"https:\/\/odavprint.ee\/en\/product\/revopoint-metrox-advanced-edition\/#primaryimage"},"image":{"@id":"https:\/\/odavprint.ee\/en\/product\/revopoint-metrox-advanced-edition\/#primaryimage"},"thumbnailUrl":"https:\/\/odavprint.ee\/wp-content\/uploads\/2026\/03\/Revopoint-MetroX-31422_1-1.jpg","datePublished":"2026-03-02T18:25:11+00:00","dateModified":"2026-03-02T18:25:11+00:00","description":"Osta Revopoint MetroX, Advanced edition Odav Print \u260e +372 5911 9495 \u2714\ufe0f Parim hind Revopoint MetroX, Advanced edition jaoks \u26df Kiire kohaletoimetamine Eestis \u2b50 Garanteeritud","breadcrumb":{"@id":"https:\/\/odavprint.ee\/en\/product\/revopoint-metrox-advanced-edition\/#breadcrumb"},"inLanguage":"en-US","potentialAction":[{"@type":"ReadAction","target":["https:\/\/odavprint.ee\/en\/product\/revopoint-metrox-advanced-edition\/"]}]},{"@type":"ImageObject","inLanguage":"en-US","@id":"https:\/\/odavprint.ee\/en\/product\/revopoint-metrox-advanced-edition\/#primaryimage","url":"https:\/\/odavprint.ee\/wp-content\/uploads\/2026\/03\/Revopoint-MetroX-31422_1-1.jpg","contentUrl":"https:\/\/odavprint.ee\/wp-content\/uploads\/2026\/03\/Revopoint-MetroX-31422_1-1.jpg","width":900,"height":900},{"@type":"BreadcrumbList","@id":"https:\/\/odavprint.ee\/en\/product\/revopoint-metrox-advanced-edition\/#breadcrumb","itemListElement":[{"@type":"ListItem","position":1,"name":"Home","item":"https:\/\/odavprint.ee\/en\/"},{"@type":"ListItem","position":2,"name":"Shop","item":"https:\/\/odavprint.ee\/en\/shop\/"},{"@type":"ListItem","position":3,"name":"Revopoint MetroX, Advanced edition"}]},{"@type":"WebSite","@id":"https:\/\/odavprint.ee\/en\/#website","url":"https:\/\/odavprint.ee\/en\/","name":"Odav Print","description":"Just another WordPress site","publisher":{"@id":"https:\/\/odavprint.ee\/en\/#organization"},"alternateName":"Kassettide, toonerite t\u00e4itmine ja m\u00fc\u00fck.","potentialAction":[{"@type":"SearchAction","target":{"@type":"EntryPoint","urlTemplate":"https:\/\/odavprint.ee\/en\/?s={search_term_string}"},"query-input":"required name=search_term_string"}],"inLanguage":"en-US"},{"@type":["Organization","Place"],"@id":"https:\/\/odavprint.ee\/en\/#organization","name":"Odav Print O\u00dc","url":"https:\/\/odavprint.ee\/en\/","logo":{"@id":"https:\/\/odavprint.ee\/en\/product\/revopoint-metrox-advanced-edition\/#local-main-organization-logo"},"image":{"@id":"https:\/\/odavprint.ee\/en\/product\/revopoint-metrox-advanced-edition\/#local-main-organization-logo"},"address":{"@id":"https:\/\/odavprint.ee\/en\/product\/revopoint-metrox-advanced-edition\/#local-main-place-address"},"geo":{"@type":"GeoCoordinates","latitude":"59.4306504","longitude":"24.8095743"},"telephone":["53836926"],"openingHoursSpecification":[{"@type":"OpeningHoursSpecification","dayOfWeek":["Monday","Tuesday","Wednesday","Thursday","Friday","Saturday","Sunday"],"opens":"09:00","closes":"17:00"}],"email":"info@odavprint.eu"},{"@type":"PostalAddress","@id":"https:\/\/odavprint.ee\/en\/product\/revopoint-metrox-advanced-edition\/#local-main-place-address","streetAddress":"Pae tn 28","addressLocality":"Tallinn","postalCode":"11415","addressRegion":"Harjumaa","addressCountry":"EE"},{"@type":"ImageObject","inLanguage":"en-US","@id":"https:\/\/odavprint.ee\/en\/product\/revopoint-metrox-advanced-edition\/#local-main-organization-logo","url":"https:\/\/odavprint.ee\/wp-content\/uploads\/2018\/10\/odavprint-logo-240.jpg","contentUrl":"https:\/\/odavprint.ee\/wp-content\/uploads\/2018\/10\/odavprint-logo-240.jpg","width":240,"height":36,"caption":"Odav Print O\u00dc"}]},"product_price_amount":"1421.93","product_price_currency":"EUR","og_availability":"backorder","product_availability":"available for order","product_condition":"new","geo.placename":"Tallinn","geo.position":{"lat":"59.4306504","long":"24.8095743"},"geo.region":"Estonia"},"_links":{"self":[{"href":"https:\/\/odavprint.ee\/en\/wp-json\/wp\/v2\/product\/220729"}],"collection":[{"href":"https:\/\/odavprint.ee\/en\/wp-json\/wp\/v2\/product"}],"about":[{"href":"https:\/\/odavprint.ee\/en\/wp-json\/wp\/v2\/types\/product"}],"wp:featuredmedia":[{"embeddable":true,"href":"https:\/\/odavprint.ee\/en\/wp-json\/wp\/v2\/media\/220730"}],"wp:attachment":[{"href":"https:\/\/odavprint.ee\/en\/wp-json\/wp\/v2\/media?parent=220729"}],"wp:term":[{"taxonomy":"product_cat","embeddable":true,"href":"https:\/\/odavprint.ee\/en\/wp-json\/wp\/v2\/product_cat?post=220729"},{"taxonomy":"product_tag","embeddable":true,"href":"https:\/\/odavprint.ee\/en\/wp-json\/wp\/v2\/product_tag?post=220729"}],"curies":[{"name":"wp","href":"https:\/\/api.w.org\/{rel}","templated":true}]}}