{"id":221183,"date":"2026-03-02T21:31:42","date_gmt":"2026-03-02T19:31:42","guid":{"rendered":"https:\/\/odavprint.ee\/?post_type=product&#038;p=221183"},"modified":"2026-05-08T14:33:02","modified_gmt":"2026-05-08T11:33:02","slug":"bambu-lab-pla-silk-dual-color-kahevarviline-kullatud-roos-roosa-kuldne","status":"publish","type":"product","link":"https:\/\/odavprint.ee\/en\/product\/bambu-lab-pla-silk-dual-color-kahevarviline-kullatud-roos-roosa-kuldne\/","title":{"rendered":"Bambu Lab &#8211; PLA Silk Dual Color, Kahev\u00e4rviline kullatud roos (roosa-kuldne)"},"content":{"rendered":"<p>Bambu Labi kahev\u00e4rviline PLA Silk Dual Color filament sisaldab kahe siidiv\u00e4rvi segu \u00fches filamendis, pakkudes d\u00fcnaamilisi v\u00e4rvimuutusi ja l\u00e4ikivat viimistlust. See sobib erinevate nurkade alt n\u00e4htavate erinevate v\u00e4rviefektidega visuaalselt atraktiivsete mudelite loomiseks. Filamendi l\u00e4bim\u00f5\u00f5t on 1,75 mm ja see \u00fchildub automaatse materjalis\u00fcsteemiga (AMS). Selle omadused h\u00f5lmavad tihedust 1,32 g\/cm\u00b3, Vicati pehmenemistemperatuuri 56 \u00b0C ja t\u00f5mbetugevust 27 \u00b1 4 MPa.<br \/>\nRohkem infot<\/p>\n","protected":false},"excerpt":{"rendered":"<p>Bambu Labi kahev\u00e4rviline PLA Silk Dual Color filament sisaldab kahe siidiv\u00e4rvi segu \u00fches filamendis, pakkudes d\u00fcnaamilisi v\u00e4rvimuutusi ja l\u00e4ikivat viimistlust. See sobib erinevate nurkade alt n\u00e4htavate erinevate v\u00e4rviefektidega visuaalselt atraktiivsete mudelite loomiseks. Filamendi l\u00e4bim\u00f5\u00f5t on 1,75 mm ja see \u00fchildub automaatse materjalis\u00fcsteemiga (AMS). Selle omadused h\u00f5lmavad tihedust 1,32 g\/cm\u00b3, Vicati pehmenemistemperatuuri 56 \u00b0C ja t\u00f5mbetugevust [&#8230;]\n","protected":false},"featured_media":221184,"template":"","meta":{"inline_featured_image":false},"product_cat":[39657],"product_tag":[],"yoast_head":"<!-- This site is optimized with the Yoast SEO Premium plugin v23.0 (Yoast SEO v23.0) - https:\/\/yoast.com\/wordpress\/plugins\/seo\/ -->\n<title>Bambu Lab - PLA Silk Dual Color, Kahev\u00e4rviline kullatud roos (roosa-kuldne), hea hinnaga, osta e-pood - Odav Print<\/title>\n<meta name=\"description\" content=\"Osta Bambu Lab - PLA Silk Dual Color, Kahev\u00e4rviline kullatud roos (roosa-kuldne) Odav Print \u260e +372 5911 9495 \u2714\ufe0f Parim hind Bambu Lab - PLA Silk Dual Color, Kahev\u00e4rviline kullatud roos (roosa-kuldne) jaoks \u26df Kiire kohaletoimetamine Eestis \u2b50 Garanteeritud\" \/>\n<meta name=\"robots\" content=\"index, follow, max-snippet:-1, max-image-preview:large, max-video-preview:-1\" \/>\n<link rel=\"canonical\" href=\"https:\/\/odavprint.ee\/en\/product\/bambu-lab-pla-silk-dual-color-kahevarviline-kullatud-roos-roosa-kuldne\/\" \/>\n<meta property=\"og:locale\" content=\"en_US\" \/>\n<meta property=\"og:type\" content=\"article\" \/>\n<meta property=\"og:title\" content=\"Bambu Lab - PLA Silk Dual Color, Kahev\u00e4rviline kullatud roos (roosa-kuldne)\" \/>\n<meta property=\"og:description\" content=\"Osta Bambu Lab - PLA Silk Dual Color, Kahev\u00e4rviline kullatud roos (roosa-kuldne) Odav Print \u260e +372 5911 9495 \u2714\ufe0f Parim hind Bambu Lab - PLA Silk Dual Color, Kahev\u00e4rviline kullatud roos (roosa-kuldne) jaoks \u26df Kiire kohaletoimetamine Eestis \u2b50 Garanteeritud\" \/>\n<meta property=\"og:url\" content=\"https:\/\/odavprint.ee\/en\/product\/bambu-lab-pla-silk-dual-color-kahevarviline-kullatud-roos-roosa-kuldne\/\" \/>\n<meta property=\"og:site_name\" content=\"Odav Print\" \/>\n<meta property=\"article:modified_time\" content=\"2026-05-08T11:33:02+00:00\" \/>\n<meta property=\"og:image\" content=\"https:\/\/odavprint.ee\/wp-content\/uploads\/2026\/03\/Bambulab-PLA-neoonlinn-1.webp\" \/>\n\t<meta property=\"og:image:width\" content=\"1600\" \/>\n\t<meta property=\"og:image:height\" content=\"1600\" \/>\n\t<meta property=\"og:image:type\" content=\"image\/webp\" \/>\n<meta name=\"twitter:card\" content=\"summary_large_image\" \/>\n<meta name=\"twitter:label1\" content=\"Price\" \/>\n\t<meta name=\"twitter:data1\" content=\"&euro;29.16\" \/>\n\t<meta name=\"twitter:label2\" content=\"Availability\" \/>\n\t<meta name=\"twitter:data2\" content=\"In stock\" \/>\n<script type=\"application\/ld+json\" class=\"yoast-schema-graph\">{\"@context\":\"https:\/\/schema.org\",\"@graph\":[{\"@type\":[\"WebPage\",\"ItemPage\"],\"@id\":\"https:\/\/odavprint.ee\/en\/product\/bambu-lab-pla-silk-dual-color-kahevarviline-kullatud-roos-roosa-kuldne\/\",\"url\":\"https:\/\/odavprint.ee\/en\/product\/bambu-lab-pla-silk-dual-color-kahevarviline-kullatud-roos-roosa-kuldne\/\",\"name\":\"Bambu Lab - PLA Silk Dual Color, Kahev\u00e4rviline kullatud roos (roosa-kuldne), hea hinnaga, osta e-pood - Odav Print\",\"isPartOf\":{\"@id\":\"https:\/\/odavprint.ee\/en\/#website\"},\"primaryImageOfPage\":{\"@id\":\"https:\/\/odavprint.ee\/en\/product\/bambu-lab-pla-silk-dual-color-kahevarviline-kullatud-roos-roosa-kuldne\/#primaryimage\"},\"image\":{\"@id\":\"https:\/\/odavprint.ee\/en\/product\/bambu-lab-pla-silk-dual-color-kahevarviline-kullatud-roos-roosa-kuldne\/#primaryimage\"},\"thumbnailUrl\":\"https:\/\/odavprint.ee\/wp-content\/uploads\/2026\/03\/Bambulab-PLA-neoonlinn-1.webp\",\"datePublished\":\"2026-03-02T19:31:42+00:00\",\"dateModified\":\"2026-05-08T11:33:02+00:00\",\"description\":\"Osta Bambu Lab - PLA Silk Dual Color, Kahev\u00e4rviline kullatud roos (roosa-kuldne) Odav Print \u260e +372 5911 9495 \u2714\ufe0f Parim hind Bambu Lab - PLA Silk Dual Color, Kahev\u00e4rviline kullatud roos (roosa-kuldne) jaoks \u26df Kiire kohaletoimetamine Eestis \u2b50 Garanteeritud\",\"breadcrumb\":{\"@id\":\"https:\/\/odavprint.ee\/en\/product\/bambu-lab-pla-silk-dual-color-kahevarviline-kullatud-roos-roosa-kuldne\/#breadcrumb\"},\"inLanguage\":\"en-US\",\"potentialAction\":[{\"@type\":\"ReadAction\",\"target\":[\"https:\/\/odavprint.ee\/en\/product\/bambu-lab-pla-silk-dual-color-kahevarviline-kullatud-roos-roosa-kuldne\/\"]}]},{\"@type\":\"ImageObject\",\"inLanguage\":\"en-US\",\"@id\":\"https:\/\/odavprint.ee\/en\/product\/bambu-lab-pla-silk-dual-color-kahevarviline-kullatud-roos-roosa-kuldne\/#primaryimage\",\"url\":\"https:\/\/odavprint.ee\/wp-content\/uploads\/2026\/03\/Bambulab-PLA-neoonlinn-1.webp\",\"contentUrl\":\"https:\/\/odavprint.ee\/wp-content\/uploads\/2026\/03\/Bambulab-PLA-neoonlinn-1.webp\",\"width\":1600,\"height\":1600},{\"@type\":\"BreadcrumbList\",\"@id\":\"https:\/\/odavprint.ee\/en\/product\/bambu-lab-pla-silk-dual-color-kahevarviline-kullatud-roos-roosa-kuldne\/#breadcrumb\",\"itemListElement\":[{\"@type\":\"ListItem\",\"position\":1,\"name\":\"Home\",\"item\":\"https:\/\/odavprint.ee\/en\/\"},{\"@type\":\"ListItem\",\"position\":2,\"name\":\"Shop\",\"item\":\"https:\/\/odavprint.ee\/en\/shop\/\"},{\"@type\":\"ListItem\",\"position\":3,\"name\":\"Bambu Lab &#8211; PLA Silk Dual Color, Kahev\u00e4rviline kullatud roos (roosa-kuldne)\"}]},{\"@type\":\"WebSite\",\"@id\":\"https:\/\/odavprint.ee\/en\/#website\",\"url\":\"https:\/\/odavprint.ee\/en\/\",\"name\":\"Odav Print\",\"description\":\"Just another WordPress site\",\"publisher\":{\"@id\":\"https:\/\/odavprint.ee\/en\/#organization\"},\"alternateName\":\"Kassettide, toonerite t\u00e4itmine ja m\u00fc\u00fck.\",\"potentialAction\":[{\"@type\":\"SearchAction\",\"target\":{\"@type\":\"EntryPoint\",\"urlTemplate\":\"https:\/\/odavprint.ee\/en\/?s={search_term_string}\"},\"query-input\":\"required name=search_term_string\"}],\"inLanguage\":\"en-US\"},{\"@type\":[\"Organization\",\"Place\"],\"@id\":\"https:\/\/odavprint.ee\/en\/#organization\",\"name\":\"Odav Print O\u00dc\",\"url\":\"https:\/\/odavprint.ee\/en\/\",\"logo\":{\"@id\":\"https:\/\/odavprint.ee\/en\/product\/bambu-lab-pla-silk-dual-color-kahevarviline-kullatud-roos-roosa-kuldne\/#local-main-organization-logo\"},\"image\":{\"@id\":\"https:\/\/odavprint.ee\/en\/product\/bambu-lab-pla-silk-dual-color-kahevarviline-kullatud-roos-roosa-kuldne\/#local-main-organization-logo\"},\"address\":{\"@id\":\"https:\/\/odavprint.ee\/en\/product\/bambu-lab-pla-silk-dual-color-kahevarviline-kullatud-roos-roosa-kuldne\/#local-main-place-address\"},\"geo\":{\"@type\":\"GeoCoordinates\",\"latitude\":\"59.4306504\",\"longitude\":\"24.8095743\"},\"telephone\":[\"53836926\"],\"openingHoursSpecification\":[{\"@type\":\"OpeningHoursSpecification\",\"dayOfWeek\":[\"Monday\",\"Tuesday\",\"Wednesday\",\"Thursday\",\"Friday\",\"Saturday\",\"Sunday\"],\"opens\":\"09:00\",\"closes\":\"17:00\"}],\"email\":\"info@odavprint.eu\"},{\"@type\":\"PostalAddress\",\"@id\":\"https:\/\/odavprint.ee\/en\/product\/bambu-lab-pla-silk-dual-color-kahevarviline-kullatud-roos-roosa-kuldne\/#local-main-place-address\",\"streetAddress\":\"Pae tn 28\",\"addressLocality\":\"Tallinn\",\"postalCode\":\"11415\",\"addressRegion\":\"Harjumaa\",\"addressCountry\":\"EE\"},{\"@type\":\"ImageObject\",\"inLanguage\":\"en-US\",\"@id\":\"https:\/\/odavprint.ee\/en\/product\/bambu-lab-pla-silk-dual-color-kahevarviline-kullatud-roos-roosa-kuldne\/#local-main-organization-logo\",\"url\":\"https:\/\/odavprint.ee\/wp-content\/uploads\/2018\/10\/odavprint-logo-240.jpg\",\"contentUrl\":\"https:\/\/odavprint.ee\/wp-content\/uploads\/2018\/10\/odavprint-logo-240.jpg\",\"width\":240,\"height\":36,\"caption\":\"Odav Print O\u00dc\"}]}<\/script>\n<meta property=\"product:price:amount\" content=\"29.16\" \/>\n<meta property=\"product:price:currency\" content=\"EUR\" \/>\n<meta property=\"og:availability\" content=\"instock\" \/>\n<meta property=\"product:availability\" content=\"instock\" \/>\n<meta property=\"product:condition\" content=\"new\" \/>\n<meta name=\"geo.placename\" content=\"Tallinn\" \/>\n<meta name=\"geo.position\" content=\"59.4306504;24.8095743\" \/>\n<meta name=\"geo.region\" content=\"Estonia\" \/>\n<!-- \/ Yoast SEO Premium plugin. -->","yoast_head_json":{"title":"Bambu Lab - PLA Silk Dual Color, Kahev\u00e4rviline kullatud roos (roosa-kuldne), hea hinnaga, osta e-pood - Odav Print","description":"Osta Bambu Lab - PLA Silk Dual Color, Kahev\u00e4rviline kullatud roos (roosa-kuldne) Odav Print \u260e +372 5911 9495 \u2714\ufe0f Parim hind Bambu Lab - PLA Silk Dual Color, Kahev\u00e4rviline kullatud roos (roosa-kuldne) jaoks \u26df Kiire kohaletoimetamine Eestis \u2b50 Garanteeritud","robots":{"index":"index","follow":"follow","max-snippet":"max-snippet:-1","max-image-preview":"max-image-preview:large","max-video-preview":"max-video-preview:-1"},"canonical":"https:\/\/odavprint.ee\/en\/product\/bambu-lab-pla-silk-dual-color-kahevarviline-kullatud-roos-roosa-kuldne\/","og_locale":"en_US","og_type":"article","og_title":"Bambu Lab - PLA Silk Dual Color, Kahev\u00e4rviline kullatud roos (roosa-kuldne)","og_description":"Osta Bambu Lab - PLA Silk Dual Color, Kahev\u00e4rviline kullatud roos (roosa-kuldne) Odav Print \u260e +372 5911 9495 \u2714\ufe0f Parim hind Bambu Lab - PLA Silk Dual Color, Kahev\u00e4rviline kullatud roos (roosa-kuldne) jaoks \u26df Kiire kohaletoimetamine Eestis \u2b50 Garanteeritud","og_url":"https:\/\/odavprint.ee\/en\/product\/bambu-lab-pla-silk-dual-color-kahevarviline-kullatud-roos-roosa-kuldne\/","og_site_name":"Odav Print","article_modified_time":"2026-05-08T11:33:02+00:00","og_image":[{"width":1600,"height":1600,"url":"https:\/\/odavprint.ee\/wp-content\/uploads\/2026\/03\/Bambulab-PLA-neoonlinn-1.webp","type":"image\/webp"}],"twitter_card":"summary_large_image","twitter_misc":{"Price":"&euro;29.16","Availability":"In stock"},"schema":{"@context":"https:\/\/schema.org","@graph":[{"@type":["WebPage","ItemPage"],"@id":"https:\/\/odavprint.ee\/en\/product\/bambu-lab-pla-silk-dual-color-kahevarviline-kullatud-roos-roosa-kuldne\/","url":"https:\/\/odavprint.ee\/en\/product\/bambu-lab-pla-silk-dual-color-kahevarviline-kullatud-roos-roosa-kuldne\/","name":"Bambu Lab - PLA Silk Dual Color, Kahev\u00e4rviline kullatud roos (roosa-kuldne), hea hinnaga, osta e-pood - Odav Print","isPartOf":{"@id":"https:\/\/odavprint.ee\/en\/#website"},"primaryImageOfPage":{"@id":"https:\/\/odavprint.ee\/en\/product\/bambu-lab-pla-silk-dual-color-kahevarviline-kullatud-roos-roosa-kuldne\/#primaryimage"},"image":{"@id":"https:\/\/odavprint.ee\/en\/product\/bambu-lab-pla-silk-dual-color-kahevarviline-kullatud-roos-roosa-kuldne\/#primaryimage"},"thumbnailUrl":"https:\/\/odavprint.ee\/wp-content\/uploads\/2026\/03\/Bambulab-PLA-neoonlinn-1.webp","datePublished":"2026-03-02T19:31:42+00:00","dateModified":"2026-05-08T11:33:02+00:00","description":"Osta Bambu Lab - PLA Silk Dual Color, Kahev\u00e4rviline kullatud roos (roosa-kuldne) Odav Print \u260e +372 5911 9495 \u2714\ufe0f Parim hind Bambu Lab - PLA Silk Dual Color, Kahev\u00e4rviline kullatud roos (roosa-kuldne) jaoks \u26df Kiire kohaletoimetamine Eestis \u2b50 Garanteeritud","breadcrumb":{"@id":"https:\/\/odavprint.ee\/en\/product\/bambu-lab-pla-silk-dual-color-kahevarviline-kullatud-roos-roosa-kuldne\/#breadcrumb"},"inLanguage":"en-US","potentialAction":[{"@type":"ReadAction","target":["https:\/\/odavprint.ee\/en\/product\/bambu-lab-pla-silk-dual-color-kahevarviline-kullatud-roos-roosa-kuldne\/"]}]},{"@type":"ImageObject","inLanguage":"en-US","@id":"https:\/\/odavprint.ee\/en\/product\/bambu-lab-pla-silk-dual-color-kahevarviline-kullatud-roos-roosa-kuldne\/#primaryimage","url":"https:\/\/odavprint.ee\/wp-content\/uploads\/2026\/03\/Bambulab-PLA-neoonlinn-1.webp","contentUrl":"https:\/\/odavprint.ee\/wp-content\/uploads\/2026\/03\/Bambulab-PLA-neoonlinn-1.webp","width":1600,"height":1600},{"@type":"BreadcrumbList","@id":"https:\/\/odavprint.ee\/en\/product\/bambu-lab-pla-silk-dual-color-kahevarviline-kullatud-roos-roosa-kuldne\/#breadcrumb","itemListElement":[{"@type":"ListItem","position":1,"name":"Home","item":"https:\/\/odavprint.ee\/en\/"},{"@type":"ListItem","position":2,"name":"Shop","item":"https:\/\/odavprint.ee\/en\/shop\/"},{"@type":"ListItem","position":3,"name":"Bambu Lab &#8211; PLA Silk Dual Color, Kahev\u00e4rviline kullatud roos (roosa-kuldne)"}]},{"@type":"WebSite","@id":"https:\/\/odavprint.ee\/en\/#website","url":"https:\/\/odavprint.ee\/en\/","name":"Odav Print","description":"Just another WordPress site","publisher":{"@id":"https:\/\/odavprint.ee\/en\/#organization"},"alternateName":"Kassettide, toonerite t\u00e4itmine ja m\u00fc\u00fck.","potentialAction":[{"@type":"SearchAction","target":{"@type":"EntryPoint","urlTemplate":"https:\/\/odavprint.ee\/en\/?s={search_term_string}"},"query-input":"required name=search_term_string"}],"inLanguage":"en-US"},{"@type":["Organization","Place"],"@id":"https:\/\/odavprint.ee\/en\/#organization","name":"Odav Print O\u00dc","url":"https:\/\/odavprint.ee\/en\/","logo":{"@id":"https:\/\/odavprint.ee\/en\/product\/bambu-lab-pla-silk-dual-color-kahevarviline-kullatud-roos-roosa-kuldne\/#local-main-organization-logo"},"image":{"@id":"https:\/\/odavprint.ee\/en\/product\/bambu-lab-pla-silk-dual-color-kahevarviline-kullatud-roos-roosa-kuldne\/#local-main-organization-logo"},"address":{"@id":"https:\/\/odavprint.ee\/en\/product\/bambu-lab-pla-silk-dual-color-kahevarviline-kullatud-roos-roosa-kuldne\/#local-main-place-address"},"geo":{"@type":"GeoCoordinates","latitude":"59.4306504","longitude":"24.8095743"},"telephone":["53836926"],"openingHoursSpecification":[{"@type":"OpeningHoursSpecification","dayOfWeek":["Monday","Tuesday","Wednesday","Thursday","Friday","Saturday","Sunday"],"opens":"09:00","closes":"17:00"}],"email":"info@odavprint.eu"},{"@type":"PostalAddress","@id":"https:\/\/odavprint.ee\/en\/product\/bambu-lab-pla-silk-dual-color-kahevarviline-kullatud-roos-roosa-kuldne\/#local-main-place-address","streetAddress":"Pae tn 28","addressLocality":"Tallinn","postalCode":"11415","addressRegion":"Harjumaa","addressCountry":"EE"},{"@type":"ImageObject","inLanguage":"en-US","@id":"https:\/\/odavprint.ee\/en\/product\/bambu-lab-pla-silk-dual-color-kahevarviline-kullatud-roos-roosa-kuldne\/#local-main-organization-logo","url":"https:\/\/odavprint.ee\/wp-content\/uploads\/2018\/10\/odavprint-logo-240.jpg","contentUrl":"https:\/\/odavprint.ee\/wp-content\/uploads\/2018\/10\/odavprint-logo-240.jpg","width":240,"height":36,"caption":"Odav Print O\u00dc"}]},"product_price_amount":"29.16","product_price_currency":"EUR","og_availability":"instock","product_availability":"instock","product_condition":"new","geo.placename":"Tallinn","geo.position":{"lat":"59.4306504","long":"24.8095743"},"geo.region":"Estonia"},"_links":{"self":[{"href":"https:\/\/odavprint.ee\/en\/wp-json\/wp\/v2\/product\/221183"}],"collection":[{"href":"https:\/\/odavprint.ee\/en\/wp-json\/wp\/v2\/product"}],"about":[{"href":"https:\/\/odavprint.ee\/en\/wp-json\/wp\/v2\/types\/product"}],"wp:featuredmedia":[{"embeddable":true,"href":"https:\/\/odavprint.ee\/en\/wp-json\/wp\/v2\/media\/221184"}],"wp:attachment":[{"href":"https:\/\/odavprint.ee\/en\/wp-json\/wp\/v2\/media?parent=221183"}],"wp:term":[{"taxonomy":"product_cat","embeddable":true,"href":"https:\/\/odavprint.ee\/en\/wp-json\/wp\/v2\/product_cat?post=221183"},{"taxonomy":"product_tag","embeddable":true,"href":"https:\/\/odavprint.ee\/en\/wp-json\/wp\/v2\/product_tag?post=221183"}],"curies":[{"name":"wp","href":"https:\/\/api.w.org\/{rel}","templated":true}]}}