{"id":221187,"date":"2026-03-02T21:37:02","date_gmt":"2026-03-02T19:37:02","guid":{"rendered":"https:\/\/odavprint.ee\/?post_type=product&#038;p=221187"},"modified":"2026-04-21T12:50:03","modified_gmt":"2026-04-21T09:50:03","slug":"primacreator-flex-resin-1000ml","status":"publish","type":"product","link":"https:\/\/odavprint.ee\/en\/product\/primacreator-flex-resin-1000ml\/","title":{"rendered":"PrimaCreator Flex Resin 1000mL"},"content":{"rendered":"<p>Toode asub kesklaos<\/p>\n<p>PrimaCreator Value Flex UV Vaik on paindlik vaik, mis on m\u00f5eldud 3D-printimiseks UV- ja DLP-printeritega. See pakub omadusi nagu k\u00f5rge paindlikkus ja vastupidavus, sobides objektidele, mis vajavad painutamist v\u00f5i l\u00f6\u00f6gikindlust. See vaik sobib ideaalselt painduvate osade, nagu hinged, telefonikatted ja muud painduvad esemed, loomiseks.<br \/>\nRohkem infot<\/p>\n","protected":false},"excerpt":{"rendered":"<p>Toode asub kesklaos PrimaCreator Value Flex UV Vaik on paindlik vaik, mis on m\u00f5eldud 3D-printimiseks UV- ja DLP-printeritega. See pakub omadusi nagu k\u00f5rge paindlikkus ja vastupidavus, sobides objektidele, mis vajavad painutamist v\u00f5i l\u00f6\u00f6gikindlust. See vaik sobib ideaalselt painduvate osade, nagu hinged, telefonikatted ja muud painduvad esemed, loomiseks. Rohkem infot<\/p>\n","protected":false},"featured_media":221188,"template":"","meta":{"inline_featured_image":false},"product_cat":[39605],"product_tag":[],"yoast_head":"<!-- This site is optimized with the Yoast SEO Premium plugin v23.0 (Yoast SEO v23.0) - https:\/\/yoast.com\/wordpress\/plugins\/seo\/ -->\n<title>PrimaCreator Flex Resin 1000mL, hea hinnaga, osta e-pood - Odav Print<\/title>\n<meta name=\"description\" content=\"Osta PrimaCreator Flex Resin 1000mL Odav Print \u260e +372 5911 9495 \u2714\ufe0f Parim hind PrimaCreator Flex Resin 1000mL jaoks \u26df Kiire kohaletoimetamine Eestis \u2b50 Garanteeritud\" \/>\n<meta name=\"robots\" content=\"index, follow, max-snippet:-1, max-image-preview:large, max-video-preview:-1\" \/>\n<link rel=\"canonical\" href=\"https:\/\/odavprint.ee\/en\/product\/primacreator-flex-resin-1000ml\/\" \/>\n<meta property=\"og:locale\" content=\"en_US\" \/>\n<meta property=\"og:type\" content=\"article\" \/>\n<meta property=\"og:title\" content=\"PrimaCreator Flex Resin 1000mL\" \/>\n<meta property=\"og:description\" content=\"Osta PrimaCreator Flex Resin 1000mL Odav Print \u260e +372 5911 9495 \u2714\ufe0f Parim hind PrimaCreator Flex Resin 1000mL jaoks \u26df Kiire kohaletoimetamine Eestis \u2b50 Garanteeritud\" \/>\n<meta property=\"og:url\" content=\"https:\/\/odavprint.ee\/en\/product\/primacreator-flex-resin-1000ml\/\" \/>\n<meta property=\"og:site_name\" content=\"Odav Print\" \/>\n<meta property=\"article:modified_time\" content=\"2026-04-21T09:50:03+00:00\" \/>\n<meta name=\"twitter:card\" content=\"summary_large_image\" \/>\n<meta name=\"twitter:label1\" content=\"Price\" \/>\n\t<meta name=\"twitter:data1\" content=\"&euro;82.77\" \/>\n\t<meta name=\"twitter:label2\" content=\"Availability\" \/>\n\t<meta name=\"twitter:data2\" content=\"In stock\" \/>\n<script type=\"application\/ld+json\" class=\"yoast-schema-graph\">{\"@context\":\"https:\/\/schema.org\",\"@graph\":[{\"@type\":[\"WebPage\",\"ItemPage\"],\"@id\":\"https:\/\/odavprint.ee\/en\/product\/primacreator-flex-resin-1000ml\/\",\"url\":\"https:\/\/odavprint.ee\/en\/product\/primacreator-flex-resin-1000ml\/\",\"name\":\"PrimaCreator Flex Resin 1000mL, hea hinnaga, osta e-pood - Odav Print\",\"isPartOf\":{\"@id\":\"https:\/\/odavprint.ee\/en\/#website\"},\"primaryImageOfPage\":{\"@id\":\"https:\/\/odavprint.ee\/en\/product\/primacreator-flex-resin-1000ml\/#primaryimage\"},\"image\":{\"@id\":\"https:\/\/odavprint.ee\/en\/product\/primacreator-flex-resin-1000ml\/#primaryimage\"},\"thumbnailUrl\":\"https:\/\/odavprint.ee\/wp-content\/uploads\/2026\/03\/PrimaCreator-Value-Flex.png\",\"datePublished\":\"2026-03-02T19:37:02+00:00\",\"dateModified\":\"2026-04-21T09:50:03+00:00\",\"description\":\"Osta PrimaCreator Flex Resin 1000mL Odav Print \u260e +372 5911 9495 \u2714\ufe0f Parim hind PrimaCreator Flex Resin 1000mL jaoks \u26df Kiire kohaletoimetamine Eestis \u2b50 Garanteeritud\",\"breadcrumb\":{\"@id\":\"https:\/\/odavprint.ee\/en\/product\/primacreator-flex-resin-1000ml\/#breadcrumb\"},\"inLanguage\":\"en-US\",\"potentialAction\":[{\"@type\":\"ReadAction\",\"target\":[\"https:\/\/odavprint.ee\/en\/product\/primacreator-flex-resin-1000ml\/\"]}]},{\"@type\":\"ImageObject\",\"inLanguage\":\"en-US\",\"@id\":\"https:\/\/odavprint.ee\/en\/product\/primacreator-flex-resin-1000ml\/#primaryimage\",\"url\":\"https:\/\/odavprint.ee\/wp-content\/uploads\/2026\/03\/PrimaCreator-Value-Flex.png\",\"contentUrl\":\"https:\/\/odavprint.ee\/wp-content\/uploads\/2026\/03\/PrimaCreator-Value-Flex.png\",\"width\":2000,\"height\":2000},{\"@type\":\"BreadcrumbList\",\"@id\":\"https:\/\/odavprint.ee\/en\/product\/primacreator-flex-resin-1000ml\/#breadcrumb\",\"itemListElement\":[{\"@type\":\"ListItem\",\"position\":1,\"name\":\"Home\",\"item\":\"https:\/\/odavprint.ee\/en\/\"},{\"@type\":\"ListItem\",\"position\":2,\"name\":\"Shop\",\"item\":\"https:\/\/odavprint.ee\/en\/shop\/\"},{\"@type\":\"ListItem\",\"position\":3,\"name\":\"PrimaCreator Flex Resin 1000mL\"}]},{\"@type\":\"WebSite\",\"@id\":\"https:\/\/odavprint.ee\/en\/#website\",\"url\":\"https:\/\/odavprint.ee\/en\/\",\"name\":\"Odav Print\",\"description\":\"Just another WordPress site\",\"publisher\":{\"@id\":\"https:\/\/odavprint.ee\/en\/#organization\"},\"alternateName\":\"Kassettide, toonerite t\u00e4itmine ja m\u00fc\u00fck.\",\"potentialAction\":[{\"@type\":\"SearchAction\",\"target\":{\"@type\":\"EntryPoint\",\"urlTemplate\":\"https:\/\/odavprint.ee\/en\/?s={search_term_string}\"},\"query-input\":\"required name=search_term_string\"}],\"inLanguage\":\"en-US\"},{\"@type\":[\"Organization\",\"Place\"],\"@id\":\"https:\/\/odavprint.ee\/en\/#organization\",\"name\":\"Odav Print O\u00dc\",\"url\":\"https:\/\/odavprint.ee\/en\/\",\"logo\":{\"@id\":\"https:\/\/odavprint.ee\/en\/product\/primacreator-flex-resin-1000ml\/#local-main-organization-logo\"},\"image\":{\"@id\":\"https:\/\/odavprint.ee\/en\/product\/primacreator-flex-resin-1000ml\/#local-main-organization-logo\"},\"address\":{\"@id\":\"https:\/\/odavprint.ee\/en\/product\/primacreator-flex-resin-1000ml\/#local-main-place-address\"},\"geo\":{\"@type\":\"GeoCoordinates\",\"latitude\":\"59.4306504\",\"longitude\":\"24.8095743\"},\"telephone\":[\"53836926\"],\"openingHoursSpecification\":[{\"@type\":\"OpeningHoursSpecification\",\"dayOfWeek\":[\"Monday\",\"Tuesday\",\"Wednesday\",\"Thursday\",\"Friday\",\"Saturday\",\"Sunday\"],\"opens\":\"09:00\",\"closes\":\"17:00\"}],\"email\":\"info@odavprint.eu\"},{\"@type\":\"PostalAddress\",\"@id\":\"https:\/\/odavprint.ee\/en\/product\/primacreator-flex-resin-1000ml\/#local-main-place-address\",\"streetAddress\":\"Pae tn 28\",\"addressLocality\":\"Tallinn\",\"postalCode\":\"11415\",\"addressRegion\":\"Harjumaa\",\"addressCountry\":\"EE\"},{\"@type\":\"ImageObject\",\"inLanguage\":\"en-US\",\"@id\":\"https:\/\/odavprint.ee\/en\/product\/primacreator-flex-resin-1000ml\/#local-main-organization-logo\",\"url\":\"https:\/\/odavprint.ee\/wp-content\/uploads\/2018\/10\/odavprint-logo-240.jpg\",\"contentUrl\":\"https:\/\/odavprint.ee\/wp-content\/uploads\/2018\/10\/odavprint-logo-240.jpg\",\"width\":240,\"height\":36,\"caption\":\"Odav Print O\u00dc\"}]}<\/script>\n<meta property=\"product:price:amount\" content=\"82.77\" \/>\n<meta property=\"product:price:currency\" content=\"EUR\" \/>\n<meta property=\"og:availability\" content=\"instock\" \/>\n<meta property=\"product:availability\" content=\"instock\" \/>\n<meta property=\"product:condition\" content=\"new\" \/>\n<meta name=\"geo.placename\" content=\"Tallinn\" \/>\n<meta name=\"geo.position\" content=\"59.4306504;24.8095743\" \/>\n<meta name=\"geo.region\" content=\"Estonia\" \/>\n<!-- \/ Yoast SEO Premium plugin. -->","yoast_head_json":{"title":"PrimaCreator Flex Resin 1000mL, hea hinnaga, osta e-pood - Odav Print","description":"Osta PrimaCreator Flex Resin 1000mL Odav Print \u260e +372 5911 9495 \u2714\ufe0f Parim hind PrimaCreator Flex Resin 1000mL jaoks \u26df Kiire kohaletoimetamine Eestis \u2b50 Garanteeritud","robots":{"index":"index","follow":"follow","max-snippet":"max-snippet:-1","max-image-preview":"max-image-preview:large","max-video-preview":"max-video-preview:-1"},"canonical":"https:\/\/odavprint.ee\/en\/product\/primacreator-flex-resin-1000ml\/","og_locale":"en_US","og_type":"article","og_title":"PrimaCreator Flex Resin 1000mL","og_description":"Osta PrimaCreator Flex Resin 1000mL Odav Print \u260e +372 5911 9495 \u2714\ufe0f Parim hind PrimaCreator Flex Resin 1000mL jaoks \u26df Kiire kohaletoimetamine Eestis \u2b50 Garanteeritud","og_url":"https:\/\/odavprint.ee\/en\/product\/primacreator-flex-resin-1000ml\/","og_site_name":"Odav Print","article_modified_time":"2026-04-21T09:50:03+00:00","twitter_card":"summary_large_image","twitter_misc":{"Price":"&euro;82.77","Availability":"In stock"},"schema":{"@context":"https:\/\/schema.org","@graph":[{"@type":["WebPage","ItemPage"],"@id":"https:\/\/odavprint.ee\/en\/product\/primacreator-flex-resin-1000ml\/","url":"https:\/\/odavprint.ee\/en\/product\/primacreator-flex-resin-1000ml\/","name":"PrimaCreator Flex Resin 1000mL, hea hinnaga, osta e-pood - Odav Print","isPartOf":{"@id":"https:\/\/odavprint.ee\/en\/#website"},"primaryImageOfPage":{"@id":"https:\/\/odavprint.ee\/en\/product\/primacreator-flex-resin-1000ml\/#primaryimage"},"image":{"@id":"https:\/\/odavprint.ee\/en\/product\/primacreator-flex-resin-1000ml\/#primaryimage"},"thumbnailUrl":"https:\/\/odavprint.ee\/wp-content\/uploads\/2026\/03\/PrimaCreator-Value-Flex.png","datePublished":"2026-03-02T19:37:02+00:00","dateModified":"2026-04-21T09:50:03+00:00","description":"Osta PrimaCreator Flex Resin 1000mL Odav Print \u260e +372 5911 9495 \u2714\ufe0f Parim hind PrimaCreator Flex Resin 1000mL jaoks \u26df Kiire kohaletoimetamine Eestis \u2b50 Garanteeritud","breadcrumb":{"@id":"https:\/\/odavprint.ee\/en\/product\/primacreator-flex-resin-1000ml\/#breadcrumb"},"inLanguage":"en-US","potentialAction":[{"@type":"ReadAction","target":["https:\/\/odavprint.ee\/en\/product\/primacreator-flex-resin-1000ml\/"]}]},{"@type":"ImageObject","inLanguage":"en-US","@id":"https:\/\/odavprint.ee\/en\/product\/primacreator-flex-resin-1000ml\/#primaryimage","url":"https:\/\/odavprint.ee\/wp-content\/uploads\/2026\/03\/PrimaCreator-Value-Flex.png","contentUrl":"https:\/\/odavprint.ee\/wp-content\/uploads\/2026\/03\/PrimaCreator-Value-Flex.png","width":2000,"height":2000},{"@type":"BreadcrumbList","@id":"https:\/\/odavprint.ee\/en\/product\/primacreator-flex-resin-1000ml\/#breadcrumb","itemListElement":[{"@type":"ListItem","position":1,"name":"Home","item":"https:\/\/odavprint.ee\/en\/"},{"@type":"ListItem","position":2,"name":"Shop","item":"https:\/\/odavprint.ee\/en\/shop\/"},{"@type":"ListItem","position":3,"name":"PrimaCreator Flex Resin 1000mL"}]},{"@type":"WebSite","@id":"https:\/\/odavprint.ee\/en\/#website","url":"https:\/\/odavprint.ee\/en\/","name":"Odav Print","description":"Just another WordPress site","publisher":{"@id":"https:\/\/odavprint.ee\/en\/#organization"},"alternateName":"Kassettide, toonerite t\u00e4itmine ja m\u00fc\u00fck.","potentialAction":[{"@type":"SearchAction","target":{"@type":"EntryPoint","urlTemplate":"https:\/\/odavprint.ee\/en\/?s={search_term_string}"},"query-input":"required name=search_term_string"}],"inLanguage":"en-US"},{"@type":["Organization","Place"],"@id":"https:\/\/odavprint.ee\/en\/#organization","name":"Odav Print O\u00dc","url":"https:\/\/odavprint.ee\/en\/","logo":{"@id":"https:\/\/odavprint.ee\/en\/product\/primacreator-flex-resin-1000ml\/#local-main-organization-logo"},"image":{"@id":"https:\/\/odavprint.ee\/en\/product\/primacreator-flex-resin-1000ml\/#local-main-organization-logo"},"address":{"@id":"https:\/\/odavprint.ee\/en\/product\/primacreator-flex-resin-1000ml\/#local-main-place-address"},"geo":{"@type":"GeoCoordinates","latitude":"59.4306504","longitude":"24.8095743"},"telephone":["53836926"],"openingHoursSpecification":[{"@type":"OpeningHoursSpecification","dayOfWeek":["Monday","Tuesday","Wednesday","Thursday","Friday","Saturday","Sunday"],"opens":"09:00","closes":"17:00"}],"email":"info@odavprint.eu"},{"@type":"PostalAddress","@id":"https:\/\/odavprint.ee\/en\/product\/primacreator-flex-resin-1000ml\/#local-main-place-address","streetAddress":"Pae tn 28","addressLocality":"Tallinn","postalCode":"11415","addressRegion":"Harjumaa","addressCountry":"EE"},{"@type":"ImageObject","inLanguage":"en-US","@id":"https:\/\/odavprint.ee\/en\/product\/primacreator-flex-resin-1000ml\/#local-main-organization-logo","url":"https:\/\/odavprint.ee\/wp-content\/uploads\/2018\/10\/odavprint-logo-240.jpg","contentUrl":"https:\/\/odavprint.ee\/wp-content\/uploads\/2018\/10\/odavprint-logo-240.jpg","width":240,"height":36,"caption":"Odav Print O\u00dc"}]},"product_price_amount":"82.77","product_price_currency":"EUR","og_availability":"instock","product_availability":"instock","product_condition":"new","geo.placename":"Tallinn","geo.position":{"lat":"59.4306504","long":"24.8095743"},"geo.region":"Estonia"},"_links":{"self":[{"href":"https:\/\/odavprint.ee\/en\/wp-json\/wp\/v2\/product\/221187"}],"collection":[{"href":"https:\/\/odavprint.ee\/en\/wp-json\/wp\/v2\/product"}],"about":[{"href":"https:\/\/odavprint.ee\/en\/wp-json\/wp\/v2\/types\/product"}],"wp:featuredmedia":[{"embeddable":true,"href":"https:\/\/odavprint.ee\/en\/wp-json\/wp\/v2\/media\/221188"}],"wp:attachment":[{"href":"https:\/\/odavprint.ee\/en\/wp-json\/wp\/v2\/media?parent=221187"}],"wp:term":[{"taxonomy":"product_cat","embeddable":true,"href":"https:\/\/odavprint.ee\/en\/wp-json\/wp\/v2\/product_cat?post=221187"},{"taxonomy":"product_tag","embeddable":true,"href":"https:\/\/odavprint.ee\/en\/wp-json\/wp\/v2\/product_tag?post=221187"}],"curies":[{"name":"wp","href":"https:\/\/api.w.org\/{rel}","templated":true}]}}