{"id":221199,"date":"2026-03-02T21:37:23","date_gmt":"2026-03-02T19:37:23","guid":{"rendered":"https:\/\/odavprint.ee\/?post_type=product&#038;p=221199"},"modified":"2026-03-13T15:06:12","modified_gmt":"2026-03-13T13:06:12","slug":"creality-halot-lite-cl-89l","status":"publish","type":"product","link":"https:\/\/odavprint.ee\/en\/product\/creality-halot-lite-cl-89l\/","title":{"rendered":"Creality Halot Lite CL-89L"},"content":{"rendered":"<p>Toode asub kesklaos<\/p>\n<p>Tehnilised andmed<\/p>\n<p>192 x 120 x 200 mm t\u00f6\u00f6ala.<\/p>\n<p>V\u00e4ga t\u00f5hus jahutus ja filtreerimine.<\/p>\n<p>Lihtne tasandusfunktsioon.<\/p>\n<p>Suure t\u00e4psusega integreeritud valgusallikas.<\/p>\n<p>Spetsifikatsioonid<\/p>\n","protected":false},"excerpt":{"rendered":"<p>Toode asub kesklaos Tehnilised andmed 192 x 120 x 200 mm t\u00f6\u00f6ala. V\u00e4ga t\u00f5hus jahutus ja filtreerimine. Lihtne tasandusfunktsioon. Suure t\u00e4psusega integreeritud valgusallikas. Spetsifikatsioonid<\/p>\n","protected":false},"featured_media":221200,"template":"","meta":{"inline_featured_image":false},"product_cat":[39606,39609],"product_tag":[],"yoast_head":"<!-- This site is optimized with the Yoast SEO Premium plugin v23.0 (Yoast SEO v23.0) - https:\/\/yoast.com\/wordpress\/plugins\/seo\/ -->\n<title>Creality Halot Lite CL-89L, hea hinnaga, osta e-pood - Odav Print<\/title>\n<meta name=\"description\" content=\"Osta Creality Halot Lite CL-89L Odav Print \u260e +372 5911 9495 \u2714\ufe0f Parim hind Creality Halot Lite CL-89L jaoks \u26df Kiire kohaletoimetamine Eestis \u2b50 Garanteeritud\" \/>\n<meta name=\"robots\" content=\"index, follow, max-snippet:-1, max-image-preview:large, max-video-preview:-1\" \/>\n<link rel=\"canonical\" href=\"https:\/\/odavprint.ee\/en\/product\/creality-halot-lite-cl-89l\/\" \/>\n<meta property=\"og:locale\" content=\"en_US\" \/>\n<meta property=\"og:type\" content=\"article\" \/>\n<meta property=\"og:title\" content=\"Creality Halot Lite CL-89L\" \/>\n<meta property=\"og:description\" content=\"Osta Creality Halot Lite CL-89L Odav Print \u260e +372 5911 9495 \u2714\ufe0f Parim hind Creality Halot Lite CL-89L jaoks \u26df Kiire kohaletoimetamine Eestis \u2b50 Garanteeritud\" \/>\n<meta property=\"og:url\" content=\"https:\/\/odavprint.ee\/en\/product\/creality-halot-lite-cl-89l\/\" \/>\n<meta property=\"og:site_name\" content=\"Odav Print\" \/>\n<meta property=\"article:modified_time\" content=\"2026-03-13T13:06:12+00:00\" \/>\n<meta property=\"og:image\" content=\"https:\/\/odavprint.ee\/wp-content\/uploads\/2026\/03\/Creality-Halot-LITE-CL-89l-CL-89L-1.jpeg\" \/>\n\t<meta property=\"og:image:width\" content=\"497\" \/>\n\t<meta property=\"og:image:height\" content=\"767\" \/>\n\t<meta property=\"og:image:type\" content=\"image\/jpeg\" \/>\n<meta name=\"twitter:card\" content=\"summary_large_image\" \/>\n<meta name=\"twitter:label1\" content=\"Price\" \/>\n\t<meta name=\"twitter:data1\" content=\"&euro;630.23\" \/>\n\t<meta name=\"twitter:label2\" content=\"Availability\" \/>\n\t<meta name=\"twitter:data2\" content=\"On backorder\" \/>\n<script type=\"application\/ld+json\" class=\"yoast-schema-graph\">{\"@context\":\"https:\/\/schema.org\",\"@graph\":[{\"@type\":[\"WebPage\",\"ItemPage\"],\"@id\":\"https:\/\/odavprint.ee\/en\/product\/creality-halot-lite-cl-89l\/\",\"url\":\"https:\/\/odavprint.ee\/en\/product\/creality-halot-lite-cl-89l\/\",\"name\":\"Creality Halot Lite CL-89L, hea hinnaga, osta e-pood - Odav Print\",\"isPartOf\":{\"@id\":\"https:\/\/odavprint.ee\/en\/#website\"},\"primaryImageOfPage\":{\"@id\":\"https:\/\/odavprint.ee\/en\/product\/creality-halot-lite-cl-89l\/#primaryimage\"},\"image\":{\"@id\":\"https:\/\/odavprint.ee\/en\/product\/creality-halot-lite-cl-89l\/#primaryimage\"},\"thumbnailUrl\":\"https:\/\/odavprint.ee\/wp-content\/uploads\/2026\/03\/Creality-Halot-LITE-CL-89l-CL-89L-1.jpeg\",\"datePublished\":\"2026-03-02T19:37:23+00:00\",\"dateModified\":\"2026-03-13T13:06:12+00:00\",\"description\":\"Osta Creality Halot Lite CL-89L Odav Print \u260e +372 5911 9495 \u2714\ufe0f Parim hind Creality Halot Lite CL-89L jaoks \u26df Kiire kohaletoimetamine Eestis \u2b50 Garanteeritud\",\"breadcrumb\":{\"@id\":\"https:\/\/odavprint.ee\/en\/product\/creality-halot-lite-cl-89l\/#breadcrumb\"},\"inLanguage\":\"en-US\",\"potentialAction\":[{\"@type\":\"ReadAction\",\"target\":[\"https:\/\/odavprint.ee\/en\/product\/creality-halot-lite-cl-89l\/\"]}]},{\"@type\":\"ImageObject\",\"inLanguage\":\"en-US\",\"@id\":\"https:\/\/odavprint.ee\/en\/product\/creality-halot-lite-cl-89l\/#primaryimage\",\"url\":\"https:\/\/odavprint.ee\/wp-content\/uploads\/2026\/03\/Creality-Halot-LITE-CL-89l-CL-89L-1.jpeg\",\"contentUrl\":\"https:\/\/odavprint.ee\/wp-content\/uploads\/2026\/03\/Creality-Halot-LITE-CL-89l-CL-89L-1.jpeg\",\"width\":497,\"height\":767},{\"@type\":\"BreadcrumbList\",\"@id\":\"https:\/\/odavprint.ee\/en\/product\/creality-halot-lite-cl-89l\/#breadcrumb\",\"itemListElement\":[{\"@type\":\"ListItem\",\"position\":1,\"name\":\"Home\",\"item\":\"https:\/\/odavprint.ee\/en\/\"},{\"@type\":\"ListItem\",\"position\":2,\"name\":\"Shop\",\"item\":\"https:\/\/odavprint.ee\/en\/shop\/\"},{\"@type\":\"ListItem\",\"position\":3,\"name\":\"Creality Halot Lite CL-89L\"}]},{\"@type\":\"WebSite\",\"@id\":\"https:\/\/odavprint.ee\/en\/#website\",\"url\":\"https:\/\/odavprint.ee\/en\/\",\"name\":\"Odav Print\",\"description\":\"Just another WordPress site\",\"publisher\":{\"@id\":\"https:\/\/odavprint.ee\/en\/#organization\"},\"alternateName\":\"Kassettide, toonerite t\u00e4itmine ja m\u00fc\u00fck.\",\"potentialAction\":[{\"@type\":\"SearchAction\",\"target\":{\"@type\":\"EntryPoint\",\"urlTemplate\":\"https:\/\/odavprint.ee\/en\/?s={search_term_string}\"},\"query-input\":\"required name=search_term_string\"}],\"inLanguage\":\"en-US\"},{\"@type\":[\"Organization\",\"Place\"],\"@id\":\"https:\/\/odavprint.ee\/en\/#organization\",\"name\":\"Odav Print O\u00dc\",\"url\":\"https:\/\/odavprint.ee\/en\/\",\"logo\":{\"@id\":\"https:\/\/odavprint.ee\/en\/product\/creality-halot-lite-cl-89l\/#local-main-organization-logo\"},\"image\":{\"@id\":\"https:\/\/odavprint.ee\/en\/product\/creality-halot-lite-cl-89l\/#local-main-organization-logo\"},\"address\":{\"@id\":\"https:\/\/odavprint.ee\/en\/product\/creality-halot-lite-cl-89l\/#local-main-place-address\"},\"geo\":{\"@type\":\"GeoCoordinates\",\"latitude\":\"59.4306504\",\"longitude\":\"24.8095743\"},\"telephone\":[\"53836926\"],\"openingHoursSpecification\":[{\"@type\":\"OpeningHoursSpecification\",\"dayOfWeek\":[\"Monday\",\"Tuesday\",\"Wednesday\",\"Thursday\",\"Friday\",\"Saturday\",\"Sunday\"],\"opens\":\"09:00\",\"closes\":\"17:00\"}],\"email\":\"info@odavprint.eu\"},{\"@type\":\"PostalAddress\",\"@id\":\"https:\/\/odavprint.ee\/en\/product\/creality-halot-lite-cl-89l\/#local-main-place-address\",\"streetAddress\":\"Pae tn 28\",\"addressLocality\":\"Tallinn\",\"postalCode\":\"11415\",\"addressRegion\":\"Harjumaa\",\"addressCountry\":\"EE\"},{\"@type\":\"ImageObject\",\"inLanguage\":\"en-US\",\"@id\":\"https:\/\/odavprint.ee\/en\/product\/creality-halot-lite-cl-89l\/#local-main-organization-logo\",\"url\":\"https:\/\/odavprint.ee\/wp-content\/uploads\/2018\/10\/odavprint-logo-240.jpg\",\"contentUrl\":\"https:\/\/odavprint.ee\/wp-content\/uploads\/2018\/10\/odavprint-logo-240.jpg\",\"width\":240,\"height\":36,\"caption\":\"Odav Print O\u00dc\"}]}<\/script>\n<meta property=\"product:price:amount\" content=\"630.23\" \/>\n<meta property=\"product:price:currency\" content=\"EUR\" \/>\n<meta property=\"og:availability\" content=\"backorder\" \/>\n<meta property=\"product:availability\" content=\"available for order\" \/>\n<meta property=\"product:condition\" content=\"new\" \/>\n<meta name=\"geo.placename\" content=\"Tallinn\" \/>\n<meta name=\"geo.position\" content=\"59.4306504;24.8095743\" \/>\n<meta name=\"geo.region\" content=\"Estonia\" \/>\n<!-- \/ Yoast SEO Premium plugin. -->","yoast_head_json":{"title":"Creality Halot Lite CL-89L, hea hinnaga, osta e-pood - Odav Print","description":"Osta Creality Halot Lite CL-89L Odav Print \u260e +372 5911 9495 \u2714\ufe0f Parim hind Creality Halot Lite CL-89L jaoks \u26df Kiire kohaletoimetamine Eestis \u2b50 Garanteeritud","robots":{"index":"index","follow":"follow","max-snippet":"max-snippet:-1","max-image-preview":"max-image-preview:large","max-video-preview":"max-video-preview:-1"},"canonical":"https:\/\/odavprint.ee\/en\/product\/creality-halot-lite-cl-89l\/","og_locale":"en_US","og_type":"article","og_title":"Creality Halot Lite CL-89L","og_description":"Osta Creality Halot Lite CL-89L Odav Print \u260e +372 5911 9495 \u2714\ufe0f Parim hind Creality Halot Lite CL-89L jaoks \u26df Kiire kohaletoimetamine Eestis \u2b50 Garanteeritud","og_url":"https:\/\/odavprint.ee\/en\/product\/creality-halot-lite-cl-89l\/","og_site_name":"Odav Print","article_modified_time":"2026-03-13T13:06:12+00:00","og_image":[{"width":497,"height":767,"url":"https:\/\/odavprint.ee\/wp-content\/uploads\/2026\/03\/Creality-Halot-LITE-CL-89l-CL-89L-1.jpeg","type":"image\/jpeg"}],"twitter_card":"summary_large_image","twitter_misc":{"Price":"&euro;630.23","Availability":"On backorder"},"schema":{"@context":"https:\/\/schema.org","@graph":[{"@type":["WebPage","ItemPage"],"@id":"https:\/\/odavprint.ee\/en\/product\/creality-halot-lite-cl-89l\/","url":"https:\/\/odavprint.ee\/en\/product\/creality-halot-lite-cl-89l\/","name":"Creality Halot Lite CL-89L, hea hinnaga, osta e-pood - Odav Print","isPartOf":{"@id":"https:\/\/odavprint.ee\/en\/#website"},"primaryImageOfPage":{"@id":"https:\/\/odavprint.ee\/en\/product\/creality-halot-lite-cl-89l\/#primaryimage"},"image":{"@id":"https:\/\/odavprint.ee\/en\/product\/creality-halot-lite-cl-89l\/#primaryimage"},"thumbnailUrl":"https:\/\/odavprint.ee\/wp-content\/uploads\/2026\/03\/Creality-Halot-LITE-CL-89l-CL-89L-1.jpeg","datePublished":"2026-03-02T19:37:23+00:00","dateModified":"2026-03-13T13:06:12+00:00","description":"Osta Creality Halot Lite CL-89L Odav Print \u260e +372 5911 9495 \u2714\ufe0f Parim hind Creality Halot Lite CL-89L jaoks \u26df Kiire kohaletoimetamine Eestis \u2b50 Garanteeritud","breadcrumb":{"@id":"https:\/\/odavprint.ee\/en\/product\/creality-halot-lite-cl-89l\/#breadcrumb"},"inLanguage":"en-US","potentialAction":[{"@type":"ReadAction","target":["https:\/\/odavprint.ee\/en\/product\/creality-halot-lite-cl-89l\/"]}]},{"@type":"ImageObject","inLanguage":"en-US","@id":"https:\/\/odavprint.ee\/en\/product\/creality-halot-lite-cl-89l\/#primaryimage","url":"https:\/\/odavprint.ee\/wp-content\/uploads\/2026\/03\/Creality-Halot-LITE-CL-89l-CL-89L-1.jpeg","contentUrl":"https:\/\/odavprint.ee\/wp-content\/uploads\/2026\/03\/Creality-Halot-LITE-CL-89l-CL-89L-1.jpeg","width":497,"height":767},{"@type":"BreadcrumbList","@id":"https:\/\/odavprint.ee\/en\/product\/creality-halot-lite-cl-89l\/#breadcrumb","itemListElement":[{"@type":"ListItem","position":1,"name":"Home","item":"https:\/\/odavprint.ee\/en\/"},{"@type":"ListItem","position":2,"name":"Shop","item":"https:\/\/odavprint.ee\/en\/shop\/"},{"@type":"ListItem","position":3,"name":"Creality Halot Lite CL-89L"}]},{"@type":"WebSite","@id":"https:\/\/odavprint.ee\/en\/#website","url":"https:\/\/odavprint.ee\/en\/","name":"Odav Print","description":"Just another WordPress site","publisher":{"@id":"https:\/\/odavprint.ee\/en\/#organization"},"alternateName":"Kassettide, toonerite t\u00e4itmine ja m\u00fc\u00fck.","potentialAction":[{"@type":"SearchAction","target":{"@type":"EntryPoint","urlTemplate":"https:\/\/odavprint.ee\/en\/?s={search_term_string}"},"query-input":"required name=search_term_string"}],"inLanguage":"en-US"},{"@type":["Organization","Place"],"@id":"https:\/\/odavprint.ee\/en\/#organization","name":"Odav Print O\u00dc","url":"https:\/\/odavprint.ee\/en\/","logo":{"@id":"https:\/\/odavprint.ee\/en\/product\/creality-halot-lite-cl-89l\/#local-main-organization-logo"},"image":{"@id":"https:\/\/odavprint.ee\/en\/product\/creality-halot-lite-cl-89l\/#local-main-organization-logo"},"address":{"@id":"https:\/\/odavprint.ee\/en\/product\/creality-halot-lite-cl-89l\/#local-main-place-address"},"geo":{"@type":"GeoCoordinates","latitude":"59.4306504","longitude":"24.8095743"},"telephone":["53836926"],"openingHoursSpecification":[{"@type":"OpeningHoursSpecification","dayOfWeek":["Monday","Tuesday","Wednesday","Thursday","Friday","Saturday","Sunday"],"opens":"09:00","closes":"17:00"}],"email":"info@odavprint.eu"},{"@type":"PostalAddress","@id":"https:\/\/odavprint.ee\/en\/product\/creality-halot-lite-cl-89l\/#local-main-place-address","streetAddress":"Pae tn 28","addressLocality":"Tallinn","postalCode":"11415","addressRegion":"Harjumaa","addressCountry":"EE"},{"@type":"ImageObject","inLanguage":"en-US","@id":"https:\/\/odavprint.ee\/en\/product\/creality-halot-lite-cl-89l\/#local-main-organization-logo","url":"https:\/\/odavprint.ee\/wp-content\/uploads\/2018\/10\/odavprint-logo-240.jpg","contentUrl":"https:\/\/odavprint.ee\/wp-content\/uploads\/2018\/10\/odavprint-logo-240.jpg","width":240,"height":36,"caption":"Odav Print O\u00dc"}]},"product_price_amount":"630.23","product_price_currency":"EUR","og_availability":"backorder","product_availability":"available for order","product_condition":"new","geo.placename":"Tallinn","geo.position":{"lat":"59.4306504","long":"24.8095743"},"geo.region":"Estonia"},"_links":{"self":[{"href":"https:\/\/odavprint.ee\/en\/wp-json\/wp\/v2\/product\/221199"}],"collection":[{"href":"https:\/\/odavprint.ee\/en\/wp-json\/wp\/v2\/product"}],"about":[{"href":"https:\/\/odavprint.ee\/en\/wp-json\/wp\/v2\/types\/product"}],"wp:featuredmedia":[{"embeddable":true,"href":"https:\/\/odavprint.ee\/en\/wp-json\/wp\/v2\/media\/221200"}],"wp:attachment":[{"href":"https:\/\/odavprint.ee\/en\/wp-json\/wp\/v2\/media?parent=221199"}],"wp:term":[{"taxonomy":"product_cat","embeddable":true,"href":"https:\/\/odavprint.ee\/en\/wp-json\/wp\/v2\/product_cat?post=221199"},{"taxonomy":"product_tag","embeddable":true,"href":"https:\/\/odavprint.ee\/en\/wp-json\/wp\/v2\/product_tag?post=221199"}],"curies":[{"name":"wp","href":"https:\/\/api.w.org\/{rel}","templated":true}]}}