{"id":221663,"date":"2026-03-02T22:43:16","date_gmt":"2026-03-02T20:43:16","guid":{"rendered":"https:\/\/odavprint.ee\/?post_type=product&#038;p=221663"},"modified":"2026-03-02T22:43:16","modified_gmt":"2026-03-02T20:43:16","slug":"revopoint-pop-3-3d-skanner","status":"publish","type":"product","link":"https:\/\/odavprint.ee\/en\/product\/revopoint-pop-3-3d-skanner\/","title":{"rendered":"Revopoint POP 3 3D skanner"},"content":{"rendered":"<p><iframe loading=\"lazy\" title=\"Revopoint POP 3 3D Scanner: Stabilized Elegance for Medium Scans\" width=\"1020\" height=\"574\" src=\"https:\/\/www.youtube.com\/embed\/IQ7NU5g6oKk?list=PLN8UlQmwKrZLHp7hcxwkoEHCnXtvRhAe4\" frameborder=\"0\" allow=\"accelerometer; autoplay; clipboard-write; encrypted-media; gyroscope; picture-in-picture; web-share\" referrerpolicy=\"strict-origin-when-cross-origin\" allowfullscreen><\/iframe><br \/>\nRevopoint POP 3 \u2013 Kompaktne ja mitmek\u00fclgne 3D-skanner<br \/>\nRevopoint POP 3 on kaasaskantav 3D-skanner, mis \u00fchendab t\u00e4psuse, kiiruse ja kasutusmugavuse. T\u00e4nu t\u00e4iustatud RGB-kaamerale ja infrapuna struktureeritud valgusele suudab see j\u00e4\u00e4dvustada keskmise suurusega objekte elutruult ja detailirohkelt.<\/p>\n<p>Tehnilised andmed:<\/p>\n<p>Skaneerimistehnoloogia: Kahekaameraline infrapuna struktureeritud valgus<\/p>\n<p>\u00dche kaadri t\u00e4psus: Kuni 0,1 mm<\/p>\n<p>\u00dche kaadri t\u00e4psus: Kuni 0,05 mm<\/p>\n<p>Skaneerimiskiirus: Kuni 18 kaadrit sekundis<\/p>\n<p>Punktide vahe: Kuni 0,05 mm<\/p>\n<p>Skaneerimisala: 61 \u00d7 68 mm (150 mm kaugusel) kuni 244 \u00d7 180 mm (400 mm kaugusel)<\/p>\n<p>T\u00f6\u00f6vahemik: 150\u2013400 mm<\/p>\n<p>Minimaalne skaneeritav maht: 20 \u00d7 20 \u00d7 20 mm<\/p>\n<p>Maksimaalne skaneeritav maht: 2500 \u00d7 2500 \u00d7 2500 mm<\/p>\n<p>Skaneerimisre\u017eiimid: K\u00e4siskaneerimine ja lauaskaneerimine<\/p>\n<p>Joondamisre\u017eiimid: Funktsioonip\u00f5hine ja markerite abil<\/p>\n<p>Valgusallikas: Klass 1 infrapuna valgus<\/p>\n<p>\u00dchenduvus: USB Type-C ja Wi-Fi 6<\/p>\n<p>\u00dchilduvus: Windows, macOS, Android, iOS<\/p>\n<p>V\u00e4ljundfailid: OBJ, STL, PLY<\/p>\n<p>M\u00f5\u00f5tmed: 153 \u00d7 45 \u00d7 29 mm<\/p>\n<p>Kaal: 190 g<\/p>\n<p>Nutikad funktsioonid:<\/p>\n<p>Parendatud RGB-kaamera: 30% suurem ava v\u00f5imaldab rohkem valgust, tagades parema v\u00e4rvit\u00e4psuse.<\/p>\n<p>Valge LED-valgustus: Eemaldab varjud, parandades v\u00e4rvide j\u00e4\u00e4dvustamist.<\/p>\n<p>4 infrapuna LED-i: Parandavad markerite j\u00e4lgimist, v\u00f5imaldades sujuvamat skaneerimist.<\/p>\n<p>3 puutetundlikku nuppu: Lihtsustab skaneerimise alustamist\/peatamist ja s\u00e4rituse reguleerimist.<\/p>\n<p>9-teljeline IMU: Tagab sujuva kaadrite \u00fchendamise ja v\u00e4hendab liikumisest tingitud vigu.<\/p>\n","protected":false},"excerpt":{"rendered":"<p>Revopoint POP 3 \u2013 Kompaktne ja mitmek\u00fclgne 3D-skanner Revopoint POP 3 on kaasaskantav 3D-skanner, mis \u00fchendab t\u00e4psuse, kiiruse ja kasutusmugavuse. T\u00e4nu t\u00e4iustatud RGB-kaamerale ja infrapuna struktureeritud valgusele suudab see j\u00e4\u00e4dvustada keskmise suurusega objekte elutruult ja detailirohkelt. Tehnilised andmed: Skaneerimistehnoloogia: Kahekaameraline infrapuna struktureeritud valgus \u00dche kaadri t\u00e4psus: Kuni 0,1 mm \u00dche kaadri t\u00e4psus: Kuni 0,05 mm [&#8230;]\n","protected":false},"featured_media":221664,"template":"","meta":{"inline_featured_image":false},"product_cat":[39605],"product_tag":[],"yoast_head":"<!-- This site is optimized with the Yoast SEO Premium plugin v23.0 (Yoast SEO v23.0) - https:\/\/yoast.com\/wordpress\/plugins\/seo\/ -->\n<title>Revopoint POP 3 3D skanner, hea hinnaga, osta e-pood - Odav Print<\/title>\n<meta name=\"description\" content=\"Osta Revopoint POP 3 3D skanner Odav Print \u260e +372 5911 9495 \u2714\ufe0f Parim hind Revopoint POP 3 3D skanner jaoks \u26df Kiire kohaletoimetamine Eestis \u2b50 Garanteeritud\" \/>\n<meta name=\"robots\" content=\"index, follow, max-snippet:-1, max-image-preview:large, max-video-preview:-1\" \/>\n<link rel=\"canonical\" href=\"https:\/\/odavprint.ee\/en\/product\/revopoint-pop-3-3d-skanner\/\" \/>\n<meta property=\"og:locale\" content=\"en_US\" \/>\n<meta property=\"og:type\" content=\"article\" \/>\n<meta property=\"og:title\" content=\"Revopoint POP 3 3D skanner\" \/>\n<meta property=\"og:description\" content=\"Osta Revopoint POP 3 3D skanner Odav Print \u260e +372 5911 9495 \u2714\ufe0f Parim hind Revopoint POP 3 3D skanner jaoks \u26df Kiire kohaletoimetamine Eestis \u2b50 Garanteeritud\" \/>\n<meta property=\"og:url\" content=\"https:\/\/odavprint.ee\/en\/product\/revopoint-pop-3-3d-skanner\/\" \/>\n<meta property=\"og:site_name\" content=\"Odav Print\" \/>\n<meta name=\"twitter:card\" content=\"summary_large_image\" \/>\n<meta name=\"twitter:label1\" content=\"Price\" \/>\n\t<meta name=\"twitter:data1\" content=\"&euro;609.83\" \/>\n\t<meta name=\"twitter:label2\" content=\"Availability\" \/>\n\t<meta name=\"twitter:data2\" content=\"In stock\" \/>\n<script type=\"application\/ld+json\" class=\"yoast-schema-graph\">{\"@context\":\"https:\/\/schema.org\",\"@graph\":[{\"@type\":[\"WebPage\",\"ItemPage\"],\"@id\":\"https:\/\/odavprint.ee\/en\/product\/revopoint-pop-3-3d-skanner\/\",\"url\":\"https:\/\/odavprint.ee\/en\/product\/revopoint-pop-3-3d-skanner\/\",\"name\":\"Revopoint POP 3 3D skanner, hea hinnaga, osta e-pood - Odav Print\",\"isPartOf\":{\"@id\":\"https:\/\/odavprint.ee\/en\/#website\"},\"primaryImageOfPage\":{\"@id\":\"https:\/\/odavprint.ee\/en\/product\/revopoint-pop-3-3d-skanner\/#primaryimage\"},\"image\":{\"@id\":\"https:\/\/odavprint.ee\/en\/product\/revopoint-pop-3-3d-skanner\/#primaryimage\"},\"thumbnailUrl\":\"https:\/\/odavprint.ee\/wp-content\/uploads\/2026\/03\/Revopoint-POP-3-3D-Scanner-1.jpeg\",\"datePublished\":\"2026-03-02T20:43:16+00:00\",\"dateModified\":\"2026-03-02T20:43:16+00:00\",\"description\":\"Osta Revopoint POP 3 3D skanner Odav Print \u260e +372 5911 9495 \u2714\ufe0f Parim hind Revopoint POP 3 3D skanner jaoks \u26df Kiire kohaletoimetamine Eestis \u2b50 Garanteeritud\",\"breadcrumb\":{\"@id\":\"https:\/\/odavprint.ee\/en\/product\/revopoint-pop-3-3d-skanner\/#breadcrumb\"},\"inLanguage\":\"en-US\",\"potentialAction\":[{\"@type\":\"ReadAction\",\"target\":[\"https:\/\/odavprint.ee\/en\/product\/revopoint-pop-3-3d-skanner\/\"]}]},{\"@type\":\"ImageObject\",\"inLanguage\":\"en-US\",\"@id\":\"https:\/\/odavprint.ee\/en\/product\/revopoint-pop-3-3d-skanner\/#primaryimage\",\"url\":\"https:\/\/odavprint.ee\/wp-content\/uploads\/2026\/03\/Revopoint-POP-3-3D-Scanner-1.jpeg\",\"contentUrl\":\"https:\/\/odavprint.ee\/wp-content\/uploads\/2026\/03\/Revopoint-POP-3-3D-Scanner-1.jpeg\",\"width\":700,\"height\":700},{\"@type\":\"BreadcrumbList\",\"@id\":\"https:\/\/odavprint.ee\/en\/product\/revopoint-pop-3-3d-skanner\/#breadcrumb\",\"itemListElement\":[{\"@type\":\"ListItem\",\"position\":1,\"name\":\"Home\",\"item\":\"https:\/\/odavprint.ee\/en\/\"},{\"@type\":\"ListItem\",\"position\":2,\"name\":\"Shop\",\"item\":\"https:\/\/odavprint.ee\/en\/shop\/\"},{\"@type\":\"ListItem\",\"position\":3,\"name\":\"Revopoint POP 3 3D skanner\"}]},{\"@type\":\"WebSite\",\"@id\":\"https:\/\/odavprint.ee\/en\/#website\",\"url\":\"https:\/\/odavprint.ee\/en\/\",\"name\":\"Odav Print\",\"description\":\"Just another WordPress site\",\"publisher\":{\"@id\":\"https:\/\/odavprint.ee\/en\/#organization\"},\"alternateName\":\"Kassettide, toonerite t\u00e4itmine ja m\u00fc\u00fck.\",\"potentialAction\":[{\"@type\":\"SearchAction\",\"target\":{\"@type\":\"EntryPoint\",\"urlTemplate\":\"https:\/\/odavprint.ee\/en\/?s={search_term_string}\"},\"query-input\":\"required name=search_term_string\"}],\"inLanguage\":\"en-US\"},{\"@type\":[\"Organization\",\"Place\"],\"@id\":\"https:\/\/odavprint.ee\/en\/#organization\",\"name\":\"Odav Print O\u00dc\",\"url\":\"https:\/\/odavprint.ee\/en\/\",\"logo\":{\"@id\":\"https:\/\/odavprint.ee\/en\/product\/revopoint-pop-3-3d-skanner\/#local-main-organization-logo\"},\"image\":{\"@id\":\"https:\/\/odavprint.ee\/en\/product\/revopoint-pop-3-3d-skanner\/#local-main-organization-logo\"},\"address\":{\"@id\":\"https:\/\/odavprint.ee\/en\/product\/revopoint-pop-3-3d-skanner\/#local-main-place-address\"},\"geo\":{\"@type\":\"GeoCoordinates\",\"latitude\":\"59.4306504\",\"longitude\":\"24.8095743\"},\"telephone\":[\"53836926\"],\"openingHoursSpecification\":[{\"@type\":\"OpeningHoursSpecification\",\"dayOfWeek\":[\"Monday\",\"Tuesday\",\"Wednesday\",\"Thursday\",\"Friday\",\"Saturday\",\"Sunday\"],\"opens\":\"09:00\",\"closes\":\"17:00\"}],\"email\":\"info@odavprint.eu\"},{\"@type\":\"PostalAddress\",\"@id\":\"https:\/\/odavprint.ee\/en\/product\/revopoint-pop-3-3d-skanner\/#local-main-place-address\",\"streetAddress\":\"Pae tn 28\",\"addressLocality\":\"Tallinn\",\"postalCode\":\"11415\",\"addressRegion\":\"Harjumaa\",\"addressCountry\":\"EE\"},{\"@type\":\"ImageObject\",\"inLanguage\":\"en-US\",\"@id\":\"https:\/\/odavprint.ee\/en\/product\/revopoint-pop-3-3d-skanner\/#local-main-organization-logo\",\"url\":\"https:\/\/odavprint.ee\/wp-content\/uploads\/2018\/10\/odavprint-logo-240.jpg\",\"contentUrl\":\"https:\/\/odavprint.ee\/wp-content\/uploads\/2018\/10\/odavprint-logo-240.jpg\",\"width\":240,\"height\":36,\"caption\":\"Odav Print O\u00dc\"}]}<\/script>\n<meta property=\"product:price:amount\" content=\"609.83\" \/>\n<meta property=\"product:price:currency\" content=\"EUR\" \/>\n<meta property=\"og:availability\" content=\"instock\" \/>\n<meta property=\"product:availability\" content=\"instock\" \/>\n<meta property=\"product:condition\" content=\"new\" \/>\n<meta name=\"geo.placename\" content=\"Tallinn\" \/>\n<meta name=\"geo.position\" content=\"59.4306504;24.8095743\" \/>\n<meta name=\"geo.region\" content=\"Estonia\" \/>\n<!-- \/ Yoast SEO Premium plugin. -->","yoast_head_json":{"title":"Revopoint POP 3 3D skanner, hea hinnaga, osta e-pood - Odav Print","description":"Osta Revopoint POP 3 3D skanner Odav Print \u260e +372 5911 9495 \u2714\ufe0f Parim hind Revopoint POP 3 3D skanner jaoks \u26df Kiire kohaletoimetamine Eestis \u2b50 Garanteeritud","robots":{"index":"index","follow":"follow","max-snippet":"max-snippet:-1","max-image-preview":"max-image-preview:large","max-video-preview":"max-video-preview:-1"},"canonical":"https:\/\/odavprint.ee\/en\/product\/revopoint-pop-3-3d-skanner\/","og_locale":"en_US","og_type":"article","og_title":"Revopoint POP 3 3D skanner","og_description":"Osta Revopoint POP 3 3D skanner Odav Print \u260e +372 5911 9495 \u2714\ufe0f Parim hind Revopoint POP 3 3D skanner jaoks \u26df Kiire kohaletoimetamine Eestis \u2b50 Garanteeritud","og_url":"https:\/\/odavprint.ee\/en\/product\/revopoint-pop-3-3d-skanner\/","og_site_name":"Odav Print","twitter_card":"summary_large_image","twitter_misc":{"Price":"&euro;609.83","Availability":"In stock"},"schema":{"@context":"https:\/\/schema.org","@graph":[{"@type":["WebPage","ItemPage"],"@id":"https:\/\/odavprint.ee\/en\/product\/revopoint-pop-3-3d-skanner\/","url":"https:\/\/odavprint.ee\/en\/product\/revopoint-pop-3-3d-skanner\/","name":"Revopoint POP 3 3D skanner, hea hinnaga, osta e-pood - Odav Print","isPartOf":{"@id":"https:\/\/odavprint.ee\/en\/#website"},"primaryImageOfPage":{"@id":"https:\/\/odavprint.ee\/en\/product\/revopoint-pop-3-3d-skanner\/#primaryimage"},"image":{"@id":"https:\/\/odavprint.ee\/en\/product\/revopoint-pop-3-3d-skanner\/#primaryimage"},"thumbnailUrl":"https:\/\/odavprint.ee\/wp-content\/uploads\/2026\/03\/Revopoint-POP-3-3D-Scanner-1.jpeg","datePublished":"2026-03-02T20:43:16+00:00","dateModified":"2026-03-02T20:43:16+00:00","description":"Osta Revopoint POP 3 3D skanner Odav Print \u260e +372 5911 9495 \u2714\ufe0f Parim hind Revopoint POP 3 3D skanner jaoks \u26df Kiire kohaletoimetamine Eestis \u2b50 Garanteeritud","breadcrumb":{"@id":"https:\/\/odavprint.ee\/en\/product\/revopoint-pop-3-3d-skanner\/#breadcrumb"},"inLanguage":"en-US","potentialAction":[{"@type":"ReadAction","target":["https:\/\/odavprint.ee\/en\/product\/revopoint-pop-3-3d-skanner\/"]}]},{"@type":"ImageObject","inLanguage":"en-US","@id":"https:\/\/odavprint.ee\/en\/product\/revopoint-pop-3-3d-skanner\/#primaryimage","url":"https:\/\/odavprint.ee\/wp-content\/uploads\/2026\/03\/Revopoint-POP-3-3D-Scanner-1.jpeg","contentUrl":"https:\/\/odavprint.ee\/wp-content\/uploads\/2026\/03\/Revopoint-POP-3-3D-Scanner-1.jpeg","width":700,"height":700},{"@type":"BreadcrumbList","@id":"https:\/\/odavprint.ee\/en\/product\/revopoint-pop-3-3d-skanner\/#breadcrumb","itemListElement":[{"@type":"ListItem","position":1,"name":"Home","item":"https:\/\/odavprint.ee\/en\/"},{"@type":"ListItem","position":2,"name":"Shop","item":"https:\/\/odavprint.ee\/en\/shop\/"},{"@type":"ListItem","position":3,"name":"Revopoint POP 3 3D skanner"}]},{"@type":"WebSite","@id":"https:\/\/odavprint.ee\/en\/#website","url":"https:\/\/odavprint.ee\/en\/","name":"Odav Print","description":"Just another WordPress site","publisher":{"@id":"https:\/\/odavprint.ee\/en\/#organization"},"alternateName":"Kassettide, toonerite t\u00e4itmine ja m\u00fc\u00fck.","potentialAction":[{"@type":"SearchAction","target":{"@type":"EntryPoint","urlTemplate":"https:\/\/odavprint.ee\/en\/?s={search_term_string}"},"query-input":"required name=search_term_string"}],"inLanguage":"en-US"},{"@type":["Organization","Place"],"@id":"https:\/\/odavprint.ee\/en\/#organization","name":"Odav Print O\u00dc","url":"https:\/\/odavprint.ee\/en\/","logo":{"@id":"https:\/\/odavprint.ee\/en\/product\/revopoint-pop-3-3d-skanner\/#local-main-organization-logo"},"image":{"@id":"https:\/\/odavprint.ee\/en\/product\/revopoint-pop-3-3d-skanner\/#local-main-organization-logo"},"address":{"@id":"https:\/\/odavprint.ee\/en\/product\/revopoint-pop-3-3d-skanner\/#local-main-place-address"},"geo":{"@type":"GeoCoordinates","latitude":"59.4306504","longitude":"24.8095743"},"telephone":["53836926"],"openingHoursSpecification":[{"@type":"OpeningHoursSpecification","dayOfWeek":["Monday","Tuesday","Wednesday","Thursday","Friday","Saturday","Sunday"],"opens":"09:00","closes":"17:00"}],"email":"info@odavprint.eu"},{"@type":"PostalAddress","@id":"https:\/\/odavprint.ee\/en\/product\/revopoint-pop-3-3d-skanner\/#local-main-place-address","streetAddress":"Pae tn 28","addressLocality":"Tallinn","postalCode":"11415","addressRegion":"Harjumaa","addressCountry":"EE"},{"@type":"ImageObject","inLanguage":"en-US","@id":"https:\/\/odavprint.ee\/en\/product\/revopoint-pop-3-3d-skanner\/#local-main-organization-logo","url":"https:\/\/odavprint.ee\/wp-content\/uploads\/2018\/10\/odavprint-logo-240.jpg","contentUrl":"https:\/\/odavprint.ee\/wp-content\/uploads\/2018\/10\/odavprint-logo-240.jpg","width":240,"height":36,"caption":"Odav Print O\u00dc"}]},"product_price_amount":"609.83","product_price_currency":"EUR","og_availability":"instock","product_availability":"instock","product_condition":"new","geo.placename":"Tallinn","geo.position":{"lat":"59.4306504","long":"24.8095743"},"geo.region":"Estonia"},"_links":{"self":[{"href":"https:\/\/odavprint.ee\/en\/wp-json\/wp\/v2\/product\/221663"}],"collection":[{"href":"https:\/\/odavprint.ee\/en\/wp-json\/wp\/v2\/product"}],"about":[{"href":"https:\/\/odavprint.ee\/en\/wp-json\/wp\/v2\/types\/product"}],"wp:featuredmedia":[{"embeddable":true,"href":"https:\/\/odavprint.ee\/en\/wp-json\/wp\/v2\/media\/221664"}],"wp:attachment":[{"href":"https:\/\/odavprint.ee\/en\/wp-json\/wp\/v2\/media?parent=221663"}],"wp:term":[{"taxonomy":"product_cat","embeddable":true,"href":"https:\/\/odavprint.ee\/en\/wp-json\/wp\/v2\/product_cat?post=221663"},{"taxonomy":"product_tag","embeddable":true,"href":"https:\/\/odavprint.ee\/en\/wp-json\/wp\/v2\/product_tag?post=221663"}],"curies":[{"name":"wp","href":"https:\/\/api.w.org\/{rel}","templated":true}]}}