{"id":221667,"date":"2026-03-02T22:49:01","date_gmt":"2026-03-02T20:49:01","guid":{"rendered":"https:\/\/odavprint.ee\/?post_type=product&#038;p=221667"},"modified":"2026-03-13T15:01:54","modified_gmt":"2026-03-13T13:01:54","slug":"flashforge-creator-4-a-ht","status":"publish","type":"product","link":"https:\/\/odavprint.ee\/en\/product\/flashforge-creator-4-a-ht\/","title":{"rendered":"FlashForge Creator 4-A HT"},"content":{"rendered":"<p>Toode asub kesklaos<\/p>\n<p>FlashForge Creator 4-A HT on t\u00f6\u00f6stuslik 3D-printer, mis on m\u00f5eldud mitmek\u00fclgsuseks ja t\u00e4psuseks. Sellel on kolmekordne ekstrusioonis\u00fcsteem ja ehitusmaht 400x350x500 mm. See toetab materjale nagu PLA, ABS, PC ja nailon. Printeri eelised seisnevad mitme materjali kasutamises ja kvaliteetsete tr\u00fckkide tootmises t\u00e4psusega, muutes selle sobivaks professionaalseteks ja t\u00f6\u00f6stuslikeks rakendusteks.<\/p>\n<p>Tehnilised andmed<\/p>\n<p>400 x 350 x 500 mm t\u00f6\u00f6ala.<\/p>\n<p>Prindipea kuni 320 kraadi \/ Prindialus kuni 130 kraadi.<\/p>\n<p>Sisseehitatud kaamera.<\/p>\n<p>J\u00e4tkab printimist peale voolukatkestust pooleli j\u00e4\u00e4nud kohast.<\/p>\n<p>Rohkem infot<br \/>\nSpetsifikatsioonid<\/p>\n","protected":false},"excerpt":{"rendered":"<p>Toode asub kesklaos FlashForge Creator 4-A HT on t\u00f6\u00f6stuslik 3D-printer, mis on m\u00f5eldud mitmek\u00fclgsuseks ja t\u00e4psuseks. Sellel on kolmekordne ekstrusioonis\u00fcsteem ja ehitusmaht 400x350x500 mm. See toetab materjale nagu PLA, ABS, PC ja nailon. Printeri eelised seisnevad mitme materjali kasutamises ja kvaliteetsete tr\u00fckkide tootmises t\u00e4psusega, muutes selle sobivaks professionaalseteks ja t\u00f6\u00f6stuslikeks rakendusteks. Tehnilised andmed 400 x [&#8230;]\n","protected":false},"featured_media":221668,"template":"","meta":{"inline_featured_image":false},"product_cat":[39606,39615],"product_tag":[],"yoast_head":"<!-- This site is optimized with the Yoast SEO Premium plugin v23.0 (Yoast SEO v23.0) - https:\/\/yoast.com\/wordpress\/plugins\/seo\/ -->\n<title>FlashForge Creator 4-A HT, hea hinnaga, osta e-pood - Odav Print<\/title>\n<meta name=\"description\" content=\"Osta FlashForge Creator 4-A HT Odav Print \u260e +372 5911 9495 \u2714\ufe0f Parim hind FlashForge Creator 4-A HT jaoks \u26df Kiire kohaletoimetamine Eestis \u2b50 Garanteeritud\" \/>\n<meta name=\"robots\" content=\"index, follow, max-snippet:-1, max-image-preview:large, max-video-preview:-1\" \/>\n<link rel=\"canonical\" href=\"https:\/\/odavprint.ee\/en\/product\/flashforge-creator-4-a-ht\/\" \/>\n<meta property=\"og:locale\" content=\"en_US\" \/>\n<meta property=\"og:type\" content=\"article\" \/>\n<meta property=\"og:title\" content=\"FlashForge Creator 4-A HT\" \/>\n<meta property=\"og:description\" content=\"Osta FlashForge Creator 4-A HT Odav Print \u260e +372 5911 9495 \u2714\ufe0f Parim hind FlashForge Creator 4-A HT jaoks \u26df Kiire kohaletoimetamine Eestis \u2b50 Garanteeritud\" \/>\n<meta property=\"og:url\" content=\"https:\/\/odavprint.ee\/en\/product\/flashforge-creator-4-a-ht\/\" \/>\n<meta property=\"og:site_name\" content=\"Odav Print\" \/>\n<meta property=\"article:modified_time\" content=\"2026-03-13T13:01:54+00:00\" \/>\n<meta property=\"og:image\" content=\"https:\/\/odavprint.ee\/wp-content\/uploads\/2026\/03\/Flashforge-Creator-4-A-HT-1.png\" \/>\n\t<meta property=\"og:image:width\" content=\"1466\" \/>\n\t<meta property=\"og:image:height\" content=\"1392\" \/>\n\t<meta property=\"og:image:type\" content=\"image\/png\" \/>\n<meta name=\"twitter:card\" content=\"summary_large_image\" \/>\n<meta name=\"twitter:label1\" content=\"Price\" \/>\n\t<meta name=\"twitter:data1\" content=\"&euro;8,950.93\" \/>\n\t<meta name=\"twitter:label2\" content=\"Availability\" \/>\n\t<meta name=\"twitter:data2\" content=\"On backorder\" \/>\n<script type=\"application\/ld+json\" class=\"yoast-schema-graph\">{\"@context\":\"https:\/\/schema.org\",\"@graph\":[{\"@type\":[\"WebPage\",\"ItemPage\"],\"@id\":\"https:\/\/odavprint.ee\/en\/product\/flashforge-creator-4-a-ht\/\",\"url\":\"https:\/\/odavprint.ee\/en\/product\/flashforge-creator-4-a-ht\/\",\"name\":\"FlashForge Creator 4-A HT, hea hinnaga, osta e-pood - Odav Print\",\"isPartOf\":{\"@id\":\"https:\/\/odavprint.ee\/en\/#website\"},\"primaryImageOfPage\":{\"@id\":\"https:\/\/odavprint.ee\/en\/product\/flashforge-creator-4-a-ht\/#primaryimage\"},\"image\":{\"@id\":\"https:\/\/odavprint.ee\/en\/product\/flashforge-creator-4-a-ht\/#primaryimage\"},\"thumbnailUrl\":\"https:\/\/odavprint.ee\/wp-content\/uploads\/2026\/03\/Flashforge-Creator-4-A-HT-1.png\",\"datePublished\":\"2026-03-02T20:49:01+00:00\",\"dateModified\":\"2026-03-13T13:01:54+00:00\",\"description\":\"Osta FlashForge Creator 4-A HT Odav Print \u260e +372 5911 9495 \u2714\ufe0f Parim hind FlashForge Creator 4-A HT jaoks \u26df Kiire kohaletoimetamine Eestis \u2b50 Garanteeritud\",\"breadcrumb\":{\"@id\":\"https:\/\/odavprint.ee\/en\/product\/flashforge-creator-4-a-ht\/#breadcrumb\"},\"inLanguage\":\"en-US\",\"potentialAction\":[{\"@type\":\"ReadAction\",\"target\":[\"https:\/\/odavprint.ee\/en\/product\/flashforge-creator-4-a-ht\/\"]}]},{\"@type\":\"ImageObject\",\"inLanguage\":\"en-US\",\"@id\":\"https:\/\/odavprint.ee\/en\/product\/flashforge-creator-4-a-ht\/#primaryimage\",\"url\":\"https:\/\/odavprint.ee\/wp-content\/uploads\/2026\/03\/Flashforge-Creator-4-A-HT-1.png\",\"contentUrl\":\"https:\/\/odavprint.ee\/wp-content\/uploads\/2026\/03\/Flashforge-Creator-4-A-HT-1.png\",\"width\":1466,\"height\":1392},{\"@type\":\"BreadcrumbList\",\"@id\":\"https:\/\/odavprint.ee\/en\/product\/flashforge-creator-4-a-ht\/#breadcrumb\",\"itemListElement\":[{\"@type\":\"ListItem\",\"position\":1,\"name\":\"Home\",\"item\":\"https:\/\/odavprint.ee\/en\/\"},{\"@type\":\"ListItem\",\"position\":2,\"name\":\"Shop\",\"item\":\"https:\/\/odavprint.ee\/en\/shop\/\"},{\"@type\":\"ListItem\",\"position\":3,\"name\":\"FlashForge Creator 4-A HT\"}]},{\"@type\":\"WebSite\",\"@id\":\"https:\/\/odavprint.ee\/en\/#website\",\"url\":\"https:\/\/odavprint.ee\/en\/\",\"name\":\"Odav Print\",\"description\":\"Just another WordPress site\",\"publisher\":{\"@id\":\"https:\/\/odavprint.ee\/en\/#organization\"},\"alternateName\":\"Kassettide, toonerite t\u00e4itmine ja m\u00fc\u00fck.\",\"potentialAction\":[{\"@type\":\"SearchAction\",\"target\":{\"@type\":\"EntryPoint\",\"urlTemplate\":\"https:\/\/odavprint.ee\/en\/?s={search_term_string}\"},\"query-input\":\"required name=search_term_string\"}],\"inLanguage\":\"en-US\"},{\"@type\":[\"Organization\",\"Place\"],\"@id\":\"https:\/\/odavprint.ee\/en\/#organization\",\"name\":\"Odav Print O\u00dc\",\"url\":\"https:\/\/odavprint.ee\/en\/\",\"logo\":{\"@id\":\"https:\/\/odavprint.ee\/en\/product\/flashforge-creator-4-a-ht\/#local-main-organization-logo\"},\"image\":{\"@id\":\"https:\/\/odavprint.ee\/en\/product\/flashforge-creator-4-a-ht\/#local-main-organization-logo\"},\"address\":{\"@id\":\"https:\/\/odavprint.ee\/en\/product\/flashforge-creator-4-a-ht\/#local-main-place-address\"},\"geo\":{\"@type\":\"GeoCoordinates\",\"latitude\":\"59.4306504\",\"longitude\":\"24.8095743\"},\"telephone\":[\"53836926\"],\"openingHoursSpecification\":[{\"@type\":\"OpeningHoursSpecification\",\"dayOfWeek\":[\"Monday\",\"Tuesday\",\"Wednesday\",\"Thursday\",\"Friday\",\"Saturday\",\"Sunday\"],\"opens\":\"09:00\",\"closes\":\"17:00\"}],\"email\":\"info@odavprint.eu\"},{\"@type\":\"PostalAddress\",\"@id\":\"https:\/\/odavprint.ee\/en\/product\/flashforge-creator-4-a-ht\/#local-main-place-address\",\"streetAddress\":\"Pae tn 28\",\"addressLocality\":\"Tallinn\",\"postalCode\":\"11415\",\"addressRegion\":\"Harjumaa\",\"addressCountry\":\"EE\"},{\"@type\":\"ImageObject\",\"inLanguage\":\"en-US\",\"@id\":\"https:\/\/odavprint.ee\/en\/product\/flashforge-creator-4-a-ht\/#local-main-organization-logo\",\"url\":\"https:\/\/odavprint.ee\/wp-content\/uploads\/2018\/10\/odavprint-logo-240.jpg\",\"contentUrl\":\"https:\/\/odavprint.ee\/wp-content\/uploads\/2018\/10\/odavprint-logo-240.jpg\",\"width\":240,\"height\":36,\"caption\":\"Odav Print O\u00dc\"}]}<\/script>\n<meta property=\"product:price:amount\" content=\"8950.93\" \/>\n<meta property=\"product:price:currency\" content=\"EUR\" \/>\n<meta property=\"og:availability\" content=\"backorder\" \/>\n<meta property=\"product:availability\" content=\"available for order\" \/>\n<meta property=\"product:condition\" content=\"new\" \/>\n<meta name=\"geo.placename\" content=\"Tallinn\" \/>\n<meta name=\"geo.position\" content=\"59.4306504;24.8095743\" \/>\n<meta name=\"geo.region\" content=\"Estonia\" \/>\n<!-- \/ Yoast SEO Premium plugin. -->","yoast_head_json":{"title":"FlashForge Creator 4-A HT, hea hinnaga, osta e-pood - Odav Print","description":"Osta FlashForge Creator 4-A HT Odav Print \u260e +372 5911 9495 \u2714\ufe0f Parim hind FlashForge Creator 4-A HT jaoks \u26df Kiire kohaletoimetamine Eestis \u2b50 Garanteeritud","robots":{"index":"index","follow":"follow","max-snippet":"max-snippet:-1","max-image-preview":"max-image-preview:large","max-video-preview":"max-video-preview:-1"},"canonical":"https:\/\/odavprint.ee\/en\/product\/flashforge-creator-4-a-ht\/","og_locale":"en_US","og_type":"article","og_title":"FlashForge Creator 4-A HT","og_description":"Osta FlashForge Creator 4-A HT Odav Print \u260e +372 5911 9495 \u2714\ufe0f Parim hind FlashForge Creator 4-A HT jaoks \u26df Kiire kohaletoimetamine Eestis \u2b50 Garanteeritud","og_url":"https:\/\/odavprint.ee\/en\/product\/flashforge-creator-4-a-ht\/","og_site_name":"Odav Print","article_modified_time":"2026-03-13T13:01:54+00:00","og_image":[{"width":1466,"height":1392,"url":"https:\/\/odavprint.ee\/wp-content\/uploads\/2026\/03\/Flashforge-Creator-4-A-HT-1.png","type":"image\/png"}],"twitter_card":"summary_large_image","twitter_misc":{"Price":"&euro;8,950.93","Availability":"On backorder"},"schema":{"@context":"https:\/\/schema.org","@graph":[{"@type":["WebPage","ItemPage"],"@id":"https:\/\/odavprint.ee\/en\/product\/flashforge-creator-4-a-ht\/","url":"https:\/\/odavprint.ee\/en\/product\/flashforge-creator-4-a-ht\/","name":"FlashForge Creator 4-A HT, hea hinnaga, osta e-pood - Odav Print","isPartOf":{"@id":"https:\/\/odavprint.ee\/en\/#website"},"primaryImageOfPage":{"@id":"https:\/\/odavprint.ee\/en\/product\/flashforge-creator-4-a-ht\/#primaryimage"},"image":{"@id":"https:\/\/odavprint.ee\/en\/product\/flashforge-creator-4-a-ht\/#primaryimage"},"thumbnailUrl":"https:\/\/odavprint.ee\/wp-content\/uploads\/2026\/03\/Flashforge-Creator-4-A-HT-1.png","datePublished":"2026-03-02T20:49:01+00:00","dateModified":"2026-03-13T13:01:54+00:00","description":"Osta FlashForge Creator 4-A HT Odav Print \u260e +372 5911 9495 \u2714\ufe0f Parim hind FlashForge Creator 4-A HT jaoks \u26df Kiire kohaletoimetamine Eestis \u2b50 Garanteeritud","breadcrumb":{"@id":"https:\/\/odavprint.ee\/en\/product\/flashforge-creator-4-a-ht\/#breadcrumb"},"inLanguage":"en-US","potentialAction":[{"@type":"ReadAction","target":["https:\/\/odavprint.ee\/en\/product\/flashforge-creator-4-a-ht\/"]}]},{"@type":"ImageObject","inLanguage":"en-US","@id":"https:\/\/odavprint.ee\/en\/product\/flashforge-creator-4-a-ht\/#primaryimage","url":"https:\/\/odavprint.ee\/wp-content\/uploads\/2026\/03\/Flashforge-Creator-4-A-HT-1.png","contentUrl":"https:\/\/odavprint.ee\/wp-content\/uploads\/2026\/03\/Flashforge-Creator-4-A-HT-1.png","width":1466,"height":1392},{"@type":"BreadcrumbList","@id":"https:\/\/odavprint.ee\/en\/product\/flashforge-creator-4-a-ht\/#breadcrumb","itemListElement":[{"@type":"ListItem","position":1,"name":"Home","item":"https:\/\/odavprint.ee\/en\/"},{"@type":"ListItem","position":2,"name":"Shop","item":"https:\/\/odavprint.ee\/en\/shop\/"},{"@type":"ListItem","position":3,"name":"FlashForge Creator 4-A HT"}]},{"@type":"WebSite","@id":"https:\/\/odavprint.ee\/en\/#website","url":"https:\/\/odavprint.ee\/en\/","name":"Odav Print","description":"Just another WordPress site","publisher":{"@id":"https:\/\/odavprint.ee\/en\/#organization"},"alternateName":"Kassettide, toonerite t\u00e4itmine ja m\u00fc\u00fck.","potentialAction":[{"@type":"SearchAction","target":{"@type":"EntryPoint","urlTemplate":"https:\/\/odavprint.ee\/en\/?s={search_term_string}"},"query-input":"required name=search_term_string"}],"inLanguage":"en-US"},{"@type":["Organization","Place"],"@id":"https:\/\/odavprint.ee\/en\/#organization","name":"Odav Print O\u00dc","url":"https:\/\/odavprint.ee\/en\/","logo":{"@id":"https:\/\/odavprint.ee\/en\/product\/flashforge-creator-4-a-ht\/#local-main-organization-logo"},"image":{"@id":"https:\/\/odavprint.ee\/en\/product\/flashforge-creator-4-a-ht\/#local-main-organization-logo"},"address":{"@id":"https:\/\/odavprint.ee\/en\/product\/flashforge-creator-4-a-ht\/#local-main-place-address"},"geo":{"@type":"GeoCoordinates","latitude":"59.4306504","longitude":"24.8095743"},"telephone":["53836926"],"openingHoursSpecification":[{"@type":"OpeningHoursSpecification","dayOfWeek":["Monday","Tuesday","Wednesday","Thursday","Friday","Saturday","Sunday"],"opens":"09:00","closes":"17:00"}],"email":"info@odavprint.eu"},{"@type":"PostalAddress","@id":"https:\/\/odavprint.ee\/en\/product\/flashforge-creator-4-a-ht\/#local-main-place-address","streetAddress":"Pae tn 28","addressLocality":"Tallinn","postalCode":"11415","addressRegion":"Harjumaa","addressCountry":"EE"},{"@type":"ImageObject","inLanguage":"en-US","@id":"https:\/\/odavprint.ee\/en\/product\/flashforge-creator-4-a-ht\/#local-main-organization-logo","url":"https:\/\/odavprint.ee\/wp-content\/uploads\/2018\/10\/odavprint-logo-240.jpg","contentUrl":"https:\/\/odavprint.ee\/wp-content\/uploads\/2018\/10\/odavprint-logo-240.jpg","width":240,"height":36,"caption":"Odav Print O\u00dc"}]},"product_price_amount":"8950.93","product_price_currency":"EUR","og_availability":"backorder","product_availability":"available for order","product_condition":"new","geo.placename":"Tallinn","geo.position":{"lat":"59.4306504","long":"24.8095743"},"geo.region":"Estonia"},"_links":{"self":[{"href":"https:\/\/odavprint.ee\/en\/wp-json\/wp\/v2\/product\/221667"}],"collection":[{"href":"https:\/\/odavprint.ee\/en\/wp-json\/wp\/v2\/product"}],"about":[{"href":"https:\/\/odavprint.ee\/en\/wp-json\/wp\/v2\/types\/product"}],"wp:featuredmedia":[{"embeddable":true,"href":"https:\/\/odavprint.ee\/en\/wp-json\/wp\/v2\/media\/221668"}],"wp:attachment":[{"href":"https:\/\/odavprint.ee\/en\/wp-json\/wp\/v2\/media?parent=221667"}],"wp:term":[{"taxonomy":"product_cat","embeddable":true,"href":"https:\/\/odavprint.ee\/en\/wp-json\/wp\/v2\/product_cat?post=221667"},{"taxonomy":"product_tag","embeddable":true,"href":"https:\/\/odavprint.ee\/en\/wp-json\/wp\/v2\/product_tag?post=221667"}],"curies":[{"name":"wp","href":"https:\/\/api.w.org\/{rel}","templated":true}]}}