{"id":223442,"date":"2026-04-14T23:12:08","date_gmt":"2026-04-14T20:12:08","guid":{"rendered":"https:\/\/odavprint.ee\/?post_type=product&#038;p=223442"},"modified":"2026-04-14T23:12:10","modified_gmt":"2026-04-14T20:12:10","slug":"cyberbrick-hardware-kit-ultimate-cyberbrick-beginner","status":"publish","type":"product","link":"https:\/\/odavprint.ee\/en\/product\/cyberbrick-hardware-kit-ultimate-cyberbrick-beginner\/","title":{"rendered":"CyberBrick Hardware Kit \u2013 Ultimate, Cyberbrick Beginner"},"content":{"rendered":"<p><iframe loading=\"lazy\" title=\"CyberBrick: Build smarter. Code freer. Share globally.\" width=\"1020\" height=\"574\" src=\"https:\/\/www.youtube.com\/embed\/fufcSmFwgyQ?feature=oembed\" frameborder=\"0\" allow=\"accelerometer; autoplay; clipboard-write; encrypted-media; gyroscope; picture-in-picture; web-share\" referrerpolicy=\"strict-origin-when-cross-origin\" allowfullscreen><\/iframe><\/p>\n<p>Mis on CyberBrick\u2122?CyberBrick\u2122 on nutikatest moodulitest koosnev s\u00fcsteem, mis annab k\u00f5igile v\u00f5imaluse ehitada ja nautida laia valikut 3D-prinditud projekte \u2013 alates R\/C-m\u00e4nguasjadest kuni praktiliste t\u00f6\u00f6riistadeni. MakerWorldi meeskonna loodud CyberBrick on kasutajas\u00f5bralik platvorm, millele lisandub rikkalik sisu- ja projektikogu, pakkudes l\u00f5putuid v\u00f5imalusi loovuseks ja uuendusteks.<\/p>\n<p>CyberBricki platvormiga sobivaid projekte lisandub pidevalt. Osade mudelite koostamiseks on vaja lisatarvikuid \u2013 nende t\u00e4pne nimekiri on leitav iga projekti \u201eBill of Materials\u201c rubriigis. Link erinevatele mudelitele<\/p>\n<p>Rohkem infot leiad Bambulabi kodulehelt: Bambulab CyberBrick<\/p>\n","protected":false},"excerpt":{"rendered":"<p>Mis on CyberBrick\u2122?CyberBrick\u2122 on nutikatest moodulitest koosnev s\u00fcsteem, mis annab k\u00f5igile v\u00f5imaluse ehitada ja nautida laia valikut 3D-prinditud projekte \u2013 alates R\/C-m\u00e4nguasjadest kuni praktiliste t\u00f6\u00f6riistadeni. MakerWorldi meeskonna loodud CyberBrick on kasutajas\u00f5bralik platvorm, millele lisandub rikkalik sisu- ja projektikogu, pakkudes l\u00f5putuid v\u00f5imalusi loovuseks ja uuendusteks. CyberBricki platvormiga sobivaid projekte lisandub pidevalt. Osade mudelite koostamiseks on vaja [&#8230;]\n","protected":false},"featured_media":223443,"template":"","meta":{"inline_featured_image":false},"product_cat":[39605],"product_tag":[],"yoast_head":"<!-- This site is optimized with the Yoast SEO Premium plugin v23.0 (Yoast SEO v23.0) - https:\/\/yoast.com\/wordpress\/plugins\/seo\/ -->\n<title>CyberBrick Hardware Kit \u2013 Ultimate, Cyberbrick Beginner, hea hinnaga, osta e-pood - Odav Print<\/title>\n<meta name=\"description\" content=\"Osta CyberBrick Hardware Kit \u2013 Ultimate, Cyberbrick Beginner Odav Print \u260e +372 5911 9495 \u2714\ufe0f Parim hind CyberBrick Hardware Kit \u2013 Ultimate, Cyberbrick Beginner jaoks \u26df Kiire kohaletoimetamine Eestis \u2b50 Garanteeritud\" \/>\n<meta name=\"robots\" content=\"index, follow, max-snippet:-1, max-image-preview:large, max-video-preview:-1\" \/>\n<link rel=\"canonical\" href=\"https:\/\/odavprint.ee\/en\/product\/cyberbrick-hardware-kit-ultimate-cyberbrick-beginner\/\" \/>\n<meta property=\"og:locale\" content=\"en_US\" \/>\n<meta property=\"og:type\" content=\"article\" \/>\n<meta property=\"og:title\" content=\"CyberBrick Hardware Kit \u2013 Ultimate, Cyberbrick Beginner\" \/>\n<meta property=\"og:description\" content=\"Osta CyberBrick Hardware Kit \u2013 Ultimate, Cyberbrick Beginner Odav Print \u260e +372 5911 9495 \u2714\ufe0f Parim hind CyberBrick Hardware Kit \u2013 Ultimate, Cyberbrick Beginner jaoks \u26df Kiire kohaletoimetamine Eestis \u2b50 Garanteeritud\" \/>\n<meta property=\"og:url\" content=\"https:\/\/odavprint.ee\/en\/product\/cyberbrick-hardware-kit-ultimate-cyberbrick-beginner\/\" \/>\n<meta property=\"og:site_name\" content=\"Odav Print\" \/>\n<meta property=\"article:modified_time\" content=\"2026-04-14T20:12:10+00:00\" \/>\n<meta name=\"twitter:card\" content=\"summary_large_image\" \/>\n<meta name=\"twitter:label1\" content=\"Price\" \/>\n\t<meta name=\"twitter:data1\" content=\"&euro;48.97\" \/>\n\t<meta name=\"twitter:label2\" content=\"Availability\" \/>\n\t<meta name=\"twitter:data2\" content=\"On backorder\" \/>\n<script type=\"application\/ld+json\" class=\"yoast-schema-graph\">{\"@context\":\"https:\/\/schema.org\",\"@graph\":[{\"@type\":[\"WebPage\",\"ItemPage\"],\"@id\":\"https:\/\/odavprint.ee\/en\/product\/cyberbrick-hardware-kit-ultimate-cyberbrick-beginner\/\",\"url\":\"https:\/\/odavprint.ee\/en\/product\/cyberbrick-hardware-kit-ultimate-cyberbrick-beginner\/\",\"name\":\"CyberBrick Hardware Kit \u2013 Ultimate, Cyberbrick Beginner, hea hinnaga, osta e-pood - Odav Print\",\"isPartOf\":{\"@id\":\"https:\/\/odavprint.ee\/en\/#website\"},\"primaryImageOfPage\":{\"@id\":\"https:\/\/odavprint.ee\/en\/product\/cyberbrick-hardware-kit-ultimate-cyberbrick-beginner\/#primaryimage\"},\"image\":{\"@id\":\"https:\/\/odavprint.ee\/en\/product\/cyberbrick-hardware-kit-ultimate-cyberbrick-beginner\/#primaryimage\"},\"thumbnailUrl\":\"https:\/\/odavprint.ee\/wp-content\/uploads\/2026\/04\/ZK003-V-1.webp\",\"datePublished\":\"2026-04-14T20:12:08+00:00\",\"dateModified\":\"2026-04-14T20:12:10+00:00\",\"description\":\"Osta CyberBrick Hardware Kit \u2013 Ultimate, Cyberbrick Beginner Odav Print \u260e +372 5911 9495 \u2714\ufe0f Parim hind CyberBrick Hardware Kit \u2013 Ultimate, Cyberbrick Beginner jaoks \u26df Kiire kohaletoimetamine Eestis \u2b50 Garanteeritud\",\"breadcrumb\":{\"@id\":\"https:\/\/odavprint.ee\/en\/product\/cyberbrick-hardware-kit-ultimate-cyberbrick-beginner\/#breadcrumb\"},\"inLanguage\":\"en-US\",\"potentialAction\":[{\"@type\":\"ReadAction\",\"target\":[\"https:\/\/odavprint.ee\/en\/product\/cyberbrick-hardware-kit-ultimate-cyberbrick-beginner\/\"]}]},{\"@type\":\"ImageObject\",\"inLanguage\":\"en-US\",\"@id\":\"https:\/\/odavprint.ee\/en\/product\/cyberbrick-hardware-kit-ultimate-cyberbrick-beginner\/#primaryimage\",\"url\":\"https:\/\/odavprint.ee\/wp-content\/uploads\/2026\/04\/ZK003-V-1.webp\",\"contentUrl\":\"https:\/\/odavprint.ee\/wp-content\/uploads\/2026\/04\/ZK003-V-1.webp\",\"width\":1600,\"height\":1600},{\"@type\":\"BreadcrumbList\",\"@id\":\"https:\/\/odavprint.ee\/en\/product\/cyberbrick-hardware-kit-ultimate-cyberbrick-beginner\/#breadcrumb\",\"itemListElement\":[{\"@type\":\"ListItem\",\"position\":1,\"name\":\"Home\",\"item\":\"https:\/\/odavprint.ee\/en\/\"},{\"@type\":\"ListItem\",\"position\":2,\"name\":\"Shop\",\"item\":\"https:\/\/odavprint.ee\/en\/shop\/\"},{\"@type\":\"ListItem\",\"position\":3,\"name\":\"CyberBrick Hardware Kit \u2013 Ultimate, Cyberbrick Beginner\"}]},{\"@type\":\"WebSite\",\"@id\":\"https:\/\/odavprint.ee\/en\/#website\",\"url\":\"https:\/\/odavprint.ee\/en\/\",\"name\":\"Odav Print\",\"description\":\"Just another WordPress site\",\"publisher\":{\"@id\":\"https:\/\/odavprint.ee\/en\/#organization\"},\"alternateName\":\"Kassettide, toonerite t\u00e4itmine ja m\u00fc\u00fck.\",\"potentialAction\":[{\"@type\":\"SearchAction\",\"target\":{\"@type\":\"EntryPoint\",\"urlTemplate\":\"https:\/\/odavprint.ee\/en\/?s={search_term_string}\"},\"query-input\":\"required name=search_term_string\"}],\"inLanguage\":\"en-US\"},{\"@type\":[\"Organization\",\"Place\"],\"@id\":\"https:\/\/odavprint.ee\/en\/#organization\",\"name\":\"Odav Print O\u00dc\",\"url\":\"https:\/\/odavprint.ee\/en\/\",\"logo\":{\"@id\":\"https:\/\/odavprint.ee\/en\/product\/cyberbrick-hardware-kit-ultimate-cyberbrick-beginner\/#local-main-organization-logo\"},\"image\":{\"@id\":\"https:\/\/odavprint.ee\/en\/product\/cyberbrick-hardware-kit-ultimate-cyberbrick-beginner\/#local-main-organization-logo\"},\"address\":{\"@id\":\"https:\/\/odavprint.ee\/en\/product\/cyberbrick-hardware-kit-ultimate-cyberbrick-beginner\/#local-main-place-address\"},\"geo\":{\"@type\":\"GeoCoordinates\",\"latitude\":\"59.4306504\",\"longitude\":\"24.8095743\"},\"telephone\":[\"53836926\"],\"openingHoursSpecification\":[{\"@type\":\"OpeningHoursSpecification\",\"dayOfWeek\":[\"Monday\",\"Tuesday\",\"Wednesday\",\"Thursday\",\"Friday\",\"Saturday\",\"Sunday\"],\"opens\":\"09:00\",\"closes\":\"17:00\"}],\"email\":\"info@odavprint.eu\"},{\"@type\":\"PostalAddress\",\"@id\":\"https:\/\/odavprint.ee\/en\/product\/cyberbrick-hardware-kit-ultimate-cyberbrick-beginner\/#local-main-place-address\",\"streetAddress\":\"Pae tn 28\",\"addressLocality\":\"Tallinn\",\"postalCode\":\"11415\",\"addressRegion\":\"Harjumaa\",\"addressCountry\":\"EE\"},{\"@type\":\"ImageObject\",\"inLanguage\":\"en-US\",\"@id\":\"https:\/\/odavprint.ee\/en\/product\/cyberbrick-hardware-kit-ultimate-cyberbrick-beginner\/#local-main-organization-logo\",\"url\":\"https:\/\/odavprint.ee\/wp-content\/uploads\/2018\/10\/odavprint-logo-240.jpg\",\"contentUrl\":\"https:\/\/odavprint.ee\/wp-content\/uploads\/2018\/10\/odavprint-logo-240.jpg\",\"width\":240,\"height\":36,\"caption\":\"Odav Print O\u00dc\"}]}<\/script>\n<meta property=\"product:price:amount\" content=\"48.97\" \/>\n<meta property=\"product:price:currency\" content=\"EUR\" \/>\n<meta property=\"og:availability\" content=\"backorder\" \/>\n<meta property=\"product:availability\" content=\"available for order\" \/>\n<meta property=\"product:condition\" content=\"new\" \/>\n<meta name=\"geo.placename\" content=\"Tallinn\" \/>\n<meta name=\"geo.position\" content=\"59.4306504;24.8095743\" \/>\n<meta name=\"geo.region\" content=\"Estonia\" \/>\n<!-- \/ Yoast SEO Premium plugin. -->","yoast_head_json":{"title":"CyberBrick Hardware Kit \u2013 Ultimate, Cyberbrick Beginner, hea hinnaga, osta e-pood - Odav Print","description":"Osta CyberBrick Hardware Kit \u2013 Ultimate, Cyberbrick Beginner Odav Print \u260e +372 5911 9495 \u2714\ufe0f Parim hind CyberBrick Hardware Kit \u2013 Ultimate, Cyberbrick Beginner jaoks \u26df Kiire kohaletoimetamine Eestis \u2b50 Garanteeritud","robots":{"index":"index","follow":"follow","max-snippet":"max-snippet:-1","max-image-preview":"max-image-preview:large","max-video-preview":"max-video-preview:-1"},"canonical":"https:\/\/odavprint.ee\/en\/product\/cyberbrick-hardware-kit-ultimate-cyberbrick-beginner\/","og_locale":"en_US","og_type":"article","og_title":"CyberBrick Hardware Kit \u2013 Ultimate, Cyberbrick Beginner","og_description":"Osta CyberBrick Hardware Kit \u2013 Ultimate, Cyberbrick Beginner Odav Print \u260e +372 5911 9495 \u2714\ufe0f Parim hind CyberBrick Hardware Kit \u2013 Ultimate, Cyberbrick Beginner jaoks \u26df Kiire kohaletoimetamine Eestis \u2b50 Garanteeritud","og_url":"https:\/\/odavprint.ee\/en\/product\/cyberbrick-hardware-kit-ultimate-cyberbrick-beginner\/","og_site_name":"Odav Print","article_modified_time":"2026-04-14T20:12:10+00:00","twitter_card":"summary_large_image","twitter_misc":{"Price":"&euro;48.97","Availability":"On backorder"},"schema":{"@context":"https:\/\/schema.org","@graph":[{"@type":["WebPage","ItemPage"],"@id":"https:\/\/odavprint.ee\/en\/product\/cyberbrick-hardware-kit-ultimate-cyberbrick-beginner\/","url":"https:\/\/odavprint.ee\/en\/product\/cyberbrick-hardware-kit-ultimate-cyberbrick-beginner\/","name":"CyberBrick Hardware Kit \u2013 Ultimate, Cyberbrick Beginner, hea hinnaga, osta e-pood - Odav Print","isPartOf":{"@id":"https:\/\/odavprint.ee\/en\/#website"},"primaryImageOfPage":{"@id":"https:\/\/odavprint.ee\/en\/product\/cyberbrick-hardware-kit-ultimate-cyberbrick-beginner\/#primaryimage"},"image":{"@id":"https:\/\/odavprint.ee\/en\/product\/cyberbrick-hardware-kit-ultimate-cyberbrick-beginner\/#primaryimage"},"thumbnailUrl":"https:\/\/odavprint.ee\/wp-content\/uploads\/2026\/04\/ZK003-V-1.webp","datePublished":"2026-04-14T20:12:08+00:00","dateModified":"2026-04-14T20:12:10+00:00","description":"Osta CyberBrick Hardware Kit \u2013 Ultimate, Cyberbrick Beginner Odav Print \u260e +372 5911 9495 \u2714\ufe0f Parim hind CyberBrick Hardware Kit \u2013 Ultimate, Cyberbrick Beginner jaoks \u26df Kiire kohaletoimetamine Eestis \u2b50 Garanteeritud","breadcrumb":{"@id":"https:\/\/odavprint.ee\/en\/product\/cyberbrick-hardware-kit-ultimate-cyberbrick-beginner\/#breadcrumb"},"inLanguage":"en-US","potentialAction":[{"@type":"ReadAction","target":["https:\/\/odavprint.ee\/en\/product\/cyberbrick-hardware-kit-ultimate-cyberbrick-beginner\/"]}]},{"@type":"ImageObject","inLanguage":"en-US","@id":"https:\/\/odavprint.ee\/en\/product\/cyberbrick-hardware-kit-ultimate-cyberbrick-beginner\/#primaryimage","url":"https:\/\/odavprint.ee\/wp-content\/uploads\/2026\/04\/ZK003-V-1.webp","contentUrl":"https:\/\/odavprint.ee\/wp-content\/uploads\/2026\/04\/ZK003-V-1.webp","width":1600,"height":1600},{"@type":"BreadcrumbList","@id":"https:\/\/odavprint.ee\/en\/product\/cyberbrick-hardware-kit-ultimate-cyberbrick-beginner\/#breadcrumb","itemListElement":[{"@type":"ListItem","position":1,"name":"Home","item":"https:\/\/odavprint.ee\/en\/"},{"@type":"ListItem","position":2,"name":"Shop","item":"https:\/\/odavprint.ee\/en\/shop\/"},{"@type":"ListItem","position":3,"name":"CyberBrick Hardware Kit \u2013 Ultimate, Cyberbrick Beginner"}]},{"@type":"WebSite","@id":"https:\/\/odavprint.ee\/en\/#website","url":"https:\/\/odavprint.ee\/en\/","name":"Odav Print","description":"Just another WordPress site","publisher":{"@id":"https:\/\/odavprint.ee\/en\/#organization"},"alternateName":"Kassettide, toonerite t\u00e4itmine ja m\u00fc\u00fck.","potentialAction":[{"@type":"SearchAction","target":{"@type":"EntryPoint","urlTemplate":"https:\/\/odavprint.ee\/en\/?s={search_term_string}"},"query-input":"required name=search_term_string"}],"inLanguage":"en-US"},{"@type":["Organization","Place"],"@id":"https:\/\/odavprint.ee\/en\/#organization","name":"Odav Print O\u00dc","url":"https:\/\/odavprint.ee\/en\/","logo":{"@id":"https:\/\/odavprint.ee\/en\/product\/cyberbrick-hardware-kit-ultimate-cyberbrick-beginner\/#local-main-organization-logo"},"image":{"@id":"https:\/\/odavprint.ee\/en\/product\/cyberbrick-hardware-kit-ultimate-cyberbrick-beginner\/#local-main-organization-logo"},"address":{"@id":"https:\/\/odavprint.ee\/en\/product\/cyberbrick-hardware-kit-ultimate-cyberbrick-beginner\/#local-main-place-address"},"geo":{"@type":"GeoCoordinates","latitude":"59.4306504","longitude":"24.8095743"},"telephone":["53836926"],"openingHoursSpecification":[{"@type":"OpeningHoursSpecification","dayOfWeek":["Monday","Tuesday","Wednesday","Thursday","Friday","Saturday","Sunday"],"opens":"09:00","closes":"17:00"}],"email":"info@odavprint.eu"},{"@type":"PostalAddress","@id":"https:\/\/odavprint.ee\/en\/product\/cyberbrick-hardware-kit-ultimate-cyberbrick-beginner\/#local-main-place-address","streetAddress":"Pae tn 28","addressLocality":"Tallinn","postalCode":"11415","addressRegion":"Harjumaa","addressCountry":"EE"},{"@type":"ImageObject","inLanguage":"en-US","@id":"https:\/\/odavprint.ee\/en\/product\/cyberbrick-hardware-kit-ultimate-cyberbrick-beginner\/#local-main-organization-logo","url":"https:\/\/odavprint.ee\/wp-content\/uploads\/2018\/10\/odavprint-logo-240.jpg","contentUrl":"https:\/\/odavprint.ee\/wp-content\/uploads\/2018\/10\/odavprint-logo-240.jpg","width":240,"height":36,"caption":"Odav Print O\u00dc"}]},"product_price_amount":"48.97","product_price_currency":"EUR","og_availability":"backorder","product_availability":"available for order","product_condition":"new","geo.placename":"Tallinn","geo.position":{"lat":"59.4306504","long":"24.8095743"},"geo.region":"Estonia"},"_links":{"self":[{"href":"https:\/\/odavprint.ee\/en\/wp-json\/wp\/v2\/product\/223442"}],"collection":[{"href":"https:\/\/odavprint.ee\/en\/wp-json\/wp\/v2\/product"}],"about":[{"href":"https:\/\/odavprint.ee\/en\/wp-json\/wp\/v2\/types\/product"}],"wp:featuredmedia":[{"embeddable":true,"href":"https:\/\/odavprint.ee\/en\/wp-json\/wp\/v2\/media\/223443"}],"wp:attachment":[{"href":"https:\/\/odavprint.ee\/en\/wp-json\/wp\/v2\/media?parent=223442"}],"wp:term":[{"taxonomy":"product_cat","embeddable":true,"href":"https:\/\/odavprint.ee\/en\/wp-json\/wp\/v2\/product_cat?post=223442"},{"taxonomy":"product_tag","embeddable":true,"href":"https:\/\/odavprint.ee\/en\/wp-json\/wp\/v2\/product_tag?post=223442"}],"curies":[{"name":"wp","href":"https:\/\/api.w.org\/{rel}","templated":true}]}}