{"id":223466,"date":"2026-04-14T23:12:27","date_gmt":"2026-04-14T20:12:27","guid":{"rendered":"https:\/\/odavprint.ee\/?post_type=product&#038;p=223466"},"modified":"2026-05-01T06:38:08","modified_gmt":"2026-05-01T03:38:08","slug":"bambu-lab-h2s-combo","status":"publish","type":"product","link":"https:\/\/odavprint.ee\/en\/product\/bambu-lab-h2s-combo\/","title":{"rendered":"Bambu Lab H2S Combo"},"content":{"rendered":"<p><iframe loading=\"lazy\" title=\"Meet Bambu Lab H2S | Your Personal Manufacturing Hub\" width=\"1020\" height=\"574\" src=\"https:\/\/www.youtube.com\/embed\/odcqqLCI0fs?feature=oembed\" frameborder=\"0\" allow=\"accelerometer; autoplay; clipboard-write; encrypted-media; gyroscope; picture-in-picture; web-share\" referrerpolicy=\"strict-origin-when-cross-origin\" allowfullscreen><\/iframe><br \/>\nNB! Bambu Lab 3D-printerite suure populaarsuse t\u00f5ttu on uute printerite tarne 2025 aasta l\u00f5pus &#8211; 2026 aasta alguses raskendatud, mist\u00f5ttu on Bambu lab l\u00e4inud \u00fcle broneerimiss\u00fcsteemile. Seet\u00f5ttu on meil saadaval detsembrist &#8211; m\u00e4rtsini ainult piiratud koguses masinaid. T\u00e4pse tarneinfo saamiseks palun v\u00f5tke \u00fchendust inf&#111;&#64;&#51;&#100;&#x6b;&#x6f;&#x64;&#x61;&#x2e;&#x63;&#x6f;m, et saaksime antud mudeli puhul teada anda, kui pikk on tarneaeg.<br \/>\nK\u00f5ik-\u00fches tootmislahendus professionaalseks 3D-printimiseks<br \/>\nBambu Lab H2S Combo \u00fchendab uue p\u00f5lvkonna H2S 3D-printeri ja AMS 2 Pro automaatse materjalihalduss\u00fcsteemi. See kombinatsioon pakub maksimaalset paindlikkust, v\u00f5imaldades mitmev\u00e4rvilisi v\u00f5i mitmematerjalilisi tr\u00fckke ning sujuvat t\u00f6\u00f6voogu nii protot\u00fc\u00fcpimises kui ka v\u00e4ikeseeria tootmises.<\/p>\n<p>Peamised omadused<\/p>\n<p>H2S printer \u2013 suur t\u00f6\u00f6ala (340 \u00d7 320 \u00d7 340 mm), kuni 360 \u00b0C hotend, aktiivselt soojendatav tr\u00fckikamber (65 \u00b0C), servo-extruder ja AI-p\u00f5hine ohutus.<\/p>\n<p>AMS 2 Pro \u2013 4 rulliga automaatne materjalivahetus, v\u00f5imalus \u00fchendada kuni 16 rulli; integreeritud niiskusekontroll ja kuivatus.<\/p>\n<p>Mitmev\u00e4rviline ja mitmematerjaliline printimine \u2013 ideaalne protot\u00fc\u00fcpimiseks, funktsionaalsete osade valmistamiseks ja disainiprojektideks.<\/p>\n<p>T\u00e4ielik kontroll ja j\u00e4lgimine \u2013 23 andurit, 3 kaamerat ja AI-tuvastus vigade v\u00e4ltimiseks.<\/p>\n<p>Vaikne t\u00f6\u00f6 \u2013 m\u00fcratase alla 50 dB, sobib kontorisse ja stuudiosse.<\/p>\n<p>Miks valida H2S Combo?<br \/>\nKui vajad rohkem kui lihtsalt t\u00f6\u00f6kindlat 3D-printerit, pakub H2S Combo mitmev\u00e4rvilise ja \u2013materjalilise printimise vabadust. See on parim valik neile, kes soovivad \u00fches seadmes j\u00f5udlust, paindlikkust ja tootlikkust.<\/p>\n","protected":false},"excerpt":{"rendered":"<p>NB! Bambu Lab 3D-printerite suure populaarsuse t\u00f5ttu on uute printerite tarne 2025 aasta l\u00f5pus &#8211; 2026 aasta alguses raskendatud, mist\u00f5ttu on Bambu lab l\u00e4inud \u00fcle broneerimiss\u00fcsteemile. Seet\u00f5ttu on meil saadaval detsembrist &#8211; m\u00e4rtsini ainult piiratud koguses masinaid. T\u00e4pse tarneinfo saamiseks palun v\u00f5tke \u00fchendust info&#64;&#51;&#100;&#107;&#111;&#x64;&#x61;&#x2e;&#x63;&#x6f;&#x6d;, et saaksime antud mudeli puhul teada anda, kui pikk on tarneaeg. [&#8230;]\n","protected":false},"featured_media":223467,"template":"","meta":{"inline_featured_image":false},"product_cat":[39615],"product_tag":[],"yoast_head":"<!-- This site is optimized with the Yoast SEO Premium plugin v23.0 (Yoast SEO v23.0) - https:\/\/yoast.com\/wordpress\/plugins\/seo\/ -->\n<title>Bambu Lab H2S Combo, hea hinnaga, osta e-pood - Odav Print<\/title>\n<meta name=\"description\" content=\"Osta Bambu Lab H2S Combo Odav Print \u260e +372 5911 9495 \u2714\ufe0f Parim hind Bambu Lab H2S Combo jaoks \u26df Kiire kohaletoimetamine Eestis \u2b50 Garanteeritud\" \/>\n<meta name=\"robots\" content=\"index, follow, max-snippet:-1, max-image-preview:large, max-video-preview:-1\" \/>\n<link rel=\"canonical\" href=\"https:\/\/odavprint.ee\/en\/product\/bambu-lab-h2s-combo\/\" \/>\n<meta property=\"og:locale\" content=\"en_US\" \/>\n<meta property=\"og:type\" content=\"article\" \/>\n<meta property=\"og:title\" content=\"Bambu Lab H2S Combo\" \/>\n<meta property=\"og:description\" content=\"Osta Bambu Lab H2S Combo Odav Print \u260e +372 5911 9495 \u2714\ufe0f Parim hind Bambu Lab H2S Combo jaoks \u26df Kiire kohaletoimetamine Eestis \u2b50 Garanteeritud\" \/>\n<meta property=\"og:url\" content=\"https:\/\/odavprint.ee\/en\/product\/bambu-lab-h2s-combo\/\" \/>\n<meta property=\"og:site_name\" content=\"Odav Print\" \/>\n<meta property=\"article:modified_time\" content=\"2026-05-01T03:38:08+00:00\" \/>\n<meta name=\"twitter:card\" content=\"summary_large_image\" \/>\n<meta name=\"twitter:label1\" content=\"Price\" \/>\n\t<meta name=\"twitter:data1\" content=\"&euro;1,559.82\" \/>\n\t<meta name=\"twitter:label2\" content=\"Availability\" \/>\n\t<meta name=\"twitter:data2\" content=\"Out of stock\" \/>\n<script type=\"application\/ld+json\" class=\"yoast-schema-graph\">{\"@context\":\"https:\/\/schema.org\",\"@graph\":[{\"@type\":[\"WebPage\",\"ItemPage\"],\"@id\":\"https:\/\/odavprint.ee\/en\/product\/bambu-lab-h2s-combo\/\",\"url\":\"https:\/\/odavprint.ee\/en\/product\/bambu-lab-h2s-combo\/\",\"name\":\"Bambu Lab H2S Combo, hea hinnaga, osta e-pood - Odav Print\",\"isPartOf\":{\"@id\":\"https:\/\/odavprint.ee\/en\/#website\"},\"primaryImageOfPage\":{\"@id\":\"https:\/\/odavprint.ee\/en\/product\/bambu-lab-h2s-combo\/#primaryimage\"},\"image\":{\"@id\":\"https:\/\/odavprint.ee\/en\/product\/bambu-lab-h2s-combo\/#primaryimage\"},\"thumbnailUrl\":\"https:\/\/odavprint.ee\/wp-content\/uploads\/2026\/04\/H2S-1.webp\",\"datePublished\":\"2026-04-14T20:12:27+00:00\",\"dateModified\":\"2026-05-01T03:38:08+00:00\",\"description\":\"Osta Bambu Lab H2S Combo Odav Print \u260e +372 5911 9495 \u2714\ufe0f Parim hind Bambu Lab H2S Combo jaoks \u26df Kiire kohaletoimetamine Eestis \u2b50 Garanteeritud\",\"breadcrumb\":{\"@id\":\"https:\/\/odavprint.ee\/en\/product\/bambu-lab-h2s-combo\/#breadcrumb\"},\"inLanguage\":\"en-US\",\"potentialAction\":[{\"@type\":\"ReadAction\",\"target\":[\"https:\/\/odavprint.ee\/en\/product\/bambu-lab-h2s-combo\/\"]}]},{\"@type\":\"ImageObject\",\"inLanguage\":\"en-US\",\"@id\":\"https:\/\/odavprint.ee\/en\/product\/bambu-lab-h2s-combo\/#primaryimage\",\"url\":\"https:\/\/odavprint.ee\/wp-content\/uploads\/2026\/04\/H2S-1.webp\",\"contentUrl\":\"https:\/\/odavprint.ee\/wp-content\/uploads\/2026\/04\/H2S-1.webp\",\"width\":1600,\"height\":1600},{\"@type\":\"BreadcrumbList\",\"@id\":\"https:\/\/odavprint.ee\/en\/product\/bambu-lab-h2s-combo\/#breadcrumb\",\"itemListElement\":[{\"@type\":\"ListItem\",\"position\":1,\"name\":\"Home\",\"item\":\"https:\/\/odavprint.ee\/en\/\"},{\"@type\":\"ListItem\",\"position\":2,\"name\":\"Shop\",\"item\":\"https:\/\/odavprint.ee\/en\/shop\/\"},{\"@type\":\"ListItem\",\"position\":3,\"name\":\"Bambu Lab H2S Combo\"}]},{\"@type\":\"WebSite\",\"@id\":\"https:\/\/odavprint.ee\/en\/#website\",\"url\":\"https:\/\/odavprint.ee\/en\/\",\"name\":\"Odav Print\",\"description\":\"Just another WordPress site\",\"publisher\":{\"@id\":\"https:\/\/odavprint.ee\/en\/#organization\"},\"alternateName\":\"Kassettide, toonerite t\u00e4itmine ja m\u00fc\u00fck.\",\"potentialAction\":[{\"@type\":\"SearchAction\",\"target\":{\"@type\":\"EntryPoint\",\"urlTemplate\":\"https:\/\/odavprint.ee\/en\/?s={search_term_string}\"},\"query-input\":\"required name=search_term_string\"}],\"inLanguage\":\"en-US\"},{\"@type\":[\"Organization\",\"Place\"],\"@id\":\"https:\/\/odavprint.ee\/en\/#organization\",\"name\":\"Odav Print O\u00dc\",\"url\":\"https:\/\/odavprint.ee\/en\/\",\"logo\":{\"@id\":\"https:\/\/odavprint.ee\/en\/product\/bambu-lab-h2s-combo\/#local-main-organization-logo\"},\"image\":{\"@id\":\"https:\/\/odavprint.ee\/en\/product\/bambu-lab-h2s-combo\/#local-main-organization-logo\"},\"address\":{\"@id\":\"https:\/\/odavprint.ee\/en\/product\/bambu-lab-h2s-combo\/#local-main-place-address\"},\"geo\":{\"@type\":\"GeoCoordinates\",\"latitude\":\"59.4306504\",\"longitude\":\"24.8095743\"},\"telephone\":[\"53836926\"],\"openingHoursSpecification\":[{\"@type\":\"OpeningHoursSpecification\",\"dayOfWeek\":[\"Monday\",\"Tuesday\",\"Wednesday\",\"Thursday\",\"Friday\",\"Saturday\",\"Sunday\"],\"opens\":\"09:00\",\"closes\":\"17:00\"}],\"email\":\"info@odavprint.eu\"},{\"@type\":\"PostalAddress\",\"@id\":\"https:\/\/odavprint.ee\/en\/product\/bambu-lab-h2s-combo\/#local-main-place-address\",\"streetAddress\":\"Pae tn 28\",\"addressLocality\":\"Tallinn\",\"postalCode\":\"11415\",\"addressRegion\":\"Harjumaa\",\"addressCountry\":\"EE\"},{\"@type\":\"ImageObject\",\"inLanguage\":\"en-US\",\"@id\":\"https:\/\/odavprint.ee\/en\/product\/bambu-lab-h2s-combo\/#local-main-organization-logo\",\"url\":\"https:\/\/odavprint.ee\/wp-content\/uploads\/2018\/10\/odavprint-logo-240.jpg\",\"contentUrl\":\"https:\/\/odavprint.ee\/wp-content\/uploads\/2018\/10\/odavprint-logo-240.jpg\",\"width\":240,\"height\":36,\"caption\":\"Odav Print O\u00dc\"}]}<\/script>\n<meta property=\"product:price:amount\" content=\"1559.82\" \/>\n<meta property=\"product:price:currency\" content=\"EUR\" \/>\n<meta property=\"og:availability\" content=\"out of stock\" \/>\n<meta property=\"product:availability\" content=\"out of stock\" \/>\n<meta property=\"product:condition\" content=\"new\" \/>\n<meta name=\"geo.placename\" content=\"Tallinn\" \/>\n<meta name=\"geo.position\" content=\"59.4306504;24.8095743\" \/>\n<meta name=\"geo.region\" content=\"Estonia\" \/>\n<!-- \/ Yoast SEO Premium plugin. -->","yoast_head_json":{"title":"Bambu Lab H2S Combo, hea hinnaga, osta e-pood - Odav Print","description":"Osta Bambu Lab H2S Combo Odav Print \u260e +372 5911 9495 \u2714\ufe0f Parim hind Bambu Lab H2S Combo jaoks \u26df Kiire kohaletoimetamine Eestis \u2b50 Garanteeritud","robots":{"index":"index","follow":"follow","max-snippet":"max-snippet:-1","max-image-preview":"max-image-preview:large","max-video-preview":"max-video-preview:-1"},"canonical":"https:\/\/odavprint.ee\/en\/product\/bambu-lab-h2s-combo\/","og_locale":"en_US","og_type":"article","og_title":"Bambu Lab H2S Combo","og_description":"Osta Bambu Lab H2S Combo Odav Print \u260e +372 5911 9495 \u2714\ufe0f Parim hind Bambu Lab H2S Combo jaoks \u26df Kiire kohaletoimetamine Eestis \u2b50 Garanteeritud","og_url":"https:\/\/odavprint.ee\/en\/product\/bambu-lab-h2s-combo\/","og_site_name":"Odav Print","article_modified_time":"2026-05-01T03:38:08+00:00","twitter_card":"summary_large_image","twitter_misc":{"Price":"&euro;1,559.82","Availability":"Out of stock"},"schema":{"@context":"https:\/\/schema.org","@graph":[{"@type":["WebPage","ItemPage"],"@id":"https:\/\/odavprint.ee\/en\/product\/bambu-lab-h2s-combo\/","url":"https:\/\/odavprint.ee\/en\/product\/bambu-lab-h2s-combo\/","name":"Bambu Lab H2S Combo, hea hinnaga, osta e-pood - Odav Print","isPartOf":{"@id":"https:\/\/odavprint.ee\/en\/#website"},"primaryImageOfPage":{"@id":"https:\/\/odavprint.ee\/en\/product\/bambu-lab-h2s-combo\/#primaryimage"},"image":{"@id":"https:\/\/odavprint.ee\/en\/product\/bambu-lab-h2s-combo\/#primaryimage"},"thumbnailUrl":"https:\/\/odavprint.ee\/wp-content\/uploads\/2026\/04\/H2S-1.webp","datePublished":"2026-04-14T20:12:27+00:00","dateModified":"2026-05-01T03:38:08+00:00","description":"Osta Bambu Lab H2S Combo Odav Print \u260e +372 5911 9495 \u2714\ufe0f Parim hind Bambu Lab H2S Combo jaoks \u26df Kiire kohaletoimetamine Eestis \u2b50 Garanteeritud","breadcrumb":{"@id":"https:\/\/odavprint.ee\/en\/product\/bambu-lab-h2s-combo\/#breadcrumb"},"inLanguage":"en-US","potentialAction":[{"@type":"ReadAction","target":["https:\/\/odavprint.ee\/en\/product\/bambu-lab-h2s-combo\/"]}]},{"@type":"ImageObject","inLanguage":"en-US","@id":"https:\/\/odavprint.ee\/en\/product\/bambu-lab-h2s-combo\/#primaryimage","url":"https:\/\/odavprint.ee\/wp-content\/uploads\/2026\/04\/H2S-1.webp","contentUrl":"https:\/\/odavprint.ee\/wp-content\/uploads\/2026\/04\/H2S-1.webp","width":1600,"height":1600},{"@type":"BreadcrumbList","@id":"https:\/\/odavprint.ee\/en\/product\/bambu-lab-h2s-combo\/#breadcrumb","itemListElement":[{"@type":"ListItem","position":1,"name":"Home","item":"https:\/\/odavprint.ee\/en\/"},{"@type":"ListItem","position":2,"name":"Shop","item":"https:\/\/odavprint.ee\/en\/shop\/"},{"@type":"ListItem","position":3,"name":"Bambu Lab H2S Combo"}]},{"@type":"WebSite","@id":"https:\/\/odavprint.ee\/en\/#website","url":"https:\/\/odavprint.ee\/en\/","name":"Odav Print","description":"Just another WordPress site","publisher":{"@id":"https:\/\/odavprint.ee\/en\/#organization"},"alternateName":"Kassettide, toonerite t\u00e4itmine ja m\u00fc\u00fck.","potentialAction":[{"@type":"SearchAction","target":{"@type":"EntryPoint","urlTemplate":"https:\/\/odavprint.ee\/en\/?s={search_term_string}"},"query-input":"required name=search_term_string"}],"inLanguage":"en-US"},{"@type":["Organization","Place"],"@id":"https:\/\/odavprint.ee\/en\/#organization","name":"Odav Print O\u00dc","url":"https:\/\/odavprint.ee\/en\/","logo":{"@id":"https:\/\/odavprint.ee\/en\/product\/bambu-lab-h2s-combo\/#local-main-organization-logo"},"image":{"@id":"https:\/\/odavprint.ee\/en\/product\/bambu-lab-h2s-combo\/#local-main-organization-logo"},"address":{"@id":"https:\/\/odavprint.ee\/en\/product\/bambu-lab-h2s-combo\/#local-main-place-address"},"geo":{"@type":"GeoCoordinates","latitude":"59.4306504","longitude":"24.8095743"},"telephone":["53836926"],"openingHoursSpecification":[{"@type":"OpeningHoursSpecification","dayOfWeek":["Monday","Tuesday","Wednesday","Thursday","Friday","Saturday","Sunday"],"opens":"09:00","closes":"17:00"}],"email":"info@odavprint.eu"},{"@type":"PostalAddress","@id":"https:\/\/odavprint.ee\/en\/product\/bambu-lab-h2s-combo\/#local-main-place-address","streetAddress":"Pae tn 28","addressLocality":"Tallinn","postalCode":"11415","addressRegion":"Harjumaa","addressCountry":"EE"},{"@type":"ImageObject","inLanguage":"en-US","@id":"https:\/\/odavprint.ee\/en\/product\/bambu-lab-h2s-combo\/#local-main-organization-logo","url":"https:\/\/odavprint.ee\/wp-content\/uploads\/2018\/10\/odavprint-logo-240.jpg","contentUrl":"https:\/\/odavprint.ee\/wp-content\/uploads\/2018\/10\/odavprint-logo-240.jpg","width":240,"height":36,"caption":"Odav Print O\u00dc"}]},"product_price_amount":"1559.82","product_price_currency":"EUR","og_availability":"out of stock","product_availability":"out of stock","product_condition":"new","geo.placename":"Tallinn","geo.position":{"lat":"59.4306504","long":"24.8095743"},"geo.region":"Estonia"},"_links":{"self":[{"href":"https:\/\/odavprint.ee\/en\/wp-json\/wp\/v2\/product\/223466"}],"collection":[{"href":"https:\/\/odavprint.ee\/en\/wp-json\/wp\/v2\/product"}],"about":[{"href":"https:\/\/odavprint.ee\/en\/wp-json\/wp\/v2\/types\/product"}],"wp:featuredmedia":[{"embeddable":true,"href":"https:\/\/odavprint.ee\/en\/wp-json\/wp\/v2\/media\/223467"}],"wp:attachment":[{"href":"https:\/\/odavprint.ee\/en\/wp-json\/wp\/v2\/media?parent=223466"}],"wp:term":[{"taxonomy":"product_cat","embeddable":true,"href":"https:\/\/odavprint.ee\/en\/wp-json\/wp\/v2\/product_cat?post=223466"},{"taxonomy":"product_tag","embeddable":true,"href":"https:\/\/odavprint.ee\/en\/wp-json\/wp\/v2\/product_tag?post=223466"}],"curies":[{"name":"wp","href":"https:\/\/api.w.org\/{rel}","templated":true}]}}