{"id":223594,"date":"2026-04-14T23:30:16","date_gmt":"2026-04-14T20:30:16","guid":{"rendered":"https:\/\/odavprint.ee\/?post_type=product&#038;p=223594"},"modified":"2026-05-01T06:38:13","modified_gmt":"2026-05-01T03:38:13","slug":"bambu-lab-pla-metal-vaskpruun-metallik","status":"publish","type":"product","link":"https:\/\/odavprint.ee\/en\/product\/bambu-lab-pla-metal-vaskpruun-metallik\/","title":{"rendered":"Bambu Lab &#8211; PLA Metal, Vaskpruun metallik"},"content":{"rendered":"<p>PLA Metal filament Bambu Labilt on loodud j\u00e4ljendama metalli tekstuur ja l\u00e4ige, kuid ei sisalda metalliosakesi. See pakub suhteliselt k\u00f5rget l\u00f6\u00f6gikindlust ja tuleb koos korduvkasutatava pooliga. Filamendi l\u00e4bim\u00f5\u00f5t on 1.75mm, \u00fchildub AMS-iga, tihedus 1.25 g\/cm\u00b3, Vicati pehmenemistemperatuur 62\u00b0C ja t\u00f5mbetugevus 34 \u00b1 4 MPa. Saadaval mitmes metallilises v\u00e4rvitoonis, sobib metallilaadse esteetikaga projektidele.<br \/>\nRohkem infot<\/p>\n","protected":false},"excerpt":{"rendered":"<p>PLA Metal filament Bambu Labilt on loodud j\u00e4ljendama metalli tekstuur ja l\u00e4ige, kuid ei sisalda metalliosakesi. See pakub suhteliselt k\u00f5rget l\u00f6\u00f6gikindlust ja tuleb koos korduvkasutatava pooliga. Filamendi l\u00e4bim\u00f5\u00f5t on 1.75mm, \u00fchildub AMS-iga, tihedus 1.25 g\/cm\u00b3, Vicati pehmenemistemperatuur 62\u00b0C ja t\u00f5mbetugevus 34 \u00b1 4 MPa. Saadaval mitmes metallilises v\u00e4rvitoonis, sobib metallilaadse esteetikaga projektidele. Rohkem infot<\/p>\n","protected":false},"featured_media":223595,"template":"","meta":{"inline_featured_image":false},"product_cat":[39657],"product_tag":[],"yoast_head":"<!-- This site is optimized with the Yoast SEO Premium plugin v23.0 (Yoast SEO v23.0) - https:\/\/yoast.com\/wordpress\/plugins\/seo\/ -->\n<title>Bambu Lab - PLA Metal, Vaskpruun metallik, hea hinnaga, osta e-pood - Odav Print<\/title>\n<meta name=\"description\" content=\"Osta Bambu Lab - PLA Metal, Vaskpruun metallik Odav Print \u260e +372 5911 9495 \u2714\ufe0f Parim hind Bambu Lab - PLA Metal, Vaskpruun metallik jaoks \u26df Kiire kohaletoimetamine Eestis \u2b50 Garanteeritud\" \/>\n<meta name=\"robots\" content=\"index, follow, max-snippet:-1, max-image-preview:large, max-video-preview:-1\" \/>\n<link rel=\"canonical\" href=\"https:\/\/odavprint.ee\/en\/product\/bambu-lab-pla-metal-vaskpruun-metallik\/\" \/>\n<meta property=\"og:locale\" content=\"en_US\" \/>\n<meta property=\"og:type\" content=\"article\" \/>\n<meta property=\"og:title\" content=\"Bambu Lab - PLA Metal, Vaskpruun metallik\" \/>\n<meta property=\"og:description\" content=\"Osta Bambu Lab - PLA Metal, Vaskpruun metallik Odav Print \u260e +372 5911 9495 \u2714\ufe0f Parim hind Bambu Lab - PLA Metal, Vaskpruun metallik jaoks \u26df Kiire kohaletoimetamine Eestis \u2b50 Garanteeritud\" \/>\n<meta property=\"og:url\" content=\"https:\/\/odavprint.ee\/en\/product\/bambu-lab-pla-metal-vaskpruun-metallik\/\" \/>\n<meta property=\"og:site_name\" content=\"Odav Print\" \/>\n<meta property=\"article:modified_time\" content=\"2026-05-01T03:38:13+00:00\" \/>\n<meta property=\"og:image\" content=\"https:\/\/odavprint.ee\/wp-content\/uploads\/2026\/04\/Bambu-Lab-PLA-metal-raudhall-1.webp\" \/>\n\t<meta property=\"og:image:width\" content=\"1600\" \/>\n\t<meta property=\"og:image:height\" content=\"1600\" \/>\n\t<meta property=\"og:image:type\" content=\"image\/webp\" \/>\n<meta name=\"twitter:card\" content=\"summary_large_image\" \/>\n<meta name=\"twitter:label1\" content=\"Price\" \/>\n\t<meta name=\"twitter:data1\" content=\"&euro;29.90\" \/>\n\t<meta name=\"twitter:label2\" content=\"Availability\" \/>\n\t<meta name=\"twitter:data2\" content=\"Out of stock\" \/>\n<script type=\"application\/ld+json\" class=\"yoast-schema-graph\">{\"@context\":\"https:\/\/schema.org\",\"@graph\":[{\"@type\":[\"WebPage\",\"ItemPage\"],\"@id\":\"https:\/\/odavprint.ee\/en\/product\/bambu-lab-pla-metal-vaskpruun-metallik\/\",\"url\":\"https:\/\/odavprint.ee\/en\/product\/bambu-lab-pla-metal-vaskpruun-metallik\/\",\"name\":\"Bambu Lab - PLA Metal, Vaskpruun metallik, hea hinnaga, osta e-pood - Odav Print\",\"isPartOf\":{\"@id\":\"https:\/\/odavprint.ee\/en\/#website\"},\"primaryImageOfPage\":{\"@id\":\"https:\/\/odavprint.ee\/en\/product\/bambu-lab-pla-metal-vaskpruun-metallik\/#primaryimage\"},\"image\":{\"@id\":\"https:\/\/odavprint.ee\/en\/product\/bambu-lab-pla-metal-vaskpruun-metallik\/#primaryimage\"},\"thumbnailUrl\":\"https:\/\/odavprint.ee\/wp-content\/uploads\/2026\/04\/Bambu-Lab-PLA-metal-raudhall-1.webp\",\"datePublished\":\"2026-04-14T20:30:16+00:00\",\"dateModified\":\"2026-05-01T03:38:13+00:00\",\"description\":\"Osta Bambu Lab - PLA Metal, Vaskpruun metallik Odav Print \u260e +372 5911 9495 \u2714\ufe0f Parim hind Bambu Lab - PLA Metal, Vaskpruun metallik jaoks \u26df Kiire kohaletoimetamine Eestis \u2b50 Garanteeritud\",\"breadcrumb\":{\"@id\":\"https:\/\/odavprint.ee\/en\/product\/bambu-lab-pla-metal-vaskpruun-metallik\/#breadcrumb\"},\"inLanguage\":\"en-US\",\"potentialAction\":[{\"@type\":\"ReadAction\",\"target\":[\"https:\/\/odavprint.ee\/en\/product\/bambu-lab-pla-metal-vaskpruun-metallik\/\"]}]},{\"@type\":\"ImageObject\",\"inLanguage\":\"en-US\",\"@id\":\"https:\/\/odavprint.ee\/en\/product\/bambu-lab-pla-metal-vaskpruun-metallik\/#primaryimage\",\"url\":\"https:\/\/odavprint.ee\/wp-content\/uploads\/2026\/04\/Bambu-Lab-PLA-metal-raudhall-1.webp\",\"contentUrl\":\"https:\/\/odavprint.ee\/wp-content\/uploads\/2026\/04\/Bambu-Lab-PLA-metal-raudhall-1.webp\",\"width\":1600,\"height\":1600},{\"@type\":\"BreadcrumbList\",\"@id\":\"https:\/\/odavprint.ee\/en\/product\/bambu-lab-pla-metal-vaskpruun-metallik\/#breadcrumb\",\"itemListElement\":[{\"@type\":\"ListItem\",\"position\":1,\"name\":\"Home\",\"item\":\"https:\/\/odavprint.ee\/en\/\"},{\"@type\":\"ListItem\",\"position\":2,\"name\":\"Shop\",\"item\":\"https:\/\/odavprint.ee\/en\/shop\/\"},{\"@type\":\"ListItem\",\"position\":3,\"name\":\"Bambu Lab &#8211; PLA Metal, Vaskpruun metallik\"}]},{\"@type\":\"WebSite\",\"@id\":\"https:\/\/odavprint.ee\/en\/#website\",\"url\":\"https:\/\/odavprint.ee\/en\/\",\"name\":\"Odav Print\",\"description\":\"Just another WordPress site\",\"publisher\":{\"@id\":\"https:\/\/odavprint.ee\/en\/#organization\"},\"alternateName\":\"Kassettide, toonerite t\u00e4itmine ja m\u00fc\u00fck.\",\"potentialAction\":[{\"@type\":\"SearchAction\",\"target\":{\"@type\":\"EntryPoint\",\"urlTemplate\":\"https:\/\/odavprint.ee\/en\/?s={search_term_string}\"},\"query-input\":\"required name=search_term_string\"}],\"inLanguage\":\"en-US\"},{\"@type\":[\"Organization\",\"Place\"],\"@id\":\"https:\/\/odavprint.ee\/en\/#organization\",\"name\":\"Odav Print O\u00dc\",\"url\":\"https:\/\/odavprint.ee\/en\/\",\"logo\":{\"@id\":\"https:\/\/odavprint.ee\/en\/product\/bambu-lab-pla-metal-vaskpruun-metallik\/#local-main-organization-logo\"},\"image\":{\"@id\":\"https:\/\/odavprint.ee\/en\/product\/bambu-lab-pla-metal-vaskpruun-metallik\/#local-main-organization-logo\"},\"address\":{\"@id\":\"https:\/\/odavprint.ee\/en\/product\/bambu-lab-pla-metal-vaskpruun-metallik\/#local-main-place-address\"},\"geo\":{\"@type\":\"GeoCoordinates\",\"latitude\":\"59.4306504\",\"longitude\":\"24.8095743\"},\"telephone\":[\"53836926\"],\"openingHoursSpecification\":[{\"@type\":\"OpeningHoursSpecification\",\"dayOfWeek\":[\"Monday\",\"Tuesday\",\"Wednesday\",\"Thursday\",\"Friday\",\"Saturday\",\"Sunday\"],\"opens\":\"09:00\",\"closes\":\"17:00\"}],\"email\":\"info@odavprint.eu\"},{\"@type\":\"PostalAddress\",\"@id\":\"https:\/\/odavprint.ee\/en\/product\/bambu-lab-pla-metal-vaskpruun-metallik\/#local-main-place-address\",\"streetAddress\":\"Pae tn 28\",\"addressLocality\":\"Tallinn\",\"postalCode\":\"11415\",\"addressRegion\":\"Harjumaa\",\"addressCountry\":\"EE\"},{\"@type\":\"ImageObject\",\"inLanguage\":\"en-US\",\"@id\":\"https:\/\/odavprint.ee\/en\/product\/bambu-lab-pla-metal-vaskpruun-metallik\/#local-main-organization-logo\",\"url\":\"https:\/\/odavprint.ee\/wp-content\/uploads\/2018\/10\/odavprint-logo-240.jpg\",\"contentUrl\":\"https:\/\/odavprint.ee\/wp-content\/uploads\/2018\/10\/odavprint-logo-240.jpg\",\"width\":240,\"height\":36,\"caption\":\"Odav Print O\u00dc\"}]}<\/script>\n<meta property=\"product:price:amount\" content=\"29.90\" \/>\n<meta property=\"product:price:currency\" content=\"EUR\" \/>\n<meta property=\"og:availability\" content=\"out of stock\" \/>\n<meta property=\"product:availability\" content=\"out of stock\" \/>\n<meta property=\"product:condition\" content=\"new\" \/>\n<meta name=\"geo.placename\" content=\"Tallinn\" \/>\n<meta name=\"geo.position\" content=\"59.4306504;24.8095743\" \/>\n<meta name=\"geo.region\" content=\"Estonia\" \/>\n<!-- \/ Yoast SEO Premium plugin. -->","yoast_head_json":{"title":"Bambu Lab - PLA Metal, Vaskpruun metallik, hea hinnaga, osta e-pood - Odav Print","description":"Osta Bambu Lab - PLA Metal, Vaskpruun metallik Odav Print \u260e +372 5911 9495 \u2714\ufe0f Parim hind Bambu Lab - PLA Metal, Vaskpruun metallik jaoks \u26df Kiire kohaletoimetamine Eestis \u2b50 Garanteeritud","robots":{"index":"index","follow":"follow","max-snippet":"max-snippet:-1","max-image-preview":"max-image-preview:large","max-video-preview":"max-video-preview:-1"},"canonical":"https:\/\/odavprint.ee\/en\/product\/bambu-lab-pla-metal-vaskpruun-metallik\/","og_locale":"en_US","og_type":"article","og_title":"Bambu Lab - PLA Metal, Vaskpruun metallik","og_description":"Osta Bambu Lab - PLA Metal, Vaskpruun metallik Odav Print \u260e +372 5911 9495 \u2714\ufe0f Parim hind Bambu Lab - PLA Metal, Vaskpruun metallik jaoks \u26df Kiire kohaletoimetamine Eestis \u2b50 Garanteeritud","og_url":"https:\/\/odavprint.ee\/en\/product\/bambu-lab-pla-metal-vaskpruun-metallik\/","og_site_name":"Odav Print","article_modified_time":"2026-05-01T03:38:13+00:00","og_image":[{"width":1600,"height":1600,"url":"https:\/\/odavprint.ee\/wp-content\/uploads\/2026\/04\/Bambu-Lab-PLA-metal-raudhall-1.webp","type":"image\/webp"}],"twitter_card":"summary_large_image","twitter_misc":{"Price":"&euro;29.90","Availability":"Out of stock"},"schema":{"@context":"https:\/\/schema.org","@graph":[{"@type":["WebPage","ItemPage"],"@id":"https:\/\/odavprint.ee\/en\/product\/bambu-lab-pla-metal-vaskpruun-metallik\/","url":"https:\/\/odavprint.ee\/en\/product\/bambu-lab-pla-metal-vaskpruun-metallik\/","name":"Bambu Lab - PLA Metal, Vaskpruun metallik, hea hinnaga, osta e-pood - Odav Print","isPartOf":{"@id":"https:\/\/odavprint.ee\/en\/#website"},"primaryImageOfPage":{"@id":"https:\/\/odavprint.ee\/en\/product\/bambu-lab-pla-metal-vaskpruun-metallik\/#primaryimage"},"image":{"@id":"https:\/\/odavprint.ee\/en\/product\/bambu-lab-pla-metal-vaskpruun-metallik\/#primaryimage"},"thumbnailUrl":"https:\/\/odavprint.ee\/wp-content\/uploads\/2026\/04\/Bambu-Lab-PLA-metal-raudhall-1.webp","datePublished":"2026-04-14T20:30:16+00:00","dateModified":"2026-05-01T03:38:13+00:00","description":"Osta Bambu Lab - PLA Metal, Vaskpruun metallik Odav Print \u260e +372 5911 9495 \u2714\ufe0f Parim hind Bambu Lab - PLA Metal, Vaskpruun metallik jaoks \u26df Kiire kohaletoimetamine Eestis \u2b50 Garanteeritud","breadcrumb":{"@id":"https:\/\/odavprint.ee\/en\/product\/bambu-lab-pla-metal-vaskpruun-metallik\/#breadcrumb"},"inLanguage":"en-US","potentialAction":[{"@type":"ReadAction","target":["https:\/\/odavprint.ee\/en\/product\/bambu-lab-pla-metal-vaskpruun-metallik\/"]}]},{"@type":"ImageObject","inLanguage":"en-US","@id":"https:\/\/odavprint.ee\/en\/product\/bambu-lab-pla-metal-vaskpruun-metallik\/#primaryimage","url":"https:\/\/odavprint.ee\/wp-content\/uploads\/2026\/04\/Bambu-Lab-PLA-metal-raudhall-1.webp","contentUrl":"https:\/\/odavprint.ee\/wp-content\/uploads\/2026\/04\/Bambu-Lab-PLA-metal-raudhall-1.webp","width":1600,"height":1600},{"@type":"BreadcrumbList","@id":"https:\/\/odavprint.ee\/en\/product\/bambu-lab-pla-metal-vaskpruun-metallik\/#breadcrumb","itemListElement":[{"@type":"ListItem","position":1,"name":"Home","item":"https:\/\/odavprint.ee\/en\/"},{"@type":"ListItem","position":2,"name":"Shop","item":"https:\/\/odavprint.ee\/en\/shop\/"},{"@type":"ListItem","position":3,"name":"Bambu Lab &#8211; PLA Metal, Vaskpruun metallik"}]},{"@type":"WebSite","@id":"https:\/\/odavprint.ee\/en\/#website","url":"https:\/\/odavprint.ee\/en\/","name":"Odav Print","description":"Just another WordPress site","publisher":{"@id":"https:\/\/odavprint.ee\/en\/#organization"},"alternateName":"Kassettide, toonerite t\u00e4itmine ja m\u00fc\u00fck.","potentialAction":[{"@type":"SearchAction","target":{"@type":"EntryPoint","urlTemplate":"https:\/\/odavprint.ee\/en\/?s={search_term_string}"},"query-input":"required name=search_term_string"}],"inLanguage":"en-US"},{"@type":["Organization","Place"],"@id":"https:\/\/odavprint.ee\/en\/#organization","name":"Odav Print O\u00dc","url":"https:\/\/odavprint.ee\/en\/","logo":{"@id":"https:\/\/odavprint.ee\/en\/product\/bambu-lab-pla-metal-vaskpruun-metallik\/#local-main-organization-logo"},"image":{"@id":"https:\/\/odavprint.ee\/en\/product\/bambu-lab-pla-metal-vaskpruun-metallik\/#local-main-organization-logo"},"address":{"@id":"https:\/\/odavprint.ee\/en\/product\/bambu-lab-pla-metal-vaskpruun-metallik\/#local-main-place-address"},"geo":{"@type":"GeoCoordinates","latitude":"59.4306504","longitude":"24.8095743"},"telephone":["53836926"],"openingHoursSpecification":[{"@type":"OpeningHoursSpecification","dayOfWeek":["Monday","Tuesday","Wednesday","Thursday","Friday","Saturday","Sunday"],"opens":"09:00","closes":"17:00"}],"email":"info@odavprint.eu"},{"@type":"PostalAddress","@id":"https:\/\/odavprint.ee\/en\/product\/bambu-lab-pla-metal-vaskpruun-metallik\/#local-main-place-address","streetAddress":"Pae tn 28","addressLocality":"Tallinn","postalCode":"11415","addressRegion":"Harjumaa","addressCountry":"EE"},{"@type":"ImageObject","inLanguage":"en-US","@id":"https:\/\/odavprint.ee\/en\/product\/bambu-lab-pla-metal-vaskpruun-metallik\/#local-main-organization-logo","url":"https:\/\/odavprint.ee\/wp-content\/uploads\/2018\/10\/odavprint-logo-240.jpg","contentUrl":"https:\/\/odavprint.ee\/wp-content\/uploads\/2018\/10\/odavprint-logo-240.jpg","width":240,"height":36,"caption":"Odav Print O\u00dc"}]},"product_price_amount":"29.90","product_price_currency":"EUR","og_availability":"out of stock","product_availability":"out of stock","product_condition":"new","geo.placename":"Tallinn","geo.position":{"lat":"59.4306504","long":"24.8095743"},"geo.region":"Estonia"},"_links":{"self":[{"href":"https:\/\/odavprint.ee\/en\/wp-json\/wp\/v2\/product\/223594"}],"collection":[{"href":"https:\/\/odavprint.ee\/en\/wp-json\/wp\/v2\/product"}],"about":[{"href":"https:\/\/odavprint.ee\/en\/wp-json\/wp\/v2\/types\/product"}],"wp:featuredmedia":[{"embeddable":true,"href":"https:\/\/odavprint.ee\/en\/wp-json\/wp\/v2\/media\/223595"}],"wp:attachment":[{"href":"https:\/\/odavprint.ee\/en\/wp-json\/wp\/v2\/media?parent=223594"}],"wp:term":[{"taxonomy":"product_cat","embeddable":true,"href":"https:\/\/odavprint.ee\/en\/wp-json\/wp\/v2\/product_cat?post=223594"},{"taxonomy":"product_tag","embeddable":true,"href":"https:\/\/odavprint.ee\/en\/wp-json\/wp\/v2\/product_tag?post=223594"}],"curies":[{"name":"wp","href":"https:\/\/api.w.org\/{rel}","templated":true}]}}