{"id":24669,"date":"2020-02-07T13:58:49","date_gmt":"2020-02-07T11:58:49","guid":{"rendered":"https:\/\/odavprint.ee\/?post_type=product&#038;p=24669"},"modified":"2025-02-21T14:25:50","modified_gmt":"2025-02-21T12:25:50","slug":"originaal-tintide-komplekt-hp-301xl-black-hp-301xl-tricolor","status":"publish","type":"product","link":"https:\/\/odavprint.ee\/en\/product\/originaal-tintide-komplekt-hp-301xl-black-hp-301xl-tricolor\/","title":{"rendered":"Originaal tintide komplekt HP 301XL Black + HP 301XL TriColor"},"content":{"rendered":"<p>HP Deskjet 1000, HP Deskjet 1010, HP Deskjet 1050, HP Deskjet 1050A All-in-One, HP Deskjet 1510, HP Deskjet 1512, HP Deskjet 1514, HP Deskjet 2050, HP Deskjet 2050A, HP Deskjet 2050s, HP Deskjet 2510, HP Deskjet 2512, HP Deskjet 2540, HP Deskjet 2542, HP Deskjet 2544, HP Deskjet 2545 All-In-One, HP Deskjet 2549 All-In-One, HP Deskjet 3000, HP Deskjet 3050, HP Deskjet 3050A e-All-in-One, HP Deskjet 3055A e-All-in-One, HP Envy 4500 e-All-in-One, HP Envy 4502 e-All-in-One, HP Envy 4503 e-All-in-One, HP Envy 4504 e-All-in-One, HP Envy 4505 e-All-in-One, HP Envy 4507 e-All-in-One, HP Envy 4508 e-All-in-One, HP Envy 4509 e-All-in-One, HP Envy 5530 e-All-in-One, HP Envy 5532 e-All-in-One, HP Envy 5534 e-All-in-One, HP Envy 5539 e-All-in-One, HP Officejet 2620, HP Officejet 2622, HP Officejet 4630, HP Officejet 4632, HP Officejet 4634 e-All-in-One<\/p>\n","protected":false},"excerpt":{"rendered":"<p>HP Deskjet 1000, HP Deskjet 1010, HP Deskjet 1050, HP Deskjet 1050A All-in-One, HP Deskjet 1510, HP Deskjet 1512, HP Deskjet 1514, HP Deskjet 2050, HP Deskjet 2050A, HP Deskjet 2050s, HP Deskjet 2510, HP Deskjet 2512, HP Deskjet 2540, HP Deskjet 2542, HP Deskjet 2544, HP Deskjet 2545 All-In-One, HP Deskjet 2549 All-In-One, HP [&#8230;]\n","protected":false},"featured_media":24670,"template":"","meta":{"inline_featured_image":false},"product_cat":[10770],"product_tag":[],"yoast_head":"<!-- This site is optimized with the Yoast SEO Premium plugin v23.0 (Yoast SEO v23.0) - https:\/\/yoast.com\/wordpress\/plugins\/seo\/ -->\n<title>Originaal tintide komplekt HP 301XL Black + HP 301XL TriColor, hea hinnaga, osta e-pood - Odav Print<\/title>\n<meta name=\"description\" content=\"Osta Originaal tintide komplekt HP 301XL Black + HP 301XL TriColor Odav Print \u260e +372 5911 9495 \u2714\ufe0f Parim hind Originaal tintide komplekt HP 301XL Black + HP 301XL TriColor jaoks \u26df Kiire kohaletoimetamine Eestis \u2b50 Garanteeritud\" \/>\n<meta name=\"robots\" content=\"index, follow, max-snippet:-1, max-image-preview:large, max-video-preview:-1\" \/>\n<link rel=\"canonical\" href=\"https:\/\/odavprint.ee\/en\/product\/originaal-tintide-komplekt-hp-301xl-black-hp-301xl-tricolor\/\" \/>\n<meta property=\"og:locale\" content=\"en_US\" \/>\n<meta property=\"og:type\" content=\"article\" \/>\n<meta property=\"og:title\" content=\"Originaal tintide komplekt HP 301XL Black + HP 301XL TriColor\" \/>\n<meta property=\"og:description\" content=\"Osta Originaal tintide komplekt HP 301XL Black + HP 301XL TriColor Odav Print \u260e +372 5911 9495 \u2714\ufe0f Parim hind Originaal tintide komplekt HP 301XL Black + HP 301XL TriColor jaoks \u26df Kiire kohaletoimetamine Eestis \u2b50 Garanteeritud\" \/>\n<meta property=\"og:url\" content=\"https:\/\/odavprint.ee\/en\/product\/originaal-tintide-komplekt-hp-301xl-black-hp-301xl-tricolor\/\" \/>\n<meta property=\"og:site_name\" content=\"Odav Print\" \/>\n<meta property=\"article:modified_time\" content=\"2025-02-21T12:25:50+00:00\" \/>\n<meta property=\"og:image\" content=\"https:\/\/odavprint.ee\/wp-content\/uploads\/2020\/02\/301xl-oem.jpg\" \/>\n\t<meta property=\"og:image:width\" content=\"600\" \/>\n\t<meta property=\"og:image:height\" content=\"335\" \/>\n\t<meta property=\"og:image:type\" content=\"image\/jpeg\" \/>\n<meta name=\"twitter:card\" content=\"summary_large_image\" \/>\n<meta name=\"twitter:label1\" content=\"Price\" \/>\n\t<meta name=\"twitter:data1\" content=\"&euro;97.50\" \/>\n\t<meta name=\"twitter:label2\" content=\"Availability\" \/>\n\t<meta name=\"twitter:data2\" content=\"In stock\" \/>\n<script type=\"application\/ld+json\" class=\"yoast-schema-graph\">{\"@context\":\"https:\/\/schema.org\",\"@graph\":[{\"@type\":[\"WebPage\",\"ItemPage\"],\"@id\":\"https:\/\/odavprint.ee\/en\/product\/originaal-tintide-komplekt-hp-301xl-black-hp-301xl-tricolor\/\",\"url\":\"https:\/\/odavprint.ee\/en\/product\/originaal-tintide-komplekt-hp-301xl-black-hp-301xl-tricolor\/\",\"name\":\"Originaal tintide komplekt HP 301XL Black + HP 301XL TriColor, hea hinnaga, osta e-pood - Odav Print\",\"isPartOf\":{\"@id\":\"https:\/\/odavprint.ee\/en\/#website\"},\"primaryImageOfPage\":{\"@id\":\"https:\/\/odavprint.ee\/en\/product\/originaal-tintide-komplekt-hp-301xl-black-hp-301xl-tricolor\/#primaryimage\"},\"image\":{\"@id\":\"https:\/\/odavprint.ee\/en\/product\/originaal-tintide-komplekt-hp-301xl-black-hp-301xl-tricolor\/#primaryimage\"},\"thumbnailUrl\":\"https:\/\/odavprint.ee\/wp-content\/uploads\/2020\/02\/301xl-oem.jpg\",\"datePublished\":\"2020-02-07T11:58:49+00:00\",\"dateModified\":\"2025-02-21T12:25:50+00:00\",\"description\":\"Osta Originaal tintide komplekt HP 301XL Black + HP 301XL TriColor Odav Print \u260e +372 5911 9495 \u2714\ufe0f Parim hind Originaal tintide komplekt HP 301XL Black + HP 301XL TriColor jaoks \u26df Kiire kohaletoimetamine Eestis \u2b50 Garanteeritud\",\"breadcrumb\":{\"@id\":\"https:\/\/odavprint.ee\/en\/product\/originaal-tintide-komplekt-hp-301xl-black-hp-301xl-tricolor\/#breadcrumb\"},\"inLanguage\":\"en-US\",\"potentialAction\":[{\"@type\":\"ReadAction\",\"target\":[\"https:\/\/odavprint.ee\/en\/product\/originaal-tintide-komplekt-hp-301xl-black-hp-301xl-tricolor\/\"]}]},{\"@type\":\"ImageObject\",\"inLanguage\":\"en-US\",\"@id\":\"https:\/\/odavprint.ee\/en\/product\/originaal-tintide-komplekt-hp-301xl-black-hp-301xl-tricolor\/#primaryimage\",\"url\":\"https:\/\/odavprint.ee\/wp-content\/uploads\/2020\/02\/301xl-oem.jpg\",\"contentUrl\":\"https:\/\/odavprint.ee\/wp-content\/uploads\/2020\/02\/301xl-oem.jpg\",\"width\":600,\"height\":335},{\"@type\":\"BreadcrumbList\",\"@id\":\"https:\/\/odavprint.ee\/en\/product\/originaal-tintide-komplekt-hp-301xl-black-hp-301xl-tricolor\/#breadcrumb\",\"itemListElement\":[{\"@type\":\"ListItem\",\"position\":1,\"name\":\"Home\",\"item\":\"https:\/\/odavprint.ee\/en\/\"},{\"@type\":\"ListItem\",\"position\":2,\"name\":\"Shop\",\"item\":\"https:\/\/odavprint.ee\/en\/shop\/\"},{\"@type\":\"ListItem\",\"position\":3,\"name\":\"Originaal tintide komplekt HP 301XL Black + HP 301XL TriColor\"}]},{\"@type\":\"WebSite\",\"@id\":\"https:\/\/odavprint.ee\/en\/#website\",\"url\":\"https:\/\/odavprint.ee\/en\/\",\"name\":\"Odav Print\",\"description\":\"Just another WordPress site\",\"publisher\":{\"@id\":\"https:\/\/odavprint.ee\/en\/#organization\"},\"alternateName\":\"Kassettide, toonerite t\u00e4itmine ja m\u00fc\u00fck.\",\"potentialAction\":[{\"@type\":\"SearchAction\",\"target\":{\"@type\":\"EntryPoint\",\"urlTemplate\":\"https:\/\/odavprint.ee\/en\/?s={search_term_string}\"},\"query-input\":\"required name=search_term_string\"}],\"inLanguage\":\"en-US\"},{\"@type\":[\"Organization\",\"Place\"],\"@id\":\"https:\/\/odavprint.ee\/en\/#organization\",\"name\":\"Odav Print O\u00dc\",\"url\":\"https:\/\/odavprint.ee\/en\/\",\"logo\":{\"@id\":\"https:\/\/odavprint.ee\/en\/product\/originaal-tintide-komplekt-hp-301xl-black-hp-301xl-tricolor\/#local-main-organization-logo\"},\"image\":{\"@id\":\"https:\/\/odavprint.ee\/en\/product\/originaal-tintide-komplekt-hp-301xl-black-hp-301xl-tricolor\/#local-main-organization-logo\"},\"address\":{\"@id\":\"https:\/\/odavprint.ee\/en\/product\/originaal-tintide-komplekt-hp-301xl-black-hp-301xl-tricolor\/#local-main-place-address\"},\"geo\":{\"@type\":\"GeoCoordinates\",\"latitude\":\"59.4306504\",\"longitude\":\"24.8095743\"},\"telephone\":[\"53836926\"],\"openingHoursSpecification\":[{\"@type\":\"OpeningHoursSpecification\",\"dayOfWeek\":[\"Monday\",\"Tuesday\",\"Wednesday\",\"Thursday\",\"Friday\",\"Saturday\",\"Sunday\"],\"opens\":\"09:00\",\"closes\":\"17:00\"}],\"email\":\"info@odavprint.eu\"},{\"@type\":\"PostalAddress\",\"@id\":\"https:\/\/odavprint.ee\/en\/product\/originaal-tintide-komplekt-hp-301xl-black-hp-301xl-tricolor\/#local-main-place-address\",\"streetAddress\":\"Pae tn 28\",\"addressLocality\":\"Tallinn\",\"postalCode\":\"11415\",\"addressRegion\":\"Harjumaa\",\"addressCountry\":\"EE\"},{\"@type\":\"ImageObject\",\"inLanguage\":\"en-US\",\"@id\":\"https:\/\/odavprint.ee\/en\/product\/originaal-tintide-komplekt-hp-301xl-black-hp-301xl-tricolor\/#local-main-organization-logo\",\"url\":\"https:\/\/odavprint.ee\/wp-content\/uploads\/2018\/10\/odavprint-logo-240.jpg\",\"contentUrl\":\"https:\/\/odavprint.ee\/wp-content\/uploads\/2018\/10\/odavprint-logo-240.jpg\",\"width\":240,\"height\":36,\"caption\":\"Odav Print O\u00dc\"}]}<\/script>\n<meta property=\"product:price:amount\" content=\"97.50\" \/>\n<meta property=\"product:price:currency\" content=\"EUR\" \/>\n<meta property=\"og:availability\" content=\"instock\" \/>\n<meta property=\"product:availability\" content=\"instock\" \/>\n<meta property=\"product:condition\" content=\"new\" \/>\n<meta name=\"geo.placename\" content=\"Tallinn\" \/>\n<meta name=\"geo.position\" content=\"59.4306504;24.8095743\" \/>\n<meta name=\"geo.region\" content=\"Estonia\" \/>\n<!-- \/ Yoast SEO Premium plugin. -->","yoast_head_json":{"title":"Originaal tintide komplekt HP 301XL Black + HP 301XL TriColor, hea hinnaga, osta e-pood - Odav Print","description":"Osta Originaal tintide komplekt HP 301XL Black + HP 301XL TriColor Odav Print \u260e +372 5911 9495 \u2714\ufe0f Parim hind Originaal tintide komplekt HP 301XL Black + HP 301XL TriColor jaoks \u26df Kiire kohaletoimetamine Eestis \u2b50 Garanteeritud","robots":{"index":"index","follow":"follow","max-snippet":"max-snippet:-1","max-image-preview":"max-image-preview:large","max-video-preview":"max-video-preview:-1"},"canonical":"https:\/\/odavprint.ee\/en\/product\/originaal-tintide-komplekt-hp-301xl-black-hp-301xl-tricolor\/","og_locale":"en_US","og_type":"article","og_title":"Originaal tintide komplekt HP 301XL Black + HP 301XL TriColor","og_description":"Osta Originaal tintide komplekt HP 301XL Black + HP 301XL TriColor Odav Print \u260e +372 5911 9495 \u2714\ufe0f Parim hind Originaal tintide komplekt HP 301XL Black + HP 301XL TriColor jaoks \u26df Kiire kohaletoimetamine Eestis \u2b50 Garanteeritud","og_url":"https:\/\/odavprint.ee\/en\/product\/originaal-tintide-komplekt-hp-301xl-black-hp-301xl-tricolor\/","og_site_name":"Odav Print","article_modified_time":"2025-02-21T12:25:50+00:00","og_image":[{"width":600,"height":335,"url":"https:\/\/odavprint.ee\/wp-content\/uploads\/2020\/02\/301xl-oem.jpg","type":"image\/jpeg"}],"twitter_card":"summary_large_image","twitter_misc":{"Price":"&euro;97.50","Availability":"In stock"},"schema":{"@context":"https:\/\/schema.org","@graph":[{"@type":["WebPage","ItemPage"],"@id":"https:\/\/odavprint.ee\/en\/product\/originaal-tintide-komplekt-hp-301xl-black-hp-301xl-tricolor\/","url":"https:\/\/odavprint.ee\/en\/product\/originaal-tintide-komplekt-hp-301xl-black-hp-301xl-tricolor\/","name":"Originaal tintide komplekt HP 301XL Black + HP 301XL TriColor, hea hinnaga, osta e-pood - Odav Print","isPartOf":{"@id":"https:\/\/odavprint.ee\/en\/#website"},"primaryImageOfPage":{"@id":"https:\/\/odavprint.ee\/en\/product\/originaal-tintide-komplekt-hp-301xl-black-hp-301xl-tricolor\/#primaryimage"},"image":{"@id":"https:\/\/odavprint.ee\/en\/product\/originaal-tintide-komplekt-hp-301xl-black-hp-301xl-tricolor\/#primaryimage"},"thumbnailUrl":"https:\/\/odavprint.ee\/wp-content\/uploads\/2020\/02\/301xl-oem.jpg","datePublished":"2020-02-07T11:58:49+00:00","dateModified":"2025-02-21T12:25:50+00:00","description":"Osta Originaal tintide komplekt HP 301XL Black + HP 301XL TriColor Odav Print \u260e +372 5911 9495 \u2714\ufe0f Parim hind Originaal tintide komplekt HP 301XL Black + HP 301XL TriColor jaoks \u26df Kiire kohaletoimetamine Eestis \u2b50 Garanteeritud","breadcrumb":{"@id":"https:\/\/odavprint.ee\/en\/product\/originaal-tintide-komplekt-hp-301xl-black-hp-301xl-tricolor\/#breadcrumb"},"inLanguage":"en-US","potentialAction":[{"@type":"ReadAction","target":["https:\/\/odavprint.ee\/en\/product\/originaal-tintide-komplekt-hp-301xl-black-hp-301xl-tricolor\/"]}]},{"@type":"ImageObject","inLanguage":"en-US","@id":"https:\/\/odavprint.ee\/en\/product\/originaal-tintide-komplekt-hp-301xl-black-hp-301xl-tricolor\/#primaryimage","url":"https:\/\/odavprint.ee\/wp-content\/uploads\/2020\/02\/301xl-oem.jpg","contentUrl":"https:\/\/odavprint.ee\/wp-content\/uploads\/2020\/02\/301xl-oem.jpg","width":600,"height":335},{"@type":"BreadcrumbList","@id":"https:\/\/odavprint.ee\/en\/product\/originaal-tintide-komplekt-hp-301xl-black-hp-301xl-tricolor\/#breadcrumb","itemListElement":[{"@type":"ListItem","position":1,"name":"Home","item":"https:\/\/odavprint.ee\/en\/"},{"@type":"ListItem","position":2,"name":"Shop","item":"https:\/\/odavprint.ee\/en\/shop\/"},{"@type":"ListItem","position":3,"name":"Originaal tintide komplekt HP 301XL Black + HP 301XL TriColor"}]},{"@type":"WebSite","@id":"https:\/\/odavprint.ee\/en\/#website","url":"https:\/\/odavprint.ee\/en\/","name":"Odav Print","description":"Just another WordPress site","publisher":{"@id":"https:\/\/odavprint.ee\/en\/#organization"},"alternateName":"Kassettide, toonerite t\u00e4itmine ja m\u00fc\u00fck.","potentialAction":[{"@type":"SearchAction","target":{"@type":"EntryPoint","urlTemplate":"https:\/\/odavprint.ee\/en\/?s={search_term_string}"},"query-input":"required name=search_term_string"}],"inLanguage":"en-US"},{"@type":["Organization","Place"],"@id":"https:\/\/odavprint.ee\/en\/#organization","name":"Odav Print O\u00dc","url":"https:\/\/odavprint.ee\/en\/","logo":{"@id":"https:\/\/odavprint.ee\/en\/product\/originaal-tintide-komplekt-hp-301xl-black-hp-301xl-tricolor\/#local-main-organization-logo"},"image":{"@id":"https:\/\/odavprint.ee\/en\/product\/originaal-tintide-komplekt-hp-301xl-black-hp-301xl-tricolor\/#local-main-organization-logo"},"address":{"@id":"https:\/\/odavprint.ee\/en\/product\/originaal-tintide-komplekt-hp-301xl-black-hp-301xl-tricolor\/#local-main-place-address"},"geo":{"@type":"GeoCoordinates","latitude":"59.4306504","longitude":"24.8095743"},"telephone":["53836926"],"openingHoursSpecification":[{"@type":"OpeningHoursSpecification","dayOfWeek":["Monday","Tuesday","Wednesday","Thursday","Friday","Saturday","Sunday"],"opens":"09:00","closes":"17:00"}],"email":"info@odavprint.eu"},{"@type":"PostalAddress","@id":"https:\/\/odavprint.ee\/en\/product\/originaal-tintide-komplekt-hp-301xl-black-hp-301xl-tricolor\/#local-main-place-address","streetAddress":"Pae tn 28","addressLocality":"Tallinn","postalCode":"11415","addressRegion":"Harjumaa","addressCountry":"EE"},{"@type":"ImageObject","inLanguage":"en-US","@id":"https:\/\/odavprint.ee\/en\/product\/originaal-tintide-komplekt-hp-301xl-black-hp-301xl-tricolor\/#local-main-organization-logo","url":"https:\/\/odavprint.ee\/wp-content\/uploads\/2018\/10\/odavprint-logo-240.jpg","contentUrl":"https:\/\/odavprint.ee\/wp-content\/uploads\/2018\/10\/odavprint-logo-240.jpg","width":240,"height":36,"caption":"Odav Print O\u00dc"}]},"product_price_amount":"97.50","product_price_currency":"EUR","og_availability":"instock","product_availability":"instock","product_condition":"new","geo.placename":"Tallinn","geo.position":{"lat":"59.4306504","long":"24.8095743"},"geo.region":"Estonia"},"_links":{"self":[{"href":"https:\/\/odavprint.ee\/en\/wp-json\/wp\/v2\/product\/24669"}],"collection":[{"href":"https:\/\/odavprint.ee\/en\/wp-json\/wp\/v2\/product"}],"about":[{"href":"https:\/\/odavprint.ee\/en\/wp-json\/wp\/v2\/types\/product"}],"wp:featuredmedia":[{"embeddable":true,"href":"https:\/\/odavprint.ee\/en\/wp-json\/wp\/v2\/media\/24670"}],"wp:attachment":[{"href":"https:\/\/odavprint.ee\/en\/wp-json\/wp\/v2\/media?parent=24669"}],"wp:term":[{"taxonomy":"product_cat","embeddable":true,"href":"https:\/\/odavprint.ee\/en\/wp-json\/wp\/v2\/product_cat?post=24669"},{"taxonomy":"product_tag","embeddable":true,"href":"https:\/\/odavprint.ee\/en\/wp-json\/wp\/v2\/product_tag?post=24669"}],"curies":[{"name":"wp","href":"https:\/\/api.w.org\/{rel}","templated":true}]}}