{"id":32040,"date":"2020-06-17T17:05:26","date_gmt":"2020-06-17T14:05:26","guid":{"rendered":"https:\/\/odavprint.ee\/product\/Analoog-hewlett-packard-29-51629a-Black-650-psl\/"},"modified":"2020-06-17T17:07:23","modified_gmt":"2020-06-17T14:07:23","slug":"Analoog-hewlett-packard-29-51629a-Black-650-psl","status":"publish","type":"product","link":"https:\/\/odavprint.ee\/en\/product\/Analoog-hewlett-packard-29-51629a-Black-650-psl\/","title":{"rendered":"Analoog Hewlett-Packard 29 (51629A) Black, 650 lk"},"content":{"rendered":"<p>PSC 380, PSC 370, PSC 300, OfficeJet 725, OfficeJet 720, OfficeJet 710, OfficeJet 700, OfficeJet 635, OfficeJet 630, OfficeJet 610, OfficeJet 600, OfficeJet 590, OfficeJet 580, OfficeJet 570, OfficeJet 520, OfficeJet 500, OfficeJet 380, Fax-920, Fax-910, DeskWriter 694C, DeskWriter 680C, DeskWriter 660C, DeskWriter 600, DeskJet 697C, DeskJet 695Cci, DeskJet 694C, DeskJet 694, DeskJet 693C, DeskJet 693, DeskJet 692C, DeskJet 690C, DeskJet 682C, DeskJet 682, DeskJet 680C, DeskJet 680, DeskJet 672C, DeskJet 670TV, DeskJet 670C, DeskJet 660Cxi, DeskJet 660Cse, DeskJet 660C, DeskJet 600C, DeskJet 600<\/p>\n","protected":false},"excerpt":{"rendered":"<p>PSC 380, PSC 370, PSC 300, OfficeJet 725, OfficeJet 720, OfficeJet 710, OfficeJet 700, OfficeJet 635, OfficeJet 630, OfficeJet 610, OfficeJet 600, OfficeJet 590, OfficeJet 580, OfficeJet 570, OfficeJet 520, OfficeJet 500, OfficeJet 380, Fax-920, Fax-910, DeskWriter 694C, DeskWriter 680C, DeskWriter 660C, DeskWriter 600, DeskJet 697C, DeskJet 695Cci, DeskJet 694C, DeskJet 694, DeskJet 693C, DeskJet [&#8230;]\n","protected":false},"featured_media":32041,"template":"","meta":{"inline_featured_image":false},"product_cat":[10770],"product_tag":[15348,15347,15346,15345,15344,15343,15342,15341,15340,15339,15338,15337,15336,15335,15334,15333,15332,15331,15330,15329,15328,15327,15326,15325,15324,15323,15322,15321,15320,15319,15318,15317,15316,15315,15314,15313,15312,15311,15310,15309,15308,15307,15306],"yoast_head":"<!-- This site is optimized with the Yoast SEO Premium plugin v23.0 (Yoast SEO v23.0) - https:\/\/yoast.com\/wordpress\/plugins\/seo\/ -->\n<title>Analoog Hewlett-Packard 29 (51629A) Black, 650 lk, hea hinnaga, osta e-pood - Odav Print<\/title>\n<meta name=\"description\" content=\"Osta Analoog Hewlett-Packard 29 (51629A) Black, 650 lk Odav Print \u260e +372 5911 9495 \u2714\ufe0f Parim hind Analoog Hewlett-Packard 29 (51629A) Black, 650 lk jaoks \u26df Kiire kohaletoimetamine Eestis \u2b50 Garanteeritud\" \/>\n<meta name=\"robots\" content=\"index, follow, max-snippet:-1, max-image-preview:large, max-video-preview:-1\" \/>\n<link rel=\"canonical\" href=\"https:\/\/odavprint.ee\/en\/product\/Analoog-hewlett-packard-29-51629a-Black-650-psl\/\" \/>\n<meta property=\"og:locale\" content=\"en_US\" \/>\n<meta property=\"og:type\" content=\"article\" \/>\n<meta property=\"og:title\" content=\"Analoog Hewlett-Packard 29 (51629A) Black, 650 lk\" \/>\n<meta property=\"og:description\" content=\"Osta Analoog Hewlett-Packard 29 (51629A) Black, 650 lk Odav Print \u260e +372 5911 9495 \u2714\ufe0f Parim hind Analoog Hewlett-Packard 29 (51629A) Black, 650 lk jaoks \u26df Kiire kohaletoimetamine Eestis \u2b50 Garanteeritud\" \/>\n<meta property=\"og:url\" content=\"https:\/\/odavprint.ee\/en\/product\/Analoog-hewlett-packard-29-51629a-Black-650-psl\/\" \/>\n<meta property=\"og:site_name\" content=\"Odav Print\" \/>\n<meta property=\"article:modified_time\" content=\"2020-06-17T14:07:23+00:00\" \/>\n<meta property=\"og:image\" content=\"https:\/\/odavprint.ee\/wp-content\/uploads\/2020\/06\/kompcart_copy.jpg\" \/>\n\t<meta property=\"og:image:width\" content=\"556\" \/>\n\t<meta property=\"og:image:height\" content=\"500\" \/>\n\t<meta property=\"og:image:type\" content=\"image\/jpeg\" \/>\n<meta name=\"twitter:card\" content=\"summary_large_image\" \/>\n<meta name=\"twitter:label1\" content=\"Price\" \/>\n\t<meta name=\"twitter:data1\" content=\"&euro;6.20\" \/>\n\t<meta name=\"twitter:label2\" content=\"Availability\" \/>\n\t<meta name=\"twitter:data2\" content=\"In stock\" \/>\n<script type=\"application\/ld+json\" class=\"yoast-schema-graph\">{\"@context\":\"https:\/\/schema.org\",\"@graph\":[{\"@type\":[\"WebPage\",\"ItemPage\"],\"@id\":\"https:\/\/odavprint.ee\/en\/product\/Analoog-hewlett-packard-29-51629a-Black-650-psl\/\",\"url\":\"https:\/\/odavprint.ee\/en\/product\/Analoog-hewlett-packard-29-51629a-Black-650-psl\/\",\"name\":\"Analoog Hewlett-Packard 29 (51629A) Black, 650 lk, hea hinnaga, osta e-pood - Odav Print\",\"isPartOf\":{\"@id\":\"https:\/\/odavprint.ee\/en\/#website\"},\"primaryImageOfPage\":{\"@id\":\"https:\/\/odavprint.ee\/en\/product\/Analoog-hewlett-packard-29-51629a-Black-650-psl\/#primaryimage\"},\"image\":{\"@id\":\"https:\/\/odavprint.ee\/en\/product\/Analoog-hewlett-packard-29-51629a-Black-650-psl\/#primaryimage\"},\"thumbnailUrl\":\"https:\/\/odavprint.ee\/wp-content\/uploads\/2020\/06\/kompcart_copy.jpg\",\"datePublished\":\"2020-06-17T14:05:26+00:00\",\"dateModified\":\"2020-06-17T14:07:23+00:00\",\"description\":\"Osta Analoog Hewlett-Packard 29 (51629A) Black, 650 lk Odav Print \u260e +372 5911 9495 \u2714\ufe0f Parim hind Analoog Hewlett-Packard 29 (51629A) Black, 650 lk jaoks \u26df Kiire kohaletoimetamine Eestis \u2b50 Garanteeritud\",\"breadcrumb\":{\"@id\":\"https:\/\/odavprint.ee\/en\/product\/Analoog-hewlett-packard-29-51629a-Black-650-psl\/#breadcrumb\"},\"inLanguage\":\"en-US\",\"potentialAction\":[{\"@type\":\"ReadAction\",\"target\":[\"https:\/\/odavprint.ee\/en\/product\/Analoog-hewlett-packard-29-51629a-Black-650-psl\/\"]}]},{\"@type\":\"ImageObject\",\"inLanguage\":\"en-US\",\"@id\":\"https:\/\/odavprint.ee\/en\/product\/Analoog-hewlett-packard-29-51629a-Black-650-psl\/#primaryimage\",\"url\":\"https:\/\/odavprint.ee\/wp-content\/uploads\/2020\/06\/kompcart_copy.jpg\",\"contentUrl\":\"https:\/\/odavprint.ee\/wp-content\/uploads\/2020\/06\/kompcart_copy.jpg\",\"width\":556,\"height\":500},{\"@type\":\"BreadcrumbList\",\"@id\":\"https:\/\/odavprint.ee\/en\/product\/Analoog-hewlett-packard-29-51629a-Black-650-psl\/#breadcrumb\",\"itemListElement\":[{\"@type\":\"ListItem\",\"position\":1,\"name\":\"Home\",\"item\":\"https:\/\/odavprint.ee\/en\/\"},{\"@type\":\"ListItem\",\"position\":2,\"name\":\"Shop\",\"item\":\"https:\/\/odavprint.ee\/en\/shop\/\"},{\"@type\":\"ListItem\",\"position\":3,\"name\":\"Analoog Hewlett-Packard 29 (51629A) Black, 650 lk\"}]},{\"@type\":\"WebSite\",\"@id\":\"https:\/\/odavprint.ee\/en\/#website\",\"url\":\"https:\/\/odavprint.ee\/en\/\",\"name\":\"Odav Print\",\"description\":\"Just another WordPress site\",\"publisher\":{\"@id\":\"https:\/\/odavprint.ee\/en\/#organization\"},\"alternateName\":\"Kassettide, toonerite t\u00e4itmine ja m\u00fc\u00fck.\",\"potentialAction\":[{\"@type\":\"SearchAction\",\"target\":{\"@type\":\"EntryPoint\",\"urlTemplate\":\"https:\/\/odavprint.ee\/en\/?s={search_term_string}\"},\"query-input\":\"required name=search_term_string\"}],\"inLanguage\":\"en-US\"},{\"@type\":[\"Organization\",\"Place\"],\"@id\":\"https:\/\/odavprint.ee\/en\/#organization\",\"name\":\"Odav Print O\u00dc\",\"url\":\"https:\/\/odavprint.ee\/en\/\",\"logo\":{\"@id\":\"https:\/\/odavprint.ee\/en\/product\/Analoog-hewlett-packard-29-51629a-Black-650-psl\/#local-main-organization-logo\"},\"image\":{\"@id\":\"https:\/\/odavprint.ee\/en\/product\/Analoog-hewlett-packard-29-51629a-Black-650-psl\/#local-main-organization-logo\"},\"address\":{\"@id\":\"https:\/\/odavprint.ee\/en\/product\/Analoog-hewlett-packard-29-51629a-Black-650-psl\/#local-main-place-address\"},\"geo\":{\"@type\":\"GeoCoordinates\",\"latitude\":\"59.4306504\",\"longitude\":\"24.8095743\"},\"telephone\":[\"53836926\"],\"openingHoursSpecification\":[{\"@type\":\"OpeningHoursSpecification\",\"dayOfWeek\":[\"Monday\",\"Tuesday\",\"Wednesday\",\"Thursday\",\"Friday\",\"Saturday\",\"Sunday\"],\"opens\":\"09:00\",\"closes\":\"17:00\"}],\"email\":\"info@odavprint.eu\"},{\"@type\":\"PostalAddress\",\"@id\":\"https:\/\/odavprint.ee\/en\/product\/Analoog-hewlett-packard-29-51629a-Black-650-psl\/#local-main-place-address\",\"streetAddress\":\"Pae tn 28\",\"addressLocality\":\"Tallinn\",\"postalCode\":\"11415\",\"addressRegion\":\"Harjumaa\",\"addressCountry\":\"EE\"},{\"@type\":\"ImageObject\",\"inLanguage\":\"en-US\",\"@id\":\"https:\/\/odavprint.ee\/en\/product\/Analoog-hewlett-packard-29-51629a-Black-650-psl\/#local-main-organization-logo\",\"url\":\"https:\/\/odavprint.ee\/wp-content\/uploads\/2018\/10\/odavprint-logo-240.jpg\",\"contentUrl\":\"https:\/\/odavprint.ee\/wp-content\/uploads\/2018\/10\/odavprint-logo-240.jpg\",\"width\":240,\"height\":36,\"caption\":\"Odav Print O\u00dc\"}]}<\/script>\n<meta property=\"product:price:amount\" content=\"6.20\" \/>\n<meta property=\"product:price:currency\" content=\"EUR\" \/>\n<meta property=\"og:availability\" content=\"instock\" \/>\n<meta property=\"product:availability\" content=\"instock\" \/>\n<meta property=\"product:retailer_item_id\" content=\"CH\/51629A\/EOL\" \/>\n<meta property=\"product:condition\" content=\"new\" \/>\n<meta name=\"geo.placename\" content=\"Tallinn\" \/>\n<meta name=\"geo.position\" content=\"59.4306504;24.8095743\" \/>\n<meta name=\"geo.region\" content=\"Estonia\" \/>\n<!-- \/ Yoast SEO Premium plugin. -->","yoast_head_json":{"title":"Analoog Hewlett-Packard 29 (51629A) Black, 650 lk, hea hinnaga, osta e-pood - Odav Print","description":"Osta Analoog Hewlett-Packard 29 (51629A) Black, 650 lk Odav Print \u260e +372 5911 9495 \u2714\ufe0f Parim hind Analoog Hewlett-Packard 29 (51629A) Black, 650 lk jaoks \u26df Kiire kohaletoimetamine Eestis \u2b50 Garanteeritud","robots":{"index":"index","follow":"follow","max-snippet":"max-snippet:-1","max-image-preview":"max-image-preview:large","max-video-preview":"max-video-preview:-1"},"canonical":"https:\/\/odavprint.ee\/en\/product\/Analoog-hewlett-packard-29-51629a-Black-650-psl\/","og_locale":"en_US","og_type":"article","og_title":"Analoog Hewlett-Packard 29 (51629A) Black, 650 lk","og_description":"Osta Analoog Hewlett-Packard 29 (51629A) Black, 650 lk Odav Print \u260e +372 5911 9495 \u2714\ufe0f Parim hind Analoog Hewlett-Packard 29 (51629A) Black, 650 lk jaoks \u26df Kiire kohaletoimetamine Eestis \u2b50 Garanteeritud","og_url":"https:\/\/odavprint.ee\/en\/product\/Analoog-hewlett-packard-29-51629a-Black-650-psl\/","og_site_name":"Odav Print","article_modified_time":"2020-06-17T14:07:23+00:00","og_image":[{"width":556,"height":500,"url":"https:\/\/odavprint.ee\/wp-content\/uploads\/2020\/06\/kompcart_copy.jpg","type":"image\/jpeg"}],"twitter_card":"summary_large_image","twitter_misc":{"Price":"&euro;6.20","Availability":"In stock"},"schema":{"@context":"https:\/\/schema.org","@graph":[{"@type":["WebPage","ItemPage"],"@id":"https:\/\/odavprint.ee\/en\/product\/Analoog-hewlett-packard-29-51629a-Black-650-psl\/","url":"https:\/\/odavprint.ee\/en\/product\/Analoog-hewlett-packard-29-51629a-Black-650-psl\/","name":"Analoog Hewlett-Packard 29 (51629A) Black, 650 lk, hea hinnaga, osta e-pood - Odav Print","isPartOf":{"@id":"https:\/\/odavprint.ee\/en\/#website"},"primaryImageOfPage":{"@id":"https:\/\/odavprint.ee\/en\/product\/Analoog-hewlett-packard-29-51629a-Black-650-psl\/#primaryimage"},"image":{"@id":"https:\/\/odavprint.ee\/en\/product\/Analoog-hewlett-packard-29-51629a-Black-650-psl\/#primaryimage"},"thumbnailUrl":"https:\/\/odavprint.ee\/wp-content\/uploads\/2020\/06\/kompcart_copy.jpg","datePublished":"2020-06-17T14:05:26+00:00","dateModified":"2020-06-17T14:07:23+00:00","description":"Osta Analoog Hewlett-Packard 29 (51629A) Black, 650 lk Odav Print \u260e +372 5911 9495 \u2714\ufe0f Parim hind Analoog Hewlett-Packard 29 (51629A) Black, 650 lk jaoks \u26df Kiire kohaletoimetamine Eestis \u2b50 Garanteeritud","breadcrumb":{"@id":"https:\/\/odavprint.ee\/en\/product\/Analoog-hewlett-packard-29-51629a-Black-650-psl\/#breadcrumb"},"inLanguage":"en-US","potentialAction":[{"@type":"ReadAction","target":["https:\/\/odavprint.ee\/en\/product\/Analoog-hewlett-packard-29-51629a-Black-650-psl\/"]}]},{"@type":"ImageObject","inLanguage":"en-US","@id":"https:\/\/odavprint.ee\/en\/product\/Analoog-hewlett-packard-29-51629a-Black-650-psl\/#primaryimage","url":"https:\/\/odavprint.ee\/wp-content\/uploads\/2020\/06\/kompcart_copy.jpg","contentUrl":"https:\/\/odavprint.ee\/wp-content\/uploads\/2020\/06\/kompcart_copy.jpg","width":556,"height":500},{"@type":"BreadcrumbList","@id":"https:\/\/odavprint.ee\/en\/product\/Analoog-hewlett-packard-29-51629a-Black-650-psl\/#breadcrumb","itemListElement":[{"@type":"ListItem","position":1,"name":"Home","item":"https:\/\/odavprint.ee\/en\/"},{"@type":"ListItem","position":2,"name":"Shop","item":"https:\/\/odavprint.ee\/en\/shop\/"},{"@type":"ListItem","position":3,"name":"Analoog Hewlett-Packard 29 (51629A) Black, 650 lk"}]},{"@type":"WebSite","@id":"https:\/\/odavprint.ee\/en\/#website","url":"https:\/\/odavprint.ee\/en\/","name":"Odav Print","description":"Just another WordPress site","publisher":{"@id":"https:\/\/odavprint.ee\/en\/#organization"},"alternateName":"Kassettide, toonerite t\u00e4itmine ja m\u00fc\u00fck.","potentialAction":[{"@type":"SearchAction","target":{"@type":"EntryPoint","urlTemplate":"https:\/\/odavprint.ee\/en\/?s={search_term_string}"},"query-input":"required name=search_term_string"}],"inLanguage":"en-US"},{"@type":["Organization","Place"],"@id":"https:\/\/odavprint.ee\/en\/#organization","name":"Odav Print O\u00dc","url":"https:\/\/odavprint.ee\/en\/","logo":{"@id":"https:\/\/odavprint.ee\/en\/product\/Analoog-hewlett-packard-29-51629a-Black-650-psl\/#local-main-organization-logo"},"image":{"@id":"https:\/\/odavprint.ee\/en\/product\/Analoog-hewlett-packard-29-51629a-Black-650-psl\/#local-main-organization-logo"},"address":{"@id":"https:\/\/odavprint.ee\/en\/product\/Analoog-hewlett-packard-29-51629a-Black-650-psl\/#local-main-place-address"},"geo":{"@type":"GeoCoordinates","latitude":"59.4306504","longitude":"24.8095743"},"telephone":["53836926"],"openingHoursSpecification":[{"@type":"OpeningHoursSpecification","dayOfWeek":["Monday","Tuesday","Wednesday","Thursday","Friday","Saturday","Sunday"],"opens":"09:00","closes":"17:00"}],"email":"info@odavprint.eu"},{"@type":"PostalAddress","@id":"https:\/\/odavprint.ee\/en\/product\/Analoog-hewlett-packard-29-51629a-Black-650-psl\/#local-main-place-address","streetAddress":"Pae tn 28","addressLocality":"Tallinn","postalCode":"11415","addressRegion":"Harjumaa","addressCountry":"EE"},{"@type":"ImageObject","inLanguage":"en-US","@id":"https:\/\/odavprint.ee\/en\/product\/Analoog-hewlett-packard-29-51629a-Black-650-psl\/#local-main-organization-logo","url":"https:\/\/odavprint.ee\/wp-content\/uploads\/2018\/10\/odavprint-logo-240.jpg","contentUrl":"https:\/\/odavprint.ee\/wp-content\/uploads\/2018\/10\/odavprint-logo-240.jpg","width":240,"height":36,"caption":"Odav Print O\u00dc"}]},"product_price_amount":"6.20","product_price_currency":"EUR","og_availability":"instock","product_availability":"instock","product_retailer_item_id":"CH\/51629A\/EOL","product_condition":"new","geo.placename":"Tallinn","geo.position":{"lat":"59.4306504","long":"24.8095743"},"geo.region":"Estonia"},"_links":{"self":[{"href":"https:\/\/odavprint.ee\/en\/wp-json\/wp\/v2\/product\/32040"}],"collection":[{"href":"https:\/\/odavprint.ee\/en\/wp-json\/wp\/v2\/product"}],"about":[{"href":"https:\/\/odavprint.ee\/en\/wp-json\/wp\/v2\/types\/product"}],"wp:featuredmedia":[{"embeddable":true,"href":"https:\/\/odavprint.ee\/en\/wp-json\/wp\/v2\/media\/32041"}],"wp:attachment":[{"href":"https:\/\/odavprint.ee\/en\/wp-json\/wp\/v2\/media?parent=32040"}],"wp:term":[{"taxonomy":"product_cat","embeddable":true,"href":"https:\/\/odavprint.ee\/en\/wp-json\/wp\/v2\/product_cat?post=32040"},{"taxonomy":"product_tag","embeddable":true,"href":"https:\/\/odavprint.ee\/en\/wp-json\/wp\/v2\/product_tag?post=32040"}],"curies":[{"name":"wp","href":"https:\/\/api.w.org\/{rel}","templated":true}]}}