{"id":32240,"date":"2020-06-19T15:08:33","date_gmt":"2020-06-19T12:08:33","guid":{"rendered":"https:\/\/odavprint.ee\/product\/samsung-drum-mlt-r116-see-sv134a\/"},"modified":"2022-10-13T17:30:54","modified_gmt":"2022-10-13T14:30:54","slug":"samsung-drum-mlt-r116-see-sv134a","status":"publish","type":"product","link":"https:\/\/odavprint.ee\/en\/product\/samsung-drum-mlt-r116-see-sv134a\/","title":{"rendered":"Samsung Drum MLT-R116\/SEE (SV134A)"},"content":{"rendered":"<p>M2652, Xpress M2675series, Xpress M2825series, Xpress M2875series, Xpress M2620, Xpress M2835DW, Xpress M2885series, SL-M2625, SL-M2625D, SL-M2625F, SL-M2625FN, SL-M2625N, SL-M2625series, SL-M2675FN, Xpress M2625, Xpress M2625D, Xpress M2625D Premium Line, Xpress M2625F, Xpress M2625FN, Xpress M2625N, Xpress M2625series, Xpress M2675F, Xpress M2675FN, Xpress M2675FN Premium Line, Xpress M2825DW, Xpress M2825ND, Xpress M2825ND Premium Line, Xpress M2835DW Premium Line, Xpress M2885FW, Xpress M2885FW Premium Line, SL-M2620, SL-M2620 Series, SL-M2820D, SL-M2820 Series, SL-M2870fw, SL-M2620D, SL-M2820DW, SL-M2871fw, SL-M2620ND, SL-M2820ND, SL-M2870fD, Xpress M2620 Series, Xpress M2820DW, Xpress M2870fw, Xpress M2875FD, Xpress M2875ND, Xpress M2885, Xpress M2620D, Xpress M2676, Xpress M2820ND, Xpress M2826, Xpress M2871fw, Xpress M2875FD Premium Line, Xpress M2626, Xpress M2820D, Xpress M2820 Series, Xpress M2830DW, Xpress M2870fD, Xpress M2875DW, Xpress M2875FW, Xpress M2876, SL-M2626, SL-M2826, SL-M2876, Xpress M2620ND<\/p>\n","protected":false},"excerpt":{"rendered":"<p>M2652, Xpress M2675series, Xpress M2825series, Xpress M2875series, Xpress M2620, Xpress M2835DW, Xpress M2885series, SL-M2625, SL-M2625D, SL-M2625F, SL-M2625FN, SL-M2625N, SL-M2625series, SL-M2675FN, Xpress M2625, Xpress M2625D, Xpress M2625D Premium Line, Xpress M2625F, Xpress M2625FN, Xpress M2625N, Xpress M2625series, Xpress M2675F, Xpress M2675FN, Xpress M2675FN Premium Line, Xpress M2825DW, Xpress M2825ND, Xpress M2825ND Premium Line, Xpress M2835DW Premium [&#8230;]\n","protected":false},"featured_media":32241,"template":"","meta":{"inline_featured_image":false},"product_cat":[12832],"product_tag":[15399,15429,15430,15434,15437,15406,15407,15408,15409,15410,15411,15460,15412,15432,15431,15435,15438,15461,15439,15433,15436,15462,15403,15440,15446,15463,15413,15414,15415,15416,15417,15418,15419,15452,15420,15421,15422,15400,15447,15454,15453,15441,15448,15423,15424,15425,15401,15449,15455,15404,15426,15456,15442,15450,15457,15443,15451,15458,15444,15402,15459,15445,15427,15428,15405],"yoast_head":"<!-- This site is optimized with the Yoast SEO Premium plugin v23.0 (Yoast SEO v23.0) - https:\/\/yoast.com\/wordpress\/plugins\/seo\/ -->\n<title>Samsung Drum MLT-R116\/SEE (SV134A), hea hinnaga, osta e-pood - Odav Print<\/title>\n<meta name=\"description\" content=\"Osta Samsung Drum MLT-R116\/SEE (SV134A) Odav Print \u260e +372 5911 9495 \u2714\ufe0f Parim hind Samsung Drum MLT-R116\/SEE (SV134A) jaoks \u26df Kiire kohaletoimetamine Eestis \u2b50 Garanteeritud\" \/>\n<meta name=\"robots\" content=\"index, follow, max-snippet:-1, max-image-preview:large, max-video-preview:-1\" \/>\n<link rel=\"canonical\" href=\"https:\/\/odavprint.ee\/en\/product\/samsung-drum-mlt-r116-see-sv134a\/\" \/>\n<meta property=\"og:locale\" content=\"en_US\" \/>\n<meta property=\"og:type\" content=\"article\" \/>\n<meta property=\"og:title\" content=\"Samsung Drum MLT-R116\/SEE (SV134A)\" \/>\n<meta property=\"og:description\" content=\"Osta Samsung Drum MLT-R116\/SEE (SV134A) Odav Print \u260e +372 5911 9495 \u2714\ufe0f Parim hind Samsung Drum MLT-R116\/SEE (SV134A) jaoks \u26df Kiire kohaletoimetamine Eestis \u2b50 Garanteeritud\" \/>\n<meta property=\"og:url\" content=\"https:\/\/odavprint.ee\/en\/product\/samsung-drum-mlt-r116-see-sv134a\/\" \/>\n<meta property=\"og:site_name\" content=\"Odav Print\" \/>\n<meta property=\"article:modified_time\" content=\"2022-10-13T14:30:54+00:00\" \/>\n<meta property=\"og:image\" content=\"https:\/\/odavprint.ee\/wp-content\/uploads\/2020\/06\/mlt_r116.jpg\" \/>\n\t<meta property=\"og:image:width\" content=\"225\" \/>\n\t<meta property=\"og:image:height\" content=\"225\" \/>\n\t<meta property=\"og:image:type\" content=\"image\/jpeg\" \/>\n<meta name=\"twitter:card\" content=\"summary_large_image\" \/>\n<meta name=\"twitter:label1\" content=\"Price\" \/>\n\t<meta name=\"twitter:data1\" content=\"&euro;66.00\" \/>\n\t<meta name=\"twitter:label2\" content=\"Availability\" \/>\n\t<meta name=\"twitter:data2\" content=\"In stock\" \/>\n<script type=\"application\/ld+json\" class=\"yoast-schema-graph\">{\"@context\":\"https:\/\/schema.org\",\"@graph\":[{\"@type\":[\"WebPage\",\"ItemPage\"],\"@id\":\"https:\/\/odavprint.ee\/en\/product\/samsung-drum-mlt-r116-see-sv134a\/\",\"url\":\"https:\/\/odavprint.ee\/en\/product\/samsung-drum-mlt-r116-see-sv134a\/\",\"name\":\"Samsung Drum MLT-R116\/SEE (SV134A), hea hinnaga, osta e-pood - Odav Print\",\"isPartOf\":{\"@id\":\"https:\/\/odavprint.ee\/en\/#website\"},\"primaryImageOfPage\":{\"@id\":\"https:\/\/odavprint.ee\/en\/product\/samsung-drum-mlt-r116-see-sv134a\/#primaryimage\"},\"image\":{\"@id\":\"https:\/\/odavprint.ee\/en\/product\/samsung-drum-mlt-r116-see-sv134a\/#primaryimage\"},\"thumbnailUrl\":\"https:\/\/odavprint.ee\/wp-content\/uploads\/2020\/06\/mlt_r116.jpg\",\"datePublished\":\"2020-06-19T12:08:33+00:00\",\"dateModified\":\"2022-10-13T14:30:54+00:00\",\"description\":\"Osta Samsung Drum MLT-R116\/SEE (SV134A) Odav Print \u260e +372 5911 9495 \u2714\ufe0f Parim hind Samsung Drum MLT-R116\/SEE (SV134A) jaoks \u26df Kiire kohaletoimetamine Eestis \u2b50 Garanteeritud\",\"breadcrumb\":{\"@id\":\"https:\/\/odavprint.ee\/en\/product\/samsung-drum-mlt-r116-see-sv134a\/#breadcrumb\"},\"inLanguage\":\"en-US\",\"potentialAction\":[{\"@type\":\"ReadAction\",\"target\":[\"https:\/\/odavprint.ee\/en\/product\/samsung-drum-mlt-r116-see-sv134a\/\"]}]},{\"@type\":\"ImageObject\",\"inLanguage\":\"en-US\",\"@id\":\"https:\/\/odavprint.ee\/en\/product\/samsung-drum-mlt-r116-see-sv134a\/#primaryimage\",\"url\":\"https:\/\/odavprint.ee\/wp-content\/uploads\/2020\/06\/mlt_r116.jpg\",\"contentUrl\":\"https:\/\/odavprint.ee\/wp-content\/uploads\/2020\/06\/mlt_r116.jpg\",\"width\":225,\"height\":225},{\"@type\":\"BreadcrumbList\",\"@id\":\"https:\/\/odavprint.ee\/en\/product\/samsung-drum-mlt-r116-see-sv134a\/#breadcrumb\",\"itemListElement\":[{\"@type\":\"ListItem\",\"position\":1,\"name\":\"Home\",\"item\":\"https:\/\/odavprint.ee\/en\/\"},{\"@type\":\"ListItem\",\"position\":2,\"name\":\"Shop\",\"item\":\"https:\/\/odavprint.ee\/en\/shop\/\"},{\"@type\":\"ListItem\",\"position\":3,\"name\":\"Samsung Drum MLT-R116\/SEE (SV134A)\"}]},{\"@type\":\"WebSite\",\"@id\":\"https:\/\/odavprint.ee\/en\/#website\",\"url\":\"https:\/\/odavprint.ee\/en\/\",\"name\":\"Odav Print\",\"description\":\"Just another WordPress site\",\"publisher\":{\"@id\":\"https:\/\/odavprint.ee\/en\/#organization\"},\"alternateName\":\"Kassettide, toonerite t\u00e4itmine ja m\u00fc\u00fck.\",\"potentialAction\":[{\"@type\":\"SearchAction\",\"target\":{\"@type\":\"EntryPoint\",\"urlTemplate\":\"https:\/\/odavprint.ee\/en\/?s={search_term_string}\"},\"query-input\":\"required name=search_term_string\"}],\"inLanguage\":\"en-US\"},{\"@type\":[\"Organization\",\"Place\"],\"@id\":\"https:\/\/odavprint.ee\/en\/#organization\",\"name\":\"Odav Print O\u00dc\",\"url\":\"https:\/\/odavprint.ee\/en\/\",\"logo\":{\"@id\":\"https:\/\/odavprint.ee\/en\/product\/samsung-drum-mlt-r116-see-sv134a\/#local-main-organization-logo\"},\"image\":{\"@id\":\"https:\/\/odavprint.ee\/en\/product\/samsung-drum-mlt-r116-see-sv134a\/#local-main-organization-logo\"},\"address\":{\"@id\":\"https:\/\/odavprint.ee\/en\/product\/samsung-drum-mlt-r116-see-sv134a\/#local-main-place-address\"},\"geo\":{\"@type\":\"GeoCoordinates\",\"latitude\":\"59.4306504\",\"longitude\":\"24.8095743\"},\"telephone\":[\"53836926\"],\"openingHoursSpecification\":[{\"@type\":\"OpeningHoursSpecification\",\"dayOfWeek\":[\"Monday\",\"Tuesday\",\"Wednesday\",\"Thursday\",\"Friday\",\"Saturday\",\"Sunday\"],\"opens\":\"09:00\",\"closes\":\"17:00\"}],\"email\":\"info@odavprint.eu\"},{\"@type\":\"PostalAddress\",\"@id\":\"https:\/\/odavprint.ee\/en\/product\/samsung-drum-mlt-r116-see-sv134a\/#local-main-place-address\",\"streetAddress\":\"Pae tn 28\",\"addressLocality\":\"Tallinn\",\"postalCode\":\"11415\",\"addressRegion\":\"Harjumaa\",\"addressCountry\":\"EE\"},{\"@type\":\"ImageObject\",\"inLanguage\":\"en-US\",\"@id\":\"https:\/\/odavprint.ee\/en\/product\/samsung-drum-mlt-r116-see-sv134a\/#local-main-organization-logo\",\"url\":\"https:\/\/odavprint.ee\/wp-content\/uploads\/2018\/10\/odavprint-logo-240.jpg\",\"contentUrl\":\"https:\/\/odavprint.ee\/wp-content\/uploads\/2018\/10\/odavprint-logo-240.jpg\",\"width\":240,\"height\":36,\"caption\":\"Odav Print O\u00dc\"}]}<\/script>\n<meta property=\"product:price:amount\" content=\"66.00\" \/>\n<meta property=\"product:price:currency\" content=\"EUR\" \/>\n<meta property=\"og:availability\" content=\"instock\" \/>\n<meta property=\"product:availability\" content=\"instock\" \/>\n<meta property=\"product:retailer_item_id\" content=\"SV134A\" \/>\n<meta property=\"product:condition\" content=\"new\" \/>\n<meta name=\"geo.placename\" content=\"Tallinn\" \/>\n<meta name=\"geo.position\" content=\"59.4306504;24.8095743\" \/>\n<meta name=\"geo.region\" content=\"Estonia\" \/>\n<!-- \/ Yoast SEO Premium plugin. -->","yoast_head_json":{"title":"Samsung Drum MLT-R116\/SEE (SV134A), hea hinnaga, osta e-pood - Odav Print","description":"Osta Samsung Drum MLT-R116\/SEE (SV134A) Odav Print \u260e +372 5911 9495 \u2714\ufe0f Parim hind Samsung Drum MLT-R116\/SEE (SV134A) jaoks \u26df Kiire kohaletoimetamine Eestis \u2b50 Garanteeritud","robots":{"index":"index","follow":"follow","max-snippet":"max-snippet:-1","max-image-preview":"max-image-preview:large","max-video-preview":"max-video-preview:-1"},"canonical":"https:\/\/odavprint.ee\/en\/product\/samsung-drum-mlt-r116-see-sv134a\/","og_locale":"en_US","og_type":"article","og_title":"Samsung Drum MLT-R116\/SEE (SV134A)","og_description":"Osta Samsung Drum MLT-R116\/SEE (SV134A) Odav Print \u260e +372 5911 9495 \u2714\ufe0f Parim hind Samsung Drum MLT-R116\/SEE (SV134A) jaoks \u26df Kiire kohaletoimetamine Eestis \u2b50 Garanteeritud","og_url":"https:\/\/odavprint.ee\/en\/product\/samsung-drum-mlt-r116-see-sv134a\/","og_site_name":"Odav Print","article_modified_time":"2022-10-13T14:30:54+00:00","og_image":[{"width":225,"height":225,"url":"https:\/\/odavprint.ee\/wp-content\/uploads\/2020\/06\/mlt_r116.jpg","type":"image\/jpeg"}],"twitter_card":"summary_large_image","twitter_misc":{"Price":"&euro;66.00","Availability":"In stock"},"schema":{"@context":"https:\/\/schema.org","@graph":[{"@type":["WebPage","ItemPage"],"@id":"https:\/\/odavprint.ee\/en\/product\/samsung-drum-mlt-r116-see-sv134a\/","url":"https:\/\/odavprint.ee\/en\/product\/samsung-drum-mlt-r116-see-sv134a\/","name":"Samsung Drum MLT-R116\/SEE (SV134A), hea hinnaga, osta e-pood - Odav Print","isPartOf":{"@id":"https:\/\/odavprint.ee\/en\/#website"},"primaryImageOfPage":{"@id":"https:\/\/odavprint.ee\/en\/product\/samsung-drum-mlt-r116-see-sv134a\/#primaryimage"},"image":{"@id":"https:\/\/odavprint.ee\/en\/product\/samsung-drum-mlt-r116-see-sv134a\/#primaryimage"},"thumbnailUrl":"https:\/\/odavprint.ee\/wp-content\/uploads\/2020\/06\/mlt_r116.jpg","datePublished":"2020-06-19T12:08:33+00:00","dateModified":"2022-10-13T14:30:54+00:00","description":"Osta Samsung Drum MLT-R116\/SEE (SV134A) Odav Print \u260e +372 5911 9495 \u2714\ufe0f Parim hind Samsung Drum MLT-R116\/SEE (SV134A) jaoks \u26df Kiire kohaletoimetamine Eestis \u2b50 Garanteeritud","breadcrumb":{"@id":"https:\/\/odavprint.ee\/en\/product\/samsung-drum-mlt-r116-see-sv134a\/#breadcrumb"},"inLanguage":"en-US","potentialAction":[{"@type":"ReadAction","target":["https:\/\/odavprint.ee\/en\/product\/samsung-drum-mlt-r116-see-sv134a\/"]}]},{"@type":"ImageObject","inLanguage":"en-US","@id":"https:\/\/odavprint.ee\/en\/product\/samsung-drum-mlt-r116-see-sv134a\/#primaryimage","url":"https:\/\/odavprint.ee\/wp-content\/uploads\/2020\/06\/mlt_r116.jpg","contentUrl":"https:\/\/odavprint.ee\/wp-content\/uploads\/2020\/06\/mlt_r116.jpg","width":225,"height":225},{"@type":"BreadcrumbList","@id":"https:\/\/odavprint.ee\/en\/product\/samsung-drum-mlt-r116-see-sv134a\/#breadcrumb","itemListElement":[{"@type":"ListItem","position":1,"name":"Home","item":"https:\/\/odavprint.ee\/en\/"},{"@type":"ListItem","position":2,"name":"Shop","item":"https:\/\/odavprint.ee\/en\/shop\/"},{"@type":"ListItem","position":3,"name":"Samsung Drum MLT-R116\/SEE (SV134A)"}]},{"@type":"WebSite","@id":"https:\/\/odavprint.ee\/en\/#website","url":"https:\/\/odavprint.ee\/en\/","name":"Odav Print","description":"Just another WordPress site","publisher":{"@id":"https:\/\/odavprint.ee\/en\/#organization"},"alternateName":"Kassettide, toonerite t\u00e4itmine ja m\u00fc\u00fck.","potentialAction":[{"@type":"SearchAction","target":{"@type":"EntryPoint","urlTemplate":"https:\/\/odavprint.ee\/en\/?s={search_term_string}"},"query-input":"required name=search_term_string"}],"inLanguage":"en-US"},{"@type":["Organization","Place"],"@id":"https:\/\/odavprint.ee\/en\/#organization","name":"Odav Print O\u00dc","url":"https:\/\/odavprint.ee\/en\/","logo":{"@id":"https:\/\/odavprint.ee\/en\/product\/samsung-drum-mlt-r116-see-sv134a\/#local-main-organization-logo"},"image":{"@id":"https:\/\/odavprint.ee\/en\/product\/samsung-drum-mlt-r116-see-sv134a\/#local-main-organization-logo"},"address":{"@id":"https:\/\/odavprint.ee\/en\/product\/samsung-drum-mlt-r116-see-sv134a\/#local-main-place-address"},"geo":{"@type":"GeoCoordinates","latitude":"59.4306504","longitude":"24.8095743"},"telephone":["53836926"],"openingHoursSpecification":[{"@type":"OpeningHoursSpecification","dayOfWeek":["Monday","Tuesday","Wednesday","Thursday","Friday","Saturday","Sunday"],"opens":"09:00","closes":"17:00"}],"email":"info@odavprint.eu"},{"@type":"PostalAddress","@id":"https:\/\/odavprint.ee\/en\/product\/samsung-drum-mlt-r116-see-sv134a\/#local-main-place-address","streetAddress":"Pae tn 28","addressLocality":"Tallinn","postalCode":"11415","addressRegion":"Harjumaa","addressCountry":"EE"},{"@type":"ImageObject","inLanguage":"en-US","@id":"https:\/\/odavprint.ee\/en\/product\/samsung-drum-mlt-r116-see-sv134a\/#local-main-organization-logo","url":"https:\/\/odavprint.ee\/wp-content\/uploads\/2018\/10\/odavprint-logo-240.jpg","contentUrl":"https:\/\/odavprint.ee\/wp-content\/uploads\/2018\/10\/odavprint-logo-240.jpg","width":240,"height":36,"caption":"Odav Print O\u00dc"}]},"product_price_amount":"66.00","product_price_currency":"EUR","og_availability":"instock","product_availability":"instock","product_retailer_item_id":"SV134A","product_condition":"new","geo.placename":"Tallinn","geo.position":{"lat":"59.4306504","long":"24.8095743"},"geo.region":"Estonia"},"_links":{"self":[{"href":"https:\/\/odavprint.ee\/en\/wp-json\/wp\/v2\/product\/32240"}],"collection":[{"href":"https:\/\/odavprint.ee\/en\/wp-json\/wp\/v2\/product"}],"about":[{"href":"https:\/\/odavprint.ee\/en\/wp-json\/wp\/v2\/types\/product"}],"wp:featuredmedia":[{"embeddable":true,"href":"https:\/\/odavprint.ee\/en\/wp-json\/wp\/v2\/media\/32241"}],"wp:attachment":[{"href":"https:\/\/odavprint.ee\/en\/wp-json\/wp\/v2\/media?parent=32240"}],"wp:term":[{"taxonomy":"product_cat","embeddable":true,"href":"https:\/\/odavprint.ee\/en\/wp-json\/wp\/v2\/product_cat?post=32240"},{"taxonomy":"product_tag","embeddable":true,"href":"https:\/\/odavprint.ee\/en\/wp-json\/wp\/v2\/product_tag?post=32240"}],"curies":[{"name":"wp","href":"https:\/\/api.w.org\/{rel}","templated":true}]}}