{"id":33183,"date":"2020-07-07T14:37:10","date_gmt":"2020-07-07T11:37:10","guid":{"rendered":"https:\/\/odavprint.ee\/?post_type=product&#038;p=33183"},"modified":"2024-11-15T15:33:28","modified_gmt":"2024-11-15T13:33:28","slug":"analoog-tintide-komplekt-hp-45-black-hp-23-tricolor","status":"publish","type":"product","link":"https:\/\/odavprint.ee\/en\/product\/analoog-tintide-komplekt-hp-45-black-hp-23-tricolor\/","title":{"rendered":"Analoog tintide komplekt HP 45 Black + HP 23 TriColor"},"content":{"rendered":"<p>HP Colour Copier 140<br \/>\nHP Colour Copier 145<br \/>\nHP Colour Copier 150<br \/>\nHP Colour Copier 155<br \/>\nHP Colour Copier 160<br \/>\nHP Colour Copier 170<br \/>\nHP Colour Copier 260<br \/>\nHP Colour Copier 270<br \/>\nHP Colour Copier 290<br \/>\nHP Deskjet 710C<br \/>\nHP Deskjet 712c<br \/>\nHP Deskjet 720C<br \/>\nHP Deskjet 722c<br \/>\nHP Deskjet 810C<br \/>\nHP Deskjet 812C<br \/>\nHP Deskjet 815c<br \/>\nHP Deskjet 830c<br \/>\nHP Deskjet 832c<br \/>\nHP Deskjet 880C<br \/>\nHP Deskjet 880<br \/>\nHP Deskjet 882c<br \/>\nHP Deskjet 890c<br \/>\nHP Deskjet 890<br \/>\nHP Deskjet 895C<br \/>\nHP Deskjet 895cse<br \/>\nHP Deskjet 895<br \/>\n(includes; Deskjet 895cxi)<br \/>\nHP Deskjet 1120cxi<br \/>\nHP Deskjet 1120C<br \/>\nHP Deskjet 1120 CSE<br \/>\nHP Deskjet 1125C<br \/>\nHP Deskjet 1250<br \/>\nHP Officejet 1170c<br \/>\nHP Officejet 1175 C<br \/>\nHP Officejet Pro 1170 CXI<br \/>\nHP Officejet Pro 1170C<br \/>\nHP Officejet Pro 1175C<br \/>\nHP Officejet Pro 1175 CXI<br \/>\nHP Officejet R40<br \/>\nHP Officejet R40xi<br \/>\nHP Officejet R45<br \/>\nHP Officejet R60<br \/>\nHP Officejet R65<br \/>\nHP Officejet R80<br \/>\nHP Officejet R80xi<br \/>\nHP Officejet T45<br \/>\nHP Officejet T45xi<br \/>\nHP Officejet T65xi<br \/>\nHP Officejet T65<br \/>\nHP PSC 500<\/p>\n","protected":false},"excerpt":{"rendered":"<p>HP Colour Copier 140 HP Colour Copier 145 HP Colour Copier 150 HP Colour Copier 155 HP Colour Copier 160 HP Colour Copier 170 HP Colour Copier 260 HP Colour Copier 270 HP Colour Copier 290 HP Deskjet 710C HP Deskjet 712c HP Deskjet 720C HP Deskjet 722c HP Deskjet 810C HP Deskjet 812C HP [&#8230;]\n","protected":false},"featured_media":33184,"template":"","meta":{"inline_featured_image":false},"product_cat":[10770],"product_tag":[],"yoast_head":"<!-- This site is optimized with the Yoast SEO Premium plugin v23.0 (Yoast SEO v23.0) - https:\/\/yoast.com\/wordpress\/plugins\/seo\/ -->\n<title>Analoog tintide komplekt HP 45 Black + HP 23 TriColor, hea hinnaga, osta e-pood - Odav Print<\/title>\n<meta name=\"description\" content=\"Osta Analoog tintide komplekt HP 45 Black + HP 23 TriColor Odav Print \u260e +372 5911 9495 \u2714\ufe0f Parim hind Analoog tintide komplekt HP 45 Black + HP 23 TriColor jaoks \u26df Kiire kohaletoimetamine Eestis \u2b50 Garanteeritud\" \/>\n<meta name=\"robots\" content=\"index, follow, max-snippet:-1, max-image-preview:large, max-video-preview:-1\" \/>\n<link rel=\"canonical\" href=\"https:\/\/odavprint.ee\/en\/product\/analoog-tintide-komplekt-hp-45-black-hp-23-tricolor\/\" \/>\n<meta property=\"og:locale\" content=\"en_US\" \/>\n<meta property=\"og:type\" content=\"article\" \/>\n<meta property=\"og:title\" content=\"Analoog tintide komplekt HP 45 Black + HP 23 TriColor\" \/>\n<meta property=\"og:description\" content=\"Osta Analoog tintide komplekt HP 45 Black + HP 23 TriColor Odav Print \u260e +372 5911 9495 \u2714\ufe0f Parim hind Analoog tintide komplekt HP 45 Black + HP 23 TriColor jaoks \u26df Kiire kohaletoimetamine Eestis \u2b50 Garanteeritud\" \/>\n<meta property=\"og:url\" content=\"https:\/\/odavprint.ee\/en\/product\/analoog-tintide-komplekt-hp-45-black-hp-23-tricolor\/\" \/>\n<meta property=\"og:site_name\" content=\"Odav Print\" \/>\n<meta property=\"article:modified_time\" content=\"2024-11-15T13:33:28+00:00\" \/>\n<meta property=\"og:image\" content=\"https:\/\/odavprint.ee\/wp-content\/uploads\/2020\/07\/2345.jpg\" \/>\n\t<meta property=\"og:image:width\" content=\"320\" \/>\n\t<meta property=\"og:image:height\" content=\"320\" \/>\n\t<meta property=\"og:image:type\" content=\"image\/jpeg\" \/>\n<meta name=\"twitter:card\" content=\"summary_large_image\" \/>\n<meta name=\"twitter:label1\" content=\"Price\" \/>\n\t<meta name=\"twitter:data1\" content=\"&euro;40.10\" \/>\n\t<meta name=\"twitter:label2\" content=\"Availability\" \/>\n\t<meta name=\"twitter:data2\" content=\"In stock\" \/>\n<script type=\"application\/ld+json\" class=\"yoast-schema-graph\">{\"@context\":\"https:\/\/schema.org\",\"@graph\":[{\"@type\":[\"WebPage\",\"ItemPage\"],\"@id\":\"https:\/\/odavprint.ee\/en\/product\/analoog-tintide-komplekt-hp-45-black-hp-23-tricolor\/\",\"url\":\"https:\/\/odavprint.ee\/en\/product\/analoog-tintide-komplekt-hp-45-black-hp-23-tricolor\/\",\"name\":\"Analoog tintide komplekt HP 45 Black + HP 23 TriColor, hea hinnaga, osta e-pood - Odav Print\",\"isPartOf\":{\"@id\":\"https:\/\/odavprint.ee\/en\/#website\"},\"primaryImageOfPage\":{\"@id\":\"https:\/\/odavprint.ee\/en\/product\/analoog-tintide-komplekt-hp-45-black-hp-23-tricolor\/#primaryimage\"},\"image\":{\"@id\":\"https:\/\/odavprint.ee\/en\/product\/analoog-tintide-komplekt-hp-45-black-hp-23-tricolor\/#primaryimage\"},\"thumbnailUrl\":\"https:\/\/odavprint.ee\/wp-content\/uploads\/2020\/07\/2345.jpg\",\"datePublished\":\"2020-07-07T11:37:10+00:00\",\"dateModified\":\"2024-11-15T13:33:28+00:00\",\"description\":\"Osta Analoog tintide komplekt HP 45 Black + HP 23 TriColor Odav Print \u260e +372 5911 9495 \u2714\ufe0f Parim hind Analoog tintide komplekt HP 45 Black + HP 23 TriColor jaoks \u26df Kiire kohaletoimetamine Eestis \u2b50 Garanteeritud\",\"breadcrumb\":{\"@id\":\"https:\/\/odavprint.ee\/en\/product\/analoog-tintide-komplekt-hp-45-black-hp-23-tricolor\/#breadcrumb\"},\"inLanguage\":\"en-US\",\"potentialAction\":[{\"@type\":\"ReadAction\",\"target\":[\"https:\/\/odavprint.ee\/en\/product\/analoog-tintide-komplekt-hp-45-black-hp-23-tricolor\/\"]}]},{\"@type\":\"ImageObject\",\"inLanguage\":\"en-US\",\"@id\":\"https:\/\/odavprint.ee\/en\/product\/analoog-tintide-komplekt-hp-45-black-hp-23-tricolor\/#primaryimage\",\"url\":\"https:\/\/odavprint.ee\/wp-content\/uploads\/2020\/07\/2345.jpg\",\"contentUrl\":\"https:\/\/odavprint.ee\/wp-content\/uploads\/2020\/07\/2345.jpg\",\"width\":320,\"height\":320},{\"@type\":\"BreadcrumbList\",\"@id\":\"https:\/\/odavprint.ee\/en\/product\/analoog-tintide-komplekt-hp-45-black-hp-23-tricolor\/#breadcrumb\",\"itemListElement\":[{\"@type\":\"ListItem\",\"position\":1,\"name\":\"Home\",\"item\":\"https:\/\/odavprint.ee\/en\/\"},{\"@type\":\"ListItem\",\"position\":2,\"name\":\"Shop\",\"item\":\"https:\/\/odavprint.ee\/en\/shop\/\"},{\"@type\":\"ListItem\",\"position\":3,\"name\":\"Analoog tintide komplekt HP 45 Black + HP 23 TriColor\"}]},{\"@type\":\"WebSite\",\"@id\":\"https:\/\/odavprint.ee\/en\/#website\",\"url\":\"https:\/\/odavprint.ee\/en\/\",\"name\":\"Odav Print\",\"description\":\"Just another WordPress site\",\"publisher\":{\"@id\":\"https:\/\/odavprint.ee\/en\/#organization\"},\"alternateName\":\"Kassettide, toonerite t\u00e4itmine ja m\u00fc\u00fck.\",\"potentialAction\":[{\"@type\":\"SearchAction\",\"target\":{\"@type\":\"EntryPoint\",\"urlTemplate\":\"https:\/\/odavprint.ee\/en\/?s={search_term_string}\"},\"query-input\":\"required name=search_term_string\"}],\"inLanguage\":\"en-US\"},{\"@type\":[\"Organization\",\"Place\"],\"@id\":\"https:\/\/odavprint.ee\/en\/#organization\",\"name\":\"Odav Print O\u00dc\",\"url\":\"https:\/\/odavprint.ee\/en\/\",\"logo\":{\"@id\":\"https:\/\/odavprint.ee\/en\/product\/analoog-tintide-komplekt-hp-45-black-hp-23-tricolor\/#local-main-organization-logo\"},\"image\":{\"@id\":\"https:\/\/odavprint.ee\/en\/product\/analoog-tintide-komplekt-hp-45-black-hp-23-tricolor\/#local-main-organization-logo\"},\"address\":{\"@id\":\"https:\/\/odavprint.ee\/en\/product\/analoog-tintide-komplekt-hp-45-black-hp-23-tricolor\/#local-main-place-address\"},\"geo\":{\"@type\":\"GeoCoordinates\",\"latitude\":\"59.4306504\",\"longitude\":\"24.8095743\"},\"telephone\":[\"53836926\"],\"openingHoursSpecification\":[{\"@type\":\"OpeningHoursSpecification\",\"dayOfWeek\":[\"Monday\",\"Tuesday\",\"Wednesday\",\"Thursday\",\"Friday\",\"Saturday\",\"Sunday\"],\"opens\":\"09:00\",\"closes\":\"17:00\"}],\"email\":\"info@odavprint.eu\"},{\"@type\":\"PostalAddress\",\"@id\":\"https:\/\/odavprint.ee\/en\/product\/analoog-tintide-komplekt-hp-45-black-hp-23-tricolor\/#local-main-place-address\",\"streetAddress\":\"Pae tn 28\",\"addressLocality\":\"Tallinn\",\"postalCode\":\"11415\",\"addressRegion\":\"Harjumaa\",\"addressCountry\":\"EE\"},{\"@type\":\"ImageObject\",\"inLanguage\":\"en-US\",\"@id\":\"https:\/\/odavprint.ee\/en\/product\/analoog-tintide-komplekt-hp-45-black-hp-23-tricolor\/#local-main-organization-logo\",\"url\":\"https:\/\/odavprint.ee\/wp-content\/uploads\/2018\/10\/odavprint-logo-240.jpg\",\"contentUrl\":\"https:\/\/odavprint.ee\/wp-content\/uploads\/2018\/10\/odavprint-logo-240.jpg\",\"width\":240,\"height\":36,\"caption\":\"Odav Print O\u00dc\"}]}<\/script>\n<meta property=\"product:price:amount\" content=\"40.10\" \/>\n<meta property=\"product:price:currency\" content=\"EUR\" \/>\n<meta property=\"og:availability\" content=\"instock\" \/>\n<meta property=\"product:availability\" content=\"instock\" \/>\n<meta property=\"product:condition\" content=\"new\" \/>\n<meta name=\"geo.placename\" content=\"Tallinn\" \/>\n<meta name=\"geo.position\" content=\"59.4306504;24.8095743\" \/>\n<meta name=\"geo.region\" content=\"Estonia\" \/>\n<!-- \/ Yoast SEO Premium plugin. -->","yoast_head_json":{"title":"Analoog tintide komplekt HP 45 Black + HP 23 TriColor, hea hinnaga, osta e-pood - Odav Print","description":"Osta Analoog tintide komplekt HP 45 Black + HP 23 TriColor Odav Print \u260e +372 5911 9495 \u2714\ufe0f Parim hind Analoog tintide komplekt HP 45 Black + HP 23 TriColor jaoks \u26df Kiire kohaletoimetamine Eestis \u2b50 Garanteeritud","robots":{"index":"index","follow":"follow","max-snippet":"max-snippet:-1","max-image-preview":"max-image-preview:large","max-video-preview":"max-video-preview:-1"},"canonical":"https:\/\/odavprint.ee\/en\/product\/analoog-tintide-komplekt-hp-45-black-hp-23-tricolor\/","og_locale":"en_US","og_type":"article","og_title":"Analoog tintide komplekt HP 45 Black + HP 23 TriColor","og_description":"Osta Analoog tintide komplekt HP 45 Black + HP 23 TriColor Odav Print \u260e +372 5911 9495 \u2714\ufe0f Parim hind Analoog tintide komplekt HP 45 Black + HP 23 TriColor jaoks \u26df Kiire kohaletoimetamine Eestis \u2b50 Garanteeritud","og_url":"https:\/\/odavprint.ee\/en\/product\/analoog-tintide-komplekt-hp-45-black-hp-23-tricolor\/","og_site_name":"Odav Print","article_modified_time":"2024-11-15T13:33:28+00:00","og_image":[{"width":320,"height":320,"url":"https:\/\/odavprint.ee\/wp-content\/uploads\/2020\/07\/2345.jpg","type":"image\/jpeg"}],"twitter_card":"summary_large_image","twitter_misc":{"Price":"&euro;40.10","Availability":"In stock"},"schema":{"@context":"https:\/\/schema.org","@graph":[{"@type":["WebPage","ItemPage"],"@id":"https:\/\/odavprint.ee\/en\/product\/analoog-tintide-komplekt-hp-45-black-hp-23-tricolor\/","url":"https:\/\/odavprint.ee\/en\/product\/analoog-tintide-komplekt-hp-45-black-hp-23-tricolor\/","name":"Analoog tintide komplekt HP 45 Black + HP 23 TriColor, hea hinnaga, osta e-pood - Odav Print","isPartOf":{"@id":"https:\/\/odavprint.ee\/en\/#website"},"primaryImageOfPage":{"@id":"https:\/\/odavprint.ee\/en\/product\/analoog-tintide-komplekt-hp-45-black-hp-23-tricolor\/#primaryimage"},"image":{"@id":"https:\/\/odavprint.ee\/en\/product\/analoog-tintide-komplekt-hp-45-black-hp-23-tricolor\/#primaryimage"},"thumbnailUrl":"https:\/\/odavprint.ee\/wp-content\/uploads\/2020\/07\/2345.jpg","datePublished":"2020-07-07T11:37:10+00:00","dateModified":"2024-11-15T13:33:28+00:00","description":"Osta Analoog tintide komplekt HP 45 Black + HP 23 TriColor Odav Print \u260e +372 5911 9495 \u2714\ufe0f Parim hind Analoog tintide komplekt HP 45 Black + HP 23 TriColor jaoks \u26df Kiire kohaletoimetamine Eestis \u2b50 Garanteeritud","breadcrumb":{"@id":"https:\/\/odavprint.ee\/en\/product\/analoog-tintide-komplekt-hp-45-black-hp-23-tricolor\/#breadcrumb"},"inLanguage":"en-US","potentialAction":[{"@type":"ReadAction","target":["https:\/\/odavprint.ee\/en\/product\/analoog-tintide-komplekt-hp-45-black-hp-23-tricolor\/"]}]},{"@type":"ImageObject","inLanguage":"en-US","@id":"https:\/\/odavprint.ee\/en\/product\/analoog-tintide-komplekt-hp-45-black-hp-23-tricolor\/#primaryimage","url":"https:\/\/odavprint.ee\/wp-content\/uploads\/2020\/07\/2345.jpg","contentUrl":"https:\/\/odavprint.ee\/wp-content\/uploads\/2020\/07\/2345.jpg","width":320,"height":320},{"@type":"BreadcrumbList","@id":"https:\/\/odavprint.ee\/en\/product\/analoog-tintide-komplekt-hp-45-black-hp-23-tricolor\/#breadcrumb","itemListElement":[{"@type":"ListItem","position":1,"name":"Home","item":"https:\/\/odavprint.ee\/en\/"},{"@type":"ListItem","position":2,"name":"Shop","item":"https:\/\/odavprint.ee\/en\/shop\/"},{"@type":"ListItem","position":3,"name":"Analoog tintide komplekt HP 45 Black + HP 23 TriColor"}]},{"@type":"WebSite","@id":"https:\/\/odavprint.ee\/en\/#website","url":"https:\/\/odavprint.ee\/en\/","name":"Odav Print","description":"Just another WordPress site","publisher":{"@id":"https:\/\/odavprint.ee\/en\/#organization"},"alternateName":"Kassettide, toonerite t\u00e4itmine ja m\u00fc\u00fck.","potentialAction":[{"@type":"SearchAction","target":{"@type":"EntryPoint","urlTemplate":"https:\/\/odavprint.ee\/en\/?s={search_term_string}"},"query-input":"required name=search_term_string"}],"inLanguage":"en-US"},{"@type":["Organization","Place"],"@id":"https:\/\/odavprint.ee\/en\/#organization","name":"Odav Print O\u00dc","url":"https:\/\/odavprint.ee\/en\/","logo":{"@id":"https:\/\/odavprint.ee\/en\/product\/analoog-tintide-komplekt-hp-45-black-hp-23-tricolor\/#local-main-organization-logo"},"image":{"@id":"https:\/\/odavprint.ee\/en\/product\/analoog-tintide-komplekt-hp-45-black-hp-23-tricolor\/#local-main-organization-logo"},"address":{"@id":"https:\/\/odavprint.ee\/en\/product\/analoog-tintide-komplekt-hp-45-black-hp-23-tricolor\/#local-main-place-address"},"geo":{"@type":"GeoCoordinates","latitude":"59.4306504","longitude":"24.8095743"},"telephone":["53836926"],"openingHoursSpecification":[{"@type":"OpeningHoursSpecification","dayOfWeek":["Monday","Tuesday","Wednesday","Thursday","Friday","Saturday","Sunday"],"opens":"09:00","closes":"17:00"}],"email":"info@odavprint.eu"},{"@type":"PostalAddress","@id":"https:\/\/odavprint.ee\/en\/product\/analoog-tintide-komplekt-hp-45-black-hp-23-tricolor\/#local-main-place-address","streetAddress":"Pae tn 28","addressLocality":"Tallinn","postalCode":"11415","addressRegion":"Harjumaa","addressCountry":"EE"},{"@type":"ImageObject","inLanguage":"en-US","@id":"https:\/\/odavprint.ee\/en\/product\/analoog-tintide-komplekt-hp-45-black-hp-23-tricolor\/#local-main-organization-logo","url":"https:\/\/odavprint.ee\/wp-content\/uploads\/2018\/10\/odavprint-logo-240.jpg","contentUrl":"https:\/\/odavprint.ee\/wp-content\/uploads\/2018\/10\/odavprint-logo-240.jpg","width":240,"height":36,"caption":"Odav Print O\u00dc"}]},"product_price_amount":"40.10","product_price_currency":"EUR","og_availability":"instock","product_availability":"instock","product_condition":"new","geo.placename":"Tallinn","geo.position":{"lat":"59.4306504","long":"24.8095743"},"geo.region":"Estonia"},"_links":{"self":[{"href":"https:\/\/odavprint.ee\/en\/wp-json\/wp\/v2\/product\/33183"}],"collection":[{"href":"https:\/\/odavprint.ee\/en\/wp-json\/wp\/v2\/product"}],"about":[{"href":"https:\/\/odavprint.ee\/en\/wp-json\/wp\/v2\/types\/product"}],"wp:featuredmedia":[{"embeddable":true,"href":"https:\/\/odavprint.ee\/en\/wp-json\/wp\/v2\/media\/33184"}],"wp:attachment":[{"href":"https:\/\/odavprint.ee\/en\/wp-json\/wp\/v2\/media?parent=33183"}],"wp:term":[{"taxonomy":"product_cat","embeddable":true,"href":"https:\/\/odavprint.ee\/en\/wp-json\/wp\/v2\/product_cat?post=33183"},{"taxonomy":"product_tag","embeddable":true,"href":"https:\/\/odavprint.ee\/en\/wp-json\/wp\/v2\/product_tag?post=33183"}],"curies":[{"name":"wp","href":"https:\/\/api.w.org\/{rel}","templated":true}]}}