{"id":33308,"date":"2020-07-09T13:44:18","date_gmt":"2020-07-09T10:44:18","guid":{"rendered":"https:\/\/odavprint.ee\/?post_type=product&#038;p=33308"},"modified":"2022-11-09T11:14:58","modified_gmt":"2022-11-09T09:14:58","slug":"analoog-tooner-ricoh-aficio-spc232-spc311-spc242-406479-black-6-500-lk","status":"publish","type":"product","link":"https:\/\/odavprint.ee\/en\/product\/analoog-tooner-ricoh-aficio-spc232-spc311-spc242-406479-black-6-500-lk\/","title":{"rendered":"Analoog tooner Ricoh Aficio SPC232 \/ SPC311 \/ SPC242 (406479) Black 6.500 lk"},"content":{"rendered":"<p>Ricoh Aficio 232 DN<br \/>\nRicoh Aficio 311 N<br \/>\nRicoh Aficio 312 DN<br \/>\nRicoh Aficio SPC231N<br \/>\nRicoh Aficio SPC231SF<br \/>\nRicoh Aficio SPC232DN<br \/>\nRicoh Aficio SPC232SF<br \/>\nRicoh Aficio SPC242<br \/>\nAficio SPC242dn, Aficio SPC242sf<br \/>\nRicoh Aficio SPC310<br \/>\nRicoh Aficio SPC311N<br \/>\nRicoh Aficio SPC312DN<br \/>\nRicoh Aficio SPC320DN<br \/>\nRicoh SP C340DN<\/p>\n","protected":false},"excerpt":{"rendered":"<p>Ricoh Aficio 232 DN Ricoh Aficio 311 N Ricoh Aficio 312 DN Ricoh Aficio SPC231N Ricoh Aficio SPC231SF Ricoh Aficio SPC232DN Ricoh Aficio SPC232SF Ricoh Aficio SPC242 Aficio SPC242dn, Aficio SPC242sf Ricoh Aficio SPC310 Ricoh Aficio SPC311N Ricoh Aficio SPC312DN Ricoh Aficio SPC320DN Ricoh SP C340DN<\/p>\n","protected":false},"featured_media":33309,"template":"","meta":{"inline_featured_image":false},"product_cat":[12832],"product_tag":[],"yoast_head":"<!-- This site is optimized with the Yoast SEO Premium plugin v23.0 (Yoast SEO v23.0) - https:\/\/yoast.com\/wordpress\/plugins\/seo\/ -->\n<title>Analoog tooner Ricoh Aficio SPC232 \/ SPC311 \/ SPC242 (406479) Black 6.500 lk, hea hinnaga, osta e-pood - Odav Print<\/title>\n<meta name=\"description\" content=\"Osta Analoog tooner Ricoh Aficio SPC232 \/ SPC311 \/ SPC242 (406479) Black 6.500 lk Odav Print \u260e +372 5911 9495 \u2714\ufe0f Parim hind Analoog tooner Ricoh Aficio SPC232 \/ SPC311 \/ SPC242 (406479) Black 6.500 lk jaoks \u26df Kiire kohaletoimetamine Eestis \u2b50 Garanteeritud\" \/>\n<meta name=\"robots\" content=\"index, follow, max-snippet:-1, max-image-preview:large, max-video-preview:-1\" \/>\n<link rel=\"canonical\" href=\"https:\/\/odavprint.ee\/en\/product\/analoog-tooner-ricoh-aficio-spc232-spc311-spc242-406479-black-6-500-lk\/\" \/>\n<meta property=\"og:locale\" content=\"en_US\" \/>\n<meta property=\"og:type\" content=\"article\" \/>\n<meta property=\"og:title\" content=\"Analoog tooner Ricoh Aficio SPC232 \/ SPC311 \/ SPC242 (406479) Black 6.500 lk\" \/>\n<meta property=\"og:description\" content=\"Osta Analoog tooner Ricoh Aficio SPC232 \/ SPC311 \/ SPC242 (406479) Black 6.500 lk Odav Print \u260e +372 5911 9495 \u2714\ufe0f Parim hind Analoog tooner Ricoh Aficio SPC232 \/ SPC311 \/ SPC242 (406479) Black 6.500 lk jaoks \u26df Kiire kohaletoimetamine Eestis \u2b50 Garanteeritud\" \/>\n<meta property=\"og:url\" content=\"https:\/\/odavprint.ee\/en\/product\/analoog-tooner-ricoh-aficio-spc232-spc311-spc242-406479-black-6-500-lk\/\" \/>\n<meta property=\"og:site_name\" content=\"Odav Print\" \/>\n<meta property=\"article:modified_time\" content=\"2022-11-09T09:14:58+00:00\" \/>\n<meta property=\"og:image\" content=\"https:\/\/odavprint.ee\/wp-content\/uploads\/2020\/07\/232bk.jpg\" \/>\n\t<meta property=\"og:image:width\" content=\"280\" \/>\n\t<meta property=\"og:image:height\" content=\"280\" \/>\n\t<meta property=\"og:image:type\" content=\"image\/jpeg\" \/>\n<meta name=\"twitter:card\" content=\"summary_large_image\" \/>\n<meta name=\"twitter:label1\" content=\"Price\" \/>\n\t<meta name=\"twitter:data1\" content=\"&euro;42.40\" \/>\n\t<meta name=\"twitter:label2\" content=\"Availability\" \/>\n\t<meta name=\"twitter:data2\" content=\"In stock\" \/>\n<script type=\"application\/ld+json\" class=\"yoast-schema-graph\">{\"@context\":\"https:\/\/schema.org\",\"@graph\":[{\"@type\":[\"WebPage\",\"ItemPage\"],\"@id\":\"https:\/\/odavprint.ee\/en\/product\/analoog-tooner-ricoh-aficio-spc232-spc311-spc242-406479-black-6-500-lk\/\",\"url\":\"https:\/\/odavprint.ee\/en\/product\/analoog-tooner-ricoh-aficio-spc232-spc311-spc242-406479-black-6-500-lk\/\",\"name\":\"Analoog tooner Ricoh Aficio SPC232 \/ SPC311 \/ SPC242 (406479) Black 6.500 lk, hea hinnaga, osta e-pood - Odav Print\",\"isPartOf\":{\"@id\":\"https:\/\/odavprint.ee\/en\/#website\"},\"primaryImageOfPage\":{\"@id\":\"https:\/\/odavprint.ee\/en\/product\/analoog-tooner-ricoh-aficio-spc232-spc311-spc242-406479-black-6-500-lk\/#primaryimage\"},\"image\":{\"@id\":\"https:\/\/odavprint.ee\/en\/product\/analoog-tooner-ricoh-aficio-spc232-spc311-spc242-406479-black-6-500-lk\/#primaryimage\"},\"thumbnailUrl\":\"https:\/\/odavprint.ee\/wp-content\/uploads\/2020\/07\/232bk.jpg\",\"datePublished\":\"2020-07-09T10:44:18+00:00\",\"dateModified\":\"2022-11-09T09:14:58+00:00\",\"description\":\"Osta Analoog tooner Ricoh Aficio SPC232 \/ SPC311 \/ SPC242 (406479) Black 6.500 lk Odav Print \u260e +372 5911 9495 \u2714\ufe0f Parim hind Analoog tooner Ricoh Aficio SPC232 \/ SPC311 \/ SPC242 (406479) Black 6.500 lk jaoks \u26df Kiire kohaletoimetamine Eestis \u2b50 Garanteeritud\",\"breadcrumb\":{\"@id\":\"https:\/\/odavprint.ee\/en\/product\/analoog-tooner-ricoh-aficio-spc232-spc311-spc242-406479-black-6-500-lk\/#breadcrumb\"},\"inLanguage\":\"en-US\",\"potentialAction\":[{\"@type\":\"ReadAction\",\"target\":[\"https:\/\/odavprint.ee\/en\/product\/analoog-tooner-ricoh-aficio-spc232-spc311-spc242-406479-black-6-500-lk\/\"]}]},{\"@type\":\"ImageObject\",\"inLanguage\":\"en-US\",\"@id\":\"https:\/\/odavprint.ee\/en\/product\/analoog-tooner-ricoh-aficio-spc232-spc311-spc242-406479-black-6-500-lk\/#primaryimage\",\"url\":\"https:\/\/odavprint.ee\/wp-content\/uploads\/2020\/07\/232bk.jpg\",\"contentUrl\":\"https:\/\/odavprint.ee\/wp-content\/uploads\/2020\/07\/232bk.jpg\",\"width\":280,\"height\":280},{\"@type\":\"BreadcrumbList\",\"@id\":\"https:\/\/odavprint.ee\/en\/product\/analoog-tooner-ricoh-aficio-spc232-spc311-spc242-406479-black-6-500-lk\/#breadcrumb\",\"itemListElement\":[{\"@type\":\"ListItem\",\"position\":1,\"name\":\"Home\",\"item\":\"https:\/\/odavprint.ee\/en\/\"},{\"@type\":\"ListItem\",\"position\":2,\"name\":\"Shop\",\"item\":\"https:\/\/odavprint.ee\/en\/shop\/\"},{\"@type\":\"ListItem\",\"position\":3,\"name\":\"Analoog tooner Ricoh Aficio SPC232 \/ SPC311 \/ SPC242 (406479) Black 6.500 lk\"}]},{\"@type\":\"WebSite\",\"@id\":\"https:\/\/odavprint.ee\/en\/#website\",\"url\":\"https:\/\/odavprint.ee\/en\/\",\"name\":\"Odav Print\",\"description\":\"Just another WordPress site\",\"publisher\":{\"@id\":\"https:\/\/odavprint.ee\/en\/#organization\"},\"alternateName\":\"Kassettide, toonerite t\u00e4itmine ja m\u00fc\u00fck.\",\"potentialAction\":[{\"@type\":\"SearchAction\",\"target\":{\"@type\":\"EntryPoint\",\"urlTemplate\":\"https:\/\/odavprint.ee\/en\/?s={search_term_string}\"},\"query-input\":\"required name=search_term_string\"}],\"inLanguage\":\"en-US\"},{\"@type\":[\"Organization\",\"Place\"],\"@id\":\"https:\/\/odavprint.ee\/en\/#organization\",\"name\":\"Odav Print O\u00dc\",\"url\":\"https:\/\/odavprint.ee\/en\/\",\"logo\":{\"@id\":\"https:\/\/odavprint.ee\/en\/product\/analoog-tooner-ricoh-aficio-spc232-spc311-spc242-406479-black-6-500-lk\/#local-main-organization-logo\"},\"image\":{\"@id\":\"https:\/\/odavprint.ee\/en\/product\/analoog-tooner-ricoh-aficio-spc232-spc311-spc242-406479-black-6-500-lk\/#local-main-organization-logo\"},\"address\":{\"@id\":\"https:\/\/odavprint.ee\/en\/product\/analoog-tooner-ricoh-aficio-spc232-spc311-spc242-406479-black-6-500-lk\/#local-main-place-address\"},\"geo\":{\"@type\":\"GeoCoordinates\",\"latitude\":\"59.4306504\",\"longitude\":\"24.8095743\"},\"telephone\":[\"53836926\"],\"openingHoursSpecification\":[{\"@type\":\"OpeningHoursSpecification\",\"dayOfWeek\":[\"Monday\",\"Tuesday\",\"Wednesday\",\"Thursday\",\"Friday\",\"Saturday\",\"Sunday\"],\"opens\":\"09:00\",\"closes\":\"17:00\"}],\"email\":\"info@odavprint.eu\"},{\"@type\":\"PostalAddress\",\"@id\":\"https:\/\/odavprint.ee\/en\/product\/analoog-tooner-ricoh-aficio-spc232-spc311-spc242-406479-black-6-500-lk\/#local-main-place-address\",\"streetAddress\":\"Pae tn 28\",\"addressLocality\":\"Tallinn\",\"postalCode\":\"11415\",\"addressRegion\":\"Harjumaa\",\"addressCountry\":\"EE\"},{\"@type\":\"ImageObject\",\"inLanguage\":\"en-US\",\"@id\":\"https:\/\/odavprint.ee\/en\/product\/analoog-tooner-ricoh-aficio-spc232-spc311-spc242-406479-black-6-500-lk\/#local-main-organization-logo\",\"url\":\"https:\/\/odavprint.ee\/wp-content\/uploads\/2018\/10\/odavprint-logo-240.jpg\",\"contentUrl\":\"https:\/\/odavprint.ee\/wp-content\/uploads\/2018\/10\/odavprint-logo-240.jpg\",\"width\":240,\"height\":36,\"caption\":\"Odav Print O\u00dc\"}]}<\/script>\n<meta property=\"product:price:amount\" content=\"42.40\" \/>\n<meta property=\"product:price:currency\" content=\"EUR\" \/>\n<meta property=\"og:availability\" content=\"instock\" \/>\n<meta property=\"product:availability\" content=\"instock\" \/>\n<meta property=\"product:condition\" content=\"new\" \/>\n<meta name=\"geo.placename\" content=\"Tallinn\" \/>\n<meta name=\"geo.position\" content=\"59.4306504;24.8095743\" \/>\n<meta name=\"geo.region\" content=\"Estonia\" \/>\n<!-- \/ Yoast SEO Premium plugin. -->","yoast_head_json":{"title":"Analoog tooner Ricoh Aficio SPC232 \/ SPC311 \/ SPC242 (406479) Black 6.500 lk, hea hinnaga, osta e-pood - Odav Print","description":"Osta Analoog tooner Ricoh Aficio SPC232 \/ SPC311 \/ SPC242 (406479) Black 6.500 lk Odav Print \u260e +372 5911 9495 \u2714\ufe0f Parim hind Analoog tooner Ricoh Aficio SPC232 \/ SPC311 \/ SPC242 (406479) Black 6.500 lk jaoks \u26df Kiire kohaletoimetamine Eestis \u2b50 Garanteeritud","robots":{"index":"index","follow":"follow","max-snippet":"max-snippet:-1","max-image-preview":"max-image-preview:large","max-video-preview":"max-video-preview:-1"},"canonical":"https:\/\/odavprint.ee\/en\/product\/analoog-tooner-ricoh-aficio-spc232-spc311-spc242-406479-black-6-500-lk\/","og_locale":"en_US","og_type":"article","og_title":"Analoog tooner Ricoh Aficio SPC232 \/ SPC311 \/ SPC242 (406479) Black 6.500 lk","og_description":"Osta Analoog tooner Ricoh Aficio SPC232 \/ SPC311 \/ SPC242 (406479) Black 6.500 lk Odav Print \u260e +372 5911 9495 \u2714\ufe0f Parim hind Analoog tooner Ricoh Aficio SPC232 \/ SPC311 \/ SPC242 (406479) Black 6.500 lk jaoks \u26df Kiire kohaletoimetamine Eestis \u2b50 Garanteeritud","og_url":"https:\/\/odavprint.ee\/en\/product\/analoog-tooner-ricoh-aficio-spc232-spc311-spc242-406479-black-6-500-lk\/","og_site_name":"Odav Print","article_modified_time":"2022-11-09T09:14:58+00:00","og_image":[{"width":280,"height":280,"url":"https:\/\/odavprint.ee\/wp-content\/uploads\/2020\/07\/232bk.jpg","type":"image\/jpeg"}],"twitter_card":"summary_large_image","twitter_misc":{"Price":"&euro;42.40","Availability":"In stock"},"schema":{"@context":"https:\/\/schema.org","@graph":[{"@type":["WebPage","ItemPage"],"@id":"https:\/\/odavprint.ee\/en\/product\/analoog-tooner-ricoh-aficio-spc232-spc311-spc242-406479-black-6-500-lk\/","url":"https:\/\/odavprint.ee\/en\/product\/analoog-tooner-ricoh-aficio-spc232-spc311-spc242-406479-black-6-500-lk\/","name":"Analoog tooner Ricoh Aficio SPC232 \/ SPC311 \/ SPC242 (406479) Black 6.500 lk, hea hinnaga, osta e-pood - Odav Print","isPartOf":{"@id":"https:\/\/odavprint.ee\/en\/#website"},"primaryImageOfPage":{"@id":"https:\/\/odavprint.ee\/en\/product\/analoog-tooner-ricoh-aficio-spc232-spc311-spc242-406479-black-6-500-lk\/#primaryimage"},"image":{"@id":"https:\/\/odavprint.ee\/en\/product\/analoog-tooner-ricoh-aficio-spc232-spc311-spc242-406479-black-6-500-lk\/#primaryimage"},"thumbnailUrl":"https:\/\/odavprint.ee\/wp-content\/uploads\/2020\/07\/232bk.jpg","datePublished":"2020-07-09T10:44:18+00:00","dateModified":"2022-11-09T09:14:58+00:00","description":"Osta Analoog tooner Ricoh Aficio SPC232 \/ SPC311 \/ SPC242 (406479) Black 6.500 lk Odav Print \u260e +372 5911 9495 \u2714\ufe0f Parim hind Analoog tooner Ricoh Aficio SPC232 \/ SPC311 \/ SPC242 (406479) Black 6.500 lk jaoks \u26df Kiire kohaletoimetamine Eestis \u2b50 Garanteeritud","breadcrumb":{"@id":"https:\/\/odavprint.ee\/en\/product\/analoog-tooner-ricoh-aficio-spc232-spc311-spc242-406479-black-6-500-lk\/#breadcrumb"},"inLanguage":"en-US","potentialAction":[{"@type":"ReadAction","target":["https:\/\/odavprint.ee\/en\/product\/analoog-tooner-ricoh-aficio-spc232-spc311-spc242-406479-black-6-500-lk\/"]}]},{"@type":"ImageObject","inLanguage":"en-US","@id":"https:\/\/odavprint.ee\/en\/product\/analoog-tooner-ricoh-aficio-spc232-spc311-spc242-406479-black-6-500-lk\/#primaryimage","url":"https:\/\/odavprint.ee\/wp-content\/uploads\/2020\/07\/232bk.jpg","contentUrl":"https:\/\/odavprint.ee\/wp-content\/uploads\/2020\/07\/232bk.jpg","width":280,"height":280},{"@type":"BreadcrumbList","@id":"https:\/\/odavprint.ee\/en\/product\/analoog-tooner-ricoh-aficio-spc232-spc311-spc242-406479-black-6-500-lk\/#breadcrumb","itemListElement":[{"@type":"ListItem","position":1,"name":"Home","item":"https:\/\/odavprint.ee\/en\/"},{"@type":"ListItem","position":2,"name":"Shop","item":"https:\/\/odavprint.ee\/en\/shop\/"},{"@type":"ListItem","position":3,"name":"Analoog tooner Ricoh Aficio SPC232 \/ SPC311 \/ SPC242 (406479) Black 6.500 lk"}]},{"@type":"WebSite","@id":"https:\/\/odavprint.ee\/en\/#website","url":"https:\/\/odavprint.ee\/en\/","name":"Odav Print","description":"Just another WordPress site","publisher":{"@id":"https:\/\/odavprint.ee\/en\/#organization"},"alternateName":"Kassettide, toonerite t\u00e4itmine ja m\u00fc\u00fck.","potentialAction":[{"@type":"SearchAction","target":{"@type":"EntryPoint","urlTemplate":"https:\/\/odavprint.ee\/en\/?s={search_term_string}"},"query-input":"required name=search_term_string"}],"inLanguage":"en-US"},{"@type":["Organization","Place"],"@id":"https:\/\/odavprint.ee\/en\/#organization","name":"Odav Print O\u00dc","url":"https:\/\/odavprint.ee\/en\/","logo":{"@id":"https:\/\/odavprint.ee\/en\/product\/analoog-tooner-ricoh-aficio-spc232-spc311-spc242-406479-black-6-500-lk\/#local-main-organization-logo"},"image":{"@id":"https:\/\/odavprint.ee\/en\/product\/analoog-tooner-ricoh-aficio-spc232-spc311-spc242-406479-black-6-500-lk\/#local-main-organization-logo"},"address":{"@id":"https:\/\/odavprint.ee\/en\/product\/analoog-tooner-ricoh-aficio-spc232-spc311-spc242-406479-black-6-500-lk\/#local-main-place-address"},"geo":{"@type":"GeoCoordinates","latitude":"59.4306504","longitude":"24.8095743"},"telephone":["53836926"],"openingHoursSpecification":[{"@type":"OpeningHoursSpecification","dayOfWeek":["Monday","Tuesday","Wednesday","Thursday","Friday","Saturday","Sunday"],"opens":"09:00","closes":"17:00"}],"email":"info@odavprint.eu"},{"@type":"PostalAddress","@id":"https:\/\/odavprint.ee\/en\/product\/analoog-tooner-ricoh-aficio-spc232-spc311-spc242-406479-black-6-500-lk\/#local-main-place-address","streetAddress":"Pae tn 28","addressLocality":"Tallinn","postalCode":"11415","addressRegion":"Harjumaa","addressCountry":"EE"},{"@type":"ImageObject","inLanguage":"en-US","@id":"https:\/\/odavprint.ee\/en\/product\/analoog-tooner-ricoh-aficio-spc232-spc311-spc242-406479-black-6-500-lk\/#local-main-organization-logo","url":"https:\/\/odavprint.ee\/wp-content\/uploads\/2018\/10\/odavprint-logo-240.jpg","contentUrl":"https:\/\/odavprint.ee\/wp-content\/uploads\/2018\/10\/odavprint-logo-240.jpg","width":240,"height":36,"caption":"Odav Print O\u00dc"}]},"product_price_amount":"42.40","product_price_currency":"EUR","og_availability":"instock","product_availability":"instock","product_condition":"new","geo.placename":"Tallinn","geo.position":{"lat":"59.4306504","long":"24.8095743"},"geo.region":"Estonia"},"_links":{"self":[{"href":"https:\/\/odavprint.ee\/en\/wp-json\/wp\/v2\/product\/33308"}],"collection":[{"href":"https:\/\/odavprint.ee\/en\/wp-json\/wp\/v2\/product"}],"about":[{"href":"https:\/\/odavprint.ee\/en\/wp-json\/wp\/v2\/types\/product"}],"wp:featuredmedia":[{"embeddable":true,"href":"https:\/\/odavprint.ee\/en\/wp-json\/wp\/v2\/media\/33309"}],"wp:attachment":[{"href":"https:\/\/odavprint.ee\/en\/wp-json\/wp\/v2\/media?parent=33308"}],"wp:term":[{"taxonomy":"product_cat","embeddable":true,"href":"https:\/\/odavprint.ee\/en\/wp-json\/wp\/v2\/product_cat?post=33308"},{"taxonomy":"product_tag","embeddable":true,"href":"https:\/\/odavprint.ee\/en\/wp-json\/wp\/v2\/product_tag?post=33308"}],"curies":[{"name":"wp","href":"https:\/\/api.w.org\/{rel}","templated":true}]}}