{"id":34522,"date":"2020-08-13T17:02:10","date_gmt":"2020-08-13T14:02:10","guid":{"rendered":"https:\/\/odavprint.ee\/product\/canon-toner-c-exv-49-cyan-8525b002aa\/"},"modified":"2022-03-04T11:01:10","modified_gmt":"2022-03-04T09:01:10","slug":"canon-toner-c-exv-49-cyan-8525b002aa","status":"publish","type":"product","link":"https:\/\/odavprint.ee\/en\/product\/canon-toner-c-exv-49-cyan-8525b002aa\/","title":{"rendered":"Canon Toner C-EXV 49 Cyan (8525B002AA)"},"content":{"rendered":"<p><strong>Tinka spausdintuvams:<\/strong><\/p>\n<p>Canon imageRUNNER Advance iRC3320<br \/>Canon imageRUNNER Advance iRC3500II<br \/>Canon imageRUNNER iRC3320<br \/>Canon imageRUNNER iRC3320i<br \/>Canon imageRUNNER iRC3325i<br \/>Canon imageRUNNER iRC3330i<br \/>Canon imageRUNNER iRC3500II<br \/>Canon imageRUNNER iRC3520i<br \/>Canon imageRUNNER iRC3525i<br \/>Canon imageRUNNER iRC3525i III<br \/>Canon imageRUNNER iRC3530i<br \/>Canon imageRUNNER Advance iRC3300 Series<br \/>Canon imageRUNNER Advance iRC3320i<br \/>Canon imageRUNNER Advance iRC3325i<br \/>Canon imageRUNNER Advance iRC3330i<br \/>Canon imageRUNNER Advance iRC3500 Series<br \/>Canon imageRUNNER Advance iRC3520i<br \/>Canon imageRUNNER Advance iRC3520i III<br \/>Canon imageRUNNER Advance iRC3525i<br \/>Canon imageRUNNER Advance iRC3525i III<br \/>Canon imageRUNNER Advance iRC3530i<br \/>Canon imageRUNNER Advance iRDX C3700 Series<br \/>Canon imageRUNNER Advance iRDX C3720i<br \/>Canon imageRUNNER Advance iRDX C3725i<br \/>Canon imageRUNNER Advance iRDX C3730i<br \/>Canon imageRUNNER Advance iRDXC 3700 Series<br \/>Canon imageRUNNER Advance iRDXC 3720i<br \/>Canon imageRUNNER Advance iRDXC 3725i<br \/>Canon imageRUNNER Advance iRDXC 3730i<br \/>Canon imageRUNNER iRC3520i III<\/p>\n","protected":false},"excerpt":{"rendered":"<p>Tinka spausdintuvams: Canon imageRUNNER Advance iRC3320Canon imageRUNNER Advance iRC3500IICanon imageRUNNER iRC3320Canon imageRUNNER iRC3320iCanon imageRUNNER iRC3325iCanon imageRUNNER iRC3330iCanon imageRUNNER iRC3500IICanon imageRUNNER iRC3520iCanon imageRUNNER iRC3525iCanon imageRUNNER iRC3525i IIICanon imageRUNNER iRC3530iCanon imageRUNNER Advance iRC3300 SeriesCanon imageRUNNER Advance iRC3320iCanon imageRUNNER Advance iRC3325iCanon imageRUNNER Advance iRC3330iCanon imageRUNNER Advance iRC3500 SeriesCanon imageRUNNER Advance iRC3520iCanon imageRUNNER Advance iRC3520i IIICanon imageRUNNER Advance iRC3525iCanon [&#8230;]\n","protected":false},"featured_media":34523,"template":"","meta":{"inline_featured_image":false},"product_cat":[12832],"product_tag":[16405,16404,16403,16402,16401,16421,16420,16422,16423,16424,16425,16426,16427,16428,16429,16430,16419,16418,16417,16416,16415,16414,16413,16412,16411,16410,16409,16408,16407,16406],"yoast_head":"<!-- This site is optimized with the Yoast SEO Premium plugin v23.0 (Yoast SEO v23.0) - https:\/\/yoast.com\/wordpress\/plugins\/seo\/ -->\n<title>Canon Toner C-EXV 49 Cyan (8525B002AA), hea hinnaga, osta e-pood - Odav Print<\/title>\n<meta name=\"description\" content=\"Osta Canon Toner C-EXV 49 Cyan (8525B002AA) Odav Print \u260e +372 5911 9495 \u2714\ufe0f Parim hind Canon Toner C-EXV 49 Cyan (8525B002AA) jaoks \u26df Kiire kohaletoimetamine Eestis \u2b50 Garanteeritud\" \/>\n<meta name=\"robots\" content=\"index, follow, max-snippet:-1, max-image-preview:large, max-video-preview:-1\" \/>\n<link rel=\"canonical\" href=\"https:\/\/odavprint.ee\/en\/product\/canon-toner-c-exv-49-cyan-8525b002aa\/\" \/>\n<meta property=\"og:locale\" content=\"en_US\" \/>\n<meta property=\"og:type\" content=\"article\" \/>\n<meta property=\"og:title\" content=\"Canon Toner C-EXV 49 Cyan (8525B002AA)\" \/>\n<meta property=\"og:description\" content=\"Osta Canon Toner C-EXV 49 Cyan (8525B002AA) Odav Print \u260e +372 5911 9495 \u2714\ufe0f Parim hind Canon Toner C-EXV 49 Cyan (8525B002AA) jaoks \u26df Kiire kohaletoimetamine Eestis \u2b50 Garanteeritud\" \/>\n<meta property=\"og:url\" content=\"https:\/\/odavprint.ee\/en\/product\/canon-toner-c-exv-49-cyan-8525b002aa\/\" \/>\n<meta property=\"og:site_name\" content=\"Odav Print\" \/>\n<meta property=\"article:modified_time\" content=\"2022-03-04T09:01:10+00:00\" \/>\n<meta property=\"og:image\" content=\"https:\/\/odavprint.ee\/wp-content\/uploads\/2020\/08\/8525b002.jpg\" \/>\n\t<meta property=\"og:image:width\" content=\"400\" \/>\n\t<meta property=\"og:image:height\" content=\"400\" \/>\n\t<meta property=\"og:image:type\" content=\"image\/jpeg\" \/>\n<meta name=\"twitter:card\" content=\"summary_large_image\" \/>\n<meta name=\"twitter:label1\" content=\"Price\" \/>\n\t<meta name=\"twitter:data1\" content=\"&euro;97.90\" \/>\n\t<meta name=\"twitter:label2\" content=\"Availability\" \/>\n\t<meta name=\"twitter:data2\" content=\"In stock\" \/>\n<script type=\"application\/ld+json\" class=\"yoast-schema-graph\">{\"@context\":\"https:\/\/schema.org\",\"@graph\":[{\"@type\":[\"WebPage\",\"ItemPage\"],\"@id\":\"https:\/\/odavprint.ee\/en\/product\/canon-toner-c-exv-49-cyan-8525b002aa\/\",\"url\":\"https:\/\/odavprint.ee\/en\/product\/canon-toner-c-exv-49-cyan-8525b002aa\/\",\"name\":\"Canon Toner C-EXV 49 Cyan (8525B002AA), hea hinnaga, osta e-pood - Odav Print\",\"isPartOf\":{\"@id\":\"https:\/\/odavprint.ee\/en\/#website\"},\"primaryImageOfPage\":{\"@id\":\"https:\/\/odavprint.ee\/en\/product\/canon-toner-c-exv-49-cyan-8525b002aa\/#primaryimage\"},\"image\":{\"@id\":\"https:\/\/odavprint.ee\/en\/product\/canon-toner-c-exv-49-cyan-8525b002aa\/#primaryimage\"},\"thumbnailUrl\":\"https:\/\/odavprint.ee\/wp-content\/uploads\/2020\/08\/8525b002.jpg\",\"datePublished\":\"2020-08-13T14:02:10+00:00\",\"dateModified\":\"2022-03-04T09:01:10+00:00\",\"description\":\"Osta Canon Toner C-EXV 49 Cyan (8525B002AA) Odav Print \u260e +372 5911 9495 \u2714\ufe0f Parim hind Canon Toner C-EXV 49 Cyan (8525B002AA) jaoks \u26df Kiire kohaletoimetamine Eestis \u2b50 Garanteeritud\",\"breadcrumb\":{\"@id\":\"https:\/\/odavprint.ee\/en\/product\/canon-toner-c-exv-49-cyan-8525b002aa\/#breadcrumb\"},\"inLanguage\":\"en-US\",\"potentialAction\":[{\"@type\":\"ReadAction\",\"target\":[\"https:\/\/odavprint.ee\/en\/product\/canon-toner-c-exv-49-cyan-8525b002aa\/\"]}]},{\"@type\":\"ImageObject\",\"inLanguage\":\"en-US\",\"@id\":\"https:\/\/odavprint.ee\/en\/product\/canon-toner-c-exv-49-cyan-8525b002aa\/#primaryimage\",\"url\":\"https:\/\/odavprint.ee\/wp-content\/uploads\/2020\/08\/8525b002.jpg\",\"contentUrl\":\"https:\/\/odavprint.ee\/wp-content\/uploads\/2020\/08\/8525b002.jpg\",\"width\":400,\"height\":400},{\"@type\":\"BreadcrumbList\",\"@id\":\"https:\/\/odavprint.ee\/en\/product\/canon-toner-c-exv-49-cyan-8525b002aa\/#breadcrumb\",\"itemListElement\":[{\"@type\":\"ListItem\",\"position\":1,\"name\":\"Home\",\"item\":\"https:\/\/odavprint.ee\/en\/\"},{\"@type\":\"ListItem\",\"position\":2,\"name\":\"Shop\",\"item\":\"https:\/\/odavprint.ee\/en\/shop\/\"},{\"@type\":\"ListItem\",\"position\":3,\"name\":\"Canon Toner C-EXV 49 Cyan (8525B002AA)\"}]},{\"@type\":\"WebSite\",\"@id\":\"https:\/\/odavprint.ee\/en\/#website\",\"url\":\"https:\/\/odavprint.ee\/en\/\",\"name\":\"Odav Print\",\"description\":\"Just another WordPress site\",\"publisher\":{\"@id\":\"https:\/\/odavprint.ee\/en\/#organization\"},\"alternateName\":\"Kassettide, toonerite t\u00e4itmine ja m\u00fc\u00fck.\",\"potentialAction\":[{\"@type\":\"SearchAction\",\"target\":{\"@type\":\"EntryPoint\",\"urlTemplate\":\"https:\/\/odavprint.ee\/en\/?s={search_term_string}\"},\"query-input\":\"required name=search_term_string\"}],\"inLanguage\":\"en-US\"},{\"@type\":[\"Organization\",\"Place\"],\"@id\":\"https:\/\/odavprint.ee\/en\/#organization\",\"name\":\"Odav Print O\u00dc\",\"url\":\"https:\/\/odavprint.ee\/en\/\",\"logo\":{\"@id\":\"https:\/\/odavprint.ee\/en\/product\/canon-toner-c-exv-49-cyan-8525b002aa\/#local-main-organization-logo\"},\"image\":{\"@id\":\"https:\/\/odavprint.ee\/en\/product\/canon-toner-c-exv-49-cyan-8525b002aa\/#local-main-organization-logo\"},\"address\":{\"@id\":\"https:\/\/odavprint.ee\/en\/product\/canon-toner-c-exv-49-cyan-8525b002aa\/#local-main-place-address\"},\"geo\":{\"@type\":\"GeoCoordinates\",\"latitude\":\"59.4306504\",\"longitude\":\"24.8095743\"},\"telephone\":[\"53836926\"],\"openingHoursSpecification\":[{\"@type\":\"OpeningHoursSpecification\",\"dayOfWeek\":[\"Monday\",\"Tuesday\",\"Wednesday\",\"Thursday\",\"Friday\",\"Saturday\",\"Sunday\"],\"opens\":\"09:00\",\"closes\":\"17:00\"}],\"email\":\"info@odavprint.eu\"},{\"@type\":\"PostalAddress\",\"@id\":\"https:\/\/odavprint.ee\/en\/product\/canon-toner-c-exv-49-cyan-8525b002aa\/#local-main-place-address\",\"streetAddress\":\"Pae tn 28\",\"addressLocality\":\"Tallinn\",\"postalCode\":\"11415\",\"addressRegion\":\"Harjumaa\",\"addressCountry\":\"EE\"},{\"@type\":\"ImageObject\",\"inLanguage\":\"en-US\",\"@id\":\"https:\/\/odavprint.ee\/en\/product\/canon-toner-c-exv-49-cyan-8525b002aa\/#local-main-organization-logo\",\"url\":\"https:\/\/odavprint.ee\/wp-content\/uploads\/2018\/10\/odavprint-logo-240.jpg\",\"contentUrl\":\"https:\/\/odavprint.ee\/wp-content\/uploads\/2018\/10\/odavprint-logo-240.jpg\",\"width\":240,\"height\":36,\"caption\":\"Odav Print O\u00dc\"}]}<\/script>\n<meta property=\"product:price:amount\" content=\"97.90\" \/>\n<meta property=\"product:price:currency\" content=\"EUR\" \/>\n<meta property=\"og:availability\" content=\"instock\" \/>\n<meta property=\"product:availability\" content=\"instock\" \/>\n<meta property=\"product:retailer_item_id\" content=\"8525B002\" \/>\n<meta property=\"product:condition\" content=\"new\" \/>\n<meta name=\"geo.placename\" content=\"Tallinn\" \/>\n<meta name=\"geo.position\" content=\"59.4306504;24.8095743\" \/>\n<meta name=\"geo.region\" content=\"Estonia\" \/>\n<!-- \/ Yoast SEO Premium plugin. -->","yoast_head_json":{"title":"Canon Toner C-EXV 49 Cyan (8525B002AA), hea hinnaga, osta e-pood - Odav Print","description":"Osta Canon Toner C-EXV 49 Cyan (8525B002AA) Odav Print \u260e +372 5911 9495 \u2714\ufe0f Parim hind Canon Toner C-EXV 49 Cyan (8525B002AA) jaoks \u26df Kiire kohaletoimetamine Eestis \u2b50 Garanteeritud","robots":{"index":"index","follow":"follow","max-snippet":"max-snippet:-1","max-image-preview":"max-image-preview:large","max-video-preview":"max-video-preview:-1"},"canonical":"https:\/\/odavprint.ee\/en\/product\/canon-toner-c-exv-49-cyan-8525b002aa\/","og_locale":"en_US","og_type":"article","og_title":"Canon Toner C-EXV 49 Cyan (8525B002AA)","og_description":"Osta Canon Toner C-EXV 49 Cyan (8525B002AA) Odav Print \u260e +372 5911 9495 \u2714\ufe0f Parim hind Canon Toner C-EXV 49 Cyan (8525B002AA) jaoks \u26df Kiire kohaletoimetamine Eestis \u2b50 Garanteeritud","og_url":"https:\/\/odavprint.ee\/en\/product\/canon-toner-c-exv-49-cyan-8525b002aa\/","og_site_name":"Odav Print","article_modified_time":"2022-03-04T09:01:10+00:00","og_image":[{"width":400,"height":400,"url":"https:\/\/odavprint.ee\/wp-content\/uploads\/2020\/08\/8525b002.jpg","type":"image\/jpeg"}],"twitter_card":"summary_large_image","twitter_misc":{"Price":"&euro;97.90","Availability":"In stock"},"schema":{"@context":"https:\/\/schema.org","@graph":[{"@type":["WebPage","ItemPage"],"@id":"https:\/\/odavprint.ee\/en\/product\/canon-toner-c-exv-49-cyan-8525b002aa\/","url":"https:\/\/odavprint.ee\/en\/product\/canon-toner-c-exv-49-cyan-8525b002aa\/","name":"Canon Toner C-EXV 49 Cyan (8525B002AA), hea hinnaga, osta e-pood - Odav Print","isPartOf":{"@id":"https:\/\/odavprint.ee\/en\/#website"},"primaryImageOfPage":{"@id":"https:\/\/odavprint.ee\/en\/product\/canon-toner-c-exv-49-cyan-8525b002aa\/#primaryimage"},"image":{"@id":"https:\/\/odavprint.ee\/en\/product\/canon-toner-c-exv-49-cyan-8525b002aa\/#primaryimage"},"thumbnailUrl":"https:\/\/odavprint.ee\/wp-content\/uploads\/2020\/08\/8525b002.jpg","datePublished":"2020-08-13T14:02:10+00:00","dateModified":"2022-03-04T09:01:10+00:00","description":"Osta Canon Toner C-EXV 49 Cyan (8525B002AA) Odav Print \u260e +372 5911 9495 \u2714\ufe0f Parim hind Canon Toner C-EXV 49 Cyan (8525B002AA) jaoks \u26df Kiire kohaletoimetamine Eestis \u2b50 Garanteeritud","breadcrumb":{"@id":"https:\/\/odavprint.ee\/en\/product\/canon-toner-c-exv-49-cyan-8525b002aa\/#breadcrumb"},"inLanguage":"en-US","potentialAction":[{"@type":"ReadAction","target":["https:\/\/odavprint.ee\/en\/product\/canon-toner-c-exv-49-cyan-8525b002aa\/"]}]},{"@type":"ImageObject","inLanguage":"en-US","@id":"https:\/\/odavprint.ee\/en\/product\/canon-toner-c-exv-49-cyan-8525b002aa\/#primaryimage","url":"https:\/\/odavprint.ee\/wp-content\/uploads\/2020\/08\/8525b002.jpg","contentUrl":"https:\/\/odavprint.ee\/wp-content\/uploads\/2020\/08\/8525b002.jpg","width":400,"height":400},{"@type":"BreadcrumbList","@id":"https:\/\/odavprint.ee\/en\/product\/canon-toner-c-exv-49-cyan-8525b002aa\/#breadcrumb","itemListElement":[{"@type":"ListItem","position":1,"name":"Home","item":"https:\/\/odavprint.ee\/en\/"},{"@type":"ListItem","position":2,"name":"Shop","item":"https:\/\/odavprint.ee\/en\/shop\/"},{"@type":"ListItem","position":3,"name":"Canon Toner C-EXV 49 Cyan (8525B002AA)"}]},{"@type":"WebSite","@id":"https:\/\/odavprint.ee\/en\/#website","url":"https:\/\/odavprint.ee\/en\/","name":"Odav Print","description":"Just another WordPress site","publisher":{"@id":"https:\/\/odavprint.ee\/en\/#organization"},"alternateName":"Kassettide, toonerite t\u00e4itmine ja m\u00fc\u00fck.","potentialAction":[{"@type":"SearchAction","target":{"@type":"EntryPoint","urlTemplate":"https:\/\/odavprint.ee\/en\/?s={search_term_string}"},"query-input":"required name=search_term_string"}],"inLanguage":"en-US"},{"@type":["Organization","Place"],"@id":"https:\/\/odavprint.ee\/en\/#organization","name":"Odav Print O\u00dc","url":"https:\/\/odavprint.ee\/en\/","logo":{"@id":"https:\/\/odavprint.ee\/en\/product\/canon-toner-c-exv-49-cyan-8525b002aa\/#local-main-organization-logo"},"image":{"@id":"https:\/\/odavprint.ee\/en\/product\/canon-toner-c-exv-49-cyan-8525b002aa\/#local-main-organization-logo"},"address":{"@id":"https:\/\/odavprint.ee\/en\/product\/canon-toner-c-exv-49-cyan-8525b002aa\/#local-main-place-address"},"geo":{"@type":"GeoCoordinates","latitude":"59.4306504","longitude":"24.8095743"},"telephone":["53836926"],"openingHoursSpecification":[{"@type":"OpeningHoursSpecification","dayOfWeek":["Monday","Tuesday","Wednesday","Thursday","Friday","Saturday","Sunday"],"opens":"09:00","closes":"17:00"}],"email":"info@odavprint.eu"},{"@type":"PostalAddress","@id":"https:\/\/odavprint.ee\/en\/product\/canon-toner-c-exv-49-cyan-8525b002aa\/#local-main-place-address","streetAddress":"Pae tn 28","addressLocality":"Tallinn","postalCode":"11415","addressRegion":"Harjumaa","addressCountry":"EE"},{"@type":"ImageObject","inLanguage":"en-US","@id":"https:\/\/odavprint.ee\/en\/product\/canon-toner-c-exv-49-cyan-8525b002aa\/#local-main-organization-logo","url":"https:\/\/odavprint.ee\/wp-content\/uploads\/2018\/10\/odavprint-logo-240.jpg","contentUrl":"https:\/\/odavprint.ee\/wp-content\/uploads\/2018\/10\/odavprint-logo-240.jpg","width":240,"height":36,"caption":"Odav Print O\u00dc"}]},"product_price_amount":"97.90","product_price_currency":"EUR","og_availability":"instock","product_availability":"instock","product_retailer_item_id":"8525B002","product_condition":"new","geo.placename":"Tallinn","geo.position":{"lat":"59.4306504","long":"24.8095743"},"geo.region":"Estonia"},"_links":{"self":[{"href":"https:\/\/odavprint.ee\/en\/wp-json\/wp\/v2\/product\/34522"}],"collection":[{"href":"https:\/\/odavprint.ee\/en\/wp-json\/wp\/v2\/product"}],"about":[{"href":"https:\/\/odavprint.ee\/en\/wp-json\/wp\/v2\/types\/product"}],"wp:featuredmedia":[{"embeddable":true,"href":"https:\/\/odavprint.ee\/en\/wp-json\/wp\/v2\/media\/34523"}],"wp:attachment":[{"href":"https:\/\/odavprint.ee\/en\/wp-json\/wp\/v2\/media?parent=34522"}],"wp:term":[{"taxonomy":"product_cat","embeddable":true,"href":"https:\/\/odavprint.ee\/en\/wp-json\/wp\/v2\/product_cat?post=34522"},{"taxonomy":"product_tag","embeddable":true,"href":"https:\/\/odavprint.ee\/en\/wp-json\/wp\/v2\/product_tag?post=34522"}],"curies":[{"name":"wp","href":"https:\/\/api.w.org\/{rel}","templated":true}]}}