{"id":35323,"date":"2020-09-18T11:58:52","date_gmt":"2020-09-18T08:58:52","guid":{"rendered":"https:\/\/odavprint.ee\/product\/Analoog-print4u-xerox-workcentre-7328-7335-7345-7346-zydra-kasete\/"},"modified":"2020-09-18T11:58:52","modified_gmt":"2020-09-18T08:58:52","slug":"Analoog-print4u-xerox-workcentre-7328-7335-7345-7346-zydra-kasete","status":"publish","type":"product","link":"https:\/\/odavprint.ee\/en\/product\/Analoog-print4u-xerox-workcentre-7328-7335-7345-7346-zydra-kasete\/","title":{"rendered":"Analoog Print4U Xerox WorkCentre 7328, 7335, 7345, 7346, \u017eydra kaset\u0117"},"content":{"rendered":"<p><strong>Tinka spausdintuvams:<\/strong><\/p>\n<p>Xerox CopyCentre C2128<br \/>Xerox CopyCentre C2636<br \/>Xerox WorkCentre 7328<br \/>Xerox WorkCentre 7335<br \/>Xerox WorkCentre 7345<br \/>Xerox WorkCentre Pro C2128<br \/>Xerox WorkCentre Pro C2636<br \/>Xerox CopyCentre C3545<br \/>Xerox WorkCentre 7228<br \/>Xerox WorkCentre 7228 Series<br \/>Xerox WorkCentre 7228F<br \/>Xerox WorkCentre 7228FH<br \/>Xerox WorkCentre 7228FP<br \/>Xerox WorkCentre 7228Fphx<br \/>Xerox WorkCentre 7228FPL<br \/>Xerox WorkCentre 7228Fplx<br \/>Xerox WorkCentre 7228FPX<br \/>Xerox WorkCentre 7228FX<br \/>Xerox WorkCentre 7228R<br \/>Xerox WorkCentre 7228RP<br \/>Xerox WorkCentre 7228RPB<br \/>Xerox WorkCentre 7228RPL<br \/>Xerox WorkCentre 7228RPX<br \/>Xerox WorkCentre 7228RX<br \/>Xerox WorkCentre 7235<br \/>Xerox WorkCentre 7235 Series<br \/>Xerox WorkCentre 7235F<br \/>Xerox WorkCentre 7235FH<br \/>Xerox WorkCentre 7235FP<br \/>Xerox WorkCentre 7235FPHX<br \/>Xerox WorkCentre 7235FPL<br \/>Xerox WorkCentre 7235FPLX<br \/>Xerox WorkCentre 7235FPX<br \/>Xerox WorkCentre 7235FX<br \/>Xerox WorkCentre 7235R<br \/>Xerox WorkCentre 7235RP<br \/>Xerox WorkCentre 7235RPB<br \/>Xerox WorkCentre 7235RPL<br \/>Xerox WorkCentre 7235RPX<br \/>Xerox WorkCentre 7235RX<br \/>Xerox WorkCentre 7245<br \/>Xerox WorkCentre 7245 Series<br \/>Xerox WorkCentre 7245F<br \/>Xerox WorkCentre 7245FH<br \/>Xerox WorkCentre 7245FP<br \/>Xerox WorkCentre 7245FPHX<br \/>Xerox WorkCentre 7245FPL<br \/>Xerox WorkCentre 7245FPLX<br \/>Xerox WorkCentre 7245FPX<br \/>Xerox WorkCentre 7245FX<br \/>Xerox WorkCentre 7245R<br \/>Xerox WorkCentre 7245RP<br \/>Xerox WorkCentre 7245RPB<br \/>Xerox WorkCentre 7245RPL<br \/>Xerox WorkCentre 7245RPX<br \/>Xerox WorkCentre 7245RX<br \/>Xerox WorkCentre 7300 Series<br \/>Xerox WorkCentre 7335 Series<br \/>Xerox WorkCentre 7335FLX<br \/>Xerox WorkCentre 7335FX<br \/>Xerox WorkCentre 7335RX<br \/>Xerox WorkCentre 7345 Series<br \/>Xerox WorkCentre 7345FX<br \/>Xerox WorkCentre 7345RX<br \/>Xerox WorkCentre 7346<br \/>Xerox WorkCentre 7346FX<br \/>Xerox WorkCentre Pro C3545<\/p>\n","protected":false},"excerpt":{"rendered":"<p>Tinka spausdintuvams: Xerox CopyCentre C2128Xerox CopyCentre C2636Xerox WorkCentre 7328Xerox WorkCentre 7335Xerox WorkCentre 7345Xerox WorkCentre Pro C2128Xerox WorkCentre Pro C2636Xerox CopyCentre C3545Xerox WorkCentre 7228Xerox WorkCentre 7228 SeriesXerox WorkCentre 7228FXerox WorkCentre 7228FHXerox WorkCentre 7228FPXerox WorkCentre 7228FphxXerox WorkCentre 7228FPLXerox WorkCentre 7228FplxXerox WorkCentre 7228FPXXerox WorkCentre 7228FXXerox WorkCentre 7228RXerox WorkCentre 7228RPXerox WorkCentre 7228RPBXerox WorkCentre 7228RPLXerox WorkCentre 7228RPXXerox WorkCentre 7228RXXerox WorkCentre [&#8230;]\n","protected":false},"featured_media":35324,"template":"","meta":{"inline_featured_image":false},"product_cat":[12832],"product_tag":[16574,16573,16572,16571,16586,16570,16569,16568,16578,16575,16579,16576,16577,16580,16581,16582,16583,16584,16585,16587,16602,16588,16589,16590,16591,16592,16593,16594,16595,16596,16597,16598,16599,16600,16601,16603,16618,16604,16605,16606,16607,16608,16609,16610,16611,16612,16613,16614,16615,16616,16617,16619,16620,16621,16625,16622,16623,16624,16626,16629,16627,16628,16630,16631,16632,16633,16634],"yoast_head":"<!-- This site is optimized with the Yoast SEO Premium plugin v23.0 (Yoast SEO v23.0) - https:\/\/yoast.com\/wordpress\/plugins\/seo\/ -->\n<title>Analoog Print4U Xerox WorkCentre 7328, 7335, 7345, 7346, \u017eydra kaset\u0117, hea hinnaga, osta e-pood - Odav Print<\/title>\n<meta name=\"description\" content=\"Osta Analoog Print4U Xerox WorkCentre 7328, 7335, 7345, 7346, \u017eydra kaset\u0117 Odav Print \u260e +372 5911 9495 \u2714\ufe0f Parim hind Analoog Print4U Xerox WorkCentre 7328, 7335, 7345, 7346, \u017eydra kaset\u0117 jaoks \u26df Kiire kohaletoimetamine Eestis \u2b50 Garanteeritud\" \/>\n<meta name=\"robots\" content=\"index, follow, max-snippet:-1, max-image-preview:large, max-video-preview:-1\" \/>\n<link rel=\"canonical\" href=\"https:\/\/odavprint.ee\/en\/product\/Analoog-print4u-xerox-workcentre-7328-7335-7345-7346-zydra-kasete\/\" \/>\n<meta property=\"og:locale\" content=\"en_US\" \/>\n<meta property=\"og:type\" content=\"article\" \/>\n<meta property=\"og:title\" content=\"Analoog Print4U Xerox WorkCentre 7328, 7335, 7345, 7346, \u017eydra kaset\u0117\" \/>\n<meta property=\"og:description\" content=\"Osta Analoog Print4U Xerox WorkCentre 7328, 7335, 7345, 7346, \u017eydra kaset\u0117 Odav Print \u260e +372 5911 9495 \u2714\ufe0f Parim hind Analoog Print4U Xerox WorkCentre 7328, 7335, 7345, 7346, \u017eydra kaset\u0117 jaoks \u26df Kiire kohaletoimetamine Eestis \u2b50 Garanteeritud\" \/>\n<meta property=\"og:url\" content=\"https:\/\/odavprint.ee\/en\/product\/Analoog-print4u-xerox-workcentre-7328-7335-7345-7346-zydra-kasete\/\" \/>\n<meta property=\"og:site_name\" content=\"Odav Print\" \/>\n<meta property=\"og:image\" content=\"https:\/\/odavprint.ee\/wp-content\/uploads\/2020\/09\/nonoem_laser.jpg\" \/>\n\t<meta property=\"og:image:width\" content=\"556\" \/>\n\t<meta property=\"og:image:height\" content=\"500\" \/>\n\t<meta property=\"og:image:type\" content=\"image\/jpeg\" \/>\n<meta name=\"twitter:card\" content=\"summary_large_image\" \/>\n<meta name=\"twitter:label1\" content=\"Price\" \/>\n\t<meta name=\"twitter:data1\" content=\"&euro;29.10\" \/>\n\t<meta name=\"twitter:label2\" content=\"Availability\" \/>\n\t<meta name=\"twitter:data2\" content=\"In stock\" \/>\n<script type=\"application\/ld+json\" class=\"yoast-schema-graph\">{\"@context\":\"https:\/\/schema.org\",\"@graph\":[{\"@type\":[\"WebPage\",\"ItemPage\"],\"@id\":\"https:\/\/odavprint.ee\/en\/product\/Analoog-print4u-xerox-workcentre-7328-7335-7345-7346-zydra-kasete\/\",\"url\":\"https:\/\/odavprint.ee\/en\/product\/Analoog-print4u-xerox-workcentre-7328-7335-7345-7346-zydra-kasete\/\",\"name\":\"Analoog Print4U Xerox WorkCentre 7328, 7335, 7345, 7346, \u017eydra kaset\u0117, hea hinnaga, osta e-pood - Odav Print\",\"isPartOf\":{\"@id\":\"https:\/\/odavprint.ee\/en\/#website\"},\"primaryImageOfPage\":{\"@id\":\"https:\/\/odavprint.ee\/en\/product\/Analoog-print4u-xerox-workcentre-7328-7335-7345-7346-zydra-kasete\/#primaryimage\"},\"image\":{\"@id\":\"https:\/\/odavprint.ee\/en\/product\/Analoog-print4u-xerox-workcentre-7328-7335-7345-7346-zydra-kasete\/#primaryimage\"},\"thumbnailUrl\":\"https:\/\/odavprint.ee\/wp-content\/uploads\/2020\/09\/nonoem_laser.jpg\",\"datePublished\":\"2020-09-18T08:58:52+00:00\",\"dateModified\":\"2020-09-18T08:58:52+00:00\",\"description\":\"Osta Analoog Print4U Xerox WorkCentre 7328, 7335, 7345, 7346, \u017eydra kaset\u0117 Odav Print \u260e +372 5911 9495 \u2714\ufe0f Parim hind Analoog Print4U Xerox WorkCentre 7328, 7335, 7345, 7346, \u017eydra kaset\u0117 jaoks \u26df Kiire kohaletoimetamine Eestis \u2b50 Garanteeritud\",\"breadcrumb\":{\"@id\":\"https:\/\/odavprint.ee\/en\/product\/Analoog-print4u-xerox-workcentre-7328-7335-7345-7346-zydra-kasete\/#breadcrumb\"},\"inLanguage\":\"en-US\",\"potentialAction\":[{\"@type\":\"ReadAction\",\"target\":[\"https:\/\/odavprint.ee\/en\/product\/Analoog-print4u-xerox-workcentre-7328-7335-7345-7346-zydra-kasete\/\"]}]},{\"@type\":\"ImageObject\",\"inLanguage\":\"en-US\",\"@id\":\"https:\/\/odavprint.ee\/en\/product\/Analoog-print4u-xerox-workcentre-7328-7335-7345-7346-zydra-kasete\/#primaryimage\",\"url\":\"https:\/\/odavprint.ee\/wp-content\/uploads\/2020\/09\/nonoem_laser.jpg\",\"contentUrl\":\"https:\/\/odavprint.ee\/wp-content\/uploads\/2020\/09\/nonoem_laser.jpg\",\"width\":556,\"height\":500},{\"@type\":\"BreadcrumbList\",\"@id\":\"https:\/\/odavprint.ee\/en\/product\/Analoog-print4u-xerox-workcentre-7328-7335-7345-7346-zydra-kasete\/#breadcrumb\",\"itemListElement\":[{\"@type\":\"ListItem\",\"position\":1,\"name\":\"Home\",\"item\":\"https:\/\/odavprint.ee\/en\/\"},{\"@type\":\"ListItem\",\"position\":2,\"name\":\"Shop\",\"item\":\"https:\/\/odavprint.ee\/en\/shop\/\"},{\"@type\":\"ListItem\",\"position\":3,\"name\":\"Analoog Print4U Xerox WorkCentre 7328, 7335, 7345, 7346, \u017eydra kaset\u0117\"}]},{\"@type\":\"WebSite\",\"@id\":\"https:\/\/odavprint.ee\/en\/#website\",\"url\":\"https:\/\/odavprint.ee\/en\/\",\"name\":\"Odav Print\",\"description\":\"Just another WordPress site\",\"publisher\":{\"@id\":\"https:\/\/odavprint.ee\/en\/#organization\"},\"alternateName\":\"Kassettide, toonerite t\u00e4itmine ja m\u00fc\u00fck.\",\"potentialAction\":[{\"@type\":\"SearchAction\",\"target\":{\"@type\":\"EntryPoint\",\"urlTemplate\":\"https:\/\/odavprint.ee\/en\/?s={search_term_string}\"},\"query-input\":\"required name=search_term_string\"}],\"inLanguage\":\"en-US\"},{\"@type\":[\"Organization\",\"Place\"],\"@id\":\"https:\/\/odavprint.ee\/en\/#organization\",\"name\":\"Odav Print O\u00dc\",\"url\":\"https:\/\/odavprint.ee\/en\/\",\"logo\":{\"@id\":\"https:\/\/odavprint.ee\/en\/product\/Analoog-print4u-xerox-workcentre-7328-7335-7345-7346-zydra-kasete\/#local-main-organization-logo\"},\"image\":{\"@id\":\"https:\/\/odavprint.ee\/en\/product\/Analoog-print4u-xerox-workcentre-7328-7335-7345-7346-zydra-kasete\/#local-main-organization-logo\"},\"address\":{\"@id\":\"https:\/\/odavprint.ee\/en\/product\/Analoog-print4u-xerox-workcentre-7328-7335-7345-7346-zydra-kasete\/#local-main-place-address\"},\"geo\":{\"@type\":\"GeoCoordinates\",\"latitude\":\"59.4306504\",\"longitude\":\"24.8095743\"},\"telephone\":[\"53836926\"],\"openingHoursSpecification\":[{\"@type\":\"OpeningHoursSpecification\",\"dayOfWeek\":[\"Monday\",\"Tuesday\",\"Wednesday\",\"Thursday\",\"Friday\",\"Saturday\",\"Sunday\"],\"opens\":\"09:00\",\"closes\":\"17:00\"}],\"email\":\"info@odavprint.eu\"},{\"@type\":\"PostalAddress\",\"@id\":\"https:\/\/odavprint.ee\/en\/product\/Analoog-print4u-xerox-workcentre-7328-7335-7345-7346-zydra-kasete\/#local-main-place-address\",\"streetAddress\":\"Pae tn 28\",\"addressLocality\":\"Tallinn\",\"postalCode\":\"11415\",\"addressRegion\":\"Harjumaa\",\"addressCountry\":\"EE\"},{\"@type\":\"ImageObject\",\"inLanguage\":\"en-US\",\"@id\":\"https:\/\/odavprint.ee\/en\/product\/Analoog-print4u-xerox-workcentre-7328-7335-7345-7346-zydra-kasete\/#local-main-organization-logo\",\"url\":\"https:\/\/odavprint.ee\/wp-content\/uploads\/2018\/10\/odavprint-logo-240.jpg\",\"contentUrl\":\"https:\/\/odavprint.ee\/wp-content\/uploads\/2018\/10\/odavprint-logo-240.jpg\",\"width\":240,\"height\":36,\"caption\":\"Odav Print O\u00dc\"}]}<\/script>\n<meta property=\"product:price:amount\" content=\"29.10\" \/>\n<meta property=\"product:price:currency\" content=\"EUR\" \/>\n<meta property=\"og:availability\" content=\"instock\" \/>\n<meta property=\"product:availability\" content=\"instock\" \/>\n<meta property=\"product:retailer_item_id\" content=\"CH\/006R01176\/EOL\" \/>\n<meta property=\"product:condition\" content=\"new\" \/>\n<meta name=\"geo.placename\" content=\"Tallinn\" \/>\n<meta name=\"geo.position\" content=\"59.4306504;24.8095743\" \/>\n<meta name=\"geo.region\" content=\"Estonia\" \/>\n<!-- \/ Yoast SEO Premium plugin. -->","yoast_head_json":{"title":"Analoog Print4U Xerox WorkCentre 7328, 7335, 7345, 7346, \u017eydra kaset\u0117, hea hinnaga, osta e-pood - Odav Print","description":"Osta Analoog Print4U Xerox WorkCentre 7328, 7335, 7345, 7346, \u017eydra kaset\u0117 Odav Print \u260e +372 5911 9495 \u2714\ufe0f Parim hind Analoog Print4U Xerox WorkCentre 7328, 7335, 7345, 7346, \u017eydra kaset\u0117 jaoks \u26df Kiire kohaletoimetamine Eestis \u2b50 Garanteeritud","robots":{"index":"index","follow":"follow","max-snippet":"max-snippet:-1","max-image-preview":"max-image-preview:large","max-video-preview":"max-video-preview:-1"},"canonical":"https:\/\/odavprint.ee\/en\/product\/Analoog-print4u-xerox-workcentre-7328-7335-7345-7346-zydra-kasete\/","og_locale":"en_US","og_type":"article","og_title":"Analoog Print4U Xerox WorkCentre 7328, 7335, 7345, 7346, \u017eydra kaset\u0117","og_description":"Osta Analoog Print4U Xerox WorkCentre 7328, 7335, 7345, 7346, \u017eydra kaset\u0117 Odav Print \u260e +372 5911 9495 \u2714\ufe0f Parim hind Analoog Print4U Xerox WorkCentre 7328, 7335, 7345, 7346, \u017eydra kaset\u0117 jaoks \u26df Kiire kohaletoimetamine Eestis \u2b50 Garanteeritud","og_url":"https:\/\/odavprint.ee\/en\/product\/Analoog-print4u-xerox-workcentre-7328-7335-7345-7346-zydra-kasete\/","og_site_name":"Odav Print","og_image":[{"width":556,"height":500,"url":"https:\/\/odavprint.ee\/wp-content\/uploads\/2020\/09\/nonoem_laser.jpg","type":"image\/jpeg"}],"twitter_card":"summary_large_image","twitter_misc":{"Price":"&euro;29.10","Availability":"In stock"},"schema":{"@context":"https:\/\/schema.org","@graph":[{"@type":["WebPage","ItemPage"],"@id":"https:\/\/odavprint.ee\/en\/product\/Analoog-print4u-xerox-workcentre-7328-7335-7345-7346-zydra-kasete\/","url":"https:\/\/odavprint.ee\/en\/product\/Analoog-print4u-xerox-workcentre-7328-7335-7345-7346-zydra-kasete\/","name":"Analoog Print4U Xerox WorkCentre 7328, 7335, 7345, 7346, \u017eydra kaset\u0117, hea hinnaga, osta e-pood - Odav Print","isPartOf":{"@id":"https:\/\/odavprint.ee\/en\/#website"},"primaryImageOfPage":{"@id":"https:\/\/odavprint.ee\/en\/product\/Analoog-print4u-xerox-workcentre-7328-7335-7345-7346-zydra-kasete\/#primaryimage"},"image":{"@id":"https:\/\/odavprint.ee\/en\/product\/Analoog-print4u-xerox-workcentre-7328-7335-7345-7346-zydra-kasete\/#primaryimage"},"thumbnailUrl":"https:\/\/odavprint.ee\/wp-content\/uploads\/2020\/09\/nonoem_laser.jpg","datePublished":"2020-09-18T08:58:52+00:00","dateModified":"2020-09-18T08:58:52+00:00","description":"Osta Analoog Print4U Xerox WorkCentre 7328, 7335, 7345, 7346, \u017eydra kaset\u0117 Odav Print \u260e +372 5911 9495 \u2714\ufe0f Parim hind Analoog Print4U Xerox WorkCentre 7328, 7335, 7345, 7346, \u017eydra kaset\u0117 jaoks \u26df Kiire kohaletoimetamine Eestis \u2b50 Garanteeritud","breadcrumb":{"@id":"https:\/\/odavprint.ee\/en\/product\/Analoog-print4u-xerox-workcentre-7328-7335-7345-7346-zydra-kasete\/#breadcrumb"},"inLanguage":"en-US","potentialAction":[{"@type":"ReadAction","target":["https:\/\/odavprint.ee\/en\/product\/Analoog-print4u-xerox-workcentre-7328-7335-7345-7346-zydra-kasete\/"]}]},{"@type":"ImageObject","inLanguage":"en-US","@id":"https:\/\/odavprint.ee\/en\/product\/Analoog-print4u-xerox-workcentre-7328-7335-7345-7346-zydra-kasete\/#primaryimage","url":"https:\/\/odavprint.ee\/wp-content\/uploads\/2020\/09\/nonoem_laser.jpg","contentUrl":"https:\/\/odavprint.ee\/wp-content\/uploads\/2020\/09\/nonoem_laser.jpg","width":556,"height":500},{"@type":"BreadcrumbList","@id":"https:\/\/odavprint.ee\/en\/product\/Analoog-print4u-xerox-workcentre-7328-7335-7345-7346-zydra-kasete\/#breadcrumb","itemListElement":[{"@type":"ListItem","position":1,"name":"Home","item":"https:\/\/odavprint.ee\/en\/"},{"@type":"ListItem","position":2,"name":"Shop","item":"https:\/\/odavprint.ee\/en\/shop\/"},{"@type":"ListItem","position":3,"name":"Analoog Print4U Xerox WorkCentre 7328, 7335, 7345, 7346, \u017eydra kaset\u0117"}]},{"@type":"WebSite","@id":"https:\/\/odavprint.ee\/en\/#website","url":"https:\/\/odavprint.ee\/en\/","name":"Odav Print","description":"Just another WordPress site","publisher":{"@id":"https:\/\/odavprint.ee\/en\/#organization"},"alternateName":"Kassettide, toonerite t\u00e4itmine ja m\u00fc\u00fck.","potentialAction":[{"@type":"SearchAction","target":{"@type":"EntryPoint","urlTemplate":"https:\/\/odavprint.ee\/en\/?s={search_term_string}"},"query-input":"required name=search_term_string"}],"inLanguage":"en-US"},{"@type":["Organization","Place"],"@id":"https:\/\/odavprint.ee\/en\/#organization","name":"Odav Print O\u00dc","url":"https:\/\/odavprint.ee\/en\/","logo":{"@id":"https:\/\/odavprint.ee\/en\/product\/Analoog-print4u-xerox-workcentre-7328-7335-7345-7346-zydra-kasete\/#local-main-organization-logo"},"image":{"@id":"https:\/\/odavprint.ee\/en\/product\/Analoog-print4u-xerox-workcentre-7328-7335-7345-7346-zydra-kasete\/#local-main-organization-logo"},"address":{"@id":"https:\/\/odavprint.ee\/en\/product\/Analoog-print4u-xerox-workcentre-7328-7335-7345-7346-zydra-kasete\/#local-main-place-address"},"geo":{"@type":"GeoCoordinates","latitude":"59.4306504","longitude":"24.8095743"},"telephone":["53836926"],"openingHoursSpecification":[{"@type":"OpeningHoursSpecification","dayOfWeek":["Monday","Tuesday","Wednesday","Thursday","Friday","Saturday","Sunday"],"opens":"09:00","closes":"17:00"}],"email":"info@odavprint.eu"},{"@type":"PostalAddress","@id":"https:\/\/odavprint.ee\/en\/product\/Analoog-print4u-xerox-workcentre-7328-7335-7345-7346-zydra-kasete\/#local-main-place-address","streetAddress":"Pae tn 28","addressLocality":"Tallinn","postalCode":"11415","addressRegion":"Harjumaa","addressCountry":"EE"},{"@type":"ImageObject","inLanguage":"en-US","@id":"https:\/\/odavprint.ee\/en\/product\/Analoog-print4u-xerox-workcentre-7328-7335-7345-7346-zydra-kasete\/#local-main-organization-logo","url":"https:\/\/odavprint.ee\/wp-content\/uploads\/2018\/10\/odavprint-logo-240.jpg","contentUrl":"https:\/\/odavprint.ee\/wp-content\/uploads\/2018\/10\/odavprint-logo-240.jpg","width":240,"height":36,"caption":"Odav Print O\u00dc"}]},"product_price_amount":"29.10","product_price_currency":"EUR","og_availability":"instock","product_availability":"instock","product_retailer_item_id":"CH\/006R01176\/EOL","product_condition":"new","geo.placename":"Tallinn","geo.position":{"lat":"59.4306504","long":"24.8095743"},"geo.region":"Estonia"},"_links":{"self":[{"href":"https:\/\/odavprint.ee\/en\/wp-json\/wp\/v2\/product\/35323"}],"collection":[{"href":"https:\/\/odavprint.ee\/en\/wp-json\/wp\/v2\/product"}],"about":[{"href":"https:\/\/odavprint.ee\/en\/wp-json\/wp\/v2\/types\/product"}],"wp:featuredmedia":[{"embeddable":true,"href":"https:\/\/odavprint.ee\/en\/wp-json\/wp\/v2\/media\/35324"}],"wp:attachment":[{"href":"https:\/\/odavprint.ee\/en\/wp-json\/wp\/v2\/media?parent=35323"}],"wp:term":[{"taxonomy":"product_cat","embeddable":true,"href":"https:\/\/odavprint.ee\/en\/wp-json\/wp\/v2\/product_cat?post=35323"},{"taxonomy":"product_tag","embeddable":true,"href":"https:\/\/odavprint.ee\/en\/wp-json\/wp\/v2\/product_tag?post=35323"}],"curies":[{"name":"wp","href":"https:\/\/api.w.org\/{rel}","templated":true}]}}