{"id":35864,"date":"2020-09-23T15:27:54","date_gmt":"2020-09-23T12:27:54","guid":{"rendered":"https:\/\/odavprint.ee\/product\/Analoog-hyb-canon-c-exv-39-4792b002-Black-kasete\/"},"modified":"2020-09-23T15:27:54","modified_gmt":"2020-09-23T12:27:54","slug":"Analoog-hyb-canon-c-exv-39-4792b002-Black-kasete","status":"publish","type":"product","link":"https:\/\/odavprint.ee\/en\/product\/Analoog-hyb-canon-c-exv-39-4792b002-Black-kasete\/","title":{"rendered":"Analoog HYB Canon C-EXV 39 (4792B002), Black kaset\u0117"},"content":{"rendered":"<p><strong>Tinka spausdintuvams:<\/strong><\/p>\n<p>Canon imageRUNNER Advance IR4025<br \/>Canon imageRUNNER Advance IR4025i<br \/>Canon imageRUNNER Advance IR4035<br \/>Canon imageRUNNER Advance IR4035i<br \/>Canon imageRUNNER Advance IR4225<br \/>Canon imageRUNNER Advance IR4225i<br \/>Canon imageRUNNER Advance IR4235<br \/>Canon imageRUNNER Advance IR4235i<br \/>Canon imageRUNNER iR4025<br \/>Canon imageRUNNER iR4025i<br \/>Canon imageRUNNER iR4035<br \/>Canon imageRUNNER iR4035i<br \/>Canon imageRUNNER iR4225<br \/>Canon imageRUNNER iR4225i<br \/>Canon imageRUNNER iR4235<br \/>Canon imageRUNNER iR4235i<\/p>\n","protected":false},"excerpt":{"rendered":"<p>Tinka spausdintuvams: Canon imageRUNNER Advance IR4025Canon imageRUNNER Advance IR4025iCanon imageRUNNER Advance IR4035Canon imageRUNNER Advance IR4035iCanon imageRUNNER Advance IR4225Canon imageRUNNER Advance IR4225iCanon imageRUNNER Advance IR4235Canon imageRUNNER Advance IR4235iCanon imageRUNNER iR4025Canon imageRUNNER iR4025iCanon imageRUNNER iR4035Canon imageRUNNER iR4035iCanon imageRUNNER iR4225Canon imageRUNNER iR4225iCanon imageRUNNER iR4235Canon imageRUNNER iR4235i<\/p>\n","protected":false},"featured_media":35865,"template":"","meta":{"inline_featured_image":false},"product_cat":[12832],"product_tag":[15782,15787,15781,15789,15780,15779,15778,15777,15792,15788,15791,15790,15786,15785,15784,15783],"yoast_head":"<!-- This site is optimized with the Yoast SEO Premium plugin v23.0 (Yoast SEO v23.0) - https:\/\/yoast.com\/wordpress\/plugins\/seo\/ -->\n<title>Analoog HYB Canon C-EXV 39 (4792B002), Black kaset\u0117, hea hinnaga, osta e-pood - Odav Print<\/title>\n<meta name=\"description\" content=\"Osta Analoog HYB Canon C-EXV 39 (4792B002), Black kaset\u0117 Odav Print \u260e +372 5911 9495 \u2714\ufe0f Parim hind Analoog HYB Canon C-EXV 39 (4792B002), Black kaset\u0117 jaoks \u26df Kiire kohaletoimetamine Eestis \u2b50 Garanteeritud\" \/>\n<meta name=\"robots\" content=\"index, follow, max-snippet:-1, max-image-preview:large, max-video-preview:-1\" \/>\n<link rel=\"canonical\" href=\"https:\/\/odavprint.ee\/en\/product\/Analoog-hyb-canon-c-exv-39-4792b002-Black-kasete\/\" \/>\n<meta property=\"og:locale\" content=\"en_US\" \/>\n<meta property=\"og:type\" content=\"article\" \/>\n<meta property=\"og:title\" content=\"Analoog HYB Canon C-EXV 39 (4792B002), Black kaset\u0117\" \/>\n<meta property=\"og:description\" content=\"Osta Analoog HYB Canon C-EXV 39 (4792B002), Black kaset\u0117 Odav Print \u260e +372 5911 9495 \u2714\ufe0f Parim hind Analoog HYB Canon C-EXV 39 (4792B002), Black kaset\u0117 jaoks \u26df Kiire kohaletoimetamine Eestis \u2b50 Garanteeritud\" \/>\n<meta property=\"og:url\" content=\"https:\/\/odavprint.ee\/en\/product\/Analoog-hyb-canon-c-exv-39-4792b002-Black-kasete\/\" \/>\n<meta property=\"og:site_name\" content=\"Odav Print\" \/>\n<meta property=\"og:image\" content=\"https:\/\/odavprint.ee\/wp-content\/uploads\/2020\/09\/hyb.png\" \/>\n\t<meta property=\"og:image:width\" content=\"200\" \/>\n\t<meta property=\"og:image:height\" content=\"200\" \/>\n\t<meta property=\"og:image:type\" content=\"image\/png\" \/>\n<meta name=\"twitter:card\" content=\"summary_large_image\" \/>\n<meta name=\"twitter:label1\" content=\"Price\" \/>\n\t<meta name=\"twitter:data1\" content=\"&euro;29.60\" \/>\n\t<meta name=\"twitter:label2\" content=\"Availability\" \/>\n\t<meta name=\"twitter:data2\" content=\"In stock\" \/>\n<script type=\"application\/ld+json\" class=\"yoast-schema-graph\">{\"@context\":\"https:\/\/schema.org\",\"@graph\":[{\"@type\":[\"WebPage\",\"ItemPage\"],\"@id\":\"https:\/\/odavprint.ee\/en\/product\/Analoog-hyb-canon-c-exv-39-4792b002-Black-kasete\/\",\"url\":\"https:\/\/odavprint.ee\/en\/product\/Analoog-hyb-canon-c-exv-39-4792b002-Black-kasete\/\",\"name\":\"Analoog HYB Canon C-EXV 39 (4792B002), Black kaset\u0117, hea hinnaga, osta e-pood - Odav Print\",\"isPartOf\":{\"@id\":\"https:\/\/odavprint.ee\/en\/#website\"},\"primaryImageOfPage\":{\"@id\":\"https:\/\/odavprint.ee\/en\/product\/Analoog-hyb-canon-c-exv-39-4792b002-Black-kasete\/#primaryimage\"},\"image\":{\"@id\":\"https:\/\/odavprint.ee\/en\/product\/Analoog-hyb-canon-c-exv-39-4792b002-Black-kasete\/#primaryimage\"},\"thumbnailUrl\":\"https:\/\/odavprint.ee\/wp-content\/uploads\/2020\/09\/hyb.png\",\"datePublished\":\"2020-09-23T12:27:54+00:00\",\"dateModified\":\"2020-09-23T12:27:54+00:00\",\"description\":\"Osta Analoog HYB Canon C-EXV 39 (4792B002), Black kaset\u0117 Odav Print \u260e +372 5911 9495 \u2714\ufe0f Parim hind Analoog HYB Canon C-EXV 39 (4792B002), Black kaset\u0117 jaoks \u26df Kiire kohaletoimetamine Eestis \u2b50 Garanteeritud\",\"breadcrumb\":{\"@id\":\"https:\/\/odavprint.ee\/en\/product\/Analoog-hyb-canon-c-exv-39-4792b002-Black-kasete\/#breadcrumb\"},\"inLanguage\":\"en-US\",\"potentialAction\":[{\"@type\":\"ReadAction\",\"target\":[\"https:\/\/odavprint.ee\/en\/product\/Analoog-hyb-canon-c-exv-39-4792b002-Black-kasete\/\"]}]},{\"@type\":\"ImageObject\",\"inLanguage\":\"en-US\",\"@id\":\"https:\/\/odavprint.ee\/en\/product\/Analoog-hyb-canon-c-exv-39-4792b002-Black-kasete\/#primaryimage\",\"url\":\"https:\/\/odavprint.ee\/wp-content\/uploads\/2020\/09\/hyb.png\",\"contentUrl\":\"https:\/\/odavprint.ee\/wp-content\/uploads\/2020\/09\/hyb.png\",\"width\":200,\"height\":200},{\"@type\":\"BreadcrumbList\",\"@id\":\"https:\/\/odavprint.ee\/en\/product\/Analoog-hyb-canon-c-exv-39-4792b002-Black-kasete\/#breadcrumb\",\"itemListElement\":[{\"@type\":\"ListItem\",\"position\":1,\"name\":\"Home\",\"item\":\"https:\/\/odavprint.ee\/en\/\"},{\"@type\":\"ListItem\",\"position\":2,\"name\":\"Shop\",\"item\":\"https:\/\/odavprint.ee\/en\/shop\/\"},{\"@type\":\"ListItem\",\"position\":3,\"name\":\"Analoog HYB Canon C-EXV 39 (4792B002), Black kaset\u0117\"}]},{\"@type\":\"WebSite\",\"@id\":\"https:\/\/odavprint.ee\/en\/#website\",\"url\":\"https:\/\/odavprint.ee\/en\/\",\"name\":\"Odav Print\",\"description\":\"Just another WordPress site\",\"publisher\":{\"@id\":\"https:\/\/odavprint.ee\/en\/#organization\"},\"alternateName\":\"Kassettide, toonerite t\u00e4itmine ja m\u00fc\u00fck.\",\"potentialAction\":[{\"@type\":\"SearchAction\",\"target\":{\"@type\":\"EntryPoint\",\"urlTemplate\":\"https:\/\/odavprint.ee\/en\/?s={search_term_string}\"},\"query-input\":\"required name=search_term_string\"}],\"inLanguage\":\"en-US\"},{\"@type\":[\"Organization\",\"Place\"],\"@id\":\"https:\/\/odavprint.ee\/en\/#organization\",\"name\":\"Odav Print O\u00dc\",\"url\":\"https:\/\/odavprint.ee\/en\/\",\"logo\":{\"@id\":\"https:\/\/odavprint.ee\/en\/product\/Analoog-hyb-canon-c-exv-39-4792b002-Black-kasete\/#local-main-organization-logo\"},\"image\":{\"@id\":\"https:\/\/odavprint.ee\/en\/product\/Analoog-hyb-canon-c-exv-39-4792b002-Black-kasete\/#local-main-organization-logo\"},\"address\":{\"@id\":\"https:\/\/odavprint.ee\/en\/product\/Analoog-hyb-canon-c-exv-39-4792b002-Black-kasete\/#local-main-place-address\"},\"geo\":{\"@type\":\"GeoCoordinates\",\"latitude\":\"59.4306504\",\"longitude\":\"24.8095743\"},\"telephone\":[\"53836926\"],\"openingHoursSpecification\":[{\"@type\":\"OpeningHoursSpecification\",\"dayOfWeek\":[\"Monday\",\"Tuesday\",\"Wednesday\",\"Thursday\",\"Friday\",\"Saturday\",\"Sunday\"],\"opens\":\"09:00\",\"closes\":\"17:00\"}],\"email\":\"info@odavprint.eu\"},{\"@type\":\"PostalAddress\",\"@id\":\"https:\/\/odavprint.ee\/en\/product\/Analoog-hyb-canon-c-exv-39-4792b002-Black-kasete\/#local-main-place-address\",\"streetAddress\":\"Pae tn 28\",\"addressLocality\":\"Tallinn\",\"postalCode\":\"11415\",\"addressRegion\":\"Harjumaa\",\"addressCountry\":\"EE\"},{\"@type\":\"ImageObject\",\"inLanguage\":\"en-US\",\"@id\":\"https:\/\/odavprint.ee\/en\/product\/Analoog-hyb-canon-c-exv-39-4792b002-Black-kasete\/#local-main-organization-logo\",\"url\":\"https:\/\/odavprint.ee\/wp-content\/uploads\/2018\/10\/odavprint-logo-240.jpg\",\"contentUrl\":\"https:\/\/odavprint.ee\/wp-content\/uploads\/2018\/10\/odavprint-logo-240.jpg\",\"width\":240,\"height\":36,\"caption\":\"Odav Print O\u00dc\"}]}<\/script>\n<meta property=\"product:price:amount\" content=\"29.60\" \/>\n<meta property=\"product:price:currency\" content=\"EUR\" \/>\n<meta property=\"og:availability\" content=\"instock\" \/>\n<meta property=\"product:availability\" content=\"instock\" \/>\n<meta property=\"product:retailer_item_id\" content=\"CH\/4792B002-HYB\" \/>\n<meta property=\"product:condition\" content=\"new\" \/>\n<meta name=\"geo.placename\" content=\"Tallinn\" \/>\n<meta name=\"geo.position\" content=\"59.4306504;24.8095743\" \/>\n<meta name=\"geo.region\" content=\"Estonia\" \/>\n<!-- \/ Yoast SEO Premium plugin. -->","yoast_head_json":{"title":"Analoog HYB Canon C-EXV 39 (4792B002), Black kaset\u0117, hea hinnaga, osta e-pood - Odav Print","description":"Osta Analoog HYB Canon C-EXV 39 (4792B002), Black kaset\u0117 Odav Print \u260e +372 5911 9495 \u2714\ufe0f Parim hind Analoog HYB Canon C-EXV 39 (4792B002), Black kaset\u0117 jaoks \u26df Kiire kohaletoimetamine Eestis \u2b50 Garanteeritud","robots":{"index":"index","follow":"follow","max-snippet":"max-snippet:-1","max-image-preview":"max-image-preview:large","max-video-preview":"max-video-preview:-1"},"canonical":"https:\/\/odavprint.ee\/en\/product\/Analoog-hyb-canon-c-exv-39-4792b002-Black-kasete\/","og_locale":"en_US","og_type":"article","og_title":"Analoog HYB Canon C-EXV 39 (4792B002), Black kaset\u0117","og_description":"Osta Analoog HYB Canon C-EXV 39 (4792B002), Black kaset\u0117 Odav Print \u260e +372 5911 9495 \u2714\ufe0f Parim hind Analoog HYB Canon C-EXV 39 (4792B002), Black kaset\u0117 jaoks \u26df Kiire kohaletoimetamine Eestis \u2b50 Garanteeritud","og_url":"https:\/\/odavprint.ee\/en\/product\/Analoog-hyb-canon-c-exv-39-4792b002-Black-kasete\/","og_site_name":"Odav Print","og_image":[{"width":200,"height":200,"url":"https:\/\/odavprint.ee\/wp-content\/uploads\/2020\/09\/hyb.png","type":"image\/png"}],"twitter_card":"summary_large_image","twitter_misc":{"Price":"&euro;29.60","Availability":"In stock"},"schema":{"@context":"https:\/\/schema.org","@graph":[{"@type":["WebPage","ItemPage"],"@id":"https:\/\/odavprint.ee\/en\/product\/Analoog-hyb-canon-c-exv-39-4792b002-Black-kasete\/","url":"https:\/\/odavprint.ee\/en\/product\/Analoog-hyb-canon-c-exv-39-4792b002-Black-kasete\/","name":"Analoog HYB Canon C-EXV 39 (4792B002), Black kaset\u0117, hea hinnaga, osta e-pood - Odav Print","isPartOf":{"@id":"https:\/\/odavprint.ee\/en\/#website"},"primaryImageOfPage":{"@id":"https:\/\/odavprint.ee\/en\/product\/Analoog-hyb-canon-c-exv-39-4792b002-Black-kasete\/#primaryimage"},"image":{"@id":"https:\/\/odavprint.ee\/en\/product\/Analoog-hyb-canon-c-exv-39-4792b002-Black-kasete\/#primaryimage"},"thumbnailUrl":"https:\/\/odavprint.ee\/wp-content\/uploads\/2020\/09\/hyb.png","datePublished":"2020-09-23T12:27:54+00:00","dateModified":"2020-09-23T12:27:54+00:00","description":"Osta Analoog HYB Canon C-EXV 39 (4792B002), Black kaset\u0117 Odav Print \u260e +372 5911 9495 \u2714\ufe0f Parim hind Analoog HYB Canon C-EXV 39 (4792B002), Black kaset\u0117 jaoks \u26df Kiire kohaletoimetamine Eestis \u2b50 Garanteeritud","breadcrumb":{"@id":"https:\/\/odavprint.ee\/en\/product\/Analoog-hyb-canon-c-exv-39-4792b002-Black-kasete\/#breadcrumb"},"inLanguage":"en-US","potentialAction":[{"@type":"ReadAction","target":["https:\/\/odavprint.ee\/en\/product\/Analoog-hyb-canon-c-exv-39-4792b002-Black-kasete\/"]}]},{"@type":"ImageObject","inLanguage":"en-US","@id":"https:\/\/odavprint.ee\/en\/product\/Analoog-hyb-canon-c-exv-39-4792b002-Black-kasete\/#primaryimage","url":"https:\/\/odavprint.ee\/wp-content\/uploads\/2020\/09\/hyb.png","contentUrl":"https:\/\/odavprint.ee\/wp-content\/uploads\/2020\/09\/hyb.png","width":200,"height":200},{"@type":"BreadcrumbList","@id":"https:\/\/odavprint.ee\/en\/product\/Analoog-hyb-canon-c-exv-39-4792b002-Black-kasete\/#breadcrumb","itemListElement":[{"@type":"ListItem","position":1,"name":"Home","item":"https:\/\/odavprint.ee\/en\/"},{"@type":"ListItem","position":2,"name":"Shop","item":"https:\/\/odavprint.ee\/en\/shop\/"},{"@type":"ListItem","position":3,"name":"Analoog HYB Canon C-EXV 39 (4792B002), Black kaset\u0117"}]},{"@type":"WebSite","@id":"https:\/\/odavprint.ee\/en\/#website","url":"https:\/\/odavprint.ee\/en\/","name":"Odav Print","description":"Just another WordPress site","publisher":{"@id":"https:\/\/odavprint.ee\/en\/#organization"},"alternateName":"Kassettide, toonerite t\u00e4itmine ja m\u00fc\u00fck.","potentialAction":[{"@type":"SearchAction","target":{"@type":"EntryPoint","urlTemplate":"https:\/\/odavprint.ee\/en\/?s={search_term_string}"},"query-input":"required name=search_term_string"}],"inLanguage":"en-US"},{"@type":["Organization","Place"],"@id":"https:\/\/odavprint.ee\/en\/#organization","name":"Odav Print O\u00dc","url":"https:\/\/odavprint.ee\/en\/","logo":{"@id":"https:\/\/odavprint.ee\/en\/product\/Analoog-hyb-canon-c-exv-39-4792b002-Black-kasete\/#local-main-organization-logo"},"image":{"@id":"https:\/\/odavprint.ee\/en\/product\/Analoog-hyb-canon-c-exv-39-4792b002-Black-kasete\/#local-main-organization-logo"},"address":{"@id":"https:\/\/odavprint.ee\/en\/product\/Analoog-hyb-canon-c-exv-39-4792b002-Black-kasete\/#local-main-place-address"},"geo":{"@type":"GeoCoordinates","latitude":"59.4306504","longitude":"24.8095743"},"telephone":["53836926"],"openingHoursSpecification":[{"@type":"OpeningHoursSpecification","dayOfWeek":["Monday","Tuesday","Wednesday","Thursday","Friday","Saturday","Sunday"],"opens":"09:00","closes":"17:00"}],"email":"info@odavprint.eu"},{"@type":"PostalAddress","@id":"https:\/\/odavprint.ee\/en\/product\/Analoog-hyb-canon-c-exv-39-4792b002-Black-kasete\/#local-main-place-address","streetAddress":"Pae tn 28","addressLocality":"Tallinn","postalCode":"11415","addressRegion":"Harjumaa","addressCountry":"EE"},{"@type":"ImageObject","inLanguage":"en-US","@id":"https:\/\/odavprint.ee\/en\/product\/Analoog-hyb-canon-c-exv-39-4792b002-Black-kasete\/#local-main-organization-logo","url":"https:\/\/odavprint.ee\/wp-content\/uploads\/2018\/10\/odavprint-logo-240.jpg","contentUrl":"https:\/\/odavprint.ee\/wp-content\/uploads\/2018\/10\/odavprint-logo-240.jpg","width":240,"height":36,"caption":"Odav Print O\u00dc"}]},"product_price_amount":"29.60","product_price_currency":"EUR","og_availability":"instock","product_availability":"instock","product_retailer_item_id":"CH\/4792B002-HYB","product_condition":"new","geo.placename":"Tallinn","geo.position":{"lat":"59.4306504","long":"24.8095743"},"geo.region":"Estonia"},"_links":{"self":[{"href":"https:\/\/odavprint.ee\/en\/wp-json\/wp\/v2\/product\/35864"}],"collection":[{"href":"https:\/\/odavprint.ee\/en\/wp-json\/wp\/v2\/product"}],"about":[{"href":"https:\/\/odavprint.ee\/en\/wp-json\/wp\/v2\/types\/product"}],"wp:featuredmedia":[{"embeddable":true,"href":"https:\/\/odavprint.ee\/en\/wp-json\/wp\/v2\/media\/35865"}],"wp:attachment":[{"href":"https:\/\/odavprint.ee\/en\/wp-json\/wp\/v2\/media?parent=35864"}],"wp:term":[{"taxonomy":"product_cat","embeddable":true,"href":"https:\/\/odavprint.ee\/en\/wp-json\/wp\/v2\/product_cat?post=35864"},{"taxonomy":"product_tag","embeddable":true,"href":"https:\/\/odavprint.ee\/en\/wp-json\/wp\/v2\/product_tag?post=35864"}],"curies":[{"name":"wp","href":"https:\/\/api.w.org\/{rel}","templated":true}]}}