{"id":62353,"date":"2020-11-03T11:08:24","date_gmt":"2020-11-03T09:08:24","guid":{"rendered":"https:\/\/odavprint.ee\/product\/stanger-glue-all-purpose-90-g-1-pcs-18017\/"},"modified":"2023-02-22T08:38:56","modified_gmt":"2023-02-22T06:38:56","slug":"stanger-glue-all-purpose-90-g-1-pcs-18017","status":"publish","type":"product","link":"https:\/\/odavprint.ee\/en\/product\/stanger-glue-all-purpose-90-g-1-pcs-18017\/","title":{"rendered":"STANGER Glue All purpose 90 g, 1 pcs 18017"},"content":{"rendered":"<p>Sticks without paper waves. Transparent. Fix and hold the parts together. Dispensing tip for point as well as large area adhesives. Sticks paper, photos, wood and fabric. REACH compliant. Made in Germany.<\/p>\n","protected":false},"excerpt":{"rendered":"<p>Sticks without paper waves. Transparent. Fix and hold the parts together. Dispensing tip for point as well as large area adhesives. Sticks paper, photos, wood and fabric. REACH compliant. Made in Germany.<\/p>\n","protected":false},"featured_media":62354,"template":"","meta":{"inline_featured_image":false},"product_cat":[17182],"product_tag":[],"yoast_head":"<!-- This site is optimized with the Yoast SEO Premium plugin v23.0 (Yoast SEO v23.0) - https:\/\/yoast.com\/wordpress\/plugins\/seo\/ -->\n<title>STANGER Glue All purpose 90 g, 1 pcs 18017, hea hinnaga, osta e-pood - Odav Print<\/title>\n<meta name=\"description\" content=\"Osta STANGER Glue All purpose 90 g, 1 pcs 18017 Odav Print \u260e +372 5911 9495 \u2714\ufe0f Parim hind STANGER Glue All purpose 90 g, 1 pcs 18017 jaoks \u26df Kiire kohaletoimetamine Eestis \u2b50 Garanteeritud\" \/>\n<meta name=\"robots\" content=\"index, follow, max-snippet:-1, max-image-preview:large, max-video-preview:-1\" \/>\n<link rel=\"canonical\" href=\"https:\/\/odavprint.ee\/en\/product\/stanger-glue-all-purpose-90-g-1-pcs-18017\/\" \/>\n<meta property=\"og:locale\" content=\"en_US\" \/>\n<meta property=\"og:type\" content=\"article\" \/>\n<meta property=\"og:title\" content=\"STANGER Glue All purpose 90 g, 1 pcs 18017\" \/>\n<meta property=\"og:description\" content=\"Osta STANGER Glue All purpose 90 g, 1 pcs 18017 Odav Print \u260e +372 5911 9495 \u2714\ufe0f Parim hind STANGER Glue All purpose 90 g, 1 pcs 18017 jaoks \u26df Kiire kohaletoimetamine Eestis \u2b50 Garanteeritud\" \/>\n<meta property=\"og:url\" content=\"https:\/\/odavprint.ee\/en\/product\/stanger-glue-all-purpose-90-g-1-pcs-18017\/\" \/>\n<meta property=\"og:site_name\" content=\"Odav Print\" \/>\n<meta property=\"article:modified_time\" content=\"2023-02-22T06:38:56+00:00\" \/>\n<meta property=\"og:image\" content=\"https:\/\/odavprint.ee\/wp-content\/uploads\/2020\/11\/18017_alleskleber_90g.jpg\" \/>\n\t<meta property=\"og:image:width\" content=\"151\" \/>\n\t<meta property=\"og:image:height\" content=\"500\" \/>\n\t<meta property=\"og:image:type\" content=\"image\/jpeg\" \/>\n<meta name=\"twitter:card\" content=\"summary_large_image\" \/>\n<meta name=\"twitter:label1\" content=\"Price\" \/>\n\t<meta name=\"twitter:data1\" content=\"&euro;3.20\" \/>\n\t<meta name=\"twitter:label2\" content=\"Availability\" \/>\n\t<meta name=\"twitter:data2\" content=\"In stock\" \/>\n<script type=\"application\/ld+json\" class=\"yoast-schema-graph\">{\"@context\":\"https:\/\/schema.org\",\"@graph\":[{\"@type\":[\"WebPage\",\"ItemPage\"],\"@id\":\"https:\/\/odavprint.ee\/en\/product\/stanger-glue-all-purpose-90-g-1-pcs-18017\/\",\"url\":\"https:\/\/odavprint.ee\/en\/product\/stanger-glue-all-purpose-90-g-1-pcs-18017\/\",\"name\":\"STANGER Glue All purpose 90 g, 1 pcs 18017, hea hinnaga, osta e-pood - Odav Print\",\"isPartOf\":{\"@id\":\"https:\/\/odavprint.ee\/en\/#website\"},\"primaryImageOfPage\":{\"@id\":\"https:\/\/odavprint.ee\/en\/product\/stanger-glue-all-purpose-90-g-1-pcs-18017\/#primaryimage\"},\"image\":{\"@id\":\"https:\/\/odavprint.ee\/en\/product\/stanger-glue-all-purpose-90-g-1-pcs-18017\/#primaryimage\"},\"thumbnailUrl\":\"https:\/\/odavprint.ee\/wp-content\/uploads\/2020\/11\/18017_alleskleber_90g.jpg\",\"datePublished\":\"2020-11-03T09:08:24+00:00\",\"dateModified\":\"2023-02-22T06:38:56+00:00\",\"description\":\"Osta STANGER Glue All purpose 90 g, 1 pcs 18017 Odav Print \u260e +372 5911 9495 \u2714\ufe0f Parim hind STANGER Glue All purpose 90 g, 1 pcs 18017 jaoks \u26df Kiire kohaletoimetamine Eestis \u2b50 Garanteeritud\",\"breadcrumb\":{\"@id\":\"https:\/\/odavprint.ee\/en\/product\/stanger-glue-all-purpose-90-g-1-pcs-18017\/#breadcrumb\"},\"inLanguage\":\"en-US\",\"potentialAction\":[{\"@type\":\"ReadAction\",\"target\":[\"https:\/\/odavprint.ee\/en\/product\/stanger-glue-all-purpose-90-g-1-pcs-18017\/\"]}]},{\"@type\":\"ImageObject\",\"inLanguage\":\"en-US\",\"@id\":\"https:\/\/odavprint.ee\/en\/product\/stanger-glue-all-purpose-90-g-1-pcs-18017\/#primaryimage\",\"url\":\"https:\/\/odavprint.ee\/wp-content\/uploads\/2020\/11\/18017_alleskleber_90g.jpg\",\"contentUrl\":\"https:\/\/odavprint.ee\/wp-content\/uploads\/2020\/11\/18017_alleskleber_90g.jpg\",\"width\":151,\"height\":500},{\"@type\":\"BreadcrumbList\",\"@id\":\"https:\/\/odavprint.ee\/en\/product\/stanger-glue-all-purpose-90-g-1-pcs-18017\/#breadcrumb\",\"itemListElement\":[{\"@type\":\"ListItem\",\"position\":1,\"name\":\"Home\",\"item\":\"https:\/\/odavprint.ee\/en\/\"},{\"@type\":\"ListItem\",\"position\":2,\"name\":\"Shop\",\"item\":\"https:\/\/odavprint.ee\/en\/shop\/\"},{\"@type\":\"ListItem\",\"position\":3,\"name\":\"STANGER Glue All purpose 90 g, 1 pcs 18017\"}]},{\"@type\":\"WebSite\",\"@id\":\"https:\/\/odavprint.ee\/en\/#website\",\"url\":\"https:\/\/odavprint.ee\/en\/\",\"name\":\"Odav Print\",\"description\":\"Just another WordPress site\",\"publisher\":{\"@id\":\"https:\/\/odavprint.ee\/en\/#organization\"},\"alternateName\":\"Kassettide, toonerite t\u00e4itmine ja m\u00fc\u00fck.\",\"potentialAction\":[{\"@type\":\"SearchAction\",\"target\":{\"@type\":\"EntryPoint\",\"urlTemplate\":\"https:\/\/odavprint.ee\/en\/?s={search_term_string}\"},\"query-input\":\"required name=search_term_string\"}],\"inLanguage\":\"en-US\"},{\"@type\":[\"Organization\",\"Place\"],\"@id\":\"https:\/\/odavprint.ee\/en\/#organization\",\"name\":\"Odav Print O\u00dc\",\"url\":\"https:\/\/odavprint.ee\/en\/\",\"logo\":{\"@id\":\"https:\/\/odavprint.ee\/en\/product\/stanger-glue-all-purpose-90-g-1-pcs-18017\/#local-main-organization-logo\"},\"image\":{\"@id\":\"https:\/\/odavprint.ee\/en\/product\/stanger-glue-all-purpose-90-g-1-pcs-18017\/#local-main-organization-logo\"},\"address\":{\"@id\":\"https:\/\/odavprint.ee\/en\/product\/stanger-glue-all-purpose-90-g-1-pcs-18017\/#local-main-place-address\"},\"geo\":{\"@type\":\"GeoCoordinates\",\"latitude\":\"59.4306504\",\"longitude\":\"24.8095743\"},\"telephone\":[\"53836926\"],\"openingHoursSpecification\":[{\"@type\":\"OpeningHoursSpecification\",\"dayOfWeek\":[\"Monday\",\"Tuesday\",\"Wednesday\",\"Thursday\",\"Friday\",\"Saturday\",\"Sunday\"],\"opens\":\"09:00\",\"closes\":\"17:00\"}],\"email\":\"info@odavprint.eu\"},{\"@type\":\"PostalAddress\",\"@id\":\"https:\/\/odavprint.ee\/en\/product\/stanger-glue-all-purpose-90-g-1-pcs-18017\/#local-main-place-address\",\"streetAddress\":\"Pae tn 28\",\"addressLocality\":\"Tallinn\",\"postalCode\":\"11415\",\"addressRegion\":\"Harjumaa\",\"addressCountry\":\"EE\"},{\"@type\":\"ImageObject\",\"inLanguage\":\"en-US\",\"@id\":\"https:\/\/odavprint.ee\/en\/product\/stanger-glue-all-purpose-90-g-1-pcs-18017\/#local-main-organization-logo\",\"url\":\"https:\/\/odavprint.ee\/wp-content\/uploads\/2018\/10\/odavprint-logo-240.jpg\",\"contentUrl\":\"https:\/\/odavprint.ee\/wp-content\/uploads\/2018\/10\/odavprint-logo-240.jpg\",\"width\":240,\"height\":36,\"caption\":\"Odav Print O\u00dc\"}]}<\/script>\n<meta property=\"product:price:amount\" content=\"3.20\" \/>\n<meta property=\"product:price:currency\" content=\"EUR\" \/>\n<meta property=\"og:availability\" content=\"instock\" \/>\n<meta property=\"product:availability\" content=\"instock\" \/>\n<meta property=\"product:retailer_item_id\" content=\"18017\" \/>\n<meta property=\"product:condition\" content=\"new\" \/>\n<meta name=\"geo.placename\" content=\"Tallinn\" \/>\n<meta name=\"geo.position\" content=\"59.4306504;24.8095743\" \/>\n<meta name=\"geo.region\" content=\"Estonia\" \/>\n<!-- \/ Yoast SEO Premium plugin. -->","yoast_head_json":{"title":"STANGER Glue All purpose 90 g, 1 pcs 18017, hea hinnaga, osta e-pood - Odav Print","description":"Osta STANGER Glue All purpose 90 g, 1 pcs 18017 Odav Print \u260e +372 5911 9495 \u2714\ufe0f Parim hind STANGER Glue All purpose 90 g, 1 pcs 18017 jaoks \u26df Kiire kohaletoimetamine Eestis \u2b50 Garanteeritud","robots":{"index":"index","follow":"follow","max-snippet":"max-snippet:-1","max-image-preview":"max-image-preview:large","max-video-preview":"max-video-preview:-1"},"canonical":"https:\/\/odavprint.ee\/en\/product\/stanger-glue-all-purpose-90-g-1-pcs-18017\/","og_locale":"en_US","og_type":"article","og_title":"STANGER Glue All purpose 90 g, 1 pcs 18017","og_description":"Osta STANGER Glue All purpose 90 g, 1 pcs 18017 Odav Print \u260e +372 5911 9495 \u2714\ufe0f Parim hind STANGER Glue All purpose 90 g, 1 pcs 18017 jaoks \u26df Kiire kohaletoimetamine Eestis \u2b50 Garanteeritud","og_url":"https:\/\/odavprint.ee\/en\/product\/stanger-glue-all-purpose-90-g-1-pcs-18017\/","og_site_name":"Odav Print","article_modified_time":"2023-02-22T06:38:56+00:00","og_image":[{"width":151,"height":500,"url":"https:\/\/odavprint.ee\/wp-content\/uploads\/2020\/11\/18017_alleskleber_90g.jpg","type":"image\/jpeg"}],"twitter_card":"summary_large_image","twitter_misc":{"Price":"&euro;3.20","Availability":"In stock"},"schema":{"@context":"https:\/\/schema.org","@graph":[{"@type":["WebPage","ItemPage"],"@id":"https:\/\/odavprint.ee\/en\/product\/stanger-glue-all-purpose-90-g-1-pcs-18017\/","url":"https:\/\/odavprint.ee\/en\/product\/stanger-glue-all-purpose-90-g-1-pcs-18017\/","name":"STANGER Glue All purpose 90 g, 1 pcs 18017, hea hinnaga, osta e-pood - Odav Print","isPartOf":{"@id":"https:\/\/odavprint.ee\/en\/#website"},"primaryImageOfPage":{"@id":"https:\/\/odavprint.ee\/en\/product\/stanger-glue-all-purpose-90-g-1-pcs-18017\/#primaryimage"},"image":{"@id":"https:\/\/odavprint.ee\/en\/product\/stanger-glue-all-purpose-90-g-1-pcs-18017\/#primaryimage"},"thumbnailUrl":"https:\/\/odavprint.ee\/wp-content\/uploads\/2020\/11\/18017_alleskleber_90g.jpg","datePublished":"2020-11-03T09:08:24+00:00","dateModified":"2023-02-22T06:38:56+00:00","description":"Osta STANGER Glue All purpose 90 g, 1 pcs 18017 Odav Print \u260e +372 5911 9495 \u2714\ufe0f Parim hind STANGER Glue All purpose 90 g, 1 pcs 18017 jaoks \u26df Kiire kohaletoimetamine Eestis \u2b50 Garanteeritud","breadcrumb":{"@id":"https:\/\/odavprint.ee\/en\/product\/stanger-glue-all-purpose-90-g-1-pcs-18017\/#breadcrumb"},"inLanguage":"en-US","potentialAction":[{"@type":"ReadAction","target":["https:\/\/odavprint.ee\/en\/product\/stanger-glue-all-purpose-90-g-1-pcs-18017\/"]}]},{"@type":"ImageObject","inLanguage":"en-US","@id":"https:\/\/odavprint.ee\/en\/product\/stanger-glue-all-purpose-90-g-1-pcs-18017\/#primaryimage","url":"https:\/\/odavprint.ee\/wp-content\/uploads\/2020\/11\/18017_alleskleber_90g.jpg","contentUrl":"https:\/\/odavprint.ee\/wp-content\/uploads\/2020\/11\/18017_alleskleber_90g.jpg","width":151,"height":500},{"@type":"BreadcrumbList","@id":"https:\/\/odavprint.ee\/en\/product\/stanger-glue-all-purpose-90-g-1-pcs-18017\/#breadcrumb","itemListElement":[{"@type":"ListItem","position":1,"name":"Home","item":"https:\/\/odavprint.ee\/en\/"},{"@type":"ListItem","position":2,"name":"Shop","item":"https:\/\/odavprint.ee\/en\/shop\/"},{"@type":"ListItem","position":3,"name":"STANGER Glue All purpose 90 g, 1 pcs 18017"}]},{"@type":"WebSite","@id":"https:\/\/odavprint.ee\/en\/#website","url":"https:\/\/odavprint.ee\/en\/","name":"Odav Print","description":"Just another WordPress site","publisher":{"@id":"https:\/\/odavprint.ee\/en\/#organization"},"alternateName":"Kassettide, toonerite t\u00e4itmine ja m\u00fc\u00fck.","potentialAction":[{"@type":"SearchAction","target":{"@type":"EntryPoint","urlTemplate":"https:\/\/odavprint.ee\/en\/?s={search_term_string}"},"query-input":"required name=search_term_string"}],"inLanguage":"en-US"},{"@type":["Organization","Place"],"@id":"https:\/\/odavprint.ee\/en\/#organization","name":"Odav Print O\u00dc","url":"https:\/\/odavprint.ee\/en\/","logo":{"@id":"https:\/\/odavprint.ee\/en\/product\/stanger-glue-all-purpose-90-g-1-pcs-18017\/#local-main-organization-logo"},"image":{"@id":"https:\/\/odavprint.ee\/en\/product\/stanger-glue-all-purpose-90-g-1-pcs-18017\/#local-main-organization-logo"},"address":{"@id":"https:\/\/odavprint.ee\/en\/product\/stanger-glue-all-purpose-90-g-1-pcs-18017\/#local-main-place-address"},"geo":{"@type":"GeoCoordinates","latitude":"59.4306504","longitude":"24.8095743"},"telephone":["53836926"],"openingHoursSpecification":[{"@type":"OpeningHoursSpecification","dayOfWeek":["Monday","Tuesday","Wednesday","Thursday","Friday","Saturday","Sunday"],"opens":"09:00","closes":"17:00"}],"email":"info@odavprint.eu"},{"@type":"PostalAddress","@id":"https:\/\/odavprint.ee\/en\/product\/stanger-glue-all-purpose-90-g-1-pcs-18017\/#local-main-place-address","streetAddress":"Pae tn 28","addressLocality":"Tallinn","postalCode":"11415","addressRegion":"Harjumaa","addressCountry":"EE"},{"@type":"ImageObject","inLanguage":"en-US","@id":"https:\/\/odavprint.ee\/en\/product\/stanger-glue-all-purpose-90-g-1-pcs-18017\/#local-main-organization-logo","url":"https:\/\/odavprint.ee\/wp-content\/uploads\/2018\/10\/odavprint-logo-240.jpg","contentUrl":"https:\/\/odavprint.ee\/wp-content\/uploads\/2018\/10\/odavprint-logo-240.jpg","width":240,"height":36,"caption":"Odav Print O\u00dc"}]},"product_price_amount":"3.20","product_price_currency":"EUR","og_availability":"instock","product_availability":"instock","product_retailer_item_id":"18017","product_condition":"new","geo.placename":"Tallinn","geo.position":{"lat":"59.4306504","long":"24.8095743"},"geo.region":"Estonia"},"_links":{"self":[{"href":"https:\/\/odavprint.ee\/en\/wp-json\/wp\/v2\/product\/62353"}],"collection":[{"href":"https:\/\/odavprint.ee\/en\/wp-json\/wp\/v2\/product"}],"about":[{"href":"https:\/\/odavprint.ee\/en\/wp-json\/wp\/v2\/types\/product"}],"wp:featuredmedia":[{"embeddable":true,"href":"https:\/\/odavprint.ee\/en\/wp-json\/wp\/v2\/media\/62354"}],"wp:attachment":[{"href":"https:\/\/odavprint.ee\/en\/wp-json\/wp\/v2\/media?parent=62353"}],"wp:term":[{"taxonomy":"product_cat","embeddable":true,"href":"https:\/\/odavprint.ee\/en\/wp-json\/wp\/v2\/product_cat?post=62353"},{"taxonomy":"product_tag","embeddable":true,"href":"https:\/\/odavprint.ee\/en\/wp-json\/wp\/v2\/product_tag?post=62353"}],"curies":[{"name":"wp","href":"https:\/\/api.w.org\/{rel}","templated":true}]}}