{"id":72548,"date":"2020-11-27T16:45:08","date_gmt":"2020-11-27T14:45:08","guid":{"rendered":"https:\/\/odavprint.ee\/product\/hp-ink-no-934xl-935xl-x4e14ae\/"},"modified":"2025-05-30T13:00:28","modified_gmt":"2025-05-30T10:00:28","slug":"hp-ink-no-934xl-935xl-x4e14ae","status":"publish","type":"product","link":"https:\/\/odavprint.ee\/en\/product\/hp-ink-no-934xl-935xl-x4e14ae\/","title":{"rendered":"HP Ink No.934XL\/935XL (X4E14AE)"},"content":{"rendered":"<p>For OfficeJet Pro 6230, OfficeJet Pro 6830, OfficeJet 6820, OfficeJet 6815, OfficeJet Pro 6835, OfficeJet 6825, OfficeJet 6800 Series, OfficeJet 6812, OfficeJet 6822, OfficeJet Pro 6239, OfficeJet Pro 6200 Series, OfficeJet Pro 6230 Series, OfficeJet Pro 6830<\/p>\n","protected":false},"excerpt":{"rendered":"<p>For OfficeJet Pro 6230, OfficeJet Pro 6830, OfficeJet 6820, OfficeJet 6815, OfficeJet Pro 6835, OfficeJet 6825, OfficeJet 6800 Series, OfficeJet 6812, OfficeJet 6822, OfficeJet Pro 6239, OfficeJet Pro 6200 Series, OfficeJet Pro 6230 Series, OfficeJet Pro 6830<\/p>\n","protected":false},"featured_media":72549,"template":"","meta":{"inline_featured_image":false},"product_cat":[10770],"product_tag":[32128,15877,15878,15879,15874,15876,15873,15882,32127,15872,15871,15881,32126,15880],"yoast_head":"<!-- This site is optimized with the Yoast SEO Premium plugin v23.0 (Yoast SEO v23.0) - https:\/\/yoast.com\/wordpress\/plugins\/seo\/ -->\n<title>HP Ink No.934XL\/935XL (X4E14AE), hea hinnaga, osta e-pood - Odav Print<\/title>\n<meta name=\"description\" content=\"Osta HP Ink No.934XL\/935XL (X4E14AE) Odav Print \u260e +372 5911 9495 \u2714\ufe0f Parim hind HP Ink No.934XL\/935XL (X4E14AE) jaoks \u26df Kiire kohaletoimetamine Eestis \u2b50 Garanteeritud\" \/>\n<meta name=\"robots\" content=\"index, follow, max-snippet:-1, max-image-preview:large, max-video-preview:-1\" \/>\n<link rel=\"canonical\" href=\"https:\/\/odavprint.ee\/en\/product\/hp-ink-no-934xl-935xl-x4e14ae\/\" \/>\n<meta property=\"og:locale\" content=\"en_US\" \/>\n<meta property=\"og:type\" content=\"article\" \/>\n<meta property=\"og:title\" content=\"HP Ink No.934XL\/935XL (X4E14AE)\" \/>\n<meta property=\"og:description\" content=\"Osta HP Ink No.934XL\/935XL (X4E14AE) Odav Print \u260e +372 5911 9495 \u2714\ufe0f Parim hind HP Ink No.934XL\/935XL (X4E14AE) jaoks \u26df Kiire kohaletoimetamine Eestis \u2b50 Garanteeritud\" \/>\n<meta property=\"og:url\" content=\"https:\/\/odavprint.ee\/en\/product\/hp-ink-no-934xl-935xl-x4e14ae\/\" \/>\n<meta property=\"og:site_name\" content=\"Odav Print\" \/>\n<meta property=\"article:modified_time\" content=\"2025-05-30T10:00:28+00:00\" \/>\n<meta property=\"og:image\" content=\"https:\/\/odavprint.ee\/wp-content\/uploads\/2020\/11\/hpin9340007.png\" \/>\n\t<meta property=\"og:image:width\" content=\"318\" \/>\n\t<meta property=\"og:image:height\" content=\"212\" \/>\n\t<meta property=\"og:image:type\" content=\"image\/png\" \/>\n<meta name=\"twitter:card\" content=\"summary_large_image\" \/>\n<meta name=\"twitter:label1\" content=\"Price\" \/>\n\t<meta name=\"twitter:data1\" content=\"&euro;150.40\" \/>\n\t<meta name=\"twitter:label2\" content=\"Availability\" \/>\n\t<meta name=\"twitter:data2\" content=\"In stock\" \/>\n<script type=\"application\/ld+json\" class=\"yoast-schema-graph\">{\"@context\":\"https:\/\/schema.org\",\"@graph\":[{\"@type\":[\"WebPage\",\"ItemPage\"],\"@id\":\"https:\/\/odavprint.ee\/en\/product\/hp-ink-no-934xl-935xl-x4e14ae\/\",\"url\":\"https:\/\/odavprint.ee\/en\/product\/hp-ink-no-934xl-935xl-x4e14ae\/\",\"name\":\"HP Ink No.934XL\/935XL (X4E14AE), hea hinnaga, osta e-pood - Odav Print\",\"isPartOf\":{\"@id\":\"https:\/\/odavprint.ee\/en\/#website\"},\"primaryImageOfPage\":{\"@id\":\"https:\/\/odavprint.ee\/en\/product\/hp-ink-no-934xl-935xl-x4e14ae\/#primaryimage\"},\"image\":{\"@id\":\"https:\/\/odavprint.ee\/en\/product\/hp-ink-no-934xl-935xl-x4e14ae\/#primaryimage\"},\"thumbnailUrl\":\"https:\/\/odavprint.ee\/wp-content\/uploads\/2020\/11\/hpin9340007.png\",\"datePublished\":\"2020-11-27T14:45:08+00:00\",\"dateModified\":\"2025-05-30T10:00:28+00:00\",\"description\":\"Osta HP Ink No.934XL\/935XL (X4E14AE) Odav Print \u260e +372 5911 9495 \u2714\ufe0f Parim hind HP Ink No.934XL\/935XL (X4E14AE) jaoks \u26df Kiire kohaletoimetamine Eestis \u2b50 Garanteeritud\",\"breadcrumb\":{\"@id\":\"https:\/\/odavprint.ee\/en\/product\/hp-ink-no-934xl-935xl-x4e14ae\/#breadcrumb\"},\"inLanguage\":\"en-US\",\"potentialAction\":[{\"@type\":\"ReadAction\",\"target\":[\"https:\/\/odavprint.ee\/en\/product\/hp-ink-no-934xl-935xl-x4e14ae\/\"]}]},{\"@type\":\"ImageObject\",\"inLanguage\":\"en-US\",\"@id\":\"https:\/\/odavprint.ee\/en\/product\/hp-ink-no-934xl-935xl-x4e14ae\/#primaryimage\",\"url\":\"https:\/\/odavprint.ee\/wp-content\/uploads\/2020\/11\/hpin9340007.png\",\"contentUrl\":\"https:\/\/odavprint.ee\/wp-content\/uploads\/2020\/11\/hpin9340007.png\",\"width\":318,\"height\":212},{\"@type\":\"BreadcrumbList\",\"@id\":\"https:\/\/odavprint.ee\/en\/product\/hp-ink-no-934xl-935xl-x4e14ae\/#breadcrumb\",\"itemListElement\":[{\"@type\":\"ListItem\",\"position\":1,\"name\":\"Home\",\"item\":\"https:\/\/odavprint.ee\/en\/\"},{\"@type\":\"ListItem\",\"position\":2,\"name\":\"Shop\",\"item\":\"https:\/\/odavprint.ee\/en\/shop\/\"},{\"@type\":\"ListItem\",\"position\":3,\"name\":\"HP Ink No.934XL\/935XL (X4E14AE)\"}]},{\"@type\":\"WebSite\",\"@id\":\"https:\/\/odavprint.ee\/en\/#website\",\"url\":\"https:\/\/odavprint.ee\/en\/\",\"name\":\"Odav Print\",\"description\":\"Just another WordPress site\",\"publisher\":{\"@id\":\"https:\/\/odavprint.ee\/en\/#organization\"},\"alternateName\":\"Kassettide, toonerite t\u00e4itmine ja m\u00fc\u00fck.\",\"potentialAction\":[{\"@type\":\"SearchAction\",\"target\":{\"@type\":\"EntryPoint\",\"urlTemplate\":\"https:\/\/odavprint.ee\/en\/?s={search_term_string}\"},\"query-input\":\"required name=search_term_string\"}],\"inLanguage\":\"en-US\"},{\"@type\":[\"Organization\",\"Place\"],\"@id\":\"https:\/\/odavprint.ee\/en\/#organization\",\"name\":\"Odav Print O\u00dc\",\"url\":\"https:\/\/odavprint.ee\/en\/\",\"logo\":{\"@id\":\"https:\/\/odavprint.ee\/en\/product\/hp-ink-no-934xl-935xl-x4e14ae\/#local-main-organization-logo\"},\"image\":{\"@id\":\"https:\/\/odavprint.ee\/en\/product\/hp-ink-no-934xl-935xl-x4e14ae\/#local-main-organization-logo\"},\"address\":{\"@id\":\"https:\/\/odavprint.ee\/en\/product\/hp-ink-no-934xl-935xl-x4e14ae\/#local-main-place-address\"},\"geo\":{\"@type\":\"GeoCoordinates\",\"latitude\":\"59.4306504\",\"longitude\":\"24.8095743\"},\"telephone\":[\"53836926\"],\"openingHoursSpecification\":[{\"@type\":\"OpeningHoursSpecification\",\"dayOfWeek\":[\"Monday\",\"Tuesday\",\"Wednesday\",\"Thursday\",\"Friday\",\"Saturday\",\"Sunday\"],\"opens\":\"09:00\",\"closes\":\"17:00\"}],\"email\":\"info@odavprint.eu\"},{\"@type\":\"PostalAddress\",\"@id\":\"https:\/\/odavprint.ee\/en\/product\/hp-ink-no-934xl-935xl-x4e14ae\/#local-main-place-address\",\"streetAddress\":\"Pae tn 28\",\"addressLocality\":\"Tallinn\",\"postalCode\":\"11415\",\"addressRegion\":\"Harjumaa\",\"addressCountry\":\"EE\"},{\"@type\":\"ImageObject\",\"inLanguage\":\"en-US\",\"@id\":\"https:\/\/odavprint.ee\/en\/product\/hp-ink-no-934xl-935xl-x4e14ae\/#local-main-organization-logo\",\"url\":\"https:\/\/odavprint.ee\/wp-content\/uploads\/2018\/10\/odavprint-logo-240.jpg\",\"contentUrl\":\"https:\/\/odavprint.ee\/wp-content\/uploads\/2018\/10\/odavprint-logo-240.jpg\",\"width\":240,\"height\":36,\"caption\":\"Odav Print O\u00dc\"}]}<\/script>\n<meta property=\"product:price:amount\" content=\"150.40\" \/>\n<meta property=\"product:price:currency\" content=\"EUR\" \/>\n<meta property=\"og:availability\" content=\"instock\" \/>\n<meta property=\"product:availability\" content=\"instock\" \/>\n<meta property=\"product:retailer_item_id\" content=\"X4E14AE\" \/>\n<meta property=\"product:condition\" content=\"new\" \/>\n<meta name=\"geo.placename\" content=\"Tallinn\" \/>\n<meta name=\"geo.position\" content=\"59.4306504;24.8095743\" \/>\n<meta name=\"geo.region\" content=\"Estonia\" \/>\n<!-- \/ Yoast SEO Premium plugin. -->","yoast_head_json":{"title":"HP Ink No.934XL\/935XL (X4E14AE), hea hinnaga, osta e-pood - Odav Print","description":"Osta HP Ink No.934XL\/935XL (X4E14AE) Odav Print \u260e +372 5911 9495 \u2714\ufe0f Parim hind HP Ink No.934XL\/935XL (X4E14AE) jaoks \u26df Kiire kohaletoimetamine Eestis \u2b50 Garanteeritud","robots":{"index":"index","follow":"follow","max-snippet":"max-snippet:-1","max-image-preview":"max-image-preview:large","max-video-preview":"max-video-preview:-1"},"canonical":"https:\/\/odavprint.ee\/en\/product\/hp-ink-no-934xl-935xl-x4e14ae\/","og_locale":"en_US","og_type":"article","og_title":"HP Ink No.934XL\/935XL (X4E14AE)","og_description":"Osta HP Ink No.934XL\/935XL (X4E14AE) Odav Print \u260e +372 5911 9495 \u2714\ufe0f Parim hind HP Ink No.934XL\/935XL (X4E14AE) jaoks \u26df Kiire kohaletoimetamine Eestis \u2b50 Garanteeritud","og_url":"https:\/\/odavprint.ee\/en\/product\/hp-ink-no-934xl-935xl-x4e14ae\/","og_site_name":"Odav Print","article_modified_time":"2025-05-30T10:00:28+00:00","og_image":[{"width":318,"height":212,"url":"https:\/\/odavprint.ee\/wp-content\/uploads\/2020\/11\/hpin9340007.png","type":"image\/png"}],"twitter_card":"summary_large_image","twitter_misc":{"Price":"&euro;150.40","Availability":"In stock"},"schema":{"@context":"https:\/\/schema.org","@graph":[{"@type":["WebPage","ItemPage"],"@id":"https:\/\/odavprint.ee\/en\/product\/hp-ink-no-934xl-935xl-x4e14ae\/","url":"https:\/\/odavprint.ee\/en\/product\/hp-ink-no-934xl-935xl-x4e14ae\/","name":"HP Ink No.934XL\/935XL (X4E14AE), hea hinnaga, osta e-pood - Odav Print","isPartOf":{"@id":"https:\/\/odavprint.ee\/en\/#website"},"primaryImageOfPage":{"@id":"https:\/\/odavprint.ee\/en\/product\/hp-ink-no-934xl-935xl-x4e14ae\/#primaryimage"},"image":{"@id":"https:\/\/odavprint.ee\/en\/product\/hp-ink-no-934xl-935xl-x4e14ae\/#primaryimage"},"thumbnailUrl":"https:\/\/odavprint.ee\/wp-content\/uploads\/2020\/11\/hpin9340007.png","datePublished":"2020-11-27T14:45:08+00:00","dateModified":"2025-05-30T10:00:28+00:00","description":"Osta HP Ink No.934XL\/935XL (X4E14AE) Odav Print \u260e +372 5911 9495 \u2714\ufe0f Parim hind HP Ink No.934XL\/935XL (X4E14AE) jaoks \u26df Kiire kohaletoimetamine Eestis \u2b50 Garanteeritud","breadcrumb":{"@id":"https:\/\/odavprint.ee\/en\/product\/hp-ink-no-934xl-935xl-x4e14ae\/#breadcrumb"},"inLanguage":"en-US","potentialAction":[{"@type":"ReadAction","target":["https:\/\/odavprint.ee\/en\/product\/hp-ink-no-934xl-935xl-x4e14ae\/"]}]},{"@type":"ImageObject","inLanguage":"en-US","@id":"https:\/\/odavprint.ee\/en\/product\/hp-ink-no-934xl-935xl-x4e14ae\/#primaryimage","url":"https:\/\/odavprint.ee\/wp-content\/uploads\/2020\/11\/hpin9340007.png","contentUrl":"https:\/\/odavprint.ee\/wp-content\/uploads\/2020\/11\/hpin9340007.png","width":318,"height":212},{"@type":"BreadcrumbList","@id":"https:\/\/odavprint.ee\/en\/product\/hp-ink-no-934xl-935xl-x4e14ae\/#breadcrumb","itemListElement":[{"@type":"ListItem","position":1,"name":"Home","item":"https:\/\/odavprint.ee\/en\/"},{"@type":"ListItem","position":2,"name":"Shop","item":"https:\/\/odavprint.ee\/en\/shop\/"},{"@type":"ListItem","position":3,"name":"HP Ink No.934XL\/935XL (X4E14AE)"}]},{"@type":"WebSite","@id":"https:\/\/odavprint.ee\/en\/#website","url":"https:\/\/odavprint.ee\/en\/","name":"Odav Print","description":"Just another WordPress site","publisher":{"@id":"https:\/\/odavprint.ee\/en\/#organization"},"alternateName":"Kassettide, toonerite t\u00e4itmine ja m\u00fc\u00fck.","potentialAction":[{"@type":"SearchAction","target":{"@type":"EntryPoint","urlTemplate":"https:\/\/odavprint.ee\/en\/?s={search_term_string}"},"query-input":"required name=search_term_string"}],"inLanguage":"en-US"},{"@type":["Organization","Place"],"@id":"https:\/\/odavprint.ee\/en\/#organization","name":"Odav Print O\u00dc","url":"https:\/\/odavprint.ee\/en\/","logo":{"@id":"https:\/\/odavprint.ee\/en\/product\/hp-ink-no-934xl-935xl-x4e14ae\/#local-main-organization-logo"},"image":{"@id":"https:\/\/odavprint.ee\/en\/product\/hp-ink-no-934xl-935xl-x4e14ae\/#local-main-organization-logo"},"address":{"@id":"https:\/\/odavprint.ee\/en\/product\/hp-ink-no-934xl-935xl-x4e14ae\/#local-main-place-address"},"geo":{"@type":"GeoCoordinates","latitude":"59.4306504","longitude":"24.8095743"},"telephone":["53836926"],"openingHoursSpecification":[{"@type":"OpeningHoursSpecification","dayOfWeek":["Monday","Tuesday","Wednesday","Thursday","Friday","Saturday","Sunday"],"opens":"09:00","closes":"17:00"}],"email":"info@odavprint.eu"},{"@type":"PostalAddress","@id":"https:\/\/odavprint.ee\/en\/product\/hp-ink-no-934xl-935xl-x4e14ae\/#local-main-place-address","streetAddress":"Pae tn 28","addressLocality":"Tallinn","postalCode":"11415","addressRegion":"Harjumaa","addressCountry":"EE"},{"@type":"ImageObject","inLanguage":"en-US","@id":"https:\/\/odavprint.ee\/en\/product\/hp-ink-no-934xl-935xl-x4e14ae\/#local-main-organization-logo","url":"https:\/\/odavprint.ee\/wp-content\/uploads\/2018\/10\/odavprint-logo-240.jpg","contentUrl":"https:\/\/odavprint.ee\/wp-content\/uploads\/2018\/10\/odavprint-logo-240.jpg","width":240,"height":36,"caption":"Odav Print O\u00dc"}]},"product_price_amount":"150.40","product_price_currency":"EUR","og_availability":"instock","product_availability":"instock","product_retailer_item_id":"X4E14AE","product_condition":"new","geo.placename":"Tallinn","geo.position":{"lat":"59.4306504","long":"24.8095743"},"geo.region":"Estonia"},"_links":{"self":[{"href":"https:\/\/odavprint.ee\/en\/wp-json\/wp\/v2\/product\/72548"}],"collection":[{"href":"https:\/\/odavprint.ee\/en\/wp-json\/wp\/v2\/product"}],"about":[{"href":"https:\/\/odavprint.ee\/en\/wp-json\/wp\/v2\/types\/product"}],"wp:featuredmedia":[{"embeddable":true,"href":"https:\/\/odavprint.ee\/en\/wp-json\/wp\/v2\/media\/72549"}],"wp:attachment":[{"href":"https:\/\/odavprint.ee\/en\/wp-json\/wp\/v2\/media?parent=72548"}],"wp:term":[{"taxonomy":"product_cat","embeddable":true,"href":"https:\/\/odavprint.ee\/en\/wp-json\/wp\/v2\/product_cat?post=72548"},{"taxonomy":"product_tag","embeddable":true,"href":"https:\/\/odavprint.ee\/en\/wp-json\/wp\/v2\/product_tag?post=72548"}],"curies":[{"name":"wp","href":"https:\/\/api.w.org\/{rel}","templated":true}]}}