{"id":73246,"date":"2020-12-01T16:32:31","date_gmt":"2020-12-01T14:32:31","guid":{"rendered":"https:\/\/odavprint.ee\/product\/stanger-2-component-adhesive-2-x-13-g-1-pcs-18012\/"},"modified":"2020-12-01T16:32:31","modified_gmt":"2020-12-01T14:32:31","slug":"stanger-2-component-adhesive-2-x-13-g-1-pcs-18012","status":"publish","type":"product","link":"https:\/\/odavprint.ee\/en\/product\/stanger-2-component-adhesive-2-x-13-g-1-pcs-18012\/","title":{"rendered":"STANGER 2-Component Adhesive 2 x 13 g, 1 pcs 18012"},"content":{"rendered":"<p>Most suitable for porcelain, metal, glass, ceramic, plastic, wood and stone. Mix equal amounts of resin and hardener. Processing time ca. 10 min. Final hardness after 24 hours. REACH compliant. Made in Germany.<\/p>\n","protected":false},"excerpt":{"rendered":"<p>Most suitable for porcelain, metal, glass, ceramic, plastic, wood and stone. Mix equal amounts of resin and hardener. Processing time ca. 10 min. Final hardness after 24 hours. REACH compliant. Made in Germany.<\/p>\n","protected":false},"featured_media":73247,"template":"","meta":{"inline_featured_image":false},"product_cat":[17182],"product_tag":[],"yoast_head":"<!-- This site is optimized with the Yoast SEO Premium plugin v23.0 (Yoast SEO v23.0) - https:\/\/yoast.com\/wordpress\/plugins\/seo\/ -->\n<title>STANGER 2-Component Adhesive 2 x 13 g, 1 pcs 18012, hea hinnaga, osta e-pood - Odav Print<\/title>\n<meta name=\"description\" content=\"Osta STANGER 2-Component Adhesive 2 x 13 g, 1 pcs 18012 Odav Print \u260e +372 5911 9495 \u2714\ufe0f Parim hind STANGER 2-Component Adhesive 2 x 13 g, 1 pcs 18012 jaoks \u26df Kiire kohaletoimetamine Eestis \u2b50 Garanteeritud\" \/>\n<meta name=\"robots\" content=\"index, follow, max-snippet:-1, max-image-preview:large, max-video-preview:-1\" \/>\n<link rel=\"canonical\" href=\"https:\/\/odavprint.ee\/en\/product\/stanger-2-component-adhesive-2-x-13-g-1-pcs-18012\/\" \/>\n<meta property=\"og:locale\" content=\"en_US\" \/>\n<meta property=\"og:type\" content=\"article\" \/>\n<meta property=\"og:title\" content=\"STANGER 2-Component Adhesive 2 x 13 g, 1 pcs 18012\" \/>\n<meta property=\"og:description\" content=\"Osta STANGER 2-Component Adhesive 2 x 13 g, 1 pcs 18012 Odav Print \u260e +372 5911 9495 \u2714\ufe0f Parim hind STANGER 2-Component Adhesive 2 x 13 g, 1 pcs 18012 jaoks \u26df Kiire kohaletoimetamine Eestis \u2b50 Garanteeritud\" \/>\n<meta property=\"og:url\" content=\"https:\/\/odavprint.ee\/en\/product\/stanger-2-component-adhesive-2-x-13-g-1-pcs-18012\/\" \/>\n<meta property=\"og:site_name\" content=\"Odav Print\" \/>\n<meta property=\"og:image\" content=\"https:\/\/odavprint.ee\/wp-content\/uploads\/2020\/12\/18012_bk320_2_komponenten_kleber_2x13g.jpg\" \/>\n\t<meta property=\"og:image:width\" content=\"238\" \/>\n\t<meta property=\"og:image:height\" content=\"500\" \/>\n\t<meta property=\"og:image:type\" content=\"image\/jpeg\" \/>\n<meta name=\"twitter:card\" content=\"summary_large_image\" \/>\n<meta name=\"twitter:label1\" content=\"Price\" \/>\n\t<meta name=\"twitter:data1\" content=\"&euro;3.70\" \/>\n\t<meta name=\"twitter:label2\" content=\"Availability\" \/>\n\t<meta name=\"twitter:data2\" content=\"In stock\" \/>\n<script type=\"application\/ld+json\" class=\"yoast-schema-graph\">{\"@context\":\"https:\/\/schema.org\",\"@graph\":[{\"@type\":[\"WebPage\",\"ItemPage\"],\"@id\":\"https:\/\/odavprint.ee\/en\/product\/stanger-2-component-adhesive-2-x-13-g-1-pcs-18012\/\",\"url\":\"https:\/\/odavprint.ee\/en\/product\/stanger-2-component-adhesive-2-x-13-g-1-pcs-18012\/\",\"name\":\"STANGER 2-Component Adhesive 2 x 13 g, 1 pcs 18012, hea hinnaga, osta e-pood - Odav Print\",\"isPartOf\":{\"@id\":\"https:\/\/odavprint.ee\/en\/#website\"},\"primaryImageOfPage\":{\"@id\":\"https:\/\/odavprint.ee\/en\/product\/stanger-2-component-adhesive-2-x-13-g-1-pcs-18012\/#primaryimage\"},\"image\":{\"@id\":\"https:\/\/odavprint.ee\/en\/product\/stanger-2-component-adhesive-2-x-13-g-1-pcs-18012\/#primaryimage\"},\"thumbnailUrl\":\"https:\/\/odavprint.ee\/wp-content\/uploads\/2020\/12\/18012_bk320_2_komponenten_kleber_2x13g.jpg\",\"datePublished\":\"2020-12-01T14:32:31+00:00\",\"dateModified\":\"2020-12-01T14:32:31+00:00\",\"description\":\"Osta STANGER 2-Component Adhesive 2 x 13 g, 1 pcs 18012 Odav Print \u260e +372 5911 9495 \u2714\ufe0f Parim hind STANGER 2-Component Adhesive 2 x 13 g, 1 pcs 18012 jaoks \u26df Kiire kohaletoimetamine Eestis \u2b50 Garanteeritud\",\"breadcrumb\":{\"@id\":\"https:\/\/odavprint.ee\/en\/product\/stanger-2-component-adhesive-2-x-13-g-1-pcs-18012\/#breadcrumb\"},\"inLanguage\":\"en-US\",\"potentialAction\":[{\"@type\":\"ReadAction\",\"target\":[\"https:\/\/odavprint.ee\/en\/product\/stanger-2-component-adhesive-2-x-13-g-1-pcs-18012\/\"]}]},{\"@type\":\"ImageObject\",\"inLanguage\":\"en-US\",\"@id\":\"https:\/\/odavprint.ee\/en\/product\/stanger-2-component-adhesive-2-x-13-g-1-pcs-18012\/#primaryimage\",\"url\":\"https:\/\/odavprint.ee\/wp-content\/uploads\/2020\/12\/18012_bk320_2_komponenten_kleber_2x13g.jpg\",\"contentUrl\":\"https:\/\/odavprint.ee\/wp-content\/uploads\/2020\/12\/18012_bk320_2_komponenten_kleber_2x13g.jpg\",\"width\":238,\"height\":500},{\"@type\":\"BreadcrumbList\",\"@id\":\"https:\/\/odavprint.ee\/en\/product\/stanger-2-component-adhesive-2-x-13-g-1-pcs-18012\/#breadcrumb\",\"itemListElement\":[{\"@type\":\"ListItem\",\"position\":1,\"name\":\"Home\",\"item\":\"https:\/\/odavprint.ee\/en\/\"},{\"@type\":\"ListItem\",\"position\":2,\"name\":\"Shop\",\"item\":\"https:\/\/odavprint.ee\/en\/shop\/\"},{\"@type\":\"ListItem\",\"position\":3,\"name\":\"STANGER 2-Component Adhesive 2 x 13 g, 1 pcs 18012\"}]},{\"@type\":\"WebSite\",\"@id\":\"https:\/\/odavprint.ee\/en\/#website\",\"url\":\"https:\/\/odavprint.ee\/en\/\",\"name\":\"Odav Print\",\"description\":\"Just another WordPress site\",\"publisher\":{\"@id\":\"https:\/\/odavprint.ee\/en\/#organization\"},\"alternateName\":\"Kassettide, toonerite t\u00e4itmine ja m\u00fc\u00fck.\",\"potentialAction\":[{\"@type\":\"SearchAction\",\"target\":{\"@type\":\"EntryPoint\",\"urlTemplate\":\"https:\/\/odavprint.ee\/en\/?s={search_term_string}\"},\"query-input\":\"required name=search_term_string\"}],\"inLanguage\":\"en-US\"},{\"@type\":[\"Organization\",\"Place\"],\"@id\":\"https:\/\/odavprint.ee\/en\/#organization\",\"name\":\"Odav Print O\u00dc\",\"url\":\"https:\/\/odavprint.ee\/en\/\",\"logo\":{\"@id\":\"https:\/\/odavprint.ee\/en\/product\/stanger-2-component-adhesive-2-x-13-g-1-pcs-18012\/#local-main-organization-logo\"},\"image\":{\"@id\":\"https:\/\/odavprint.ee\/en\/product\/stanger-2-component-adhesive-2-x-13-g-1-pcs-18012\/#local-main-organization-logo\"},\"address\":{\"@id\":\"https:\/\/odavprint.ee\/en\/product\/stanger-2-component-adhesive-2-x-13-g-1-pcs-18012\/#local-main-place-address\"},\"geo\":{\"@type\":\"GeoCoordinates\",\"latitude\":\"59.4306504\",\"longitude\":\"24.8095743\"},\"telephone\":[\"53836926\"],\"openingHoursSpecification\":[{\"@type\":\"OpeningHoursSpecification\",\"dayOfWeek\":[\"Monday\",\"Tuesday\",\"Wednesday\",\"Thursday\",\"Friday\",\"Saturday\",\"Sunday\"],\"opens\":\"09:00\",\"closes\":\"17:00\"}],\"email\":\"info@odavprint.eu\"},{\"@type\":\"PostalAddress\",\"@id\":\"https:\/\/odavprint.ee\/en\/product\/stanger-2-component-adhesive-2-x-13-g-1-pcs-18012\/#local-main-place-address\",\"streetAddress\":\"Pae tn 28\",\"addressLocality\":\"Tallinn\",\"postalCode\":\"11415\",\"addressRegion\":\"Harjumaa\",\"addressCountry\":\"EE\"},{\"@type\":\"ImageObject\",\"inLanguage\":\"en-US\",\"@id\":\"https:\/\/odavprint.ee\/en\/product\/stanger-2-component-adhesive-2-x-13-g-1-pcs-18012\/#local-main-organization-logo\",\"url\":\"https:\/\/odavprint.ee\/wp-content\/uploads\/2018\/10\/odavprint-logo-240.jpg\",\"contentUrl\":\"https:\/\/odavprint.ee\/wp-content\/uploads\/2018\/10\/odavprint-logo-240.jpg\",\"width\":240,\"height\":36,\"caption\":\"Odav Print O\u00dc\"}]}<\/script>\n<meta property=\"product:price:amount\" content=\"3.70\" \/>\n<meta property=\"product:price:currency\" content=\"EUR\" \/>\n<meta property=\"og:availability\" content=\"instock\" \/>\n<meta property=\"product:availability\" content=\"instock\" \/>\n<meta property=\"product:retailer_item_id\" content=\"18012\" \/>\n<meta property=\"product:condition\" content=\"new\" \/>\n<meta name=\"geo.placename\" content=\"Tallinn\" \/>\n<meta name=\"geo.position\" content=\"59.4306504;24.8095743\" \/>\n<meta name=\"geo.region\" content=\"Estonia\" \/>\n<!-- \/ Yoast SEO Premium plugin. -->","yoast_head_json":{"title":"STANGER 2-Component Adhesive 2 x 13 g, 1 pcs 18012, hea hinnaga, osta e-pood - Odav Print","description":"Osta STANGER 2-Component Adhesive 2 x 13 g, 1 pcs 18012 Odav Print \u260e +372 5911 9495 \u2714\ufe0f Parim hind STANGER 2-Component Adhesive 2 x 13 g, 1 pcs 18012 jaoks \u26df Kiire kohaletoimetamine Eestis \u2b50 Garanteeritud","robots":{"index":"index","follow":"follow","max-snippet":"max-snippet:-1","max-image-preview":"max-image-preview:large","max-video-preview":"max-video-preview:-1"},"canonical":"https:\/\/odavprint.ee\/en\/product\/stanger-2-component-adhesive-2-x-13-g-1-pcs-18012\/","og_locale":"en_US","og_type":"article","og_title":"STANGER 2-Component Adhesive 2 x 13 g, 1 pcs 18012","og_description":"Osta STANGER 2-Component Adhesive 2 x 13 g, 1 pcs 18012 Odav Print \u260e +372 5911 9495 \u2714\ufe0f Parim hind STANGER 2-Component Adhesive 2 x 13 g, 1 pcs 18012 jaoks \u26df Kiire kohaletoimetamine Eestis \u2b50 Garanteeritud","og_url":"https:\/\/odavprint.ee\/en\/product\/stanger-2-component-adhesive-2-x-13-g-1-pcs-18012\/","og_site_name":"Odav Print","og_image":[{"width":238,"height":500,"url":"https:\/\/odavprint.ee\/wp-content\/uploads\/2020\/12\/18012_bk320_2_komponenten_kleber_2x13g.jpg","type":"image\/jpeg"}],"twitter_card":"summary_large_image","twitter_misc":{"Price":"&euro;3.70","Availability":"In stock"},"schema":{"@context":"https:\/\/schema.org","@graph":[{"@type":["WebPage","ItemPage"],"@id":"https:\/\/odavprint.ee\/en\/product\/stanger-2-component-adhesive-2-x-13-g-1-pcs-18012\/","url":"https:\/\/odavprint.ee\/en\/product\/stanger-2-component-adhesive-2-x-13-g-1-pcs-18012\/","name":"STANGER 2-Component Adhesive 2 x 13 g, 1 pcs 18012, hea hinnaga, osta e-pood - Odav Print","isPartOf":{"@id":"https:\/\/odavprint.ee\/en\/#website"},"primaryImageOfPage":{"@id":"https:\/\/odavprint.ee\/en\/product\/stanger-2-component-adhesive-2-x-13-g-1-pcs-18012\/#primaryimage"},"image":{"@id":"https:\/\/odavprint.ee\/en\/product\/stanger-2-component-adhesive-2-x-13-g-1-pcs-18012\/#primaryimage"},"thumbnailUrl":"https:\/\/odavprint.ee\/wp-content\/uploads\/2020\/12\/18012_bk320_2_komponenten_kleber_2x13g.jpg","datePublished":"2020-12-01T14:32:31+00:00","dateModified":"2020-12-01T14:32:31+00:00","description":"Osta STANGER 2-Component Adhesive 2 x 13 g, 1 pcs 18012 Odav Print \u260e +372 5911 9495 \u2714\ufe0f Parim hind STANGER 2-Component Adhesive 2 x 13 g, 1 pcs 18012 jaoks \u26df Kiire kohaletoimetamine Eestis \u2b50 Garanteeritud","breadcrumb":{"@id":"https:\/\/odavprint.ee\/en\/product\/stanger-2-component-adhesive-2-x-13-g-1-pcs-18012\/#breadcrumb"},"inLanguage":"en-US","potentialAction":[{"@type":"ReadAction","target":["https:\/\/odavprint.ee\/en\/product\/stanger-2-component-adhesive-2-x-13-g-1-pcs-18012\/"]}]},{"@type":"ImageObject","inLanguage":"en-US","@id":"https:\/\/odavprint.ee\/en\/product\/stanger-2-component-adhesive-2-x-13-g-1-pcs-18012\/#primaryimage","url":"https:\/\/odavprint.ee\/wp-content\/uploads\/2020\/12\/18012_bk320_2_komponenten_kleber_2x13g.jpg","contentUrl":"https:\/\/odavprint.ee\/wp-content\/uploads\/2020\/12\/18012_bk320_2_komponenten_kleber_2x13g.jpg","width":238,"height":500},{"@type":"BreadcrumbList","@id":"https:\/\/odavprint.ee\/en\/product\/stanger-2-component-adhesive-2-x-13-g-1-pcs-18012\/#breadcrumb","itemListElement":[{"@type":"ListItem","position":1,"name":"Home","item":"https:\/\/odavprint.ee\/en\/"},{"@type":"ListItem","position":2,"name":"Shop","item":"https:\/\/odavprint.ee\/en\/shop\/"},{"@type":"ListItem","position":3,"name":"STANGER 2-Component Adhesive 2 x 13 g, 1 pcs 18012"}]},{"@type":"WebSite","@id":"https:\/\/odavprint.ee\/en\/#website","url":"https:\/\/odavprint.ee\/en\/","name":"Odav Print","description":"Just another WordPress site","publisher":{"@id":"https:\/\/odavprint.ee\/en\/#organization"},"alternateName":"Kassettide, toonerite t\u00e4itmine ja m\u00fc\u00fck.","potentialAction":[{"@type":"SearchAction","target":{"@type":"EntryPoint","urlTemplate":"https:\/\/odavprint.ee\/en\/?s={search_term_string}"},"query-input":"required name=search_term_string"}],"inLanguage":"en-US"},{"@type":["Organization","Place"],"@id":"https:\/\/odavprint.ee\/en\/#organization","name":"Odav Print O\u00dc","url":"https:\/\/odavprint.ee\/en\/","logo":{"@id":"https:\/\/odavprint.ee\/en\/product\/stanger-2-component-adhesive-2-x-13-g-1-pcs-18012\/#local-main-organization-logo"},"image":{"@id":"https:\/\/odavprint.ee\/en\/product\/stanger-2-component-adhesive-2-x-13-g-1-pcs-18012\/#local-main-organization-logo"},"address":{"@id":"https:\/\/odavprint.ee\/en\/product\/stanger-2-component-adhesive-2-x-13-g-1-pcs-18012\/#local-main-place-address"},"geo":{"@type":"GeoCoordinates","latitude":"59.4306504","longitude":"24.8095743"},"telephone":["53836926"],"openingHoursSpecification":[{"@type":"OpeningHoursSpecification","dayOfWeek":["Monday","Tuesday","Wednesday","Thursday","Friday","Saturday","Sunday"],"opens":"09:00","closes":"17:00"}],"email":"info@odavprint.eu"},{"@type":"PostalAddress","@id":"https:\/\/odavprint.ee\/en\/product\/stanger-2-component-adhesive-2-x-13-g-1-pcs-18012\/#local-main-place-address","streetAddress":"Pae tn 28","addressLocality":"Tallinn","postalCode":"11415","addressRegion":"Harjumaa","addressCountry":"EE"},{"@type":"ImageObject","inLanguage":"en-US","@id":"https:\/\/odavprint.ee\/en\/product\/stanger-2-component-adhesive-2-x-13-g-1-pcs-18012\/#local-main-organization-logo","url":"https:\/\/odavprint.ee\/wp-content\/uploads\/2018\/10\/odavprint-logo-240.jpg","contentUrl":"https:\/\/odavprint.ee\/wp-content\/uploads\/2018\/10\/odavprint-logo-240.jpg","width":240,"height":36,"caption":"Odav Print O\u00dc"}]},"product_price_amount":"3.70","product_price_currency":"EUR","og_availability":"instock","product_availability":"instock","product_retailer_item_id":"18012","product_condition":"new","geo.placename":"Tallinn","geo.position":{"lat":"59.4306504","long":"24.8095743"},"geo.region":"Estonia"},"_links":{"self":[{"href":"https:\/\/odavprint.ee\/en\/wp-json\/wp\/v2\/product\/73246"}],"collection":[{"href":"https:\/\/odavprint.ee\/en\/wp-json\/wp\/v2\/product"}],"about":[{"href":"https:\/\/odavprint.ee\/en\/wp-json\/wp\/v2\/types\/product"}],"wp:featuredmedia":[{"embeddable":true,"href":"https:\/\/odavprint.ee\/en\/wp-json\/wp\/v2\/media\/73247"}],"wp:attachment":[{"href":"https:\/\/odavprint.ee\/en\/wp-json\/wp\/v2\/media?parent=73246"}],"wp:term":[{"taxonomy":"product_cat","embeddable":true,"href":"https:\/\/odavprint.ee\/en\/wp-json\/wp\/v2\/product_cat?post=73246"},{"taxonomy":"product_tag","embeddable":true,"href":"https:\/\/odavprint.ee\/en\/wp-json\/wp\/v2\/product_tag?post=73246"}],"curies":[{"name":"wp","href":"https:\/\/api.w.org\/{rel}","templated":true}]}}