{"id":74047,"date":"2020-12-02T13:10:56","date_gmt":"2020-12-02T11:10:56","guid":{"rendered":"https:\/\/odavprint.ee\/product\/canon-ink-cli-581-c-m-y-bk-multipack-xxl-1998c005\/"},"modified":"2023-02-13T19:26:43","modified_gmt":"2023-02-13T17:26:43","slug":"canon-ink-cli-581-c-m-y-bk-multipack-xxl-1998c005","status":"publish","type":"product","link":"https:\/\/odavprint.ee\/en\/product\/canon-ink-cli-581-c-m-y-bk-multipack-xxl-1998c005\/","title":{"rendered":"Canon Ink CLI-581 C\/M\/Y\/BK Multipack XXL (1998C005)"},"content":{"rendered":"<p><strong>Suitable for use in:<\/strong><\/p>\n<p>Canon PIXMA TR7500 Series<br \/>Canon PIXMA TR7520<br \/>Canon PIXMA TR7550<br \/>Canon PIXMA TR8500 Series<br \/>Canon PIXMA TR8520<br \/>Canon PIXMA TR8550<br \/>Canon PIXMA TS6100 Series<br \/>Canon PIXMA TS6150<br \/>Canon PIXMA TS6151<br \/>Canon PIXMA TS6200 Series<br \/>Canon PIXMA TS6220<br \/>Canon PIXMA TS6220White<br \/>Canon PIXMA TS6240<br \/>Canon PIXMA TS6241<br \/>Canon PIXMA TS6250<br \/>Canon PIXMA TS6251<br \/>Canon PIXMA TS6300 Series<br \/>Canon PIXMA TS6350<br \/>Canon PIXMA TS6350 Series<br \/>Canon PIXMA TS6351<br \/>Canon PIXMA TS705<br \/>Canon PIXMA TS8100 Series<br \/>Canon PIXMA TS8120<br \/>Canon PIXMA TS8150<br \/>Canon PIXMA TS8151<br \/>Canon PIXMA TS8152<br \/>Canon PIXMA TS8200 Series<br \/>Canon PIXMA TS8220<br \/>Canon PIXMA TS8220White<br \/>Canon PIXMA TS8240<br \/>Canon PIXMA TS8241<br \/>Canon PIXMA TS8242<br \/>Canon PIXMA TS8250<br \/>Canon PIXMA TS8251<br \/>Canon PIXMA TS8252<br \/>Canon PIXMA TS8300 Series<br \/>Canon PIXMA TS8350<br \/>Canon PIXMA TS8350 Series<br \/>Canon PIXMA TS8351<br \/>Canon PIXMA TS8352<br \/>Canon PIXMA TS9100 Series<br \/>Canon PIXMA TS9120gray<br \/>Canon PIXMA TS9150<br \/>Canon PIXMA TS9155<br \/>Canon PIXMA TS9500 Series<br \/>Canon PIXMA TS9520<br \/>Canon PIXMA TS9521 C<br \/>Canon PIXMA TS9540<br \/>Canon PIXMA TS9541 C<br \/>Canon PIXMA TS9550<br \/>Canon PIXMA TS9551 C<\/p>\n","protected":false},"excerpt":{"rendered":"<p>Suitable for use in: Canon PIXMA TR7500 SeriesCanon PIXMA TR7520Canon PIXMA TR7550Canon PIXMA TR8500 SeriesCanon PIXMA TR8520Canon PIXMA TR8550Canon PIXMA TS6100 SeriesCanon PIXMA TS6150Canon PIXMA TS6151Canon PIXMA TS6200 SeriesCanon PIXMA TS6220Canon PIXMA TS6220WhiteCanon PIXMA TS6240Canon PIXMA TS6241Canon PIXMA TS6250Canon PIXMA TS6251Canon PIXMA TS6300 SeriesCanon PIXMA TS6350Canon PIXMA TS6350 SeriesCanon PIXMA TS6351Canon PIXMA TS705Canon PIXMA TS8100 [&#8230;]\n","protected":false},"featured_media":74049,"template":"","meta":{"inline_featured_image":false},"product_cat":[10770],"product_tag":[32254,32253,32252,32251,32250,32249,32247,32246,32255,32256,32257,32258,32259,32260,32261,32262,32263,32264,32265,32266,32248,32267,32268,32269,32270,32271,32272,32273,32274,32275,32276,32277,32278,32279,32280,32281,32282,32283,32284,32285,32286,32287,32288,32289,32290,32291,32292,32293,32294,32295,32296],"yoast_head":"<!-- This site is optimized with the Yoast SEO Premium plugin v23.0 (Yoast SEO v23.0) - https:\/\/yoast.com\/wordpress\/plugins\/seo\/ -->\n<title>Canon Ink CLI-581 C\/M\/Y\/BK Multipack XXL (1998C005), hea hinnaga, osta e-pood - Odav Print<\/title>\n<meta name=\"description\" content=\"Osta Canon Ink CLI-581 C\/M\/Y\/BK Multipack XXL (1998C005) Odav Print \u260e +372 5911 9495 \u2714\ufe0f Parim hind Canon Ink CLI-581 C\/M\/Y\/BK Multipack XXL (1998C005) jaoks \u26df Kiire kohaletoimetamine Eestis \u2b50 Garanteeritud\" \/>\n<meta name=\"robots\" content=\"index, follow, max-snippet:-1, max-image-preview:large, max-video-preview:-1\" \/>\n<link rel=\"canonical\" href=\"https:\/\/odavprint.ee\/en\/product\/canon-ink-cli-581-c-m-y-bk-multipack-xxl-1998c005\/\" \/>\n<meta property=\"og:locale\" content=\"en_US\" \/>\n<meta property=\"og:type\" content=\"article\" \/>\n<meta property=\"og:title\" content=\"Canon Ink CLI-581 C\/M\/Y\/BK Multipack XXL (1998C005)\" \/>\n<meta property=\"og:description\" content=\"Osta Canon Ink CLI-581 C\/M\/Y\/BK Multipack XXL (1998C005) Odav Print \u260e +372 5911 9495 \u2714\ufe0f Parim hind Canon Ink CLI-581 C\/M\/Y\/BK Multipack XXL (1998C005) jaoks \u26df Kiire kohaletoimetamine Eestis \u2b50 Garanteeritud\" \/>\n<meta property=\"og:url\" content=\"https:\/\/odavprint.ee\/en\/product\/canon-ink-cli-581-c-m-y-bk-multipack-xxl-1998c005\/\" \/>\n<meta property=\"og:site_name\" content=\"Odav Print\" \/>\n<meta property=\"article:modified_time\" content=\"2023-02-13T17:26:43+00:00\" \/>\n<meta property=\"og:image\" content=\"https:\/\/odavprint.ee\/wp-content\/uploads\/2020\/12\/ownd_271716.jpg\" \/>\n\t<meta property=\"og:image:width\" content=\"500\" \/>\n\t<meta property=\"og:image:height\" content=\"500\" \/>\n\t<meta property=\"og:image:type\" content=\"image\/jpeg\" \/>\n<meta name=\"twitter:card\" content=\"summary_large_image\" \/>\n<meta name=\"twitter:label1\" content=\"Price\" \/>\n\t<meta name=\"twitter:data1\" content=\"&euro;103.20\" \/>\n\t<meta name=\"twitter:label2\" content=\"Availability\" \/>\n\t<meta name=\"twitter:data2\" content=\"In stock\" \/>\n<script type=\"application\/ld+json\" class=\"yoast-schema-graph\">{\"@context\":\"https:\/\/schema.org\",\"@graph\":[{\"@type\":[\"WebPage\",\"ItemPage\"],\"@id\":\"https:\/\/odavprint.ee\/en\/product\/canon-ink-cli-581-c-m-y-bk-multipack-xxl-1998c005\/\",\"url\":\"https:\/\/odavprint.ee\/en\/product\/canon-ink-cli-581-c-m-y-bk-multipack-xxl-1998c005\/\",\"name\":\"Canon Ink CLI-581 C\/M\/Y\/BK Multipack XXL (1998C005), hea hinnaga, osta e-pood - Odav Print\",\"isPartOf\":{\"@id\":\"https:\/\/odavprint.ee\/en\/#website\"},\"primaryImageOfPage\":{\"@id\":\"https:\/\/odavprint.ee\/en\/product\/canon-ink-cli-581-c-m-y-bk-multipack-xxl-1998c005\/#primaryimage\"},\"image\":{\"@id\":\"https:\/\/odavprint.ee\/en\/product\/canon-ink-cli-581-c-m-y-bk-multipack-xxl-1998c005\/#primaryimage\"},\"thumbnailUrl\":\"https:\/\/odavprint.ee\/wp-content\/uploads\/2020\/12\/ownd_271716.jpg\",\"datePublished\":\"2020-12-02T11:10:56+00:00\",\"dateModified\":\"2023-02-13T17:26:43+00:00\",\"description\":\"Osta Canon Ink CLI-581 C\/M\/Y\/BK Multipack XXL (1998C005) Odav Print \u260e +372 5911 9495 \u2714\ufe0f Parim hind Canon Ink CLI-581 C\/M\/Y\/BK Multipack XXL (1998C005) jaoks \u26df Kiire kohaletoimetamine Eestis \u2b50 Garanteeritud\",\"breadcrumb\":{\"@id\":\"https:\/\/odavprint.ee\/en\/product\/canon-ink-cli-581-c-m-y-bk-multipack-xxl-1998c005\/#breadcrumb\"},\"inLanguage\":\"en-US\",\"potentialAction\":[{\"@type\":\"ReadAction\",\"target\":[\"https:\/\/odavprint.ee\/en\/product\/canon-ink-cli-581-c-m-y-bk-multipack-xxl-1998c005\/\"]}]},{\"@type\":\"ImageObject\",\"inLanguage\":\"en-US\",\"@id\":\"https:\/\/odavprint.ee\/en\/product\/canon-ink-cli-581-c-m-y-bk-multipack-xxl-1998c005\/#primaryimage\",\"url\":\"https:\/\/odavprint.ee\/wp-content\/uploads\/2020\/12\/ownd_271716.jpg\",\"contentUrl\":\"https:\/\/odavprint.ee\/wp-content\/uploads\/2020\/12\/ownd_271716.jpg\",\"width\":500,\"height\":500},{\"@type\":\"BreadcrumbList\",\"@id\":\"https:\/\/odavprint.ee\/en\/product\/canon-ink-cli-581-c-m-y-bk-multipack-xxl-1998c005\/#breadcrumb\",\"itemListElement\":[{\"@type\":\"ListItem\",\"position\":1,\"name\":\"Home\",\"item\":\"https:\/\/odavprint.ee\/en\/\"},{\"@type\":\"ListItem\",\"position\":2,\"name\":\"Shop\",\"item\":\"https:\/\/odavprint.ee\/en\/shop\/\"},{\"@type\":\"ListItem\",\"position\":3,\"name\":\"Canon Ink CLI-581 C\/M\/Y\/BK Multipack XXL (1998C005)\"}]},{\"@type\":\"WebSite\",\"@id\":\"https:\/\/odavprint.ee\/en\/#website\",\"url\":\"https:\/\/odavprint.ee\/en\/\",\"name\":\"Odav Print\",\"description\":\"Just another WordPress site\",\"publisher\":{\"@id\":\"https:\/\/odavprint.ee\/en\/#organization\"},\"alternateName\":\"Kassettide, toonerite t\u00e4itmine ja m\u00fc\u00fck.\",\"potentialAction\":[{\"@type\":\"SearchAction\",\"target\":{\"@type\":\"EntryPoint\",\"urlTemplate\":\"https:\/\/odavprint.ee\/en\/?s={search_term_string}\"},\"query-input\":\"required name=search_term_string\"}],\"inLanguage\":\"en-US\"},{\"@type\":[\"Organization\",\"Place\"],\"@id\":\"https:\/\/odavprint.ee\/en\/#organization\",\"name\":\"Odav Print O\u00dc\",\"url\":\"https:\/\/odavprint.ee\/en\/\",\"logo\":{\"@id\":\"https:\/\/odavprint.ee\/en\/product\/canon-ink-cli-581-c-m-y-bk-multipack-xxl-1998c005\/#local-main-organization-logo\"},\"image\":{\"@id\":\"https:\/\/odavprint.ee\/en\/product\/canon-ink-cli-581-c-m-y-bk-multipack-xxl-1998c005\/#local-main-organization-logo\"},\"address\":{\"@id\":\"https:\/\/odavprint.ee\/en\/product\/canon-ink-cli-581-c-m-y-bk-multipack-xxl-1998c005\/#local-main-place-address\"},\"geo\":{\"@type\":\"GeoCoordinates\",\"latitude\":\"59.4306504\",\"longitude\":\"24.8095743\"},\"telephone\":[\"53836926\"],\"openingHoursSpecification\":[{\"@type\":\"OpeningHoursSpecification\",\"dayOfWeek\":[\"Monday\",\"Tuesday\",\"Wednesday\",\"Thursday\",\"Friday\",\"Saturday\",\"Sunday\"],\"opens\":\"09:00\",\"closes\":\"17:00\"}],\"email\":\"info@odavprint.eu\"},{\"@type\":\"PostalAddress\",\"@id\":\"https:\/\/odavprint.ee\/en\/product\/canon-ink-cli-581-c-m-y-bk-multipack-xxl-1998c005\/#local-main-place-address\",\"streetAddress\":\"Pae tn 28\",\"addressLocality\":\"Tallinn\",\"postalCode\":\"11415\",\"addressRegion\":\"Harjumaa\",\"addressCountry\":\"EE\"},{\"@type\":\"ImageObject\",\"inLanguage\":\"en-US\",\"@id\":\"https:\/\/odavprint.ee\/en\/product\/canon-ink-cli-581-c-m-y-bk-multipack-xxl-1998c005\/#local-main-organization-logo\",\"url\":\"https:\/\/odavprint.ee\/wp-content\/uploads\/2018\/10\/odavprint-logo-240.jpg\",\"contentUrl\":\"https:\/\/odavprint.ee\/wp-content\/uploads\/2018\/10\/odavprint-logo-240.jpg\",\"width\":240,\"height\":36,\"caption\":\"Odav Print O\u00dc\"}]}<\/script>\n<meta property=\"product:price:amount\" content=\"103.20\" \/>\n<meta property=\"product:price:currency\" content=\"EUR\" \/>\n<meta property=\"og:availability\" content=\"instock\" \/>\n<meta property=\"product:availability\" content=\"instock\" \/>\n<meta property=\"product:retailer_item_id\" content=\"1998C005\" \/>\n<meta property=\"product:condition\" content=\"new\" \/>\n<meta name=\"geo.placename\" content=\"Tallinn\" \/>\n<meta name=\"geo.position\" content=\"59.4306504;24.8095743\" \/>\n<meta name=\"geo.region\" content=\"Estonia\" \/>\n<!-- \/ Yoast SEO Premium plugin. -->","yoast_head_json":{"title":"Canon Ink CLI-581 C\/M\/Y\/BK Multipack XXL (1998C005), hea hinnaga, osta e-pood - Odav Print","description":"Osta Canon Ink CLI-581 C\/M\/Y\/BK Multipack XXL (1998C005) Odav Print \u260e +372 5911 9495 \u2714\ufe0f Parim hind Canon Ink CLI-581 C\/M\/Y\/BK Multipack XXL (1998C005) jaoks \u26df Kiire kohaletoimetamine Eestis \u2b50 Garanteeritud","robots":{"index":"index","follow":"follow","max-snippet":"max-snippet:-1","max-image-preview":"max-image-preview:large","max-video-preview":"max-video-preview:-1"},"canonical":"https:\/\/odavprint.ee\/en\/product\/canon-ink-cli-581-c-m-y-bk-multipack-xxl-1998c005\/","og_locale":"en_US","og_type":"article","og_title":"Canon Ink CLI-581 C\/M\/Y\/BK Multipack XXL (1998C005)","og_description":"Osta Canon Ink CLI-581 C\/M\/Y\/BK Multipack XXL (1998C005) Odav Print \u260e +372 5911 9495 \u2714\ufe0f Parim hind Canon Ink CLI-581 C\/M\/Y\/BK Multipack XXL (1998C005) jaoks \u26df Kiire kohaletoimetamine Eestis \u2b50 Garanteeritud","og_url":"https:\/\/odavprint.ee\/en\/product\/canon-ink-cli-581-c-m-y-bk-multipack-xxl-1998c005\/","og_site_name":"Odav Print","article_modified_time":"2023-02-13T17:26:43+00:00","og_image":[{"width":500,"height":500,"url":"https:\/\/odavprint.ee\/wp-content\/uploads\/2020\/12\/ownd_271716.jpg","type":"image\/jpeg"}],"twitter_card":"summary_large_image","twitter_misc":{"Price":"&euro;103.20","Availability":"In stock"},"schema":{"@context":"https:\/\/schema.org","@graph":[{"@type":["WebPage","ItemPage"],"@id":"https:\/\/odavprint.ee\/en\/product\/canon-ink-cli-581-c-m-y-bk-multipack-xxl-1998c005\/","url":"https:\/\/odavprint.ee\/en\/product\/canon-ink-cli-581-c-m-y-bk-multipack-xxl-1998c005\/","name":"Canon Ink CLI-581 C\/M\/Y\/BK Multipack XXL (1998C005), hea hinnaga, osta e-pood - Odav Print","isPartOf":{"@id":"https:\/\/odavprint.ee\/en\/#website"},"primaryImageOfPage":{"@id":"https:\/\/odavprint.ee\/en\/product\/canon-ink-cli-581-c-m-y-bk-multipack-xxl-1998c005\/#primaryimage"},"image":{"@id":"https:\/\/odavprint.ee\/en\/product\/canon-ink-cli-581-c-m-y-bk-multipack-xxl-1998c005\/#primaryimage"},"thumbnailUrl":"https:\/\/odavprint.ee\/wp-content\/uploads\/2020\/12\/ownd_271716.jpg","datePublished":"2020-12-02T11:10:56+00:00","dateModified":"2023-02-13T17:26:43+00:00","description":"Osta Canon Ink CLI-581 C\/M\/Y\/BK Multipack XXL (1998C005) Odav Print \u260e +372 5911 9495 \u2714\ufe0f Parim hind Canon Ink CLI-581 C\/M\/Y\/BK Multipack XXL (1998C005) jaoks \u26df Kiire kohaletoimetamine Eestis \u2b50 Garanteeritud","breadcrumb":{"@id":"https:\/\/odavprint.ee\/en\/product\/canon-ink-cli-581-c-m-y-bk-multipack-xxl-1998c005\/#breadcrumb"},"inLanguage":"en-US","potentialAction":[{"@type":"ReadAction","target":["https:\/\/odavprint.ee\/en\/product\/canon-ink-cli-581-c-m-y-bk-multipack-xxl-1998c005\/"]}]},{"@type":"ImageObject","inLanguage":"en-US","@id":"https:\/\/odavprint.ee\/en\/product\/canon-ink-cli-581-c-m-y-bk-multipack-xxl-1998c005\/#primaryimage","url":"https:\/\/odavprint.ee\/wp-content\/uploads\/2020\/12\/ownd_271716.jpg","contentUrl":"https:\/\/odavprint.ee\/wp-content\/uploads\/2020\/12\/ownd_271716.jpg","width":500,"height":500},{"@type":"BreadcrumbList","@id":"https:\/\/odavprint.ee\/en\/product\/canon-ink-cli-581-c-m-y-bk-multipack-xxl-1998c005\/#breadcrumb","itemListElement":[{"@type":"ListItem","position":1,"name":"Home","item":"https:\/\/odavprint.ee\/en\/"},{"@type":"ListItem","position":2,"name":"Shop","item":"https:\/\/odavprint.ee\/en\/shop\/"},{"@type":"ListItem","position":3,"name":"Canon Ink CLI-581 C\/M\/Y\/BK Multipack XXL (1998C005)"}]},{"@type":"WebSite","@id":"https:\/\/odavprint.ee\/en\/#website","url":"https:\/\/odavprint.ee\/en\/","name":"Odav Print","description":"Just another WordPress site","publisher":{"@id":"https:\/\/odavprint.ee\/en\/#organization"},"alternateName":"Kassettide, toonerite t\u00e4itmine ja m\u00fc\u00fck.","potentialAction":[{"@type":"SearchAction","target":{"@type":"EntryPoint","urlTemplate":"https:\/\/odavprint.ee\/en\/?s={search_term_string}"},"query-input":"required name=search_term_string"}],"inLanguage":"en-US"},{"@type":["Organization","Place"],"@id":"https:\/\/odavprint.ee\/en\/#organization","name":"Odav Print O\u00dc","url":"https:\/\/odavprint.ee\/en\/","logo":{"@id":"https:\/\/odavprint.ee\/en\/product\/canon-ink-cli-581-c-m-y-bk-multipack-xxl-1998c005\/#local-main-organization-logo"},"image":{"@id":"https:\/\/odavprint.ee\/en\/product\/canon-ink-cli-581-c-m-y-bk-multipack-xxl-1998c005\/#local-main-organization-logo"},"address":{"@id":"https:\/\/odavprint.ee\/en\/product\/canon-ink-cli-581-c-m-y-bk-multipack-xxl-1998c005\/#local-main-place-address"},"geo":{"@type":"GeoCoordinates","latitude":"59.4306504","longitude":"24.8095743"},"telephone":["53836926"],"openingHoursSpecification":[{"@type":"OpeningHoursSpecification","dayOfWeek":["Monday","Tuesday","Wednesday","Thursday","Friday","Saturday","Sunday"],"opens":"09:00","closes":"17:00"}],"email":"info@odavprint.eu"},{"@type":"PostalAddress","@id":"https:\/\/odavprint.ee\/en\/product\/canon-ink-cli-581-c-m-y-bk-multipack-xxl-1998c005\/#local-main-place-address","streetAddress":"Pae tn 28","addressLocality":"Tallinn","postalCode":"11415","addressRegion":"Harjumaa","addressCountry":"EE"},{"@type":"ImageObject","inLanguage":"en-US","@id":"https:\/\/odavprint.ee\/en\/product\/canon-ink-cli-581-c-m-y-bk-multipack-xxl-1998c005\/#local-main-organization-logo","url":"https:\/\/odavprint.ee\/wp-content\/uploads\/2018\/10\/odavprint-logo-240.jpg","contentUrl":"https:\/\/odavprint.ee\/wp-content\/uploads\/2018\/10\/odavprint-logo-240.jpg","width":240,"height":36,"caption":"Odav Print O\u00dc"}]},"product_price_amount":"103.20","product_price_currency":"EUR","og_availability":"instock","product_availability":"instock","product_retailer_item_id":"1998C005","product_condition":"new","geo.placename":"Tallinn","geo.position":{"lat":"59.4306504","long":"24.8095743"},"geo.region":"Estonia"},"_links":{"self":[{"href":"https:\/\/odavprint.ee\/en\/wp-json\/wp\/v2\/product\/74047"}],"collection":[{"href":"https:\/\/odavprint.ee\/en\/wp-json\/wp\/v2\/product"}],"about":[{"href":"https:\/\/odavprint.ee\/en\/wp-json\/wp\/v2\/types\/product"}],"wp:featuredmedia":[{"embeddable":true,"href":"https:\/\/odavprint.ee\/en\/wp-json\/wp\/v2\/media\/74049"}],"wp:attachment":[{"href":"https:\/\/odavprint.ee\/en\/wp-json\/wp\/v2\/media?parent=74047"}],"wp:term":[{"taxonomy":"product_cat","embeddable":true,"href":"https:\/\/odavprint.ee\/en\/wp-json\/wp\/v2\/product_cat?post=74047"},{"taxonomy":"product_tag","embeddable":true,"href":"https:\/\/odavprint.ee\/en\/wp-json\/wp\/v2\/product_tag?post=74047"}],"curies":[{"name":"wp","href":"https:\/\/api.w.org\/{rel}","templated":true}]}}