{"id":88290,"date":"2021-01-22T13:34:13","date_gmt":"2021-01-22T11:34:13","guid":{"rendered":"https:\/\/odavprint.ee\/?post_type=product&#038;p=88290"},"modified":"2026-04-14T17:19:20","modified_gmt":"2026-04-14T14:19:20","slug":"originaal-tint-hp-305-3ym61ae-black-120-lk","status":"publish","type":"product","link":"https:\/\/odavprint.ee\/en\/product\/originaal-tint-hp-305-3ym61ae-black-120-lk\/","title":{"rendered":"Originaal tint HP 305 (3YM61AE) Black 120 lk"},"content":{"rendered":"<p>HP:<\/p>\n<p>Deskjet 2700<\/p>\n<p>Deskjet 2710<\/p>\n<p>DeskJet 2710e<\/p>\n<p>Deskjet 2720<\/p>\n<p>Deskjet 2721<\/p>\n<p>Deskjet 2723<\/p>\n<p>Deskjet 2724<\/p>\n<p>DeskJet 2810e<\/p>\n<p>DeskJet 2823e<\/p>\n<p>Deskjet Plus 4110<\/p>\n<p>Deskjet Plus 4120<\/p>\n<p>Deskjet Plus 4122<\/p>\n<p>Deskjet Plus 4130<\/p>\n<p>Envy 6010 All-in-One<\/p>\n<p>Envy 6020e All-in-One<\/p>\n<p>Envy 6022 All-in-One<\/p>\n<p>Envy 6030 All-in-One<\/p>\n<p>Envy 6032 All-in-One<\/p>\n<p>Envy 6420 All-in-One<\/p>\n<p>Envy 6422 All-in-One<\/p>\n<p>Envy 6430 All-in-One<\/p>\n<p>Envy 6432 All-in-One<\/p>\n<p>Envy 6452 All-in-One<\/p>\n","protected":false},"excerpt":{"rendered":"<p>HP: Deskjet 2700 Deskjet 2710 DeskJet 2710e Deskjet 2720 Deskjet 2721 Deskjet 2723 Deskjet 2724 DeskJet 2810e DeskJet 2823e Deskjet Plus 4110 Deskjet Plus 4120 Deskjet Plus 4122 Deskjet Plus 4130 Envy 6010 All-in-One Envy 6020e All-in-One Envy 6022 All-in-One Envy 6030 All-in-One Envy 6032 All-in-One Envy 6420 All-in-One Envy 6422 All-in-One Envy 6430 All-in-One [&#8230;]\n","protected":false},"featured_media":88291,"template":"","meta":{"inline_featured_image":false},"product_cat":[10770],"product_tag":[],"yoast_head":"<!-- This site is optimized with the Yoast SEO Premium plugin v23.0 (Yoast SEO v23.0) - https:\/\/yoast.com\/wordpress\/plugins\/seo\/ -->\n<title>Originaal tint HP 305 (3YM61AE) Black 120 lk, hea hinnaga, osta e-pood - Odav Print<\/title>\n<meta name=\"description\" content=\"Osta Originaal tint HP 305 (3YM61AE) Black 120 lk Odav Print \u260e +372 5911 9495 \u2714\ufe0f Parim hind Originaal tint HP 305 (3YM61AE) Black 120 lk jaoks \u26df Kiire kohaletoimetamine Eestis \u2b50 Garanteeritud\" \/>\n<meta name=\"robots\" content=\"index, follow, max-snippet:-1, max-image-preview:large, max-video-preview:-1\" \/>\n<link rel=\"canonical\" href=\"https:\/\/odavprint.ee\/en\/product\/originaal-tint-hp-305-3ym61ae-black-120-lk\/\" \/>\n<meta property=\"og:locale\" content=\"en_US\" \/>\n<meta property=\"og:type\" content=\"article\" \/>\n<meta property=\"og:title\" content=\"Originaal tint HP 305 (3YM61AE) Black 120 lk\" \/>\n<meta property=\"og:description\" content=\"Osta Originaal tint HP 305 (3YM61AE) Black 120 lk Odav Print \u260e +372 5911 9495 \u2714\ufe0f Parim hind Originaal tint HP 305 (3YM61AE) Black 120 lk jaoks \u26df Kiire kohaletoimetamine Eestis \u2b50 Garanteeritud\" \/>\n<meta property=\"og:url\" content=\"https:\/\/odavprint.ee\/en\/product\/originaal-tint-hp-305-3ym61ae-black-120-lk\/\" \/>\n<meta property=\"og:site_name\" content=\"Odav Print\" \/>\n<meta property=\"article:modified_time\" content=\"2026-04-14T14:19:20+00:00\" \/>\n<meta property=\"og:image\" content=\"https:\/\/odavprint.ee\/wp-content\/uploads\/2021\/01\/305-bk.jpg\" \/>\n\t<meta property=\"og:image:width\" content=\"425\" \/>\n\t<meta property=\"og:image:height\" content=\"468\" \/>\n\t<meta property=\"og:image:type\" content=\"image\/jpeg\" \/>\n<meta name=\"twitter:card\" content=\"summary_large_image\" \/>\n<meta name=\"twitter:label1\" content=\"Price\" \/>\n\t<meta name=\"twitter:data1\" content=\"&euro;19.90\" \/>\n\t<meta name=\"twitter:label2\" content=\"Availability\" \/>\n\t<meta name=\"twitter:data2\" content=\"In stock\" \/>\n<script type=\"application\/ld+json\" class=\"yoast-schema-graph\">{\"@context\":\"https:\/\/schema.org\",\"@graph\":[{\"@type\":[\"WebPage\",\"ItemPage\"],\"@id\":\"https:\/\/odavprint.ee\/en\/product\/originaal-tint-hp-305-3ym61ae-black-120-lk\/\",\"url\":\"https:\/\/odavprint.ee\/en\/product\/originaal-tint-hp-305-3ym61ae-black-120-lk\/\",\"name\":\"Originaal tint HP 305 (3YM61AE) Black 120 lk, hea hinnaga, osta e-pood - Odav Print\",\"isPartOf\":{\"@id\":\"https:\/\/odavprint.ee\/en\/#website\"},\"primaryImageOfPage\":{\"@id\":\"https:\/\/odavprint.ee\/en\/product\/originaal-tint-hp-305-3ym61ae-black-120-lk\/#primaryimage\"},\"image\":{\"@id\":\"https:\/\/odavprint.ee\/en\/product\/originaal-tint-hp-305-3ym61ae-black-120-lk\/#primaryimage\"},\"thumbnailUrl\":\"https:\/\/odavprint.ee\/wp-content\/uploads\/2021\/01\/305-bk.jpg\",\"datePublished\":\"2021-01-22T11:34:13+00:00\",\"dateModified\":\"2026-04-14T14:19:20+00:00\",\"description\":\"Osta Originaal tint HP 305 (3YM61AE) Black 120 lk Odav Print \u260e +372 5911 9495 \u2714\ufe0f Parim hind Originaal tint HP 305 (3YM61AE) Black 120 lk jaoks \u26df Kiire kohaletoimetamine Eestis \u2b50 Garanteeritud\",\"breadcrumb\":{\"@id\":\"https:\/\/odavprint.ee\/en\/product\/originaal-tint-hp-305-3ym61ae-black-120-lk\/#breadcrumb\"},\"inLanguage\":\"en-US\",\"potentialAction\":[{\"@type\":\"ReadAction\",\"target\":[\"https:\/\/odavprint.ee\/en\/product\/originaal-tint-hp-305-3ym61ae-black-120-lk\/\"]}]},{\"@type\":\"ImageObject\",\"inLanguage\":\"en-US\",\"@id\":\"https:\/\/odavprint.ee\/en\/product\/originaal-tint-hp-305-3ym61ae-black-120-lk\/#primaryimage\",\"url\":\"https:\/\/odavprint.ee\/wp-content\/uploads\/2021\/01\/305-bk.jpg\",\"contentUrl\":\"https:\/\/odavprint.ee\/wp-content\/uploads\/2021\/01\/305-bk.jpg\",\"width\":425,\"height\":468},{\"@type\":\"BreadcrumbList\",\"@id\":\"https:\/\/odavprint.ee\/en\/product\/originaal-tint-hp-305-3ym61ae-black-120-lk\/#breadcrumb\",\"itemListElement\":[{\"@type\":\"ListItem\",\"position\":1,\"name\":\"Home\",\"item\":\"https:\/\/odavprint.ee\/en\/\"},{\"@type\":\"ListItem\",\"position\":2,\"name\":\"Shop\",\"item\":\"https:\/\/odavprint.ee\/en\/shop\/\"},{\"@type\":\"ListItem\",\"position\":3,\"name\":\"Originaal tint HP 305 (3YM61AE) Black 120 lk\"}]},{\"@type\":\"WebSite\",\"@id\":\"https:\/\/odavprint.ee\/en\/#website\",\"url\":\"https:\/\/odavprint.ee\/en\/\",\"name\":\"Odav Print\",\"description\":\"Just another WordPress site\",\"publisher\":{\"@id\":\"https:\/\/odavprint.ee\/en\/#organization\"},\"alternateName\":\"Kassettide, toonerite t\u00e4itmine ja m\u00fc\u00fck.\",\"potentialAction\":[{\"@type\":\"SearchAction\",\"target\":{\"@type\":\"EntryPoint\",\"urlTemplate\":\"https:\/\/odavprint.ee\/en\/?s={search_term_string}\"},\"query-input\":\"required name=search_term_string\"}],\"inLanguage\":\"en-US\"},{\"@type\":[\"Organization\",\"Place\"],\"@id\":\"https:\/\/odavprint.ee\/en\/#organization\",\"name\":\"Odav Print O\u00dc\",\"url\":\"https:\/\/odavprint.ee\/en\/\",\"logo\":{\"@id\":\"https:\/\/odavprint.ee\/en\/product\/originaal-tint-hp-305-3ym61ae-black-120-lk\/#local-main-organization-logo\"},\"image\":{\"@id\":\"https:\/\/odavprint.ee\/en\/product\/originaal-tint-hp-305-3ym61ae-black-120-lk\/#local-main-organization-logo\"},\"address\":{\"@id\":\"https:\/\/odavprint.ee\/en\/product\/originaal-tint-hp-305-3ym61ae-black-120-lk\/#local-main-place-address\"},\"geo\":{\"@type\":\"GeoCoordinates\",\"latitude\":\"59.4306504\",\"longitude\":\"24.8095743\"},\"telephone\":[\"53836926\"],\"openingHoursSpecification\":[{\"@type\":\"OpeningHoursSpecification\",\"dayOfWeek\":[\"Monday\",\"Tuesday\",\"Wednesday\",\"Thursday\",\"Friday\",\"Saturday\",\"Sunday\"],\"opens\":\"09:00\",\"closes\":\"17:00\"}],\"email\":\"info@odavprint.eu\"},{\"@type\":\"PostalAddress\",\"@id\":\"https:\/\/odavprint.ee\/en\/product\/originaal-tint-hp-305-3ym61ae-black-120-lk\/#local-main-place-address\",\"streetAddress\":\"Pae tn 28\",\"addressLocality\":\"Tallinn\",\"postalCode\":\"11415\",\"addressRegion\":\"Harjumaa\",\"addressCountry\":\"EE\"},{\"@type\":\"ImageObject\",\"inLanguage\":\"en-US\",\"@id\":\"https:\/\/odavprint.ee\/en\/product\/originaal-tint-hp-305-3ym61ae-black-120-lk\/#local-main-organization-logo\",\"url\":\"https:\/\/odavprint.ee\/wp-content\/uploads\/2018\/10\/odavprint-logo-240.jpg\",\"contentUrl\":\"https:\/\/odavprint.ee\/wp-content\/uploads\/2018\/10\/odavprint-logo-240.jpg\",\"width\":240,\"height\":36,\"caption\":\"Odav Print O\u00dc\"}]}<\/script>\n<meta property=\"product:price:amount\" content=\"19.90\" \/>\n<meta property=\"product:price:currency\" content=\"EUR\" \/>\n<meta property=\"og:availability\" content=\"instock\" \/>\n<meta property=\"product:availability\" content=\"instock\" \/>\n<meta property=\"product:condition\" content=\"new\" \/>\n<meta name=\"geo.placename\" content=\"Tallinn\" \/>\n<meta name=\"geo.position\" content=\"59.4306504;24.8095743\" \/>\n<meta name=\"geo.region\" content=\"Estonia\" \/>\n<!-- \/ Yoast SEO Premium plugin. -->","yoast_head_json":{"title":"Originaal tint HP 305 (3YM61AE) Black 120 lk, hea hinnaga, osta e-pood - Odav Print","description":"Osta Originaal tint HP 305 (3YM61AE) Black 120 lk Odav Print \u260e +372 5911 9495 \u2714\ufe0f Parim hind Originaal tint HP 305 (3YM61AE) Black 120 lk jaoks \u26df Kiire kohaletoimetamine Eestis \u2b50 Garanteeritud","robots":{"index":"index","follow":"follow","max-snippet":"max-snippet:-1","max-image-preview":"max-image-preview:large","max-video-preview":"max-video-preview:-1"},"canonical":"https:\/\/odavprint.ee\/en\/product\/originaal-tint-hp-305-3ym61ae-black-120-lk\/","og_locale":"en_US","og_type":"article","og_title":"Originaal tint HP 305 (3YM61AE) Black 120 lk","og_description":"Osta Originaal tint HP 305 (3YM61AE) Black 120 lk Odav Print \u260e +372 5911 9495 \u2714\ufe0f Parim hind Originaal tint HP 305 (3YM61AE) Black 120 lk jaoks \u26df Kiire kohaletoimetamine Eestis \u2b50 Garanteeritud","og_url":"https:\/\/odavprint.ee\/en\/product\/originaal-tint-hp-305-3ym61ae-black-120-lk\/","og_site_name":"Odav Print","article_modified_time":"2026-04-14T14:19:20+00:00","og_image":[{"width":425,"height":468,"url":"https:\/\/odavprint.ee\/wp-content\/uploads\/2021\/01\/305-bk.jpg","type":"image\/jpeg"}],"twitter_card":"summary_large_image","twitter_misc":{"Price":"&euro;19.90","Availability":"In stock"},"schema":{"@context":"https:\/\/schema.org","@graph":[{"@type":["WebPage","ItemPage"],"@id":"https:\/\/odavprint.ee\/en\/product\/originaal-tint-hp-305-3ym61ae-black-120-lk\/","url":"https:\/\/odavprint.ee\/en\/product\/originaal-tint-hp-305-3ym61ae-black-120-lk\/","name":"Originaal tint HP 305 (3YM61AE) Black 120 lk, hea hinnaga, osta e-pood - Odav Print","isPartOf":{"@id":"https:\/\/odavprint.ee\/en\/#website"},"primaryImageOfPage":{"@id":"https:\/\/odavprint.ee\/en\/product\/originaal-tint-hp-305-3ym61ae-black-120-lk\/#primaryimage"},"image":{"@id":"https:\/\/odavprint.ee\/en\/product\/originaal-tint-hp-305-3ym61ae-black-120-lk\/#primaryimage"},"thumbnailUrl":"https:\/\/odavprint.ee\/wp-content\/uploads\/2021\/01\/305-bk.jpg","datePublished":"2021-01-22T11:34:13+00:00","dateModified":"2026-04-14T14:19:20+00:00","description":"Osta Originaal tint HP 305 (3YM61AE) Black 120 lk Odav Print \u260e +372 5911 9495 \u2714\ufe0f Parim hind Originaal tint HP 305 (3YM61AE) Black 120 lk jaoks \u26df Kiire kohaletoimetamine Eestis \u2b50 Garanteeritud","breadcrumb":{"@id":"https:\/\/odavprint.ee\/en\/product\/originaal-tint-hp-305-3ym61ae-black-120-lk\/#breadcrumb"},"inLanguage":"en-US","potentialAction":[{"@type":"ReadAction","target":["https:\/\/odavprint.ee\/en\/product\/originaal-tint-hp-305-3ym61ae-black-120-lk\/"]}]},{"@type":"ImageObject","inLanguage":"en-US","@id":"https:\/\/odavprint.ee\/en\/product\/originaal-tint-hp-305-3ym61ae-black-120-lk\/#primaryimage","url":"https:\/\/odavprint.ee\/wp-content\/uploads\/2021\/01\/305-bk.jpg","contentUrl":"https:\/\/odavprint.ee\/wp-content\/uploads\/2021\/01\/305-bk.jpg","width":425,"height":468},{"@type":"BreadcrumbList","@id":"https:\/\/odavprint.ee\/en\/product\/originaal-tint-hp-305-3ym61ae-black-120-lk\/#breadcrumb","itemListElement":[{"@type":"ListItem","position":1,"name":"Home","item":"https:\/\/odavprint.ee\/en\/"},{"@type":"ListItem","position":2,"name":"Shop","item":"https:\/\/odavprint.ee\/en\/shop\/"},{"@type":"ListItem","position":3,"name":"Originaal tint HP 305 (3YM61AE) Black 120 lk"}]},{"@type":"WebSite","@id":"https:\/\/odavprint.ee\/en\/#website","url":"https:\/\/odavprint.ee\/en\/","name":"Odav Print","description":"Just another WordPress site","publisher":{"@id":"https:\/\/odavprint.ee\/en\/#organization"},"alternateName":"Kassettide, toonerite t\u00e4itmine ja m\u00fc\u00fck.","potentialAction":[{"@type":"SearchAction","target":{"@type":"EntryPoint","urlTemplate":"https:\/\/odavprint.ee\/en\/?s={search_term_string}"},"query-input":"required name=search_term_string"}],"inLanguage":"en-US"},{"@type":["Organization","Place"],"@id":"https:\/\/odavprint.ee\/en\/#organization","name":"Odav Print O\u00dc","url":"https:\/\/odavprint.ee\/en\/","logo":{"@id":"https:\/\/odavprint.ee\/en\/product\/originaal-tint-hp-305-3ym61ae-black-120-lk\/#local-main-organization-logo"},"image":{"@id":"https:\/\/odavprint.ee\/en\/product\/originaal-tint-hp-305-3ym61ae-black-120-lk\/#local-main-organization-logo"},"address":{"@id":"https:\/\/odavprint.ee\/en\/product\/originaal-tint-hp-305-3ym61ae-black-120-lk\/#local-main-place-address"},"geo":{"@type":"GeoCoordinates","latitude":"59.4306504","longitude":"24.8095743"},"telephone":["53836926"],"openingHoursSpecification":[{"@type":"OpeningHoursSpecification","dayOfWeek":["Monday","Tuesday","Wednesday","Thursday","Friday","Saturday","Sunday"],"opens":"09:00","closes":"17:00"}],"email":"info@odavprint.eu"},{"@type":"PostalAddress","@id":"https:\/\/odavprint.ee\/en\/product\/originaal-tint-hp-305-3ym61ae-black-120-lk\/#local-main-place-address","streetAddress":"Pae tn 28","addressLocality":"Tallinn","postalCode":"11415","addressRegion":"Harjumaa","addressCountry":"EE"},{"@type":"ImageObject","inLanguage":"en-US","@id":"https:\/\/odavprint.ee\/en\/product\/originaal-tint-hp-305-3ym61ae-black-120-lk\/#local-main-organization-logo","url":"https:\/\/odavprint.ee\/wp-content\/uploads\/2018\/10\/odavprint-logo-240.jpg","contentUrl":"https:\/\/odavprint.ee\/wp-content\/uploads\/2018\/10\/odavprint-logo-240.jpg","width":240,"height":36,"caption":"Odav Print O\u00dc"}]},"product_price_amount":"19.90","product_price_currency":"EUR","og_availability":"instock","product_availability":"instock","product_condition":"new","geo.placename":"Tallinn","geo.position":{"lat":"59.4306504","long":"24.8095743"},"geo.region":"Estonia"},"_links":{"self":[{"href":"https:\/\/odavprint.ee\/en\/wp-json\/wp\/v2\/product\/88290"}],"collection":[{"href":"https:\/\/odavprint.ee\/en\/wp-json\/wp\/v2\/product"}],"about":[{"href":"https:\/\/odavprint.ee\/en\/wp-json\/wp\/v2\/types\/product"}],"wp:featuredmedia":[{"embeddable":true,"href":"https:\/\/odavprint.ee\/en\/wp-json\/wp\/v2\/media\/88291"}],"wp:attachment":[{"href":"https:\/\/odavprint.ee\/en\/wp-json\/wp\/v2\/media?parent=88290"}],"wp:term":[{"taxonomy":"product_cat","embeddable":true,"href":"https:\/\/odavprint.ee\/en\/wp-json\/wp\/v2\/product_cat?post=88290"},{"taxonomy":"product_tag","embeddable":true,"href":"https:\/\/odavprint.ee\/en\/wp-json\/wp\/v2\/product_tag?post=88290"}],"curies":[{"name":"wp","href":"https:\/\/api.w.org\/{rel}","templated":true}]}}