{"id":90594,"date":"2021-02-04T15:38:40","date_gmt":"2021-02-04T13:38:40","guid":{"rendered":"https:\/\/odavprint.ee\/product\/magnetic-card-reader-acs-acr1252u-usb-black\/"},"modified":"2021-02-04T15:38:40","modified_gmt":"2021-02-04T13:38:40","slug":"magnetic-card-reader-acs-acr1252u-usb-black","status":"publish","type":"product","link":"https:\/\/odavprint.ee\/en\/product\/magnetic-card-reader-acs-acr1252u-usb-black\/","title":{"rendered":"Magnetic card reader ACS (ACR1252U), USB, Black"},"content":{"rendered":"<p><span style=\"font-family: \"Times New Roman\", serif; font-size: 12pt;\">USB CCID, 81 g, Type A, 1.0 m, Fixed, T=0; T=1, ISO 7816, Class A, 5V<\/span><\/p>\n<p class=\"MsoNormal\"><span style=\"font-size:12.0pt;font-family:\"Times New Roman\",serif;\nmso-fareast-font-family:\"Times New Roman\"\">The ACR1252U USB NFC Reader III is an NFC Forum-certified PC-linked reader, developed based on 13.56Mhz contactless technology. It has a SAM (Secure Access Module) slot which can be used together with a SAM card for key diversification and mutual authentication, providing high-level security in contactless transactions. Post-deployment firmware upgrade is also supported, eliminating the need for additional hardware modification.<\/p>\n<p>ACR1252U is capable of the three modes of NFC, namely: card reader\/writer, card emulation and peer-to-peer communication. It supports ISO 14443 Type A and B cards, MIFARE\u00ae, FeliCa, and ISO 18092\u2013compliant NFC tags. It also supports other NFC devices with an access speed of up to 424 Kbps and proximity operating distance of up to 50mm (depending on tag type used).<br \/>\nCompliant with both CCID and PC\/SC, this plug-and-play USB NFC device allows interoperability with different devices and applications. It is thus ideal for unconventional marketing and advertising applications like smart posters.<br \/>\nThe ACR1252U comes with an optional stand to hold the smart card reader at an optimal angle, so that users can tap contactless cards or NFC-enabled devices onto the ACR1252U with ease.<o:p><\/o:p><\/span><\/p>\n<p class=\"MsoNormal\"><span style=\"font-size:12.0pt;font-family:\"Times New Roman\",serif;\nmso-fareast-font-family:\"Times New Roman\"\"><o:p>\u00a0<\/o:p><\/span><\/p>\n","protected":false},"excerpt":{"rendered":"<p>USB CCID, 81 g, Type A, 1.0 m, Fixed, T=0; T=1, ISO 7816, Class A, 5V The ACR1252U USB NFC Reader III is an NFC Forum-certified PC-linked reader, developed based on 13.56Mhz contactless technology. It has a SAM (Secure Access Module) slot which can be used together with a SAM card for key diversification and [&#8230;]\n","protected":false},"featured_media":90595,"template":"","meta":{"inline_featured_image":false},"product_cat":[17213],"product_tag":[],"yoast_head":"<!-- This site is optimized with the Yoast SEO Premium plugin v23.0 (Yoast SEO v23.0) - https:\/\/yoast.com\/wordpress\/plugins\/seo\/ -->\n<title>Magnetic card reader ACS (ACR1252U), USB, Black, hea hinnaga, osta e-pood - Odav Print<\/title>\n<meta name=\"description\" content=\"Osta Magnetic card reader ACS (ACR1252U), USB, Black Odav Print \u260e +372 5911 9495 \u2714\ufe0f Parim hind Magnetic card reader ACS (ACR1252U), USB, Black jaoks \u26df Kiire kohaletoimetamine Eestis \u2b50 Garanteeritud\" \/>\n<meta name=\"robots\" content=\"index, follow, max-snippet:-1, max-image-preview:large, max-video-preview:-1\" \/>\n<link rel=\"canonical\" href=\"https:\/\/odavprint.ee\/en\/product\/magnetic-card-reader-acs-acr1252u-usb-black\/\" \/>\n<meta property=\"og:locale\" content=\"en_US\" \/>\n<meta property=\"og:type\" content=\"article\" \/>\n<meta property=\"og:title\" content=\"Magnetic card reader ACS (ACR1252U), USB, Black\" \/>\n<meta property=\"og:description\" content=\"Osta Magnetic card reader ACS (ACR1252U), USB, Black Odav Print \u260e +372 5911 9495 \u2714\ufe0f Parim hind Magnetic card reader ACS (ACR1252U), USB, Black jaoks \u26df Kiire kohaletoimetamine Eestis \u2b50 Garanteeritud\" \/>\n<meta property=\"og:url\" content=\"https:\/\/odavprint.ee\/en\/product\/magnetic-card-reader-acs-acr1252u-usb-black\/\" \/>\n<meta property=\"og:site_name\" content=\"Odav Print\" \/>\n<meta property=\"og:image\" content=\"https:\/\/odavprint.ee\/wp-content\/uploads\/2021\/02\/90594_efbff1bb_0487_49c3_b7d8_e7c7dcf0ec26.jpg\" \/>\n\t<meta property=\"og:image:width\" content=\"666\" \/>\n\t<meta property=\"og:image:height\" content=\"500\" \/>\n\t<meta property=\"og:image:type\" content=\"image\/jpeg\" \/>\n<meta name=\"twitter:card\" content=\"summary_large_image\" \/>\n<meta name=\"twitter:label1\" content=\"Price\" \/>\n\t<meta name=\"twitter:data1\" content=\"&euro;74.80\" \/>\n\t<meta name=\"twitter:label2\" content=\"Availability\" \/>\n\t<meta name=\"twitter:data2\" content=\"In stock\" \/>\n<script type=\"application\/ld+json\" class=\"yoast-schema-graph\">{\"@context\":\"https:\/\/schema.org\",\"@graph\":[{\"@type\":[\"WebPage\",\"ItemPage\"],\"@id\":\"https:\/\/odavprint.ee\/en\/product\/magnetic-card-reader-acs-acr1252u-usb-black\/\",\"url\":\"https:\/\/odavprint.ee\/en\/product\/magnetic-card-reader-acs-acr1252u-usb-black\/\",\"name\":\"Magnetic card reader ACS (ACR1252U), USB, Black, hea hinnaga, osta e-pood - Odav Print\",\"isPartOf\":{\"@id\":\"https:\/\/odavprint.ee\/en\/#website\"},\"primaryImageOfPage\":{\"@id\":\"https:\/\/odavprint.ee\/en\/product\/magnetic-card-reader-acs-acr1252u-usb-black\/#primaryimage\"},\"image\":{\"@id\":\"https:\/\/odavprint.ee\/en\/product\/magnetic-card-reader-acs-acr1252u-usb-black\/#primaryimage\"},\"thumbnailUrl\":\"https:\/\/odavprint.ee\/wp-content\/uploads\/2021\/02\/90594_efbff1bb_0487_49c3_b7d8_e7c7dcf0ec26.jpg\",\"datePublished\":\"2021-02-04T13:38:40+00:00\",\"dateModified\":\"2021-02-04T13:38:40+00:00\",\"description\":\"Osta Magnetic card reader ACS (ACR1252U), USB, Black Odav Print \u260e +372 5911 9495 \u2714\ufe0f Parim hind Magnetic card reader ACS (ACR1252U), USB, Black jaoks \u26df Kiire kohaletoimetamine Eestis \u2b50 Garanteeritud\",\"breadcrumb\":{\"@id\":\"https:\/\/odavprint.ee\/en\/product\/magnetic-card-reader-acs-acr1252u-usb-black\/#breadcrumb\"},\"inLanguage\":\"en-US\",\"potentialAction\":[{\"@type\":\"ReadAction\",\"target\":[\"https:\/\/odavprint.ee\/en\/product\/magnetic-card-reader-acs-acr1252u-usb-black\/\"]}]},{\"@type\":\"ImageObject\",\"inLanguage\":\"en-US\",\"@id\":\"https:\/\/odavprint.ee\/en\/product\/magnetic-card-reader-acs-acr1252u-usb-black\/#primaryimage\",\"url\":\"https:\/\/odavprint.ee\/wp-content\/uploads\/2021\/02\/90594_efbff1bb_0487_49c3_b7d8_e7c7dcf0ec26.jpg\",\"contentUrl\":\"https:\/\/odavprint.ee\/wp-content\/uploads\/2021\/02\/90594_efbff1bb_0487_49c3_b7d8_e7c7dcf0ec26.jpg\",\"width\":666,\"height\":500},{\"@type\":\"BreadcrumbList\",\"@id\":\"https:\/\/odavprint.ee\/en\/product\/magnetic-card-reader-acs-acr1252u-usb-black\/#breadcrumb\",\"itemListElement\":[{\"@type\":\"ListItem\",\"position\":1,\"name\":\"Home\",\"item\":\"https:\/\/odavprint.ee\/en\/\"},{\"@type\":\"ListItem\",\"position\":2,\"name\":\"Shop\",\"item\":\"https:\/\/odavprint.ee\/en\/shop\/\"},{\"@type\":\"ListItem\",\"position\":3,\"name\":\"Magnetic card reader ACS (ACR1252U), USB, Black\"}]},{\"@type\":\"WebSite\",\"@id\":\"https:\/\/odavprint.ee\/en\/#website\",\"url\":\"https:\/\/odavprint.ee\/en\/\",\"name\":\"Odav Print\",\"description\":\"Just another WordPress site\",\"publisher\":{\"@id\":\"https:\/\/odavprint.ee\/en\/#organization\"},\"alternateName\":\"Kassettide, toonerite t\u00e4itmine ja m\u00fc\u00fck.\",\"potentialAction\":[{\"@type\":\"SearchAction\",\"target\":{\"@type\":\"EntryPoint\",\"urlTemplate\":\"https:\/\/odavprint.ee\/en\/?s={search_term_string}\"},\"query-input\":\"required name=search_term_string\"}],\"inLanguage\":\"en-US\"},{\"@type\":[\"Organization\",\"Place\"],\"@id\":\"https:\/\/odavprint.ee\/en\/#organization\",\"name\":\"Odav Print O\u00dc\",\"url\":\"https:\/\/odavprint.ee\/en\/\",\"logo\":{\"@id\":\"https:\/\/odavprint.ee\/en\/product\/magnetic-card-reader-acs-acr1252u-usb-black\/#local-main-organization-logo\"},\"image\":{\"@id\":\"https:\/\/odavprint.ee\/en\/product\/magnetic-card-reader-acs-acr1252u-usb-black\/#local-main-organization-logo\"},\"address\":{\"@id\":\"https:\/\/odavprint.ee\/en\/product\/magnetic-card-reader-acs-acr1252u-usb-black\/#local-main-place-address\"},\"geo\":{\"@type\":\"GeoCoordinates\",\"latitude\":\"59.4306504\",\"longitude\":\"24.8095743\"},\"telephone\":[\"53836926\"],\"openingHoursSpecification\":[{\"@type\":\"OpeningHoursSpecification\",\"dayOfWeek\":[\"Monday\",\"Tuesday\",\"Wednesday\",\"Thursday\",\"Friday\",\"Saturday\",\"Sunday\"],\"opens\":\"09:00\",\"closes\":\"17:00\"}],\"email\":\"info@odavprint.eu\"},{\"@type\":\"PostalAddress\",\"@id\":\"https:\/\/odavprint.ee\/en\/product\/magnetic-card-reader-acs-acr1252u-usb-black\/#local-main-place-address\",\"streetAddress\":\"Pae tn 28\",\"addressLocality\":\"Tallinn\",\"postalCode\":\"11415\",\"addressRegion\":\"Harjumaa\",\"addressCountry\":\"EE\"},{\"@type\":\"ImageObject\",\"inLanguage\":\"en-US\",\"@id\":\"https:\/\/odavprint.ee\/en\/product\/magnetic-card-reader-acs-acr1252u-usb-black\/#local-main-organization-logo\",\"url\":\"https:\/\/odavprint.ee\/wp-content\/uploads\/2018\/10\/odavprint-logo-240.jpg\",\"contentUrl\":\"https:\/\/odavprint.ee\/wp-content\/uploads\/2018\/10\/odavprint-logo-240.jpg\",\"width\":240,\"height\":36,\"caption\":\"Odav Print O\u00dc\"}]}<\/script>\n<meta property=\"product:price:amount\" content=\"74.80\" \/>\n<meta property=\"product:price:currency\" content=\"EUR\" \/>\n<meta property=\"og:availability\" content=\"instock\" \/>\n<meta property=\"product:availability\" content=\"instock\" \/>\n<meta property=\"product:retailer_item_id\" content=\"ACR1252U-A1ACSA\" \/>\n<meta property=\"product:condition\" content=\"new\" \/>\n<meta name=\"geo.placename\" content=\"Tallinn\" \/>\n<meta name=\"geo.position\" content=\"59.4306504;24.8095743\" \/>\n<meta name=\"geo.region\" content=\"Estonia\" \/>\n<!-- \/ Yoast SEO Premium plugin. -->","yoast_head_json":{"title":"Magnetic card reader ACS (ACR1252U), USB, Black, hea hinnaga, osta e-pood - Odav Print","description":"Osta Magnetic card reader ACS (ACR1252U), USB, Black Odav Print \u260e +372 5911 9495 \u2714\ufe0f Parim hind Magnetic card reader ACS (ACR1252U), USB, Black jaoks \u26df Kiire kohaletoimetamine Eestis \u2b50 Garanteeritud","robots":{"index":"index","follow":"follow","max-snippet":"max-snippet:-1","max-image-preview":"max-image-preview:large","max-video-preview":"max-video-preview:-1"},"canonical":"https:\/\/odavprint.ee\/en\/product\/magnetic-card-reader-acs-acr1252u-usb-black\/","og_locale":"en_US","og_type":"article","og_title":"Magnetic card reader ACS (ACR1252U), USB, Black","og_description":"Osta Magnetic card reader ACS (ACR1252U), USB, Black Odav Print \u260e +372 5911 9495 \u2714\ufe0f Parim hind Magnetic card reader ACS (ACR1252U), USB, Black jaoks \u26df Kiire kohaletoimetamine Eestis \u2b50 Garanteeritud","og_url":"https:\/\/odavprint.ee\/en\/product\/magnetic-card-reader-acs-acr1252u-usb-black\/","og_site_name":"Odav Print","og_image":[{"width":666,"height":500,"url":"https:\/\/odavprint.ee\/wp-content\/uploads\/2021\/02\/90594_efbff1bb_0487_49c3_b7d8_e7c7dcf0ec26.jpg","type":"image\/jpeg"}],"twitter_card":"summary_large_image","twitter_misc":{"Price":"&euro;74.80","Availability":"In stock"},"schema":{"@context":"https:\/\/schema.org","@graph":[{"@type":["WebPage","ItemPage"],"@id":"https:\/\/odavprint.ee\/en\/product\/magnetic-card-reader-acs-acr1252u-usb-black\/","url":"https:\/\/odavprint.ee\/en\/product\/magnetic-card-reader-acs-acr1252u-usb-black\/","name":"Magnetic card reader ACS (ACR1252U), USB, Black, hea hinnaga, osta e-pood - Odav Print","isPartOf":{"@id":"https:\/\/odavprint.ee\/en\/#website"},"primaryImageOfPage":{"@id":"https:\/\/odavprint.ee\/en\/product\/magnetic-card-reader-acs-acr1252u-usb-black\/#primaryimage"},"image":{"@id":"https:\/\/odavprint.ee\/en\/product\/magnetic-card-reader-acs-acr1252u-usb-black\/#primaryimage"},"thumbnailUrl":"https:\/\/odavprint.ee\/wp-content\/uploads\/2021\/02\/90594_efbff1bb_0487_49c3_b7d8_e7c7dcf0ec26.jpg","datePublished":"2021-02-04T13:38:40+00:00","dateModified":"2021-02-04T13:38:40+00:00","description":"Osta Magnetic card reader ACS (ACR1252U), USB, Black Odav Print \u260e +372 5911 9495 \u2714\ufe0f Parim hind Magnetic card reader ACS (ACR1252U), USB, Black jaoks \u26df Kiire kohaletoimetamine Eestis \u2b50 Garanteeritud","breadcrumb":{"@id":"https:\/\/odavprint.ee\/en\/product\/magnetic-card-reader-acs-acr1252u-usb-black\/#breadcrumb"},"inLanguage":"en-US","potentialAction":[{"@type":"ReadAction","target":["https:\/\/odavprint.ee\/en\/product\/magnetic-card-reader-acs-acr1252u-usb-black\/"]}]},{"@type":"ImageObject","inLanguage":"en-US","@id":"https:\/\/odavprint.ee\/en\/product\/magnetic-card-reader-acs-acr1252u-usb-black\/#primaryimage","url":"https:\/\/odavprint.ee\/wp-content\/uploads\/2021\/02\/90594_efbff1bb_0487_49c3_b7d8_e7c7dcf0ec26.jpg","contentUrl":"https:\/\/odavprint.ee\/wp-content\/uploads\/2021\/02\/90594_efbff1bb_0487_49c3_b7d8_e7c7dcf0ec26.jpg","width":666,"height":500},{"@type":"BreadcrumbList","@id":"https:\/\/odavprint.ee\/en\/product\/magnetic-card-reader-acs-acr1252u-usb-black\/#breadcrumb","itemListElement":[{"@type":"ListItem","position":1,"name":"Home","item":"https:\/\/odavprint.ee\/en\/"},{"@type":"ListItem","position":2,"name":"Shop","item":"https:\/\/odavprint.ee\/en\/shop\/"},{"@type":"ListItem","position":3,"name":"Magnetic card reader ACS (ACR1252U), USB, Black"}]},{"@type":"WebSite","@id":"https:\/\/odavprint.ee\/en\/#website","url":"https:\/\/odavprint.ee\/en\/","name":"Odav Print","description":"Just another WordPress site","publisher":{"@id":"https:\/\/odavprint.ee\/en\/#organization"},"alternateName":"Kassettide, toonerite t\u00e4itmine ja m\u00fc\u00fck.","potentialAction":[{"@type":"SearchAction","target":{"@type":"EntryPoint","urlTemplate":"https:\/\/odavprint.ee\/en\/?s={search_term_string}"},"query-input":"required name=search_term_string"}],"inLanguage":"en-US"},{"@type":["Organization","Place"],"@id":"https:\/\/odavprint.ee\/en\/#organization","name":"Odav Print O\u00dc","url":"https:\/\/odavprint.ee\/en\/","logo":{"@id":"https:\/\/odavprint.ee\/en\/product\/magnetic-card-reader-acs-acr1252u-usb-black\/#local-main-organization-logo"},"image":{"@id":"https:\/\/odavprint.ee\/en\/product\/magnetic-card-reader-acs-acr1252u-usb-black\/#local-main-organization-logo"},"address":{"@id":"https:\/\/odavprint.ee\/en\/product\/magnetic-card-reader-acs-acr1252u-usb-black\/#local-main-place-address"},"geo":{"@type":"GeoCoordinates","latitude":"59.4306504","longitude":"24.8095743"},"telephone":["53836926"],"openingHoursSpecification":[{"@type":"OpeningHoursSpecification","dayOfWeek":["Monday","Tuesday","Wednesday","Thursday","Friday","Saturday","Sunday"],"opens":"09:00","closes":"17:00"}],"email":"info@odavprint.eu"},{"@type":"PostalAddress","@id":"https:\/\/odavprint.ee\/en\/product\/magnetic-card-reader-acs-acr1252u-usb-black\/#local-main-place-address","streetAddress":"Pae tn 28","addressLocality":"Tallinn","postalCode":"11415","addressRegion":"Harjumaa","addressCountry":"EE"},{"@type":"ImageObject","inLanguage":"en-US","@id":"https:\/\/odavprint.ee\/en\/product\/magnetic-card-reader-acs-acr1252u-usb-black\/#local-main-organization-logo","url":"https:\/\/odavprint.ee\/wp-content\/uploads\/2018\/10\/odavprint-logo-240.jpg","contentUrl":"https:\/\/odavprint.ee\/wp-content\/uploads\/2018\/10\/odavprint-logo-240.jpg","width":240,"height":36,"caption":"Odav Print O\u00dc"}]},"product_price_amount":"74.80","product_price_currency":"EUR","og_availability":"instock","product_availability":"instock","product_retailer_item_id":"ACR1252U-A1ACSA","product_condition":"new","geo.placename":"Tallinn","geo.position":{"lat":"59.4306504","long":"24.8095743"},"geo.region":"Estonia"},"_links":{"self":[{"href":"https:\/\/odavprint.ee\/en\/wp-json\/wp\/v2\/product\/90594"}],"collection":[{"href":"https:\/\/odavprint.ee\/en\/wp-json\/wp\/v2\/product"}],"about":[{"href":"https:\/\/odavprint.ee\/en\/wp-json\/wp\/v2\/types\/product"}],"wp:featuredmedia":[{"embeddable":true,"href":"https:\/\/odavprint.ee\/en\/wp-json\/wp\/v2\/media\/90595"}],"wp:attachment":[{"href":"https:\/\/odavprint.ee\/en\/wp-json\/wp\/v2\/media?parent=90594"}],"wp:term":[{"taxonomy":"product_cat","embeddable":true,"href":"https:\/\/odavprint.ee\/en\/wp-json\/wp\/v2\/product_cat?post=90594"},{"taxonomy":"product_tag","embeddable":true,"href":"https:\/\/odavprint.ee\/en\/wp-json\/wp\/v2\/product_tag?post=90594"}],"curies":[{"name":"wp","href":"https:\/\/api.w.org\/{rel}","templated":true}]}}