{"id":11283,"date":"2019-02-04T16:19:47","date_gmt":"2019-02-04T14:19:47","guid":{"rendered":"https:\/\/odavprint.preview.ee\/toonerite-taitmine\/dell\/"},"modified":"2020-11-26T16:23:57","modified_gmt":"2020-11-26T14:23:57","slug":"dell","status":"publish","type":"page","link":"https:\/\/odavprint.ee\/et\/tonereiden-taytto\/dell\/","title":{"rendered":"Dell"},"content":{"rendered":"\r\n<p style=\"text-align: center;\">Nimikiri ei ole l\u00f5plik, kui te ei leidnud enda printeri v\u00f5i kassetti mudeli, siis v\u00f5tke meiega \u00fchendust.<\/p>\r\n\r\n\r\n\r\n<p style=\"text-align: center;\">Informarsioon ja Kulleri tellimine <strong><a href=\"&#109;&#x61;&#105;&#x6c;&#116;&#x6f;:&#x69;n&#x66;o&#64;&#x6f;&#100;&#x61;&#118;&#x70;&#114;&#x69;n&#x74;&#46;&#x65;e\">&#x69;n&#x66;&#111;&#x40;&#x6f;d&#x61;&#118;&#x70;&#x72;i&#x6e;&#116;&#x2e;&#x65;e<\/a><\/strong> v\u00f5i\u00a0<strong><a href=\"tel:+372 5911 9495\">+372 5911 9495<\/a><\/strong><\/p>\r\n\r\n\r\n<hr class=\"wp-block-separator crt-divider\" \/>\r\n\r\n\t<div class=\"crt-filter-container\">\n\t\t<input type=\"text\" id=\"crt-filter-model\" placeholder=\"Otsi printeri \/ tooneri mudeli j\u00e4rgi\" \/>\n\t<\/div>\n\t<script>\n\t\tjQuery(document).ready(function($) {\n\t\t\tvar $table = $('table.inprice').first();\n\n\t\t\tif($table.length === 0) {\n\t\t\t\treturn;\n\t\t\t}\n\n\t\t\tvar $trs = $('tbody tr', $table),\n\t\t\t\t$input = $('#crt-filter-model').first(),\n\t\t\t\t$trNoResults = $('<tr class=\"crt-no-results\"><td colspan=\"5\">Mudel ei leitud<\/td><\/tr>')\n\n\t\t\tvar $tr, $td1, $td2, query, matches = 0;\n\n\t\t\t$input.on('input', function() {\n\t\t\t\tquery = $(this).val().toLowerCase().trim();\n\t\t\t\tmatches = 0;\n\n\t\t\t\t$trs.each(function() {\n\t\t\t\t\t$tr = $(this);\n\t\t\t\t\t$td1 = $('td.one', $tr);\n\t\t\t\t\t$td2 = $('td.two', $tr);\n\n\t\t\t\t\tif($td1.text().toLowerCase().indexOf(query) > -1 || $td2.text().toLowerCase().indexOf(query) > -1) {\n\t\t\t\t\t\t$tr.show();\n\t\t\t\t\t\tmatches++;\n\t\t\t\t\t} else {\n\t\t\t\t\t\t$tr.hide();\n\t\t\t\t\t}\n\t\t\t\t});\n\n\t\t\t\tif(matches === 0) {\n\t\t\t\t\t$tr.after($trNoResults);\n\t\t\t\t} else {\n\t\t\t\t\t$trNoResults.detach();\n\t\t\t\t}\n\t\t\t});\n\t\t});\n\t<\/script>\n\t\n\r\n\r\n\r\n<table class=\"inprice\" cellspacing=\"0\" cellpadding=\"0\">\r\n<thead>\r\n<tr>\r\n<th class=\"th-one\">tooner<\/th>\r\n<th class=\"th-two\"><span class=\"hide-lte-md\">printeri<\/span> mudel<\/th>\r\n<th class=\"th-three\">mahutavus<\/th>\r\n<th class=\"th-four\">hind<span class=\"hide-lte-md\"> KM-ga<\/span><\/th>\r\n<\/tr>\r\n<\/thead>\r\n<tbody>\r\n<tr>\r\n<td class=\"one\"><strong>Dell<\/strong><\/td>\r\n<td class=\"two\"><strong>Dell:\u00a0<\/strong>B1160 \/ B116x seeries<\/td>\r\n<td class=\"three\">1500 lk<\/td>\r\n<td class=\"five\">\r\n<p class=\"price\"><strong>36 \u20ac<\/strong><\/p>\r\n<\/td>\r\n<\/tr>\r\n<tr>\r\n<td class=\"one\"><strong>Dell<\/strong><\/td>\r\n<td class=\"two\"><strong>Dell:\u00a0<\/strong>1100<\/td>\r\n<td class=\"three\">2000 lk<\/td>\r\n<td class=\"five\">\r\n<p class=\"price\"><strong>24 \u20ac<\/strong><\/p>\r\n<\/td>\r\n<\/tr>\r\n<tr>\r\n<td class=\"one\"><strong>310-7945<\/strong><\/td>\r\n<td class=\"two\"><strong>Dell:<\/strong> 1815dn Laser Printer<\/td>\r\n<td class=\"three\">5000 lk<\/td>\r\n<td class=\"five\">\r\n<p class=\"price\"><strong>32,40 \u20ac<\/strong><\/p>\r\n<\/td>\r\n<\/tr>\r\n<tr>\r\n<td class=\"one\"><strong>310-9058<\/strong><\/td>\r\n<td class=\"two\"><strong>Dell:\u00a0<\/strong>1320<\/td>\r\n<td class=\"three\">2000 lk <img decoding=\"async\" src=\"https:\/\/odavprint.ee\/wp-content\/uploads\/2019\/02\/black.jpg\" alt=\"\" \/><\/td>\r\n<td class=\"five\">\r\n<p class=\"price\"><strong>34,80 \u20ac<\/strong><\/p>\r\n<\/td>\r\n<\/tr>\r\n<tr>\r\n<td class=\"one\"><strong>310-9062<\/strong><\/td>\r\n<td class=\"two\"><strong>Dell:\u00a0<\/strong>1320<\/td>\r\n<td class=\"three\">2000 lk <img decoding=\"async\" src=\"https:\/\/odavprint.ee\/wp-content\/uploads\/2019\/02\/yellow.jpg\" alt=\"\" \/><\/td>\r\n<td class=\"five\">\r\n<p class=\"price\"><strong>34,80 \u20ac<\/strong><\/p>\r\n<\/td>\r\n<\/tr>\r\n<tr>\r\n<td class=\"one\"><strong>310-9064<\/strong><\/td>\r\n<td class=\"two\"><strong>Dell:\u00a0<\/strong>1320<\/td>\r\n<td class=\"three\">2000 lk <img decoding=\"async\" src=\"https:\/\/odavprint.ee\/wp-content\/uploads\/2019\/02\/red.jpg\" alt=\"\" \/><\/td>\r\n<td class=\"five\">\r\n<p class=\"price\"><strong>34,80 \u20ac<\/strong><\/p>\r\n<\/td>\r\n<\/tr>\r\n<tr>\r\n<td class=\"one\"><strong>310-9060<\/strong><\/td>\r\n<td class=\"two\"><strong>Dell:\u00a0<\/strong>1320<\/td>\r\n<td class=\"three\">2000 lk <img decoding=\"async\" src=\"https:\/\/odavprint.ee\/wp-content\/uploads\/2019\/02\/cyan.jpg\" alt=\"\" \/><\/td>\r\n<td class=\"five\">\r\n<p class=\"price\"><strong>34,80 \u20ac<\/strong><\/p>\r\n<\/td>\r\n<\/tr>\r\n<tr>\r\n<td class=\"one\"><strong>331-0778<\/strong><\/td>\r\n<td class=\"two\"><strong>Dell:\u00a0<\/strong>1250 \/ 1350 \/ 1355<\/td>\r\n<td class=\"three\">2000 lk <img decoding=\"async\" src=\"https:\/\/odavprint.ee\/wp-content\/uploads\/2019\/02\/black.jpg\" alt=\"\" \/><\/td>\r\n<td class=\"five\">\r\n<p class=\"price\"><strong>32,40 \u20ac<\/strong><\/p>\r\n<\/td>\r\n<\/tr>\r\n<tr>\r\n<td class=\"one\"><strong>331-0779<\/strong><\/td>\r\n<td class=\"two\"><strong>Dell:\u00a0<\/strong>1250 \/ 1350 \/ 1355<\/td>\r\n<td class=\"three\">1400 lk <img decoding=\"async\" src=\"https:\/\/odavprint.ee\/wp-content\/uploads\/2019\/02\/yellow.jpg\" alt=\"\" \/><\/td>\r\n<td class=\"five\">\r\n<p class=\"price\"><strong>32,40 \u20ac<\/strong><\/p>\r\n<\/td>\r\n<\/tr>\r\n<tr>\r\n<td class=\"one\"><strong>331-0780<\/strong><\/td>\r\n<td class=\"two\"><strong>Dell:\u00a0<\/strong>1250 \/ 1350 \/ 1355<\/td>\r\n<td class=\"three\">1400 lk <img decoding=\"async\" src=\"https:\/\/odavprint.ee\/wp-content\/uploads\/2019\/02\/red.jpg\" alt=\"\" \/><\/td>\r\n<td class=\"five\">\r\n<p class=\"price\"><strong>32,40 \u20ac<\/strong><\/p>\r\n<\/td>\r\n<\/tr>\r\n<tr>\r\n<td class=\"one\"><strong>331-0777<\/strong><\/td>\r\n<td class=\"two\"><strong>Dell:\u00a0<\/strong>1250 \/ 1350 \/ 1355<\/td>\r\n<td class=\"three\">1400 lk <img decoding=\"async\" src=\"https:\/\/odavprint.ee\/wp-content\/uploads\/2019\/02\/cyan.jpg\" alt=\"\" \/><\/td>\r\n<td class=\"five\">\r\n<p class=\"price\"><strong>32,40 \u20ac<\/strong><\/p>\r\n<\/td>\r\n<\/tr>\r\n<\/tbody>\r\n<\/table>\r\n","protected":false},"excerpt":{"rendered":"<p>Nimikiri ei ole l\u00f5plik, kui te ei leidnud enda printeri v\u00f5i kassetti mudeli, siis v\u00f5tke meiega \u00fchendust. Informarsioon ja Kulleri tellimine &#x69;&#x6e;&#x66;&#111;&#64;od&#x61;&#x76;&#x70;&#x72;&#105;&#110;t&#46;&#x65;&#x65; v\u00f5i\u00a0+372 5911 9495 tooner printeri mudel mahutavus hind KM-ga Dell Dell:\u00a0B1160 \/ B116x seeries 1500 lk 36 \u20ac Dell Dell:\u00a01100 2000 lk 24 \u20ac 310-7945 Dell: 1815dn Laser Printer 5000 lk 32,40 \u20ac [&#8230;]\n","protected":false},"author":1,"featured_media":0,"parent":19962,"menu_order":0,"comment_status":"closed","ping_status":"closed","template":"page-blank-title-center.php","meta":{"inline_featured_image":false,"footnotes":""},"yoast_head":"<!-- This site is optimized with the Yoast SEO Premium plugin v23.0 (Yoast SEO v23.0) - https:\/\/yoast.com\/wordpress\/plugins\/seo\/ -->\n<title>Dell toonerite, tahmakassettide, printerite t\u00e4itmine Tallinnas<\/title>\n<meta name=\"description\" content=\"Nimikiri ei ole l\u00f5plik, kui te ei leidnud enda printeri v\u00f5i kassetti mudeli, siis v\u00f5tke meiega \u00fchendust. Informarsioon ja Kulleri tellimine\" \/>\n<meta name=\"robots\" content=\"index, follow, max-snippet:-1, max-image-preview:large, max-video-preview:-1\" \/>\n<link rel=\"canonical\" href=\"https:\/\/odavprint.ee\/et\/tonereiden-taytto\/dell\/\" \/>\n<meta property=\"og:locale\" content=\"et_EE\" \/>\n<meta property=\"og:type\" content=\"article\" \/>\n<meta property=\"og:title\" content=\"Dell\" \/>\n<meta property=\"og:description\" content=\"Nimikiri ei ole l\u00f5plik, kui te ei leidnud enda printeri v\u00f5i kassetti mudeli, siis v\u00f5tke meiega \u00fchendust. Informarsioon ja Kulleri tellimine\" \/>\n<meta property=\"og:url\" content=\"https:\/\/odavprint.ee\/et\/tonereiden-taytto\/dell\/\" \/>\n<meta property=\"og:site_name\" content=\"Odav Print\" \/>\n<meta property=\"article:modified_time\" content=\"2020-11-26T14:23:57+00:00\" \/>\n<meta property=\"og:image\" content=\"https:\/\/odavprint.ee\/wp-content\/uploads\/2019\/02\/black.jpg\" \/>\n<meta name=\"twitter:card\" content=\"summary_large_image\" \/>\n<script type=\"application\/ld+json\" class=\"yoast-schema-graph\">{\"@context\":\"https:\/\/schema.org\",\"@graph\":[{\"@type\":\"WebPage\",\"@id\":\"https:\/\/odavprint.ee\/et\/tonereiden-taytto\/dell\/\",\"url\":\"https:\/\/odavprint.ee\/et\/tonereiden-taytto\/dell\/\",\"name\":\"Dell toonerite, tahmakassettide, printerite t\u00e4itmine Tallinnas\",\"isPartOf\":{\"@id\":\"https:\/\/odavprint.ee\/et\/#website\"},\"primaryImageOfPage\":{\"@id\":\"https:\/\/odavprint.ee\/et\/tonereiden-taytto\/dell\/#primaryimage\"},\"image\":{\"@id\":\"https:\/\/odavprint.ee\/et\/tonereiden-taytto\/dell\/#primaryimage\"},\"thumbnailUrl\":\"https:\/\/odavprint.ee\/wp-content\/uploads\/2019\/02\/black.jpg\",\"datePublished\":\"2019-02-04T14:19:47+00:00\",\"dateModified\":\"2020-11-26T14:23:57+00:00\",\"description\":\"Nimikiri ei ole l\u00f5plik, kui te ei leidnud enda printeri v\u00f5i kassetti mudeli, siis v\u00f5tke meiega \u00fchendust. Informarsioon ja Kulleri tellimine\",\"breadcrumb\":{\"@id\":\"https:\/\/odavprint.ee\/et\/tonereiden-taytto\/dell\/#breadcrumb\"},\"inLanguage\":\"et\",\"potentialAction\":[{\"@type\":\"ReadAction\",\"target\":[\"https:\/\/odavprint.ee\/et\/tonereiden-taytto\/dell\/\"]}]},{\"@type\":\"ImageObject\",\"inLanguage\":\"et\",\"@id\":\"https:\/\/odavprint.ee\/et\/tonereiden-taytto\/dell\/#primaryimage\",\"url\":\"https:\/\/odavprint.ee\/wp-content\/uploads\/2019\/02\/black.jpg\",\"contentUrl\":\"https:\/\/odavprint.ee\/wp-content\/uploads\/2019\/02\/black.jpg\"},{\"@type\":\"BreadcrumbList\",\"@id\":\"https:\/\/odavprint.ee\/et\/tonereiden-taytto\/dell\/#breadcrumb\",\"itemListElement\":[{\"@type\":\"ListItem\",\"position\":1,\"name\":\"Home\",\"item\":\"https:\/\/odavprint.ee\/et\/esileht\/\"},{\"@type\":\"ListItem\",\"position\":2,\"name\":\"Toonerite t\u00e4itmine\",\"item\":\"https:\/\/odavprint.ee\/et\/toonerite-taitmine\/\"},{\"@type\":\"ListItem\",\"position\":3,\"name\":\"Dell\"}]},{\"@type\":\"WebSite\",\"@id\":\"https:\/\/odavprint.ee\/et\/#website\",\"url\":\"https:\/\/odavprint.ee\/et\/\",\"name\":\"Odav Print\",\"description\":\"Just another WordPress site\",\"publisher\":{\"@id\":\"https:\/\/odavprint.ee\/et\/#organization\"},\"alternateName\":\"Kassettide, toonerite t\u00e4itmine ja m\u00fc\u00fck.\",\"potentialAction\":[{\"@type\":\"SearchAction\",\"target\":{\"@type\":\"EntryPoint\",\"urlTemplate\":\"https:\/\/odavprint.ee\/et\/?s={search_term_string}\"},\"query-input\":\"required name=search_term_string\"}],\"inLanguage\":\"et\"},{\"@type\":[\"Organization\",\"Place\"],\"@id\":\"https:\/\/odavprint.ee\/et\/#organization\",\"name\":\"Odav Print O\u00dc\",\"url\":\"https:\/\/odavprint.ee\/et\/\",\"logo\":{\"@id\":\"https:\/\/odavprint.ee\/et\/tonereiden-taytto\/dell\/#local-main-organization-logo\"},\"image\":{\"@id\":\"https:\/\/odavprint.ee\/et\/tonereiden-taytto\/dell\/#local-main-organization-logo\"},\"address\":{\"@id\":\"https:\/\/odavprint.ee\/et\/tonereiden-taytto\/dell\/#local-main-place-address\"},\"geo\":{\"@type\":\"GeoCoordinates\",\"latitude\":\"59.4306504\",\"longitude\":\"24.8095743\"},\"telephone\":[\"53836926\"],\"openingHoursSpecification\":[{\"@type\":\"OpeningHoursSpecification\",\"dayOfWeek\":[\"Monday\",\"Tuesday\",\"Wednesday\",\"Thursday\",\"Friday\",\"Saturday\",\"Sunday\"],\"opens\":\"09:00\",\"closes\":\"17:00\"}],\"email\":\"info@odavprint.eu\"},{\"@type\":\"PostalAddress\",\"@id\":\"https:\/\/odavprint.ee\/et\/tonereiden-taytto\/dell\/#local-main-place-address\",\"streetAddress\":\"Pae tn 28\",\"addressLocality\":\"Tallinn\",\"postalCode\":\"11415\",\"addressRegion\":\"Harjumaa\",\"addressCountry\":\"EE\"},{\"@type\":\"ImageObject\",\"inLanguage\":\"et\",\"@id\":\"https:\/\/odavprint.ee\/et\/tonereiden-taytto\/dell\/#local-main-organization-logo\",\"url\":\"https:\/\/odavprint.ee\/wp-content\/uploads\/2018\/10\/odavprint-logo-240.jpg\",\"contentUrl\":\"https:\/\/odavprint.ee\/wp-content\/uploads\/2018\/10\/odavprint-logo-240.jpg\",\"width\":240,\"height\":36,\"caption\":\"Odav Print O\u00dc\"}]}<\/script>\n<meta name=\"geo.placename\" content=\"Tallinn\" \/>\n<meta name=\"geo.position\" content=\"59.4306504;24.8095743\" \/>\n<meta name=\"geo.region\" content=\"Estonia\" \/>\n<!-- \/ Yoast SEO Premium plugin. -->","yoast_head_json":{"title":"Dell toonerite, tahmakassettide, printerite t\u00e4itmine Tallinnas","description":"Nimikiri ei ole l\u00f5plik, kui te ei leidnud enda printeri v\u00f5i kassetti mudeli, siis v\u00f5tke meiega \u00fchendust. Informarsioon ja Kulleri tellimine","robots":{"index":"index","follow":"follow","max-snippet":"max-snippet:-1","max-image-preview":"max-image-preview:large","max-video-preview":"max-video-preview:-1"},"canonical":"https:\/\/odavprint.ee\/et\/tonereiden-taytto\/dell\/","og_locale":"et_EE","og_type":"article","og_title":"Dell","og_description":"Nimikiri ei ole l\u00f5plik, kui te ei leidnud enda printeri v\u00f5i kassetti mudeli, siis v\u00f5tke meiega \u00fchendust. Informarsioon ja Kulleri tellimine","og_url":"https:\/\/odavprint.ee\/et\/tonereiden-taytto\/dell\/","og_site_name":"Odav Print","article_modified_time":"2020-11-26T14:23:57+00:00","og_image":[{"url":"https:\/\/odavprint.ee\/wp-content\/uploads\/2019\/02\/black.jpg"}],"twitter_card":"summary_large_image","schema":{"@context":"https:\/\/schema.org","@graph":[{"@type":"WebPage","@id":"https:\/\/odavprint.ee\/et\/tonereiden-taytto\/dell\/","url":"https:\/\/odavprint.ee\/et\/tonereiden-taytto\/dell\/","name":"Dell toonerite, tahmakassettide, printerite t\u00e4itmine Tallinnas","isPartOf":{"@id":"https:\/\/odavprint.ee\/et\/#website"},"primaryImageOfPage":{"@id":"https:\/\/odavprint.ee\/et\/tonereiden-taytto\/dell\/#primaryimage"},"image":{"@id":"https:\/\/odavprint.ee\/et\/tonereiden-taytto\/dell\/#primaryimage"},"thumbnailUrl":"https:\/\/odavprint.ee\/wp-content\/uploads\/2019\/02\/black.jpg","datePublished":"2019-02-04T14:19:47+00:00","dateModified":"2020-11-26T14:23:57+00:00","description":"Nimikiri ei ole l\u00f5plik, kui te ei leidnud enda printeri v\u00f5i kassetti mudeli, siis v\u00f5tke meiega \u00fchendust. Informarsioon ja Kulleri tellimine","breadcrumb":{"@id":"https:\/\/odavprint.ee\/et\/tonereiden-taytto\/dell\/#breadcrumb"},"inLanguage":"et","potentialAction":[{"@type":"ReadAction","target":["https:\/\/odavprint.ee\/et\/tonereiden-taytto\/dell\/"]}]},{"@type":"ImageObject","inLanguage":"et","@id":"https:\/\/odavprint.ee\/et\/tonereiden-taytto\/dell\/#primaryimage","url":"https:\/\/odavprint.ee\/wp-content\/uploads\/2019\/02\/black.jpg","contentUrl":"https:\/\/odavprint.ee\/wp-content\/uploads\/2019\/02\/black.jpg"},{"@type":"BreadcrumbList","@id":"https:\/\/odavprint.ee\/et\/tonereiden-taytto\/dell\/#breadcrumb","itemListElement":[{"@type":"ListItem","position":1,"name":"Home","item":"https:\/\/odavprint.ee\/et\/esileht\/"},{"@type":"ListItem","position":2,"name":"Toonerite t\u00e4itmine","item":"https:\/\/odavprint.ee\/et\/toonerite-taitmine\/"},{"@type":"ListItem","position":3,"name":"Dell"}]},{"@type":"WebSite","@id":"https:\/\/odavprint.ee\/et\/#website","url":"https:\/\/odavprint.ee\/et\/","name":"Odav Print","description":"Just another WordPress site","publisher":{"@id":"https:\/\/odavprint.ee\/et\/#organization"},"alternateName":"Kassettide, toonerite t\u00e4itmine ja m\u00fc\u00fck.","potentialAction":[{"@type":"SearchAction","target":{"@type":"EntryPoint","urlTemplate":"https:\/\/odavprint.ee\/et\/?s={search_term_string}"},"query-input":"required name=search_term_string"}],"inLanguage":"et"},{"@type":["Organization","Place"],"@id":"https:\/\/odavprint.ee\/et\/#organization","name":"Odav Print O\u00dc","url":"https:\/\/odavprint.ee\/et\/","logo":{"@id":"https:\/\/odavprint.ee\/et\/tonereiden-taytto\/dell\/#local-main-organization-logo"},"image":{"@id":"https:\/\/odavprint.ee\/et\/tonereiden-taytto\/dell\/#local-main-organization-logo"},"address":{"@id":"https:\/\/odavprint.ee\/et\/tonereiden-taytto\/dell\/#local-main-place-address"},"geo":{"@type":"GeoCoordinates","latitude":"59.4306504","longitude":"24.8095743"},"telephone":["53836926"],"openingHoursSpecification":[{"@type":"OpeningHoursSpecification","dayOfWeek":["Monday","Tuesday","Wednesday","Thursday","Friday","Saturday","Sunday"],"opens":"09:00","closes":"17:00"}],"email":"info@odavprint.eu"},{"@type":"PostalAddress","@id":"https:\/\/odavprint.ee\/et\/tonereiden-taytto\/dell\/#local-main-place-address","streetAddress":"Pae tn 28","addressLocality":"Tallinn","postalCode":"11415","addressRegion":"Harjumaa","addressCountry":"EE"},{"@type":"ImageObject","inLanguage":"et","@id":"https:\/\/odavprint.ee\/et\/tonereiden-taytto\/dell\/#local-main-organization-logo","url":"https:\/\/odavprint.ee\/wp-content\/uploads\/2018\/10\/odavprint-logo-240.jpg","contentUrl":"https:\/\/odavprint.ee\/wp-content\/uploads\/2018\/10\/odavprint-logo-240.jpg","width":240,"height":36,"caption":"Odav Print O\u00dc"}]},"geo.placename":"Tallinn","geo.position":{"lat":"59.4306504","long":"24.8095743"},"geo.region":"Estonia"},"_links":{"self":[{"href":"https:\/\/odavprint.ee\/et\/wp-json\/wp\/v2\/pages\/11283"}],"collection":[{"href":"https:\/\/odavprint.ee\/et\/wp-json\/wp\/v2\/pages"}],"about":[{"href":"https:\/\/odavprint.ee\/et\/wp-json\/wp\/v2\/types\/page"}],"author":[{"embeddable":true,"href":"https:\/\/odavprint.ee\/et\/wp-json\/wp\/v2\/users\/1"}],"replies":[{"embeddable":true,"href":"https:\/\/odavprint.ee\/et\/wp-json\/wp\/v2\/comments?post=11283"}],"version-history":[{"count":3,"href":"https:\/\/odavprint.ee\/et\/wp-json\/wp\/v2\/pages\/11283\/revisions"}],"predecessor-version":[{"id":72300,"href":"https:\/\/odavprint.ee\/et\/wp-json\/wp\/v2\/pages\/11283\/revisions\/72300"}],"up":[{"embeddable":true,"href":"https:\/\/odavprint.ee\/et\/wp-json\/wp\/v2\/pages\/19962"}],"wp:attachment":[{"href":"https:\/\/odavprint.ee\/et\/wp-json\/wp\/v2\/media?parent=11283"}],"curies":[{"name":"wp","href":"https:\/\/api.w.org\/{rel}","templated":true}]}}