{"id":11297,"date":"2019-02-04T16:27:09","date_gmt":"2019-02-04T14:27:09","guid":{"rendered":"https:\/\/odavprint.preview.ee\/toonerite-taitmine\/utax\/"},"modified":"2020-11-26T16:24:27","modified_gmt":"2020-11-26T14:24:27","slug":"utax","status":"publish","type":"page","link":"https:\/\/odavprint.ee\/et\/tonereiden-taytto\/utax\/","title":{"rendered":"Utax"},"content":{"rendered":"\r\n<p style=\"text-align: center;\">Nimikiri ei ole l\u00f5plik, kui te ei leidnud enda printeri v\u00f5i kassetti mudeli, siis v\u00f5tke meiega \u00fchendust.<\/p>\r\n\r\n\r\n\r\n<p style=\"text-align: center;\">Informarsioon ja Kulleri tellimine <strong><a href=\"mailto&#58;&#105;&#110;&#102;&#111;&#64;&#111;&#x64;&#x61;&#x76;&#x70;&#x72;&#x69;&#x6e;&#x74;&#x2e;&#x65;&#x65;\">&#x69;&#x6e;&#x66;&#x6f;&#x40;&#x6f;&#100;&#97;&#118;&#112;rint&#x2e;&#x65;&#x65;<\/a><\/strong> v\u00f5i\u00a0<strong><a href=\"tel:+372 5911 9495\">+372 5911 9495<\/a><\/strong><\/p>\r\n\r\n\r\n<hr class=\"wp-block-separator crt-divider\" \/>\r\n\r\n\t<div class=\"crt-filter-container\">\n\t\t<input type=\"text\" id=\"crt-filter-model\" placeholder=\"Otsi printeri \/ tooneri mudeli j\u00e4rgi\" \/>\n\t<\/div>\n\t<script>\n\t\tjQuery(document).ready(function($) {\n\t\t\tvar $table = $('table.inprice').first();\n\n\t\t\tif($table.length === 0) {\n\t\t\t\treturn;\n\t\t\t}\n\n\t\t\tvar $trs = $('tbody tr', $table),\n\t\t\t\t$input = $('#crt-filter-model').first(),\n\t\t\t\t$trNoResults = $('<tr class=\"crt-no-results\"><td colspan=\"5\">Mudel ei leitud<\/td><\/tr>')\n\n\t\t\tvar $tr, $td1, $td2, query, matches = 0;\n\n\t\t\t$input.on('input', function() {\n\t\t\t\tquery = $(this).val().toLowerCase().trim();\n\t\t\t\tmatches = 0;\n\n\t\t\t\t$trs.each(function() {\n\t\t\t\t\t$tr = $(this);\n\t\t\t\t\t$td1 = $('td.one', $tr);\n\t\t\t\t\t$td2 = $('td.two', $tr);\n\n\t\t\t\t\tif($td1.text().toLowerCase().indexOf(query) > -1 || $td2.text().toLowerCase().indexOf(query) > -1) {\n\t\t\t\t\t\t$tr.show();\n\t\t\t\t\t\tmatches++;\n\t\t\t\t\t} else {\n\t\t\t\t\t\t$tr.hide();\n\t\t\t\t\t}\n\t\t\t\t});\n\n\t\t\t\tif(matches === 0) {\n\t\t\t\t\t$tr.after($trNoResults);\n\t\t\t\t} else {\n\t\t\t\t\t$trNoResults.detach();\n\t\t\t\t}\n\t\t\t});\n\t\t});\n\t<\/script>\n\t\n\r\n\r\n\r\n<table class=\"inprice\" cellspacing=\"0\" cellpadding=\"0\">\r\n<thead>\r\n<tr>\r\n<th class=\"th-one\">tooner<\/th>\r\n<th class=\"th-two\"><span class=\"hide-lte-md\">printeri<\/span> mudel<\/th>\r\n<th class=\"th-three\">mahutavus<\/th>\r\n<th class=\"th-four\">hind<span class=\"hide-lte-md\"> KM-ga<\/span><\/th>\r\n<\/tr>\r\n<\/thead>\r\n<tbody>\r\n<tr>\r\n<td class=\"one\"><strong>4413510010 4413510015<\/strong><\/td>\r\n<td class=\"two\"><strong>Utax LP:\u00a0<\/strong>3135 \/ 3335 \/ 4135 \/ 4335<\/td>\r\n<td class=\"three\">7200 lk<\/td>\r\n<td class=\"five\">\r\n<p class=\"price\"><strong>54 \u20ac<\/strong><\/p>\r\n<\/td>\r\n<\/tr>\r\n<\/tbody>\r\n<\/table>\r\n","protected":false},"excerpt":{"rendered":"<p>Nimikiri ei ole l\u00f5plik, kui te ei leidnud enda printeri v\u00f5i kassetti mudeli, siis v\u00f5tke meiega \u00fchendust. Informarsioon ja Kulleri tellimine in&#102;&#111;&#64;&#x6f;&#x64;&#x61;&#x76;&#x70;ri&#110;&#116;&#46;&#x65;&#x65; v\u00f5i\u00a0+372 5911 9495 tooner printeri mudel mahutavus hind KM-ga 4413510010 4413510015 Utax LP:\u00a03135 \/ 3335 \/ 4135 \/ 4335 7200 lk 54 \u20ac<\/p>\n","protected":false},"author":1,"featured_media":0,"parent":19962,"menu_order":0,"comment_status":"closed","ping_status":"closed","template":"page-blank-title-center.php","meta":{"inline_featured_image":false,"footnotes":""},"yoast_head":"<!-- This site is optimized with the Yoast SEO Premium plugin v23.0 (Yoast SEO v23.0) - https:\/\/yoast.com\/wordpress\/plugins\/seo\/ -->\n<title>Utax toonerite, tahmakassettide, printerite t\u00e4itmine Tallinnas<\/title>\n<meta name=\"description\" content=\"Nimikiri ei ole l\u00f5plik, kui te ei leidnud enda printeri v\u00f5i kassetti mudeli, siis v\u00f5tke meiega \u00fchendust. Informarsioon ja Kulleri tellimine\" \/>\n<meta name=\"robots\" content=\"index, follow, max-snippet:-1, max-image-preview:large, max-video-preview:-1\" \/>\n<link rel=\"canonical\" href=\"https:\/\/odavprint.ee\/et\/tonereiden-taytto\/utax\/\" \/>\n<meta property=\"og:locale\" content=\"et_EE\" \/>\n<meta property=\"og:type\" content=\"article\" \/>\n<meta property=\"og:title\" content=\"Utax\" \/>\n<meta property=\"og:description\" content=\"Nimikiri ei ole l\u00f5plik, kui te ei leidnud enda printeri v\u00f5i kassetti mudeli, siis v\u00f5tke meiega \u00fchendust. Informarsioon ja Kulleri tellimine\" \/>\n<meta property=\"og:url\" content=\"https:\/\/odavprint.ee\/et\/tonereiden-taytto\/utax\/\" \/>\n<meta property=\"og:site_name\" content=\"Odav Print\" \/>\n<meta property=\"article:modified_time\" content=\"2020-11-26T14:24:27+00:00\" \/>\n<meta name=\"twitter:card\" content=\"summary_large_image\" \/>\n<script type=\"application\/ld+json\" class=\"yoast-schema-graph\">{\"@context\":\"https:\/\/schema.org\",\"@graph\":[{\"@type\":\"WebPage\",\"@id\":\"https:\/\/odavprint.ee\/et\/tonereiden-taytto\/utax\/\",\"url\":\"https:\/\/odavprint.ee\/et\/tonereiden-taytto\/utax\/\",\"name\":\"Utax toonerite, tahmakassettide, printerite t\u00e4itmine Tallinnas\",\"isPartOf\":{\"@id\":\"https:\/\/odavprint.ee\/et\/#website\"},\"datePublished\":\"2019-02-04T14:27:09+00:00\",\"dateModified\":\"2020-11-26T14:24:27+00:00\",\"description\":\"Nimikiri ei ole l\u00f5plik, kui te ei leidnud enda printeri v\u00f5i kassetti mudeli, siis v\u00f5tke meiega \u00fchendust. Informarsioon ja Kulleri tellimine\",\"breadcrumb\":{\"@id\":\"https:\/\/odavprint.ee\/et\/tonereiden-taytto\/utax\/#breadcrumb\"},\"inLanguage\":\"et\",\"potentialAction\":[{\"@type\":\"ReadAction\",\"target\":[\"https:\/\/odavprint.ee\/et\/tonereiden-taytto\/utax\/\"]}]},{\"@type\":\"BreadcrumbList\",\"@id\":\"https:\/\/odavprint.ee\/et\/tonereiden-taytto\/utax\/#breadcrumb\",\"itemListElement\":[{\"@type\":\"ListItem\",\"position\":1,\"name\":\"Home\",\"item\":\"https:\/\/odavprint.ee\/et\/esileht\/\"},{\"@type\":\"ListItem\",\"position\":2,\"name\":\"Toonerite t\u00e4itmine\",\"item\":\"https:\/\/odavprint.ee\/et\/toonerite-taitmine\/\"},{\"@type\":\"ListItem\",\"position\":3,\"name\":\"Utax\"}]},{\"@type\":\"WebSite\",\"@id\":\"https:\/\/odavprint.ee\/et\/#website\",\"url\":\"https:\/\/odavprint.ee\/et\/\",\"name\":\"Odav Print\",\"description\":\"Just another WordPress site\",\"publisher\":{\"@id\":\"https:\/\/odavprint.ee\/et\/#organization\"},\"alternateName\":\"Kassettide, toonerite t\u00e4itmine ja m\u00fc\u00fck.\",\"potentialAction\":[{\"@type\":\"SearchAction\",\"target\":{\"@type\":\"EntryPoint\",\"urlTemplate\":\"https:\/\/odavprint.ee\/et\/?s={search_term_string}\"},\"query-input\":\"required name=search_term_string\"}],\"inLanguage\":\"et\"},{\"@type\":[\"Organization\",\"Place\"],\"@id\":\"https:\/\/odavprint.ee\/et\/#organization\",\"name\":\"Odav Print O\u00dc\",\"url\":\"https:\/\/odavprint.ee\/et\/\",\"logo\":{\"@id\":\"https:\/\/odavprint.ee\/et\/tonereiden-taytto\/utax\/#local-main-organization-logo\"},\"image\":{\"@id\":\"https:\/\/odavprint.ee\/et\/tonereiden-taytto\/utax\/#local-main-organization-logo\"},\"address\":{\"@id\":\"https:\/\/odavprint.ee\/et\/tonereiden-taytto\/utax\/#local-main-place-address\"},\"geo\":{\"@type\":\"GeoCoordinates\",\"latitude\":\"59.4306504\",\"longitude\":\"24.8095743\"},\"telephone\":[\"53836926\"],\"openingHoursSpecification\":[{\"@type\":\"OpeningHoursSpecification\",\"dayOfWeek\":[\"Monday\",\"Tuesday\",\"Wednesday\",\"Thursday\",\"Friday\",\"Saturday\",\"Sunday\"],\"opens\":\"09:00\",\"closes\":\"17:00\"}],\"email\":\"info@odavprint.eu\"},{\"@type\":\"PostalAddress\",\"@id\":\"https:\/\/odavprint.ee\/et\/tonereiden-taytto\/utax\/#local-main-place-address\",\"streetAddress\":\"Pae tn 28\",\"addressLocality\":\"Tallinn\",\"postalCode\":\"11415\",\"addressRegion\":\"Harjumaa\",\"addressCountry\":\"EE\"},{\"@type\":\"ImageObject\",\"inLanguage\":\"et\",\"@id\":\"https:\/\/odavprint.ee\/et\/tonereiden-taytto\/utax\/#local-main-organization-logo\",\"url\":\"https:\/\/odavprint.ee\/wp-content\/uploads\/2018\/10\/odavprint-logo-240.jpg\",\"contentUrl\":\"https:\/\/odavprint.ee\/wp-content\/uploads\/2018\/10\/odavprint-logo-240.jpg\",\"width\":240,\"height\":36,\"caption\":\"Odav Print O\u00dc\"}]}<\/script>\n<meta name=\"geo.placename\" content=\"Tallinn\" \/>\n<meta name=\"geo.position\" content=\"59.4306504;24.8095743\" \/>\n<meta name=\"geo.region\" content=\"Estonia\" \/>\n<!-- \/ Yoast SEO Premium plugin. -->","yoast_head_json":{"title":"Utax toonerite, tahmakassettide, printerite t\u00e4itmine Tallinnas","description":"Nimikiri ei ole l\u00f5plik, kui te ei leidnud enda printeri v\u00f5i kassetti mudeli, siis v\u00f5tke meiega \u00fchendust. Informarsioon ja Kulleri tellimine","robots":{"index":"index","follow":"follow","max-snippet":"max-snippet:-1","max-image-preview":"max-image-preview:large","max-video-preview":"max-video-preview:-1"},"canonical":"https:\/\/odavprint.ee\/et\/tonereiden-taytto\/utax\/","og_locale":"et_EE","og_type":"article","og_title":"Utax","og_description":"Nimikiri ei ole l\u00f5plik, kui te ei leidnud enda printeri v\u00f5i kassetti mudeli, siis v\u00f5tke meiega \u00fchendust. Informarsioon ja Kulleri tellimine","og_url":"https:\/\/odavprint.ee\/et\/tonereiden-taytto\/utax\/","og_site_name":"Odav Print","article_modified_time":"2020-11-26T14:24:27+00:00","twitter_card":"summary_large_image","schema":{"@context":"https:\/\/schema.org","@graph":[{"@type":"WebPage","@id":"https:\/\/odavprint.ee\/et\/tonereiden-taytto\/utax\/","url":"https:\/\/odavprint.ee\/et\/tonereiden-taytto\/utax\/","name":"Utax toonerite, tahmakassettide, printerite t\u00e4itmine Tallinnas","isPartOf":{"@id":"https:\/\/odavprint.ee\/et\/#website"},"datePublished":"2019-02-04T14:27:09+00:00","dateModified":"2020-11-26T14:24:27+00:00","description":"Nimikiri ei ole l\u00f5plik, kui te ei leidnud enda printeri v\u00f5i kassetti mudeli, siis v\u00f5tke meiega \u00fchendust. Informarsioon ja Kulleri tellimine","breadcrumb":{"@id":"https:\/\/odavprint.ee\/et\/tonereiden-taytto\/utax\/#breadcrumb"},"inLanguage":"et","potentialAction":[{"@type":"ReadAction","target":["https:\/\/odavprint.ee\/et\/tonereiden-taytto\/utax\/"]}]},{"@type":"BreadcrumbList","@id":"https:\/\/odavprint.ee\/et\/tonereiden-taytto\/utax\/#breadcrumb","itemListElement":[{"@type":"ListItem","position":1,"name":"Home","item":"https:\/\/odavprint.ee\/et\/esileht\/"},{"@type":"ListItem","position":2,"name":"Toonerite t\u00e4itmine","item":"https:\/\/odavprint.ee\/et\/toonerite-taitmine\/"},{"@type":"ListItem","position":3,"name":"Utax"}]},{"@type":"WebSite","@id":"https:\/\/odavprint.ee\/et\/#website","url":"https:\/\/odavprint.ee\/et\/","name":"Odav Print","description":"Just another WordPress site","publisher":{"@id":"https:\/\/odavprint.ee\/et\/#organization"},"alternateName":"Kassettide, toonerite t\u00e4itmine ja m\u00fc\u00fck.","potentialAction":[{"@type":"SearchAction","target":{"@type":"EntryPoint","urlTemplate":"https:\/\/odavprint.ee\/et\/?s={search_term_string}"},"query-input":"required name=search_term_string"}],"inLanguage":"et"},{"@type":["Organization","Place"],"@id":"https:\/\/odavprint.ee\/et\/#organization","name":"Odav Print O\u00dc","url":"https:\/\/odavprint.ee\/et\/","logo":{"@id":"https:\/\/odavprint.ee\/et\/tonereiden-taytto\/utax\/#local-main-organization-logo"},"image":{"@id":"https:\/\/odavprint.ee\/et\/tonereiden-taytto\/utax\/#local-main-organization-logo"},"address":{"@id":"https:\/\/odavprint.ee\/et\/tonereiden-taytto\/utax\/#local-main-place-address"},"geo":{"@type":"GeoCoordinates","latitude":"59.4306504","longitude":"24.8095743"},"telephone":["53836926"],"openingHoursSpecification":[{"@type":"OpeningHoursSpecification","dayOfWeek":["Monday","Tuesday","Wednesday","Thursday","Friday","Saturday","Sunday"],"opens":"09:00","closes":"17:00"}],"email":"info@odavprint.eu"},{"@type":"PostalAddress","@id":"https:\/\/odavprint.ee\/et\/tonereiden-taytto\/utax\/#local-main-place-address","streetAddress":"Pae tn 28","addressLocality":"Tallinn","postalCode":"11415","addressRegion":"Harjumaa","addressCountry":"EE"},{"@type":"ImageObject","inLanguage":"et","@id":"https:\/\/odavprint.ee\/et\/tonereiden-taytto\/utax\/#local-main-organization-logo","url":"https:\/\/odavprint.ee\/wp-content\/uploads\/2018\/10\/odavprint-logo-240.jpg","contentUrl":"https:\/\/odavprint.ee\/wp-content\/uploads\/2018\/10\/odavprint-logo-240.jpg","width":240,"height":36,"caption":"Odav Print O\u00dc"}]},"geo.placename":"Tallinn","geo.position":{"lat":"59.4306504","long":"24.8095743"},"geo.region":"Estonia"},"_links":{"self":[{"href":"https:\/\/odavprint.ee\/et\/wp-json\/wp\/v2\/pages\/11297"}],"collection":[{"href":"https:\/\/odavprint.ee\/et\/wp-json\/wp\/v2\/pages"}],"about":[{"href":"https:\/\/odavprint.ee\/et\/wp-json\/wp\/v2\/types\/page"}],"author":[{"embeddable":true,"href":"https:\/\/odavprint.ee\/et\/wp-json\/wp\/v2\/users\/1"}],"replies":[{"embeddable":true,"href":"https:\/\/odavprint.ee\/et\/wp-json\/wp\/v2\/comments?post=11297"}],"version-history":[{"count":3,"href":"https:\/\/odavprint.ee\/et\/wp-json\/wp\/v2\/pages\/11297\/revisions"}],"predecessor-version":[{"id":72307,"href":"https:\/\/odavprint.ee\/et\/wp-json\/wp\/v2\/pages\/11297\/revisions\/72307"}],"up":[{"embeddable":true,"href":"https:\/\/odavprint.ee\/et\/wp-json\/wp\/v2\/pages\/19962"}],"wp:attachment":[{"href":"https:\/\/odavprint.ee\/et\/wp-json\/wp\/v2\/media?parent=11297"}],"curies":[{"name":"wp","href":"https:\/\/api.w.org\/{rel}","templated":true}]}}