{"id":11323,"date":"2018-10-31T22:30:26","date_gmt":"2018-10-31T20:30:26","guid":{"rendered":"https:\/\/odavprint.preview.ee\/remont-i-obsluzhivanie-printerov\/"},"modified":"2025-12-17T15:30:56","modified_gmt":"2025-12-17T13:30:56","slug":"printerite-hooldus-ja-remont","status":"publish","type":"page","link":"https:\/\/odavprint.ee\/et\/teenused\/printerite-hooldus-ja-remont\/","title":{"rendered":"Printerite hooldus ja remont"},"content":{"rendered":"\t<section class=\"section\" id=\"section_1373844068\">\n\t\t<div class=\"bg section-bg fill bg-fill  \" >\n\n\t\t\t\n\t\t\t\n\t\t\t\n\n\t\t<\/div>\n\n\t\t<div class=\"section-content relative\">\n\t\t\t\n<div class=\"row row-large align-middle\"  id=\"row-868363879\">\n\n\t<div id=\"col-835600877\" class=\"col medium-12 small-12 large-6\"  >\n\t\t\t\t<div class=\"col-inner\"  >\n\t\t\t\n\t\t\t\n\t<div class=\"img has-hover x md-x lg-x y md-y lg-y\" id=\"image_1092289443\">\n\t\t\t\t\t\t\t\t<div class=\"img-inner box-shadow-5 dark\" >\n\t\t\t<img loading=\"lazy\" decoding=\"async\" width=\"1020\" height=\"676\" src=\"https:\/\/odavprint.ee\/wp-content\/uploads\/2018\/10\/shutterstock-308447714_orig-1024x679.jpg\" class=\"attachment-large size-large\" alt=\"\" srcset=\"https:\/\/odavprint.ee\/wp-content\/uploads\/2018\/10\/shutterstock-308447714_orig-1024x679.jpg 1024w, https:\/\/odavprint.ee\/wp-content\/uploads\/2018\/10\/shutterstock-308447714_orig-300x199.jpg 300w, https:\/\/odavprint.ee\/wp-content\/uploads\/2018\/10\/shutterstock-308447714_orig-768x509.jpg 768w, https:\/\/odavprint.ee\/wp-content\/uploads\/2018\/10\/shutterstock-308447714_orig-600x398.jpg 600w, https:\/\/odavprint.ee\/wp-content\/uploads\/2018\/10\/shutterstock-308447714_orig.jpg 1100w\" sizes=\"(max-width: 1020px) 100vw, 1020px\" \/>\t\t\t\t\t\t\n\t\t\t\t\t<\/div>\n\t\t\t\t\t\t\t\t\n<style>\n#image_1092289443 {\n  width: 100%;\n}\n<\/style>\n\t<\/div>\n\t\n\t\t<\/div>\n\t\t\t\t\n<style>\n#col-835600877 > .col-inner {\n  margin: 0px 0px -28px 0px;\n}\n<\/style>\n\t<\/div>\n\n\t\n\n\t<div id=\"col-1290040010\" class=\"col medium-12 small-12 large-6\"  >\n\t\t\t\t<div class=\"col-inner\"  >\n\t\t\t\n\t\t\t\n\t<div id=\"gap-1622684807\" class=\"gap-element clearfix\" style=\"display:block; height:auto;\">\n\t\t\n<style>\n#gap-1622684807 {\n  padding-top: 30px;\n}\n<\/style>\n\t<\/div>\n\t\n<h1>Printerite remont ja hooldus<\/h1>\n<p>Printerite remont ja hooldus toimub meie t\u00f6\u00f6kojas kui ka kliendi juures.<\/p>\n<p>Printeri remondi ajaks asendus printeri v\u00f5imalus.<br \/>\nT\u00f6\u00f6de teostamise t\u00e4htaeg on alates 15 minutit kuni 3 p\u00e4eva.<\/p>\n<p>Teostame remonti ainult tavalistele kodu ja kontoriprinteritele.<br \/>\nPrinterite kiir remont.<\/p>\n<ul>\n<li class=\"firstItem\">Printeri esmane \u00fclevaatus (probleemi tuvastamine) 25 \u20ac<\/li>\n<li>Tehniku kutse 25 \u20ac<\/li>\n<li class=\"lastItem\">Lihtsamate t\u00f6\u00f6de hinnad alates 25 \u20ac<\/li>\n<li>Printeri transportimine (edasi ja tagasi) 25 \u20ac<\/li>\n<\/ul>\n\t\t<\/div>\n\t\t\t\t\n<style>\n#col-1290040010 > .col-inner {\n  margin: 0px 0px -49px 0px;\n}\n<\/style>\n\t<\/div>\n\n\t\n<\/div>\n\t\t<\/div>\n\n\t\t\n<style>\n#section_1373844068 {\n  padding-top: 80px;\n  padding-bottom: 80px;\n}\n#section_1373844068 .section-bg.bg-loaded {\n  background-image: url(https:\/\/odavprint.ee\/wp-content\/uploads\/2018\/10\/Long-01.svg);\n}\n<\/style>\n\t<\/section>\n\t\n\t<section class=\"section\" id=\"section_584742379\">\n\t\t<div class=\"bg section-bg fill bg-fill  bg-loaded\" >\n\n\t\t\t\n\t\t\t\n\t\t\t\n\n\t\t<\/div>\n\n\t\t<div class=\"section-content relative\">\n\t\t\t\n\t<div id=\"gap-1439514566\" class=\"gap-element clearfix\" style=\"display:block; height:auto;\">\n\t\t\n<style>\n#gap-1439514566 {\n  padding-top: 70px;\n}\n<\/style>\n\t<\/div>\n\t\n<div class=\"row row-collapse\"  id=\"row-125421013\">\n\n\t<div id=\"col-1134702400\" class=\"col small-12 large-12\"  >\n\t\t\t\t<div class=\"col-inner\"  >\n\t\t\t\n\t\t\t\n<h2 style=\"text-align: center;\">Parandame:<\/h2>\n<p style=\"text-align: center;\"><span style=\"font-size: 90%;\">Parandame ka teisi mudeleid. Teenuse p\u00e4ringus kindlasti kirjutage oma printeri mudel!<\/span><\/p>\n\t\t<\/div>\n\t\t\t\t\n<style>\n#col-1134702400 > .col-inner {\n  margin: 0px 0px -11px 0px;\n}\n<\/style>\n\t<\/div>\n\n\t\n<\/div>\n<div class=\"row\"  id=\"row-1143399236\">\n\n\t<div id=\"col-478279338\" class=\"col medium-4 small-6 large-2\"  >\n\t\t\t\t<div class=\"col-inner text-center\"  >\n\t\t\t\n\t\t\t\n<div class=\"ux-logo has-hover align-middle ux_logo inline-block\" style=\"max-width: 100%!important; width: 180px!important\"><div class=\"ux-logo-link block image-zoom\" title=\"\"  href=\"\" style=\"padding: 15px;\"><img decoding=\"async\" src=\"https:\/\/odavprint.ee\/wp-content\/uploads\/2018\/10\/canon.png\" title=\"\" alt=\"\" class=\"ux-logo-image block\" style=\"height:150px;\" \/><\/div><\/div>\n\t\t<\/div>\n\t\t\t\t\t<\/div>\n\n\t\n\n\t<div id=\"col-2102184410\" class=\"col medium-4 small-6 large-2\"  >\n\t\t\t\t<div class=\"col-inner text-center\"  >\n\t\t\t\n\t\t\t\n<div class=\"ux-logo has-hover align-middle ux_logo inline-block\" style=\"max-width: 100%!important; width: 180px!important\"><div class=\"ux-logo-link block image-zoom\" title=\"\"  href=\"\" style=\"padding: 15px;\"><img decoding=\"async\" src=\"https:\/\/odavprint.ee\/wp-content\/uploads\/2018\/10\/brother-1.png\" title=\"\" alt=\"\" class=\"ux-logo-image block\" style=\"height:150px;\" \/><\/div><\/div>\n\t\t<\/div>\n\t\t\t\t\t<\/div>\n\n\t\n\n\t<div id=\"col-612085589\" class=\"col medium-4 small-6 large-2\"  >\n\t\t\t\t<div class=\"col-inner text-center\"  >\n\t\t\t\n\t\t\t\n<div class=\"ux-logo has-hover align-middle ux_logo inline-block\" style=\"max-width: 100%!important; width: 180px!important\"><div class=\"ux-logo-link block image-zoom\" title=\"\"  href=\"\" style=\"padding: 15px;\"><img decoding=\"async\" src=\"https:\/\/odavprint.ee\/wp-content\/uploads\/2018\/10\/dell.png\" title=\"\" alt=\"\" class=\"ux-logo-image block\" style=\"height:150px;\" \/><\/div><\/div>\n\t\t<\/div>\n\t\t\t\t\t<\/div>\n\n\t\n\n\t<div id=\"col-1297805348\" class=\"col medium-4 small-6 large-2\"  >\n\t\t\t\t<div class=\"col-inner text-center\"  >\n\t\t\t\n\t\t\t\n<div class=\"ux-logo has-hover align-middle ux_logo inline-block\" style=\"max-width: 100%!important; width: 180px!important\"><div class=\"ux-logo-link block image-zoom\" title=\"\"  href=\"\" style=\"padding: 15px;\"><img decoding=\"async\" src=\"https:\/\/odavprint.ee\/wp-content\/uploads\/2018\/10\/epson.png\" title=\"\" alt=\"\" class=\"ux-logo-image block\" style=\"height:150px;\" \/><\/div><\/div>\n\t\t<\/div>\n\t\t\t\t\t<\/div>\n\n\t\n\n\t<div id=\"col-894018466\" class=\"col medium-4 small-6 large-2\"  >\n\t\t\t\t<div class=\"col-inner text-center\"  >\n\t\t\t\n\t\t\t\n<div class=\"ux-logo has-hover align-middle ux_logo inline-block\" style=\"max-width: 100%!important; width: 180px!important\"><div class=\"ux-logo-link block image-zoom\" title=\"\"  href=\"\" style=\"padding: 15px;\"><img decoding=\"async\" src=\"https:\/\/odavprint.ee\/wp-content\/uploads\/2018\/10\/hp.png\" title=\"\" alt=\"\" class=\"ux-logo-image block\" style=\"height:150px;\" \/><\/div><\/div>\n\t\t<\/div>\n\t\t\t\t\t<\/div>\n\n\t\n\n\t<div id=\"col-2037289243\" class=\"col medium-4 small-6 large-2\"  >\n\t\t\t\t<div class=\"col-inner text-center\"  >\n\t\t\t\n\t\t\t\n<div class=\"ux-logo has-hover align-middle ux_logo inline-block\" style=\"max-width: 100%!important; width: 180px!important\"><div class=\"ux-logo-link block image-zoom\" title=\"\"  href=\"\" style=\"padding: 15px;\"><img decoding=\"async\" src=\"https:\/\/odavprint.ee\/wp-content\/uploads\/2018\/10\/logo_8.png\" title=\"\" alt=\"\" class=\"ux-logo-image block\" style=\"height:150px;\" \/><\/div><\/div>\n\t\t<\/div>\n\t\t\t\t\t<\/div>\n\n\t\n\n\t<div id=\"col-1961205960\" class=\"col medium-4 small-6 large-2\"  >\n\t\t\t\t<div class=\"col-inner text-center\"  >\n\t\t\t\n\t\t\t\n<div class=\"ux-logo has-hover align-middle ux_logo inline-block\" style=\"max-width: 100%!important; width: 180px!important\"><div class=\"ux-logo-link block image-zoom\" title=\"\"  href=\"\" style=\"padding: 15px;\"><img decoding=\"async\" src=\"https:\/\/odavprint.ee\/wp-content\/uploads\/2018\/10\/logo_6.png\" title=\"\" alt=\"\" class=\"ux-logo-image block\" style=\"height:150px;\" \/><\/div><\/div>\n\t\t<\/div>\n\t\t\t\t\t<\/div>\n\n\t\n\n\t<div id=\"col-461987163\" class=\"col medium-4 small-6 large-2\"  >\n\t\t\t\t<div class=\"col-inner text-center\"  >\n\t\t\t\n\t\t\t\n<div class=\"ux-logo has-hover align-middle ux_logo inline-block\" style=\"max-width: 100%!important; width: 180px!important\"><div class=\"ux-logo-link block image-zoom\" title=\"\"  href=\"\" style=\"padding: 15px;\"><img decoding=\"async\" src=\"https:\/\/odavprint.ee\/wp-content\/uploads\/2018\/10\/km.jpg\" title=\"\" alt=\"\" class=\"ux-logo-image block\" style=\"height:150px;\" \/><\/div><\/div>\n\t\t<\/div>\n\t\t\t\t\t<\/div>\n\n\t\n\n\t<div id=\"col-1645992044\" class=\"col medium-4 small-6 large-2\"  >\n\t\t\t\t<div class=\"col-inner text-center\"  >\n\t\t\t\n\t\t\t\n<div class=\"ux-logo has-hover align-middle ux_logo inline-block\" style=\"max-width: 100%!important; width: 180px!important\"><div class=\"ux-logo-link block image-zoom\" title=\"\"  href=\"\" style=\"padding: 15px;\"><img decoding=\"async\" src=\"https:\/\/odavprint.ee\/wp-content\/uploads\/2018\/10\/samsung.gif\" title=\"\" alt=\"\" class=\"ux-logo-image block\" style=\"height:150px;\" \/><\/div><\/div>\n\t\t<\/div>\n\t\t\t\t\t<\/div>\n\n\t\n\n\t<div id=\"col-1863418583\" class=\"col medium-4 small-6 large-2\"  >\n\t\t\t\t<div class=\"col-inner text-center\"  >\n\t\t\t\n\t\t\t\n<div class=\"ux-logo has-hover align-middle ux_logo inline-block\" style=\"max-width: 100%!important; width: 180px!important\"><div class=\"ux-logo-link block image-zoom\" title=\"\"  href=\"\" style=\"padding: 15px;\"><img decoding=\"async\" src=\"https:\/\/odavprint.ee\/wp-content\/uploads\/2018\/10\/xerox.jpg\" title=\"\" alt=\"\" class=\"ux-logo-image block\" style=\"height:150px;\" \/><\/div><\/div>\n\t\t<\/div>\n\t\t\t\t\t<\/div>\n\n\t\n\n\t<div id=\"col-1052382275\" class=\"col medium-4 small-6 large-2\"  >\n\t\t\t\t<div class=\"col-inner text-center\"  >\n\t\t\t\n\t\t\t\n<div class=\"ux-logo has-hover align-middle ux_logo inline-block\" style=\"max-width: 100%!important; width: 180px!important\"><div class=\"ux-logo-link block image-zoom\" title=\"\"  href=\"\" style=\"padding: 15px;\"><img decoding=\"async\" src=\"https:\/\/odavprint.ee\/wp-content\/uploads\/2018\/10\/lexmark.png\" title=\"\" alt=\"\" class=\"ux-logo-image block\" style=\"height:150px;\" \/><\/div><\/div>\n\t\t<\/div>\n\t\t\t\t\t<\/div>\n\n\t\n\n\t<div id=\"col-46713444\" class=\"col medium-4 small-6 large-2\"  >\n\t\t\t\t<div class=\"col-inner text-center\"  >\n\t\t\t\n\t\t\t\n<div class=\"ux-logo has-hover align-middle ux_logo inline-block\" style=\"max-width: 100%!important; width: 180px!important\"><div class=\"ux-logo-link block image-zoom\" title=\"\"  href=\"\" style=\"padding: 15px;\"><img decoding=\"async\" src=\"https:\/\/odavprint.ee\/wp-content\/uploads\/2018\/10\/logo_5.png\" title=\"\" alt=\"\" class=\"ux-logo-image block\" style=\"height:150px;\" \/><\/div><\/div>\n\t\t<\/div>\n\t\t\t\t\t<\/div>\n\n\t\n<\/div>\n\t<div id=\"gap-1986569486\" class=\"gap-element clearfix\" style=\"display:block; height:auto;\">\n\t\t\n<style>\n#gap-1986569486 {\n  padding-top: 30px;\n}\n<\/style>\n\t<\/div>\n\t\n\t\t<\/div>\n\n\t\t\n<style>\n#section_584742379 {\n  padding-top: 0px;\n  padding-bottom: 0px;\n}\n<\/style>\n\t<\/section>\n\t\n\t<section class=\"section\" id=\"section_1969862904\">\n\t\t<div class=\"bg section-bg fill bg-fill  \" >\n\n\t\t\t\n\t\t\t\n\t\t\t\n\n\t\t<\/div>\n\n\t\t<div class=\"section-content relative\">\n\t\t\t\n<div class=\"row align-middle\"  id=\"row-1473565278\">\n\n\t<div id=\"col-96085762\" class=\"col text-align-center-lte-md medium-12 small-12 large-1\"  >\n\t\t\t\t<div class=\"col-inner\"  >\n\t\t\t\n\t\t\t\n\t<div class=\"img has-hover x md-x lg-x y md-y lg-y\" id=\"image_752819150\">\n\t\t\t\t\t\t\t\t<div class=\"img-inner dark\" >\n\t\t\t<img loading=\"lazy\" decoding=\"async\" width=\"1\" height=\"1\" src=\"https:\/\/odavprint.ee\/wp-content\/uploads\/2018\/10\/email.svg\" class=\"attachment-large size-large\" alt=\"\" \/>\t\t\t\t\t\t\n\t\t\t\t\t<\/div>\n\t\t\t\t\t\t\t\t\n<style>\n#image_752819150 {\n  width: 21%;\n}\n@media (min-width:550px) {\n  #image_752819150 {\n    width: 14%;\n  }\n}\n@media (min-width:850px) {\n  #image_752819150 {\n    width: 68%;\n  }\n}\n<\/style>\n\t<\/div>\n\t\n\t\t<\/div>\n\t\t\t\t\n<style>\n#col-96085762 > .col-inner {\n  margin: 0px 0px -31px 0px;\n}\n<\/style>\n\t<\/div>\n\n\t\n\n\t<div id=\"col-289637709\" class=\"col text-align-center-lte-md medium-12 small-12 large-7\"  >\n\t\t\t\t<div class=\"col-inner dark\"  >\n\t\t\t\n\t\t\t\n<p><strong><span style=\"font-size: 150%;\">Hoolduse ja remondi p\u00e4ring<\/span><\/strong><br \/>\nSaatke meile p\u00e4ring, kui te olete huvitatud printeri hoolduses v\u00f5i remondis.<\/p>\n\t\t<\/div>\n\t\t\t\t\n<style>\n#col-289637709 > .col-inner {\n  margin: 0px 0px -44px 0;\n}\n<\/style>\n\t<\/div>\n\n\t\n\n\t<div id=\"col-403042838\" class=\"col text-align-center-lte-md medium-12 small-12 large-4\"  >\n\t\t\t\t<div class=\"col-inner text-right dark\"  >\n\t\t\t\n\t\t\t\n<a href=\"https:\/\/odavprint.ee\/et\/kontakt\/\" target=\"_self\" class=\"button white is-outline lowercase\"  style=\"border-radius:99px;\">\n    <span>Meie kontaktid<\/span>\n  <\/a>\n\n\t\t<\/div>\n\t\t\t\t\n<style>\n#col-403042838 > .col-inner {\n  margin: 0px 0px -44px 0px;\n}\n<\/style>\n\t<\/div>\n\n\t\n<\/div>\n\t\t<\/div>\n\n\t\t\n<style>\n#section_1969862904 {\n  padding-top: 20px;\n  padding-bottom: 20px;\n  background-color: #ed008c;\n}\n#section_1969862904 .section-bg.bg-loaded {\n  background-image: url(https:\/\/odavprint.ee\/wp-content\/uploads\/2018\/10\/backs-03.svg);\n}\n<\/style>\n\t<\/section>\n\t\n","protected":false},"excerpt":{"rendered":"","protected":false},"author":2,"featured_media":0,"parent":11319,"menu_order":0,"comment_status":"closed","ping_status":"closed","template":"page-blank.php","meta":{"inline_featured_image":false,"footnotes":""},"yoast_head":"<!-- This site is optimized with the Yoast SEO Premium plugin v23.0 (Yoast SEO v23.0) - https:\/\/yoast.com\/wordpress\/plugins\/seo\/ -->\n<title>Printerite remont Tallinnas - printeri hooldus - Odav Print<\/title>\n<meta name=\"description\" content=\"Printerite remont Odav Print \u260e +372 5911 9495 \u2714\ufe0f Hea hinnaga printeri parandus ja hooldus \u2714\ufe0f Canon, Epson, Samsung, HP printerite remont \u2714\ufe0f Kiirelt ja t\u00f5husalt \u2b50 Garantii\" \/>\n<meta name=\"robots\" content=\"index, follow, max-snippet:-1, max-image-preview:large, max-video-preview:-1\" \/>\n<link rel=\"canonical\" href=\"https:\/\/odavprint.ee\/et\/teenused\/printerite-hooldus-ja-remont\/\" \/>\n<meta property=\"og:locale\" content=\"et_EE\" \/>\n<meta property=\"og:type\" content=\"article\" \/>\n<meta property=\"og:title\" content=\"Printerite hooldus ja remont\" \/>\n<meta property=\"og:description\" content=\"Printerite remont Odav Print \u260e +372 5911 9495 \u2714\ufe0f Hea hinnaga printeri parandus ja hooldus \u2714\ufe0f Canon, Epson, Samsung, HP printerite remont \u2714\ufe0f Kiirelt ja t\u00f5husalt \u2b50 Garantii\" \/>\n<meta property=\"og:url\" content=\"https:\/\/odavprint.ee\/et\/teenused\/printerite-hooldus-ja-remont\/\" \/>\n<meta property=\"og:site_name\" content=\"Odav Print\" \/>\n<meta property=\"article:modified_time\" content=\"2025-12-17T13:30:56+00:00\" \/>\n<meta name=\"twitter:card\" content=\"summary_large_image\" \/>\n<meta name=\"twitter:label1\" content=\"Est. reading time\" \/>\n\t<meta name=\"twitter:data1\" content=\"2 minutit\" \/>\n<script type=\"application\/ld+json\" class=\"yoast-schema-graph\">{\"@context\":\"https:\/\/schema.org\",\"@graph\":[{\"@type\":\"WebPage\",\"@id\":\"https:\/\/odavprint.ee\/et\/teenused\/printerite-hooldus-ja-remont\/\",\"url\":\"https:\/\/odavprint.ee\/et\/teenused\/printerite-hooldus-ja-remont\/\",\"name\":\"Printerite remont Tallinnas - printeri hooldus - Odav Print\",\"isPartOf\":{\"@id\":\"https:\/\/odavprint.ee\/et\/#website\"},\"datePublished\":\"2018-10-31T20:30:26+00:00\",\"dateModified\":\"2025-12-17T13:30:56+00:00\",\"description\":\"Printerite remont Odav Print \u260e +372 5911 9495 \u2714\ufe0f Hea hinnaga printeri parandus ja hooldus \u2714\ufe0f Canon, Epson, Samsung, HP printerite remont \u2714\ufe0f Kiirelt ja t\u00f5husalt \u2b50 Garantii\",\"breadcrumb\":{\"@id\":\"https:\/\/odavprint.ee\/et\/teenused\/printerite-hooldus-ja-remont\/#breadcrumb\"},\"inLanguage\":\"et\",\"potentialAction\":[{\"@type\":\"ReadAction\",\"target\":[\"https:\/\/odavprint.ee\/et\/teenused\/printerite-hooldus-ja-remont\/\"]}]},{\"@type\":\"BreadcrumbList\",\"@id\":\"https:\/\/odavprint.ee\/et\/teenused\/printerite-hooldus-ja-remont\/#breadcrumb\",\"itemListElement\":[{\"@type\":\"ListItem\",\"position\":1,\"name\":\"Home\",\"item\":\"https:\/\/odavprint.ee\/et\/esileht\/\"},{\"@type\":\"ListItem\",\"position\":2,\"name\":\"Teenused\",\"item\":\"https:\/\/odavprint.ee\/et\/teenused\/\"},{\"@type\":\"ListItem\",\"position\":3,\"name\":\"Printerite hooldus ja remont\"}]},{\"@type\":\"WebSite\",\"@id\":\"https:\/\/odavprint.ee\/et\/#website\",\"url\":\"https:\/\/odavprint.ee\/et\/\",\"name\":\"Odav Print\",\"description\":\"Just another WordPress site\",\"publisher\":{\"@id\":\"https:\/\/odavprint.ee\/et\/#organization\"},\"alternateName\":\"Kassettide, toonerite t\u00e4itmine ja m\u00fc\u00fck.\",\"potentialAction\":[{\"@type\":\"SearchAction\",\"target\":{\"@type\":\"EntryPoint\",\"urlTemplate\":\"https:\/\/odavprint.ee\/et\/?s={search_term_string}\"},\"query-input\":\"required name=search_term_string\"}],\"inLanguage\":\"et\"},{\"@type\":[\"Organization\",\"Place\"],\"@id\":\"https:\/\/odavprint.ee\/et\/#organization\",\"name\":\"Odav Print O\u00dc\",\"url\":\"https:\/\/odavprint.ee\/et\/\",\"logo\":{\"@id\":\"https:\/\/odavprint.ee\/et\/teenused\/printerite-hooldus-ja-remont\/#local-main-organization-logo\"},\"image\":{\"@id\":\"https:\/\/odavprint.ee\/et\/teenused\/printerite-hooldus-ja-remont\/#local-main-organization-logo\"},\"address\":{\"@id\":\"https:\/\/odavprint.ee\/et\/teenused\/printerite-hooldus-ja-remont\/#local-main-place-address\"},\"geo\":{\"@type\":\"GeoCoordinates\",\"latitude\":\"59.4306504\",\"longitude\":\"24.8095743\"},\"telephone\":[\"53836926\"],\"openingHoursSpecification\":[{\"@type\":\"OpeningHoursSpecification\",\"dayOfWeek\":[\"Monday\",\"Tuesday\",\"Wednesday\",\"Thursday\",\"Friday\",\"Saturday\",\"Sunday\"],\"opens\":\"09:00\",\"closes\":\"17:00\"}],\"email\":\"info@odavprint.eu\"},{\"@type\":\"PostalAddress\",\"@id\":\"https:\/\/odavprint.ee\/et\/teenused\/printerite-hooldus-ja-remont\/#local-main-place-address\",\"streetAddress\":\"Pae tn 28\",\"addressLocality\":\"Tallinn\",\"postalCode\":\"11415\",\"addressRegion\":\"Harjumaa\",\"addressCountry\":\"EE\"},{\"@type\":\"ImageObject\",\"inLanguage\":\"et\",\"@id\":\"https:\/\/odavprint.ee\/et\/teenused\/printerite-hooldus-ja-remont\/#local-main-organization-logo\",\"url\":\"https:\/\/odavprint.ee\/wp-content\/uploads\/2018\/10\/odavprint-logo-240.jpg\",\"contentUrl\":\"https:\/\/odavprint.ee\/wp-content\/uploads\/2018\/10\/odavprint-logo-240.jpg\",\"width\":240,\"height\":36,\"caption\":\"Odav Print O\u00dc\"}]}<\/script>\n<meta name=\"geo.placename\" content=\"Tallinn\" \/>\n<meta name=\"geo.position\" content=\"59.4306504;24.8095743\" \/>\n<meta name=\"geo.region\" content=\"Estonia\" \/>\n<!-- \/ Yoast SEO Premium plugin. -->","yoast_head_json":{"title":"Printerite remont Tallinnas - printeri hooldus - Odav Print","description":"Printerite remont Odav Print \u260e +372 5911 9495 \u2714\ufe0f Hea hinnaga printeri parandus ja hooldus \u2714\ufe0f Canon, Epson, Samsung, HP printerite remont \u2714\ufe0f Kiirelt ja t\u00f5husalt \u2b50 Garantii","robots":{"index":"index","follow":"follow","max-snippet":"max-snippet:-1","max-image-preview":"max-image-preview:large","max-video-preview":"max-video-preview:-1"},"canonical":"https:\/\/odavprint.ee\/et\/teenused\/printerite-hooldus-ja-remont\/","og_locale":"et_EE","og_type":"article","og_title":"Printerite hooldus ja remont","og_description":"Printerite remont Odav Print \u260e +372 5911 9495 \u2714\ufe0f Hea hinnaga printeri parandus ja hooldus \u2714\ufe0f Canon, Epson, Samsung, HP printerite remont \u2714\ufe0f Kiirelt ja t\u00f5husalt \u2b50 Garantii","og_url":"https:\/\/odavprint.ee\/et\/teenused\/printerite-hooldus-ja-remont\/","og_site_name":"Odav Print","article_modified_time":"2025-12-17T13:30:56+00:00","twitter_card":"summary_large_image","twitter_misc":{"Est. reading time":"2 minutit"},"schema":{"@context":"https:\/\/schema.org","@graph":[{"@type":"WebPage","@id":"https:\/\/odavprint.ee\/et\/teenused\/printerite-hooldus-ja-remont\/","url":"https:\/\/odavprint.ee\/et\/teenused\/printerite-hooldus-ja-remont\/","name":"Printerite remont Tallinnas - printeri hooldus - Odav Print","isPartOf":{"@id":"https:\/\/odavprint.ee\/et\/#website"},"datePublished":"2018-10-31T20:30:26+00:00","dateModified":"2025-12-17T13:30:56+00:00","description":"Printerite remont Odav Print \u260e +372 5911 9495 \u2714\ufe0f Hea hinnaga printeri parandus ja hooldus \u2714\ufe0f Canon, Epson, Samsung, HP printerite remont \u2714\ufe0f Kiirelt ja t\u00f5husalt \u2b50 Garantii","breadcrumb":{"@id":"https:\/\/odavprint.ee\/et\/teenused\/printerite-hooldus-ja-remont\/#breadcrumb"},"inLanguage":"et","potentialAction":[{"@type":"ReadAction","target":["https:\/\/odavprint.ee\/et\/teenused\/printerite-hooldus-ja-remont\/"]}]},{"@type":"BreadcrumbList","@id":"https:\/\/odavprint.ee\/et\/teenused\/printerite-hooldus-ja-remont\/#breadcrumb","itemListElement":[{"@type":"ListItem","position":1,"name":"Home","item":"https:\/\/odavprint.ee\/et\/esileht\/"},{"@type":"ListItem","position":2,"name":"Teenused","item":"https:\/\/odavprint.ee\/et\/teenused\/"},{"@type":"ListItem","position":3,"name":"Printerite hooldus ja remont"}]},{"@type":"WebSite","@id":"https:\/\/odavprint.ee\/et\/#website","url":"https:\/\/odavprint.ee\/et\/","name":"Odav Print","description":"Just another WordPress site","publisher":{"@id":"https:\/\/odavprint.ee\/et\/#organization"},"alternateName":"Kassettide, toonerite t\u00e4itmine ja m\u00fc\u00fck.","potentialAction":[{"@type":"SearchAction","target":{"@type":"EntryPoint","urlTemplate":"https:\/\/odavprint.ee\/et\/?s={search_term_string}"},"query-input":"required name=search_term_string"}],"inLanguage":"et"},{"@type":["Organization","Place"],"@id":"https:\/\/odavprint.ee\/et\/#organization","name":"Odav Print O\u00dc","url":"https:\/\/odavprint.ee\/et\/","logo":{"@id":"https:\/\/odavprint.ee\/et\/teenused\/printerite-hooldus-ja-remont\/#local-main-organization-logo"},"image":{"@id":"https:\/\/odavprint.ee\/et\/teenused\/printerite-hooldus-ja-remont\/#local-main-organization-logo"},"address":{"@id":"https:\/\/odavprint.ee\/et\/teenused\/printerite-hooldus-ja-remont\/#local-main-place-address"},"geo":{"@type":"GeoCoordinates","latitude":"59.4306504","longitude":"24.8095743"},"telephone":["53836926"],"openingHoursSpecification":[{"@type":"OpeningHoursSpecification","dayOfWeek":["Monday","Tuesday","Wednesday","Thursday","Friday","Saturday","Sunday"],"opens":"09:00","closes":"17:00"}],"email":"info@odavprint.eu"},{"@type":"PostalAddress","@id":"https:\/\/odavprint.ee\/et\/teenused\/printerite-hooldus-ja-remont\/#local-main-place-address","streetAddress":"Pae tn 28","addressLocality":"Tallinn","postalCode":"11415","addressRegion":"Harjumaa","addressCountry":"EE"},{"@type":"ImageObject","inLanguage":"et","@id":"https:\/\/odavprint.ee\/et\/teenused\/printerite-hooldus-ja-remont\/#local-main-organization-logo","url":"https:\/\/odavprint.ee\/wp-content\/uploads\/2018\/10\/odavprint-logo-240.jpg","contentUrl":"https:\/\/odavprint.ee\/wp-content\/uploads\/2018\/10\/odavprint-logo-240.jpg","width":240,"height":36,"caption":"Odav Print O\u00dc"}]},"geo.placename":"Tallinn","geo.position":{"lat":"59.4306504","long":"24.8095743"},"geo.region":"Estonia"},"_links":{"self":[{"href":"https:\/\/odavprint.ee\/et\/wp-json\/wp\/v2\/pages\/11323"}],"collection":[{"href":"https:\/\/odavprint.ee\/et\/wp-json\/wp\/v2\/pages"}],"about":[{"href":"https:\/\/odavprint.ee\/et\/wp-json\/wp\/v2\/types\/page"}],"author":[{"embeddable":true,"href":"https:\/\/odavprint.ee\/et\/wp-json\/wp\/v2\/users\/2"}],"replies":[{"embeddable":true,"href":"https:\/\/odavprint.ee\/et\/wp-json\/wp\/v2\/comments?post=11323"}],"version-history":[{"count":10,"href":"https:\/\/odavprint.ee\/et\/wp-json\/wp\/v2\/pages\/11323\/revisions"}],"predecessor-version":[{"id":214362,"href":"https:\/\/odavprint.ee\/et\/wp-json\/wp\/v2\/pages\/11323\/revisions\/214362"}],"up":[{"embeddable":true,"href":"https:\/\/odavprint.ee\/et\/wp-json\/wp\/v2\/pages\/11319"}],"wp:attachment":[{"href":"https:\/\/odavprint.ee\/et\/wp-json\/wp\/v2\/media?parent=11323"}],"curies":[{"name":"wp","href":"https:\/\/api.w.org\/{rel}","templated":true}]}}