{"id":11343,"date":"2018-10-31T23:36:37","date_gmt":"2018-10-31T21:36:37","guid":{"rendered":"https:\/\/odavprint.preview.ee\/broshjury-i-katalogi\/"},"modified":"2019-04-06T19:53:34","modified_gmt":"2019-04-06T16:53:34","slug":"brosuurid-kataloogid","status":"publish","type":"page","link":"https:\/\/odavprint.ee\/et\/teenused\/brosuurid-kataloogid\/","title":{"rendered":"Bro\u0161\u00fc\u00fcrid \/ kataloogid"},"content":{"rendered":"\t<section class=\"section\" id=\"section_211122700\">\n\t\t<div class=\"bg section-bg fill bg-fill  \" >\n\n\t\t\t\n\t\t\t\n\t\t\t\n\n\t\t<\/div>\n\n\t\t<div class=\"section-content relative\">\n\t\t\t\n<div class=\"row row-large align-middle\"  id=\"row-507870759\">\n\n\t<div id=\"col-601635313\" class=\"col medium-12 small-12 large-6\"  >\n\t\t\t\t<div class=\"col-inner\"  >\n\t\t\t\n\t\t\t\n\t<div class=\"img has-hover x md-x lg-x y md-y lg-y\" id=\"image_1248161864\">\n\t\t\t\t\t\t\t\t<div class=\"img-inner box-shadow-5 dark\" >\n\t\t\t<img loading=\"lazy\" decoding=\"async\" width=\"880\" height=\"660\" src=\"https:\/\/odavprint.ee\/wp-content\/uploads\/2018\/10\/Large-store-house-capacity.jpg\" class=\"attachment-original size-original\" alt=\"\" srcset=\"https:\/\/odavprint.ee\/wp-content\/uploads\/2018\/10\/Large-store-house-capacity.jpg 880w, https:\/\/odavprint.ee\/wp-content\/uploads\/2018\/10\/Large-store-house-capacity-300x225.jpg 300w, https:\/\/odavprint.ee\/wp-content\/uploads\/2018\/10\/Large-store-house-capacity-768x576.jpg 768w, https:\/\/odavprint.ee\/wp-content\/uploads\/2018\/10\/Large-store-house-capacity-600x450.jpg 600w\" sizes=\"(max-width: 880px) 100vw, 880px\" \/>\t\t\t\t\t\t\n\t\t\t\t\t<\/div>\n\t\t\t\t\t\t\t\t\n<style>\n#image_1248161864 {\n  width: 100%;\n}\n<\/style>\n\t<\/div>\n\t\n\t<div id=\"gap-2048175764\" class=\"gap-element clearfix\" style=\"display:block; height:auto;\">\n\t\t\n<style>\n#gap-2048175764 {\n  padding-top: 30px;\n}\n<\/style>\n\t<\/div>\n\t\n\t\t<\/div>\n\t\t\t\t\n<style>\n#col-601635313 > .col-inner {\n  margin: 0px 0px -28px 0px;\n}\n<\/style>\n\t<\/div>\n\n\t\n\n\t<div id=\"col-872558380\" class=\"col medium-12 small-12 large-6\"  >\n\t\t\t\t<div class=\"col-inner\"  >\n\t\t\t\n\t\t\t\n<h1>Bro\u0161\u00fc\u00fcrid \/ kataloogid<\/h1>\n<div class=\"vc_row wpb_row vc_row-fluid\">\n<div class=\"wpb_column vc_column_container vc_col-sm-8\">\n<div class=\"vc_column-inner \">\n<div class=\"wpb_wrapper\">\n<div class=\"wpb_text_column wpb_content_element \">\n<div class=\"wpb_wrapper\">\n<p><strong>Kataloogid\/bro\u0161\u00fc\u00fcrid<\/strong>\u00a0on enamast kui neljast lehek\u00fcljest koosnevad ja millegi kohta\u00a0<strong>informatsiooni edastavad tr\u00fckised<\/strong>.<\/p>\n<p>Tavaliselt kasutatakse neid ettev\u00f5tte\/organisatsiooni toodete\/teenuste\u00a0<strong>reklaamimiseks sihtr\u00fchmas<\/strong>. Kvaliteetsele paberile tr\u00fckitud v\u00e4rvilisi katalooge\/bro\u0161\u00fc\u00fcre jagatakse peamiselt rahvarohketel \u00fcritustel k\u00e4est k\u00e4tte v\u00f5i pannakse need potentsiaalsete huviliste silmaulatusse tasuta v\u00f5tmiseks. Eelpool mainitud tr\u00fckiseid v\u00f5ib valmistada nii volditult kui ka spiraal- v\u00f5i klamberk\u00f6ites.<\/p>\n<h4>Kuidas ja millest bro\u0161\u00fc\u00fcre ja katalooge valmistame?<\/h4>\n<p>Enim levinud on A4 v\u00f5i A5 formaadis bro\u0161\u00fc\u00fcrid (volditud variandis)<\/p>\n<\/div>\n<\/div>\n<\/div>\n<\/div>\n<\/div>\n<\/div>\n\t\t<\/div>\n\t\t\t\t\n<style>\n#col-872558380 > .col-inner {\n  margin: 0px 0px -49px 0px;\n}\n<\/style>\n\t<\/div>\n\n\t\n<\/div>\n\t\t<\/div>\n\n\t\t\n<style>\n#section_211122700 {\n  padding-top: 80px;\n  padding-bottom: 80px;\n}\n#section_211122700 .section-bg.bg-loaded {\n  background-image: url(https:\/\/odavprint.ee\/wp-content\/uploads\/2018\/10\/Long-01.svg);\n}\n<\/style>\n\t<\/section>\n\t\n\t<section class=\"section\" id=\"section_597153468\">\n\t\t<div class=\"bg section-bg fill bg-fill  bg-loaded\" >\n\n\t\t\t\n\t\t\t\n\t\t\t\n\n\t\t<\/div>\n\n\t\t<div class=\"section-content relative\">\n\t\t\t\n\t<div id=\"gap-1430259864\" class=\"gap-element clearfix\" style=\"display:block; height:auto;\">\n\t\t\n<style>\n#gap-1430259864 {\n  padding-top: 30px;\n}\n<\/style>\n\t<\/div>\n\t\n<div class=\"row row-large align-middle\"  id=\"row-1471104905\">\n\n\t<div id=\"col-2043099550\" class=\"col medium-9 small-12 large-9\"  >\n\t\t\t\t<div class=\"col-inner\"  >\n\t\t\t\n\t\t\t\n<h2>Bro\u0161\u00fc\u00fcrid\/kataloogid spiraalk\u00f6itmisega<\/h2>\n<ul>\n<li class=\"firstItem\">Lehek\u00fclgede arv on tavaliselt 8-60.<\/li>\n<li>Esimese ja viimase lehe saab teha paksema paberiga 150g-200g\/m2 ning soovi korral matt v\u00f5i l\u00e4ikiva laminaadiga.<\/li>\n<li>Sisu lehtede jaoks kasutatame tavaliselt 150g-200g \/ m2 paberit.<\/li>\n<li class=\"lastItem\">Bro\u0161\u00fc\u00fcride spiraalk\u00f6itmise jaoks on v\u00e4ga populaarne landsacape formaat.<\/li>\n<\/ul>\n\t\t<\/div>\n\t\t\t\t\t<\/div>\n\n\t\n\n\t<div id=\"col-1425310184\" class=\"col medium-3 small-12 large-3\"  >\n\t\t\t\t<div class=\"col-inner\"  >\n\t\t\t\n\t\t\t\n\t<div class=\"img has-hover x md-x lg-x y md-y lg-y\" id=\"image_465230447\">\n\t\t\t\t\t\t\t\t<div class=\"img-inner dark\" >\n\t\t\t<img loading=\"lazy\" decoding=\"async\" width=\"259\" height=\"133\" src=\"https:\/\/odavprint.ee\/wp-content\/uploads\/2018\/10\/buklet62.jpg\" class=\"attachment-original size-original\" alt=\"\" \/>\t\t\t\t\t\t\n\t\t\t\t\t<\/div>\n\t\t\t\t\t\t\t\t\n<style>\n#image_465230447 {\n  width: 100%;\n}\n<\/style>\n\t<\/div>\n\t\n\t\t<\/div>\n\t\t\t\t\t<\/div>\n\n\t\n<\/div>\n<div class=\"row row-large align-middle\"  id=\"row-661358278\">\n\n\t<div id=\"col-1098912478\" class=\"col medium-9 small-12 large-9\"  >\n\t\t\t\t<div class=\"col-inner\"  >\n\t\t\t\n\t\t\t\n<h2>Bro\u0161\u00fc\u00fcrid\/kataloogid klamberk\u00f6itmisega<\/h2>\n<ul>\n<li class=\"firstItem\">Lehek\u00fclgede arv on tavaliselt 8-48.<\/li>\n<li>Kaaned valmistatame tavaliselt paksemast paberist 200g-250g\/m2 ning soovi korral matt v\u00f5i l\u00e4ikiva laminaadiga.<\/li>\n<li>Sisu lehtede jaoks kasutatame tavaliselt 150g-200g \/ m2 paberit.<\/li>\n<li class=\"lastItem\">Bro\u0161\u00fc\u00fcride klamberk\u00f6itmise jaoks on vaja arvestada, et\u00a0<strong>lehek\u00fclgede arv peab jaguma 4-ga.<\/strong><\/li>\n<\/ul>\n\t\t<\/div>\n\t\t\t\t\t<\/div>\n\n\t\n\n\t<div id=\"col-1201349066\" class=\"col medium-3 small-12 large-3\"  >\n\t\t\t\t<div class=\"col-inner\"  >\n\t\t\t\n\t\t\t\n\t<div class=\"img has-hover x md-x lg-x y md-y lg-y\" id=\"image_1515749124\">\n\t\t\t\t\t\t\t\t<div class=\"img-inner dark\" >\n\t\t\t<img loading=\"lazy\" decoding=\"async\" width=\"323\" height=\"121\" src=\"https:\/\/odavprint.ee\/wp-content\/uploads\/2018\/10\/buklet51.jpg\" class=\"attachment-original size-original\" alt=\"\" srcset=\"https:\/\/odavprint.ee\/wp-content\/uploads\/2018\/10\/buklet51.jpg 323w, https:\/\/odavprint.ee\/wp-content\/uploads\/2018\/10\/buklet51-300x112.jpg 300w\" sizes=\"(max-width: 323px) 100vw, 323px\" \/>\t\t\t\t\t\t\n\t\t\t\t\t<\/div>\n\t\t\t\t\t\t\t\t\n<style>\n#image_1515749124 {\n  width: 100%;\n}\n<\/style>\n\t<\/div>\n\t\n\t\t<\/div>\n\t\t\t\t\t<\/div>\n\n\t\n<\/div>\n\t<div id=\"gap-336962345\" class=\"gap-element clearfix\" style=\"display:block; height:auto;\">\n\t\t\n<style>\n#gap-336962345 {\n  padding-top: 50px;\n}\n<\/style>\n\t<\/div>\n\t\n<div class=\"row row-large align-middle\"  id=\"row-331936973\">\n\n\t<div id=\"col-953160033\" class=\"col medium-12 small-12 large-6\"  >\n\t\t\t\t<div class=\"col-inner\"  >\n\t\t\t\n\t\t\t\n\t<div class=\"img has-hover x md-x lg-x y md-y lg-y\" id=\"image_495574722\">\n\t\t\t\t\t\t\t\t<div class=\"img-inner box-shadow-5 dark\" >\n\t\t\t<img loading=\"lazy\" decoding=\"async\" width=\"740\" height=\"450\" src=\"https:\/\/odavprint.ee\/wp-content\/uploads\/2018\/10\/740450-1711-6C_35299121.jpg\" class=\"attachment-original size-original\" alt=\"\" srcset=\"https:\/\/odavprint.ee\/wp-content\/uploads\/2018\/10\/740450-1711-6C_35299121.jpg 740w, https:\/\/odavprint.ee\/wp-content\/uploads\/2018\/10\/740450-1711-6C_35299121-300x182.jpg 300w, https:\/\/odavprint.ee\/wp-content\/uploads\/2018\/10\/740450-1711-6C_35299121-600x365.jpg 600w\" sizes=\"(max-width: 740px) 100vw, 740px\" \/>\t\t\t\t\t\t\n\t\t\t\t\t<\/div>\n\t\t\t\t\t\t\t\t\n<style>\n#image_495574722 {\n  width: 100%;\n}\n<\/style>\n\t<\/div>\n\t\n\t\t<\/div>\n\t\t\t\t\t<\/div>\n\n\t\n\n\t<div id=\"col-1942551306\" class=\"col medium-12 small-12 large-6\"  >\n\t\t\t\t<div class=\"col-inner\"  >\n\t\t\t\n\t\t\t\n<h1>N\u00e4idishinnad<\/h1>\n<p>Bro\u0161\u00fc\u00fcrid\/kataloogid tavalisel paberil 150g Silk<\/p>\n<table>\n<thead>\n<tr>\n<td><strong>Suurus<\/strong><\/td>\n<td><strong>K\u00f6itmine<\/strong><\/td>\n<td><strong>Maht (lk)<\/strong><\/td>\n<td><strong>Kogus<\/strong><\/td>\n<td><strong>Hind (KMta)<\/strong><\/td>\n<td><strong>Hind (KMga)<\/strong><\/td>\n<\/tr>\n<\/thead>\n<tbody>\n<tr>\n<td>A4<\/td>\n<td>klamberk\u00f6ide<\/td>\n<td>24lk koos kaantega<\/td>\n<td>20tk<\/td>\n<td>80.-<\/td>\n<td>96.-<\/td>\n<\/tr>\n<tr>\n<td>A4<\/td>\n<td>spiraalk\u00f6ide<\/td>\n<td>30lk koos kaantega<\/td>\n<td>20tk<\/td>\n<td>91.-<\/td>\n<td>\u00a0109.20<\/td>\n<\/tr>\n<\/tbody>\n<\/table>\n<p>Hinnad kehtivad juhul, kui on olemas tr\u00fckifail.\u00a0<strong>T\u00e4psema hinna teadasaamiseks, saatke palun p\u00e4ringu meilile.<\/strong><strong style=\"font-size: 90%;\"> <span style=\"color: #00aae7;\"><a style=\"color: #00aae7;\" href=\"&#x6d;a&#x69;&#108;t&#x6f;&#58;&#x69;&#x6e;f&#x6f;&#64;o&#x64;&#97;&#x76;&#112;r&#x69;&#110;t&#x2e;&#101;&#x65;\">e-mail<\/a><\/span>.<\/strong><\/p>\n\t\t<\/div>\n\t\t\t\t\n<style>\n#col-1942551306 > .col-inner {\n  margin: 0px 0px -27px 0px;\n}\n<\/style>\n\t<\/div>\n\n\t\n<\/div>\n\t<div id=\"gap-1827258246\" class=\"gap-element clearfix\" style=\"display:block; height:auto;\">\n\t\t\n<style>\n#gap-1827258246 {\n  padding-top: 45px;\n}\n<\/style>\n\t<\/div>\n\t\n\t\t<\/div>\n\n\t\t\n<style>\n#section_597153468 {\n  padding-top: 0px;\n  padding-bottom: 0px;\n}\n<\/style>\n\t<\/section>\n\t\n\t<section class=\"section\" id=\"section_500750209\">\n\t\t<div class=\"bg section-bg fill bg-fill  \" >\n\n\t\t\t\n\t\t\t\n\t\t\t\n\n\t\t<\/div>\n\n\t\t<div class=\"section-content relative\">\n\t\t\t\n<div class=\"row align-middle\"  id=\"row-384397929\">\n\n\t<div id=\"col-891300162\" class=\"col text-align-center-lte-md medium-12 small-12 large-1\"  >\n\t\t\t\t<div class=\"col-inner\"  >\n\t\t\t\n\t\t\t\n\t<div class=\"img has-hover x md-x lg-x y md-y lg-y\" id=\"image_875070191\">\n\t\t\t\t\t\t\t\t<div class=\"img-inner dark\" >\n\t\t\t<img loading=\"lazy\" decoding=\"async\" width=\"1\" height=\"1\" src=\"https:\/\/odavprint.ee\/wp-content\/uploads\/2018\/10\/email.svg\" class=\"attachment-large size-large\" alt=\"\" \/>\t\t\t\t\t\t\n\t\t\t\t\t<\/div>\n\t\t\t\t\t\t\t\t\n<style>\n#image_875070191 {\n  width: 14%;\n}\n@media (min-width:850px) {\n  #image_875070191 {\n    width: 68%;\n  }\n}\n<\/style>\n\t<\/div>\n\t\n\t\t<\/div>\n\t\t\t\t\n<style>\n#col-891300162 > .col-inner {\n  margin: 0px 0px -31px 0px;\n}\n<\/style>\n\t<\/div>\n\n\t\n\n\t<div id=\"col-775858624\" class=\"col text-align-center-lte-md medium-12 small-12 large-7\"  >\n\t\t\t\t<div class=\"col-inner dark\"  >\n\t\t\t\n\t\t\t\n<p><strong><span style=\"font-size: 150%;\">Bro\u0161\u00fc\u00fcride ja kataloogide printimine<\/span><\/strong><br \/>\nKui soovite seda teenust tellida, v\u00f5tke meiega \u00fchendust.<\/p>\n\t\t<\/div>\n\t\t\t\t\n<style>\n#col-775858624 > .col-inner {\n  margin: 0px 0px -44px 0;\n}\n<\/style>\n\t<\/div>\n\n\t\n\n\t<div id=\"col-1615297295\" class=\"col text-align-center-lte-md medium-12 small-12 large-4\"  >\n\t\t\t\t<div class=\"col-inner text-right dark\"  >\n\t\t\t\n\t\t\t\n<a href=\"https:\/\/odavprint.ee\/et\/kontakt\/\" target=\"_self\" class=\"button white is-outline lowercase\"  style=\"border-radius:99px;\">\n    <span>Meie kontaktid<\/span>\n  <\/a>\n\n\t\t<\/div>\n\t\t\t\t\n<style>\n#col-1615297295 > .col-inner {\n  margin: 0px 0px -44px 0px;\n}\n<\/style>\n\t<\/div>\n\n\t\n<\/div>\n\t\t<\/div>\n\n\t\t\n<style>\n#section_500750209 {\n  padding-top: 20px;\n  padding-bottom: 20px;\n  background-color: #ed008c;\n}\n#section_500750209 .section-bg.bg-loaded {\n  background-image: url(https:\/\/odavprint.ee\/wp-content\/uploads\/2018\/10\/backs-03.svg);\n}\n<\/style>\n\t<\/section>\n\t\n","protected":false},"excerpt":{"rendered":"","protected":false},"author":2,"featured_media":0,"parent":11319,"menu_order":0,"comment_status":"closed","ping_status":"closed","template":"page-blank.php","meta":{"inline_featured_image":false,"footnotes":""},"yoast_head":"<!-- This site is optimized with the Yoast SEO Premium plugin v23.0 (Yoast SEO v23.0) - https:\/\/yoast.com\/wordpress\/plugins\/seo\/ -->\n<title>Bro\u0161\u00fc\u00fcrid \/ kataloogid<\/title>\n<meta name=\"robots\" content=\"index, follow, max-snippet:-1, max-image-preview:large, max-video-preview:-1\" \/>\n<link rel=\"canonical\" href=\"https:\/\/odavprint.ee\/et\/teenused\/brosuurid-kataloogid\/\" \/>\n<meta property=\"og:locale\" content=\"et_EE\" \/>\n<meta property=\"og:type\" content=\"article\" \/>\n<meta property=\"og:title\" content=\"Bro\u0161\u00fc\u00fcrid \/ kataloogid\" \/>\n<meta property=\"og:url\" content=\"https:\/\/odavprint.ee\/et\/teenused\/brosuurid-kataloogid\/\" \/>\n<meta property=\"og:site_name\" content=\"Odav Print\" \/>\n<meta property=\"article:modified_time\" content=\"2019-04-06T16:53:34+00:00\" \/>\n<meta name=\"twitter:card\" content=\"summary_large_image\" \/>\n<meta name=\"twitter:label1\" content=\"Est. reading time\" \/>\n\t<meta name=\"twitter:data1\" content=\"2 minutit\" \/>\n<script type=\"application\/ld+json\" class=\"yoast-schema-graph\">{\"@context\":\"https:\/\/schema.org\",\"@graph\":[{\"@type\":\"WebPage\",\"@id\":\"https:\/\/odavprint.ee\/et\/teenused\/brosuurid-kataloogid\/\",\"url\":\"https:\/\/odavprint.ee\/et\/teenused\/brosuurid-kataloogid\/\",\"name\":\"Bro\u0161\u00fc\u00fcrid \/ kataloogid\",\"isPartOf\":{\"@id\":\"https:\/\/odavprint.ee\/et\/#website\"},\"datePublished\":\"2018-10-31T21:36:37+00:00\",\"dateModified\":\"2019-04-06T16:53:34+00:00\",\"breadcrumb\":{\"@id\":\"https:\/\/odavprint.ee\/et\/teenused\/brosuurid-kataloogid\/#breadcrumb\"},\"inLanguage\":\"et\",\"potentialAction\":[{\"@type\":\"ReadAction\",\"target\":[\"https:\/\/odavprint.ee\/et\/teenused\/brosuurid-kataloogid\/\"]}]},{\"@type\":\"BreadcrumbList\",\"@id\":\"https:\/\/odavprint.ee\/et\/teenused\/brosuurid-kataloogid\/#breadcrumb\",\"itemListElement\":[{\"@type\":\"ListItem\",\"position\":1,\"name\":\"Home\",\"item\":\"https:\/\/odavprint.ee\/et\/esileht\/\"},{\"@type\":\"ListItem\",\"position\":2,\"name\":\"Teenused\",\"item\":\"https:\/\/odavprint.ee\/et\/teenused\/\"},{\"@type\":\"ListItem\",\"position\":3,\"name\":\"Bro\u0161\u00fc\u00fcrid \/ kataloogid\"}]},{\"@type\":\"WebSite\",\"@id\":\"https:\/\/odavprint.ee\/et\/#website\",\"url\":\"https:\/\/odavprint.ee\/et\/\",\"name\":\"Odav Print\",\"description\":\"Just another WordPress site\",\"publisher\":{\"@id\":\"https:\/\/odavprint.ee\/et\/#organization\"},\"alternateName\":\"Kassettide, toonerite t\u00e4itmine ja m\u00fc\u00fck.\",\"potentialAction\":[{\"@type\":\"SearchAction\",\"target\":{\"@type\":\"EntryPoint\",\"urlTemplate\":\"https:\/\/odavprint.ee\/et\/?s={search_term_string}\"},\"query-input\":\"required name=search_term_string\"}],\"inLanguage\":\"et\"},{\"@type\":[\"Organization\",\"Place\"],\"@id\":\"https:\/\/odavprint.ee\/et\/#organization\",\"name\":\"Odav Print O\u00dc\",\"url\":\"https:\/\/odavprint.ee\/et\/\",\"logo\":{\"@id\":\"https:\/\/odavprint.ee\/et\/teenused\/brosuurid-kataloogid\/#local-main-organization-logo\"},\"image\":{\"@id\":\"https:\/\/odavprint.ee\/et\/teenused\/brosuurid-kataloogid\/#local-main-organization-logo\"},\"address\":{\"@id\":\"https:\/\/odavprint.ee\/et\/teenused\/brosuurid-kataloogid\/#local-main-place-address\"},\"geo\":{\"@type\":\"GeoCoordinates\",\"latitude\":\"59.4306504\",\"longitude\":\"24.8095743\"},\"telephone\":[\"53836926\"],\"openingHoursSpecification\":[{\"@type\":\"OpeningHoursSpecification\",\"dayOfWeek\":[\"Monday\",\"Tuesday\",\"Wednesday\",\"Thursday\",\"Friday\",\"Saturday\",\"Sunday\"],\"opens\":\"09:00\",\"closes\":\"17:00\"}],\"email\":\"info@odavprint.eu\"},{\"@type\":\"PostalAddress\",\"@id\":\"https:\/\/odavprint.ee\/et\/teenused\/brosuurid-kataloogid\/#local-main-place-address\",\"streetAddress\":\"Pae tn 28\",\"addressLocality\":\"Tallinn\",\"postalCode\":\"11415\",\"addressRegion\":\"Harjumaa\",\"addressCountry\":\"EE\"},{\"@type\":\"ImageObject\",\"inLanguage\":\"et\",\"@id\":\"https:\/\/odavprint.ee\/et\/teenused\/brosuurid-kataloogid\/#local-main-organization-logo\",\"url\":\"https:\/\/odavprint.ee\/wp-content\/uploads\/2018\/10\/odavprint-logo-240.jpg\",\"contentUrl\":\"https:\/\/odavprint.ee\/wp-content\/uploads\/2018\/10\/odavprint-logo-240.jpg\",\"width\":240,\"height\":36,\"caption\":\"Odav Print O\u00dc\"}]}<\/script>\n<meta name=\"geo.placename\" content=\"Tallinn\" \/>\n<meta name=\"geo.position\" content=\"59.4306504;24.8095743\" \/>\n<meta name=\"geo.region\" content=\"Estonia\" \/>\n<!-- \/ Yoast SEO Premium plugin. -->","yoast_head_json":{"title":"Bro\u0161\u00fc\u00fcrid \/ kataloogid","robots":{"index":"index","follow":"follow","max-snippet":"max-snippet:-1","max-image-preview":"max-image-preview:large","max-video-preview":"max-video-preview:-1"},"canonical":"https:\/\/odavprint.ee\/et\/teenused\/brosuurid-kataloogid\/","og_locale":"et_EE","og_type":"article","og_title":"Bro\u0161\u00fc\u00fcrid \/ kataloogid","og_url":"https:\/\/odavprint.ee\/et\/teenused\/brosuurid-kataloogid\/","og_site_name":"Odav Print","article_modified_time":"2019-04-06T16:53:34+00:00","twitter_card":"summary_large_image","twitter_misc":{"Est. reading time":"2 minutit"},"schema":{"@context":"https:\/\/schema.org","@graph":[{"@type":"WebPage","@id":"https:\/\/odavprint.ee\/et\/teenused\/brosuurid-kataloogid\/","url":"https:\/\/odavprint.ee\/et\/teenused\/brosuurid-kataloogid\/","name":"Bro\u0161\u00fc\u00fcrid \/ kataloogid","isPartOf":{"@id":"https:\/\/odavprint.ee\/et\/#website"},"datePublished":"2018-10-31T21:36:37+00:00","dateModified":"2019-04-06T16:53:34+00:00","breadcrumb":{"@id":"https:\/\/odavprint.ee\/et\/teenused\/brosuurid-kataloogid\/#breadcrumb"},"inLanguage":"et","potentialAction":[{"@type":"ReadAction","target":["https:\/\/odavprint.ee\/et\/teenused\/brosuurid-kataloogid\/"]}]},{"@type":"BreadcrumbList","@id":"https:\/\/odavprint.ee\/et\/teenused\/brosuurid-kataloogid\/#breadcrumb","itemListElement":[{"@type":"ListItem","position":1,"name":"Home","item":"https:\/\/odavprint.ee\/et\/esileht\/"},{"@type":"ListItem","position":2,"name":"Teenused","item":"https:\/\/odavprint.ee\/et\/teenused\/"},{"@type":"ListItem","position":3,"name":"Bro\u0161\u00fc\u00fcrid \/ kataloogid"}]},{"@type":"WebSite","@id":"https:\/\/odavprint.ee\/et\/#website","url":"https:\/\/odavprint.ee\/et\/","name":"Odav Print","description":"Just another WordPress site","publisher":{"@id":"https:\/\/odavprint.ee\/et\/#organization"},"alternateName":"Kassettide, toonerite t\u00e4itmine ja m\u00fc\u00fck.","potentialAction":[{"@type":"SearchAction","target":{"@type":"EntryPoint","urlTemplate":"https:\/\/odavprint.ee\/et\/?s={search_term_string}"},"query-input":"required name=search_term_string"}],"inLanguage":"et"},{"@type":["Organization","Place"],"@id":"https:\/\/odavprint.ee\/et\/#organization","name":"Odav Print O\u00dc","url":"https:\/\/odavprint.ee\/et\/","logo":{"@id":"https:\/\/odavprint.ee\/et\/teenused\/brosuurid-kataloogid\/#local-main-organization-logo"},"image":{"@id":"https:\/\/odavprint.ee\/et\/teenused\/brosuurid-kataloogid\/#local-main-organization-logo"},"address":{"@id":"https:\/\/odavprint.ee\/et\/teenused\/brosuurid-kataloogid\/#local-main-place-address"},"geo":{"@type":"GeoCoordinates","latitude":"59.4306504","longitude":"24.8095743"},"telephone":["53836926"],"openingHoursSpecification":[{"@type":"OpeningHoursSpecification","dayOfWeek":["Monday","Tuesday","Wednesday","Thursday","Friday","Saturday","Sunday"],"opens":"09:00","closes":"17:00"}],"email":"info@odavprint.eu"},{"@type":"PostalAddress","@id":"https:\/\/odavprint.ee\/et\/teenused\/brosuurid-kataloogid\/#local-main-place-address","streetAddress":"Pae tn 28","addressLocality":"Tallinn","postalCode":"11415","addressRegion":"Harjumaa","addressCountry":"EE"},{"@type":"ImageObject","inLanguage":"et","@id":"https:\/\/odavprint.ee\/et\/teenused\/brosuurid-kataloogid\/#local-main-organization-logo","url":"https:\/\/odavprint.ee\/wp-content\/uploads\/2018\/10\/odavprint-logo-240.jpg","contentUrl":"https:\/\/odavprint.ee\/wp-content\/uploads\/2018\/10\/odavprint-logo-240.jpg","width":240,"height":36,"caption":"Odav Print O\u00dc"}]},"geo.placename":"Tallinn","geo.position":{"lat":"59.4306504","long":"24.8095743"},"geo.region":"Estonia"},"_links":{"self":[{"href":"https:\/\/odavprint.ee\/et\/wp-json\/wp\/v2\/pages\/11343"}],"collection":[{"href":"https:\/\/odavprint.ee\/et\/wp-json\/wp\/v2\/pages"}],"about":[{"href":"https:\/\/odavprint.ee\/et\/wp-json\/wp\/v2\/types\/page"}],"author":[{"embeddable":true,"href":"https:\/\/odavprint.ee\/et\/wp-json\/wp\/v2\/users\/2"}],"replies":[{"embeddable":true,"href":"https:\/\/odavprint.ee\/et\/wp-json\/wp\/v2\/comments?post=11343"}],"version-history":[{"count":4,"href":"https:\/\/odavprint.ee\/et\/wp-json\/wp\/v2\/pages\/11343\/revisions"}],"predecessor-version":[{"id":11673,"href":"https:\/\/odavprint.ee\/et\/wp-json\/wp\/v2\/pages\/11343\/revisions\/11673"}],"up":[{"embeddable":true,"href":"https:\/\/odavprint.ee\/et\/wp-json\/wp\/v2\/pages\/11319"}],"wp:attachment":[{"href":"https:\/\/odavprint.ee\/et\/wp-json\/wp\/v2\/media?parent=11343"}],"curies":[{"name":"wp","href":"https:\/\/api.w.org\/{rel}","templated":true}]}}