{"id":11372,"date":"2018-11-01T20:43:55","date_gmt":"2018-11-01T18:43:55","guid":{"rendered":"https:\/\/odavprint.preview.ee\/pvh-bannery-bannernye-setki-mesh\/"},"modified":"2023-04-20T15:59:36","modified_gmt":"2023-04-20T12:59:36","slug":"pvc-vork-mesh-bannerid","status":"publish","type":"page","link":"https:\/\/odavprint.ee\/et\/teenused\/pvc-vork-mesh-bannerid\/","title":{"rendered":"PVC \/ v\u00f5rk (mesh) b\u00e4nnerid"},"content":{"rendered":"\t<section class=\"section\" id=\"section_2098164853\">\n\t\t<div class=\"bg section-bg fill bg-fill  \" >\n\n\t\t\t\n\t\t\t\n\t\t\t\n\n\t\t<\/div>\n\n\t\t<div class=\"section-content relative\">\n\t\t\t\n<div class=\"row row-large align-middle\"  id=\"row-421991069\">\n\n\t<div id=\"col-673456427\" class=\"col medium-12 small-12 large-6\"  >\n\t\t\t\t<div class=\"col-inner\"  >\n\t\t\t\n\t\t\t\n\t<div class=\"img has-hover x md-x lg-x y md-y lg-y\" id=\"image_719074581\">\n\t\t\t\t\t\t\t\t<div class=\"img-inner box-shadow-5 dark\" >\n\t\t\t<img loading=\"lazy\" decoding=\"async\" width=\"720\" height=\"480\" src=\"https:\/\/odavprint.ee\/wp-content\/uploads\/2018\/11\/unnamed-file.jpg\" class=\"attachment-original size-original\" alt=\"\" srcset=\"https:\/\/odavprint.ee\/wp-content\/uploads\/2018\/11\/unnamed-file.jpg 720w, https:\/\/odavprint.ee\/wp-content\/uploads\/2018\/11\/unnamed-file-300x200.jpg 300w, https:\/\/odavprint.ee\/wp-content\/uploads\/2018\/11\/unnamed-file-600x400.jpg 600w\" sizes=\"(max-width: 720px) 100vw, 720px\" \/>\t\t\t\t\t\t\n\t\t\t\t\t<\/div>\n\t\t\t\t\t\t\t\t\n<style>\n#image_719074581 {\n  width: 100%;\n}\n<\/style>\n\t<\/div>\n\t\n\t<div id=\"gap-66215719\" class=\"gap-element clearfix\" style=\"display:block; height:auto;\">\n\t\t\n<style>\n#gap-66215719 {\n  padding-top: 30px;\n}\n<\/style>\n\t<\/div>\n\t\n\t\t<\/div>\n\t\t\t\t\n<style>\n#col-673456427 > .col-inner {\n  margin: 0px 0px -28px 0px;\n}\n<\/style>\n\t<\/div>\n\n\t\n\n\t<div id=\"col-1406717791\" class=\"col medium-12 small-12 large-6\"  >\n\t\t\t\t<div class=\"col-inner\"  >\n\t\t\t\n\t\t\t\n<h1>PVC \/ v\u00f5rk (mesh) b\u00e4nnerid<\/h1>\n<div class=\"vc_row wpb_row vc_row-fluid\">\n<div class=\"wpb_column vc_column_container vc_col-sm-8\">\n<div class=\"vc_column-inner \">\n<div class=\"wpb_wrapper\">\n<div class=\"wpb_text_column wpb_content_element \">\n<div class=\"wpb_wrapper\">\n<p><strong>PVC b\u00e4nner<\/strong>\u00a0\u2013 see on tr\u00fckk PVC kangale, veekindel ja vastupidav temperatuurimuutuste suhtes. PVC b\u00e4nnerid kinnitatakse raamile, v\u00e4ravatele v\u00f5i maja seintele.<\/p>\n<p><strong>MESH (V\u00d5RK) b\u00e4nner<\/strong>\u00a0\u2013 see on tr\u00fckk PVC kangale, mis on augustatud ja \u00f5hku l\u00e4bilaskev. Seda kasutatakse v\u00e4ga tihti p\u00f5ldudel ja tuulekoridoriga kohtades.<\/p>\n<\/div>\n<\/div>\n<\/div>\n<\/div>\n<\/div>\n<\/div>\n\t\t<\/div>\n\t\t\t\t\n<style>\n#col-1406717791 > .col-inner {\n  margin: 0px 0px -49px 0px;\n}\n<\/style>\n\t<\/div>\n\n\t\n<\/div>\n\t\t<\/div>\n\n\t\t\n<style>\n#section_2098164853 {\n  padding-top: 80px;\n  padding-bottom: 80px;\n}\n#section_2098164853 .section-bg.bg-loaded {\n  background-image: url(https:\/\/odavprint.ee\/wp-content\/uploads\/2018\/10\/Long-01.svg);\n}\n<\/style>\n\t<\/section>\n\t\n\t<section class=\"section\" id=\"section_756878842\">\n\t\t<div class=\"bg section-bg fill bg-fill  bg-loaded\" >\n\n\t\t\t\n\t\t\t\n\t\t\t\n\n\t\t<\/div>\n\n\t\t<div class=\"section-content relative\">\n\t\t\t\n\t<div id=\"gap-1317218413\" class=\"gap-element clearfix\" style=\"display:block; height:auto;\">\n\t\t\n<style>\n#gap-1317218413 {\n  padding-top: 30px;\n}\n<\/style>\n\t<\/div>\n\t\n<div class=\"row row-large align-middle\"  id=\"row-423397591\">\n\n\t<div id=\"col-377057414\" class=\"col medium-12 small-12 large-6\"  >\n\t\t\t\t<div class=\"col-inner\"  >\n\t\t\t\n\t\t\t\n<h1>B\u00e4nnerite eelised:<\/h1>\n<ul>\n<li>Kulumiskindlus ja vastupidavus. Kestvus v\u00f5ib olla 4-6 aastat<\/li>\n<li>Vastupidavus halva ilma korral \u2013 b\u00e4nnerid ei karda sademeid ega temperatuuri muutusi<\/li>\n<li>Mugav ladustamine ja transport. B\u00e4nnereid saab kergesti kokku rullida<\/li>\n<\/ul>\n<h3>Kuidas ja millest valmistame?<\/h3>\n<p>PVC b\u00e4nnerid valmistame b\u00e4nneri materjalist (kangast). \u00c4\u00e4red keerame tagasi ja paneme \u00e4\u00e4rtesse \u00f6\u00f6sid iga 40-50cm tagant. Mesh b\u00e4nner erineb ainult selle poolest, et see on auguline (\u00f5huline).<\/p>\n\t\t<\/div>\n\t\t\t\t\t<\/div>\n\n\t\n\n\t<div id=\"col-1409705579\" class=\"col medium-12 small-12 large-6 medium-col-first\"  >\n\t\t\t\t<div class=\"col-inner\"  >\n\t\t\t\n\t\t\t\n\t<div class=\"img has-hover x md-x lg-x y md-y lg-y\" id=\"image_421181819\">\n\t\t\t\t\t\t\t\t<div class=\"img-inner box-shadow-5 dark\" >\n\t\t\t<img loading=\"lazy\" decoding=\"async\" width=\"600\" height=\"370\" src=\"https:\/\/odavprint.ee\/wp-content\/uploads\/2018\/11\/Mesh-Banner.jpg\" class=\"attachment-original size-original\" alt=\"\" srcset=\"https:\/\/odavprint.ee\/wp-content\/uploads\/2018\/11\/Mesh-Banner.jpg 600w, https:\/\/odavprint.ee\/wp-content\/uploads\/2018\/11\/Mesh-Banner-300x185.jpg 300w\" sizes=\"(max-width: 600px) 100vw, 600px\" \/>\t\t\t\t\t\t\n\t\t\t\t\t<\/div>\n\t\t\t\t\t\t\t\t\n<style>\n#image_421181819 {\n  width: 100%;\n}\n<\/style>\n\t<\/div>\n\t\n\t\t<\/div>\n\t\t\t\t\t<\/div>\n\n\t\n<\/div>\n\t<div id=\"gap-22740903\" class=\"gap-element clearfix\" style=\"display:block; height:auto;\">\n\t\t\n<style>\n#gap-22740903 {\n  padding-top: 50px;\n}\n<\/style>\n\t<\/div>\n\t\n<div class=\"row row-large align-middle\"  id=\"row-863553659\">\n\n\t<div id=\"col-58942960\" class=\"col medium-12 small-12 large-6\"  >\n\t\t\t\t<div class=\"col-inner\"  >\n\t\t\t\n\t\t\t\n\t<div class=\"img has-hover x md-x lg-x y md-y lg-y\" id=\"image_892540902\">\n\t\t\t\t\t\t\t\t<div class=\"img-inner box-shadow-5 dark\" >\n\t\t\t<img loading=\"lazy\" decoding=\"async\" width=\"1200\" height=\"670\" src=\"https:\/\/odavprint.ee\/wp-content\/uploads\/2018\/11\/vinyl-pvc-banners-1.jpg\" class=\"attachment-original size-original\" alt=\"\" srcset=\"https:\/\/odavprint.ee\/wp-content\/uploads\/2018\/11\/vinyl-pvc-banners-1.jpg 1200w, https:\/\/odavprint.ee\/wp-content\/uploads\/2018\/11\/vinyl-pvc-banners-1-300x168.jpg 300w, https:\/\/odavprint.ee\/wp-content\/uploads\/2018\/11\/vinyl-pvc-banners-1-768x429.jpg 768w, https:\/\/odavprint.ee\/wp-content\/uploads\/2018\/11\/vinyl-pvc-banners-1-1024x572.jpg 1024w, https:\/\/odavprint.ee\/wp-content\/uploads\/2018\/11\/vinyl-pvc-banners-1-600x335.jpg 600w\" sizes=\"(max-width: 1200px) 100vw, 1200px\" \/>\t\t\t\t\t\t\n\t\t\t\t\t<\/div>\n\t\t\t\t\t\t\t\t\n<style>\n#image_892540902 {\n  width: 100%;\n}\n<\/style>\n\t<\/div>\n\t\n\t\t<\/div>\n\t\t\t\t\t<\/div>\n\n\t\n\n\t<div id=\"col-1578686138\" class=\"col medium-12 small-12 large-6\"  >\n\t\t\t\t<div class=\"col-inner\"  >\n\t\t\t\n\t\t\t\n<p><img loading=\"lazy\" decoding=\"async\" class=\"alignnone size-medium wp-image-98949\" src=\"https:\/\/odavprint.ee\/wp-content\/uploads\/2021\/04\/Pylon_A01-300x186.png\" alt=\"\" width=\"300\" height=\"186\" srcset=\"https:\/\/odavprint.ee\/wp-content\/uploads\/2021\/04\/Pylon_A01-300x186.png 300w, https:\/\/odavprint.ee\/wp-content\/uploads\/2021\/04\/Pylon_A01-768x476.png 768w, https:\/\/odavprint.ee\/wp-content\/uploads\/2021\/04\/Pylon_A01-1024x635.png 1024w, https:\/\/odavprint.ee\/wp-content\/uploads\/2021\/04\/Pylon_A01-600x372.png 600w, https:\/\/odavprint.ee\/wp-content\/uploads\/2021\/04\/Pylon_A01.png 1732w\" sizes=\"(max-width: 300px) 100vw, 300px\" \/>\u00a0 \u00a0 \u00a0<img loading=\"lazy\" decoding=\"async\" class=\"alignnone size-medium wp-image-98953\" src=\"https:\/\/odavprint.ee\/wp-content\/uploads\/2021\/04\/Pylon_A04-212x300.jpg\" alt=\"\" width=\"212\" height=\"300\" srcset=\"https:\/\/odavprint.ee\/wp-content\/uploads\/2021\/04\/Pylon_A04-212x300.jpg 212w, https:\/\/odavprint.ee\/wp-content\/uploads\/2021\/04\/Pylon_A04-768x1085.jpg 768w, https:\/\/odavprint.ee\/wp-content\/uploads\/2021\/04\/Pylon_A04-725x1024.jpg 725w, https:\/\/odavprint.ee\/wp-content\/uploads\/2021\/04\/Pylon_A04-600x848.jpg 600w, https:\/\/odavprint.ee\/wp-content\/uploads\/2021\/04\/Pylon_A04.jpg 1449w\" sizes=\"(max-width: 212px) 100vw, 212px\" \/><\/p>\n<h1>N\u00e4idishinnad<\/h1>\n<p><strong>PVC b\u00e4nnerid<\/strong>\u00a0\u2013 \u00e4\u00e4red keeratud tagasi ja \u00f6\u00f6sid perimeetril<\/p>\n<table>\n<thead>\n<tr>\n<td><strong>PVC\/MESH b\u00e4nnerid<\/strong><\/td>\n<td><strong>Suurus<\/strong><\/td>\n<td><strong>Hind (KMta)<\/strong><\/td>\n<td><strong>Hind (KMga)<\/strong><\/td>\n<\/tr>\n<\/thead>\n<tbody>\n<tr>\n<td>PVC b\u00e4nner<\/td>\n<td>2000x5000mm<\/td>\n<td>65.-<\/td>\n<td>78.-<\/td>\n<\/tr>\n<tr>\n<td>MESH b\u00e4nner<\/td>\n<td>2000x5000mm<\/td>\n<td>70.-<\/td>\n<td>84.-<\/td>\n<\/tr>\n<\/tbody>\n<\/table>\n<p>Hinnad kehtivad juhul, kui on olemas tr\u00fckifail.\u00a0<strong>T\u00e4psema hinna teadasaamiseks, saatke palun p\u00e4ringu meilile\u00a0<\/strong><strong style=\"font-size: 90%;\"><span style=\"color: #00aae7;\"><a style=\"color: #00aae7;\" href=\"&#109;&#x61;&#105;&#x6c;t&#x6f;:&#105;&#x6e;&#102;&#x6f;&#64;&#x6f;d&#97;&#x76;&#112;&#x72;i&#x6e;t&#46;&#x65;&#101;\">e-mail<\/a><\/span>.<\/strong><\/p>\n\t\t<\/div>\n\t\t\t\t\n<style>\n#col-1578686138 > .col-inner {\n  margin: 0px 0px -27px 0px;\n}\n<\/style>\n\t<\/div>\n\n\t\n<\/div>\n\t<div id=\"gap-2045481205\" class=\"gap-element clearfix\" style=\"display:block; height:auto;\">\n\t\t\n<style>\n#gap-2045481205 {\n  padding-top: 45px;\n}\n<\/style>\n\t<\/div>\n\t\n\t\t<\/div>\n\n\t\t\n<style>\n#section_756878842 {\n  padding-top: 0px;\n  padding-bottom: 0px;\n}\n<\/style>\n\t<\/section>\n\t\n\t<section class=\"section\" id=\"section_2134409494\">\n\t\t<div class=\"bg section-bg fill bg-fill  \" >\n\n\t\t\t\n\t\t\t\n\t\t\t\n\n\t\t<\/div>\n\n\t\t<div class=\"section-content relative\">\n\t\t\t\n<div class=\"row align-middle\"  id=\"row-1942454226\">\n\n\t<div id=\"col-2040320385\" class=\"col text-align-center-lte-md medium-12 small-12 large-1\"  >\n\t\t\t\t<div class=\"col-inner\"  >\n\t\t\t\n\t\t\t\n\t<div class=\"img has-hover x md-x lg-x y md-y lg-y\" id=\"image_1709093695\">\n\t\t\t\t\t\t\t\t<div class=\"img-inner dark\" >\n\t\t\t<img loading=\"lazy\" decoding=\"async\" width=\"1\" height=\"1\" src=\"https:\/\/odavprint.ee\/wp-content\/uploads\/2018\/10\/email.svg\" class=\"attachment-large size-large\" alt=\"\" \/>\t\t\t\t\t\t\n\t\t\t\t\t<\/div>\n\t\t\t\t\t\t\t\t\n<style>\n#image_1709093695 {\n  width: 14%;\n}\n@media (min-width:850px) {\n  #image_1709093695 {\n    width: 68%;\n  }\n}\n<\/style>\n\t<\/div>\n\t\n\t\t<\/div>\n\t\t\t\t\n<style>\n#col-2040320385 > .col-inner {\n  margin: 0px 0px -31px 0px;\n}\n<\/style>\n\t<\/div>\n\n\t\n\n\t<div id=\"col-1101882809\" class=\"col text-align-center-lte-md medium-12 small-12 large-7\"  >\n\t\t\t\t<div class=\"col-inner dark\"  >\n\t\t\t\n\t\t\t\n<p><strong><span style=\"font-size: 150%;\">PVC B\u00e4nnerite printimine<\/span><\/strong><br \/>\nKui soovite seda teenust tellida, v\u00f5tke meiega \u00fchendust.<\/p>\n\t\t<\/div>\n\t\t\t\t\n<style>\n#col-1101882809 > .col-inner {\n  margin: 0px 0px -44px 0;\n}\n<\/style>\n\t<\/div>\n\n\t\n\n\t<div id=\"col-1005341037\" class=\"col text-align-center-lte-md medium-12 small-12 large-4\"  >\n\t\t\t\t<div class=\"col-inner text-right dark\"  >\n\t\t\t\n\t\t\t\n<a href=\"https:\/\/odavprint.ee\/et\/kontakt\/\" target=\"_self\" class=\"button white is-outline lowercase\"  style=\"border-radius:99px;\">\n    <span>Meie kontaktid<\/span>\n  <\/a>\n\n\t\t<\/div>\n\t\t\t\t\n<style>\n#col-1005341037 > .col-inner {\n  margin: 0px 0px -44px 0px;\n}\n<\/style>\n\t<\/div>\n\n\t\n<\/div>\n\t\t<\/div>\n\n\t\t\n<style>\n#section_2134409494 {\n  padding-top: 20px;\n  padding-bottom: 20px;\n  background-color: #ed008c;\n}\n#section_2134409494 .section-bg.bg-loaded {\n  background-image: url(https:\/\/odavprint.ee\/wp-content\/uploads\/2018\/10\/backs-03.svg);\n}\n<\/style>\n\t<\/section>\n\t\n","protected":false},"excerpt":{"rendered":"","protected":false},"author":2,"featured_media":0,"parent":11319,"menu_order":0,"comment_status":"closed","ping_status":"closed","template":"page-blank.php","meta":{"inline_featured_image":false,"footnotes":""},"yoast_head":"<!-- This site is optimized with the Yoast SEO Premium plugin v23.0 (Yoast SEO v23.0) - https:\/\/yoast.com\/wordpress\/plugins\/seo\/ -->\n<title>PVC \/ v\u00f5rk (mesh) b\u00e4nnerid<\/title>\n<meta name=\"robots\" content=\"index, follow, max-snippet:-1, max-image-preview:large, max-video-preview:-1\" \/>\n<link rel=\"canonical\" href=\"https:\/\/odavprint.ee\/et\/teenused\/pvc-vork-mesh-bannerid\/\" \/>\n<meta property=\"og:locale\" content=\"et_EE\" \/>\n<meta property=\"og:type\" content=\"article\" \/>\n<meta property=\"og:title\" content=\"PVC \/ v\u00f5rk (mesh) b\u00e4nnerid\" \/>\n<meta property=\"og:url\" content=\"https:\/\/odavprint.ee\/et\/teenused\/pvc-vork-mesh-bannerid\/\" \/>\n<meta property=\"og:site_name\" content=\"Odav Print\" \/>\n<meta property=\"article:modified_time\" content=\"2023-04-20T12:59:36+00:00\" \/>\n<meta property=\"og:image\" content=\"https:\/\/odavprint.ee\/wp-content\/uploads\/2021\/04\/Pylon_A01-300x186.png\" \/>\n<meta name=\"twitter:card\" content=\"summary_large_image\" \/>\n<meta name=\"twitter:label1\" content=\"Est. reading time\" \/>\n\t<meta name=\"twitter:data1\" content=\"2 minutit\" \/>\n<script type=\"application\/ld+json\" class=\"yoast-schema-graph\">{\"@context\":\"https:\/\/schema.org\",\"@graph\":[{\"@type\":\"WebPage\",\"@id\":\"https:\/\/odavprint.ee\/et\/teenused\/pvc-vork-mesh-bannerid\/\",\"url\":\"https:\/\/odavprint.ee\/et\/teenused\/pvc-vork-mesh-bannerid\/\",\"name\":\"PVC \/ v\u00f5rk (mesh) b\u00e4nnerid\",\"isPartOf\":{\"@id\":\"https:\/\/odavprint.ee\/et\/#website\"},\"primaryImageOfPage\":{\"@id\":\"https:\/\/odavprint.ee\/et\/teenused\/pvc-vork-mesh-bannerid\/#primaryimage\"},\"image\":{\"@id\":\"https:\/\/odavprint.ee\/et\/teenused\/pvc-vork-mesh-bannerid\/#primaryimage\"},\"thumbnailUrl\":\"https:\/\/odavprint.ee\/wp-content\/uploads\/2021\/04\/Pylon_A01-300x186.png\",\"datePublished\":\"2018-11-01T18:43:55+00:00\",\"dateModified\":\"2023-04-20T12:59:36+00:00\",\"breadcrumb\":{\"@id\":\"https:\/\/odavprint.ee\/et\/teenused\/pvc-vork-mesh-bannerid\/#breadcrumb\"},\"inLanguage\":\"et\",\"potentialAction\":[{\"@type\":\"ReadAction\",\"target\":[\"https:\/\/odavprint.ee\/et\/teenused\/pvc-vork-mesh-bannerid\/\"]}]},{\"@type\":\"ImageObject\",\"inLanguage\":\"et\",\"@id\":\"https:\/\/odavprint.ee\/et\/teenused\/pvc-vork-mesh-bannerid\/#primaryimage\",\"url\":\"https:\/\/odavprint.ee\/wp-content\/uploads\/2021\/04\/Pylon_A01-300x186.png\",\"contentUrl\":\"https:\/\/odavprint.ee\/wp-content\/uploads\/2021\/04\/Pylon_A01-300x186.png\"},{\"@type\":\"BreadcrumbList\",\"@id\":\"https:\/\/odavprint.ee\/et\/teenused\/pvc-vork-mesh-bannerid\/#breadcrumb\",\"itemListElement\":[{\"@type\":\"ListItem\",\"position\":1,\"name\":\"Home\",\"item\":\"https:\/\/odavprint.ee\/et\/esileht\/\"},{\"@type\":\"ListItem\",\"position\":2,\"name\":\"Teenused\",\"item\":\"https:\/\/odavprint.ee\/et\/teenused\/\"},{\"@type\":\"ListItem\",\"position\":3,\"name\":\"PVC \/ v\u00f5rk (mesh) b\u00e4nnerid\"}]},{\"@type\":\"WebSite\",\"@id\":\"https:\/\/odavprint.ee\/et\/#website\",\"url\":\"https:\/\/odavprint.ee\/et\/\",\"name\":\"Odav Print\",\"description\":\"Just another WordPress site\",\"publisher\":{\"@id\":\"https:\/\/odavprint.ee\/et\/#organization\"},\"alternateName\":\"Kassettide, toonerite t\u00e4itmine ja m\u00fc\u00fck.\",\"potentialAction\":[{\"@type\":\"SearchAction\",\"target\":{\"@type\":\"EntryPoint\",\"urlTemplate\":\"https:\/\/odavprint.ee\/et\/?s={search_term_string}\"},\"query-input\":\"required name=search_term_string\"}],\"inLanguage\":\"et\"},{\"@type\":[\"Organization\",\"Place\"],\"@id\":\"https:\/\/odavprint.ee\/et\/#organization\",\"name\":\"Odav Print O\u00dc\",\"url\":\"https:\/\/odavprint.ee\/et\/\",\"logo\":{\"@id\":\"https:\/\/odavprint.ee\/et\/teenused\/pvc-vork-mesh-bannerid\/#local-main-organization-logo\"},\"image\":{\"@id\":\"https:\/\/odavprint.ee\/et\/teenused\/pvc-vork-mesh-bannerid\/#local-main-organization-logo\"},\"address\":{\"@id\":\"https:\/\/odavprint.ee\/et\/teenused\/pvc-vork-mesh-bannerid\/#local-main-place-address\"},\"geo\":{\"@type\":\"GeoCoordinates\",\"latitude\":\"59.4306504\",\"longitude\":\"24.8095743\"},\"telephone\":[\"53836926\"],\"openingHoursSpecification\":[{\"@type\":\"OpeningHoursSpecification\",\"dayOfWeek\":[\"Monday\",\"Tuesday\",\"Wednesday\",\"Thursday\",\"Friday\",\"Saturday\",\"Sunday\"],\"opens\":\"09:00\",\"closes\":\"17:00\"}],\"email\":\"info@odavprint.eu\"},{\"@type\":\"PostalAddress\",\"@id\":\"https:\/\/odavprint.ee\/et\/teenused\/pvc-vork-mesh-bannerid\/#local-main-place-address\",\"streetAddress\":\"Pae tn 28\",\"addressLocality\":\"Tallinn\",\"postalCode\":\"11415\",\"addressRegion\":\"Harjumaa\",\"addressCountry\":\"EE\"},{\"@type\":\"ImageObject\",\"inLanguage\":\"et\",\"@id\":\"https:\/\/odavprint.ee\/et\/teenused\/pvc-vork-mesh-bannerid\/#local-main-organization-logo\",\"url\":\"https:\/\/odavprint.ee\/wp-content\/uploads\/2018\/10\/odavprint-logo-240.jpg\",\"contentUrl\":\"https:\/\/odavprint.ee\/wp-content\/uploads\/2018\/10\/odavprint-logo-240.jpg\",\"width\":240,\"height\":36,\"caption\":\"Odav Print O\u00dc\"}]}<\/script>\n<meta name=\"geo.placename\" content=\"Tallinn\" \/>\n<meta name=\"geo.position\" content=\"59.4306504;24.8095743\" \/>\n<meta name=\"geo.region\" content=\"Estonia\" \/>\n<!-- \/ Yoast SEO Premium plugin. -->","yoast_head_json":{"title":"PVC \/ v\u00f5rk (mesh) b\u00e4nnerid","robots":{"index":"index","follow":"follow","max-snippet":"max-snippet:-1","max-image-preview":"max-image-preview:large","max-video-preview":"max-video-preview:-1"},"canonical":"https:\/\/odavprint.ee\/et\/teenused\/pvc-vork-mesh-bannerid\/","og_locale":"et_EE","og_type":"article","og_title":"PVC \/ v\u00f5rk (mesh) b\u00e4nnerid","og_url":"https:\/\/odavprint.ee\/et\/teenused\/pvc-vork-mesh-bannerid\/","og_site_name":"Odav Print","article_modified_time":"2023-04-20T12:59:36+00:00","og_image":[{"url":"https:\/\/odavprint.ee\/wp-content\/uploads\/2021\/04\/Pylon_A01-300x186.png"}],"twitter_card":"summary_large_image","twitter_misc":{"Est. reading time":"2 minutit"},"schema":{"@context":"https:\/\/schema.org","@graph":[{"@type":"WebPage","@id":"https:\/\/odavprint.ee\/et\/teenused\/pvc-vork-mesh-bannerid\/","url":"https:\/\/odavprint.ee\/et\/teenused\/pvc-vork-mesh-bannerid\/","name":"PVC \/ v\u00f5rk (mesh) b\u00e4nnerid","isPartOf":{"@id":"https:\/\/odavprint.ee\/et\/#website"},"primaryImageOfPage":{"@id":"https:\/\/odavprint.ee\/et\/teenused\/pvc-vork-mesh-bannerid\/#primaryimage"},"image":{"@id":"https:\/\/odavprint.ee\/et\/teenused\/pvc-vork-mesh-bannerid\/#primaryimage"},"thumbnailUrl":"https:\/\/odavprint.ee\/wp-content\/uploads\/2021\/04\/Pylon_A01-300x186.png","datePublished":"2018-11-01T18:43:55+00:00","dateModified":"2023-04-20T12:59:36+00:00","breadcrumb":{"@id":"https:\/\/odavprint.ee\/et\/teenused\/pvc-vork-mesh-bannerid\/#breadcrumb"},"inLanguage":"et","potentialAction":[{"@type":"ReadAction","target":["https:\/\/odavprint.ee\/et\/teenused\/pvc-vork-mesh-bannerid\/"]}]},{"@type":"ImageObject","inLanguage":"et","@id":"https:\/\/odavprint.ee\/et\/teenused\/pvc-vork-mesh-bannerid\/#primaryimage","url":"https:\/\/odavprint.ee\/wp-content\/uploads\/2021\/04\/Pylon_A01-300x186.png","contentUrl":"https:\/\/odavprint.ee\/wp-content\/uploads\/2021\/04\/Pylon_A01-300x186.png"},{"@type":"BreadcrumbList","@id":"https:\/\/odavprint.ee\/et\/teenused\/pvc-vork-mesh-bannerid\/#breadcrumb","itemListElement":[{"@type":"ListItem","position":1,"name":"Home","item":"https:\/\/odavprint.ee\/et\/esileht\/"},{"@type":"ListItem","position":2,"name":"Teenused","item":"https:\/\/odavprint.ee\/et\/teenused\/"},{"@type":"ListItem","position":3,"name":"PVC \/ v\u00f5rk (mesh) b\u00e4nnerid"}]},{"@type":"WebSite","@id":"https:\/\/odavprint.ee\/et\/#website","url":"https:\/\/odavprint.ee\/et\/","name":"Odav Print","description":"Just another WordPress site","publisher":{"@id":"https:\/\/odavprint.ee\/et\/#organization"},"alternateName":"Kassettide, toonerite t\u00e4itmine ja m\u00fc\u00fck.","potentialAction":[{"@type":"SearchAction","target":{"@type":"EntryPoint","urlTemplate":"https:\/\/odavprint.ee\/et\/?s={search_term_string}"},"query-input":"required name=search_term_string"}],"inLanguage":"et"},{"@type":["Organization","Place"],"@id":"https:\/\/odavprint.ee\/et\/#organization","name":"Odav Print O\u00dc","url":"https:\/\/odavprint.ee\/et\/","logo":{"@id":"https:\/\/odavprint.ee\/et\/teenused\/pvc-vork-mesh-bannerid\/#local-main-organization-logo"},"image":{"@id":"https:\/\/odavprint.ee\/et\/teenused\/pvc-vork-mesh-bannerid\/#local-main-organization-logo"},"address":{"@id":"https:\/\/odavprint.ee\/et\/teenused\/pvc-vork-mesh-bannerid\/#local-main-place-address"},"geo":{"@type":"GeoCoordinates","latitude":"59.4306504","longitude":"24.8095743"},"telephone":["53836926"],"openingHoursSpecification":[{"@type":"OpeningHoursSpecification","dayOfWeek":["Monday","Tuesday","Wednesday","Thursday","Friday","Saturday","Sunday"],"opens":"09:00","closes":"17:00"}],"email":"info@odavprint.eu"},{"@type":"PostalAddress","@id":"https:\/\/odavprint.ee\/et\/teenused\/pvc-vork-mesh-bannerid\/#local-main-place-address","streetAddress":"Pae tn 28","addressLocality":"Tallinn","postalCode":"11415","addressRegion":"Harjumaa","addressCountry":"EE"},{"@type":"ImageObject","inLanguage":"et","@id":"https:\/\/odavprint.ee\/et\/teenused\/pvc-vork-mesh-bannerid\/#local-main-organization-logo","url":"https:\/\/odavprint.ee\/wp-content\/uploads\/2018\/10\/odavprint-logo-240.jpg","contentUrl":"https:\/\/odavprint.ee\/wp-content\/uploads\/2018\/10\/odavprint-logo-240.jpg","width":240,"height":36,"caption":"Odav Print O\u00dc"}]},"geo.placename":"Tallinn","geo.position":{"lat":"59.4306504","long":"24.8095743"},"geo.region":"Estonia"},"_links":{"self":[{"href":"https:\/\/odavprint.ee\/et\/wp-json\/wp\/v2\/pages\/11372"}],"collection":[{"href":"https:\/\/odavprint.ee\/et\/wp-json\/wp\/v2\/pages"}],"about":[{"href":"https:\/\/odavprint.ee\/et\/wp-json\/wp\/v2\/types\/page"}],"author":[{"embeddable":true,"href":"https:\/\/odavprint.ee\/et\/wp-json\/wp\/v2\/users\/2"}],"replies":[{"embeddable":true,"href":"https:\/\/odavprint.ee\/et\/wp-json\/wp\/v2\/comments?post=11372"}],"version-history":[{"count":10,"href":"https:\/\/odavprint.ee\/et\/wp-json\/wp\/v2\/pages\/11372\/revisions"}],"predecessor-version":[{"id":187261,"href":"https:\/\/odavprint.ee\/et\/wp-json\/wp\/v2\/pages\/11372\/revisions\/187261"}],"up":[{"embeddable":true,"href":"https:\/\/odavprint.ee\/et\/wp-json\/wp\/v2\/pages\/11319"}],"wp:attachment":[{"href":"https:\/\/odavprint.ee\/et\/wp-json\/wp\/v2\/media?parent=11372"}],"curies":[{"name":"wp","href":"https:\/\/api.w.org\/{rel}","templated":true}]}}