{"id":11392,"date":"2018-11-01T15:11:32","date_gmt":"2018-11-01T13:11:32","guid":{"rendered":"https:\/\/odavprint.preview.ee\/fotopechat-na-holstah\/"},"modified":"2026-03-24T13:00:04","modified_gmt":"2026-03-24T11:00:04","slug":"fotolouend","status":"publish","type":"page","link":"https:\/\/odavprint.ee\/et\/teenused\/fotolouend\/","title":{"rendered":"Fotol\u00f5uend"},"content":{"rendered":"\t<section class=\"section\" id=\"section_2086445998\">\n\t\t<div class=\"bg section-bg fill bg-fill  \" >\n\n\t\t\t\n\t\t\t\n\t\t\t\n\n\t\t<\/div>\n\n\t\t<div class=\"section-content relative\">\n\t\t\t\n<div class=\"row row-large align-middle\"  id=\"row-1497857358\">\n\n\t<div id=\"col-331607904\" class=\"col medium-12 small-12 large-6\"  >\n\t\t\t\t<div class=\"col-inner\"  >\n\t\t\t\n\t\t\t\n\t<div class=\"img has-hover x md-x lg-x y md-y lg-y\" id=\"image_991943535\">\n\t\t\t\t\t\t\t\t<div class=\"img-inner box-shadow-5 dark\" >\n\t\t\t<img loading=\"lazy\" decoding=\"async\" width=\"700\" height=\"420\" src=\"https:\/\/odavprint.ee\/wp-content\/uploads\/2018\/11\/c700x420-1.jpg\" class=\"attachment-original size-original\" alt=\"\" srcset=\"https:\/\/odavprint.ee\/wp-content\/uploads\/2018\/11\/c700x420-1.jpg 700w, https:\/\/odavprint.ee\/wp-content\/uploads\/2018\/11\/c700x420-1-300x180.jpg 300w, https:\/\/odavprint.ee\/wp-content\/uploads\/2018\/11\/c700x420-1-600x360.jpg 600w\" sizes=\"(max-width: 700px) 100vw, 700px\" \/>\t\t\t\t\t\t\n\t\t\t\t\t<\/div>\n\t\t\t\t\t\t\t\t\n<style>\n#image_991943535 {\n  width: 100%;\n}\n<\/style>\n\t<\/div>\n\t\n\t<div id=\"gap-433947059\" class=\"gap-element clearfix\" style=\"display:block; height:auto;\">\n\t\t\n<style>\n#gap-433947059 {\n  padding-top: 30px;\n}\n<\/style>\n\t<\/div>\n\t\n\t\t<\/div>\n\t\t\t\t\n<style>\n#col-331607904 > .col-inner {\n  margin: 0px 0px -28px 0px;\n}\n<\/style>\n\t<\/div>\n\n\t\n\n\t<div id=\"col-1939889948\" class=\"col medium-12 small-12 large-6\"  >\n\t\t\t\t<div class=\"col-inner\"  >\n\t\t\t\n\t\t\t\n<h2>Mis on foto l\u00f5uendil?<\/h2>\n<p>See meetod v\u00f5imaldab j\u00e4\u00e4dvustada m\u00f5ne t\u00e4htsa elus\u00fcndmuse: pulmad, ristimine, kaunis maastik, s\u00fcnnip\u00e4ev jms. Sellised fotod muutuvad t\u00f5eliseks kunstiteoseks ega j\u00e4ta kindlasti kedagi \u00fcksk\u00f5ikseks. L\u00f5uendil olev pilt v\u00f5ib olla alusraamil, mis tagab sellele pikema eluea. Kui soovite kallimale inimesele meeldiva \u00fcllatuse teha \u2013 selline kingitus j\u00e4\u00e4b kindlasti kauaks meelde. Pildi v\u00f5ib valida t\u00e4iesti enda \u00e4ran\u00e4gemise j\u00e4rgi, n\u00e4iteks v\u00f5tta selle sotsiaalmeediast. Enne tellimist soovitame konsulteerida meie spetsialistidega \u2013 nad annavad teada, kas foto suurus on \u00f5igesti valitud.<\/p>\n\t\t<\/div>\n\t\t\t\t\n<style>\n#col-1939889948 > .col-inner {\n  margin: 0px 0px -49px 0px;\n}\n<\/style>\n\t<\/div>\n\n\t\n<\/div>\n<div class=\"row\"  id=\"row-749715587\">\n\n\t<div id=\"col-757505827\" class=\"col small-12 large-12\"  >\n\t\t\t\t<div class=\"col-inner\"  >\n\t\t\t\n\t\t\t\n<h2>Foto l\u00f5uendile tellimise eelised<\/h2>\n<p>Sellel lahendusel on mitu olulist eelist, mis muudavad selle \u00fclimalt populaarseks:<\/p>\n<ul>\n<li aria-level=\"1\">Looduslik tekstuur \u2013 meenutab visuaalselt ehtsat maali. Eriline tekstuur lisab pildile v\u00e4ljendusrikkust ja s\u00fcgavust, muutes tavalise foto kunstiteoseks. L\u00f5uend on katsudes meeldiv ja annab pildile kunstilise v\u00e4limuse.<\/li>\n<li aria-level=\"1\">Vastupidavad, pleekimiskindlad tindid \u2013 saavutame selle t\u00e4nu uuenduslikele tehnoloogiatele. Pilt ei kaota oma erksust isegi otsese p\u00e4ikesevalguse k\u00e4es. Foto s\u00e4ilitab oma esialgse v\u00e4limuse ka pika aja jooksul, hoolimata v\u00f5imalikest v\u00e4lism\u00f5jutustest.<\/li>\n<li aria-level=\"1\">Sobib igasse interj\u00f6\u00f6ri \u2013 stiili saab valida vastavalt ruumi disainile. L\u00f5uendpilt sobitub suurep\u00e4raselt ja lisab kodusoojust ning hubasust.<\/li>\n<li aria-level=\"1\">Lihtne tellida, lihtne paigaldada \u2013 tellimiseks piisab meie veebilehe k\u00fclastamisest, edasine on juba v\u00e4ga lihtne. L\u00f5uendiga tuleb kaasa alusraam, mis t\u00e4hendab, et paigaldamiseks kulub minimaalselt aega.<\/li>\n<li aria-level=\"1\">Universaalne kingitus \u2013 sobib igaks t\u00e4htp\u00e4evaks, muudab kingituse isikup\u00e4rasemaks ja meeldib kindlasti saajale.<\/li>\n<\/ul>\n<p>Foto j\u00e4rgi loodud l\u00f5uendpilt on suurep\u00e4rane viis oluliste elumomentide s\u00e4ilitamiseks, lisades samal ajal interj\u00f6\u00f6ri pisut kunsti. Teenuste ja hinnakirjaga saate tutvuda meie kodulehel. Pakume ka <span style=\"color: #3366ff;\"><a style=\"color: #3366ff;\" href=\"\/et\/teenused\/3d-printimine\/\">3D-printimist nii Tallinnas<\/a><\/span> kui \u00fcle kogu Eesti.<\/p>\n<h2>Valmistamine ja tr\u00fckikvaliteet<\/h2>\n<p>\u00dcksk\u00f5ik kui originaalne v\u00f5i ainulaadne kingitus ka poleks, kvaliteet m\u00e4ngib eriti olulist rolli. Foto l\u00f5uendile tr\u00fckkimine Odav Printis toimub UV-tr\u00fcki abil, mis edastab t\u00e4pselt k\u00f5ik pildi n\u00fcansid ja v\u00e4rvitoonid. L\u00f5uendit tr\u00fckitakse plotteri v\u00f5i tindiprinteriga. Pealispind kaetakse spetsiaalse lakiga, mis kaitseb temperatuuri k\u00f5ikumise ja p\u00e4ikesekiirte m\u00f5ju eest. Meie ettev\u00f5ttes Odav Print saate tellida sellise kingituse v\u00e4ga soodsalt ja j\u00e4\u00e4te tulemusega kindlasti rahule.<\/p>\n<h2>Foto l\u00f5uendile tellimine Odav Print e-poest<\/h2>\n<p>Meie ettev\u00f5te garanteerib taskukohased hinnad ja kiire kohaletoimetamise \u00fcle kogu Eesti. Tavap\u00e4raselt tr\u00fckime teie saadetud foto j\u00e4rgi. Meie t\u00f6\u00f6tajad arvestavad k\u00f5igi esitatud soovide ja eritingimustega, vastavad p\u00f5hjalikult k\u00f5igile k\u00fcsimustele ning leiavad igale kliendile individuaalse lahenduse. Kasutame ainult k\u00f5rgekvaliteedilisi ja tervisele ohutuid materjale, mis ei tekita allergiat. Lisaks tegeleme <span style=\"color: #3366ff;\"><a style=\"color: #3366ff;\" href=\"\/et\/teenused\/plakatid-ja-posterid\/\">plakatite<\/a><\/span>, b\u00e4nnerite jms valmistamisega. Te j\u00e4\u00e4te kindlasti meie koost\u00f6\u00f6ga rahule.<\/p>\n\t\t<\/div>\n\t\t\t\t\t<\/div>\n\n\t\n<\/div>\n\t\t<\/div>\n\n\t\t\n<style>\n#section_2086445998 {\n  padding-top: 80px;\n  padding-bottom: 80px;\n}\n#section_2086445998 .section-bg.bg-loaded {\n  background-image: url(https:\/\/odavprint.ee\/wp-content\/uploads\/2018\/10\/Long-01.svg);\n}\n<\/style>\n\t<\/section>\n\t\n\t<section class=\"section\" id=\"section_1882354180\">\n\t\t<div class=\"bg section-bg fill bg-fill  \" >\n\n\t\t\t\n\t\t\t\n\t\t\t\n\n\t\t<\/div>\n\n\t\t<div class=\"section-content relative\">\n\t\t\t\n<div class=\"row align-middle\"  id=\"row-189340220\">\n\n\t<div id=\"col-506722330\" class=\"col text-align-center-lte-md medium-12 small-12 large-1\"  >\n\t\t\t\t<div class=\"col-inner\"  >\n\t\t\t\n\t\t\t\n\t<div class=\"img has-hover x md-x lg-x y md-y lg-y\" id=\"image_966692646\">\n\t\t\t\t\t\t\t\t<div class=\"img-inner dark\" >\n\t\t\t<img loading=\"lazy\" decoding=\"async\" width=\"1\" height=\"1\" src=\"https:\/\/odavprint.ee\/wp-content\/uploads\/2018\/10\/email.svg\" class=\"attachment-large size-large\" alt=\"\" \/>\t\t\t\t\t\t\n\t\t\t\t\t<\/div>\n\t\t\t\t\t\t\t\t\n<style>\n#image_966692646 {\n  width: 14%;\n}\n@media (min-width:850px) {\n  #image_966692646 {\n    width: 68%;\n  }\n}\n<\/style>\n\t<\/div>\n\t\n\t\t<\/div>\n\t\t\t\t\n<style>\n#col-506722330 > .col-inner {\n  margin: 0px 0px -31px 0px;\n}\n<\/style>\n\t<\/div>\n\n\t\n\n\t<div id=\"col-705691317\" class=\"col text-align-center-lte-md medium-12 small-12 large-7\"  >\n\t\t\t\t<div class=\"col-inner dark\"  >\n\t\t\t\n\t\t\t\n<p><strong><span style=\"font-size: 150%;\">Fotol\u00f5uende printimine<\/span><\/strong><br \/>\nKui soovite seda teenust tellida, v\u00f5tke meiega \u00fchendust.<\/p>\n\t\t<\/div>\n\t\t\t\t\n<style>\n#col-705691317 > .col-inner {\n  margin: 0px 0px -44px 0;\n}\n<\/style>\n\t<\/div>\n\n\t\n\n\t<div id=\"col-628494119\" class=\"col text-align-center-lte-md medium-12 small-12 large-4\"  >\n\t\t\t\t<div class=\"col-inner text-right dark\"  >\n\t\t\t\n\t\t\t\n<a href=\"https:\/\/odavprint.ee\/et\/kontakt\/\" target=\"_self\" class=\"button white is-outline lowercase\"  style=\"border-radius:99px;\">\n    <span>Meie kontaktid<\/span>\n  <\/a>\n\n\t\t<\/div>\n\t\t\t\t\n<style>\n#col-628494119 > .col-inner {\n  margin: 0px 0px -44px 0px;\n}\n<\/style>\n\t<\/div>\n\n\t\n<\/div>\n\t\t<\/div>\n\n\t\t\n<style>\n#section_1882354180 {\n  padding-top: 20px;\n  padding-bottom: 20px;\n  background-color: #ed008c;\n}\n#section_1882354180 .section-bg.bg-loaded {\n  background-image: url(https:\/\/odavprint.ee\/wp-content\/uploads\/2018\/10\/backs-03.svg);\n}\n<\/style>\n\t<\/section>\n\t\n","protected":false},"excerpt":{"rendered":"","protected":false},"author":2,"featured_media":0,"parent":11319,"menu_order":0,"comment_status":"closed","ping_status":"closed","template":"page-blank.php","meta":{"inline_featured_image":false,"footnotes":""},"yoast_head":"<!-- This site is optimized with the Yoast SEO Premium plugin v23.0 (Yoast SEO v23.0) - https:\/\/yoast.com\/wordpress\/plugins\/seo\/ -->\n<title>Foto l\u00f5uendil Tallinnas \u2013 Odav Print<\/title>\n<meta name=\"description\" content=\"Foto l\u00f5uendil \u2013 ideaalne kingitus l\u00e4hedasele\u2b50Telli foto l\u00f5uendil Odav Printist, toimetame \u00fcle kogu Eesti! Taskukohane kingitus, mis \u00fcllatab iga\u00fcht\u2714\ufe0f\" \/>\n<meta name=\"robots\" content=\"index, follow, max-snippet:-1, max-image-preview:large, max-video-preview:-1\" \/>\n<link rel=\"canonical\" href=\"https:\/\/odavprint.ee\/et\/teenused\/fotolouend\/\" \/>\n<meta property=\"og:locale\" content=\"et_EE\" \/>\n<meta property=\"og:type\" content=\"article\" \/>\n<meta property=\"og:title\" content=\"Fotol\u00f5uend\" \/>\n<meta property=\"og:description\" content=\"Foto l\u00f5uendil \u2013 ideaalne kingitus l\u00e4hedasele\u2b50Telli foto l\u00f5uendil Odav Printist, toimetame \u00fcle kogu Eesti! Taskukohane kingitus, mis \u00fcllatab iga\u00fcht\u2714\ufe0f\" \/>\n<meta property=\"og:url\" content=\"https:\/\/odavprint.ee\/et\/teenused\/fotolouend\/\" \/>\n<meta property=\"og:site_name\" content=\"Odav Print\" \/>\n<meta property=\"article:modified_time\" content=\"2026-03-24T11:00:04+00:00\" \/>\n<meta name=\"twitter:card\" content=\"summary_large_image\" \/>\n<meta name=\"twitter:label1\" content=\"Est. reading time\" \/>\n\t<meta name=\"twitter:data1\" content=\"3 minutit\" \/>\n<script type=\"application\/ld+json\" class=\"yoast-schema-graph\">{\"@context\":\"https:\/\/schema.org\",\"@graph\":[{\"@type\":\"WebPage\",\"@id\":\"https:\/\/odavprint.ee\/et\/teenused\/fotolouend\/\",\"url\":\"https:\/\/odavprint.ee\/et\/teenused\/fotolouend\/\",\"name\":\"Foto l\u00f5uendil Tallinnas \u2013 Odav Print\",\"isPartOf\":{\"@id\":\"https:\/\/odavprint.ee\/et\/#website\"},\"datePublished\":\"2018-11-01T13:11:32+00:00\",\"dateModified\":\"2026-03-24T11:00:04+00:00\",\"description\":\"Foto l\u00f5uendil \u2013 ideaalne kingitus l\u00e4hedasele\u2b50Telli foto l\u00f5uendil Odav Printist, toimetame \u00fcle kogu Eesti! Taskukohane kingitus, mis \u00fcllatab iga\u00fcht\u2714\ufe0f\",\"breadcrumb\":{\"@id\":\"https:\/\/odavprint.ee\/et\/teenused\/fotolouend\/#breadcrumb\"},\"inLanguage\":\"et\",\"potentialAction\":[{\"@type\":\"ReadAction\",\"target\":[\"https:\/\/odavprint.ee\/et\/teenused\/fotolouend\/\"]}]},{\"@type\":\"BreadcrumbList\",\"@id\":\"https:\/\/odavprint.ee\/et\/teenused\/fotolouend\/#breadcrumb\",\"itemListElement\":[{\"@type\":\"ListItem\",\"position\":1,\"name\":\"Home\",\"item\":\"https:\/\/odavprint.ee\/et\/esileht\/\"},{\"@type\":\"ListItem\",\"position\":2,\"name\":\"Teenused\",\"item\":\"https:\/\/odavprint.ee\/et\/teenused\/\"},{\"@type\":\"ListItem\",\"position\":3,\"name\":\"Fotol\u00f5uend\"}]},{\"@type\":\"WebSite\",\"@id\":\"https:\/\/odavprint.ee\/et\/#website\",\"url\":\"https:\/\/odavprint.ee\/et\/\",\"name\":\"Odav Print\",\"description\":\"Just another WordPress site\",\"publisher\":{\"@id\":\"https:\/\/odavprint.ee\/et\/#organization\"},\"alternateName\":\"Kassettide, toonerite t\u00e4itmine ja m\u00fc\u00fck.\",\"potentialAction\":[{\"@type\":\"SearchAction\",\"target\":{\"@type\":\"EntryPoint\",\"urlTemplate\":\"https:\/\/odavprint.ee\/et\/?s={search_term_string}\"},\"query-input\":\"required name=search_term_string\"}],\"inLanguage\":\"et\"},{\"@type\":[\"Organization\",\"Place\"],\"@id\":\"https:\/\/odavprint.ee\/et\/#organization\",\"name\":\"Odav Print O\u00dc\",\"url\":\"https:\/\/odavprint.ee\/et\/\",\"logo\":{\"@id\":\"https:\/\/odavprint.ee\/et\/teenused\/fotolouend\/#local-main-organization-logo\"},\"image\":{\"@id\":\"https:\/\/odavprint.ee\/et\/teenused\/fotolouend\/#local-main-organization-logo\"},\"address\":{\"@id\":\"https:\/\/odavprint.ee\/et\/teenused\/fotolouend\/#local-main-place-address\"},\"geo\":{\"@type\":\"GeoCoordinates\",\"latitude\":\"59.4306504\",\"longitude\":\"24.8095743\"},\"telephone\":[\"53836926\"],\"openingHoursSpecification\":[{\"@type\":\"OpeningHoursSpecification\",\"dayOfWeek\":[\"Monday\",\"Tuesday\",\"Wednesday\",\"Thursday\",\"Friday\",\"Saturday\",\"Sunday\"],\"opens\":\"09:00\",\"closes\":\"17:00\"}],\"email\":\"info@odavprint.eu\"},{\"@type\":\"PostalAddress\",\"@id\":\"https:\/\/odavprint.ee\/et\/teenused\/fotolouend\/#local-main-place-address\",\"streetAddress\":\"Pae tn 28\",\"addressLocality\":\"Tallinn\",\"postalCode\":\"11415\",\"addressRegion\":\"Harjumaa\",\"addressCountry\":\"EE\"},{\"@type\":\"ImageObject\",\"inLanguage\":\"et\",\"@id\":\"https:\/\/odavprint.ee\/et\/teenused\/fotolouend\/#local-main-organization-logo\",\"url\":\"https:\/\/odavprint.ee\/wp-content\/uploads\/2018\/10\/odavprint-logo-240.jpg\",\"contentUrl\":\"https:\/\/odavprint.ee\/wp-content\/uploads\/2018\/10\/odavprint-logo-240.jpg\",\"width\":240,\"height\":36,\"caption\":\"Odav Print O\u00dc\"}]}<\/script>\n<meta name=\"geo.placename\" content=\"Tallinn\" \/>\n<meta name=\"geo.position\" content=\"59.4306504;24.8095743\" \/>\n<meta name=\"geo.region\" content=\"Estonia\" \/>\n<!-- \/ Yoast SEO Premium plugin. -->","yoast_head_json":{"title":"Foto l\u00f5uendil Tallinnas \u2013 Odav Print","description":"Foto l\u00f5uendil \u2013 ideaalne kingitus l\u00e4hedasele\u2b50Telli foto l\u00f5uendil Odav Printist, toimetame \u00fcle kogu Eesti! Taskukohane kingitus, mis \u00fcllatab iga\u00fcht\u2714\ufe0f","robots":{"index":"index","follow":"follow","max-snippet":"max-snippet:-1","max-image-preview":"max-image-preview:large","max-video-preview":"max-video-preview:-1"},"canonical":"https:\/\/odavprint.ee\/et\/teenused\/fotolouend\/","og_locale":"et_EE","og_type":"article","og_title":"Fotol\u00f5uend","og_description":"Foto l\u00f5uendil \u2013 ideaalne kingitus l\u00e4hedasele\u2b50Telli foto l\u00f5uendil Odav Printist, toimetame \u00fcle kogu Eesti! Taskukohane kingitus, mis \u00fcllatab iga\u00fcht\u2714\ufe0f","og_url":"https:\/\/odavprint.ee\/et\/teenused\/fotolouend\/","og_site_name":"Odav Print","article_modified_time":"2026-03-24T11:00:04+00:00","twitter_card":"summary_large_image","twitter_misc":{"Est. reading time":"3 minutit"},"schema":{"@context":"https:\/\/schema.org","@graph":[{"@type":"WebPage","@id":"https:\/\/odavprint.ee\/et\/teenused\/fotolouend\/","url":"https:\/\/odavprint.ee\/et\/teenused\/fotolouend\/","name":"Foto l\u00f5uendil Tallinnas \u2013 Odav Print","isPartOf":{"@id":"https:\/\/odavprint.ee\/et\/#website"},"datePublished":"2018-11-01T13:11:32+00:00","dateModified":"2026-03-24T11:00:04+00:00","description":"Foto l\u00f5uendil \u2013 ideaalne kingitus l\u00e4hedasele\u2b50Telli foto l\u00f5uendil Odav Printist, toimetame \u00fcle kogu Eesti! Taskukohane kingitus, mis \u00fcllatab iga\u00fcht\u2714\ufe0f","breadcrumb":{"@id":"https:\/\/odavprint.ee\/et\/teenused\/fotolouend\/#breadcrumb"},"inLanguage":"et","potentialAction":[{"@type":"ReadAction","target":["https:\/\/odavprint.ee\/et\/teenused\/fotolouend\/"]}]},{"@type":"BreadcrumbList","@id":"https:\/\/odavprint.ee\/et\/teenused\/fotolouend\/#breadcrumb","itemListElement":[{"@type":"ListItem","position":1,"name":"Home","item":"https:\/\/odavprint.ee\/et\/esileht\/"},{"@type":"ListItem","position":2,"name":"Teenused","item":"https:\/\/odavprint.ee\/et\/teenused\/"},{"@type":"ListItem","position":3,"name":"Fotol\u00f5uend"}]},{"@type":"WebSite","@id":"https:\/\/odavprint.ee\/et\/#website","url":"https:\/\/odavprint.ee\/et\/","name":"Odav Print","description":"Just another WordPress site","publisher":{"@id":"https:\/\/odavprint.ee\/et\/#organization"},"alternateName":"Kassettide, toonerite t\u00e4itmine ja m\u00fc\u00fck.","potentialAction":[{"@type":"SearchAction","target":{"@type":"EntryPoint","urlTemplate":"https:\/\/odavprint.ee\/et\/?s={search_term_string}"},"query-input":"required name=search_term_string"}],"inLanguage":"et"},{"@type":["Organization","Place"],"@id":"https:\/\/odavprint.ee\/et\/#organization","name":"Odav Print O\u00dc","url":"https:\/\/odavprint.ee\/et\/","logo":{"@id":"https:\/\/odavprint.ee\/et\/teenused\/fotolouend\/#local-main-organization-logo"},"image":{"@id":"https:\/\/odavprint.ee\/et\/teenused\/fotolouend\/#local-main-organization-logo"},"address":{"@id":"https:\/\/odavprint.ee\/et\/teenused\/fotolouend\/#local-main-place-address"},"geo":{"@type":"GeoCoordinates","latitude":"59.4306504","longitude":"24.8095743"},"telephone":["53836926"],"openingHoursSpecification":[{"@type":"OpeningHoursSpecification","dayOfWeek":["Monday","Tuesday","Wednesday","Thursday","Friday","Saturday","Sunday"],"opens":"09:00","closes":"17:00"}],"email":"info@odavprint.eu"},{"@type":"PostalAddress","@id":"https:\/\/odavprint.ee\/et\/teenused\/fotolouend\/#local-main-place-address","streetAddress":"Pae tn 28","addressLocality":"Tallinn","postalCode":"11415","addressRegion":"Harjumaa","addressCountry":"EE"},{"@type":"ImageObject","inLanguage":"et","@id":"https:\/\/odavprint.ee\/et\/teenused\/fotolouend\/#local-main-organization-logo","url":"https:\/\/odavprint.ee\/wp-content\/uploads\/2018\/10\/odavprint-logo-240.jpg","contentUrl":"https:\/\/odavprint.ee\/wp-content\/uploads\/2018\/10\/odavprint-logo-240.jpg","width":240,"height":36,"caption":"Odav Print O\u00dc"}]},"geo.placename":"Tallinn","geo.position":{"lat":"59.4306504","long":"24.8095743"},"geo.region":"Estonia"},"_links":{"self":[{"href":"https:\/\/odavprint.ee\/et\/wp-json\/wp\/v2\/pages\/11392"}],"collection":[{"href":"https:\/\/odavprint.ee\/et\/wp-json\/wp\/v2\/pages"}],"about":[{"href":"https:\/\/odavprint.ee\/et\/wp-json\/wp\/v2\/types\/page"}],"author":[{"embeddable":true,"href":"https:\/\/odavprint.ee\/et\/wp-json\/wp\/v2\/users\/2"}],"replies":[{"embeddable":true,"href":"https:\/\/odavprint.ee\/et\/wp-json\/wp\/v2\/comments?post=11392"}],"version-history":[{"count":7,"href":"https:\/\/odavprint.ee\/et\/wp-json\/wp\/v2\/pages\/11392\/revisions"}],"predecessor-version":[{"id":222902,"href":"https:\/\/odavprint.ee\/et\/wp-json\/wp\/v2\/pages\/11392\/revisions\/222902"}],"up":[{"embeddable":true,"href":"https:\/\/odavprint.ee\/et\/wp-json\/wp\/v2\/pages\/11319"}],"wp:attachment":[{"href":"https:\/\/odavprint.ee\/et\/wp-json\/wp\/v2\/media?parent=11392"}],"curies":[{"name":"wp","href":"https:\/\/api.w.org\/{rel}","templated":true}]}}