{"id":11395,"date":"2018-11-01T15:17:29","date_gmt":"2018-11-01T13:17:29","guid":{"rendered":"https:\/\/odavprint.preview.ee\/fotopechat-na-penokartone\/"},"modified":"2019-04-06T19:59:17","modified_gmt":"2019-04-06T16:59:17","slug":"fotokapa-ehk-fototrukk-kapa-plaadil","status":"publish","type":"page","link":"https:\/\/odavprint.ee\/et\/teenused\/fotokapa-ehk-fototrukk-kapa-plaadil\/","title":{"rendered":"Fotokapa ehk fototr\u00fckk kapa plaadil"},"content":{"rendered":"\t<section class=\"section\" id=\"section_1964158511\">\n\t\t<div class=\"bg section-bg fill bg-fill  \" >\n\n\t\t\t\n\t\t\t\n\t\t\t\n\n\t\t<\/div>\n\n\t\t<div class=\"section-content relative\">\n\t\t\t\n<div class=\"row row-large align-middle\"  id=\"row-2088280484\">\n\n\t<div id=\"col-25003736\" class=\"col medium-12 small-12 large-6\"  >\n\t\t\t\t<div class=\"col-inner\"  >\n\t\t\t\n\t\t\t\n\t<div class=\"img has-hover x md-x lg-x y md-y lg-y\" id=\"image_602594539\">\n\t\t\t\t\t\t\t\t<div class=\"img-inner image-cover box-shadow-5 dark\" style=\"padding-top:70%;\">\n\t\t\t<img loading=\"lazy\" decoding=\"async\" width=\"1024\" height=\"838\" src=\"https:\/\/odavprint.ee\/wp-content\/uploads\/2018\/11\/\u043f\u0435\u043d\u043e4.jpg\" class=\"attachment-original size-original\" alt=\"\" srcset=\"https:\/\/odavprint.ee\/wp-content\/uploads\/2018\/11\/\u043f\u0435\u043d\u043e4.jpg 1024w, https:\/\/odavprint.ee\/wp-content\/uploads\/2018\/11\/\u043f\u0435\u043d\u043e4-300x246.jpg 300w, https:\/\/odavprint.ee\/wp-content\/uploads\/2018\/11\/\u043f\u0435\u043d\u043e4-768x629.jpg 768w, https:\/\/odavprint.ee\/wp-content\/uploads\/2018\/11\/\u043f\u0435\u043d\u043e4-600x491.jpg 600w\" sizes=\"(max-width: 1024px) 100vw, 1024px\" \/>\t\t\t\t\t\t\n\t\t\t\t\t<\/div>\n\t\t\t\t\t\t\t\t\n<style>\n#image_602594539 {\n  width: 100%;\n}\n<\/style>\n\t<\/div>\n\t\n\t<div id=\"gap-1421912462\" class=\"gap-element clearfix\" style=\"display:block; height:auto;\">\n\t\t\n<style>\n#gap-1421912462 {\n  padding-top: 30px;\n}\n<\/style>\n\t<\/div>\n\t\n\t\t<\/div>\n\t\t\t\t\n<style>\n#col-25003736 > .col-inner {\n  margin: 0px 0px -28px 0px;\n}\n<\/style>\n\t<\/div>\n\n\t\n\n\t<div id=\"col-769439938\" class=\"col medium-12 small-12 large-6\"  >\n\t\t\t\t<div class=\"col-inner\"  >\n\t\t\t\n\t\t\t\n<h1>Fotokapa ehk fototr\u00fckk kapa plaadil<\/h1>\n<div class=\"vc_row wpb_row vc_row-fluid\">\n<div class=\"wpb_column vc_column_container vc_col-sm-8\">\n<div class=\"vc_column-inner \">\n<div class=\"wpb_wrapper\">\n<div class=\"wpb_text_column wpb_content_element \">\n<div class=\"wpb_wrapper\">\n<p>Fotokapa ehk fototr\u00fckk KAPA plaadil on v\u00e4ga kerge vahtplastplaat materjal, mis sobib suurep\u00e4raselt siseruumide dekoreerimiseks. Laminaatkihiga kaetud kriimustus\u2013 ja kulumiskindla plaadiga on eriti hea tugevdada suureformaadilisi fotosid v\u00f5i plakateid nii koduseintel, kontoriruumides kui n\u00e4itusesaalides. Fotode kvaliteetne tr\u00fckk tagab fotokapa s\u00e4ilimise sadade aastate jooksul. Plaadi saab h\u00f5lpsalt seinale kinnitada spetsiaalsete konksude v\u00f5i kahepoolse teibi abil.<\/p>\n<h3>Kuidas ja millest valmistame?<\/h3>\n<p>Pildi tr\u00fckime PVC kilele ning kriimustuste ja kulumise kaitseks saame kile katta mati\/ l\u00e4ikiva laminaadiga. Fotokapa plaadi kolmplekti kuuluvad KAPA kinnitused (konksud) ja n\u00f6\u00f6r, mille abil on v\u00f5imalik see seinale riputada. Plaati saab kinnitada seinale ka kahepoolse teibiga, kuna see on v\u00e4ga kerge!<\/p>\n<\/div>\n<\/div>\n<\/div>\n<\/div>\n<\/div>\n<\/div>\n\t\t<\/div>\n\t\t\t\t\n<style>\n#col-769439938 > .col-inner {\n  margin: 0px 0px -49px 0px;\n}\n<\/style>\n\t<\/div>\n\n\t\n<\/div>\n\t\t<\/div>\n\n\t\t\n<style>\n#section_1964158511 {\n  padding-top: 80px;\n  padding-bottom: 80px;\n}\n#section_1964158511 .section-bg.bg-loaded {\n  background-image: url(https:\/\/odavprint.ee\/wp-content\/uploads\/2018\/10\/Long-01.svg);\n}\n<\/style>\n\t<\/section>\n\t\n\t<section class=\"section\" id=\"section_1967431924\">\n\t\t<div class=\"bg section-bg fill bg-fill  \" >\n\n\t\t\t\n\t\t\t\n\t\t\t\n\n\t\t<\/div>\n\n\t\t<div class=\"section-content relative\">\n\t\t\t\n<div class=\"row align-middle\"  id=\"row-1649232974\">\n\n\t<div id=\"col-1691331896\" class=\"col text-align-center-lte-md medium-12 small-12 large-1\"  >\n\t\t\t\t<div class=\"col-inner\"  >\n\t\t\t\n\t\t\t\n\t<div class=\"img has-hover x md-x lg-x y md-y lg-y\" id=\"image_1120458124\">\n\t\t\t\t\t\t\t\t<div class=\"img-inner dark\" >\n\t\t\t<img loading=\"lazy\" decoding=\"async\" width=\"1\" height=\"1\" src=\"https:\/\/odavprint.ee\/wp-content\/uploads\/2018\/10\/email.svg\" class=\"attachment-large size-large\" alt=\"\" \/>\t\t\t\t\t\t\n\t\t\t\t\t<\/div>\n\t\t\t\t\t\t\t\t\n<style>\n#image_1120458124 {\n  width: 14%;\n}\n@media (min-width:850px) {\n  #image_1120458124 {\n    width: 68%;\n  }\n}\n<\/style>\n\t<\/div>\n\t\n\t\t<\/div>\n\t\t\t\t\n<style>\n#col-1691331896 > .col-inner {\n  margin: 0px 0px -31px 0px;\n}\n<\/style>\n\t<\/div>\n\n\t\n\n\t<div id=\"col-1643593000\" class=\"col text-align-center-lte-md medium-12 small-12 large-7\"  >\n\t\t\t\t<div class=\"col-inner dark\"  >\n\t\t\t\n\t\t\t\n<p><strong><span style=\"font-size: 150%;\">Fotokapa printimine<\/span><\/strong><br \/>\nKui soovite seda teenust tellida, v\u00f5tke meiega \u00fchendust.<\/p>\n\t\t<\/div>\n\t\t\t\t\n<style>\n#col-1643593000 > .col-inner {\n  margin: 0px 0px -44px 0;\n}\n<\/style>\n\t<\/div>\n\n\t\n\n\t<div id=\"col-1967230605\" class=\"col text-align-center-lte-md medium-12 small-12 large-4\"  >\n\t\t\t\t<div class=\"col-inner text-right dark\"  >\n\t\t\t\n\t\t\t\n<a href=\"https:\/\/odavprint.ee\/et\/kontakt\/\" target=\"_self\" class=\"button white is-outline lowercase\"  style=\"border-radius:99px;\">\n    <span>Meie kontaktid<\/span>\n  <\/a>\n\n\t\t<\/div>\n\t\t\t\t\n<style>\n#col-1967230605 > .col-inner {\n  margin: 0px 0px -44px 0px;\n}\n<\/style>\n\t<\/div>\n\n\t\n<\/div>\n\t\t<\/div>\n\n\t\t\n<style>\n#section_1967431924 {\n  padding-top: 20px;\n  padding-bottom: 20px;\n  background-color: #ed008c;\n}\n#section_1967431924 .section-bg.bg-loaded {\n  background-image: url(https:\/\/odavprint.ee\/wp-content\/uploads\/2018\/10\/backs-03.svg);\n}\n<\/style>\n\t<\/section>\n\t\n","protected":false},"excerpt":{"rendered":"","protected":false},"author":2,"featured_media":0,"parent":11319,"menu_order":0,"comment_status":"closed","ping_status":"closed","template":"page-blank.php","meta":{"inline_featured_image":false,"footnotes":""},"yoast_head":"<!-- This site is optimized with the Yoast SEO Premium plugin v23.0 (Yoast SEO v23.0) - https:\/\/yoast.com\/wordpress\/plugins\/seo\/ -->\n<title>Fotokapa ehk fototr\u00fckk kapa plaadil<\/title>\n<meta name=\"robots\" content=\"index, follow, max-snippet:-1, max-image-preview:large, max-video-preview:-1\" \/>\n<link rel=\"canonical\" href=\"https:\/\/odavprint.ee\/et\/teenused\/fotokapa-ehk-fototrukk-kapa-plaadil\/\" \/>\n<meta property=\"og:locale\" content=\"et_EE\" \/>\n<meta property=\"og:type\" content=\"article\" \/>\n<meta property=\"og:title\" content=\"Fotokapa ehk fototr\u00fckk kapa plaadil\" \/>\n<meta property=\"og:url\" content=\"https:\/\/odavprint.ee\/et\/teenused\/fotokapa-ehk-fototrukk-kapa-plaadil\/\" \/>\n<meta property=\"og:site_name\" content=\"Odav Print\" \/>\n<meta property=\"article:modified_time\" content=\"2019-04-06T16:59:17+00:00\" \/>\n<meta name=\"twitter:card\" content=\"summary_large_image\" \/>\n<meta name=\"twitter:label1\" content=\"Est. reading time\" \/>\n\t<meta name=\"twitter:data1\" content=\"1 minut\" \/>\n<script type=\"application\/ld+json\" class=\"yoast-schema-graph\">{\"@context\":\"https:\/\/schema.org\",\"@graph\":[{\"@type\":\"WebPage\",\"@id\":\"https:\/\/odavprint.ee\/et\/teenused\/fotokapa-ehk-fototrukk-kapa-plaadil\/\",\"url\":\"https:\/\/odavprint.ee\/et\/teenused\/fotokapa-ehk-fototrukk-kapa-plaadil\/\",\"name\":\"Fotokapa ehk fototr\u00fckk kapa plaadil\",\"isPartOf\":{\"@id\":\"https:\/\/odavprint.ee\/et\/#website\"},\"datePublished\":\"2018-11-01T13:17:29+00:00\",\"dateModified\":\"2019-04-06T16:59:17+00:00\",\"breadcrumb\":{\"@id\":\"https:\/\/odavprint.ee\/et\/teenused\/fotokapa-ehk-fototrukk-kapa-plaadil\/#breadcrumb\"},\"inLanguage\":\"et\",\"potentialAction\":[{\"@type\":\"ReadAction\",\"target\":[\"https:\/\/odavprint.ee\/et\/teenused\/fotokapa-ehk-fototrukk-kapa-plaadil\/\"]}]},{\"@type\":\"BreadcrumbList\",\"@id\":\"https:\/\/odavprint.ee\/et\/teenused\/fotokapa-ehk-fototrukk-kapa-plaadil\/#breadcrumb\",\"itemListElement\":[{\"@type\":\"ListItem\",\"position\":1,\"name\":\"Home\",\"item\":\"https:\/\/odavprint.ee\/et\/esileht\/\"},{\"@type\":\"ListItem\",\"position\":2,\"name\":\"Teenused\",\"item\":\"https:\/\/odavprint.ee\/et\/teenused\/\"},{\"@type\":\"ListItem\",\"position\":3,\"name\":\"Fotokapa ehk fototr\u00fckk kapa plaadil\"}]},{\"@type\":\"WebSite\",\"@id\":\"https:\/\/odavprint.ee\/et\/#website\",\"url\":\"https:\/\/odavprint.ee\/et\/\",\"name\":\"Odav Print\",\"description\":\"Just another WordPress site\",\"publisher\":{\"@id\":\"https:\/\/odavprint.ee\/et\/#organization\"},\"alternateName\":\"Kassettide, toonerite t\u00e4itmine ja m\u00fc\u00fck.\",\"potentialAction\":[{\"@type\":\"SearchAction\",\"target\":{\"@type\":\"EntryPoint\",\"urlTemplate\":\"https:\/\/odavprint.ee\/et\/?s={search_term_string}\"},\"query-input\":\"required name=search_term_string\"}],\"inLanguage\":\"et\"},{\"@type\":[\"Organization\",\"Place\"],\"@id\":\"https:\/\/odavprint.ee\/et\/#organization\",\"name\":\"Odav Print O\u00dc\",\"url\":\"https:\/\/odavprint.ee\/et\/\",\"logo\":{\"@id\":\"https:\/\/odavprint.ee\/et\/teenused\/fotokapa-ehk-fototrukk-kapa-plaadil\/#local-main-organization-logo\"},\"image\":{\"@id\":\"https:\/\/odavprint.ee\/et\/teenused\/fotokapa-ehk-fototrukk-kapa-plaadil\/#local-main-organization-logo\"},\"address\":{\"@id\":\"https:\/\/odavprint.ee\/et\/teenused\/fotokapa-ehk-fototrukk-kapa-plaadil\/#local-main-place-address\"},\"geo\":{\"@type\":\"GeoCoordinates\",\"latitude\":\"59.4306504\",\"longitude\":\"24.8095743\"},\"telephone\":[\"53836926\"],\"openingHoursSpecification\":[{\"@type\":\"OpeningHoursSpecification\",\"dayOfWeek\":[\"Monday\",\"Tuesday\",\"Wednesday\",\"Thursday\",\"Friday\",\"Saturday\",\"Sunday\"],\"opens\":\"09:00\",\"closes\":\"17:00\"}],\"email\":\"info@odavprint.eu\"},{\"@type\":\"PostalAddress\",\"@id\":\"https:\/\/odavprint.ee\/et\/teenused\/fotokapa-ehk-fototrukk-kapa-plaadil\/#local-main-place-address\",\"streetAddress\":\"Pae tn 28\",\"addressLocality\":\"Tallinn\",\"postalCode\":\"11415\",\"addressRegion\":\"Harjumaa\",\"addressCountry\":\"EE\"},{\"@type\":\"ImageObject\",\"inLanguage\":\"et\",\"@id\":\"https:\/\/odavprint.ee\/et\/teenused\/fotokapa-ehk-fototrukk-kapa-plaadil\/#local-main-organization-logo\",\"url\":\"https:\/\/odavprint.ee\/wp-content\/uploads\/2018\/10\/odavprint-logo-240.jpg\",\"contentUrl\":\"https:\/\/odavprint.ee\/wp-content\/uploads\/2018\/10\/odavprint-logo-240.jpg\",\"width\":240,\"height\":36,\"caption\":\"Odav Print O\u00dc\"}]}<\/script>\n<meta name=\"geo.placename\" content=\"Tallinn\" \/>\n<meta name=\"geo.position\" content=\"59.4306504;24.8095743\" \/>\n<meta name=\"geo.region\" content=\"Estonia\" \/>\n<!-- \/ Yoast SEO Premium plugin. -->","yoast_head_json":{"title":"Fotokapa ehk fototr\u00fckk kapa plaadil","robots":{"index":"index","follow":"follow","max-snippet":"max-snippet:-1","max-image-preview":"max-image-preview:large","max-video-preview":"max-video-preview:-1"},"canonical":"https:\/\/odavprint.ee\/et\/teenused\/fotokapa-ehk-fototrukk-kapa-plaadil\/","og_locale":"et_EE","og_type":"article","og_title":"Fotokapa ehk fototr\u00fckk kapa plaadil","og_url":"https:\/\/odavprint.ee\/et\/teenused\/fotokapa-ehk-fototrukk-kapa-plaadil\/","og_site_name":"Odav Print","article_modified_time":"2019-04-06T16:59:17+00:00","twitter_card":"summary_large_image","twitter_misc":{"Est. reading time":"1 minut"},"schema":{"@context":"https:\/\/schema.org","@graph":[{"@type":"WebPage","@id":"https:\/\/odavprint.ee\/et\/teenused\/fotokapa-ehk-fototrukk-kapa-plaadil\/","url":"https:\/\/odavprint.ee\/et\/teenused\/fotokapa-ehk-fototrukk-kapa-plaadil\/","name":"Fotokapa ehk fototr\u00fckk kapa plaadil","isPartOf":{"@id":"https:\/\/odavprint.ee\/et\/#website"},"datePublished":"2018-11-01T13:17:29+00:00","dateModified":"2019-04-06T16:59:17+00:00","breadcrumb":{"@id":"https:\/\/odavprint.ee\/et\/teenused\/fotokapa-ehk-fototrukk-kapa-plaadil\/#breadcrumb"},"inLanguage":"et","potentialAction":[{"@type":"ReadAction","target":["https:\/\/odavprint.ee\/et\/teenused\/fotokapa-ehk-fototrukk-kapa-plaadil\/"]}]},{"@type":"BreadcrumbList","@id":"https:\/\/odavprint.ee\/et\/teenused\/fotokapa-ehk-fototrukk-kapa-plaadil\/#breadcrumb","itemListElement":[{"@type":"ListItem","position":1,"name":"Home","item":"https:\/\/odavprint.ee\/et\/esileht\/"},{"@type":"ListItem","position":2,"name":"Teenused","item":"https:\/\/odavprint.ee\/et\/teenused\/"},{"@type":"ListItem","position":3,"name":"Fotokapa ehk fototr\u00fckk kapa plaadil"}]},{"@type":"WebSite","@id":"https:\/\/odavprint.ee\/et\/#website","url":"https:\/\/odavprint.ee\/et\/","name":"Odav Print","description":"Just another WordPress site","publisher":{"@id":"https:\/\/odavprint.ee\/et\/#organization"},"alternateName":"Kassettide, toonerite t\u00e4itmine ja m\u00fc\u00fck.","potentialAction":[{"@type":"SearchAction","target":{"@type":"EntryPoint","urlTemplate":"https:\/\/odavprint.ee\/et\/?s={search_term_string}"},"query-input":"required name=search_term_string"}],"inLanguage":"et"},{"@type":["Organization","Place"],"@id":"https:\/\/odavprint.ee\/et\/#organization","name":"Odav Print O\u00dc","url":"https:\/\/odavprint.ee\/et\/","logo":{"@id":"https:\/\/odavprint.ee\/et\/teenused\/fotokapa-ehk-fototrukk-kapa-plaadil\/#local-main-organization-logo"},"image":{"@id":"https:\/\/odavprint.ee\/et\/teenused\/fotokapa-ehk-fototrukk-kapa-plaadil\/#local-main-organization-logo"},"address":{"@id":"https:\/\/odavprint.ee\/et\/teenused\/fotokapa-ehk-fototrukk-kapa-plaadil\/#local-main-place-address"},"geo":{"@type":"GeoCoordinates","latitude":"59.4306504","longitude":"24.8095743"},"telephone":["53836926"],"openingHoursSpecification":[{"@type":"OpeningHoursSpecification","dayOfWeek":["Monday","Tuesday","Wednesday","Thursday","Friday","Saturday","Sunday"],"opens":"09:00","closes":"17:00"}],"email":"info@odavprint.eu"},{"@type":"PostalAddress","@id":"https:\/\/odavprint.ee\/et\/teenused\/fotokapa-ehk-fototrukk-kapa-plaadil\/#local-main-place-address","streetAddress":"Pae tn 28","addressLocality":"Tallinn","postalCode":"11415","addressRegion":"Harjumaa","addressCountry":"EE"},{"@type":"ImageObject","inLanguage":"et","@id":"https:\/\/odavprint.ee\/et\/teenused\/fotokapa-ehk-fototrukk-kapa-plaadil\/#local-main-organization-logo","url":"https:\/\/odavprint.ee\/wp-content\/uploads\/2018\/10\/odavprint-logo-240.jpg","contentUrl":"https:\/\/odavprint.ee\/wp-content\/uploads\/2018\/10\/odavprint-logo-240.jpg","width":240,"height":36,"caption":"Odav Print O\u00dc"}]},"geo.placename":"Tallinn","geo.position":{"lat":"59.4306504","long":"24.8095743"},"geo.region":"Estonia"},"_links":{"self":[{"href":"https:\/\/odavprint.ee\/et\/wp-json\/wp\/v2\/pages\/11395"}],"collection":[{"href":"https:\/\/odavprint.ee\/et\/wp-json\/wp\/v2\/pages"}],"about":[{"href":"https:\/\/odavprint.ee\/et\/wp-json\/wp\/v2\/types\/page"}],"author":[{"embeddable":true,"href":"https:\/\/odavprint.ee\/et\/wp-json\/wp\/v2\/users\/2"}],"replies":[{"embeddable":true,"href":"https:\/\/odavprint.ee\/et\/wp-json\/wp\/v2\/comments?post=11395"}],"version-history":[{"count":5,"href":"https:\/\/odavprint.ee\/et\/wp-json\/wp\/v2\/pages\/11395\/revisions"}],"predecessor-version":[{"id":11688,"href":"https:\/\/odavprint.ee\/et\/wp-json\/wp\/v2\/pages\/11395\/revisions\/11688"}],"up":[{"embeddable":true,"href":"https:\/\/odavprint.ee\/et\/wp-json\/wp\/v2\/pages\/11319"}],"wp:attachment":[{"href":"https:\/\/odavprint.ee\/et\/wp-json\/wp\/v2\/media?parent=11395"}],"curies":[{"name":"wp","href":"https:\/\/api.w.org\/{rel}","templated":true}]}}