{"id":19962,"date":"2019-06-25T22:51:52","date_gmt":"2019-06-25T19:51:52","guid":{"rendered":"https:\/\/odavprint.ee\/?page_id=19962"},"modified":"2026-03-13T14:06:46","modified_gmt":"2026-03-13T12:06:46","slug":"tonereiden-taytto","status":"publish","type":"page","link":"https:\/\/odavprint.ee\/et\/tonereiden-taytto\/","title":{"rendered":"Tonereiden t\u00e4ytt\u00f6"},"content":{"rendered":"\t<section class=\"section\" id=\"section_1303173150\">\n\t\t<div class=\"bg section-bg fill bg-fill  \" >\n\n\t\t\t\n\t\t\t<div class=\"section-bg-overlay absolute fill\"><\/div>\n\t\t\t\n\n\t\t<\/div>\n\n\t\t<div class=\"section-content relative\">\n\t\t\t\n<div class=\"row row-collapse\"  id=\"row-1188083035\">\n\n\t<div id=\"col-1936884239\" class=\"col small-12 large-12\"  >\n\t\t\t\t<div class=\"col-inner\"  >\n\t\t\t\n\t\t\t\n<h1 style=\"text-align: center;\"><span style=\"font-size: 120%;\">\u0417\u0410\u041f\u0420\u0410\u0412\u041a\u0410 \u041a\u0410\u0420\u0422\u0420\u0418\u0414\u0416\u0415\u0419<\/span><\/h1>\n<p style=\"text-align: center;\">\u0421\u043a\u043e\u043b\u044c\u043a\u043e \u0441\u0442\u043e\u0438\u0442 \u0437\u0430\u043f\u0440\u0430\u0432\u0438\u0442\u044c \u0432\u0430\u0448 \u043f\u0440\u0438\u043d\u0442\u0435\u0440? \u0423\u0437\u043d\u0430\u0439\u0442\u0435 \u0446\u0435\u043d\u0443, \u043d\u0430\u0436\u0430\u0432 \u043d\u0430 \u043b\u043e\u0433\u043e \u0444\u0438\u0440\u043c\u044b!<\/p>\n\t\t<\/div>\n\t\t\t\t\n<style>\n#col-1936884239 > .col-inner {\n  margin: 0px 0px -20px 0px;\n}\n<\/style>\n\t<\/div>\n\n\t\n<\/div>\n\t\t<\/div>\n\n\t\t\n<style>\n#section_1303173150 {\n  padding-top: 100px;\n  padding-bottom: 100px;\n}\n#section_1303173150 .section-bg-overlay {\n  background-color: rgba(0, 0, 0, 0.02);\n}\n#section_1303173150 .section-bg.bg-loaded {\n  background-image: url(https:\/\/odavprint.ee\/wp-content\/uploads\/2018\/10\/1-4.jpg);\n}\n#section_1303173150 .section-bg {\n  background-position: 50% 50%;\n}\n<\/style>\n\t<\/section>\n\t\n\t<section class=\"section\" id=\"section_37097138\">\n\t\t<div class=\"bg section-bg fill bg-fill  bg-loaded\" >\n\n\t\t\t\n\t\t\t\n\t\t\t\n\n\t\t<\/div>\n\n\t\t<div class=\"section-content relative\">\n\t\t\t\n\t<div id=\"gap-989341486\" class=\"gap-element clearfix\" style=\"display:block; height:auto;\">\n\t\t\n<style>\n#gap-989341486 {\n  padding-top: 30px;\n}\n<\/style>\n\t<\/div>\n\t\n<div>\u0421\u0435\u0433\u043e\u0434\u043d\u044f \u0432\u0441\u0451 \u0431\u043e\u043b\u044c\u0448\u0435 \u043f\u043e\u043b\u044c\u0437\u043e\u0432\u0430\u0442\u0435\u043b\u0435\u0439 \u0432\u044b\u0431\u0438\u0440\u0430\u044e\u0442 \u0441\u043e\u0432\u043c\u0435\u0441\u0442\u0438\u043c\u044b\u0435 (\u0430\u043d\u0430\u043b\u043e\u0433\u043e\u0432\u044b\u0435) \u043a\u0430\u0440\u0442\u0440\u0438\u0434\u0436\u0438 \u0438 \u0447\u0435\u0440\u043d\u0438\u043b\u0430 \u0432\u043c\u0435\u0441\u0442\u043e \u0437\u0430\u043f\u0440\u0430\u0432\u043a\u0438. \u0418\u0445 \u0441\u0442\u043e\u0438\u043c\u043e\u0441\u0442\u044c \u043e\u0431\u044b\u0447\u043d\u043e \u0441\u043e\u043f\u043e\u0441\u0442\u0430\u0432\u0438\u043c\u0430 \u0441 \u0446\u0435\u043d\u043e\u0439 \u0437\u0430\u043f\u0440\u0430\u0432\u043a\u0438, \u0430 \u0438\u043d\u043e\u0433\u0434\u0430 \u0434\u0430\u0436\u0435 \u043d\u0438\u0436\u0435. \u041f\u0440\u0438 \u044d\u0442\u043e\u043c \u0432\u044b \u043f\u043e\u043b\u0443\u0447\u0430\u0435\u0442\u0435 \u0443\u0436\u0435 \u0433\u043e\u0442\u043e\u0432\u044b\u0439 \u043a \u0440\u0430\u0431\u043e\u0442\u0435 \u043a\u0430\u0440\u0442\u0440\u0438\u0434\u0436 \u2014 \u0435\u0433\u043e \u043c\u043e\u0436\u043d\u043e \u0441\u0440\u0430\u0437\u0443 \u0443\u0441\u0442\u0430\u043d\u043e\u0432\u0438\u0442\u044c \u0432 \u043f\u0440\u0438\u043d\u0442\u0435\u0440 \u0438 \u043f\u0440\u043e\u0434\u043e\u043b\u0436\u0438\u0442\u044c \u043f\u0435\u0447\u0430\u0442\u044c, \u0431\u0435\u0437 \u043e\u0436\u0438\u0434\u0430\u043d\u0438\u044f \u043e\u0431\u0441\u043b\u0443\u0436\u0438\u0432\u0430\u043d\u0438\u044f.<\/div>\n<div>\u00a0<\/div>\n<div>\u0422\u0435\u043c \u043d\u0435 \u043c\u0435\u043d\u0435\u0435, \u0434\u043b\u044f \u0443\u0434\u043e\u0431\u0441\u0442\u0432\u0430 \u0441\u0440\u0430\u0432\u043d\u0435\u043d\u0438\u044f \u043c\u044b \u043e\u0441\u0442\u0430\u0432\u043b\u044f\u0435\u043c \u043d\u0430 \u0441\u0430\u0439\u0442\u0435 \u0438\u043d\u0444\u043e\u0440\u043c\u0430\u0446\u0438\u044e \u0438 \u0446\u0435\u043d\u044b \u043d\u0430 \u0437\u0430\u043f\u0440\u0430\u0432\u043a\u0443 \u043a\u0430\u0440\u0442\u0440\u0438\u0434\u0436\u0435\u0439, \u0447\u0442\u043e\u0431\u044b \u0432\u044b \u043c\u043e\u0433\u043b\u0438 \u0432\u044b\u0431\u0440\u0430\u0442\u044c \u043d\u0430\u0438\u0431\u043e\u043b\u0435\u0435 \u043f\u043e\u0434\u0445\u043e\u0434\u044f\u0449\u0438\u0439 \u0432\u0430\u0440\u0438\u0430\u043d\u0442.<\/div>\n<div class=\"row\"  id=\"row-115020917\">\n\n\t<div id=\"col-1763717731\" class=\"col medium-4 small-6 large-2\"  >\n\t\t\t\t<div class=\"col-inner text-center\"  >\n\t\t\t\n\t\t\t\n<div class=\"ux-logo has-hover align-middle ux_logo inline-block\" style=\"max-width: 100%!important; width: 180px!important\"><a class=\"ux-logo-link block image-zoom\" title=\"\"  href=\"https:\/\/odavprint.ee\/et\/tonereiden-taytto\/hp\/\" style=\"padding: 15px;\"><img decoding=\"async\" src=\"https:\/\/odavprint.ee\/wp-content\/uploads\/2018\/10\/hp.png\" title=\"\" alt=\"\" class=\"ux-logo-image block\" style=\"height:150px;\" \/><\/a><\/div>\n\t\t<\/div>\n\t\t\t\t\t<\/div>\n\n\t\n\n\t<div id=\"col-662679934\" class=\"col medium-4 small-6 large-2\"  >\n\t\t\t\t<div class=\"col-inner text-center\"  >\n\t\t\t\n\t\t\t\n<div class=\"ux-logo has-hover align-middle ux_logo inline-block\" style=\"max-width: 100%!important; width: 180px!important\"><a class=\"ux-logo-link block image-zoom\" title=\"\"  href=\"https:\/\/odavprint.ee\/et\/tonereiden-taytto\/canon\/\" style=\"padding: 15px;\"><img decoding=\"async\" src=\"https:\/\/odavprint.ee\/wp-content\/uploads\/2018\/10\/canon.png\" title=\"\" alt=\"\" class=\"ux-logo-image block\" style=\"height:150px;\" \/><\/a><\/div>\n\t\t<\/div>\n\t\t\t\t\t<\/div>\n\n\t\n\n\t<div id=\"col-2013954055\" class=\"col medium-4 small-6 large-2\"  >\n\t\t\t\t<div class=\"col-inner text-center\"  >\n\t\t\t\n\t\t\t\n<div class=\"ux-logo has-hover align-middle ux_logo inline-block\" style=\"max-width: 100%!important; width: 180px!important\"><a class=\"ux-logo-link block image-zoom\" title=\"\"  href=\"https:\/\/odavprint.ee\/et\/tonereiden-taytto\/samsung\/\" style=\"padding: 15px;\"><img decoding=\"async\" src=\"https:\/\/odavprint.ee\/wp-content\/uploads\/2018\/10\/samsung.gif\" title=\"\" alt=\"\" class=\"ux-logo-image block\" style=\"height:150px;\" \/><\/a><\/div>\n\t\t<\/div>\n\t\t\t\t\t<\/div>\n\n\t\n\n\t<div id=\"col-1001217748\" class=\"col medium-4 small-6 large-2\"  >\n\t\t\t\t<div class=\"col-inner text-center\"  >\n\t\t\t\n\t\t\t\n<div class=\"ux-logo has-hover align-middle ux_logo inline-block\" style=\"max-width: 100%!important; width: 180px!important\"><a class=\"ux-logo-link block image-zoom\" title=\"\"  href=\"https:\/\/odavprint.ee\/et\/tonereiden-taytto\/brother\/\" style=\"padding: 15px;\"><img decoding=\"async\" src=\"https:\/\/odavprint.ee\/wp-content\/uploads\/2018\/10\/brother-1.png\" title=\"\" alt=\"\" class=\"ux-logo-image block\" style=\"height:150px;\" \/><\/a><\/div>\n\t\t<\/div>\n\t\t\t\t\t<\/div>\n\n\t\n\n\t<div id=\"col-408182250\" class=\"col medium-4 small-6 large-2\"  >\n\t\t\t\t<div class=\"col-inner text-center\"  >\n\t\t\t\n\t\t\t\n<div class=\"ux-logo has-hover align-middle ux_logo inline-block\" style=\"max-width: 100%!important; width: 180px!important\"><a class=\"ux-logo-link block image-zoom\" title=\"\"  href=\"https:\/\/odavprint.ee\/et\/tonereiden-taytto\/xerox\/\" style=\"padding: 15px;\"><img decoding=\"async\" src=\"https:\/\/odavprint.ee\/wp-content\/uploads\/2018\/10\/xerox.jpg\" title=\"\" alt=\"\" class=\"ux-logo-image block\" style=\"height:150px;\" \/><\/a><\/div>\n\t\t<\/div>\n\t\t\t\t\t<\/div>\n\n\t\n\n\t<div id=\"col-2088646360\" class=\"col medium-4 small-6 large-2\"  >\n\t\t\t\t<div class=\"col-inner text-center\"  >\n\t\t\t\n\t\t\t\n<div class=\"ux-logo has-hover align-middle ux_logo inline-block\" style=\"max-width: 100%!important; width: 180px!important\"><a class=\"ux-logo-link block image-zoom\" title=\"\"  href=\"https:\/\/odavprint.ee\/et\/tonereiden-taytto\/konica-minolta\/\" style=\"padding: 15px;\"><img decoding=\"async\" src=\"https:\/\/odavprint.ee\/wp-content\/uploads\/2018\/10\/km.jpg\" title=\"\" alt=\"\" class=\"ux-logo-image block\" style=\"height:150px;\" \/><\/a><\/div>\n\t\t<\/div>\n\t\t\t\t\t<\/div>\n\n\t\n\n\t<div id=\"col-2060394392\" class=\"col medium-4 small-6 large-2\"  >\n\t\t\t\t<div class=\"col-inner text-center\"  >\n\t\t\t\n\t\t\t\n<div class=\"ux-logo has-hover align-middle ux_logo inline-block\" style=\"max-width: 100%!important; width: 180px!important\"><a class=\"ux-logo-link block image-zoom\" title=\"\"  href=\"https:\/\/odavprint.ee\/et\/tonereiden-taytto\/epson\/\" style=\"padding: 15px;\"><img decoding=\"async\" src=\"https:\/\/odavprint.ee\/wp-content\/uploads\/2018\/10\/epson.png\" title=\"\" alt=\"\" class=\"ux-logo-image block\" style=\"height:150px;\" \/><\/a><\/div>\n\t\t<\/div>\n\t\t\t\t\t<\/div>\n\n\t\n\n\t<div id=\"col-362154007\" class=\"col medium-4 small-6 large-2\"  >\n\t\t\t\t<div class=\"col-inner text-center\"  >\n\t\t\t\n\t\t\t\n<div class=\"ux-logo has-hover align-middle ux_logo inline-block\" style=\"max-width: 100%!important; width: 180px!important\"><a class=\"ux-logo-link block image-zoom\" title=\"\"  href=\"https:\/\/odavprint.ee\/et\/tonereiden-taytto\/kyocera\/\" style=\"padding: 15px;\"><img decoding=\"async\" src=\"https:\/\/odavprint.ee\/wp-content\/uploads\/2018\/10\/logo_6.png\" title=\"\" alt=\"\" class=\"ux-logo-image block\" style=\"height:150px;\" \/><\/a><\/div>\n\t\t<\/div>\n\t\t\t\t\t<\/div>\n\n\t\n\n\t<div id=\"col-1851459786\" class=\"col medium-4 small-6 large-2\"  >\n\t\t\t\t<div class=\"col-inner text-center\"  >\n\t\t\t\n\t\t\t\n<div class=\"ux-logo has-hover align-middle ux_logo inline-block\" style=\"max-width: 100%!important; width: 180px!important\"><a class=\"ux-logo-link block image-zoom\" title=\"\"  href=\"https:\/\/odavprint.ee\/et\/tonereiden-taytto\/dell\/\" style=\"padding: 15px;\"><img decoding=\"async\" src=\"https:\/\/odavprint.ee\/wp-content\/uploads\/2018\/10\/dell.png\" title=\"\" alt=\"\" class=\"ux-logo-image block\" style=\"height:150px;\" \/><\/a><\/div>\n\t\t<\/div>\n\t\t\t\t\t<\/div>\n\n\t\n\n\t<div id=\"col-1314387756\" class=\"col medium-4 small-6 large-2\"  >\n\t\t\t\t<div class=\"col-inner text-center\"  >\n\t\t\t\n\t\t\t\n<div class=\"ux-logo has-hover align-middle ux_logo inline-block\" style=\"max-width: 100%!important; width: 180px!important\"><a class=\"ux-logo-link block image-zoom\" title=\"\"  href=\"https:\/\/odavprint.ee\/et\/tonereiden-taytto\/ibm\/\" style=\"padding: 15px;\"><img decoding=\"async\" src=\"https:\/\/odavprint.ee\/wp-content\/uploads\/2018\/10\/ibm.jpg\" title=\"\" alt=\"\" class=\"ux-logo-image block\" style=\"height:150px;\" \/><\/a><\/div>\n\t\t<\/div>\n\t\t\t\t\t<\/div>\n\n\t\n\n\t<div id=\"col-280049550\" class=\"col medium-4 small-6 large-2\"  >\n\t\t\t\t<div class=\"col-inner text-center\"  >\n\t\t\t\n\t\t\t\n<div class=\"ux-logo has-hover align-middle ux_logo inline-block\" style=\"max-width: 100%!important; width: 180px!important\"><a class=\"ux-logo-link block image-zoom\" title=\"\"  href=\"https:\/\/odavprint.ee\/et\/tonereiden-taytto\/lexmark\/\" style=\"padding: 15px;\"><img decoding=\"async\" src=\"https:\/\/odavprint.ee\/wp-content\/uploads\/2018\/10\/lexmark.png\" title=\"\" alt=\"\" class=\"ux-logo-image block\" style=\"height:150px;\" \/><\/a><\/div>\n\t\t<\/div>\n\t\t\t\t\t<\/div>\n\n\t\n\n\t<div id=\"col-1207431076\" class=\"col medium-4 small-6 large-2\"  >\n\t\t\t\t<div class=\"col-inner text-center\"  >\n\t\t\t\n\t\t\t\n<div class=\"ux-logo has-hover align-middle ux_logo inline-block\" style=\"max-width: 100%!important; width: 180px!important\"><a class=\"ux-logo-link block image-zoom\" title=\"\"  href=\"https:\/\/odavprint.ee\/et\/tonereiden-taytto\/ricoh\/\" style=\"padding: 15px;\"><img decoding=\"async\" src=\"https:\/\/odavprint.ee\/wp-content\/uploads\/2018\/10\/ricoh.png\" title=\"\" alt=\"\" class=\"ux-logo-image block\" style=\"height:150px;\" \/><\/a><\/div>\n\t\t<\/div>\n\t\t\t\t\t<\/div>\n\n\t\n\n\t<div id=\"col-327013628\" class=\"col medium-4 small-6 large-2\"  >\n\t\t\t\t<div class=\"col-inner text-center\"  >\n\t\t\t\n\t\t\t\n<div class=\"ux-logo has-hover align-middle ux_logo inline-block\" style=\"max-width: 100%!important; width: 180px!important\"><a class=\"ux-logo-link block image-zoom\" title=\"\"  href=\"https:\/\/odavprint.ee\/et\/tonereiden-taytto\/tallygenicom\/\" style=\"padding: 15px;\"><img decoding=\"async\" src=\"https:\/\/odavprint.ee\/wp-content\/uploads\/2018\/10\/tg.png\" title=\"\" alt=\"\" class=\"ux-logo-image block\" style=\"height:150px;\" \/><\/a><\/div>\n\t\t<\/div>\n\t\t\t\t\t<\/div>\n\n\t\n\n\t<div id=\"col-669602606\" class=\"col medium-4 small-6 large-2\"  >\n\t\t\t\t<div class=\"col-inner text-center\"  >\n\t\t\t\n\t\t\t\n<div class=\"ux-logo has-hover align-middle ux_logo inline-block\" style=\"max-width: 100%!important; width: 180px!important\"><a class=\"ux-logo-link block image-zoom\" title=\"\"  href=\"https:\/\/odavprint.ee\/et\/tonereiden-taytto\/oki\/\" style=\"padding: 15px;\"><img decoding=\"async\" src=\"https:\/\/odavprint.ee\/wp-content\/uploads\/2018\/10\/logo_5.png\" title=\"\" alt=\"\" class=\"ux-logo-image block\" style=\"height:150px;\" \/><\/a><\/div>\n\t\t<\/div>\n\t\t\t\t\t<\/div>\n\n\t\n\n\t<div id=\"col-1112719690\" class=\"col medium-4 small-6 large-2\"  >\n\t\t\t\t<div class=\"col-inner text-center\"  >\n\t\t\t\n\t\t\t\n<div class=\"ux-logo has-hover align-middle ux_logo inline-block\" style=\"max-width: 100%!important; width: 180px!important\"><a class=\"ux-logo-link block image-zoom\" title=\"\"  href=\"https:\/\/odavprint.ee\/et\/tonereiden-taytto\/sagem\/\" style=\"padding: 15px;\"><img decoding=\"async\" src=\"https:\/\/odavprint.ee\/wp-content\/uploads\/2018\/10\/logo_2.jpg\" title=\"\" alt=\"\" class=\"ux-logo-image block\" style=\"height:150px;\" \/><\/a><\/div>\n\t\t<\/div>\n\t\t\t\t\t<\/div>\n\n\t\n\n\t<div id=\"col-573389294\" class=\"col medium-4 small-6 large-2\"  >\n\t\t\t\t<div class=\"col-inner text-center\"  >\n\t\t\t\n\t\t\t\n<div class=\"ux-logo has-hover align-middle ux_logo inline-block\" style=\"max-width: 100%!important; width: 180px!important\"><a class=\"ux-logo-link block image-zoom\" title=\"\"  href=\"https:\/\/odavprint.ee\/et\/tonereiden-taytto\/utax\/\" style=\"padding: 15px;\"><img decoding=\"async\" src=\"https:\/\/odavprint.ee\/wp-content\/uploads\/2018\/10\/logo_3.png\" title=\"\" alt=\"\" class=\"ux-logo-image block\" style=\"height:150px;\" \/><\/a><\/div>\n\t\t<\/div>\n\t\t\t\t\t<\/div>\n\n\t\n\n\t<div id=\"col-1655543456\" class=\"col medium-4 small-6 large-2\"  >\n\t\t\t\t<div class=\"col-inner text-center\"  >\n\t\t\t\n\t\t\t\n<div class=\"ux-logo has-hover align-middle ux_logo inline-block\" style=\"max-width: 100%!important; width: 180px!important\"><a class=\"ux-logo-link block image-zoom\" title=\"\"  href=\"https:\/\/odavprint.ee\/et\/tonereiden-taytto\/panasonic\/\" style=\"padding: 15px;\"><img decoding=\"async\" src=\"https:\/\/odavprint.ee\/wp-content\/uploads\/2018\/10\/logo_8.png\" title=\"\" alt=\"\" class=\"ux-logo-image block\" style=\"height:150px;\" \/><\/a><\/div>\n\t\t<\/div>\n\t\t\t\t\t<\/div>\n\n\t\n<\/div>\n\t\t<\/div>\n\n\t\t\n<style>\n#section_37097138 {\n  padding-top: 0px;\n  padding-bottom: 0px;\n}\n<\/style>\n\t<\/section>\n\t\n","protected":false},"excerpt":{"rendered":"","protected":false},"author":2,"featured_media":0,"parent":0,"menu_order":0,"comment_status":"closed","ping_status":"closed","template":"page-blank.php","meta":{"inline_featured_image":false,"footnotes":""},"yoast_head":"<!-- This site is optimized with the Yoast SEO Premium plugin v23.0 (Yoast SEO v23.0) - https:\/\/yoast.com\/wordpress\/plugins\/seo\/ -->\n<title>Tonereiden t\u00e4ytt\u00f6<\/title>\n<meta name=\"robots\" content=\"index, follow, max-snippet:-1, max-image-preview:large, max-video-preview:-1\" \/>\n<link rel=\"canonical\" href=\"https:\/\/odavprint.ee\/et\/tonereiden-taytto\/\" \/>\n<meta property=\"og:locale\" content=\"et_EE\" \/>\n<meta property=\"og:type\" content=\"article\" \/>\n<meta property=\"og:title\" content=\"Tonereiden t\u00e4ytt\u00f6\" \/>\n<meta property=\"og:url\" content=\"https:\/\/odavprint.ee\/et\/tonereiden-taytto\/\" \/>\n<meta property=\"og:site_name\" content=\"Odav Print\" \/>\n<meta property=\"article:modified_time\" content=\"2026-03-13T12:06:46+00:00\" \/>\n<meta name=\"twitter:card\" content=\"summary_large_image\" \/>\n<meta name=\"twitter:label1\" content=\"Est. reading time\" \/>\n\t<meta name=\"twitter:data1\" content=\"2 minutit\" \/>\n<script type=\"application\/ld+json\" class=\"yoast-schema-graph\">{\"@context\":\"https:\/\/schema.org\",\"@graph\":[{\"@type\":\"WebPage\",\"@id\":\"https:\/\/odavprint.ee\/et\/tonereiden-taytto\/\",\"url\":\"https:\/\/odavprint.ee\/et\/tonereiden-taytto\/\",\"name\":\"Tonereiden t\u00e4ytt\u00f6\",\"isPartOf\":{\"@id\":\"https:\/\/odavprint.ee\/et\/#website\"},\"datePublished\":\"2019-06-25T19:51:52+00:00\",\"dateModified\":\"2026-03-13T12:06:46+00:00\",\"breadcrumb\":{\"@id\":\"https:\/\/odavprint.ee\/et\/tonereiden-taytto\/#breadcrumb\"},\"inLanguage\":\"et\",\"potentialAction\":[{\"@type\":\"ReadAction\",\"target\":[\"https:\/\/odavprint.ee\/et\/tonereiden-taytto\/\"]}]},{\"@type\":\"BreadcrumbList\",\"@id\":\"https:\/\/odavprint.ee\/et\/tonereiden-taytto\/#breadcrumb\",\"itemListElement\":[{\"@type\":\"ListItem\",\"position\":1,\"name\":\"Home\",\"item\":\"https:\/\/odavprint.ee\/et\/esileht\/\"},{\"@type\":\"ListItem\",\"position\":2,\"name\":\"Tonereiden t\u00e4ytt\u00f6\"}]},{\"@type\":\"WebSite\",\"@id\":\"https:\/\/odavprint.ee\/et\/#website\",\"url\":\"https:\/\/odavprint.ee\/et\/\",\"name\":\"Odav Print\",\"description\":\"Just another WordPress site\",\"publisher\":{\"@id\":\"https:\/\/odavprint.ee\/et\/#organization\"},\"alternateName\":\"Kassettide, toonerite t\u00e4itmine ja m\u00fc\u00fck.\",\"potentialAction\":[{\"@type\":\"SearchAction\",\"target\":{\"@type\":\"EntryPoint\",\"urlTemplate\":\"https:\/\/odavprint.ee\/et\/?s={search_term_string}\"},\"query-input\":\"required name=search_term_string\"}],\"inLanguage\":\"et\"},{\"@type\":[\"Organization\",\"Place\"],\"@id\":\"https:\/\/odavprint.ee\/et\/#organization\",\"name\":\"Odav Print O\u00dc\",\"url\":\"https:\/\/odavprint.ee\/et\/\",\"logo\":{\"@id\":\"https:\/\/odavprint.ee\/et\/tonereiden-taytto\/#local-main-organization-logo\"},\"image\":{\"@id\":\"https:\/\/odavprint.ee\/et\/tonereiden-taytto\/#local-main-organization-logo\"},\"address\":{\"@id\":\"https:\/\/odavprint.ee\/et\/tonereiden-taytto\/#local-main-place-address\"},\"geo\":{\"@type\":\"GeoCoordinates\",\"latitude\":\"59.4306504\",\"longitude\":\"24.8095743\"},\"telephone\":[\"53836926\"],\"openingHoursSpecification\":[{\"@type\":\"OpeningHoursSpecification\",\"dayOfWeek\":[\"Monday\",\"Tuesday\",\"Wednesday\",\"Thursday\",\"Friday\",\"Saturday\",\"Sunday\"],\"opens\":\"09:00\",\"closes\":\"17:00\"}],\"email\":\"info@odavprint.eu\"},{\"@type\":\"PostalAddress\",\"@id\":\"https:\/\/odavprint.ee\/et\/tonereiden-taytto\/#local-main-place-address\",\"streetAddress\":\"Pae tn 28\",\"addressLocality\":\"Tallinn\",\"postalCode\":\"11415\",\"addressRegion\":\"Harjumaa\",\"addressCountry\":\"EE\"},{\"@type\":\"ImageObject\",\"inLanguage\":\"et\",\"@id\":\"https:\/\/odavprint.ee\/et\/tonereiden-taytto\/#local-main-organization-logo\",\"url\":\"https:\/\/odavprint.ee\/wp-content\/uploads\/2018\/10\/odavprint-logo-240.jpg\",\"contentUrl\":\"https:\/\/odavprint.ee\/wp-content\/uploads\/2018\/10\/odavprint-logo-240.jpg\",\"width\":240,\"height\":36,\"caption\":\"Odav Print O\u00dc\"}]}<\/script>\n<meta name=\"geo.placename\" content=\"Tallinn\" \/>\n<meta name=\"geo.position\" content=\"59.4306504;24.8095743\" \/>\n<meta name=\"geo.region\" content=\"Estonia\" \/>\n<!-- \/ Yoast SEO Premium plugin. -->","yoast_head_json":{"title":"Tonereiden t\u00e4ytt\u00f6","robots":{"index":"index","follow":"follow","max-snippet":"max-snippet:-1","max-image-preview":"max-image-preview:large","max-video-preview":"max-video-preview:-1"},"canonical":"https:\/\/odavprint.ee\/et\/tonereiden-taytto\/","og_locale":"et_EE","og_type":"article","og_title":"Tonereiden t\u00e4ytt\u00f6","og_url":"https:\/\/odavprint.ee\/et\/tonereiden-taytto\/","og_site_name":"Odav Print","article_modified_time":"2026-03-13T12:06:46+00:00","twitter_card":"summary_large_image","twitter_misc":{"Est. reading time":"2 minutit"},"schema":{"@context":"https:\/\/schema.org","@graph":[{"@type":"WebPage","@id":"https:\/\/odavprint.ee\/et\/tonereiden-taytto\/","url":"https:\/\/odavprint.ee\/et\/tonereiden-taytto\/","name":"Tonereiden t\u00e4ytt\u00f6","isPartOf":{"@id":"https:\/\/odavprint.ee\/et\/#website"},"datePublished":"2019-06-25T19:51:52+00:00","dateModified":"2026-03-13T12:06:46+00:00","breadcrumb":{"@id":"https:\/\/odavprint.ee\/et\/tonereiden-taytto\/#breadcrumb"},"inLanguage":"et","potentialAction":[{"@type":"ReadAction","target":["https:\/\/odavprint.ee\/et\/tonereiden-taytto\/"]}]},{"@type":"BreadcrumbList","@id":"https:\/\/odavprint.ee\/et\/tonereiden-taytto\/#breadcrumb","itemListElement":[{"@type":"ListItem","position":1,"name":"Home","item":"https:\/\/odavprint.ee\/et\/esileht\/"},{"@type":"ListItem","position":2,"name":"Tonereiden t\u00e4ytt\u00f6"}]},{"@type":"WebSite","@id":"https:\/\/odavprint.ee\/et\/#website","url":"https:\/\/odavprint.ee\/et\/","name":"Odav Print","description":"Just another WordPress site","publisher":{"@id":"https:\/\/odavprint.ee\/et\/#organization"},"alternateName":"Kassettide, toonerite t\u00e4itmine ja m\u00fc\u00fck.","potentialAction":[{"@type":"SearchAction","target":{"@type":"EntryPoint","urlTemplate":"https:\/\/odavprint.ee\/et\/?s={search_term_string}"},"query-input":"required name=search_term_string"}],"inLanguage":"et"},{"@type":["Organization","Place"],"@id":"https:\/\/odavprint.ee\/et\/#organization","name":"Odav Print O\u00dc","url":"https:\/\/odavprint.ee\/et\/","logo":{"@id":"https:\/\/odavprint.ee\/et\/tonereiden-taytto\/#local-main-organization-logo"},"image":{"@id":"https:\/\/odavprint.ee\/et\/tonereiden-taytto\/#local-main-organization-logo"},"address":{"@id":"https:\/\/odavprint.ee\/et\/tonereiden-taytto\/#local-main-place-address"},"geo":{"@type":"GeoCoordinates","latitude":"59.4306504","longitude":"24.8095743"},"telephone":["53836926"],"openingHoursSpecification":[{"@type":"OpeningHoursSpecification","dayOfWeek":["Monday","Tuesday","Wednesday","Thursday","Friday","Saturday","Sunday"],"opens":"09:00","closes":"17:00"}],"email":"info@odavprint.eu"},{"@type":"PostalAddress","@id":"https:\/\/odavprint.ee\/et\/tonereiden-taytto\/#local-main-place-address","streetAddress":"Pae tn 28","addressLocality":"Tallinn","postalCode":"11415","addressRegion":"Harjumaa","addressCountry":"EE"},{"@type":"ImageObject","inLanguage":"et","@id":"https:\/\/odavprint.ee\/et\/tonereiden-taytto\/#local-main-organization-logo","url":"https:\/\/odavprint.ee\/wp-content\/uploads\/2018\/10\/odavprint-logo-240.jpg","contentUrl":"https:\/\/odavprint.ee\/wp-content\/uploads\/2018\/10\/odavprint-logo-240.jpg","width":240,"height":36,"caption":"Odav Print O\u00dc"}]},"geo.placename":"Tallinn","geo.position":{"lat":"59.4306504","long":"24.8095743"},"geo.region":"Estonia"},"_links":{"self":[{"href":"https:\/\/odavprint.ee\/et\/wp-json\/wp\/v2\/pages\/19962"}],"collection":[{"href":"https:\/\/odavprint.ee\/et\/wp-json\/wp\/v2\/pages"}],"about":[{"href":"https:\/\/odavprint.ee\/et\/wp-json\/wp\/v2\/types\/page"}],"author":[{"embeddable":true,"href":"https:\/\/odavprint.ee\/et\/wp-json\/wp\/v2\/users\/2"}],"replies":[{"embeddable":true,"href":"https:\/\/odavprint.ee\/et\/wp-json\/wp\/v2\/comments?post=19962"}],"version-history":[{"count":8,"href":"https:\/\/odavprint.ee\/et\/wp-json\/wp\/v2\/pages\/19962\/revisions"}],"predecessor-version":[{"id":222652,"href":"https:\/\/odavprint.ee\/et\/wp-json\/wp\/v2\/pages\/19962\/revisions\/222652"}],"wp:attachment":[{"href":"https:\/\/odavprint.ee\/et\/wp-json\/wp\/v2\/media?parent=19962"}],"curies":[{"name":"wp","href":"https:\/\/api.w.org\/{rel}","templated":true}]}}