{"id":209993,"date":"2025-04-12T01:07:15","date_gmt":"2025-04-11T22:07:15","guid":{"rendered":"https:\/\/odavprint.ee\/?page_id=209993"},"modified":"2025-05-22T16:58:05","modified_gmt":"2025-05-22T13:58:05","slug":"reeglid-ja-tingimused","status":"publish","type":"page","link":"https:\/\/odavprint.ee\/et\/reeglid-ja-tingimused\/","title":{"rendered":"Reeglid ja tingimused"},"content":{"rendered":"<h1>Reeglid ja tingimused<\/h1>\n<p>Palun lugege allj\u00e4rgnevad reeglid ja tingimused t\u00e4helepanelikult l\u00e4bi. Need kasutatakse www.odavprint.ee kodulehe kaudu, telefonitsi v\u00f5i Odav Print O\u00dc kontoris sooritatud k\u00f5igi ostutehingute suhtes (edasi nimetatud \u201codavprint\u201d). Vormistades ostutellimust, n\u00f5ustute seega allj\u00e4rgnevate tingimustega:<\/p>\n<h3 style=\"margin-bottom:1em;\">1. Tellimuse vormistamine ja tasumine<\/h3>\n<p>1.1. Tellimus, mis on vormistatud www.odavprint.ee kodulehel, k\u00e4sitletakse soovina osta toote kodulehel n\u00e4idatud hinnaga. Tellimuse vormistamisel saab klient arve ja juhendi selle kohta, kuidas kanda raha odavprint kontole \u00fcle.<\/p>\n<p>1.2. Makse peab olema teostatud 24 tunni jooksul p\u00e4rast tellimuse vormistamist. Peale raha laekumist odavprint kontole on tellimus l\u00f5petatud ja seda ei ole v\u00f5imalik t\u00fchistada.<\/p>\n<p>1.3. Tellimuse eest saab tasuda tellimuse all olevate pangalinkide kaudu Avex Change O\u00dc arveldusarvele.<\/p>\n<h3 style=\"margin-bottom:1em;\">2. Tellimuse t\u00fchistamine<\/h3>\n<p>2.1. Kliendil on \u00f5igus tellimus t\u00fchistada kuni makse teostamiseni. Tellimus t\u00fchistatakse automaatselt, kui klient ei ole v\u00f5imeline teostada makse \u00f5igeaegselt.<\/p>\n<p>2.2. odavprint j\u00e4tab endale \u00f5iguse tellimus t\u00fchistada etten\u00e4gematute olukordade puhul. Tellimuse t\u00fchistamise v\u00f5imalikeks tingimusteks on:<\/p>\n<ul>\n<li>arvutirike, mis p\u00f5hjustas andmeh\u00e4ireid toote hindade osas,<\/li>\n<li>tellitav kaup on laost otsas.<\/li>\n<\/ul>\n<p>2.3. Kui tellitud tooted ei ole k\u00e4ttesaadavad v\u00f5i tellimuse t\u00fchistamisel v\u00f5tab odavprint kliendiga \u00fchendust, et pakkuda asendustooteid v\u00f5i viivitamatult tagastada k\u00f5ik kliendi poolt \u00fclekantud vahendid.<\/p>\n<h3 style=\"margin-bottom:1em;\">3. Tellimuse k\u00e4ttetoimetamine<\/h3>\n<p>3.1. odavprint saadab tooteid \u00e4ra 2-4 t\u00f6\u00f6p\u00e4eva jooksul alates makse saamisest. Kui k\u00e4ttetoimetamine hilineb v\u00f5i kui tellitud toode ei ole k\u00e4ttesaadav, v\u00f5tab odavprint kliendiga alati \u00fchendust e-posti v\u00f5i telefoni teel k\u00e4ttetoimetamise tingimuste t\u00e4psustamiseks.<\/p>\n<p>3.2. Tellimuse vormistamisel n\u00e4idatud k\u00e4ttetoimetamise hinnad kehtivad ainult Eesti territooriumil. V\u00e4lismaale k\u00e4ttetoimetamise tingimused ja hinnad koosk\u00f5lastatakse iga \u00fcksikjuhtumi puhul. Palun v\u00f5tke meiega \u00fchendust telefoni teel numbril +372 5911 9495 v\u00f5i e-posti teel aadressil &#x69;&#x6e;&#102;&#111;&#64;&#x6f;&#x64;&#x61;&#118;&#112;r&#x69;&#x6e;&#x74;&#46;&#101;e.<\/p>\n<p>3.3. Saatmisteenuse pakkujaks kasutab odavprint DPD, Omniva ja SmartPosti pakiautomaatide teenuseid, mille usaldusv\u00e4\u00e4rsus ja k\u00e4ttetoimetamise kiirus on kontrollitud aastate jooksul.<\/p>\n<h3 style=\"margin-bottom:1em;\">4. Kindlustus<\/h3>\n<p>4.1. Kliendi soovil v\u00f5ib odavprint saadetise kindlustada. Seejuures kindlustusega seotud kulusid v\u00f5tab klient enda kanda. Summad ja tingimused r\u00e4\u00e4gitakse iga \u00fcksikjuhtumi puhul eraldi l\u00e4bi. Kindlustus kehtib ainult sel ajal, kui saadetis on teel, ning selle kehtivus l\u00f5peb p\u00e4rast seda, kui kuller saab kliendilt allkirja k\u00e4ttetoimetamise kohta. Kui kaup rikutakse v\u00f5i kaotatakse transportimise ajal kuller- v\u00f5i postiteenistuse s\u00fc\u00fcl, j\u00e4tab odavprint endale \u00f5iguse otsustada oma \u00e4ran\u00e4gemisel \u2013 kas saata kaup uuesti v\u00f5i tagastada kliendile raha.<\/p>\n<h3 style=\"margin-bottom:1em;\">5. Kliendiandmed<\/h3>\n<p>5.1. odavprint vajab kliendi isikuandmeid selleks, et v\u00f5tta kliendiga \u00fchendust tema tellimusega seonduvalt. odavprint edastab kliendi andmeid punktis 3.3. toodud saatmisteenuse pakkutajatele. odavprint ei edasta kliendi andmeid kolmandatele isikutele.<\/p>\n<h3 style=\"margin-bottom:1em;\">6. Intellektuaalse omandi \u00f5igus<\/h3>\n<p>6.1. K\u00f5ik sellel kodulehel olevad logod, tekstid, kujutised ja tarkvara kuuluvad odavprint-le. K\u00e4esolev materjal loetakse odavprint intellektuaalseks omandiks. Sellel kodulehel olevate logode, tekstide, kujutiste ja tarkvara mis tahes kasutamine on keelatud. Sellel kodulehel olevate mis tahes materjalide volitamata kasutamine v\u00f5ib seaduse alusel olla tsiviil- ja kriminaalkorras karistatav. odavprint v\u00f5tab tarvitusele k\u00f5iki v\u00f5imalikke abin\u00f5usid intellektuaalse omandi \u00f5iguste kaitsmiseks ja nende t\u00e4itmise tagamiseks.Tellimuse t\u00fchistamine ja toote tagastamine.<\/p>\n<h3 style=\"margin-bottom:1em;\">7. Tellimuse t\u00fchistamine ja toote tagastamine<\/h3>\n<p>7.1. Kliendil on \u00f5igus peale toodete eest tasumist, kuid enne toodete kohaletoimetamist oma tellimus t\u00fchistada, saates e-maili aadressile &#x69;&#x6e;&#x66;&#x6f;&#x40;&#x6f;&#100;&#97;&#118;&#112;rint&#x2e;&#x65;&#x65; vastavasisulise teate koos tellimuse numbriga ning oma panga arvelduskonto andmetega v\u00f5i helistades klienditeeninduse kontakttelefonile +372 5911 9495<\/p>\n<p>7.2. Peale toodete k\u00e4ttesaamist on toodetega tutvumiseks aega 14 p\u00e4eva. Kui ostetud kaup mingil p\u00f5hjusel ei sobi, on 14 p\u00e4eva jooksul v\u00f5imalus toode tagastada v\u00f5i v\u00e4lja vahetada muu toote vastu, saates e-maili aadressile &#105;&#x6e;f&#x6f;&#64;&#111;&#x64;&#97;&#x76;p&#114;&#x69;&#110;&#x74;&#46;&#x65;&#x65; vastavasisuline tellimuse t\u00fchistamise teade koos tellimuse numbriga v\u00f5i helistades kontakttelefonile +372 5911 9495.<\/p>\n<p>7.3. Tellimuse t\u00fchistamisel punktis 7.1 s\u00e4testatud juhul v\u00f5i tellimusest taganemise korral punktis 7.2 s\u00e4testatud juhul tagastatakse ostu eest tasutud summa, millest Klient kannab toote lattu saatmisega seotud kulutused. Raha kantakse tagastatud toote eest tagasi arveldusarvele hiljemalt 30 p\u00e4eva jooksul alates taganemisteate esitamisest.<\/p>\n<p>7.4. Tagastatav toode peab olema pakendis ja kasutamata ning sisaldama k\u00f5iki tootepakendis sisaldunud esemeid. Kui toode on ostetud kampaania korras, kus kaubale on lisatud veel m\u00f5ni toode, tuleb tagastada kogu komplekt (k\u00f5ik tooted).<\/p>\n<p>7.5. Kui tagastatav toode (v\u00f5i toote pakend) on kahjustatud toote mittesihip\u00e4rase kasutamise tulemusena, on odavprint- l \u00f5igus tagastatava toode\/test vastuv\u00f5tmisest taganeda. Tasaarvestamise staatuse kohta saadab odavprint tasaarveldamise teate tellimuse vormistamisel teatatud e-maili aadressile. Juhul, kui tasaarveldamise teates n\u00e4idatud tingimustel Klient ei n\u00f5ustu, on \u00f5igus kaasata toote v\u00e4\u00e4rtuse v\u00e4henemise kindlakstegemiseks s\u00f5ltumatu ekspert. Ekspertiisiga seotud kulud jagatakse pooleks Klient ja odavprint vahel, v.a juhul, kui \u00fche poole seisukoht osutub ilmselt p\u00f5hjendamatuks. Sellisel juhul kannab ekspertiisiga seotud kulud pool, kelle seisukoht osutus p\u00f5hjendamatuks.<\/p>\n<h3 style=\"margin-bottom:1em;\">8. Toote \u00fcmbervahetamine<\/h3>\n<p>8.1. Kui toode mingil p\u00f5hjusel ei sobi, saab Klient avaldada oma soovi selle toode \u00fcmber vahetada teise toote vastu eeldusel, et soovitav kaup on laos olemas. K\u00f5ik kauba vahetamisega seotud kulud tasub Klient.<\/p>\n","protected":false},"excerpt":{"rendered":"<p>Reeglid ja tingimused Palun lugege allj\u00e4rgnevad reeglid ja tingimused t\u00e4helepanelikult l\u00e4bi. Need kasutatakse www.odavprint.ee kodulehe kaudu, telefonitsi v\u00f5i Odav Print O\u00dc kontoris sooritatud k\u00f5igi ostutehingute suhtes (edasi nimetatud \u201codavprint\u201d). Vormistades ostutellimust, n\u00f5ustute seega allj\u00e4rgnevate tingimustega: 1. Tellimuse vormistamine ja tasumine 1.1. Tellimus, mis on vormistatud www.odavprint.ee kodulehel, k\u00e4sitletakse soovina osta toote kodulehel n\u00e4idatud hinnaga. Tellimuse [&#8230;]\n","protected":false},"author":1,"featured_media":0,"parent":0,"menu_order":0,"comment_status":"closed","ping_status":"closed","template":"","meta":{"inline_featured_image":false,"footnotes":""},"yoast_head":"<!-- This site is optimized with the Yoast SEO Premium plugin v23.0 (Yoast SEO v23.0) - https:\/\/yoast.com\/wordpress\/plugins\/seo\/ -->\n<title>Reeglid ja tingimused<\/title>\n<meta name=\"description\" content=\"Reeglid ja tingimused Palun lugege allj\u00e4rgnevad reeglid ja tingimused t\u00e4helepanelikult l\u00e4bi. Need kasutatakse www.odavprint.ee kodulehe kaudu, telefonitsi\" \/>\n<meta name=\"robots\" content=\"index, follow, max-snippet:-1, max-image-preview:large, max-video-preview:-1\" \/>\n<link rel=\"canonical\" href=\"https:\/\/odavprint.ee\/et\/reeglid-ja-tingimused\/\" \/>\n<meta property=\"og:locale\" content=\"et_EE\" \/>\n<meta property=\"og:type\" content=\"article\" \/>\n<meta property=\"og:title\" content=\"Reeglid ja tingimused\" \/>\n<meta property=\"og:description\" content=\"Reeglid ja tingimused Palun lugege allj\u00e4rgnevad reeglid ja tingimused t\u00e4helepanelikult l\u00e4bi. Need kasutatakse www.odavprint.ee kodulehe kaudu, telefonitsi\" \/>\n<meta property=\"og:url\" content=\"https:\/\/odavprint.ee\/et\/reeglid-ja-tingimused\/\" \/>\n<meta property=\"og:site_name\" content=\"Odav Print\" \/>\n<meta property=\"article:modified_time\" content=\"2025-05-22T13:58:05+00:00\" \/>\n<meta name=\"twitter:card\" content=\"summary_large_image\" \/>\n<meta name=\"twitter:label1\" content=\"Est. reading time\" \/>\n\t<meta name=\"twitter:data1\" content=\"4 minutit\" \/>\n<script type=\"application\/ld+json\" class=\"yoast-schema-graph\">{\"@context\":\"https:\/\/schema.org\",\"@graph\":[{\"@type\":\"WebPage\",\"@id\":\"https:\/\/odavprint.ee\/et\/reeglid-ja-tingimused\/\",\"url\":\"https:\/\/odavprint.ee\/et\/reeglid-ja-tingimused\/\",\"name\":\"Reeglid ja tingimused\",\"isPartOf\":{\"@id\":\"https:\/\/odavprint.ee\/et\/#website\"},\"datePublished\":\"2025-04-11T22:07:15+00:00\",\"dateModified\":\"2025-05-22T13:58:05+00:00\",\"description\":\"Reeglid ja tingimused Palun lugege allj\u00e4rgnevad reeglid ja tingimused t\u00e4helepanelikult l\u00e4bi. Need kasutatakse www.odavprint.ee kodulehe kaudu, telefonitsi\",\"breadcrumb\":{\"@id\":\"https:\/\/odavprint.ee\/et\/reeglid-ja-tingimused\/#breadcrumb\"},\"inLanguage\":\"et\",\"potentialAction\":[{\"@type\":\"ReadAction\",\"target\":[\"https:\/\/odavprint.ee\/et\/reeglid-ja-tingimused\/\"]}]},{\"@type\":\"BreadcrumbList\",\"@id\":\"https:\/\/odavprint.ee\/et\/reeglid-ja-tingimused\/#breadcrumb\",\"itemListElement\":[{\"@type\":\"ListItem\",\"position\":1,\"name\":\"Home\",\"item\":\"https:\/\/odavprint.ee\/et\/esileht\/\"},{\"@type\":\"ListItem\",\"position\":2,\"name\":\"Reeglid ja tingimused\"}]},{\"@type\":\"WebSite\",\"@id\":\"https:\/\/odavprint.ee\/et\/#website\",\"url\":\"https:\/\/odavprint.ee\/et\/\",\"name\":\"Odav Print\",\"description\":\"Just another WordPress site\",\"publisher\":{\"@id\":\"https:\/\/odavprint.ee\/et\/#organization\"},\"alternateName\":\"Kassettide, toonerite t\u00e4itmine ja m\u00fc\u00fck.\",\"potentialAction\":[{\"@type\":\"SearchAction\",\"target\":{\"@type\":\"EntryPoint\",\"urlTemplate\":\"https:\/\/odavprint.ee\/et\/?s={search_term_string}\"},\"query-input\":\"required name=search_term_string\"}],\"inLanguage\":\"et\"},{\"@type\":[\"Organization\",\"Place\"],\"@id\":\"https:\/\/odavprint.ee\/et\/#organization\",\"name\":\"Odav Print O\u00dc\",\"url\":\"https:\/\/odavprint.ee\/et\/\",\"logo\":{\"@id\":\"https:\/\/odavprint.ee\/et\/reeglid-ja-tingimused\/#local-main-organization-logo\"},\"image\":{\"@id\":\"https:\/\/odavprint.ee\/et\/reeglid-ja-tingimused\/#local-main-organization-logo\"},\"address\":{\"@id\":\"https:\/\/odavprint.ee\/et\/reeglid-ja-tingimused\/#local-main-place-address\"},\"geo\":{\"@type\":\"GeoCoordinates\",\"latitude\":\"59.4306504\",\"longitude\":\"24.8095743\"},\"telephone\":[\"53836926\"],\"openingHoursSpecification\":[{\"@type\":\"OpeningHoursSpecification\",\"dayOfWeek\":[\"Monday\",\"Tuesday\",\"Wednesday\",\"Thursday\",\"Friday\",\"Saturday\",\"Sunday\"],\"opens\":\"09:00\",\"closes\":\"17:00\"}],\"email\":\"info@odavprint.eu\"},{\"@type\":\"PostalAddress\",\"@id\":\"https:\/\/odavprint.ee\/et\/reeglid-ja-tingimused\/#local-main-place-address\",\"streetAddress\":\"Pae tn 28\",\"addressLocality\":\"Tallinn\",\"postalCode\":\"11415\",\"addressRegion\":\"Harjumaa\",\"addressCountry\":\"EE\"},{\"@type\":\"ImageObject\",\"inLanguage\":\"et\",\"@id\":\"https:\/\/odavprint.ee\/et\/reeglid-ja-tingimused\/#local-main-organization-logo\",\"url\":\"https:\/\/odavprint.ee\/wp-content\/uploads\/2018\/10\/odavprint-logo-240.jpg\",\"contentUrl\":\"https:\/\/odavprint.ee\/wp-content\/uploads\/2018\/10\/odavprint-logo-240.jpg\",\"width\":240,\"height\":36,\"caption\":\"Odav Print O\u00dc\"}]}<\/script>\n<meta name=\"geo.placename\" content=\"Tallinn\" \/>\n<meta name=\"geo.position\" content=\"59.4306504;24.8095743\" \/>\n<meta name=\"geo.region\" content=\"Estonia\" \/>\n<!-- \/ Yoast SEO Premium plugin. -->","yoast_head_json":{"title":"Reeglid ja tingimused","description":"Reeglid ja tingimused Palun lugege allj\u00e4rgnevad reeglid ja tingimused t\u00e4helepanelikult l\u00e4bi. Need kasutatakse www.odavprint.ee kodulehe kaudu, telefonitsi","robots":{"index":"index","follow":"follow","max-snippet":"max-snippet:-1","max-image-preview":"max-image-preview:large","max-video-preview":"max-video-preview:-1"},"canonical":"https:\/\/odavprint.ee\/et\/reeglid-ja-tingimused\/","og_locale":"et_EE","og_type":"article","og_title":"Reeglid ja tingimused","og_description":"Reeglid ja tingimused Palun lugege allj\u00e4rgnevad reeglid ja tingimused t\u00e4helepanelikult l\u00e4bi. Need kasutatakse www.odavprint.ee kodulehe kaudu, telefonitsi","og_url":"https:\/\/odavprint.ee\/et\/reeglid-ja-tingimused\/","og_site_name":"Odav Print","article_modified_time":"2025-05-22T13:58:05+00:00","twitter_card":"summary_large_image","twitter_misc":{"Est. reading time":"4 minutit"},"schema":{"@context":"https:\/\/schema.org","@graph":[{"@type":"WebPage","@id":"https:\/\/odavprint.ee\/et\/reeglid-ja-tingimused\/","url":"https:\/\/odavprint.ee\/et\/reeglid-ja-tingimused\/","name":"Reeglid ja tingimused","isPartOf":{"@id":"https:\/\/odavprint.ee\/et\/#website"},"datePublished":"2025-04-11T22:07:15+00:00","dateModified":"2025-05-22T13:58:05+00:00","description":"Reeglid ja tingimused Palun lugege allj\u00e4rgnevad reeglid ja tingimused t\u00e4helepanelikult l\u00e4bi. Need kasutatakse www.odavprint.ee kodulehe kaudu, telefonitsi","breadcrumb":{"@id":"https:\/\/odavprint.ee\/et\/reeglid-ja-tingimused\/#breadcrumb"},"inLanguage":"et","potentialAction":[{"@type":"ReadAction","target":["https:\/\/odavprint.ee\/et\/reeglid-ja-tingimused\/"]}]},{"@type":"BreadcrumbList","@id":"https:\/\/odavprint.ee\/et\/reeglid-ja-tingimused\/#breadcrumb","itemListElement":[{"@type":"ListItem","position":1,"name":"Home","item":"https:\/\/odavprint.ee\/et\/esileht\/"},{"@type":"ListItem","position":2,"name":"Reeglid ja tingimused"}]},{"@type":"WebSite","@id":"https:\/\/odavprint.ee\/et\/#website","url":"https:\/\/odavprint.ee\/et\/","name":"Odav Print","description":"Just another WordPress site","publisher":{"@id":"https:\/\/odavprint.ee\/et\/#organization"},"alternateName":"Kassettide, toonerite t\u00e4itmine ja m\u00fc\u00fck.","potentialAction":[{"@type":"SearchAction","target":{"@type":"EntryPoint","urlTemplate":"https:\/\/odavprint.ee\/et\/?s={search_term_string}"},"query-input":"required name=search_term_string"}],"inLanguage":"et"},{"@type":["Organization","Place"],"@id":"https:\/\/odavprint.ee\/et\/#organization","name":"Odav Print O\u00dc","url":"https:\/\/odavprint.ee\/et\/","logo":{"@id":"https:\/\/odavprint.ee\/et\/reeglid-ja-tingimused\/#local-main-organization-logo"},"image":{"@id":"https:\/\/odavprint.ee\/et\/reeglid-ja-tingimused\/#local-main-organization-logo"},"address":{"@id":"https:\/\/odavprint.ee\/et\/reeglid-ja-tingimused\/#local-main-place-address"},"geo":{"@type":"GeoCoordinates","latitude":"59.4306504","longitude":"24.8095743"},"telephone":["53836926"],"openingHoursSpecification":[{"@type":"OpeningHoursSpecification","dayOfWeek":["Monday","Tuesday","Wednesday","Thursday","Friday","Saturday","Sunday"],"opens":"09:00","closes":"17:00"}],"email":"info@odavprint.eu"},{"@type":"PostalAddress","@id":"https:\/\/odavprint.ee\/et\/reeglid-ja-tingimused\/#local-main-place-address","streetAddress":"Pae tn 28","addressLocality":"Tallinn","postalCode":"11415","addressRegion":"Harjumaa","addressCountry":"EE"},{"@type":"ImageObject","inLanguage":"et","@id":"https:\/\/odavprint.ee\/et\/reeglid-ja-tingimused\/#local-main-organization-logo","url":"https:\/\/odavprint.ee\/wp-content\/uploads\/2018\/10\/odavprint-logo-240.jpg","contentUrl":"https:\/\/odavprint.ee\/wp-content\/uploads\/2018\/10\/odavprint-logo-240.jpg","width":240,"height":36,"caption":"Odav Print O\u00dc"}]},"geo.placename":"Tallinn","geo.position":{"lat":"59.4306504","long":"24.8095743"},"geo.region":"Estonia"},"_links":{"self":[{"href":"https:\/\/odavprint.ee\/et\/wp-json\/wp\/v2\/pages\/209993"}],"collection":[{"href":"https:\/\/odavprint.ee\/et\/wp-json\/wp\/v2\/pages"}],"about":[{"href":"https:\/\/odavprint.ee\/et\/wp-json\/wp\/v2\/types\/page"}],"author":[{"embeddable":true,"href":"https:\/\/odavprint.ee\/et\/wp-json\/wp\/v2\/users\/1"}],"replies":[{"embeddable":true,"href":"https:\/\/odavprint.ee\/et\/wp-json\/wp\/v2\/comments?post=209993"}],"version-history":[{"count":3,"href":"https:\/\/odavprint.ee\/et\/wp-json\/wp\/v2\/pages\/209993\/revisions"}],"predecessor-version":[{"id":210766,"href":"https:\/\/odavprint.ee\/et\/wp-json\/wp\/v2\/pages\/209993\/revisions\/210766"}],"wp:attachment":[{"href":"https:\/\/odavprint.ee\/et\/wp-json\/wp\/v2\/media?parent=209993"}],"curies":[{"name":"wp","href":"https:\/\/api.w.org\/{rel}","templated":true}]}}