{"id":22892,"date":"2019-11-19T18:11:56","date_gmt":"2019-11-19T16:11:56","guid":{"rendered":"https:\/\/odavprint.ee\/?page_id=22892"},"modified":"2025-04-11T02:13:57","modified_gmt":"2025-04-10T23:13:57","slug":"privaatsuspoliitika","status":"publish","type":"page","link":"https:\/\/odavprint.ee\/et\/privaatsuspoliitika\/","title":{"rendered":"Privaatsuspoliitika"},"content":{"rendered":"<h1>Privaatsuspoliitika<\/h1>\n<p>odavprint.ee.ee on v\u00f5tnud endale kohustuse kaitsta klientide ja kasutajate privaatsust. Sellest l\u00e4htuvalt oleme koostanud k\u00e4esolevad privaatsuspoliitika p\u00f5him\u00f5tted, mis k\u00e4sitlevad kliendi andmete kogumist, kasutamist, avaldamist, edastamist ja talletamist. Meie tegevus internetis on koosk\u00f5las k\u00f5igi asjakohaste tegevuste ja vastavate odavprint.ee.ee Liidu \u00f5igusaktide ja Eesti Vabariigi seadustega. Leia veidi aega ja tutvu meie privaatsusp\u00f5him\u00f5tetega.<\/p>\n<h3>Isikuandmete kogumine ja kasutamine<\/h3>\n<p>Isikuandmed on Sinu, kui eraisikuga konkreetselt v\u00f5i kaudselt seostatavad andmed, mida odavprint.ee.ee kogub ja t\u00f6\u00f6tleb \u00fcksikisikuga s\u00f5lmitud lepingu t\u00e4itmiseks v\u00f5i temaga \u00fchenduse v\u00f5tmiseks ning seadustest tulenevate kohustuste t\u00e4itmiseks.<\/p>\n<p>P\u00fcsikliendi isikuandmete kogumine v\u00f5ib toimuda allj\u00e4rgnevatel viisidel:<\/p>\n<ul>\n<li>kontaktandmete (sh sinu nimi, isikukood, postiaadress, telefoninumber, e-posti aadress, eelistatud kontakteerumisviis) esitamisel  meie veebisaidil v\u00f5i mujal (n\u00e4it. kauplused);<\/li>\n<li>veebisaidi kasutamisel kliendi kontoinfost v\u00f5i k\u00fcpsiste (cookies) kaudu<\/li>\n<li>ostu v\u00f5i tellimuse sooritamisel meie poes v\u00f5i e-poes isiku kontaktandmete v\u00f5i ostueelistusi puudutavate andmete  talletamisel  (odavprint.ee v\u00f5ib paluda teatud veebilehe aladel vabatahtlikult esitada isikuandmeid ja personaalset informatsiooni. N\u00f5utavad isikuandmed v\u00f5ivad sisaldada nime, aadressi, postiindeksit, e-posti aadressi, telefoninumbrit ja teisi andmeid);<\/li>\n<li>j\u00e4relmaksutaotluse esitamisel<\/li>\n<h3>Muude andmete kogumine<\/h3>\n<p>Kogume ka isikustamata andmeid \u2013 andmeid, mida ei saa otseselt \u00fche kindla isikuga siduda (sugu, vanus, keele eelistus, asukoht).<\/p>\n<p>V\u00f5ime koguda ka andmeid klienditegevuste kohta meie veebisaidil. Need andmed koondatakse ja neid kasutatakse selleks, et saaksime klientidele edastada kasulikumat teavet ja saaksime teada, millised veebisaidi, toodete ja teenuste osad on k\u00f5ige huvipakkuvamad. Koondandmeid k\u00e4sitletakse selles privaatsuspoliitikas isikustamata andmetena.<\/p>\n<h3>Kogutud isikuandmete kasutamine ja s\u00e4ilitamine<\/h3>\n<p>Kogutud isikuandmete abil saame teavitada kliente odavprint.ee.ee tooteuudistest, kampaaniatest ja tulevastest s\u00fcndmustest. Klient, kes ei soovi olla meie uudiskirjaloendis v\u00f5i saada teavitusi teda huvitada v\u00f5ivatest toodetest, saab ennast adressaatide sihtr\u00fchmast igal ajal eemaldada.<\/p>\n<p>Kogutud isikuandmeid kasutame ka kauba kohaletoimetamiseks ning kliendi ees v\u00f5etud kohustuste t\u00e4itmiseks.<\/p>\n<p>Privaatsuspoliitika tingimustega n\u00f5ustumisel annab klient odavprint.ee.ee n\u00f5usoleku enda andmete automatiseeritud t\u00f6\u00f6tlemiseks. V\u00f5id alati oma n\u00f5usoleku tagasi v\u00f5tta meie kodulehe vahendusel v\u00f5i kirjalikku taasesitamist v\u00f5imaldavas vormis avalduse tegemisega. Tagasiulatuvat j\u00f5udu avaldusel ega n\u00f5usoleku tagasiv\u00f5tmisel ei ole.<\/p>\n<p>Kliendi paremaks teenindamiseks v\u00f5ib odavprint.ee.ee avaldada teavet \u00fcksikute kasutajate kohta kolmandale osapoolele, kes osutab odavprint.ee.ee teenuseid ning on lepinguga kohustunud hoidma jagatud teavet konfidentsiaalsena. Kolmandaks osapooleks on n\u00e4iteks meie partner, kelle \u00fclesanneteks on e-poes m\u00fc\u00fcdavate kaupade transport v\u00f5i j\u00e4relmaksu teenuse pakkumine.<\/p>\n<p>Maksete tegemiseks vajalikud isikuandmed edastame volitatud t\u00f6\u00f6tlejale Montonio Finance UAB. https:\/\/montonio.com\/<\/p>\n<p>Kliendi isikuandmeid s\u00e4ilitab odavprint.ee.ee kuni p\u00fcsikliendilepingu l\u00f5petamiseni. Andmeid, mida odavprint.ee on kohustatud s\u00e4ilitama \u00f5igusaktidest tulenevalt (nt. raamatupidamisandmed), s\u00e4ilitab odavprint.ee.ee \u00f5igusaktides s\u00e4testatud n\u00f5uetest l\u00e4htuvalt.<\/p>\n<h3>Kogutud isikuandmete muutmine<\/h3>\n<p>Kliendi tuvastamiseks ja temaga kontakteerumiseks kogutud isikuandmeid on kliendil v\u00f5imalik n\u00e4ha, muuta ja t\u00e4iendada meie veebisaidil \u201eMinu info\u201c alas.<\/p>\n<p>E-maili (odavprint.ee.ee veebisaidi kasutajatunnuse) muutumisel palume meid sellest teavitada, kuna seda ei ole kliendil endal v\u00f5imalik muuta.<\/p>\n<h3>Isikuandmete kaitse<\/h3>\n<p>odavprint.ee.ee rakendab k\u00f5iki ettevaatusabin\u00f5usid (sh administratiivsed, tehnilised ja f\u00fc\u00fcsilised meetmed) kliendi isikuandmete kaitsmiseks. Juurdep\u00e4\u00e4s andmete muutmiseks ja t\u00f6\u00f6tlemiseks on ainult selleks volitatud isikutel.<\/p>\n<p>Kui kahtlustad, et Sinu isikuandmetega on toimitud vastupidiselt k\u00e4esolevas privaatsuspoliitikas kirjeldatule v\u00f5i on oht, et Sinu andmed on lekkinud v\u00f5\u00f5rastele isikutele, anna meile sellest koheselt teada. Ainult nii saame hoida potentsiaalse kahju v\u00f5imalikult v\u00e4ikesena.<\/p>\n<p>Kliendil on \u00f5igus n\u00f5uda oma andmete t\u00f6\u00f6tlemise l\u00f5petamist, teavet andmete kasutamise kohta ning andmete edastamist endale v\u00f5i kolmandale isikule \u00fcldkasutatavas vormingus. V\u00e4ltimaks kliendi andmete ja \u00f5iguste v\u00e4\u00e4rkasutust on taotlusi lubatud esitada \u00fcksnes vormis, kus taotleja isik on tuvastatav (digitaalselt allkirjastatud v\u00f5i esinduses isiklikult allkirjastatud). Meil on \u00f5igus sellistele taotlustele vastata 30 p\u00e4eva jooksul.<\/p>\n<p>Andmete t\u00f6\u00f6tlemise l\u00f5petamise n\u00f5uet k\u00e4sitleme p\u00fcsikliendi lepingu l\u00f5petamise avaldusena.<\/p>\n<h3>Turvalisus<\/h3>\n<p>K\u00f5ik odavprint.ee.ee e-poe k\u00fclastamise ja ostude sooritamise k\u00e4igus teatavaks saanud kliendi isikuandmeid k\u00e4sitletakse kui konfidentsiaalset infot. Kr\u00fcpteeritud andmesidekanal pankadega tagab ostu sooritaja isikuandmete ja pangarekvisiitide turvalisuse.<\/p>\n<h3>Privaatsuspoliitika tingimused ja muudatused<\/h3>\n<p>Meie veebisaiti kasutama asudes v\u00f5i p\u00fcsikliendi avalduse t\u00e4itmisel oled k\u00e4esolevate p\u00f5him\u00f5tete ja tingimustega tutvunud ning nendega n\u00f5ustunud. J\u00e4tame endale \u00f5iguse vajadusel privaatsuspoliitika \u00fcldtingimusi muuta, teavitades sellest k\u00f5iki p\u00fcsikliente, kuid anname oma parima, et hoida meie privaatsuspoliitika ajakohase ja Sinule k\u00e4ttesaadavana meie kodulehel.<\/p>\n<p>K\u00f5igi privaatsuspoliitika v\u00f5i andmet\u00f6\u00f6tluse kohta tekkivate k\u00fcsimuste v\u00f5i muredega palume v\u00f5tta \u00fchendust aadressil &#105;&#x6e;f&#111;&#x40;o&#100;&#x61;v&#x70;&#x72;&#105;&#x6e;t&#46;&#x65;e<\/p>\n<p>Sul on alati \u00f5igus p\u00f6\u00f6rduda oma andmete kaitsmiseks Andmekaitse Inspektsiooni v\u00f5i kohtu poole. Andmekaitse Inspektsiooni n\u00e4ol on tegemist riikliku asutusega, mille poole on v\u00f5imalik p\u00f6\u00f6rduda ka isikuandmete kaitse teemadel konsultatsiooni v\u00f5i abi saamiseks.<\/p>\n","protected":false},"excerpt":{"rendered":"<p>Privaatsuspoliitika odavprint.ee.ee on v\u00f5tnud endale kohustuse kaitsta klientide ja kasutajate privaatsust. Sellest l\u00e4htuvalt oleme koostanud k\u00e4esolevad privaatsuspoliitika p\u00f5him\u00f5tted, mis k\u00e4sitlevad kliendi andmete kogumist, kasutamist, avaldamist, edastamist ja talletamist. Meie tegevus internetis on koosk\u00f5las k\u00f5igi asjakohaste tegevuste ja vastavate odavprint.ee.ee Liidu \u00f5igusaktide ja Eesti Vabariigi seadustega. Leia veidi aega ja tutvu meie privaatsusp\u00f5him\u00f5tetega. Isikuandmete kogumine ja [&#8230;]\n","protected":false},"author":1,"featured_media":0,"parent":0,"menu_order":0,"comment_status":"closed","ping_status":"closed","template":"","meta":{"inline_featured_image":false,"footnotes":""},"yoast_head":"<!-- This site is optimized with the Yoast SEO Premium plugin v23.0 (Yoast SEO v23.0) - https:\/\/yoast.com\/wordpress\/plugins\/seo\/ -->\n<title>Privaatsuspoliitika<\/title>\n<meta name=\"description\" content=\"Privaatsuspoliitika odavprint.ee.ee on v\u00f5tnud endale kohustuse kaitsta klientide ja kasutajate privaatsust. Sellest l\u00e4htuvalt oleme koostanud k\u00e4esolevad\" \/>\n<meta name=\"robots\" content=\"index, follow, max-snippet:-1, max-image-preview:large, max-video-preview:-1\" \/>\n<link rel=\"canonical\" href=\"https:\/\/odavprint.ee\/et\/privaatsuspoliitika\/\" \/>\n<meta property=\"og:locale\" content=\"et_EE\" \/>\n<meta property=\"og:type\" content=\"article\" \/>\n<meta property=\"og:title\" content=\"Privaatsuspoliitika\" \/>\n<meta property=\"og:description\" content=\"Privaatsuspoliitika odavprint.ee.ee on v\u00f5tnud endale kohustuse kaitsta klientide ja kasutajate privaatsust. Sellest l\u00e4htuvalt oleme koostanud k\u00e4esolevad\" \/>\n<meta property=\"og:url\" content=\"https:\/\/odavprint.ee\/et\/privaatsuspoliitika\/\" \/>\n<meta property=\"og:site_name\" content=\"Odav Print\" \/>\n<meta property=\"article:modified_time\" content=\"2025-04-10T23:13:57+00:00\" \/>\n<meta name=\"twitter:card\" content=\"summary_large_image\" \/>\n<meta name=\"twitter:label1\" content=\"Est. reading time\" \/>\n\t<meta name=\"twitter:data1\" content=\"4 minutit\" \/>\n<script type=\"application\/ld+json\" class=\"yoast-schema-graph\">{\"@context\":\"https:\/\/schema.org\",\"@graph\":[{\"@type\":\"WebPage\",\"@id\":\"https:\/\/odavprint.ee\/et\/privaatsuspoliitika\/\",\"url\":\"https:\/\/odavprint.ee\/et\/privaatsuspoliitika\/\",\"name\":\"Privaatsuspoliitika\",\"isPartOf\":{\"@id\":\"https:\/\/odavprint.ee\/et\/#website\"},\"datePublished\":\"2019-11-19T16:11:56+00:00\",\"dateModified\":\"2025-04-10T23:13:57+00:00\",\"description\":\"Privaatsuspoliitika odavprint.ee.ee on v\u00f5tnud endale kohustuse kaitsta klientide ja kasutajate privaatsust. Sellest l\u00e4htuvalt oleme koostanud k\u00e4esolevad\",\"breadcrumb\":{\"@id\":\"https:\/\/odavprint.ee\/et\/privaatsuspoliitika\/#breadcrumb\"},\"inLanguage\":\"et\",\"potentialAction\":[{\"@type\":\"ReadAction\",\"target\":[\"https:\/\/odavprint.ee\/et\/privaatsuspoliitika\/\"]}]},{\"@type\":\"BreadcrumbList\",\"@id\":\"https:\/\/odavprint.ee\/et\/privaatsuspoliitika\/#breadcrumb\",\"itemListElement\":[{\"@type\":\"ListItem\",\"position\":1,\"name\":\"Home\",\"item\":\"https:\/\/odavprint.ee\/et\/esileht\/\"},{\"@type\":\"ListItem\",\"position\":2,\"name\":\"Privaatsuspoliitika\"}]},{\"@type\":\"WebSite\",\"@id\":\"https:\/\/odavprint.ee\/et\/#website\",\"url\":\"https:\/\/odavprint.ee\/et\/\",\"name\":\"Odav Print\",\"description\":\"Just another WordPress site\",\"publisher\":{\"@id\":\"https:\/\/odavprint.ee\/et\/#organization\"},\"alternateName\":\"Kassettide, toonerite t\u00e4itmine ja m\u00fc\u00fck.\",\"potentialAction\":[{\"@type\":\"SearchAction\",\"target\":{\"@type\":\"EntryPoint\",\"urlTemplate\":\"https:\/\/odavprint.ee\/et\/?s={search_term_string}\"},\"query-input\":\"required name=search_term_string\"}],\"inLanguage\":\"et\"},{\"@type\":[\"Organization\",\"Place\"],\"@id\":\"https:\/\/odavprint.ee\/et\/#organization\",\"name\":\"Odav Print O\u00dc\",\"url\":\"https:\/\/odavprint.ee\/et\/\",\"logo\":{\"@id\":\"https:\/\/odavprint.ee\/et\/privaatsuspoliitika\/#local-main-organization-logo\"},\"image\":{\"@id\":\"https:\/\/odavprint.ee\/et\/privaatsuspoliitika\/#local-main-organization-logo\"},\"address\":{\"@id\":\"https:\/\/odavprint.ee\/et\/privaatsuspoliitika\/#local-main-place-address\"},\"geo\":{\"@type\":\"GeoCoordinates\",\"latitude\":\"59.4306504\",\"longitude\":\"24.8095743\"},\"telephone\":[\"53836926\"],\"openingHoursSpecification\":[{\"@type\":\"OpeningHoursSpecification\",\"dayOfWeek\":[\"Monday\",\"Tuesday\",\"Wednesday\",\"Thursday\",\"Friday\",\"Saturday\",\"Sunday\"],\"opens\":\"09:00\",\"closes\":\"17:00\"}],\"email\":\"info@odavprint.eu\"},{\"@type\":\"PostalAddress\",\"@id\":\"https:\/\/odavprint.ee\/et\/privaatsuspoliitika\/#local-main-place-address\",\"streetAddress\":\"Pae tn 28\",\"addressLocality\":\"Tallinn\",\"postalCode\":\"11415\",\"addressRegion\":\"Harjumaa\",\"addressCountry\":\"EE\"},{\"@type\":\"ImageObject\",\"inLanguage\":\"et\",\"@id\":\"https:\/\/odavprint.ee\/et\/privaatsuspoliitika\/#local-main-organization-logo\",\"url\":\"https:\/\/odavprint.ee\/wp-content\/uploads\/2018\/10\/odavprint-logo-240.jpg\",\"contentUrl\":\"https:\/\/odavprint.ee\/wp-content\/uploads\/2018\/10\/odavprint-logo-240.jpg\",\"width\":240,\"height\":36,\"caption\":\"Odav Print O\u00dc\"}]}<\/script>\n<meta name=\"geo.placename\" content=\"Tallinn\" \/>\n<meta name=\"geo.position\" content=\"59.4306504;24.8095743\" \/>\n<meta name=\"geo.region\" content=\"Estonia\" \/>\n<!-- \/ Yoast SEO Premium plugin. -->","yoast_head_json":{"title":"Privaatsuspoliitika","description":"Privaatsuspoliitika odavprint.ee.ee on v\u00f5tnud endale kohustuse kaitsta klientide ja kasutajate privaatsust. Sellest l\u00e4htuvalt oleme koostanud k\u00e4esolevad","robots":{"index":"index","follow":"follow","max-snippet":"max-snippet:-1","max-image-preview":"max-image-preview:large","max-video-preview":"max-video-preview:-1"},"canonical":"https:\/\/odavprint.ee\/et\/privaatsuspoliitika\/","og_locale":"et_EE","og_type":"article","og_title":"Privaatsuspoliitika","og_description":"Privaatsuspoliitika odavprint.ee.ee on v\u00f5tnud endale kohustuse kaitsta klientide ja kasutajate privaatsust. Sellest l\u00e4htuvalt oleme koostanud k\u00e4esolevad","og_url":"https:\/\/odavprint.ee\/et\/privaatsuspoliitika\/","og_site_name":"Odav Print","article_modified_time":"2025-04-10T23:13:57+00:00","twitter_card":"summary_large_image","twitter_misc":{"Est. reading time":"4 minutit"},"schema":{"@context":"https:\/\/schema.org","@graph":[{"@type":"WebPage","@id":"https:\/\/odavprint.ee\/et\/privaatsuspoliitika\/","url":"https:\/\/odavprint.ee\/et\/privaatsuspoliitika\/","name":"Privaatsuspoliitika","isPartOf":{"@id":"https:\/\/odavprint.ee\/et\/#website"},"datePublished":"2019-11-19T16:11:56+00:00","dateModified":"2025-04-10T23:13:57+00:00","description":"Privaatsuspoliitika odavprint.ee.ee on v\u00f5tnud endale kohustuse kaitsta klientide ja kasutajate privaatsust. Sellest l\u00e4htuvalt oleme koostanud k\u00e4esolevad","breadcrumb":{"@id":"https:\/\/odavprint.ee\/et\/privaatsuspoliitika\/#breadcrumb"},"inLanguage":"et","potentialAction":[{"@type":"ReadAction","target":["https:\/\/odavprint.ee\/et\/privaatsuspoliitika\/"]}]},{"@type":"BreadcrumbList","@id":"https:\/\/odavprint.ee\/et\/privaatsuspoliitika\/#breadcrumb","itemListElement":[{"@type":"ListItem","position":1,"name":"Home","item":"https:\/\/odavprint.ee\/et\/esileht\/"},{"@type":"ListItem","position":2,"name":"Privaatsuspoliitika"}]},{"@type":"WebSite","@id":"https:\/\/odavprint.ee\/et\/#website","url":"https:\/\/odavprint.ee\/et\/","name":"Odav Print","description":"Just another WordPress site","publisher":{"@id":"https:\/\/odavprint.ee\/et\/#organization"},"alternateName":"Kassettide, toonerite t\u00e4itmine ja m\u00fc\u00fck.","potentialAction":[{"@type":"SearchAction","target":{"@type":"EntryPoint","urlTemplate":"https:\/\/odavprint.ee\/et\/?s={search_term_string}"},"query-input":"required name=search_term_string"}],"inLanguage":"et"},{"@type":["Organization","Place"],"@id":"https:\/\/odavprint.ee\/et\/#organization","name":"Odav Print O\u00dc","url":"https:\/\/odavprint.ee\/et\/","logo":{"@id":"https:\/\/odavprint.ee\/et\/privaatsuspoliitika\/#local-main-organization-logo"},"image":{"@id":"https:\/\/odavprint.ee\/et\/privaatsuspoliitika\/#local-main-organization-logo"},"address":{"@id":"https:\/\/odavprint.ee\/et\/privaatsuspoliitika\/#local-main-place-address"},"geo":{"@type":"GeoCoordinates","latitude":"59.4306504","longitude":"24.8095743"},"telephone":["53836926"],"openingHoursSpecification":[{"@type":"OpeningHoursSpecification","dayOfWeek":["Monday","Tuesday","Wednesday","Thursday","Friday","Saturday","Sunday"],"opens":"09:00","closes":"17:00"}],"email":"info@odavprint.eu"},{"@type":"PostalAddress","@id":"https:\/\/odavprint.ee\/et\/privaatsuspoliitika\/#local-main-place-address","streetAddress":"Pae tn 28","addressLocality":"Tallinn","postalCode":"11415","addressRegion":"Harjumaa","addressCountry":"EE"},{"@type":"ImageObject","inLanguage":"et","@id":"https:\/\/odavprint.ee\/et\/privaatsuspoliitika\/#local-main-organization-logo","url":"https:\/\/odavprint.ee\/wp-content\/uploads\/2018\/10\/odavprint-logo-240.jpg","contentUrl":"https:\/\/odavprint.ee\/wp-content\/uploads\/2018\/10\/odavprint-logo-240.jpg","width":240,"height":36,"caption":"Odav Print O\u00dc"}]},"geo.placename":"Tallinn","geo.position":{"lat":"59.4306504","long":"24.8095743"},"geo.region":"Estonia"},"_links":{"self":[{"href":"https:\/\/odavprint.ee\/et\/wp-json\/wp\/v2\/pages\/22892"}],"collection":[{"href":"https:\/\/odavprint.ee\/et\/wp-json\/wp\/v2\/pages"}],"about":[{"href":"https:\/\/odavprint.ee\/et\/wp-json\/wp\/v2\/types\/page"}],"author":[{"embeddable":true,"href":"https:\/\/odavprint.ee\/et\/wp-json\/wp\/v2\/users\/1"}],"replies":[{"embeddable":true,"href":"https:\/\/odavprint.ee\/et\/wp-json\/wp\/v2\/comments?post=22892"}],"version-history":[{"count":6,"href":"https:\/\/odavprint.ee\/et\/wp-json\/wp\/v2\/pages\/22892\/revisions"}],"predecessor-version":[{"id":209977,"href":"https:\/\/odavprint.ee\/et\/wp-json\/wp\/v2\/pages\/22892\/revisions\/209977"}],"wp:attachment":[{"href":"https:\/\/odavprint.ee\/et\/wp-json\/wp\/v2\/media?parent=22892"}],"curies":[{"name":"wp","href":"https:\/\/api.w.org\/{rel}","templated":true}]}}