{"id":11705,"date":"2019-04-13T21:42:26","date_gmt":"2019-04-13T18:42:26","guid":{"rendered":"https:\/\/odavprint.preview.ee\/product\/lc-900950-black-mfc-210420620\/"},"modified":"2023-01-31T09:16:06","modified_gmt":"2023-01-31T07:16:06","slug":"lc-900950-black-mfc-210420620","status":"publish","type":"product","link":"https:\/\/odavprint.ee\/et\/product\/lc-900950-black-mfc-210420620\/","title":{"rendered":"Tint LC900\/950 (MFC-210\/410\/425\/3240\/5440) Black 900 lk"},"content":{"rendered":"<p>Brother DCP 110, Brother DCP 115C, Brother DCP 116 C, Brother DCP 117C, Brother DCP 120C, Brother DCP 310CN, Brother DCP 315, Brother DCP 340, Brother Fax 1835C, Brother Fax 1840C, Brother Fax 1940CN, Brother Fax 2440C, Brother MFC 210C, Brother MFC 215C, Brother MFC 3240C, Brother MFc 3340CN, Brother MFC 410cn, Brother MFC 420 CN, Brother MFC 425CN, Brother MFC 5440CN, Brother MFC 5840CN, Brother MFC 610, Brother MFC 615, Brother MFC 620cn, Brother MFC 640CW, Brother MFC 820CW, DCP 110C, DCP 315C, DCP 315CN, DCP 340Cn, DCP 340CW<\/p>\n","protected":false},"excerpt":{"rendered":"<p>Brother DCP 110, Brother DCP 115C, Brother DCP 116 C, Brother DCP 117C, Brother DCP 120C, Brother DCP 310CN, Brother DCP 315, Brother DCP 340, Brother Fax 1835C, Brother Fax 1840C, Brother Fax 1940CN, Brother Fax 2440C, Brother MFC 210C, Brother MFC 215C, Brother MFC 3240C, Brother MFc 3340CN, Brother MFC 410cn, Brother MFC 420 [&#8230;]\n","protected":false},"featured_media":1240,"template":"","meta":{"inline_featured_image":false},"product_cat":[10770],"product_tag":[10771,10772,10773,10774,10775,10776,10777,10778,10779,10780,10781,10782,10783,10784,10785,10786,10787,10788,10789,10790,10791,10792,10793,10794,10795,10796,10797,10798,10799,10800,10801],"yoast_head":"<!-- This site is optimized with the Yoast SEO Premium plugin v23.0 (Yoast SEO v23.0) - https:\/\/yoast.com\/wordpress\/plugins\/seo\/ -->\n<title>Tint LC900\/950 (MFC-210\/410\/425\/3240\/5440) Black 900 lk, hea hinnaga, osta e-pood - Odav Print<\/title>\n<meta name=\"description\" content=\"Osta Tint LC900\/950 (MFC-210\/410\/425\/3240\/5440) Black 900 lk Odav Print \u260e +372 5911 9495 \u2714\ufe0f Parim hind Tint LC900\/950 (MFC-210\/410\/425\/3240\/5440) Black 900 lk jaoks \u26df Kiire kohaletoimetamine Eestis \u2b50 Garanteeritud\" \/>\n<meta name=\"robots\" content=\"index, follow, max-snippet:-1, max-image-preview:large, max-video-preview:-1\" \/>\n<link rel=\"canonical\" href=\"https:\/\/odavprint.ee\/et\/product\/lc-900950-black-mfc-210420620\/\" \/>\n<meta property=\"og:locale\" content=\"et_EE\" \/>\n<meta property=\"og:type\" content=\"article\" \/>\n<meta property=\"og:title\" content=\"Tint LC900\/950 (MFC-210\/410\/425\/3240\/5440) Black 900 lk\" \/>\n<meta property=\"og:description\" content=\"Osta Tint LC900\/950 (MFC-210\/410\/425\/3240\/5440) Black 900 lk Odav Print \u260e +372 5911 9495 \u2714\ufe0f Parim hind Tint LC900\/950 (MFC-210\/410\/425\/3240\/5440) Black 900 lk jaoks \u26df Kiire kohaletoimetamine Eestis \u2b50 Garanteeritud\" \/>\n<meta property=\"og:url\" content=\"https:\/\/odavprint.ee\/et\/product\/lc-900950-black-mfc-210420620\/\" \/>\n<meta property=\"og:site_name\" content=\"Odav Print\" \/>\n<meta property=\"article:modified_time\" content=\"2023-01-31T07:16:06+00:00\" \/>\n<meta property=\"og:image\" content=\"https:\/\/odavprint.ee\/wp-content\/uploads\/2018\/12\/900bk.jpg\" \/>\n\t<meta property=\"og:image:width\" content=\"600\" \/>\n\t<meta property=\"og:image:height\" content=\"600\" \/>\n\t<meta property=\"og:image:type\" content=\"image\/jpeg\" \/>\n<meta name=\"twitter:card\" content=\"summary_large_image\" \/>\n<meta name=\"twitter:label1\" content=\"Price\" \/>\n\t<meta name=\"twitter:data1\" content=\"&euro;2.70\" \/>\n\t<meta name=\"twitter:label2\" content=\"Availability\" \/>\n\t<meta name=\"twitter:data2\" content=\"In stock\" \/>\n<script type=\"application\/ld+json\" class=\"yoast-schema-graph\">{\"@context\":\"https:\/\/schema.org\",\"@graph\":[{\"@type\":[\"WebPage\",\"ItemPage\"],\"@id\":\"https:\/\/odavprint.ee\/et\/product\/lc-900950-black-mfc-210420620\/\",\"url\":\"https:\/\/odavprint.ee\/et\/product\/lc-900950-black-mfc-210420620\/\",\"name\":\"Tint LC900\/950 (MFC-210\/410\/425\/3240\/5440) Black 900 lk, hea hinnaga, osta e-pood - Odav Print\",\"isPartOf\":{\"@id\":\"https:\/\/odavprint.ee\/et\/#website\"},\"primaryImageOfPage\":{\"@id\":\"https:\/\/odavprint.ee\/et\/product\/lc-900950-black-mfc-210420620\/#primaryimage\"},\"image\":{\"@id\":\"https:\/\/odavprint.ee\/et\/product\/lc-900950-black-mfc-210420620\/#primaryimage\"},\"thumbnailUrl\":\"https:\/\/odavprint.ee\/wp-content\/uploads\/2018\/12\/900bk.jpg\",\"datePublished\":\"2019-04-13T18:42:26+00:00\",\"dateModified\":\"2023-01-31T07:16:06+00:00\",\"description\":\"Osta Tint LC900\/950 (MFC-210\/410\/425\/3240\/5440) Black 900 lk Odav Print \u260e +372 5911 9495 \u2714\ufe0f Parim hind Tint LC900\/950 (MFC-210\/410\/425\/3240\/5440) Black 900 lk jaoks \u26df Kiire kohaletoimetamine Eestis \u2b50 Garanteeritud\",\"breadcrumb\":{\"@id\":\"https:\/\/odavprint.ee\/et\/product\/lc-900950-black-mfc-210420620\/#breadcrumb\"},\"inLanguage\":\"et\",\"potentialAction\":[{\"@type\":\"ReadAction\",\"target\":[\"https:\/\/odavprint.ee\/et\/product\/lc-900950-black-mfc-210420620\/\"]}]},{\"@type\":\"ImageObject\",\"inLanguage\":\"et\",\"@id\":\"https:\/\/odavprint.ee\/et\/product\/lc-900950-black-mfc-210420620\/#primaryimage\",\"url\":\"https:\/\/odavprint.ee\/wp-content\/uploads\/2018\/12\/900bk.jpg\",\"contentUrl\":\"https:\/\/odavprint.ee\/wp-content\/uploads\/2018\/12\/900bk.jpg\",\"width\":600,\"height\":600},{\"@type\":\"BreadcrumbList\",\"@id\":\"https:\/\/odavprint.ee\/et\/product\/lc-900950-black-mfc-210420620\/#breadcrumb\",\"itemListElement\":[{\"@type\":\"ListItem\",\"position\":1,\"name\":\"Home\",\"item\":\"https:\/\/odavprint.ee\/et\/esileht\/\"},{\"@type\":\"ListItem\",\"position\":2,\"name\":\"E-pood\",\"item\":\"https:\/\/odavprint.ee\/et\/shop\/\"},{\"@type\":\"ListItem\",\"position\":3,\"name\":\"Tint LC900\/950 (MFC-210\/410\/425\/3240\/5440) Black 900 lk\"}]},{\"@type\":\"WebSite\",\"@id\":\"https:\/\/odavprint.ee\/et\/#website\",\"url\":\"https:\/\/odavprint.ee\/et\/\",\"name\":\"Odav Print\",\"description\":\"Just another WordPress site\",\"publisher\":{\"@id\":\"https:\/\/odavprint.ee\/et\/#organization\"},\"alternateName\":\"Kassettide, toonerite t\u00e4itmine ja m\u00fc\u00fck.\",\"potentialAction\":[{\"@type\":\"SearchAction\",\"target\":{\"@type\":\"EntryPoint\",\"urlTemplate\":\"https:\/\/odavprint.ee\/et\/?s={search_term_string}\"},\"query-input\":\"required name=search_term_string\"}],\"inLanguage\":\"et\"},{\"@type\":[\"Organization\",\"Place\"],\"@id\":\"https:\/\/odavprint.ee\/et\/#organization\",\"name\":\"Odav Print O\u00dc\",\"url\":\"https:\/\/odavprint.ee\/et\/\",\"logo\":{\"@id\":\"https:\/\/odavprint.ee\/et\/product\/lc-900950-black-mfc-210420620\/#local-main-organization-logo\"},\"image\":{\"@id\":\"https:\/\/odavprint.ee\/et\/product\/lc-900950-black-mfc-210420620\/#local-main-organization-logo\"},\"address\":{\"@id\":\"https:\/\/odavprint.ee\/et\/product\/lc-900950-black-mfc-210420620\/#local-main-place-address\"},\"geo\":{\"@type\":\"GeoCoordinates\",\"latitude\":\"59.4306504\",\"longitude\":\"24.8095743\"},\"telephone\":[\"53836926\"],\"openingHoursSpecification\":[{\"@type\":\"OpeningHoursSpecification\",\"dayOfWeek\":[\"Monday\",\"Tuesday\",\"Wednesday\",\"Thursday\",\"Friday\",\"Saturday\",\"Sunday\"],\"opens\":\"09:00\",\"closes\":\"17:00\"}],\"email\":\"info@odavprint.eu\"},{\"@type\":\"PostalAddress\",\"@id\":\"https:\/\/odavprint.ee\/et\/product\/lc-900950-black-mfc-210420620\/#local-main-place-address\",\"streetAddress\":\"Pae tn 28\",\"addressLocality\":\"Tallinn\",\"postalCode\":\"11415\",\"addressRegion\":\"Harjumaa\",\"addressCountry\":\"EE\"},{\"@type\":\"ImageObject\",\"inLanguage\":\"et\",\"@id\":\"https:\/\/odavprint.ee\/et\/product\/lc-900950-black-mfc-210420620\/#local-main-organization-logo\",\"url\":\"https:\/\/odavprint.ee\/wp-content\/uploads\/2018\/10\/odavprint-logo-240.jpg\",\"contentUrl\":\"https:\/\/odavprint.ee\/wp-content\/uploads\/2018\/10\/odavprint-logo-240.jpg\",\"width\":240,\"height\":36,\"caption\":\"Odav Print O\u00dc\"}]}<\/script>\n<meta property=\"product:price:amount\" content=\"2.70\" \/>\n<meta property=\"product:price:currency\" content=\"EUR\" \/>\n<meta property=\"og:availability\" content=\"instock\" \/>\n<meta property=\"product:availability\" content=\"instock\" \/>\n<meta property=\"product:retailer_item_id\" content=\"143\" \/>\n<meta property=\"product:condition\" content=\"new\" \/>\n<meta name=\"geo.placename\" content=\"Tallinn\" \/>\n<meta name=\"geo.position\" content=\"59.4306504;24.8095743\" \/>\n<meta name=\"geo.region\" content=\"Estonia\" \/>\n<!-- \/ Yoast SEO Premium plugin. -->","yoast_head_json":{"title":"Tint LC900\/950 (MFC-210\/410\/425\/3240\/5440) Black 900 lk, hea hinnaga, osta e-pood - Odav Print","description":"Osta Tint LC900\/950 (MFC-210\/410\/425\/3240\/5440) Black 900 lk Odav Print \u260e +372 5911 9495 \u2714\ufe0f Parim hind Tint LC900\/950 (MFC-210\/410\/425\/3240\/5440) Black 900 lk jaoks \u26df Kiire kohaletoimetamine Eestis \u2b50 Garanteeritud","robots":{"index":"index","follow":"follow","max-snippet":"max-snippet:-1","max-image-preview":"max-image-preview:large","max-video-preview":"max-video-preview:-1"},"canonical":"https:\/\/odavprint.ee\/et\/product\/lc-900950-black-mfc-210420620\/","og_locale":"et_EE","og_type":"article","og_title":"Tint LC900\/950 (MFC-210\/410\/425\/3240\/5440) Black 900 lk","og_description":"Osta Tint LC900\/950 (MFC-210\/410\/425\/3240\/5440) Black 900 lk Odav Print \u260e +372 5911 9495 \u2714\ufe0f Parim hind Tint LC900\/950 (MFC-210\/410\/425\/3240\/5440) Black 900 lk jaoks \u26df Kiire kohaletoimetamine Eestis \u2b50 Garanteeritud","og_url":"https:\/\/odavprint.ee\/et\/product\/lc-900950-black-mfc-210420620\/","og_site_name":"Odav Print","article_modified_time":"2023-01-31T07:16:06+00:00","og_image":[{"width":600,"height":600,"url":"https:\/\/odavprint.ee\/wp-content\/uploads\/2018\/12\/900bk.jpg","type":"image\/jpeg"}],"twitter_card":"summary_large_image","twitter_misc":{"Price":"&euro;2.70","Availability":"In stock"},"schema":{"@context":"https:\/\/schema.org","@graph":[{"@type":["WebPage","ItemPage"],"@id":"https:\/\/odavprint.ee\/et\/product\/lc-900950-black-mfc-210420620\/","url":"https:\/\/odavprint.ee\/et\/product\/lc-900950-black-mfc-210420620\/","name":"Tint LC900\/950 (MFC-210\/410\/425\/3240\/5440) Black 900 lk, hea hinnaga, osta e-pood - Odav Print","isPartOf":{"@id":"https:\/\/odavprint.ee\/et\/#website"},"primaryImageOfPage":{"@id":"https:\/\/odavprint.ee\/et\/product\/lc-900950-black-mfc-210420620\/#primaryimage"},"image":{"@id":"https:\/\/odavprint.ee\/et\/product\/lc-900950-black-mfc-210420620\/#primaryimage"},"thumbnailUrl":"https:\/\/odavprint.ee\/wp-content\/uploads\/2018\/12\/900bk.jpg","datePublished":"2019-04-13T18:42:26+00:00","dateModified":"2023-01-31T07:16:06+00:00","description":"Osta Tint LC900\/950 (MFC-210\/410\/425\/3240\/5440) Black 900 lk Odav Print \u260e +372 5911 9495 \u2714\ufe0f Parim hind Tint LC900\/950 (MFC-210\/410\/425\/3240\/5440) Black 900 lk jaoks \u26df Kiire kohaletoimetamine Eestis \u2b50 Garanteeritud","breadcrumb":{"@id":"https:\/\/odavprint.ee\/et\/product\/lc-900950-black-mfc-210420620\/#breadcrumb"},"inLanguage":"et","potentialAction":[{"@type":"ReadAction","target":["https:\/\/odavprint.ee\/et\/product\/lc-900950-black-mfc-210420620\/"]}]},{"@type":"ImageObject","inLanguage":"et","@id":"https:\/\/odavprint.ee\/et\/product\/lc-900950-black-mfc-210420620\/#primaryimage","url":"https:\/\/odavprint.ee\/wp-content\/uploads\/2018\/12\/900bk.jpg","contentUrl":"https:\/\/odavprint.ee\/wp-content\/uploads\/2018\/12\/900bk.jpg","width":600,"height":600},{"@type":"BreadcrumbList","@id":"https:\/\/odavprint.ee\/et\/product\/lc-900950-black-mfc-210420620\/#breadcrumb","itemListElement":[{"@type":"ListItem","position":1,"name":"Home","item":"https:\/\/odavprint.ee\/et\/esileht\/"},{"@type":"ListItem","position":2,"name":"E-pood","item":"https:\/\/odavprint.ee\/et\/shop\/"},{"@type":"ListItem","position":3,"name":"Tint LC900\/950 (MFC-210\/410\/425\/3240\/5440) Black 900 lk"}]},{"@type":"WebSite","@id":"https:\/\/odavprint.ee\/et\/#website","url":"https:\/\/odavprint.ee\/et\/","name":"Odav Print","description":"Just another WordPress site","publisher":{"@id":"https:\/\/odavprint.ee\/et\/#organization"},"alternateName":"Kassettide, toonerite t\u00e4itmine ja m\u00fc\u00fck.","potentialAction":[{"@type":"SearchAction","target":{"@type":"EntryPoint","urlTemplate":"https:\/\/odavprint.ee\/et\/?s={search_term_string}"},"query-input":"required name=search_term_string"}],"inLanguage":"et"},{"@type":["Organization","Place"],"@id":"https:\/\/odavprint.ee\/et\/#organization","name":"Odav Print O\u00dc","url":"https:\/\/odavprint.ee\/et\/","logo":{"@id":"https:\/\/odavprint.ee\/et\/product\/lc-900950-black-mfc-210420620\/#local-main-organization-logo"},"image":{"@id":"https:\/\/odavprint.ee\/et\/product\/lc-900950-black-mfc-210420620\/#local-main-organization-logo"},"address":{"@id":"https:\/\/odavprint.ee\/et\/product\/lc-900950-black-mfc-210420620\/#local-main-place-address"},"geo":{"@type":"GeoCoordinates","latitude":"59.4306504","longitude":"24.8095743"},"telephone":["53836926"],"openingHoursSpecification":[{"@type":"OpeningHoursSpecification","dayOfWeek":["Monday","Tuesday","Wednesday","Thursday","Friday","Saturday","Sunday"],"opens":"09:00","closes":"17:00"}],"email":"info@odavprint.eu"},{"@type":"PostalAddress","@id":"https:\/\/odavprint.ee\/et\/product\/lc-900950-black-mfc-210420620\/#local-main-place-address","streetAddress":"Pae tn 28","addressLocality":"Tallinn","postalCode":"11415","addressRegion":"Harjumaa","addressCountry":"EE"},{"@type":"ImageObject","inLanguage":"et","@id":"https:\/\/odavprint.ee\/et\/product\/lc-900950-black-mfc-210420620\/#local-main-organization-logo","url":"https:\/\/odavprint.ee\/wp-content\/uploads\/2018\/10\/odavprint-logo-240.jpg","contentUrl":"https:\/\/odavprint.ee\/wp-content\/uploads\/2018\/10\/odavprint-logo-240.jpg","width":240,"height":36,"caption":"Odav Print O\u00dc"}]},"product_price_amount":"2.70","product_price_currency":"EUR","og_availability":"instock","product_availability":"instock","product_retailer_item_id":"143","product_condition":"new","geo.placename":"Tallinn","geo.position":{"lat":"59.4306504","long":"24.8095743"},"geo.region":"Estonia"},"_links":{"self":[{"href":"https:\/\/odavprint.ee\/et\/wp-json\/wp\/v2\/product\/11705"}],"collection":[{"href":"https:\/\/odavprint.ee\/et\/wp-json\/wp\/v2\/product"}],"about":[{"href":"https:\/\/odavprint.ee\/et\/wp-json\/wp\/v2\/types\/product"}],"wp:featuredmedia":[{"embeddable":true,"href":"https:\/\/odavprint.ee\/et\/wp-json\/wp\/v2\/media\/1240"}],"wp:attachment":[{"href":"https:\/\/odavprint.ee\/et\/wp-json\/wp\/v2\/media?parent=11705"}],"wp:term":[{"taxonomy":"product_cat","embeddable":true,"href":"https:\/\/odavprint.ee\/et\/wp-json\/wp\/v2\/product_cat?post=11705"},{"taxonomy":"product_tag","embeddable":true,"href":"https:\/\/odavprint.ee\/et\/wp-json\/wp\/v2\/product_tag?post=11705"}],"curies":[{"name":"wp","href":"https:\/\/api.w.org\/{rel}","templated":true}]}}