{"id":11858,"date":"2019-04-13T21:43:51","date_gmt":"2019-04-13T18:43:51","guid":{"rendered":"https:\/\/odavprint.preview.ee\/product\/tn200035020052025-compatible-for-brother-2030207078207420-2-5k-standart\/"},"modified":"2025-09-08T11:27:59","modified_gmt":"2025-09-08T08:27:59","slug":"tn200035020052025-compatible-for-brother-2030207078207420-2-5k-standart","status":"publish","type":"product","link":"https:\/\/odavprint.ee\/et\/product\/tn200035020052025-compatible-for-brother-2030207078207420-2-5k-standart\/","title":{"rendered":"Analoog tooner Brother TN-2000 2500 lk"},"content":{"rendered":"<p>Brother DCP 7010L, DCP 7010, DCP 7020, DCP 7025, Fax 2820, Fax 2825, Fax 2910, Fax 2920, HL2020, HL2030, HL2040, HL2050, HL2070N, HL2070w, HL2070, MFC 7225n, MFC 7420, MFC 7820N, MFC 7820, Brother DCP 7010L, Brother DCP 7010, Brother DCP 7020, Brother DCP 7025, Brother Fax 2820, Brother Fax 2825, Brother Fax 2910, Brother Fax 2920, Brother HL 2020, Brother HL 2030, Brother HL 2040, Brother HL 2050, Brother HL 2070, Brother HL 2070w, Brother HL 2070N, Brother MFC 7225n, Brother MFC 7420, Brother MFC 7820, Brother MFC 7820N<\/p>\n","protected":false},"excerpt":{"rendered":"<p>Brother DCP 7010L, DCP 7010, DCP 7020, DCP 7025, Fax 2820, Fax 2825, Fax 2910, Fax 2920, HL2020, HL2030, HL2040, HL2050, HL2070N, HL2070w, HL2070, MFC 7225n, MFC 7420, MFC 7820N, MFC 7820, Brother DCP 7010L, Brother DCP 7010, Brother DCP 7020, Brother DCP 7025, Brother Fax 2820, Brother Fax 2825, Brother Fax 2910, Brother Fax [&#8230;]\n","protected":false},"featured_media":1546,"template":"","meta":{"inline_featured_image":false},"product_cat":[12832],"product_tag":[12833,12834,12835,12836,12837,12838,12839,12840,12841,12842,12843,12844,12845,12846,12847,12848,12849,12850,12851],"yoast_head":"<!-- This site is optimized with the Yoast SEO Premium plugin v23.0 (Yoast SEO v23.0) - https:\/\/yoast.com\/wordpress\/plugins\/seo\/ -->\n<title>Analoog tooner Brother TN-2000 2500 lk, hea hinnaga, osta e-pood - Odav Print<\/title>\n<meta name=\"description\" content=\"Osta Analoog tooner Brother TN-2000 2500 lk Odav Print \u260e +372 5911 9495 \u2714\ufe0f Parim hind Analoog tooner Brother TN-2000 2500 lk jaoks \u26df Kiire kohaletoimetamine Eestis \u2b50 Garanteeritud\" \/>\n<meta name=\"robots\" content=\"index, follow, max-snippet:-1, max-image-preview:large, max-video-preview:-1\" \/>\n<link rel=\"canonical\" href=\"https:\/\/odavprint.ee\/et\/product\/tn200035020052025-compatible-for-brother-2030207078207420-2-5k-standart\/\" \/>\n<meta property=\"og:locale\" content=\"et_EE\" \/>\n<meta property=\"og:type\" content=\"article\" \/>\n<meta property=\"og:title\" content=\"Analoog tooner Brother TN-2000 2500 lk\" \/>\n<meta property=\"og:description\" content=\"Osta Analoog tooner Brother TN-2000 2500 lk Odav Print \u260e +372 5911 9495 \u2714\ufe0f Parim hind Analoog tooner Brother TN-2000 2500 lk jaoks \u26df Kiire kohaletoimetamine Eestis \u2b50 Garanteeritud\" \/>\n<meta property=\"og:url\" content=\"https:\/\/odavprint.ee\/et\/product\/tn200035020052025-compatible-for-brother-2030207078207420-2-5k-standart\/\" \/>\n<meta property=\"og:site_name\" content=\"Odav Print\" \/>\n<meta property=\"article:modified_time\" content=\"2025-09-08T08:27:59+00:00\" \/>\n<meta property=\"og:image\" content=\"https:\/\/odavprint.ee\/wp-content\/uploads\/2018\/12\/tn-2000.jpg\" \/>\n\t<meta property=\"og:image:width\" content=\"300\" \/>\n\t<meta property=\"og:image:height\" content=\"300\" \/>\n\t<meta property=\"og:image:type\" content=\"image\/jpeg\" \/>\n<meta name=\"twitter:card\" content=\"summary_large_image\" \/>\n<meta name=\"twitter:label1\" content=\"Price\" \/>\n\t<meta name=\"twitter:data1\" content=\"&euro;20.30\" \/>\n\t<meta name=\"twitter:label2\" content=\"Availability\" \/>\n\t<meta name=\"twitter:data2\" content=\"In stock\" \/>\n<script type=\"application\/ld+json\" class=\"yoast-schema-graph\">{\"@context\":\"https:\/\/schema.org\",\"@graph\":[{\"@type\":[\"WebPage\",\"ItemPage\"],\"@id\":\"https:\/\/odavprint.ee\/et\/product\/tn200035020052025-compatible-for-brother-2030207078207420-2-5k-standart\/\",\"url\":\"https:\/\/odavprint.ee\/et\/product\/tn200035020052025-compatible-for-brother-2030207078207420-2-5k-standart\/\",\"name\":\"Analoog tooner Brother TN-2000 2500 lk, hea hinnaga, osta e-pood - Odav Print\",\"isPartOf\":{\"@id\":\"https:\/\/odavprint.ee\/et\/#website\"},\"primaryImageOfPage\":{\"@id\":\"https:\/\/odavprint.ee\/et\/product\/tn200035020052025-compatible-for-brother-2030207078207420-2-5k-standart\/#primaryimage\"},\"image\":{\"@id\":\"https:\/\/odavprint.ee\/et\/product\/tn200035020052025-compatible-for-brother-2030207078207420-2-5k-standart\/#primaryimage\"},\"thumbnailUrl\":\"https:\/\/odavprint.ee\/wp-content\/uploads\/2018\/12\/tn-2000.jpg\",\"datePublished\":\"2019-04-13T18:43:51+00:00\",\"dateModified\":\"2025-09-08T08:27:59+00:00\",\"description\":\"Osta Analoog tooner Brother TN-2000 2500 lk Odav Print \u260e +372 5911 9495 \u2714\ufe0f Parim hind Analoog tooner Brother TN-2000 2500 lk jaoks \u26df Kiire kohaletoimetamine Eestis \u2b50 Garanteeritud\",\"breadcrumb\":{\"@id\":\"https:\/\/odavprint.ee\/et\/product\/tn200035020052025-compatible-for-brother-2030207078207420-2-5k-standart\/#breadcrumb\"},\"inLanguage\":\"et\",\"potentialAction\":[{\"@type\":\"ReadAction\",\"target\":[\"https:\/\/odavprint.ee\/et\/product\/tn200035020052025-compatible-for-brother-2030207078207420-2-5k-standart\/\"]}]},{\"@type\":\"ImageObject\",\"inLanguage\":\"et\",\"@id\":\"https:\/\/odavprint.ee\/et\/product\/tn200035020052025-compatible-for-brother-2030207078207420-2-5k-standart\/#primaryimage\",\"url\":\"https:\/\/odavprint.ee\/wp-content\/uploads\/2018\/12\/tn-2000.jpg\",\"contentUrl\":\"https:\/\/odavprint.ee\/wp-content\/uploads\/2018\/12\/tn-2000.jpg\",\"width\":300,\"height\":300},{\"@type\":\"BreadcrumbList\",\"@id\":\"https:\/\/odavprint.ee\/et\/product\/tn200035020052025-compatible-for-brother-2030207078207420-2-5k-standart\/#breadcrumb\",\"itemListElement\":[{\"@type\":\"ListItem\",\"position\":1,\"name\":\"Home\",\"item\":\"https:\/\/odavprint.ee\/et\/esileht\/\"},{\"@type\":\"ListItem\",\"position\":2,\"name\":\"E-pood\",\"item\":\"https:\/\/odavprint.ee\/et\/shop\/\"},{\"@type\":\"ListItem\",\"position\":3,\"name\":\"Analoog tooner Brother TN-2000 2500 lk\"}]},{\"@type\":\"WebSite\",\"@id\":\"https:\/\/odavprint.ee\/et\/#website\",\"url\":\"https:\/\/odavprint.ee\/et\/\",\"name\":\"Odav Print\",\"description\":\"Just another WordPress site\",\"publisher\":{\"@id\":\"https:\/\/odavprint.ee\/et\/#organization\"},\"alternateName\":\"Kassettide, toonerite t\u00e4itmine ja m\u00fc\u00fck.\",\"potentialAction\":[{\"@type\":\"SearchAction\",\"target\":{\"@type\":\"EntryPoint\",\"urlTemplate\":\"https:\/\/odavprint.ee\/et\/?s={search_term_string}\"},\"query-input\":\"required name=search_term_string\"}],\"inLanguage\":\"et\"},{\"@type\":[\"Organization\",\"Place\"],\"@id\":\"https:\/\/odavprint.ee\/et\/#organization\",\"name\":\"Odav Print O\u00dc\",\"url\":\"https:\/\/odavprint.ee\/et\/\",\"logo\":{\"@id\":\"https:\/\/odavprint.ee\/et\/product\/tn200035020052025-compatible-for-brother-2030207078207420-2-5k-standart\/#local-main-organization-logo\"},\"image\":{\"@id\":\"https:\/\/odavprint.ee\/et\/product\/tn200035020052025-compatible-for-brother-2030207078207420-2-5k-standart\/#local-main-organization-logo\"},\"address\":{\"@id\":\"https:\/\/odavprint.ee\/et\/product\/tn200035020052025-compatible-for-brother-2030207078207420-2-5k-standart\/#local-main-place-address\"},\"geo\":{\"@type\":\"GeoCoordinates\",\"latitude\":\"59.4306504\",\"longitude\":\"24.8095743\"},\"telephone\":[\"53836926\"],\"openingHoursSpecification\":[{\"@type\":\"OpeningHoursSpecification\",\"dayOfWeek\":[\"Monday\",\"Tuesday\",\"Wednesday\",\"Thursday\",\"Friday\",\"Saturday\",\"Sunday\"],\"opens\":\"09:00\",\"closes\":\"17:00\"}],\"email\":\"info@odavprint.eu\"},{\"@type\":\"PostalAddress\",\"@id\":\"https:\/\/odavprint.ee\/et\/product\/tn200035020052025-compatible-for-brother-2030207078207420-2-5k-standart\/#local-main-place-address\",\"streetAddress\":\"Pae tn 28\",\"addressLocality\":\"Tallinn\",\"postalCode\":\"11415\",\"addressRegion\":\"Harjumaa\",\"addressCountry\":\"EE\"},{\"@type\":\"ImageObject\",\"inLanguage\":\"et\",\"@id\":\"https:\/\/odavprint.ee\/et\/product\/tn200035020052025-compatible-for-brother-2030207078207420-2-5k-standart\/#local-main-organization-logo\",\"url\":\"https:\/\/odavprint.ee\/wp-content\/uploads\/2018\/10\/odavprint-logo-240.jpg\",\"contentUrl\":\"https:\/\/odavprint.ee\/wp-content\/uploads\/2018\/10\/odavprint-logo-240.jpg\",\"width\":240,\"height\":36,\"caption\":\"Odav Print O\u00dc\"}]}<\/script>\n<meta property=\"product:price:amount\" content=\"20.30\" \/>\n<meta property=\"product:price:currency\" content=\"EUR\" \/>\n<meta property=\"og:availability\" content=\"instock\" \/>\n<meta property=\"product:availability\" content=\"instock\" \/>\n<meta property=\"product:retailer_item_id\" content=\"324\" \/>\n<meta property=\"product:condition\" content=\"new\" \/>\n<meta name=\"geo.placename\" content=\"Tallinn\" \/>\n<meta name=\"geo.position\" content=\"59.4306504;24.8095743\" \/>\n<meta name=\"geo.region\" content=\"Estonia\" \/>\n<!-- \/ Yoast SEO Premium plugin. -->","yoast_head_json":{"title":"Analoog tooner Brother TN-2000 2500 lk, hea hinnaga, osta e-pood - Odav Print","description":"Osta Analoog tooner Brother TN-2000 2500 lk Odav Print \u260e +372 5911 9495 \u2714\ufe0f Parim hind Analoog tooner Brother TN-2000 2500 lk jaoks \u26df Kiire kohaletoimetamine Eestis \u2b50 Garanteeritud","robots":{"index":"index","follow":"follow","max-snippet":"max-snippet:-1","max-image-preview":"max-image-preview:large","max-video-preview":"max-video-preview:-1"},"canonical":"https:\/\/odavprint.ee\/et\/product\/tn200035020052025-compatible-for-brother-2030207078207420-2-5k-standart\/","og_locale":"et_EE","og_type":"article","og_title":"Analoog tooner Brother TN-2000 2500 lk","og_description":"Osta Analoog tooner Brother TN-2000 2500 lk Odav Print \u260e +372 5911 9495 \u2714\ufe0f Parim hind Analoog tooner Brother TN-2000 2500 lk jaoks \u26df Kiire kohaletoimetamine Eestis \u2b50 Garanteeritud","og_url":"https:\/\/odavprint.ee\/et\/product\/tn200035020052025-compatible-for-brother-2030207078207420-2-5k-standart\/","og_site_name":"Odav Print","article_modified_time":"2025-09-08T08:27:59+00:00","og_image":[{"width":300,"height":300,"url":"https:\/\/odavprint.ee\/wp-content\/uploads\/2018\/12\/tn-2000.jpg","type":"image\/jpeg"}],"twitter_card":"summary_large_image","twitter_misc":{"Price":"&euro;20.30","Availability":"In stock"},"schema":{"@context":"https:\/\/schema.org","@graph":[{"@type":["WebPage","ItemPage"],"@id":"https:\/\/odavprint.ee\/et\/product\/tn200035020052025-compatible-for-brother-2030207078207420-2-5k-standart\/","url":"https:\/\/odavprint.ee\/et\/product\/tn200035020052025-compatible-for-brother-2030207078207420-2-5k-standart\/","name":"Analoog tooner Brother TN-2000 2500 lk, hea hinnaga, osta e-pood - Odav Print","isPartOf":{"@id":"https:\/\/odavprint.ee\/et\/#website"},"primaryImageOfPage":{"@id":"https:\/\/odavprint.ee\/et\/product\/tn200035020052025-compatible-for-brother-2030207078207420-2-5k-standart\/#primaryimage"},"image":{"@id":"https:\/\/odavprint.ee\/et\/product\/tn200035020052025-compatible-for-brother-2030207078207420-2-5k-standart\/#primaryimage"},"thumbnailUrl":"https:\/\/odavprint.ee\/wp-content\/uploads\/2018\/12\/tn-2000.jpg","datePublished":"2019-04-13T18:43:51+00:00","dateModified":"2025-09-08T08:27:59+00:00","description":"Osta Analoog tooner Brother TN-2000 2500 lk Odav Print \u260e +372 5911 9495 \u2714\ufe0f Parim hind Analoog tooner Brother TN-2000 2500 lk jaoks \u26df Kiire kohaletoimetamine Eestis \u2b50 Garanteeritud","breadcrumb":{"@id":"https:\/\/odavprint.ee\/et\/product\/tn200035020052025-compatible-for-brother-2030207078207420-2-5k-standart\/#breadcrumb"},"inLanguage":"et","potentialAction":[{"@type":"ReadAction","target":["https:\/\/odavprint.ee\/et\/product\/tn200035020052025-compatible-for-brother-2030207078207420-2-5k-standart\/"]}]},{"@type":"ImageObject","inLanguage":"et","@id":"https:\/\/odavprint.ee\/et\/product\/tn200035020052025-compatible-for-brother-2030207078207420-2-5k-standart\/#primaryimage","url":"https:\/\/odavprint.ee\/wp-content\/uploads\/2018\/12\/tn-2000.jpg","contentUrl":"https:\/\/odavprint.ee\/wp-content\/uploads\/2018\/12\/tn-2000.jpg","width":300,"height":300},{"@type":"BreadcrumbList","@id":"https:\/\/odavprint.ee\/et\/product\/tn200035020052025-compatible-for-brother-2030207078207420-2-5k-standart\/#breadcrumb","itemListElement":[{"@type":"ListItem","position":1,"name":"Home","item":"https:\/\/odavprint.ee\/et\/esileht\/"},{"@type":"ListItem","position":2,"name":"E-pood","item":"https:\/\/odavprint.ee\/et\/shop\/"},{"@type":"ListItem","position":3,"name":"Analoog tooner Brother TN-2000 2500 lk"}]},{"@type":"WebSite","@id":"https:\/\/odavprint.ee\/et\/#website","url":"https:\/\/odavprint.ee\/et\/","name":"Odav Print","description":"Just another WordPress site","publisher":{"@id":"https:\/\/odavprint.ee\/et\/#organization"},"alternateName":"Kassettide, toonerite t\u00e4itmine ja m\u00fc\u00fck.","potentialAction":[{"@type":"SearchAction","target":{"@type":"EntryPoint","urlTemplate":"https:\/\/odavprint.ee\/et\/?s={search_term_string}"},"query-input":"required name=search_term_string"}],"inLanguage":"et"},{"@type":["Organization","Place"],"@id":"https:\/\/odavprint.ee\/et\/#organization","name":"Odav Print O\u00dc","url":"https:\/\/odavprint.ee\/et\/","logo":{"@id":"https:\/\/odavprint.ee\/et\/product\/tn200035020052025-compatible-for-brother-2030207078207420-2-5k-standart\/#local-main-organization-logo"},"image":{"@id":"https:\/\/odavprint.ee\/et\/product\/tn200035020052025-compatible-for-brother-2030207078207420-2-5k-standart\/#local-main-organization-logo"},"address":{"@id":"https:\/\/odavprint.ee\/et\/product\/tn200035020052025-compatible-for-brother-2030207078207420-2-5k-standart\/#local-main-place-address"},"geo":{"@type":"GeoCoordinates","latitude":"59.4306504","longitude":"24.8095743"},"telephone":["53836926"],"openingHoursSpecification":[{"@type":"OpeningHoursSpecification","dayOfWeek":["Monday","Tuesday","Wednesday","Thursday","Friday","Saturday","Sunday"],"opens":"09:00","closes":"17:00"}],"email":"info@odavprint.eu"},{"@type":"PostalAddress","@id":"https:\/\/odavprint.ee\/et\/product\/tn200035020052025-compatible-for-brother-2030207078207420-2-5k-standart\/#local-main-place-address","streetAddress":"Pae tn 28","addressLocality":"Tallinn","postalCode":"11415","addressRegion":"Harjumaa","addressCountry":"EE"},{"@type":"ImageObject","inLanguage":"et","@id":"https:\/\/odavprint.ee\/et\/product\/tn200035020052025-compatible-for-brother-2030207078207420-2-5k-standart\/#local-main-organization-logo","url":"https:\/\/odavprint.ee\/wp-content\/uploads\/2018\/10\/odavprint-logo-240.jpg","contentUrl":"https:\/\/odavprint.ee\/wp-content\/uploads\/2018\/10\/odavprint-logo-240.jpg","width":240,"height":36,"caption":"Odav Print O\u00dc"}]},"product_price_amount":"20.30","product_price_currency":"EUR","og_availability":"instock","product_availability":"instock","product_retailer_item_id":"324","product_condition":"new","geo.placename":"Tallinn","geo.position":{"lat":"59.4306504","long":"24.8095743"},"geo.region":"Estonia"},"_links":{"self":[{"href":"https:\/\/odavprint.ee\/et\/wp-json\/wp\/v2\/product\/11858"}],"collection":[{"href":"https:\/\/odavprint.ee\/et\/wp-json\/wp\/v2\/product"}],"about":[{"href":"https:\/\/odavprint.ee\/et\/wp-json\/wp\/v2\/types\/product"}],"wp:featuredmedia":[{"embeddable":true,"href":"https:\/\/odavprint.ee\/et\/wp-json\/wp\/v2\/media\/1546"}],"wp:attachment":[{"href":"https:\/\/odavprint.ee\/et\/wp-json\/wp\/v2\/media?parent=11858"}],"wp:term":[{"taxonomy":"product_cat","embeddable":true,"href":"https:\/\/odavprint.ee\/et\/wp-json\/wp\/v2\/product_cat?post=11858"},{"taxonomy":"product_tag","embeddable":true,"href":"https:\/\/odavprint.ee\/et\/wp-json\/wp\/v2\/product_tag?post=11858"}],"curies":[{"name":"wp","href":"https:\/\/api.w.org\/{rel}","templated":true}]}}