{"id":11923,"date":"2019-04-13T21:44:17","date_gmt":"2019-04-13T18:44:17","guid":{"rendered":"https:\/\/odavprint.preview.ee\/product\/q6511x-compatible-for-hp-lj-241024202430canon-710h-12k-standart\/"},"modified":"2025-09-05T14:28:42","modified_gmt":"2025-09-05T11:28:42","slug":"q6511x-compatible-for-hp-lj-241024202430canon-710h-12k-standart","status":"publish","type":"product","link":"https:\/\/odavprint.ee\/et\/product\/q6511x-compatible-for-hp-lj-241024202430canon-710h-12k-standart\/","title":{"rendered":"Tooner Q6511X Compatible for HP LJ 2410\/2420\/2430\/Canon 710H 12000 lk"},"content":{"rendered":"<p>HP Laserjet 2400, HP Laserjet 2410, HP Laserjet 2420dn, HP Laserjet 2420, HP Laserjet 2420n, HP Laserjet 2420d, HP Laserjet 2430t, HP Laserjet 2430tn, HP Laserjet 2430, HP Laserjet 2430DTN, HP Laserjet 2430<\/p>\n","protected":false},"excerpt":{"rendered":"<p>HP Laserjet 2400, HP Laserjet 2410, HP Laserjet 2420dn, HP Laserjet 2420, HP Laserjet 2420n, HP Laserjet 2420d, HP Laserjet 2430t, HP Laserjet 2430tn, HP Laserjet 2430, HP Laserjet 2430DTN, HP Laserjet 2430<\/p>\n","protected":false},"featured_media":2077,"template":"","meta":{"inline_featured_image":false},"product_cat":[12832],"product_tag":[13192,13193,13194,13195,13196,13197,13198,13199,13200,13201,13202],"yoast_head":"<!-- This site is optimized with the Yoast SEO Premium plugin v23.0 (Yoast SEO v23.0) - https:\/\/yoast.com\/wordpress\/plugins\/seo\/ -->\n<title>Tooner Q6511X Compatible for HP LJ 2410\/2420\/2430\/Canon 710H 12000 lk, hea hinnaga, osta e-pood - Odav Print<\/title>\n<meta name=\"description\" content=\"Osta Tooner Q6511X Compatible for HP LJ 2410\/2420\/2430\/Canon 710H 12000 lk Odav Print \u260e +372 5911 9495 \u2714\ufe0f Parim hind Tooner Q6511X Compatible for HP LJ 2410\/2420\/2430\/Canon 710H 12000 lk jaoks \u26df Kiire kohaletoimetamine Eestis \u2b50 Garanteeritud\" \/>\n<meta name=\"robots\" content=\"index, follow, max-snippet:-1, max-image-preview:large, max-video-preview:-1\" \/>\n<link rel=\"canonical\" href=\"https:\/\/odavprint.ee\/et\/product\/q6511x-compatible-for-hp-lj-241024202430canon-710h-12k-standart\/\" \/>\n<meta property=\"og:locale\" content=\"et_EE\" \/>\n<meta property=\"og:type\" content=\"article\" \/>\n<meta property=\"og:title\" content=\"Tooner Q6511X Compatible for HP LJ 2410\/2420\/2430\/Canon 710H 12000 lk\" \/>\n<meta property=\"og:description\" content=\"Osta Tooner Q6511X Compatible for HP LJ 2410\/2420\/2430\/Canon 710H 12000 lk Odav Print \u260e +372 5911 9495 \u2714\ufe0f Parim hind Tooner Q6511X Compatible for HP LJ 2410\/2420\/2430\/Canon 710H 12000 lk jaoks \u26df Kiire kohaletoimetamine Eestis \u2b50 Garanteeritud\" \/>\n<meta property=\"og:url\" content=\"https:\/\/odavprint.ee\/et\/product\/q6511x-compatible-for-hp-lj-241024202430canon-710h-12k-standart\/\" \/>\n<meta property=\"og:site_name\" content=\"Odav Print\" \/>\n<meta property=\"article:modified_time\" content=\"2025-09-05T11:28:42+00:00\" \/>\n<meta property=\"og:image\" content=\"https:\/\/odavprint.ee\/wp-content\/uploads\/2018\/12\/11x.jpg\" \/>\n\t<meta property=\"og:image:width\" content=\"500\" \/>\n\t<meta property=\"og:image:height\" content=\"500\" \/>\n\t<meta property=\"og:image:type\" content=\"image\/jpeg\" \/>\n<meta name=\"twitter:card\" content=\"summary_large_image\" \/>\n<meta name=\"twitter:label1\" content=\"Price\" \/>\n\t<meta name=\"twitter:data1\" content=\"&euro;31.50\" \/>\n\t<meta name=\"twitter:label2\" content=\"Availability\" \/>\n\t<meta name=\"twitter:data2\" content=\"In stock\" \/>\n<script type=\"application\/ld+json\" class=\"yoast-schema-graph\">{\"@context\":\"https:\/\/schema.org\",\"@graph\":[{\"@type\":[\"WebPage\",\"ItemPage\"],\"@id\":\"https:\/\/odavprint.ee\/et\/product\/q6511x-compatible-for-hp-lj-241024202430canon-710h-12k-standart\/\",\"url\":\"https:\/\/odavprint.ee\/et\/product\/q6511x-compatible-for-hp-lj-241024202430canon-710h-12k-standart\/\",\"name\":\"Tooner Q6511X Compatible for HP LJ 2410\/2420\/2430\/Canon 710H 12000 lk, hea hinnaga, osta e-pood - Odav Print\",\"isPartOf\":{\"@id\":\"https:\/\/odavprint.ee\/et\/#website\"},\"primaryImageOfPage\":{\"@id\":\"https:\/\/odavprint.ee\/et\/product\/q6511x-compatible-for-hp-lj-241024202430canon-710h-12k-standart\/#primaryimage\"},\"image\":{\"@id\":\"https:\/\/odavprint.ee\/et\/product\/q6511x-compatible-for-hp-lj-241024202430canon-710h-12k-standart\/#primaryimage\"},\"thumbnailUrl\":\"https:\/\/odavprint.ee\/wp-content\/uploads\/2018\/12\/11x.jpg\",\"datePublished\":\"2019-04-13T18:44:17+00:00\",\"dateModified\":\"2025-09-05T11:28:42+00:00\",\"description\":\"Osta Tooner Q6511X Compatible for HP LJ 2410\/2420\/2430\/Canon 710H 12000 lk Odav Print \u260e +372 5911 9495 \u2714\ufe0f Parim hind Tooner Q6511X Compatible for HP LJ 2410\/2420\/2430\/Canon 710H 12000 lk jaoks \u26df Kiire kohaletoimetamine Eestis \u2b50 Garanteeritud\",\"breadcrumb\":{\"@id\":\"https:\/\/odavprint.ee\/et\/product\/q6511x-compatible-for-hp-lj-241024202430canon-710h-12k-standart\/#breadcrumb\"},\"inLanguage\":\"et\",\"potentialAction\":[{\"@type\":\"ReadAction\",\"target\":[\"https:\/\/odavprint.ee\/et\/product\/q6511x-compatible-for-hp-lj-241024202430canon-710h-12k-standart\/\"]}]},{\"@type\":\"ImageObject\",\"inLanguage\":\"et\",\"@id\":\"https:\/\/odavprint.ee\/et\/product\/q6511x-compatible-for-hp-lj-241024202430canon-710h-12k-standart\/#primaryimage\",\"url\":\"https:\/\/odavprint.ee\/wp-content\/uploads\/2018\/12\/11x.jpg\",\"contentUrl\":\"https:\/\/odavprint.ee\/wp-content\/uploads\/2018\/12\/11x.jpg\",\"width\":500,\"height\":500},{\"@type\":\"BreadcrumbList\",\"@id\":\"https:\/\/odavprint.ee\/et\/product\/q6511x-compatible-for-hp-lj-241024202430canon-710h-12k-standart\/#breadcrumb\",\"itemListElement\":[{\"@type\":\"ListItem\",\"position\":1,\"name\":\"Home\",\"item\":\"https:\/\/odavprint.ee\/et\/esileht\/\"},{\"@type\":\"ListItem\",\"position\":2,\"name\":\"E-pood\",\"item\":\"https:\/\/odavprint.ee\/et\/shop\/\"},{\"@type\":\"ListItem\",\"position\":3,\"name\":\"Tooner Q6511X Compatible for HP LJ 2410\/2420\/2430\/Canon 710H 12000 lk\"}]},{\"@type\":\"WebSite\",\"@id\":\"https:\/\/odavprint.ee\/et\/#website\",\"url\":\"https:\/\/odavprint.ee\/et\/\",\"name\":\"Odav Print\",\"description\":\"Just another WordPress site\",\"publisher\":{\"@id\":\"https:\/\/odavprint.ee\/et\/#organization\"},\"alternateName\":\"Kassettide, toonerite t\u00e4itmine ja m\u00fc\u00fck.\",\"potentialAction\":[{\"@type\":\"SearchAction\",\"target\":{\"@type\":\"EntryPoint\",\"urlTemplate\":\"https:\/\/odavprint.ee\/et\/?s={search_term_string}\"},\"query-input\":\"required name=search_term_string\"}],\"inLanguage\":\"et\"},{\"@type\":[\"Organization\",\"Place\"],\"@id\":\"https:\/\/odavprint.ee\/et\/#organization\",\"name\":\"Odav Print O\u00dc\",\"url\":\"https:\/\/odavprint.ee\/et\/\",\"logo\":{\"@id\":\"https:\/\/odavprint.ee\/et\/product\/q6511x-compatible-for-hp-lj-241024202430canon-710h-12k-standart\/#local-main-organization-logo\"},\"image\":{\"@id\":\"https:\/\/odavprint.ee\/et\/product\/q6511x-compatible-for-hp-lj-241024202430canon-710h-12k-standart\/#local-main-organization-logo\"},\"address\":{\"@id\":\"https:\/\/odavprint.ee\/et\/product\/q6511x-compatible-for-hp-lj-241024202430canon-710h-12k-standart\/#local-main-place-address\"},\"geo\":{\"@type\":\"GeoCoordinates\",\"latitude\":\"59.4306504\",\"longitude\":\"24.8095743\"},\"telephone\":[\"53836926\"],\"openingHoursSpecification\":[{\"@type\":\"OpeningHoursSpecification\",\"dayOfWeek\":[\"Monday\",\"Tuesday\",\"Wednesday\",\"Thursday\",\"Friday\",\"Saturday\",\"Sunday\"],\"opens\":\"09:00\",\"closes\":\"17:00\"}],\"email\":\"info@odavprint.eu\"},{\"@type\":\"PostalAddress\",\"@id\":\"https:\/\/odavprint.ee\/et\/product\/q6511x-compatible-for-hp-lj-241024202430canon-710h-12k-standart\/#local-main-place-address\",\"streetAddress\":\"Pae tn 28\",\"addressLocality\":\"Tallinn\",\"postalCode\":\"11415\",\"addressRegion\":\"Harjumaa\",\"addressCountry\":\"EE\"},{\"@type\":\"ImageObject\",\"inLanguage\":\"et\",\"@id\":\"https:\/\/odavprint.ee\/et\/product\/q6511x-compatible-for-hp-lj-241024202430canon-710h-12k-standart\/#local-main-organization-logo\",\"url\":\"https:\/\/odavprint.ee\/wp-content\/uploads\/2018\/10\/odavprint-logo-240.jpg\",\"contentUrl\":\"https:\/\/odavprint.ee\/wp-content\/uploads\/2018\/10\/odavprint-logo-240.jpg\",\"width\":240,\"height\":36,\"caption\":\"Odav Print O\u00dc\"}]}<\/script>\n<meta property=\"product:price:amount\" content=\"31.50\" \/>\n<meta property=\"product:price:currency\" content=\"EUR\" \/>\n<meta property=\"og:availability\" content=\"instock\" \/>\n<meta property=\"product:availability\" content=\"instock\" \/>\n<meta property=\"product:retailer_item_id\" content=\"387\" \/>\n<meta property=\"product:condition\" content=\"new\" \/>\n<meta name=\"geo.placename\" content=\"Tallinn\" \/>\n<meta name=\"geo.position\" content=\"59.4306504;24.8095743\" \/>\n<meta name=\"geo.region\" content=\"Estonia\" \/>\n<!-- \/ Yoast SEO Premium plugin. -->","yoast_head_json":{"title":"Tooner Q6511X Compatible for HP LJ 2410\/2420\/2430\/Canon 710H 12000 lk, hea hinnaga, osta e-pood - Odav Print","description":"Osta Tooner Q6511X Compatible for HP LJ 2410\/2420\/2430\/Canon 710H 12000 lk Odav Print \u260e +372 5911 9495 \u2714\ufe0f Parim hind Tooner Q6511X Compatible for HP LJ 2410\/2420\/2430\/Canon 710H 12000 lk jaoks \u26df Kiire kohaletoimetamine Eestis \u2b50 Garanteeritud","robots":{"index":"index","follow":"follow","max-snippet":"max-snippet:-1","max-image-preview":"max-image-preview:large","max-video-preview":"max-video-preview:-1"},"canonical":"https:\/\/odavprint.ee\/et\/product\/q6511x-compatible-for-hp-lj-241024202430canon-710h-12k-standart\/","og_locale":"et_EE","og_type":"article","og_title":"Tooner Q6511X Compatible for HP LJ 2410\/2420\/2430\/Canon 710H 12000 lk","og_description":"Osta Tooner Q6511X Compatible for HP LJ 2410\/2420\/2430\/Canon 710H 12000 lk Odav Print \u260e +372 5911 9495 \u2714\ufe0f Parim hind Tooner Q6511X Compatible for HP LJ 2410\/2420\/2430\/Canon 710H 12000 lk jaoks \u26df Kiire kohaletoimetamine Eestis \u2b50 Garanteeritud","og_url":"https:\/\/odavprint.ee\/et\/product\/q6511x-compatible-for-hp-lj-241024202430canon-710h-12k-standart\/","og_site_name":"Odav Print","article_modified_time":"2025-09-05T11:28:42+00:00","og_image":[{"width":500,"height":500,"url":"https:\/\/odavprint.ee\/wp-content\/uploads\/2018\/12\/11x.jpg","type":"image\/jpeg"}],"twitter_card":"summary_large_image","twitter_misc":{"Price":"&euro;31.50","Availability":"In stock"},"schema":{"@context":"https:\/\/schema.org","@graph":[{"@type":["WebPage","ItemPage"],"@id":"https:\/\/odavprint.ee\/et\/product\/q6511x-compatible-for-hp-lj-241024202430canon-710h-12k-standart\/","url":"https:\/\/odavprint.ee\/et\/product\/q6511x-compatible-for-hp-lj-241024202430canon-710h-12k-standart\/","name":"Tooner Q6511X Compatible for HP LJ 2410\/2420\/2430\/Canon 710H 12000 lk, hea hinnaga, osta e-pood - Odav Print","isPartOf":{"@id":"https:\/\/odavprint.ee\/et\/#website"},"primaryImageOfPage":{"@id":"https:\/\/odavprint.ee\/et\/product\/q6511x-compatible-for-hp-lj-241024202430canon-710h-12k-standart\/#primaryimage"},"image":{"@id":"https:\/\/odavprint.ee\/et\/product\/q6511x-compatible-for-hp-lj-241024202430canon-710h-12k-standart\/#primaryimage"},"thumbnailUrl":"https:\/\/odavprint.ee\/wp-content\/uploads\/2018\/12\/11x.jpg","datePublished":"2019-04-13T18:44:17+00:00","dateModified":"2025-09-05T11:28:42+00:00","description":"Osta Tooner Q6511X Compatible for HP LJ 2410\/2420\/2430\/Canon 710H 12000 lk Odav Print \u260e +372 5911 9495 \u2714\ufe0f Parim hind Tooner Q6511X Compatible for HP LJ 2410\/2420\/2430\/Canon 710H 12000 lk jaoks \u26df Kiire kohaletoimetamine Eestis \u2b50 Garanteeritud","breadcrumb":{"@id":"https:\/\/odavprint.ee\/et\/product\/q6511x-compatible-for-hp-lj-241024202430canon-710h-12k-standart\/#breadcrumb"},"inLanguage":"et","potentialAction":[{"@type":"ReadAction","target":["https:\/\/odavprint.ee\/et\/product\/q6511x-compatible-for-hp-lj-241024202430canon-710h-12k-standart\/"]}]},{"@type":"ImageObject","inLanguage":"et","@id":"https:\/\/odavprint.ee\/et\/product\/q6511x-compatible-for-hp-lj-241024202430canon-710h-12k-standart\/#primaryimage","url":"https:\/\/odavprint.ee\/wp-content\/uploads\/2018\/12\/11x.jpg","contentUrl":"https:\/\/odavprint.ee\/wp-content\/uploads\/2018\/12\/11x.jpg","width":500,"height":500},{"@type":"BreadcrumbList","@id":"https:\/\/odavprint.ee\/et\/product\/q6511x-compatible-for-hp-lj-241024202430canon-710h-12k-standart\/#breadcrumb","itemListElement":[{"@type":"ListItem","position":1,"name":"Home","item":"https:\/\/odavprint.ee\/et\/esileht\/"},{"@type":"ListItem","position":2,"name":"E-pood","item":"https:\/\/odavprint.ee\/et\/shop\/"},{"@type":"ListItem","position":3,"name":"Tooner Q6511X Compatible for HP LJ 2410\/2420\/2430\/Canon 710H 12000 lk"}]},{"@type":"WebSite","@id":"https:\/\/odavprint.ee\/et\/#website","url":"https:\/\/odavprint.ee\/et\/","name":"Odav Print","description":"Just another WordPress site","publisher":{"@id":"https:\/\/odavprint.ee\/et\/#organization"},"alternateName":"Kassettide, toonerite t\u00e4itmine ja m\u00fc\u00fck.","potentialAction":[{"@type":"SearchAction","target":{"@type":"EntryPoint","urlTemplate":"https:\/\/odavprint.ee\/et\/?s={search_term_string}"},"query-input":"required name=search_term_string"}],"inLanguage":"et"},{"@type":["Organization","Place"],"@id":"https:\/\/odavprint.ee\/et\/#organization","name":"Odav Print O\u00dc","url":"https:\/\/odavprint.ee\/et\/","logo":{"@id":"https:\/\/odavprint.ee\/et\/product\/q6511x-compatible-for-hp-lj-241024202430canon-710h-12k-standart\/#local-main-organization-logo"},"image":{"@id":"https:\/\/odavprint.ee\/et\/product\/q6511x-compatible-for-hp-lj-241024202430canon-710h-12k-standart\/#local-main-organization-logo"},"address":{"@id":"https:\/\/odavprint.ee\/et\/product\/q6511x-compatible-for-hp-lj-241024202430canon-710h-12k-standart\/#local-main-place-address"},"geo":{"@type":"GeoCoordinates","latitude":"59.4306504","longitude":"24.8095743"},"telephone":["53836926"],"openingHoursSpecification":[{"@type":"OpeningHoursSpecification","dayOfWeek":["Monday","Tuesday","Wednesday","Thursday","Friday","Saturday","Sunday"],"opens":"09:00","closes":"17:00"}],"email":"info@odavprint.eu"},{"@type":"PostalAddress","@id":"https:\/\/odavprint.ee\/et\/product\/q6511x-compatible-for-hp-lj-241024202430canon-710h-12k-standart\/#local-main-place-address","streetAddress":"Pae tn 28","addressLocality":"Tallinn","postalCode":"11415","addressRegion":"Harjumaa","addressCountry":"EE"},{"@type":"ImageObject","inLanguage":"et","@id":"https:\/\/odavprint.ee\/et\/product\/q6511x-compatible-for-hp-lj-241024202430canon-710h-12k-standart\/#local-main-organization-logo","url":"https:\/\/odavprint.ee\/wp-content\/uploads\/2018\/10\/odavprint-logo-240.jpg","contentUrl":"https:\/\/odavprint.ee\/wp-content\/uploads\/2018\/10\/odavprint-logo-240.jpg","width":240,"height":36,"caption":"Odav Print O\u00dc"}]},"product_price_amount":"31.50","product_price_currency":"EUR","og_availability":"instock","product_availability":"instock","product_retailer_item_id":"387","product_condition":"new","geo.placename":"Tallinn","geo.position":{"lat":"59.4306504","long":"24.8095743"},"geo.region":"Estonia"},"_links":{"self":[{"href":"https:\/\/odavprint.ee\/et\/wp-json\/wp\/v2\/product\/11923"}],"collection":[{"href":"https:\/\/odavprint.ee\/et\/wp-json\/wp\/v2\/product"}],"about":[{"href":"https:\/\/odavprint.ee\/et\/wp-json\/wp\/v2\/types\/product"}],"wp:featuredmedia":[{"embeddable":true,"href":"https:\/\/odavprint.ee\/et\/wp-json\/wp\/v2\/media\/2077"}],"wp:attachment":[{"href":"https:\/\/odavprint.ee\/et\/wp-json\/wp\/v2\/media?parent=11923"}],"wp:term":[{"taxonomy":"product_cat","embeddable":true,"href":"https:\/\/odavprint.ee\/et\/wp-json\/wp\/v2\/product_cat?post=11923"},{"taxonomy":"product_tag","embeddable":true,"href":"https:\/\/odavprint.ee\/et\/wp-json\/wp\/v2\/product_tag?post=11923"}],"curies":[{"name":"wp","href":"https:\/\/api.w.org\/{rel}","templated":true}]}}