{"id":12010,"date":"2019-04-13T21:45:15","date_gmt":"2019-04-13T18:45:15","guid":{"rendered":"https:\/\/odavprint.preview.ee\/product\/cf213a-131a-compatible-for-hp-lj-pro-200-m251mfp-m276-1-8k-m-standart\/"},"modified":"2022-09-20T12:00:03","modified_gmt":"2022-09-20T09:00:03","slug":"cf213a-131a-compatible-for-hp-lj-pro-200-m251mfp-m276-1-8k-m-standart","status":"publish","type":"product","link":"https:\/\/odavprint.ee\/et\/product\/cf213a-131a-compatible-for-hp-lj-pro-200-m251mfp-m276-1-8k-m-standart\/","title":{"rendered":"Tooner CF213A (131A\/131X) Compatible for HP LJ Pro 200 M251\/MFP M276 2400 lk Magenta"},"content":{"rendered":"<p>HP Laserjet Pro 200 Colour M251nd, HP Laserjet Pro 200 Colour M251n, HP Laserjet Pro 200 Colour M251nw, HP Laserjet Pro 200 Colour M276nw, HP Laserjet Pro 200 Colour MFP M276n, HP Laserjet Pro 200 Colour M276n, HP Laserjet Pro 200 Colour MFP M276nw<\/p>\n","protected":false},"excerpt":{"rendered":"<p>HP Laserjet Pro 200 Colour M251nd, HP Laserjet Pro 200 Colour M251n, HP Laserjet Pro 200 Colour M251nw, HP Laserjet Pro 200 Colour M276nw, HP Laserjet Pro 200 Colour MFP M276n, HP Laserjet Pro 200 Colour M276n, HP Laserjet Pro 200 Colour MFP M276nw<\/p>\n","protected":false},"featured_media":2247,"template":"","meta":{"inline_featured_image":false},"product_cat":[12832],"product_tag":[13490,13491,13492,13493,13494,13495,13496],"yoast_head":"<!-- This site is optimized with the Yoast SEO Premium plugin v23.0 (Yoast SEO v23.0) - https:\/\/yoast.com\/wordpress\/plugins\/seo\/ -->\n<title>Tooner CF213A (131A\/131X) Compatible for HP LJ Pro 200 M251\/MFP M276 2400 lk Magenta, hea hinnaga, osta e-pood - Odav Print<\/title>\n<meta name=\"description\" content=\"Osta Tooner CF213A (131A\/131X) Compatible for HP LJ Pro 200 M251\/MFP M276 2400 lk Magenta Odav Print \u260e +372 5911 9495 \u2714\ufe0f Parim hind Tooner CF213A (131A\/131X) Compatible for HP LJ Pro 200 M251\/MFP M276 2400 lk Magenta jaoks \u26df Kiire kohaletoimetamine Eestis \u2b50 Garanteeritud\" \/>\n<meta name=\"robots\" content=\"index, follow, max-snippet:-1, max-image-preview:large, max-video-preview:-1\" \/>\n<link rel=\"canonical\" href=\"https:\/\/odavprint.ee\/et\/product\/cf213a-131a-compatible-for-hp-lj-pro-200-m251mfp-m276-1-8k-m-standart\/\" \/>\n<meta property=\"og:locale\" content=\"et_EE\" \/>\n<meta property=\"og:type\" content=\"article\" \/>\n<meta property=\"og:title\" content=\"Tooner CF213A (131A\/131X) Compatible for HP LJ Pro 200 M251\/MFP M276 2400 lk Magenta\" \/>\n<meta property=\"og:description\" content=\"Osta Tooner CF213A (131A\/131X) Compatible for HP LJ Pro 200 M251\/MFP M276 2400 lk Magenta Odav Print \u260e +372 5911 9495 \u2714\ufe0f Parim hind Tooner CF213A (131A\/131X) Compatible for HP LJ Pro 200 M251\/MFP M276 2400 lk Magenta jaoks \u26df Kiire kohaletoimetamine Eestis \u2b50 Garanteeritud\" \/>\n<meta property=\"og:url\" content=\"https:\/\/odavprint.ee\/et\/product\/cf213a-131a-compatible-for-hp-lj-pro-200-m251mfp-m276-1-8k-m-standart\/\" \/>\n<meta property=\"og:site_name\" content=\"Odav Print\" \/>\n<meta property=\"article:modified_time\" content=\"2022-09-20T09:00:03+00:00\" \/>\n<meta property=\"og:image\" content=\"https:\/\/odavprint.ee\/wp-content\/uploads\/2018\/12\/cf213a.jpg\" \/>\n\t<meta property=\"og:image:width\" content=\"300\" \/>\n\t<meta property=\"og:image:height\" content=\"300\" \/>\n\t<meta property=\"og:image:type\" content=\"image\/jpeg\" \/>\n<meta name=\"twitter:card\" content=\"summary_large_image\" \/>\n<meta name=\"twitter:label1\" content=\"Price\" \/>\n\t<meta name=\"twitter:data1\" content=\"&euro;21.20\" \/>\n\t<meta name=\"twitter:label2\" content=\"Availability\" \/>\n\t<meta name=\"twitter:data2\" content=\"In stock\" \/>\n<script type=\"application\/ld+json\" class=\"yoast-schema-graph\">{\"@context\":\"https:\/\/schema.org\",\"@graph\":[{\"@type\":[\"WebPage\",\"ItemPage\"],\"@id\":\"https:\/\/odavprint.ee\/et\/product\/cf213a-131a-compatible-for-hp-lj-pro-200-m251mfp-m276-1-8k-m-standart\/\",\"url\":\"https:\/\/odavprint.ee\/et\/product\/cf213a-131a-compatible-for-hp-lj-pro-200-m251mfp-m276-1-8k-m-standart\/\",\"name\":\"Tooner CF213A (131A\/131X) Compatible for HP LJ Pro 200 M251\/MFP M276 2400 lk Magenta, hea hinnaga, osta e-pood - Odav Print\",\"isPartOf\":{\"@id\":\"https:\/\/odavprint.ee\/et\/#website\"},\"primaryImageOfPage\":{\"@id\":\"https:\/\/odavprint.ee\/et\/product\/cf213a-131a-compatible-for-hp-lj-pro-200-m251mfp-m276-1-8k-m-standart\/#primaryimage\"},\"image\":{\"@id\":\"https:\/\/odavprint.ee\/et\/product\/cf213a-131a-compatible-for-hp-lj-pro-200-m251mfp-m276-1-8k-m-standart\/#primaryimage\"},\"thumbnailUrl\":\"https:\/\/odavprint.ee\/wp-content\/uploads\/2018\/12\/cf213a.jpg\",\"datePublished\":\"2019-04-13T18:45:15+00:00\",\"dateModified\":\"2022-09-20T09:00:03+00:00\",\"description\":\"Osta Tooner CF213A (131A\/131X) Compatible for HP LJ Pro 200 M251\/MFP M276 2400 lk Magenta Odav Print \u260e +372 5911 9495 \u2714\ufe0f Parim hind Tooner CF213A (131A\/131X) Compatible for HP LJ Pro 200 M251\/MFP M276 2400 lk Magenta jaoks \u26df Kiire kohaletoimetamine Eestis \u2b50 Garanteeritud\",\"breadcrumb\":{\"@id\":\"https:\/\/odavprint.ee\/et\/product\/cf213a-131a-compatible-for-hp-lj-pro-200-m251mfp-m276-1-8k-m-standart\/#breadcrumb\"},\"inLanguage\":\"et\",\"potentialAction\":[{\"@type\":\"ReadAction\",\"target\":[\"https:\/\/odavprint.ee\/et\/product\/cf213a-131a-compatible-for-hp-lj-pro-200-m251mfp-m276-1-8k-m-standart\/\"]}]},{\"@type\":\"ImageObject\",\"inLanguage\":\"et\",\"@id\":\"https:\/\/odavprint.ee\/et\/product\/cf213a-131a-compatible-for-hp-lj-pro-200-m251mfp-m276-1-8k-m-standart\/#primaryimage\",\"url\":\"https:\/\/odavprint.ee\/wp-content\/uploads\/2018\/12\/cf213a.jpg\",\"contentUrl\":\"https:\/\/odavprint.ee\/wp-content\/uploads\/2018\/12\/cf213a.jpg\",\"width\":300,\"height\":300},{\"@type\":\"BreadcrumbList\",\"@id\":\"https:\/\/odavprint.ee\/et\/product\/cf213a-131a-compatible-for-hp-lj-pro-200-m251mfp-m276-1-8k-m-standart\/#breadcrumb\",\"itemListElement\":[{\"@type\":\"ListItem\",\"position\":1,\"name\":\"Home\",\"item\":\"https:\/\/odavprint.ee\/et\/esileht\/\"},{\"@type\":\"ListItem\",\"position\":2,\"name\":\"E-pood\",\"item\":\"https:\/\/odavprint.ee\/et\/shop\/\"},{\"@type\":\"ListItem\",\"position\":3,\"name\":\"Tooner CF213A (131A\/131X) Compatible for HP LJ Pro 200 M251\/MFP M276 2400 lk Magenta\"}]},{\"@type\":\"WebSite\",\"@id\":\"https:\/\/odavprint.ee\/et\/#website\",\"url\":\"https:\/\/odavprint.ee\/et\/\",\"name\":\"Odav Print\",\"description\":\"Just another WordPress site\",\"publisher\":{\"@id\":\"https:\/\/odavprint.ee\/et\/#organization\"},\"alternateName\":\"Kassettide, toonerite t\u00e4itmine ja m\u00fc\u00fck.\",\"potentialAction\":[{\"@type\":\"SearchAction\",\"target\":{\"@type\":\"EntryPoint\",\"urlTemplate\":\"https:\/\/odavprint.ee\/et\/?s={search_term_string}\"},\"query-input\":\"required name=search_term_string\"}],\"inLanguage\":\"et\"},{\"@type\":[\"Organization\",\"Place\"],\"@id\":\"https:\/\/odavprint.ee\/et\/#organization\",\"name\":\"Odav Print O\u00dc\",\"url\":\"https:\/\/odavprint.ee\/et\/\",\"logo\":{\"@id\":\"https:\/\/odavprint.ee\/et\/product\/cf213a-131a-compatible-for-hp-lj-pro-200-m251mfp-m276-1-8k-m-standart\/#local-main-organization-logo\"},\"image\":{\"@id\":\"https:\/\/odavprint.ee\/et\/product\/cf213a-131a-compatible-for-hp-lj-pro-200-m251mfp-m276-1-8k-m-standart\/#local-main-organization-logo\"},\"address\":{\"@id\":\"https:\/\/odavprint.ee\/et\/product\/cf213a-131a-compatible-for-hp-lj-pro-200-m251mfp-m276-1-8k-m-standart\/#local-main-place-address\"},\"geo\":{\"@type\":\"GeoCoordinates\",\"latitude\":\"59.4306504\",\"longitude\":\"24.8095743\"},\"telephone\":[\"53836926\"],\"openingHoursSpecification\":[{\"@type\":\"OpeningHoursSpecification\",\"dayOfWeek\":[\"Monday\",\"Tuesday\",\"Wednesday\",\"Thursday\",\"Friday\",\"Saturday\",\"Sunday\"],\"opens\":\"09:00\",\"closes\":\"17:00\"}],\"email\":\"info@odavprint.eu\"},{\"@type\":\"PostalAddress\",\"@id\":\"https:\/\/odavprint.ee\/et\/product\/cf213a-131a-compatible-for-hp-lj-pro-200-m251mfp-m276-1-8k-m-standart\/#local-main-place-address\",\"streetAddress\":\"Pae tn 28\",\"addressLocality\":\"Tallinn\",\"postalCode\":\"11415\",\"addressRegion\":\"Harjumaa\",\"addressCountry\":\"EE\"},{\"@type\":\"ImageObject\",\"inLanguage\":\"et\",\"@id\":\"https:\/\/odavprint.ee\/et\/product\/cf213a-131a-compatible-for-hp-lj-pro-200-m251mfp-m276-1-8k-m-standart\/#local-main-organization-logo\",\"url\":\"https:\/\/odavprint.ee\/wp-content\/uploads\/2018\/10\/odavprint-logo-240.jpg\",\"contentUrl\":\"https:\/\/odavprint.ee\/wp-content\/uploads\/2018\/10\/odavprint-logo-240.jpg\",\"width\":240,\"height\":36,\"caption\":\"Odav Print O\u00dc\"}]}<\/script>\n<meta property=\"product:price:amount\" content=\"21.20\" \/>\n<meta property=\"product:price:currency\" content=\"EUR\" \/>\n<meta property=\"og:availability\" content=\"instock\" \/>\n<meta property=\"product:availability\" content=\"instock\" \/>\n<meta property=\"product:retailer_item_id\" content=\"7320\" \/>\n<meta property=\"product:condition\" content=\"new\" \/>\n<meta name=\"geo.placename\" content=\"Tallinn\" \/>\n<meta name=\"geo.position\" content=\"59.4306504;24.8095743\" \/>\n<meta name=\"geo.region\" content=\"Estonia\" \/>\n<!-- \/ Yoast SEO Premium plugin. -->","yoast_head_json":{"title":"Tooner CF213A (131A\/131X) Compatible for HP LJ Pro 200 M251\/MFP M276 2400 lk Magenta, hea hinnaga, osta e-pood - Odav Print","description":"Osta Tooner CF213A (131A\/131X) Compatible for HP LJ Pro 200 M251\/MFP M276 2400 lk Magenta Odav Print \u260e +372 5911 9495 \u2714\ufe0f Parim hind Tooner CF213A (131A\/131X) Compatible for HP LJ Pro 200 M251\/MFP M276 2400 lk Magenta jaoks \u26df Kiire kohaletoimetamine Eestis \u2b50 Garanteeritud","robots":{"index":"index","follow":"follow","max-snippet":"max-snippet:-1","max-image-preview":"max-image-preview:large","max-video-preview":"max-video-preview:-1"},"canonical":"https:\/\/odavprint.ee\/et\/product\/cf213a-131a-compatible-for-hp-lj-pro-200-m251mfp-m276-1-8k-m-standart\/","og_locale":"et_EE","og_type":"article","og_title":"Tooner CF213A (131A\/131X) Compatible for HP LJ Pro 200 M251\/MFP M276 2400 lk Magenta","og_description":"Osta Tooner CF213A (131A\/131X) Compatible for HP LJ Pro 200 M251\/MFP M276 2400 lk Magenta Odav Print \u260e +372 5911 9495 \u2714\ufe0f Parim hind Tooner CF213A (131A\/131X) Compatible for HP LJ Pro 200 M251\/MFP M276 2400 lk Magenta jaoks \u26df Kiire kohaletoimetamine Eestis \u2b50 Garanteeritud","og_url":"https:\/\/odavprint.ee\/et\/product\/cf213a-131a-compatible-for-hp-lj-pro-200-m251mfp-m276-1-8k-m-standart\/","og_site_name":"Odav Print","article_modified_time":"2022-09-20T09:00:03+00:00","og_image":[{"width":300,"height":300,"url":"https:\/\/odavprint.ee\/wp-content\/uploads\/2018\/12\/cf213a.jpg","type":"image\/jpeg"}],"twitter_card":"summary_large_image","twitter_misc":{"Price":"&euro;21.20","Availability":"In stock"},"schema":{"@context":"https:\/\/schema.org","@graph":[{"@type":["WebPage","ItemPage"],"@id":"https:\/\/odavprint.ee\/et\/product\/cf213a-131a-compatible-for-hp-lj-pro-200-m251mfp-m276-1-8k-m-standart\/","url":"https:\/\/odavprint.ee\/et\/product\/cf213a-131a-compatible-for-hp-lj-pro-200-m251mfp-m276-1-8k-m-standart\/","name":"Tooner CF213A (131A\/131X) Compatible for HP LJ Pro 200 M251\/MFP M276 2400 lk Magenta, hea hinnaga, osta e-pood - Odav Print","isPartOf":{"@id":"https:\/\/odavprint.ee\/et\/#website"},"primaryImageOfPage":{"@id":"https:\/\/odavprint.ee\/et\/product\/cf213a-131a-compatible-for-hp-lj-pro-200-m251mfp-m276-1-8k-m-standart\/#primaryimage"},"image":{"@id":"https:\/\/odavprint.ee\/et\/product\/cf213a-131a-compatible-for-hp-lj-pro-200-m251mfp-m276-1-8k-m-standart\/#primaryimage"},"thumbnailUrl":"https:\/\/odavprint.ee\/wp-content\/uploads\/2018\/12\/cf213a.jpg","datePublished":"2019-04-13T18:45:15+00:00","dateModified":"2022-09-20T09:00:03+00:00","description":"Osta Tooner CF213A (131A\/131X) Compatible for HP LJ Pro 200 M251\/MFP M276 2400 lk Magenta Odav Print \u260e +372 5911 9495 \u2714\ufe0f Parim hind Tooner CF213A (131A\/131X) Compatible for HP LJ Pro 200 M251\/MFP M276 2400 lk Magenta jaoks \u26df Kiire kohaletoimetamine Eestis \u2b50 Garanteeritud","breadcrumb":{"@id":"https:\/\/odavprint.ee\/et\/product\/cf213a-131a-compatible-for-hp-lj-pro-200-m251mfp-m276-1-8k-m-standart\/#breadcrumb"},"inLanguage":"et","potentialAction":[{"@type":"ReadAction","target":["https:\/\/odavprint.ee\/et\/product\/cf213a-131a-compatible-for-hp-lj-pro-200-m251mfp-m276-1-8k-m-standart\/"]}]},{"@type":"ImageObject","inLanguage":"et","@id":"https:\/\/odavprint.ee\/et\/product\/cf213a-131a-compatible-for-hp-lj-pro-200-m251mfp-m276-1-8k-m-standart\/#primaryimage","url":"https:\/\/odavprint.ee\/wp-content\/uploads\/2018\/12\/cf213a.jpg","contentUrl":"https:\/\/odavprint.ee\/wp-content\/uploads\/2018\/12\/cf213a.jpg","width":300,"height":300},{"@type":"BreadcrumbList","@id":"https:\/\/odavprint.ee\/et\/product\/cf213a-131a-compatible-for-hp-lj-pro-200-m251mfp-m276-1-8k-m-standart\/#breadcrumb","itemListElement":[{"@type":"ListItem","position":1,"name":"Home","item":"https:\/\/odavprint.ee\/et\/esileht\/"},{"@type":"ListItem","position":2,"name":"E-pood","item":"https:\/\/odavprint.ee\/et\/shop\/"},{"@type":"ListItem","position":3,"name":"Tooner CF213A (131A\/131X) Compatible for HP LJ Pro 200 M251\/MFP M276 2400 lk Magenta"}]},{"@type":"WebSite","@id":"https:\/\/odavprint.ee\/et\/#website","url":"https:\/\/odavprint.ee\/et\/","name":"Odav Print","description":"Just another WordPress site","publisher":{"@id":"https:\/\/odavprint.ee\/et\/#organization"},"alternateName":"Kassettide, toonerite t\u00e4itmine ja m\u00fc\u00fck.","potentialAction":[{"@type":"SearchAction","target":{"@type":"EntryPoint","urlTemplate":"https:\/\/odavprint.ee\/et\/?s={search_term_string}"},"query-input":"required name=search_term_string"}],"inLanguage":"et"},{"@type":["Organization","Place"],"@id":"https:\/\/odavprint.ee\/et\/#organization","name":"Odav Print O\u00dc","url":"https:\/\/odavprint.ee\/et\/","logo":{"@id":"https:\/\/odavprint.ee\/et\/product\/cf213a-131a-compatible-for-hp-lj-pro-200-m251mfp-m276-1-8k-m-standart\/#local-main-organization-logo"},"image":{"@id":"https:\/\/odavprint.ee\/et\/product\/cf213a-131a-compatible-for-hp-lj-pro-200-m251mfp-m276-1-8k-m-standart\/#local-main-organization-logo"},"address":{"@id":"https:\/\/odavprint.ee\/et\/product\/cf213a-131a-compatible-for-hp-lj-pro-200-m251mfp-m276-1-8k-m-standart\/#local-main-place-address"},"geo":{"@type":"GeoCoordinates","latitude":"59.4306504","longitude":"24.8095743"},"telephone":["53836926"],"openingHoursSpecification":[{"@type":"OpeningHoursSpecification","dayOfWeek":["Monday","Tuesday","Wednesday","Thursday","Friday","Saturday","Sunday"],"opens":"09:00","closes":"17:00"}],"email":"info@odavprint.eu"},{"@type":"PostalAddress","@id":"https:\/\/odavprint.ee\/et\/product\/cf213a-131a-compatible-for-hp-lj-pro-200-m251mfp-m276-1-8k-m-standart\/#local-main-place-address","streetAddress":"Pae tn 28","addressLocality":"Tallinn","postalCode":"11415","addressRegion":"Harjumaa","addressCountry":"EE"},{"@type":"ImageObject","inLanguage":"et","@id":"https:\/\/odavprint.ee\/et\/product\/cf213a-131a-compatible-for-hp-lj-pro-200-m251mfp-m276-1-8k-m-standart\/#local-main-organization-logo","url":"https:\/\/odavprint.ee\/wp-content\/uploads\/2018\/10\/odavprint-logo-240.jpg","contentUrl":"https:\/\/odavprint.ee\/wp-content\/uploads\/2018\/10\/odavprint-logo-240.jpg","width":240,"height":36,"caption":"Odav Print O\u00dc"}]},"product_price_amount":"21.20","product_price_currency":"EUR","og_availability":"instock","product_availability":"instock","product_retailer_item_id":"7320","product_condition":"new","geo.placename":"Tallinn","geo.position":{"lat":"59.4306504","long":"24.8095743"},"geo.region":"Estonia"},"_links":{"self":[{"href":"https:\/\/odavprint.ee\/et\/wp-json\/wp\/v2\/product\/12010"}],"collection":[{"href":"https:\/\/odavprint.ee\/et\/wp-json\/wp\/v2\/product"}],"about":[{"href":"https:\/\/odavprint.ee\/et\/wp-json\/wp\/v2\/types\/product"}],"wp:featuredmedia":[{"embeddable":true,"href":"https:\/\/odavprint.ee\/et\/wp-json\/wp\/v2\/media\/2247"}],"wp:attachment":[{"href":"https:\/\/odavprint.ee\/et\/wp-json\/wp\/v2\/media?parent=12010"}],"wp:term":[{"taxonomy":"product_cat","embeddable":true,"href":"https:\/\/odavprint.ee\/et\/wp-json\/wp\/v2\/product_cat?post=12010"},{"taxonomy":"product_tag","embeddable":true,"href":"https:\/\/odavprint.ee\/et\/wp-json\/wp\/v2\/product_tag?post=12010"}],"curies":[{"name":"wp","href":"https:\/\/api.w.org\/{rel}","templated":true}]}}