{"id":12278,"date":"2019-04-13T21:47:20","date_gmt":"2019-04-13T18:47:20","guid":{"rendered":"https:\/\/odavprint.preview.ee\/product\/canon-pg-545xl-bk-must\/"},"modified":"2026-01-19T09:42:23","modified_gmt":"2026-01-19T07:42:23","slug":"canon-pg-545xl-bk-must","status":"publish","type":"product","link":"https:\/\/odavprint.ee\/et\/product\/canon-pg-545xl-bk-must\/","title":{"rendered":"Analoog tint Canon PG-545XL BK Black 400 lk (15ml)"},"content":{"rendered":"<div class=\"col-lg-3 col-md-4 col-sm-6 col-xs-6 pb-2\">Canon PIXMA iP2800<\/div>\n<div class=\"col-lg-3 col-md-4 col-sm-6 col-xs-6 pb-2\">Canon PIXMA iP2840<\/div>\n<div class=\"col-lg-3 col-md-4 col-sm-6 col-xs-6 pb-2\">Canon PIXMA iP2850<\/div>\n<div class=\"col-lg-3 col-md-4 col-sm-6 col-xs-6 pb-2\">Canon PIXMA MG2400<\/div>\n<div class=\"col-lg-3 col-md-4 col-sm-6 col-xs-6 pb-2\">Canon PIXMA MG2440<\/div>\n<div class=\"col-lg-3 col-md-4 col-sm-6 col-xs-6 pb-2\">Canon PIXMA MG2450<\/div>\n<div class=\"col-lg-3 col-md-4 col-sm-6 col-xs-6 pb-2\">Canon PIXMA MG2455<\/div>\n<div class=\"col-lg-3 col-md-4 col-sm-6 col-xs-6 pb-2\">Canon PIXMA MG2500<\/div>\n<div class=\"col-lg-3 col-md-4 col-sm-6 col-xs-6 pb-2\">Canon PIXMA MG2540<\/div>\n<div class=\"col-lg-3 col-md-4 col-sm-6 col-xs-6 pb-2\">Canon PIXMA MG2545S<\/div>\n<div class=\"col-lg-3 col-md-4 col-sm-6 col-xs-6 pb-2\">Canon PIXMA MG2550<\/div>\n<div class=\"col-lg-3 col-md-4 col-sm-6 col-xs-6 pb-2\">Canon PIXMA MG2550S<\/div>\n<div class=\"col-lg-3 col-md-4 col-sm-6 col-xs-6 pb-2\">Canon PIXMA MG2551S<\/div>\n<div class=\"col-lg-3 col-md-4 col-sm-6 col-xs-6 pb-2\">Canon PIXMA MG2555<\/div>\n<div class=\"col-lg-3 col-md-4 col-sm-6 col-xs-6 pb-2\">Canon PIXMA MG2555S<\/div>\n<div>Canon PIXMA MG2556S<\/div>\n<div class=\"col-lg-3 col-md-4 col-sm-6 col-xs-6 pb-2\">Canon PIXMA MG2900<\/div>\n<div class=\"col-lg-3 col-md-4 col-sm-6 col-xs-6 pb-2\">Canon PIXMA MG2950<\/div>\n<div class=\"col-lg-3 col-md-4 col-sm-6 col-xs-6 pb-2\">Canon PIXMA MG2950S<\/div>\n<div class=\"col-lg-3 col-md-4 col-sm-6 col-xs-6 pb-2\">Canon PIXMA MG3000<\/div>\n<div class=\"col-lg-3 col-md-4 col-sm-6 col-xs-6 pb-2\">Canon PIXMA MG3040<\/div>\n<div class=\"col-lg-3 col-md-4 col-sm-6 col-xs-6 pb-2\">Canon PIXMA MG3050<\/div>\n<div class=\"col-lg-3 col-md-4 col-sm-6 col-xs-6 pb-2\">Canon PIXMA MG3051<\/div>\n<div class=\"col-lg-3 col-md-4 col-sm-6 col-xs-6 pb-2\">Canon PIXMA MG3052<\/div>\n<div class=\"col-lg-3 col-md-4 col-sm-6 col-xs-6 pb-2\">Canon PIXMA MG3053<\/div>\n<div class=\"col-lg-3 col-md-4 col-sm-6 col-xs-6 pb-2\">Canon PIXMA MX490<\/div>\n<div class=\"col-lg-3 col-md-4 col-sm-6 col-xs-6 pb-2\">Canon PIXMA MX494<\/div>\n<div class=\"col-lg-3 col-md-4 col-sm-6 col-xs-6 pb-2\">Canon PIXMA MX495<\/div>\n<div class=\"col-lg-3 col-md-4 col-sm-6 col-xs-6 pb-2\">Canon PIXMA TR4540<\/div>\n<div class=\"col-lg-3 col-md-4 col-sm-6 col-xs-6 pb-2\">Canon PIXMA TR4550<\/div>\n<div class=\"col-lg-3 col-md-4 col-sm-6 col-xs-6 pb-2\">Canon PIXMA TR4551<\/div>\n<div class=\"col-lg-3 col-md-4 col-sm-6 col-xs-6 pb-2\">Canon PIXMA TR4640<\/div>\n<div class=\"col-lg-3 col-md-4 col-sm-6 col-xs-6 pb-2\">Canon PIXMA TR4650<\/div>\n<div class=\"col-lg-3 col-md-4 col-sm-6 col-xs-6 pb-2\">Canon PIXMA TR4651<\/div>\n<div class=\"col-lg-3 col-md-4 col-sm-6 col-xs-6 pb-2\">Canon PIXMA TS205<\/div>\n<div class=\"col-lg-3 col-md-4 col-sm-6 col-xs-6 pb-2\">Canon PIXMA TS305<\/div>\n<div class=\"col-lg-3 col-md-4 col-sm-6 col-xs-6 pb-2\">Canon PIXMA TS3100<\/div>\n<div class=\"col-lg-3 col-md-4 col-sm-6 col-xs-6 pb-2\">Canon PIXMA TS3150<\/div>\n<div class=\"col-lg-3 col-md-4 col-sm-6 col-xs-6 pb-2\">Canon PIXMA TS3151<\/div>\n<div class=\"col-lg-3 col-md-4 col-sm-6 col-xs-6 pb-2\">Canon PIXMA TS3300<\/div>\n<div class=\"col-lg-3 col-md-4 col-sm-6 col-xs-6 pb-2\">Canon PIXMA TS3350<\/div>\n<div class=\"col-lg-3 col-md-4 col-sm-6 col-xs-6 pb-2\">Canon PIXMA TS3351<\/div>\n<div class=\"col-lg-3 col-md-4 col-sm-6 col-xs-6 pb-2\">Canon PIXMA TS3352<\/div>\n<div class=\"col-lg-3 col-md-4 col-sm-6 col-xs-6 pb-2\">Canon PIXMA TS3355<\/div>\n<div class=\"col-lg-3 col-md-4 col-sm-6 col-xs-6 pb-2\">Canon PIXMA TS3440<\/div>\n<div class=\"col-lg-3 col-md-4 col-sm-6 col-xs-6 pb-2\">Canon PIXMA TS3450<\/div>\n<div class=\"col-lg-3 col-md-4 col-sm-6 col-xs-6 pb-2\">Canon PIXMA TS3451<\/div>\n<div class=\"col-lg-3 col-md-4 col-sm-6 col-xs-6 pb-2\">Canon PIXMA TS3452<\/div>\n<div class=\"col-lg-3 col-md-4 col-sm-6 col-xs-6 pb-2\">Canon PIXMA TS6140<\/div>\n<div class=\"col-lg-3 col-md-4 col-sm-6 col-xs-6 pb-2\">Canon PIXMA TS8140<\/div>\n","protected":false},"excerpt":{"rendered":"<p>Canon PIXMA iP2800 Canon PIXMA iP2840 Canon PIXMA iP2850 Canon PIXMA MG2400 Canon PIXMA MG2440 Canon PIXMA MG2450 Canon PIXMA MG2455 Canon PIXMA MG2500 Canon PIXMA MG2540 Canon PIXMA MG2545S Canon PIXMA MG2550 Canon PIXMA MG2550S Canon PIXMA MG2551S Canon PIXMA MG2555 Canon PIXMA MG2555S Canon PIXMA MG2556S Canon PIXMA MG2900 Canon PIXMA MG2950 Canon [&#8230;]\n","protected":false},"featured_media":2783,"template":"","meta":{"inline_featured_image":false},"product_cat":[10770],"product_tag":[14316,14317,14318,14319,14320],"yoast_head":"<!-- This site is optimized with the Yoast SEO Premium plugin v23.0 (Yoast SEO v23.0) - https:\/\/yoast.com\/wordpress\/plugins\/seo\/ -->\n<title>Analoog tint Canon PG-545XL BK Black 400 lk (15ml), hea hinnaga, osta e-pood - Odav Print<\/title>\n<meta name=\"description\" content=\"Osta Analoog tint Canon PG-545XL BK Black 400 lk (15ml) Odav Print \u260e +372 5911 9495 \u2714\ufe0f Parim hind Analoog tint Canon PG-545XL BK Black 400 lk (15ml) jaoks \u26df Kiire kohaletoimetamine Eestis \u2b50 Garanteeritud\" \/>\n<meta name=\"robots\" content=\"index, follow, max-snippet:-1, max-image-preview:large, max-video-preview:-1\" \/>\n<link rel=\"canonical\" href=\"https:\/\/odavprint.ee\/et\/product\/canon-pg-545xl-bk-must\/\" \/>\n<meta property=\"og:locale\" content=\"et_EE\" \/>\n<meta property=\"og:type\" content=\"article\" \/>\n<meta property=\"og:title\" content=\"Analoog tint Canon PG-545XL BK Black 400 lk (15ml)\" \/>\n<meta property=\"og:description\" content=\"Osta Analoog tint Canon PG-545XL BK Black 400 lk (15ml) Odav Print \u260e +372 5911 9495 \u2714\ufe0f Parim hind Analoog tint Canon PG-545XL BK Black 400 lk (15ml) jaoks \u26df Kiire kohaletoimetamine Eestis \u2b50 Garanteeritud\" \/>\n<meta property=\"og:url\" content=\"https:\/\/odavprint.ee\/et\/product\/canon-pg-545xl-bk-must\/\" \/>\n<meta property=\"og:site_name\" content=\"Odav Print\" \/>\n<meta property=\"article:modified_time\" content=\"2026-01-19T07:42:23+00:00\" \/>\n<meta property=\"og:image\" content=\"https:\/\/odavprint.ee\/wp-content\/uploads\/2018\/12\/pg-545xl2.gif\" \/>\n\t<meta property=\"og:image:width\" content=\"232\" \/>\n\t<meta property=\"og:image:height\" content=\"300\" \/>\n\t<meta property=\"og:image:type\" content=\"image\/gif\" \/>\n<meta name=\"twitter:card\" content=\"summary_large_image\" \/>\n<meta name=\"twitter:label1\" content=\"Price\" \/>\n\t<meta name=\"twitter:data1\" content=\"&euro;19.50\" \/>\n\t<meta name=\"twitter:label2\" content=\"Availability\" \/>\n\t<meta name=\"twitter:data2\" content=\"In stock\" \/>\n<script type=\"application\/ld+json\" class=\"yoast-schema-graph\">{\"@context\":\"https:\/\/schema.org\",\"@graph\":[{\"@type\":[\"WebPage\",\"ItemPage\"],\"@id\":\"https:\/\/odavprint.ee\/et\/product\/canon-pg-545xl-bk-must\/\",\"url\":\"https:\/\/odavprint.ee\/et\/product\/canon-pg-545xl-bk-must\/\",\"name\":\"Analoog tint Canon PG-545XL BK Black 400 lk (15ml), hea hinnaga, osta e-pood - Odav Print\",\"isPartOf\":{\"@id\":\"https:\/\/odavprint.ee\/et\/#website\"},\"primaryImageOfPage\":{\"@id\":\"https:\/\/odavprint.ee\/et\/product\/canon-pg-545xl-bk-must\/#primaryimage\"},\"image\":{\"@id\":\"https:\/\/odavprint.ee\/et\/product\/canon-pg-545xl-bk-must\/#primaryimage\"},\"thumbnailUrl\":\"https:\/\/odavprint.ee\/wp-content\/uploads\/2018\/12\/pg-545xl2.gif\",\"datePublished\":\"2019-04-13T18:47:20+00:00\",\"dateModified\":\"2026-01-19T07:42:23+00:00\",\"description\":\"Osta Analoog tint Canon PG-545XL BK Black 400 lk (15ml) Odav Print \u260e +372 5911 9495 \u2714\ufe0f Parim hind Analoog tint Canon PG-545XL BK Black 400 lk (15ml) jaoks \u26df Kiire kohaletoimetamine Eestis \u2b50 Garanteeritud\",\"breadcrumb\":{\"@id\":\"https:\/\/odavprint.ee\/et\/product\/canon-pg-545xl-bk-must\/#breadcrumb\"},\"inLanguage\":\"et\",\"potentialAction\":[{\"@type\":\"ReadAction\",\"target\":[\"https:\/\/odavprint.ee\/et\/product\/canon-pg-545xl-bk-must\/\"]}]},{\"@type\":\"ImageObject\",\"inLanguage\":\"et\",\"@id\":\"https:\/\/odavprint.ee\/et\/product\/canon-pg-545xl-bk-must\/#primaryimage\",\"url\":\"https:\/\/odavprint.ee\/wp-content\/uploads\/2018\/12\/pg-545xl2.gif\",\"contentUrl\":\"https:\/\/odavprint.ee\/wp-content\/uploads\/2018\/12\/pg-545xl2.gif\",\"width\":232,\"height\":300},{\"@type\":\"BreadcrumbList\",\"@id\":\"https:\/\/odavprint.ee\/et\/product\/canon-pg-545xl-bk-must\/#breadcrumb\",\"itemListElement\":[{\"@type\":\"ListItem\",\"position\":1,\"name\":\"Home\",\"item\":\"https:\/\/odavprint.ee\/et\/esileht\/\"},{\"@type\":\"ListItem\",\"position\":2,\"name\":\"E-pood\",\"item\":\"https:\/\/odavprint.ee\/et\/shop\/\"},{\"@type\":\"ListItem\",\"position\":3,\"name\":\"Analoog tint Canon PG-545XL BK Black 400 lk (15ml)\"}]},{\"@type\":\"WebSite\",\"@id\":\"https:\/\/odavprint.ee\/et\/#website\",\"url\":\"https:\/\/odavprint.ee\/et\/\",\"name\":\"Odav Print\",\"description\":\"Just another WordPress site\",\"publisher\":{\"@id\":\"https:\/\/odavprint.ee\/et\/#organization\"},\"alternateName\":\"Kassettide, toonerite t\u00e4itmine ja m\u00fc\u00fck.\",\"potentialAction\":[{\"@type\":\"SearchAction\",\"target\":{\"@type\":\"EntryPoint\",\"urlTemplate\":\"https:\/\/odavprint.ee\/et\/?s={search_term_string}\"},\"query-input\":\"required name=search_term_string\"}],\"inLanguage\":\"et\"},{\"@type\":[\"Organization\",\"Place\"],\"@id\":\"https:\/\/odavprint.ee\/et\/#organization\",\"name\":\"Odav Print O\u00dc\",\"url\":\"https:\/\/odavprint.ee\/et\/\",\"logo\":{\"@id\":\"https:\/\/odavprint.ee\/et\/product\/canon-pg-545xl-bk-must\/#local-main-organization-logo\"},\"image\":{\"@id\":\"https:\/\/odavprint.ee\/et\/product\/canon-pg-545xl-bk-must\/#local-main-organization-logo\"},\"address\":{\"@id\":\"https:\/\/odavprint.ee\/et\/product\/canon-pg-545xl-bk-must\/#local-main-place-address\"},\"geo\":{\"@type\":\"GeoCoordinates\",\"latitude\":\"59.4306504\",\"longitude\":\"24.8095743\"},\"telephone\":[\"53836926\"],\"openingHoursSpecification\":[{\"@type\":\"OpeningHoursSpecification\",\"dayOfWeek\":[\"Monday\",\"Tuesday\",\"Wednesday\",\"Thursday\",\"Friday\",\"Saturday\",\"Sunday\"],\"opens\":\"09:00\",\"closes\":\"17:00\"}],\"email\":\"info@odavprint.eu\"},{\"@type\":\"PostalAddress\",\"@id\":\"https:\/\/odavprint.ee\/et\/product\/canon-pg-545xl-bk-must\/#local-main-place-address\",\"streetAddress\":\"Pae tn 28\",\"addressLocality\":\"Tallinn\",\"postalCode\":\"11415\",\"addressRegion\":\"Harjumaa\",\"addressCountry\":\"EE\"},{\"@type\":\"ImageObject\",\"inLanguage\":\"et\",\"@id\":\"https:\/\/odavprint.ee\/et\/product\/canon-pg-545xl-bk-must\/#local-main-organization-logo\",\"url\":\"https:\/\/odavprint.ee\/wp-content\/uploads\/2018\/10\/odavprint-logo-240.jpg\",\"contentUrl\":\"https:\/\/odavprint.ee\/wp-content\/uploads\/2018\/10\/odavprint-logo-240.jpg\",\"width\":240,\"height\":36,\"caption\":\"Odav Print O\u00dc\"}]}<\/script>\n<meta property=\"product:price:amount\" content=\"19.50\" \/>\n<meta property=\"product:price:currency\" content=\"EUR\" \/>\n<meta property=\"og:availability\" content=\"instock\" \/>\n<meta property=\"product:availability\" content=\"instock\" \/>\n<meta property=\"product:retailer_item_id\" content=\"s6987\" \/>\n<meta property=\"product:condition\" content=\"new\" \/>\n<meta name=\"geo.placename\" content=\"Tallinn\" \/>\n<meta name=\"geo.position\" content=\"59.4306504;24.8095743\" \/>\n<meta name=\"geo.region\" content=\"Estonia\" \/>\n<!-- \/ Yoast SEO Premium plugin. -->","yoast_head_json":{"title":"Analoog tint Canon PG-545XL BK Black 400 lk (15ml), hea hinnaga, osta e-pood - Odav Print","description":"Osta Analoog tint Canon PG-545XL BK Black 400 lk (15ml) Odav Print \u260e +372 5911 9495 \u2714\ufe0f Parim hind Analoog tint Canon PG-545XL BK Black 400 lk (15ml) jaoks \u26df Kiire kohaletoimetamine Eestis \u2b50 Garanteeritud","robots":{"index":"index","follow":"follow","max-snippet":"max-snippet:-1","max-image-preview":"max-image-preview:large","max-video-preview":"max-video-preview:-1"},"canonical":"https:\/\/odavprint.ee\/et\/product\/canon-pg-545xl-bk-must\/","og_locale":"et_EE","og_type":"article","og_title":"Analoog tint Canon PG-545XL BK Black 400 lk (15ml)","og_description":"Osta Analoog tint Canon PG-545XL BK Black 400 lk (15ml) Odav Print \u260e +372 5911 9495 \u2714\ufe0f Parim hind Analoog tint Canon PG-545XL BK Black 400 lk (15ml) jaoks \u26df Kiire kohaletoimetamine Eestis \u2b50 Garanteeritud","og_url":"https:\/\/odavprint.ee\/et\/product\/canon-pg-545xl-bk-must\/","og_site_name":"Odav Print","article_modified_time":"2026-01-19T07:42:23+00:00","og_image":[{"width":232,"height":300,"url":"https:\/\/odavprint.ee\/wp-content\/uploads\/2018\/12\/pg-545xl2.gif","type":"image\/gif"}],"twitter_card":"summary_large_image","twitter_misc":{"Price":"&euro;19.50","Availability":"In stock"},"schema":{"@context":"https:\/\/schema.org","@graph":[{"@type":["WebPage","ItemPage"],"@id":"https:\/\/odavprint.ee\/et\/product\/canon-pg-545xl-bk-must\/","url":"https:\/\/odavprint.ee\/et\/product\/canon-pg-545xl-bk-must\/","name":"Analoog tint Canon PG-545XL BK Black 400 lk (15ml), hea hinnaga, osta e-pood - Odav Print","isPartOf":{"@id":"https:\/\/odavprint.ee\/et\/#website"},"primaryImageOfPage":{"@id":"https:\/\/odavprint.ee\/et\/product\/canon-pg-545xl-bk-must\/#primaryimage"},"image":{"@id":"https:\/\/odavprint.ee\/et\/product\/canon-pg-545xl-bk-must\/#primaryimage"},"thumbnailUrl":"https:\/\/odavprint.ee\/wp-content\/uploads\/2018\/12\/pg-545xl2.gif","datePublished":"2019-04-13T18:47:20+00:00","dateModified":"2026-01-19T07:42:23+00:00","description":"Osta Analoog tint Canon PG-545XL BK Black 400 lk (15ml) Odav Print \u260e +372 5911 9495 \u2714\ufe0f Parim hind Analoog tint Canon PG-545XL BK Black 400 lk (15ml) jaoks \u26df Kiire kohaletoimetamine Eestis \u2b50 Garanteeritud","breadcrumb":{"@id":"https:\/\/odavprint.ee\/et\/product\/canon-pg-545xl-bk-must\/#breadcrumb"},"inLanguage":"et","potentialAction":[{"@type":"ReadAction","target":["https:\/\/odavprint.ee\/et\/product\/canon-pg-545xl-bk-must\/"]}]},{"@type":"ImageObject","inLanguage":"et","@id":"https:\/\/odavprint.ee\/et\/product\/canon-pg-545xl-bk-must\/#primaryimage","url":"https:\/\/odavprint.ee\/wp-content\/uploads\/2018\/12\/pg-545xl2.gif","contentUrl":"https:\/\/odavprint.ee\/wp-content\/uploads\/2018\/12\/pg-545xl2.gif","width":232,"height":300},{"@type":"BreadcrumbList","@id":"https:\/\/odavprint.ee\/et\/product\/canon-pg-545xl-bk-must\/#breadcrumb","itemListElement":[{"@type":"ListItem","position":1,"name":"Home","item":"https:\/\/odavprint.ee\/et\/esileht\/"},{"@type":"ListItem","position":2,"name":"E-pood","item":"https:\/\/odavprint.ee\/et\/shop\/"},{"@type":"ListItem","position":3,"name":"Analoog tint Canon PG-545XL BK Black 400 lk (15ml)"}]},{"@type":"WebSite","@id":"https:\/\/odavprint.ee\/et\/#website","url":"https:\/\/odavprint.ee\/et\/","name":"Odav Print","description":"Just another WordPress site","publisher":{"@id":"https:\/\/odavprint.ee\/et\/#organization"},"alternateName":"Kassettide, toonerite t\u00e4itmine ja m\u00fc\u00fck.","potentialAction":[{"@type":"SearchAction","target":{"@type":"EntryPoint","urlTemplate":"https:\/\/odavprint.ee\/et\/?s={search_term_string}"},"query-input":"required name=search_term_string"}],"inLanguage":"et"},{"@type":["Organization","Place"],"@id":"https:\/\/odavprint.ee\/et\/#organization","name":"Odav Print O\u00dc","url":"https:\/\/odavprint.ee\/et\/","logo":{"@id":"https:\/\/odavprint.ee\/et\/product\/canon-pg-545xl-bk-must\/#local-main-organization-logo"},"image":{"@id":"https:\/\/odavprint.ee\/et\/product\/canon-pg-545xl-bk-must\/#local-main-organization-logo"},"address":{"@id":"https:\/\/odavprint.ee\/et\/product\/canon-pg-545xl-bk-must\/#local-main-place-address"},"geo":{"@type":"GeoCoordinates","latitude":"59.4306504","longitude":"24.8095743"},"telephone":["53836926"],"openingHoursSpecification":[{"@type":"OpeningHoursSpecification","dayOfWeek":["Monday","Tuesday","Wednesday","Thursday","Friday","Saturday","Sunday"],"opens":"09:00","closes":"17:00"}],"email":"info@odavprint.eu"},{"@type":"PostalAddress","@id":"https:\/\/odavprint.ee\/et\/product\/canon-pg-545xl-bk-must\/#local-main-place-address","streetAddress":"Pae tn 28","addressLocality":"Tallinn","postalCode":"11415","addressRegion":"Harjumaa","addressCountry":"EE"},{"@type":"ImageObject","inLanguage":"et","@id":"https:\/\/odavprint.ee\/et\/product\/canon-pg-545xl-bk-must\/#local-main-organization-logo","url":"https:\/\/odavprint.ee\/wp-content\/uploads\/2018\/10\/odavprint-logo-240.jpg","contentUrl":"https:\/\/odavprint.ee\/wp-content\/uploads\/2018\/10\/odavprint-logo-240.jpg","width":240,"height":36,"caption":"Odav Print O\u00dc"}]},"product_price_amount":"19.50","product_price_currency":"EUR","og_availability":"instock","product_availability":"instock","product_retailer_item_id":"s6987","product_condition":"new","geo.placename":"Tallinn","geo.position":{"lat":"59.4306504","long":"24.8095743"},"geo.region":"Estonia"},"_links":{"self":[{"href":"https:\/\/odavprint.ee\/et\/wp-json\/wp\/v2\/product\/12278"}],"collection":[{"href":"https:\/\/odavprint.ee\/et\/wp-json\/wp\/v2\/product"}],"about":[{"href":"https:\/\/odavprint.ee\/et\/wp-json\/wp\/v2\/types\/product"}],"wp:featuredmedia":[{"embeddable":true,"href":"https:\/\/odavprint.ee\/et\/wp-json\/wp\/v2\/media\/2783"}],"wp:attachment":[{"href":"https:\/\/odavprint.ee\/et\/wp-json\/wp\/v2\/media?parent=12278"}],"wp:term":[{"taxonomy":"product_cat","embeddable":true,"href":"https:\/\/odavprint.ee\/et\/wp-json\/wp\/v2\/product_cat?post=12278"},{"taxonomy":"product_tag","embeddable":true,"href":"https:\/\/odavprint.ee\/et\/wp-json\/wp\/v2\/product_tag?post=12278"}],"curies":[{"name":"wp","href":"https:\/\/api.w.org\/{rel}","templated":true}]}}