{"id":12814,"date":"2019-04-13T21:51:52","date_gmt":"2019-04-13T18:51:52","guid":{"rendered":"https:\/\/odavprint.preview.ee\/product\/originaal-hp-19a-black-cf219a-imaging-drum-12000-lk\/"},"modified":"2023-10-02T10:14:55","modified_gmt":"2023-10-02T07:14:55","slug":"originaal-hp-19a-black-cf219a-imaging-drum-12000-lk","status":"publish","type":"product","link":"https:\/\/odavprint.ee\/et\/product\/originaal-hp-19a-black-cf219a-imaging-drum-12000-lk\/","title":{"rendered":"Originaal trummel HP 19A Black (CF219A) Imaging Drum 12000 lk"},"content":{"rendered":"<p>HP LaserJet Pro M102, HP LaserJet Pro M102a, HP LaserJet Pro M102w, HP LaserJet Pro MFP M130, HP LaserJet Pro MFP M130a, HP LaserJet Pro MFP M130fn, HP LaserJet Pro MFP M130fw, HP LaserJet Pro MFP M130nw<\/p>\n","protected":false},"excerpt":{"rendered":"<p>HP LaserJet Pro M102, HP LaserJet Pro M102a, HP LaserJet Pro M102w, HP LaserJet Pro MFP M130, HP LaserJet Pro MFP M130a, HP LaserJet Pro MFP M130fn, HP LaserJet Pro MFP M130fw, HP LaserJet Pro MFP M130nw<\/p>\n","protected":false},"featured_media":3861,"template":"","meta":{"inline_featured_image":false},"product_cat":[12832],"product_tag":[],"yoast_head":"<!-- This site is optimized with the Yoast SEO Premium plugin v23.0 (Yoast SEO v23.0) - https:\/\/yoast.com\/wordpress\/plugins\/seo\/ -->\n<title>Originaal trummel HP 19A Black (CF219A) Imaging Drum 12000 lk, hea hinnaga, osta e-pood - Odav Print<\/title>\n<meta name=\"description\" content=\"Osta Originaal trummel HP 19A Black (CF219A) Imaging Drum 12000 lk Odav Print \u260e +372 5911 9495 \u2714\ufe0f Parim hind Originaal trummel HP 19A Black (CF219A) Imaging Drum 12000 lk jaoks \u26df Kiire kohaletoimetamine Eestis \u2b50 Garanteeritud\" \/>\n<meta name=\"robots\" content=\"index, follow, max-snippet:-1, max-image-preview:large, max-video-preview:-1\" \/>\n<link rel=\"canonical\" href=\"https:\/\/odavprint.ee\/et\/product\/originaal-hp-19a-black-cf219a-imaging-drum-12000-lk\/\" \/>\n<meta property=\"og:locale\" content=\"et_EE\" \/>\n<meta property=\"og:type\" content=\"article\" \/>\n<meta property=\"og:title\" content=\"Originaal trummel HP 19A Black (CF219A) Imaging Drum 12000 lk\" \/>\n<meta property=\"og:description\" content=\"Osta Originaal trummel HP 19A Black (CF219A) Imaging Drum 12000 lk Odav Print \u260e +372 5911 9495 \u2714\ufe0f Parim hind Originaal trummel HP 19A Black (CF219A) Imaging Drum 12000 lk jaoks \u26df Kiire kohaletoimetamine Eestis \u2b50 Garanteeritud\" \/>\n<meta property=\"og:url\" content=\"https:\/\/odavprint.ee\/et\/product\/originaal-hp-19a-black-cf219a-imaging-drum-12000-lk\/\" \/>\n<meta property=\"og:site_name\" content=\"Odav Print\" \/>\n<meta property=\"article:modified_time\" content=\"2023-10-02T07:14:55+00:00\" \/>\n<meta property=\"og:image\" content=\"https:\/\/odavprint.ee\/wp-content\/uploads\/2018\/12\/19A-OEM.jpg\" \/>\n\t<meta property=\"og:image:width\" content=\"500\" \/>\n\t<meta property=\"og:image:height\" content=\"500\" \/>\n\t<meta property=\"og:image:type\" content=\"image\/jpeg\" \/>\n<meta name=\"twitter:card\" content=\"summary_large_image\" \/>\n<meta name=\"twitter:label1\" content=\"Price\" \/>\n\t<meta name=\"twitter:data1\" content=\"&euro;91.50\" \/>\n\t<meta name=\"twitter:label2\" content=\"Availability\" \/>\n\t<meta name=\"twitter:data2\" content=\"In stock\" \/>\n<script type=\"application\/ld+json\" class=\"yoast-schema-graph\">{\"@context\":\"https:\/\/schema.org\",\"@graph\":[{\"@type\":[\"WebPage\",\"ItemPage\"],\"@id\":\"https:\/\/odavprint.ee\/et\/product\/originaal-hp-19a-black-cf219a-imaging-drum-12000-lk\/\",\"url\":\"https:\/\/odavprint.ee\/et\/product\/originaal-hp-19a-black-cf219a-imaging-drum-12000-lk\/\",\"name\":\"Originaal trummel HP 19A Black (CF219A) Imaging Drum 12000 lk, hea hinnaga, osta e-pood - Odav Print\",\"isPartOf\":{\"@id\":\"https:\/\/odavprint.ee\/et\/#website\"},\"primaryImageOfPage\":{\"@id\":\"https:\/\/odavprint.ee\/et\/product\/originaal-hp-19a-black-cf219a-imaging-drum-12000-lk\/#primaryimage\"},\"image\":{\"@id\":\"https:\/\/odavprint.ee\/et\/product\/originaal-hp-19a-black-cf219a-imaging-drum-12000-lk\/#primaryimage\"},\"thumbnailUrl\":\"https:\/\/odavprint.ee\/wp-content\/uploads\/2018\/12\/19A-OEM.jpg\",\"datePublished\":\"2019-04-13T18:51:52+00:00\",\"dateModified\":\"2023-10-02T07:14:55+00:00\",\"description\":\"Osta Originaal trummel HP 19A Black (CF219A) Imaging Drum 12000 lk Odav Print \u260e +372 5911 9495 \u2714\ufe0f Parim hind Originaal trummel HP 19A Black (CF219A) Imaging Drum 12000 lk jaoks \u26df Kiire kohaletoimetamine Eestis \u2b50 Garanteeritud\",\"breadcrumb\":{\"@id\":\"https:\/\/odavprint.ee\/et\/product\/originaal-hp-19a-black-cf219a-imaging-drum-12000-lk\/#breadcrumb\"},\"inLanguage\":\"et\",\"potentialAction\":[{\"@type\":\"ReadAction\",\"target\":[\"https:\/\/odavprint.ee\/et\/product\/originaal-hp-19a-black-cf219a-imaging-drum-12000-lk\/\"]}]},{\"@type\":\"ImageObject\",\"inLanguage\":\"et\",\"@id\":\"https:\/\/odavprint.ee\/et\/product\/originaal-hp-19a-black-cf219a-imaging-drum-12000-lk\/#primaryimage\",\"url\":\"https:\/\/odavprint.ee\/wp-content\/uploads\/2018\/12\/19A-OEM.jpg\",\"contentUrl\":\"https:\/\/odavprint.ee\/wp-content\/uploads\/2018\/12\/19A-OEM.jpg\",\"width\":500,\"height\":500},{\"@type\":\"BreadcrumbList\",\"@id\":\"https:\/\/odavprint.ee\/et\/product\/originaal-hp-19a-black-cf219a-imaging-drum-12000-lk\/#breadcrumb\",\"itemListElement\":[{\"@type\":\"ListItem\",\"position\":1,\"name\":\"Home\",\"item\":\"https:\/\/odavprint.ee\/et\/esileht\/\"},{\"@type\":\"ListItem\",\"position\":2,\"name\":\"E-pood\",\"item\":\"https:\/\/odavprint.ee\/et\/shop\/\"},{\"@type\":\"ListItem\",\"position\":3,\"name\":\"Originaal trummel HP 19A Black (CF219A) Imaging Drum 12000 lk\"}]},{\"@type\":\"WebSite\",\"@id\":\"https:\/\/odavprint.ee\/et\/#website\",\"url\":\"https:\/\/odavprint.ee\/et\/\",\"name\":\"Odav Print\",\"description\":\"Just another WordPress site\",\"publisher\":{\"@id\":\"https:\/\/odavprint.ee\/et\/#organization\"},\"alternateName\":\"Kassettide, toonerite t\u00e4itmine ja m\u00fc\u00fck.\",\"potentialAction\":[{\"@type\":\"SearchAction\",\"target\":{\"@type\":\"EntryPoint\",\"urlTemplate\":\"https:\/\/odavprint.ee\/et\/?s={search_term_string}\"},\"query-input\":\"required name=search_term_string\"}],\"inLanguage\":\"et\"},{\"@type\":[\"Organization\",\"Place\"],\"@id\":\"https:\/\/odavprint.ee\/et\/#organization\",\"name\":\"Odav Print O\u00dc\",\"url\":\"https:\/\/odavprint.ee\/et\/\",\"logo\":{\"@id\":\"https:\/\/odavprint.ee\/et\/product\/originaal-hp-19a-black-cf219a-imaging-drum-12000-lk\/#local-main-organization-logo\"},\"image\":{\"@id\":\"https:\/\/odavprint.ee\/et\/product\/originaal-hp-19a-black-cf219a-imaging-drum-12000-lk\/#local-main-organization-logo\"},\"address\":{\"@id\":\"https:\/\/odavprint.ee\/et\/product\/originaal-hp-19a-black-cf219a-imaging-drum-12000-lk\/#local-main-place-address\"},\"geo\":{\"@type\":\"GeoCoordinates\",\"latitude\":\"59.4306504\",\"longitude\":\"24.8095743\"},\"telephone\":[\"53836926\"],\"openingHoursSpecification\":[{\"@type\":\"OpeningHoursSpecification\",\"dayOfWeek\":[\"Monday\",\"Tuesday\",\"Wednesday\",\"Thursday\",\"Friday\",\"Saturday\",\"Sunday\"],\"opens\":\"09:00\",\"closes\":\"17:00\"}],\"email\":\"info@odavprint.eu\"},{\"@type\":\"PostalAddress\",\"@id\":\"https:\/\/odavprint.ee\/et\/product\/originaal-hp-19a-black-cf219a-imaging-drum-12000-lk\/#local-main-place-address\",\"streetAddress\":\"Pae tn 28\",\"addressLocality\":\"Tallinn\",\"postalCode\":\"11415\",\"addressRegion\":\"Harjumaa\",\"addressCountry\":\"EE\"},{\"@type\":\"ImageObject\",\"inLanguage\":\"et\",\"@id\":\"https:\/\/odavprint.ee\/et\/product\/originaal-hp-19a-black-cf219a-imaging-drum-12000-lk\/#local-main-organization-logo\",\"url\":\"https:\/\/odavprint.ee\/wp-content\/uploads\/2018\/10\/odavprint-logo-240.jpg\",\"contentUrl\":\"https:\/\/odavprint.ee\/wp-content\/uploads\/2018\/10\/odavprint-logo-240.jpg\",\"width\":240,\"height\":36,\"caption\":\"Odav Print O\u00dc\"}]}<\/script>\n<meta property=\"product:price:amount\" content=\"91.50\" \/>\n<meta property=\"product:price:currency\" content=\"EUR\" \/>\n<meta property=\"og:availability\" content=\"instock\" \/>\n<meta property=\"product:availability\" content=\"instock\" \/>\n<meta property=\"product:condition\" content=\"new\" \/>\n<meta name=\"geo.placename\" content=\"Tallinn\" \/>\n<meta name=\"geo.position\" content=\"59.4306504;24.8095743\" \/>\n<meta name=\"geo.region\" content=\"Estonia\" \/>\n<!-- \/ Yoast SEO Premium plugin. -->","yoast_head_json":{"title":"Originaal trummel HP 19A Black (CF219A) Imaging Drum 12000 lk, hea hinnaga, osta e-pood - Odav Print","description":"Osta Originaal trummel HP 19A Black (CF219A) Imaging Drum 12000 lk Odav Print \u260e +372 5911 9495 \u2714\ufe0f Parim hind Originaal trummel HP 19A Black (CF219A) Imaging Drum 12000 lk jaoks \u26df Kiire kohaletoimetamine Eestis \u2b50 Garanteeritud","robots":{"index":"index","follow":"follow","max-snippet":"max-snippet:-1","max-image-preview":"max-image-preview:large","max-video-preview":"max-video-preview:-1"},"canonical":"https:\/\/odavprint.ee\/et\/product\/originaal-hp-19a-black-cf219a-imaging-drum-12000-lk\/","og_locale":"et_EE","og_type":"article","og_title":"Originaal trummel HP 19A Black (CF219A) Imaging Drum 12000 lk","og_description":"Osta Originaal trummel HP 19A Black (CF219A) Imaging Drum 12000 lk Odav Print \u260e +372 5911 9495 \u2714\ufe0f Parim hind Originaal trummel HP 19A Black (CF219A) Imaging Drum 12000 lk jaoks \u26df Kiire kohaletoimetamine Eestis \u2b50 Garanteeritud","og_url":"https:\/\/odavprint.ee\/et\/product\/originaal-hp-19a-black-cf219a-imaging-drum-12000-lk\/","og_site_name":"Odav Print","article_modified_time":"2023-10-02T07:14:55+00:00","og_image":[{"width":500,"height":500,"url":"https:\/\/odavprint.ee\/wp-content\/uploads\/2018\/12\/19A-OEM.jpg","type":"image\/jpeg"}],"twitter_card":"summary_large_image","twitter_misc":{"Price":"&euro;91.50","Availability":"In stock"},"schema":{"@context":"https:\/\/schema.org","@graph":[{"@type":["WebPage","ItemPage"],"@id":"https:\/\/odavprint.ee\/et\/product\/originaal-hp-19a-black-cf219a-imaging-drum-12000-lk\/","url":"https:\/\/odavprint.ee\/et\/product\/originaal-hp-19a-black-cf219a-imaging-drum-12000-lk\/","name":"Originaal trummel HP 19A Black (CF219A) Imaging Drum 12000 lk, hea hinnaga, osta e-pood - Odav Print","isPartOf":{"@id":"https:\/\/odavprint.ee\/et\/#website"},"primaryImageOfPage":{"@id":"https:\/\/odavprint.ee\/et\/product\/originaal-hp-19a-black-cf219a-imaging-drum-12000-lk\/#primaryimage"},"image":{"@id":"https:\/\/odavprint.ee\/et\/product\/originaal-hp-19a-black-cf219a-imaging-drum-12000-lk\/#primaryimage"},"thumbnailUrl":"https:\/\/odavprint.ee\/wp-content\/uploads\/2018\/12\/19A-OEM.jpg","datePublished":"2019-04-13T18:51:52+00:00","dateModified":"2023-10-02T07:14:55+00:00","description":"Osta Originaal trummel HP 19A Black (CF219A) Imaging Drum 12000 lk Odav Print \u260e +372 5911 9495 \u2714\ufe0f Parim hind Originaal trummel HP 19A Black (CF219A) Imaging Drum 12000 lk jaoks \u26df Kiire kohaletoimetamine Eestis \u2b50 Garanteeritud","breadcrumb":{"@id":"https:\/\/odavprint.ee\/et\/product\/originaal-hp-19a-black-cf219a-imaging-drum-12000-lk\/#breadcrumb"},"inLanguage":"et","potentialAction":[{"@type":"ReadAction","target":["https:\/\/odavprint.ee\/et\/product\/originaal-hp-19a-black-cf219a-imaging-drum-12000-lk\/"]}]},{"@type":"ImageObject","inLanguage":"et","@id":"https:\/\/odavprint.ee\/et\/product\/originaal-hp-19a-black-cf219a-imaging-drum-12000-lk\/#primaryimage","url":"https:\/\/odavprint.ee\/wp-content\/uploads\/2018\/12\/19A-OEM.jpg","contentUrl":"https:\/\/odavprint.ee\/wp-content\/uploads\/2018\/12\/19A-OEM.jpg","width":500,"height":500},{"@type":"BreadcrumbList","@id":"https:\/\/odavprint.ee\/et\/product\/originaal-hp-19a-black-cf219a-imaging-drum-12000-lk\/#breadcrumb","itemListElement":[{"@type":"ListItem","position":1,"name":"Home","item":"https:\/\/odavprint.ee\/et\/esileht\/"},{"@type":"ListItem","position":2,"name":"E-pood","item":"https:\/\/odavprint.ee\/et\/shop\/"},{"@type":"ListItem","position":3,"name":"Originaal trummel HP 19A Black (CF219A) Imaging Drum 12000 lk"}]},{"@type":"WebSite","@id":"https:\/\/odavprint.ee\/et\/#website","url":"https:\/\/odavprint.ee\/et\/","name":"Odav Print","description":"Just another WordPress site","publisher":{"@id":"https:\/\/odavprint.ee\/et\/#organization"},"alternateName":"Kassettide, toonerite t\u00e4itmine ja m\u00fc\u00fck.","potentialAction":[{"@type":"SearchAction","target":{"@type":"EntryPoint","urlTemplate":"https:\/\/odavprint.ee\/et\/?s={search_term_string}"},"query-input":"required name=search_term_string"}],"inLanguage":"et"},{"@type":["Organization","Place"],"@id":"https:\/\/odavprint.ee\/et\/#organization","name":"Odav Print O\u00dc","url":"https:\/\/odavprint.ee\/et\/","logo":{"@id":"https:\/\/odavprint.ee\/et\/product\/originaal-hp-19a-black-cf219a-imaging-drum-12000-lk\/#local-main-organization-logo"},"image":{"@id":"https:\/\/odavprint.ee\/et\/product\/originaal-hp-19a-black-cf219a-imaging-drum-12000-lk\/#local-main-organization-logo"},"address":{"@id":"https:\/\/odavprint.ee\/et\/product\/originaal-hp-19a-black-cf219a-imaging-drum-12000-lk\/#local-main-place-address"},"geo":{"@type":"GeoCoordinates","latitude":"59.4306504","longitude":"24.8095743"},"telephone":["53836926"],"openingHoursSpecification":[{"@type":"OpeningHoursSpecification","dayOfWeek":["Monday","Tuesday","Wednesday","Thursday","Friday","Saturday","Sunday"],"opens":"09:00","closes":"17:00"}],"email":"info@odavprint.eu"},{"@type":"PostalAddress","@id":"https:\/\/odavprint.ee\/et\/product\/originaal-hp-19a-black-cf219a-imaging-drum-12000-lk\/#local-main-place-address","streetAddress":"Pae tn 28","addressLocality":"Tallinn","postalCode":"11415","addressRegion":"Harjumaa","addressCountry":"EE"},{"@type":"ImageObject","inLanguage":"et","@id":"https:\/\/odavprint.ee\/et\/product\/originaal-hp-19a-black-cf219a-imaging-drum-12000-lk\/#local-main-organization-logo","url":"https:\/\/odavprint.ee\/wp-content\/uploads\/2018\/10\/odavprint-logo-240.jpg","contentUrl":"https:\/\/odavprint.ee\/wp-content\/uploads\/2018\/10\/odavprint-logo-240.jpg","width":240,"height":36,"caption":"Odav Print O\u00dc"}]},"product_price_amount":"91.50","product_price_currency":"EUR","og_availability":"instock","product_availability":"instock","product_condition":"new","geo.placename":"Tallinn","geo.position":{"lat":"59.4306504","long":"24.8095743"},"geo.region":"Estonia"},"_links":{"self":[{"href":"https:\/\/odavprint.ee\/et\/wp-json\/wp\/v2\/product\/12814"}],"collection":[{"href":"https:\/\/odavprint.ee\/et\/wp-json\/wp\/v2\/product"}],"about":[{"href":"https:\/\/odavprint.ee\/et\/wp-json\/wp\/v2\/types\/product"}],"wp:featuredmedia":[{"embeddable":true,"href":"https:\/\/odavprint.ee\/et\/wp-json\/wp\/v2\/media\/3861"}],"wp:attachment":[{"href":"https:\/\/odavprint.ee\/et\/wp-json\/wp\/v2\/media?parent=12814"}],"wp:term":[{"taxonomy":"product_cat","embeddable":true,"href":"https:\/\/odavprint.ee\/et\/wp-json\/wp\/v2\/product_cat?post=12814"},{"taxonomy":"product_tag","embeddable":true,"href":"https:\/\/odavprint.ee\/et\/wp-json\/wp\/v2\/product_tag?post=12814"}],"curies":[{"name":"wp","href":"https:\/\/api.w.org\/{rel}","templated":true}]}}