{"id":137809,"date":"2021-09-30T15:55:50","date_gmt":"2021-09-30T12:55:50","guid":{"rendered":"https:\/\/odavprint.ee\/?post_type=product&#038;p=137809"},"modified":"2026-03-12T12:33:31","modified_gmt":"2026-03-12T10:33:31","slug":"analoog-tintide-komplekt-963xl-bk-c-m-y","status":"publish","type":"product","link":"https:\/\/odavprint.ee\/et\/product\/analoog-tintide-komplekt-963xl-bk-c-m-y\/","title":{"rendered":"Analoog tintide komplekt 963XL (BK\/C\/M\/Y)"},"content":{"rendered":"<p>HP:<\/p>\n<p>Officejet Pro 9010<\/p>\n<p>Officejet Pro 9010e<\/p>\n<p>OfficeJet Pro 9012<\/p>\n<p>Officejet Pro 9012e<\/p>\n<p>Officejet Pro 9014<\/p>\n<p>Officejet Pro 9015<\/p>\n<p>Officejet Pro 9016<\/p>\n<p>Officejet Pro 9019<\/p>\n<p>Officejet Pro 9020<\/p>\n<p>Officejet Pro 9022<\/p>\n<p>Officejet Pro 9022e<\/p>\n<p>Officejet Pro 9025<\/p>\n","protected":false},"excerpt":{"rendered":"<p>HP: Officejet Pro 9010 Officejet Pro 9010e OfficeJet Pro 9012 Officejet Pro 9012e Officejet Pro 9014 Officejet Pro 9015 Officejet Pro 9016 Officejet Pro 9019 Officejet Pro 9020 Officejet Pro 9022 Officejet Pro 9022e Officejet Pro 9025<\/p>\n","protected":false},"featured_media":137810,"template":"","meta":{"inline_featured_image":false},"product_cat":[10770],"product_tag":[],"yoast_head":"<!-- This site is optimized with the Yoast SEO Premium plugin v23.0 (Yoast SEO v23.0) - https:\/\/yoast.com\/wordpress\/plugins\/seo\/ -->\n<title>Analoog tintide komplekt 963XL (BK\/C\/M\/Y), hea hinnaga, osta e-pood - Odav Print<\/title>\n<meta name=\"description\" content=\"Osta Analoog tintide komplekt 963XL (BK\/C\/M\/Y) Odav Print \u260e +372 5911 9495 \u2714\ufe0f Parim hind Analoog tintide komplekt 963XL (BK\/C\/M\/Y) jaoks \u26df Kiire kohaletoimetamine Eestis \u2b50 Garanteeritud\" \/>\n<meta name=\"robots\" content=\"index, follow, max-snippet:-1, max-image-preview:large, max-video-preview:-1\" \/>\n<link rel=\"canonical\" href=\"https:\/\/odavprint.ee\/et\/product\/analoog-tintide-komplekt-963xl-bk-c-m-y\/\" \/>\n<meta property=\"og:locale\" content=\"et_EE\" \/>\n<meta property=\"og:type\" content=\"article\" \/>\n<meta property=\"og:title\" content=\"Analoog tintide komplekt 963XL (BK\/C\/M\/Y)\" \/>\n<meta property=\"og:description\" content=\"Osta Analoog tintide komplekt 963XL (BK\/C\/M\/Y) Odav Print \u260e +372 5911 9495 \u2714\ufe0f Parim hind Analoog tintide komplekt 963XL (BK\/C\/M\/Y) jaoks \u26df Kiire kohaletoimetamine Eestis \u2b50 Garanteeritud\" \/>\n<meta property=\"og:url\" content=\"https:\/\/odavprint.ee\/et\/product\/analoog-tintide-komplekt-963xl-bk-c-m-y\/\" \/>\n<meta property=\"og:site_name\" content=\"Odav Print\" \/>\n<meta property=\"article:modified_time\" content=\"2026-03-12T10:33:31+00:00\" \/>\n<meta property=\"og:image\" content=\"https:\/\/odavprint.ee\/wp-content\/uploads\/2021\/09\/963SET.jpg\" \/>\n\t<meta property=\"og:image:width\" content=\"1000\" \/>\n\t<meta property=\"og:image:height\" content=\"1200\" \/>\n\t<meta property=\"og:image:type\" content=\"image\/jpeg\" \/>\n<meta name=\"twitter:card\" content=\"summary_large_image\" \/>\n<meta name=\"twitter:label1\" content=\"Price\" \/>\n\t<meta name=\"twitter:data1\" content=\"&euro;66.00\" \/>\n\t<meta name=\"twitter:label2\" content=\"Availability\" \/>\n\t<meta name=\"twitter:data2\" content=\"In stock\" \/>\n<script type=\"application\/ld+json\" class=\"yoast-schema-graph\">{\"@context\":\"https:\/\/schema.org\",\"@graph\":[{\"@type\":[\"WebPage\",\"ItemPage\"],\"@id\":\"https:\/\/odavprint.ee\/et\/product\/analoog-tintide-komplekt-963xl-bk-c-m-y\/\",\"url\":\"https:\/\/odavprint.ee\/et\/product\/analoog-tintide-komplekt-963xl-bk-c-m-y\/\",\"name\":\"Analoog tintide komplekt 963XL (BK\/C\/M\/Y), hea hinnaga, osta e-pood - Odav Print\",\"isPartOf\":{\"@id\":\"https:\/\/odavprint.ee\/et\/#website\"},\"primaryImageOfPage\":{\"@id\":\"https:\/\/odavprint.ee\/et\/product\/analoog-tintide-komplekt-963xl-bk-c-m-y\/#primaryimage\"},\"image\":{\"@id\":\"https:\/\/odavprint.ee\/et\/product\/analoog-tintide-komplekt-963xl-bk-c-m-y\/#primaryimage\"},\"thumbnailUrl\":\"https:\/\/odavprint.ee\/wp-content\/uploads\/2021\/09\/963SET.jpg\",\"datePublished\":\"2021-09-30T12:55:50+00:00\",\"dateModified\":\"2026-03-12T10:33:31+00:00\",\"description\":\"Osta Analoog tintide komplekt 963XL (BK\/C\/M\/Y) Odav Print \u260e +372 5911 9495 \u2714\ufe0f Parim hind Analoog tintide komplekt 963XL (BK\/C\/M\/Y) jaoks \u26df Kiire kohaletoimetamine Eestis \u2b50 Garanteeritud\",\"breadcrumb\":{\"@id\":\"https:\/\/odavprint.ee\/et\/product\/analoog-tintide-komplekt-963xl-bk-c-m-y\/#breadcrumb\"},\"inLanguage\":\"et\",\"potentialAction\":[{\"@type\":\"ReadAction\",\"target\":[\"https:\/\/odavprint.ee\/et\/product\/analoog-tintide-komplekt-963xl-bk-c-m-y\/\"]}]},{\"@type\":\"ImageObject\",\"inLanguage\":\"et\",\"@id\":\"https:\/\/odavprint.ee\/et\/product\/analoog-tintide-komplekt-963xl-bk-c-m-y\/#primaryimage\",\"url\":\"https:\/\/odavprint.ee\/wp-content\/uploads\/2021\/09\/963SET.jpg\",\"contentUrl\":\"https:\/\/odavprint.ee\/wp-content\/uploads\/2021\/09\/963SET.jpg\",\"width\":1000,\"height\":1200},{\"@type\":\"BreadcrumbList\",\"@id\":\"https:\/\/odavprint.ee\/et\/product\/analoog-tintide-komplekt-963xl-bk-c-m-y\/#breadcrumb\",\"itemListElement\":[{\"@type\":\"ListItem\",\"position\":1,\"name\":\"Home\",\"item\":\"https:\/\/odavprint.ee\/et\/esileht\/\"},{\"@type\":\"ListItem\",\"position\":2,\"name\":\"E-pood\",\"item\":\"https:\/\/odavprint.ee\/et\/shop\/\"},{\"@type\":\"ListItem\",\"position\":3,\"name\":\"Analoog tintide komplekt 963XL (BK\/C\/M\/Y)\"}]},{\"@type\":\"WebSite\",\"@id\":\"https:\/\/odavprint.ee\/et\/#website\",\"url\":\"https:\/\/odavprint.ee\/et\/\",\"name\":\"Odav Print\",\"description\":\"Just another WordPress site\",\"publisher\":{\"@id\":\"https:\/\/odavprint.ee\/et\/#organization\"},\"alternateName\":\"Kassettide, toonerite t\u00e4itmine ja m\u00fc\u00fck.\",\"potentialAction\":[{\"@type\":\"SearchAction\",\"target\":{\"@type\":\"EntryPoint\",\"urlTemplate\":\"https:\/\/odavprint.ee\/et\/?s={search_term_string}\"},\"query-input\":\"required name=search_term_string\"}],\"inLanguage\":\"et\"},{\"@type\":[\"Organization\",\"Place\"],\"@id\":\"https:\/\/odavprint.ee\/et\/#organization\",\"name\":\"Odav Print O\u00dc\",\"url\":\"https:\/\/odavprint.ee\/et\/\",\"logo\":{\"@id\":\"https:\/\/odavprint.ee\/et\/product\/analoog-tintide-komplekt-963xl-bk-c-m-y\/#local-main-organization-logo\"},\"image\":{\"@id\":\"https:\/\/odavprint.ee\/et\/product\/analoog-tintide-komplekt-963xl-bk-c-m-y\/#local-main-organization-logo\"},\"address\":{\"@id\":\"https:\/\/odavprint.ee\/et\/product\/analoog-tintide-komplekt-963xl-bk-c-m-y\/#local-main-place-address\"},\"geo\":{\"@type\":\"GeoCoordinates\",\"latitude\":\"59.4306504\",\"longitude\":\"24.8095743\"},\"telephone\":[\"53836926\"],\"openingHoursSpecification\":[{\"@type\":\"OpeningHoursSpecification\",\"dayOfWeek\":[\"Monday\",\"Tuesday\",\"Wednesday\",\"Thursday\",\"Friday\",\"Saturday\",\"Sunday\"],\"opens\":\"09:00\",\"closes\":\"17:00\"}],\"email\":\"info@odavprint.eu\"},{\"@type\":\"PostalAddress\",\"@id\":\"https:\/\/odavprint.ee\/et\/product\/analoog-tintide-komplekt-963xl-bk-c-m-y\/#local-main-place-address\",\"streetAddress\":\"Pae tn 28\",\"addressLocality\":\"Tallinn\",\"postalCode\":\"11415\",\"addressRegion\":\"Harjumaa\",\"addressCountry\":\"EE\"},{\"@type\":\"ImageObject\",\"inLanguage\":\"et\",\"@id\":\"https:\/\/odavprint.ee\/et\/product\/analoog-tintide-komplekt-963xl-bk-c-m-y\/#local-main-organization-logo\",\"url\":\"https:\/\/odavprint.ee\/wp-content\/uploads\/2018\/10\/odavprint-logo-240.jpg\",\"contentUrl\":\"https:\/\/odavprint.ee\/wp-content\/uploads\/2018\/10\/odavprint-logo-240.jpg\",\"width\":240,\"height\":36,\"caption\":\"Odav Print O\u00dc\"}]}<\/script>\n<meta property=\"product:price:amount\" content=\"66.00\" \/>\n<meta property=\"product:price:currency\" content=\"EUR\" \/>\n<meta property=\"og:availability\" content=\"instock\" \/>\n<meta property=\"product:availability\" content=\"instock\" \/>\n<meta property=\"product:condition\" content=\"new\" \/>\n<meta name=\"geo.placename\" content=\"Tallinn\" \/>\n<meta name=\"geo.position\" content=\"59.4306504;24.8095743\" \/>\n<meta name=\"geo.region\" content=\"Estonia\" \/>\n<!-- \/ Yoast SEO Premium plugin. -->","yoast_head_json":{"title":"Analoog tintide komplekt 963XL (BK\/C\/M\/Y), hea hinnaga, osta e-pood - Odav Print","description":"Osta Analoog tintide komplekt 963XL (BK\/C\/M\/Y) Odav Print \u260e +372 5911 9495 \u2714\ufe0f Parim hind Analoog tintide komplekt 963XL (BK\/C\/M\/Y) jaoks \u26df Kiire kohaletoimetamine Eestis \u2b50 Garanteeritud","robots":{"index":"index","follow":"follow","max-snippet":"max-snippet:-1","max-image-preview":"max-image-preview:large","max-video-preview":"max-video-preview:-1"},"canonical":"https:\/\/odavprint.ee\/et\/product\/analoog-tintide-komplekt-963xl-bk-c-m-y\/","og_locale":"et_EE","og_type":"article","og_title":"Analoog tintide komplekt 963XL (BK\/C\/M\/Y)","og_description":"Osta Analoog tintide komplekt 963XL (BK\/C\/M\/Y) Odav Print \u260e +372 5911 9495 \u2714\ufe0f Parim hind Analoog tintide komplekt 963XL (BK\/C\/M\/Y) jaoks \u26df Kiire kohaletoimetamine Eestis \u2b50 Garanteeritud","og_url":"https:\/\/odavprint.ee\/et\/product\/analoog-tintide-komplekt-963xl-bk-c-m-y\/","og_site_name":"Odav Print","article_modified_time":"2026-03-12T10:33:31+00:00","og_image":[{"width":1000,"height":1200,"url":"https:\/\/odavprint.ee\/wp-content\/uploads\/2021\/09\/963SET.jpg","type":"image\/jpeg"}],"twitter_card":"summary_large_image","twitter_misc":{"Price":"&euro;66.00","Availability":"In stock"},"schema":{"@context":"https:\/\/schema.org","@graph":[{"@type":["WebPage","ItemPage"],"@id":"https:\/\/odavprint.ee\/et\/product\/analoog-tintide-komplekt-963xl-bk-c-m-y\/","url":"https:\/\/odavprint.ee\/et\/product\/analoog-tintide-komplekt-963xl-bk-c-m-y\/","name":"Analoog tintide komplekt 963XL (BK\/C\/M\/Y), hea hinnaga, osta e-pood - Odav Print","isPartOf":{"@id":"https:\/\/odavprint.ee\/et\/#website"},"primaryImageOfPage":{"@id":"https:\/\/odavprint.ee\/et\/product\/analoog-tintide-komplekt-963xl-bk-c-m-y\/#primaryimage"},"image":{"@id":"https:\/\/odavprint.ee\/et\/product\/analoog-tintide-komplekt-963xl-bk-c-m-y\/#primaryimage"},"thumbnailUrl":"https:\/\/odavprint.ee\/wp-content\/uploads\/2021\/09\/963SET.jpg","datePublished":"2021-09-30T12:55:50+00:00","dateModified":"2026-03-12T10:33:31+00:00","description":"Osta Analoog tintide komplekt 963XL (BK\/C\/M\/Y) Odav Print \u260e +372 5911 9495 \u2714\ufe0f Parim hind Analoog tintide komplekt 963XL (BK\/C\/M\/Y) jaoks \u26df Kiire kohaletoimetamine Eestis \u2b50 Garanteeritud","breadcrumb":{"@id":"https:\/\/odavprint.ee\/et\/product\/analoog-tintide-komplekt-963xl-bk-c-m-y\/#breadcrumb"},"inLanguage":"et","potentialAction":[{"@type":"ReadAction","target":["https:\/\/odavprint.ee\/et\/product\/analoog-tintide-komplekt-963xl-bk-c-m-y\/"]}]},{"@type":"ImageObject","inLanguage":"et","@id":"https:\/\/odavprint.ee\/et\/product\/analoog-tintide-komplekt-963xl-bk-c-m-y\/#primaryimage","url":"https:\/\/odavprint.ee\/wp-content\/uploads\/2021\/09\/963SET.jpg","contentUrl":"https:\/\/odavprint.ee\/wp-content\/uploads\/2021\/09\/963SET.jpg","width":1000,"height":1200},{"@type":"BreadcrumbList","@id":"https:\/\/odavprint.ee\/et\/product\/analoog-tintide-komplekt-963xl-bk-c-m-y\/#breadcrumb","itemListElement":[{"@type":"ListItem","position":1,"name":"Home","item":"https:\/\/odavprint.ee\/et\/esileht\/"},{"@type":"ListItem","position":2,"name":"E-pood","item":"https:\/\/odavprint.ee\/et\/shop\/"},{"@type":"ListItem","position":3,"name":"Analoog tintide komplekt 963XL (BK\/C\/M\/Y)"}]},{"@type":"WebSite","@id":"https:\/\/odavprint.ee\/et\/#website","url":"https:\/\/odavprint.ee\/et\/","name":"Odav Print","description":"Just another WordPress site","publisher":{"@id":"https:\/\/odavprint.ee\/et\/#organization"},"alternateName":"Kassettide, toonerite t\u00e4itmine ja m\u00fc\u00fck.","potentialAction":[{"@type":"SearchAction","target":{"@type":"EntryPoint","urlTemplate":"https:\/\/odavprint.ee\/et\/?s={search_term_string}"},"query-input":"required name=search_term_string"}],"inLanguage":"et"},{"@type":["Organization","Place"],"@id":"https:\/\/odavprint.ee\/et\/#organization","name":"Odav Print O\u00dc","url":"https:\/\/odavprint.ee\/et\/","logo":{"@id":"https:\/\/odavprint.ee\/et\/product\/analoog-tintide-komplekt-963xl-bk-c-m-y\/#local-main-organization-logo"},"image":{"@id":"https:\/\/odavprint.ee\/et\/product\/analoog-tintide-komplekt-963xl-bk-c-m-y\/#local-main-organization-logo"},"address":{"@id":"https:\/\/odavprint.ee\/et\/product\/analoog-tintide-komplekt-963xl-bk-c-m-y\/#local-main-place-address"},"geo":{"@type":"GeoCoordinates","latitude":"59.4306504","longitude":"24.8095743"},"telephone":["53836926"],"openingHoursSpecification":[{"@type":"OpeningHoursSpecification","dayOfWeek":["Monday","Tuesday","Wednesday","Thursday","Friday","Saturday","Sunday"],"opens":"09:00","closes":"17:00"}],"email":"info@odavprint.eu"},{"@type":"PostalAddress","@id":"https:\/\/odavprint.ee\/et\/product\/analoog-tintide-komplekt-963xl-bk-c-m-y\/#local-main-place-address","streetAddress":"Pae tn 28","addressLocality":"Tallinn","postalCode":"11415","addressRegion":"Harjumaa","addressCountry":"EE"},{"@type":"ImageObject","inLanguage":"et","@id":"https:\/\/odavprint.ee\/et\/product\/analoog-tintide-komplekt-963xl-bk-c-m-y\/#local-main-organization-logo","url":"https:\/\/odavprint.ee\/wp-content\/uploads\/2018\/10\/odavprint-logo-240.jpg","contentUrl":"https:\/\/odavprint.ee\/wp-content\/uploads\/2018\/10\/odavprint-logo-240.jpg","width":240,"height":36,"caption":"Odav Print O\u00dc"}]},"product_price_amount":"66.00","product_price_currency":"EUR","og_availability":"instock","product_availability":"instock","product_condition":"new","geo.placename":"Tallinn","geo.position":{"lat":"59.4306504","long":"24.8095743"},"geo.region":"Estonia"},"_links":{"self":[{"href":"https:\/\/odavprint.ee\/et\/wp-json\/wp\/v2\/product\/137809"}],"collection":[{"href":"https:\/\/odavprint.ee\/et\/wp-json\/wp\/v2\/product"}],"about":[{"href":"https:\/\/odavprint.ee\/et\/wp-json\/wp\/v2\/types\/product"}],"wp:featuredmedia":[{"embeddable":true,"href":"https:\/\/odavprint.ee\/et\/wp-json\/wp\/v2\/media\/137810"}],"wp:attachment":[{"href":"https:\/\/odavprint.ee\/et\/wp-json\/wp\/v2\/media?parent=137809"}],"wp:term":[{"taxonomy":"product_cat","embeddable":true,"href":"https:\/\/odavprint.ee\/et\/wp-json\/wp\/v2\/product_cat?post=137809"},{"taxonomy":"product_tag","embeddable":true,"href":"https:\/\/odavprint.ee\/et\/wp-json\/wp\/v2\/product_tag?post=137809"}],"curies":[{"name":"wp","href":"https:\/\/api.w.org\/{rel}","templated":true}]}}