{"id":140166,"date":"2021-10-19T17:20:45","date_gmt":"2021-10-19T14:20:45","guid":{"rendered":"https:\/\/odavprint.ee\/?post_type=product&#038;p=140166"},"modified":"2021-10-19T17:20:45","modified_gmt":"2021-10-19T14:20:45","slug":"analoog-toonerite-canon-c-exv34-exv34-bk-c-m-y","status":"publish","type":"product","link":"https:\/\/odavprint.ee\/et\/product\/analoog-toonerite-canon-c-exv34-exv34-bk-c-m-y\/","title":{"rendered":"Analoog toonerite Canon C-EXV34 \/ EXV34 (BK\/C\/M\/Y)"},"content":{"rendered":"<p>imageRUNNER Advance IRC2000 Series,\u00a0imageRUNNER Advance IRC2020i,\u00a0imageRUNNER Advance IRC2020L,\u00a0imageRUNNER Advance IRC2025i,\u00a0imageRUNNER Advance IRC2030 Series,\u00a0imageRUNNER Advance IRC2030i,\u00a0imageRUNNER Advance IRC2030L,\u00a0imageRUNNER Advance IRC2030Li,\u00a0imageRUNNER Advance IRC2200 Series,\u00a0imageRUNNER Advance IRC2220i,\u00a0imageRUNNER Advance IRC2220L,\u00a0imageRUNNER Advance iRC2225,\u00a0imageRUNNER Advance IRC2225i,\u00a0imageRUNNER Advance iRC2230,\u00a0imageRUNNER Advance IRC2230i,\u00a0imageRUNNER iRC2020,\u00a0imageRUNNER iRC2020 Series,\u00a0imageRUNNER iRC2020i,\u00a0imageRUNNER iRC2020L,\u00a0imageRUNNER iRC2025i,\u00a0imageRUNNER iRC2030i,\u00a0imageRUNNER iRC2030L,\u00a0imageRUNNER iRC2200 Series,\u00a0imageRUNNER iRC2220L,\u00a0imageRUNNER iRC2225,\u00a0imageRUNNER iRC2225i,\u00a0imageRUNNER iRC2230,\u00a0imageRUNNER iRC2230i<\/p>\n","protected":false},"excerpt":{"rendered":"<p>imageRUNNER Advance IRC2000 Series,\u00a0imageRUNNER Advance IRC2020i,\u00a0imageRUNNER Advance IRC2020L,\u00a0imageRUNNER Advance IRC2025i,\u00a0imageRUNNER Advance IRC2030 Series,\u00a0imageRUNNER Advance IRC2030i,\u00a0imageRUNNER Advance IRC2030L,\u00a0imageRUNNER Advance IRC2030Li,\u00a0imageRUNNER Advance IRC2200 Series,\u00a0imageRUNNER Advance IRC2220i,\u00a0imageRUNNER Advance IRC2220L,\u00a0imageRUNNER Advance iRC2225,\u00a0imageRUNNER Advance IRC2225i,\u00a0imageRUNNER Advance iRC2230,\u00a0imageRUNNER Advance IRC2230i,\u00a0imageRUNNER iRC2020,\u00a0imageRUNNER iRC2020 Series,\u00a0imageRUNNER iRC2020i,\u00a0imageRUNNER iRC2020L,\u00a0imageRUNNER iRC2025i,\u00a0imageRUNNER iRC2030i,\u00a0imageRUNNER iRC2030L,\u00a0imageRUNNER iRC2200 Series,\u00a0imageRUNNER iRC2220L,\u00a0imageRUNNER iRC2225,\u00a0imageRUNNER iRC2225i,\u00a0imageRUNNER iRC2230,\u00a0imageRUNNER iRC2230i<\/p>\n","protected":false},"featured_media":140167,"template":"","meta":{"inline_featured_image":false},"product_cat":[12832],"product_tag":[],"yoast_head":"<!-- This site is optimized with the Yoast SEO Premium plugin v23.0 (Yoast SEO v23.0) - https:\/\/yoast.com\/wordpress\/plugins\/seo\/ -->\n<title>Analoog toonerite Canon C-EXV34 \/ EXV34 (BK\/C\/M\/Y), hea hinnaga, osta e-pood - Odav Print<\/title>\n<meta name=\"description\" content=\"Osta Analoog toonerite Canon C-EXV34 \/ EXV34 (BK\/C\/M\/Y) Odav Print \u260e +372 5911 9495 \u2714\ufe0f Parim hind Analoog toonerite Canon C-EXV34 \/ EXV34 (BK\/C\/M\/Y) jaoks \u26df Kiire kohaletoimetamine Eestis \u2b50 Garanteeritud\" \/>\n<meta name=\"robots\" content=\"index, follow, max-snippet:-1, max-image-preview:large, max-video-preview:-1\" \/>\n<link rel=\"canonical\" href=\"https:\/\/odavprint.ee\/et\/product\/analoog-toonerite-canon-c-exv34-exv34-bk-c-m-y\/\" \/>\n<meta property=\"og:locale\" content=\"et_EE\" \/>\n<meta property=\"og:type\" content=\"article\" \/>\n<meta property=\"og:title\" content=\"Analoog toonerite Canon C-EXV34 \/ EXV34 (BK\/C\/M\/Y)\" \/>\n<meta property=\"og:description\" content=\"Osta Analoog toonerite Canon C-EXV34 \/ EXV34 (BK\/C\/M\/Y) Odav Print \u260e +372 5911 9495 \u2714\ufe0f Parim hind Analoog toonerite Canon C-EXV34 \/ EXV34 (BK\/C\/M\/Y) jaoks \u26df Kiire kohaletoimetamine Eestis \u2b50 Garanteeritud\" \/>\n<meta property=\"og:url\" content=\"https:\/\/odavprint.ee\/et\/product\/analoog-toonerite-canon-c-exv34-exv34-bk-c-m-y\/\" \/>\n<meta property=\"og:site_name\" content=\"Odav Print\" \/>\n<meta property=\"og:image\" content=\"https:\/\/odavprint.ee\/wp-content\/uploads\/2021\/10\/EXV34SET.jpg\" \/>\n\t<meta property=\"og:image:width\" content=\"512\" \/>\n\t<meta property=\"og:image:height\" content=\"615\" \/>\n\t<meta property=\"og:image:type\" content=\"image\/jpeg\" \/>\n<meta name=\"twitter:card\" content=\"summary_large_image\" \/>\n<meta name=\"twitter:label1\" content=\"Price\" \/>\n\t<meta name=\"twitter:data1\" content=\"&euro;165.00\" \/>\n\t<meta name=\"twitter:label2\" content=\"Availability\" \/>\n\t<meta name=\"twitter:data2\" content=\"In stock\" \/>\n<script type=\"application\/ld+json\" class=\"yoast-schema-graph\">{\"@context\":\"https:\/\/schema.org\",\"@graph\":[{\"@type\":[\"WebPage\",\"ItemPage\"],\"@id\":\"https:\/\/odavprint.ee\/et\/product\/analoog-toonerite-canon-c-exv34-exv34-bk-c-m-y\/\",\"url\":\"https:\/\/odavprint.ee\/et\/product\/analoog-toonerite-canon-c-exv34-exv34-bk-c-m-y\/\",\"name\":\"Analoog toonerite Canon C-EXV34 \/ EXV34 (BK\/C\/M\/Y), hea hinnaga, osta e-pood - Odav Print\",\"isPartOf\":{\"@id\":\"https:\/\/odavprint.ee\/et\/#website\"},\"primaryImageOfPage\":{\"@id\":\"https:\/\/odavprint.ee\/et\/product\/analoog-toonerite-canon-c-exv34-exv34-bk-c-m-y\/#primaryimage\"},\"image\":{\"@id\":\"https:\/\/odavprint.ee\/et\/product\/analoog-toonerite-canon-c-exv34-exv34-bk-c-m-y\/#primaryimage\"},\"thumbnailUrl\":\"https:\/\/odavprint.ee\/wp-content\/uploads\/2021\/10\/EXV34SET.jpg\",\"datePublished\":\"2021-10-19T14:20:45+00:00\",\"dateModified\":\"2021-10-19T14:20:45+00:00\",\"description\":\"Osta Analoog toonerite Canon C-EXV34 \/ EXV34 (BK\/C\/M\/Y) Odav Print \u260e +372 5911 9495 \u2714\ufe0f Parim hind Analoog toonerite Canon C-EXV34 \/ EXV34 (BK\/C\/M\/Y) jaoks \u26df Kiire kohaletoimetamine Eestis \u2b50 Garanteeritud\",\"breadcrumb\":{\"@id\":\"https:\/\/odavprint.ee\/et\/product\/analoog-toonerite-canon-c-exv34-exv34-bk-c-m-y\/#breadcrumb\"},\"inLanguage\":\"et\",\"potentialAction\":[{\"@type\":\"ReadAction\",\"target\":[\"https:\/\/odavprint.ee\/et\/product\/analoog-toonerite-canon-c-exv34-exv34-bk-c-m-y\/\"]}]},{\"@type\":\"ImageObject\",\"inLanguage\":\"et\",\"@id\":\"https:\/\/odavprint.ee\/et\/product\/analoog-toonerite-canon-c-exv34-exv34-bk-c-m-y\/#primaryimage\",\"url\":\"https:\/\/odavprint.ee\/wp-content\/uploads\/2021\/10\/EXV34SET.jpg\",\"contentUrl\":\"https:\/\/odavprint.ee\/wp-content\/uploads\/2021\/10\/EXV34SET.jpg\",\"width\":512,\"height\":615},{\"@type\":\"BreadcrumbList\",\"@id\":\"https:\/\/odavprint.ee\/et\/product\/analoog-toonerite-canon-c-exv34-exv34-bk-c-m-y\/#breadcrumb\",\"itemListElement\":[{\"@type\":\"ListItem\",\"position\":1,\"name\":\"Home\",\"item\":\"https:\/\/odavprint.ee\/et\/esileht\/\"},{\"@type\":\"ListItem\",\"position\":2,\"name\":\"E-pood\",\"item\":\"https:\/\/odavprint.ee\/et\/shop\/\"},{\"@type\":\"ListItem\",\"position\":3,\"name\":\"Analoog toonerite Canon C-EXV34 \/ EXV34 (BK\/C\/M\/Y)\"}]},{\"@type\":\"WebSite\",\"@id\":\"https:\/\/odavprint.ee\/et\/#website\",\"url\":\"https:\/\/odavprint.ee\/et\/\",\"name\":\"Odav Print\",\"description\":\"Just another WordPress site\",\"publisher\":{\"@id\":\"https:\/\/odavprint.ee\/et\/#organization\"},\"alternateName\":\"Kassettide, toonerite t\u00e4itmine ja m\u00fc\u00fck.\",\"potentialAction\":[{\"@type\":\"SearchAction\",\"target\":{\"@type\":\"EntryPoint\",\"urlTemplate\":\"https:\/\/odavprint.ee\/et\/?s={search_term_string}\"},\"query-input\":\"required name=search_term_string\"}],\"inLanguage\":\"et\"},{\"@type\":[\"Organization\",\"Place\"],\"@id\":\"https:\/\/odavprint.ee\/et\/#organization\",\"name\":\"Odav Print O\u00dc\",\"url\":\"https:\/\/odavprint.ee\/et\/\",\"logo\":{\"@id\":\"https:\/\/odavprint.ee\/et\/product\/analoog-toonerite-canon-c-exv34-exv34-bk-c-m-y\/#local-main-organization-logo\"},\"image\":{\"@id\":\"https:\/\/odavprint.ee\/et\/product\/analoog-toonerite-canon-c-exv34-exv34-bk-c-m-y\/#local-main-organization-logo\"},\"address\":{\"@id\":\"https:\/\/odavprint.ee\/et\/product\/analoog-toonerite-canon-c-exv34-exv34-bk-c-m-y\/#local-main-place-address\"},\"geo\":{\"@type\":\"GeoCoordinates\",\"latitude\":\"59.4306504\",\"longitude\":\"24.8095743\"},\"telephone\":[\"53836926\"],\"openingHoursSpecification\":[{\"@type\":\"OpeningHoursSpecification\",\"dayOfWeek\":[\"Monday\",\"Tuesday\",\"Wednesday\",\"Thursday\",\"Friday\",\"Saturday\",\"Sunday\"],\"opens\":\"09:00\",\"closes\":\"17:00\"}],\"email\":\"info@odavprint.eu\"},{\"@type\":\"PostalAddress\",\"@id\":\"https:\/\/odavprint.ee\/et\/product\/analoog-toonerite-canon-c-exv34-exv34-bk-c-m-y\/#local-main-place-address\",\"streetAddress\":\"Pae tn 28\",\"addressLocality\":\"Tallinn\",\"postalCode\":\"11415\",\"addressRegion\":\"Harjumaa\",\"addressCountry\":\"EE\"},{\"@type\":\"ImageObject\",\"inLanguage\":\"et\",\"@id\":\"https:\/\/odavprint.ee\/et\/product\/analoog-toonerite-canon-c-exv34-exv34-bk-c-m-y\/#local-main-organization-logo\",\"url\":\"https:\/\/odavprint.ee\/wp-content\/uploads\/2018\/10\/odavprint-logo-240.jpg\",\"contentUrl\":\"https:\/\/odavprint.ee\/wp-content\/uploads\/2018\/10\/odavprint-logo-240.jpg\",\"width\":240,\"height\":36,\"caption\":\"Odav Print O\u00dc\"}]}<\/script>\n<meta property=\"product:price:amount\" content=\"165.00\" \/>\n<meta property=\"product:price:currency\" content=\"EUR\" \/>\n<meta property=\"og:availability\" content=\"instock\" \/>\n<meta property=\"product:availability\" content=\"instock\" \/>\n<meta property=\"product:condition\" content=\"new\" \/>\n<meta name=\"geo.placename\" content=\"Tallinn\" \/>\n<meta name=\"geo.position\" content=\"59.4306504;24.8095743\" \/>\n<meta name=\"geo.region\" content=\"Estonia\" \/>\n<!-- \/ Yoast SEO Premium plugin. -->","yoast_head_json":{"title":"Analoog toonerite Canon C-EXV34 \/ EXV34 (BK\/C\/M\/Y), hea hinnaga, osta e-pood - Odav Print","description":"Osta Analoog toonerite Canon C-EXV34 \/ EXV34 (BK\/C\/M\/Y) Odav Print \u260e +372 5911 9495 \u2714\ufe0f Parim hind Analoog toonerite Canon C-EXV34 \/ EXV34 (BK\/C\/M\/Y) jaoks \u26df Kiire kohaletoimetamine Eestis \u2b50 Garanteeritud","robots":{"index":"index","follow":"follow","max-snippet":"max-snippet:-1","max-image-preview":"max-image-preview:large","max-video-preview":"max-video-preview:-1"},"canonical":"https:\/\/odavprint.ee\/et\/product\/analoog-toonerite-canon-c-exv34-exv34-bk-c-m-y\/","og_locale":"et_EE","og_type":"article","og_title":"Analoog toonerite Canon C-EXV34 \/ EXV34 (BK\/C\/M\/Y)","og_description":"Osta Analoog toonerite Canon C-EXV34 \/ EXV34 (BK\/C\/M\/Y) Odav Print \u260e +372 5911 9495 \u2714\ufe0f Parim hind Analoog toonerite Canon C-EXV34 \/ EXV34 (BK\/C\/M\/Y) jaoks \u26df Kiire kohaletoimetamine Eestis \u2b50 Garanteeritud","og_url":"https:\/\/odavprint.ee\/et\/product\/analoog-toonerite-canon-c-exv34-exv34-bk-c-m-y\/","og_site_name":"Odav Print","og_image":[{"width":512,"height":615,"url":"https:\/\/odavprint.ee\/wp-content\/uploads\/2021\/10\/EXV34SET.jpg","type":"image\/jpeg"}],"twitter_card":"summary_large_image","twitter_misc":{"Price":"&euro;165.00","Availability":"In stock"},"schema":{"@context":"https:\/\/schema.org","@graph":[{"@type":["WebPage","ItemPage"],"@id":"https:\/\/odavprint.ee\/et\/product\/analoog-toonerite-canon-c-exv34-exv34-bk-c-m-y\/","url":"https:\/\/odavprint.ee\/et\/product\/analoog-toonerite-canon-c-exv34-exv34-bk-c-m-y\/","name":"Analoog toonerite Canon C-EXV34 \/ EXV34 (BK\/C\/M\/Y), hea hinnaga, osta e-pood - Odav Print","isPartOf":{"@id":"https:\/\/odavprint.ee\/et\/#website"},"primaryImageOfPage":{"@id":"https:\/\/odavprint.ee\/et\/product\/analoog-toonerite-canon-c-exv34-exv34-bk-c-m-y\/#primaryimage"},"image":{"@id":"https:\/\/odavprint.ee\/et\/product\/analoog-toonerite-canon-c-exv34-exv34-bk-c-m-y\/#primaryimage"},"thumbnailUrl":"https:\/\/odavprint.ee\/wp-content\/uploads\/2021\/10\/EXV34SET.jpg","datePublished":"2021-10-19T14:20:45+00:00","dateModified":"2021-10-19T14:20:45+00:00","description":"Osta Analoog toonerite Canon C-EXV34 \/ EXV34 (BK\/C\/M\/Y) Odav Print \u260e +372 5911 9495 \u2714\ufe0f Parim hind Analoog toonerite Canon C-EXV34 \/ EXV34 (BK\/C\/M\/Y) jaoks \u26df Kiire kohaletoimetamine Eestis \u2b50 Garanteeritud","breadcrumb":{"@id":"https:\/\/odavprint.ee\/et\/product\/analoog-toonerite-canon-c-exv34-exv34-bk-c-m-y\/#breadcrumb"},"inLanguage":"et","potentialAction":[{"@type":"ReadAction","target":["https:\/\/odavprint.ee\/et\/product\/analoog-toonerite-canon-c-exv34-exv34-bk-c-m-y\/"]}]},{"@type":"ImageObject","inLanguage":"et","@id":"https:\/\/odavprint.ee\/et\/product\/analoog-toonerite-canon-c-exv34-exv34-bk-c-m-y\/#primaryimage","url":"https:\/\/odavprint.ee\/wp-content\/uploads\/2021\/10\/EXV34SET.jpg","contentUrl":"https:\/\/odavprint.ee\/wp-content\/uploads\/2021\/10\/EXV34SET.jpg","width":512,"height":615},{"@type":"BreadcrumbList","@id":"https:\/\/odavprint.ee\/et\/product\/analoog-toonerite-canon-c-exv34-exv34-bk-c-m-y\/#breadcrumb","itemListElement":[{"@type":"ListItem","position":1,"name":"Home","item":"https:\/\/odavprint.ee\/et\/esileht\/"},{"@type":"ListItem","position":2,"name":"E-pood","item":"https:\/\/odavprint.ee\/et\/shop\/"},{"@type":"ListItem","position":3,"name":"Analoog toonerite Canon C-EXV34 \/ EXV34 (BK\/C\/M\/Y)"}]},{"@type":"WebSite","@id":"https:\/\/odavprint.ee\/et\/#website","url":"https:\/\/odavprint.ee\/et\/","name":"Odav Print","description":"Just another WordPress site","publisher":{"@id":"https:\/\/odavprint.ee\/et\/#organization"},"alternateName":"Kassettide, toonerite t\u00e4itmine ja m\u00fc\u00fck.","potentialAction":[{"@type":"SearchAction","target":{"@type":"EntryPoint","urlTemplate":"https:\/\/odavprint.ee\/et\/?s={search_term_string}"},"query-input":"required name=search_term_string"}],"inLanguage":"et"},{"@type":["Organization","Place"],"@id":"https:\/\/odavprint.ee\/et\/#organization","name":"Odav Print O\u00dc","url":"https:\/\/odavprint.ee\/et\/","logo":{"@id":"https:\/\/odavprint.ee\/et\/product\/analoog-toonerite-canon-c-exv34-exv34-bk-c-m-y\/#local-main-organization-logo"},"image":{"@id":"https:\/\/odavprint.ee\/et\/product\/analoog-toonerite-canon-c-exv34-exv34-bk-c-m-y\/#local-main-organization-logo"},"address":{"@id":"https:\/\/odavprint.ee\/et\/product\/analoog-toonerite-canon-c-exv34-exv34-bk-c-m-y\/#local-main-place-address"},"geo":{"@type":"GeoCoordinates","latitude":"59.4306504","longitude":"24.8095743"},"telephone":["53836926"],"openingHoursSpecification":[{"@type":"OpeningHoursSpecification","dayOfWeek":["Monday","Tuesday","Wednesday","Thursday","Friday","Saturday","Sunday"],"opens":"09:00","closes":"17:00"}],"email":"info@odavprint.eu"},{"@type":"PostalAddress","@id":"https:\/\/odavprint.ee\/et\/product\/analoog-toonerite-canon-c-exv34-exv34-bk-c-m-y\/#local-main-place-address","streetAddress":"Pae tn 28","addressLocality":"Tallinn","postalCode":"11415","addressRegion":"Harjumaa","addressCountry":"EE"},{"@type":"ImageObject","inLanguage":"et","@id":"https:\/\/odavprint.ee\/et\/product\/analoog-toonerite-canon-c-exv34-exv34-bk-c-m-y\/#local-main-organization-logo","url":"https:\/\/odavprint.ee\/wp-content\/uploads\/2018\/10\/odavprint-logo-240.jpg","contentUrl":"https:\/\/odavprint.ee\/wp-content\/uploads\/2018\/10\/odavprint-logo-240.jpg","width":240,"height":36,"caption":"Odav Print O\u00dc"}]},"product_price_amount":"165.00","product_price_currency":"EUR","og_availability":"instock","product_availability":"instock","product_condition":"new","geo.placename":"Tallinn","geo.position":{"lat":"59.4306504","long":"24.8095743"},"geo.region":"Estonia"},"_links":{"self":[{"href":"https:\/\/odavprint.ee\/et\/wp-json\/wp\/v2\/product\/140166"}],"collection":[{"href":"https:\/\/odavprint.ee\/et\/wp-json\/wp\/v2\/product"}],"about":[{"href":"https:\/\/odavprint.ee\/et\/wp-json\/wp\/v2\/types\/product"}],"wp:featuredmedia":[{"embeddable":true,"href":"https:\/\/odavprint.ee\/et\/wp-json\/wp\/v2\/media\/140167"}],"wp:attachment":[{"href":"https:\/\/odavprint.ee\/et\/wp-json\/wp\/v2\/media?parent=140166"}],"wp:term":[{"taxonomy":"product_cat","embeddable":true,"href":"https:\/\/odavprint.ee\/et\/wp-json\/wp\/v2\/product_cat?post=140166"},{"taxonomy":"product_tag","embeddable":true,"href":"https:\/\/odavprint.ee\/et\/wp-json\/wp\/v2\/product_tag?post=140166"}],"curies":[{"name":"wp","href":"https:\/\/api.w.org\/{rel}","templated":true}]}}