{"id":151218,"date":"2021-12-30T16:06:02","date_gmt":"2021-12-30T14:06:02","guid":{"rendered":"https:\/\/odavprint.ee\/product\/canon-ink-pgi-550pgbkxl-black-twinpack-6431b005\/"},"modified":"2021-12-30T16:06:02","modified_gmt":"2021-12-30T14:06:02","slug":"canon-ink-pgi-550pgbkxl-black-twinpack-6431b005","status":"publish","type":"product","link":"https:\/\/odavprint.ee\/et\/product\/canon-ink-pgi-550pgbkxl-black-twinpack-6431b005\/","title":{"rendered":"Canon Ink PGI-550PGBKXL Black Twinpack (6431B005)"},"content":{"rendered":"<p><strong>Suitable for use in:<\/strong><\/p>\n<p>Canon PIXMA iP7200 Series<br \/>\nCanon PIXMA iP7240<br \/>\nCanon PIXMA iP7250<br \/>\nCanon PIXMA iP8700 Series<br \/>\nCanon PIXMA iP8720<br \/>\nCanon PIXMA iP8750<br \/>\nCanon PIXMA iX6800 Series<br \/>\nCanon PIXMA iX6820<br \/>\nCanon PIXMA iX6850<br \/>\nCanon PIXMA MG5400 Series<br \/>\nCanon PIXMA MG5450<br \/>\nCanon PIXMA MG5500 Series<br \/>\nCanon PIXMA MG5550<br \/>\nCanon PIXMA MG5600 Series<br \/>\nCanon PIXMA MG5650<br \/>\nCanon PIXMA MG5650White<br \/>\nCanon PIXMA MG5655<br \/>\nCanon PIXMA MG6300 Series<br \/>\nCanon PIXMA MG6350<br \/>\nCanon PIXMA MG6400 Series<br \/>\nCanon PIXMA MG6420<br \/>\nCanon PIXMA MG6450<br \/>\nCanon PIXMA MG6600 Series<br \/>\nCanon PIXMA MG6650<br \/>\nCanon PIXMA MG7100 Series<br \/>\nCanon PIXMA MG7120<br \/>\nCanon PIXMA MG7150<br \/>\nCanon PIXMA MG7500 Series<br \/>\nCanon PIXMA MG7550<br \/>\nCanon PIXMA MX720 Series<br \/>\nCanon PIXMA MX725<br \/>\nCanon PIXMA MX920 Series<br \/>\nCanon PIXMA MX922<br \/>\nCanon PIXMA MX925<\/p>\n","protected":false},"excerpt":{"rendered":"<p>Suitable for use in: Canon PIXMA iP7200 Series Canon PIXMA iP7240 Canon PIXMA iP7250 Canon PIXMA iP8700 Series Canon PIXMA iP8720 Canon PIXMA iP8750 Canon PIXMA iX6800 Series Canon PIXMA iX6820 Canon PIXMA iX6850 Canon PIXMA MG5400 Series Canon PIXMA MG5450 Canon PIXMA MG5500 Series Canon PIXMA MG5550 Canon PIXMA MG5600 Series Canon PIXMA MG5650 [&#8230;]\n","protected":false},"featured_media":151219,"template":"","meta":{"inline_featured_image":false},"product_cat":[10770],"product_tag":[],"yoast_head":"<!-- This site is optimized with the Yoast SEO Premium plugin v23.0 (Yoast SEO v23.0) - https:\/\/yoast.com\/wordpress\/plugins\/seo\/ -->\n<title>Canon Ink PGI-550PGBKXL Black Twinpack (6431B005), hea hinnaga, osta e-pood - Odav Print<\/title>\n<meta name=\"description\" content=\"Osta Canon Ink PGI-550PGBKXL Black Twinpack (6431B005) Odav Print \u260e +372 5911 9495 \u2714\ufe0f Parim hind Canon Ink PGI-550PGBKXL Black Twinpack (6431B005) jaoks \u26df Kiire kohaletoimetamine Eestis \u2b50 Garanteeritud\" \/>\n<meta name=\"robots\" content=\"index, follow, max-snippet:-1, max-image-preview:large, max-video-preview:-1\" \/>\n<link rel=\"canonical\" href=\"https:\/\/odavprint.ee\/et\/product\/canon-ink-pgi-550pgbkxl-black-twinpack-6431b005\/\" \/>\n<meta property=\"og:locale\" content=\"et_EE\" \/>\n<meta property=\"og:type\" content=\"article\" \/>\n<meta property=\"og:title\" content=\"Canon Ink PGI-550PGBKXL Black Twinpack (6431B005)\" \/>\n<meta property=\"og:description\" content=\"Osta Canon Ink PGI-550PGBKXL Black Twinpack (6431B005) Odav Print \u260e +372 5911 9495 \u2714\ufe0f Parim hind Canon Ink PGI-550PGBKXL Black Twinpack (6431B005) jaoks \u26df Kiire kohaletoimetamine Eestis \u2b50 Garanteeritud\" \/>\n<meta property=\"og:url\" content=\"https:\/\/odavprint.ee\/et\/product\/canon-ink-pgi-550pgbkxl-black-twinpack-6431b005\/\" \/>\n<meta property=\"og:site_name\" content=\"Odav Print\" \/>\n<meta property=\"og:image\" content=\"https:\/\/odavprint.ee\/wp-content\/uploads\/2021\/12\/151218_ownd_2689581.jpg\" \/>\n\t<meta property=\"og:image:width\" content=\"500\" \/>\n\t<meta property=\"og:image:height\" content=\"500\" \/>\n\t<meta property=\"og:image:type\" content=\"image\/jpeg\" \/>\n<meta name=\"twitter:card\" content=\"summary_large_image\" \/>\n<meta name=\"twitter:label1\" content=\"Price\" \/>\n\t<meta name=\"twitter:data1\" content=\"&euro;42.00\" \/>\n\t<meta name=\"twitter:label2\" content=\"Availability\" \/>\n\t<meta name=\"twitter:data2\" content=\"In stock\" \/>\n<script type=\"application\/ld+json\" class=\"yoast-schema-graph\">{\"@context\":\"https:\/\/schema.org\",\"@graph\":[{\"@type\":[\"WebPage\",\"ItemPage\"],\"@id\":\"https:\/\/odavprint.ee\/et\/product\/canon-ink-pgi-550pgbkxl-black-twinpack-6431b005\/\",\"url\":\"https:\/\/odavprint.ee\/et\/product\/canon-ink-pgi-550pgbkxl-black-twinpack-6431b005\/\",\"name\":\"Canon Ink PGI-550PGBKXL Black Twinpack (6431B005), hea hinnaga, osta e-pood - Odav Print\",\"isPartOf\":{\"@id\":\"https:\/\/odavprint.ee\/et\/#website\"},\"primaryImageOfPage\":{\"@id\":\"https:\/\/odavprint.ee\/et\/product\/canon-ink-pgi-550pgbkxl-black-twinpack-6431b005\/#primaryimage\"},\"image\":{\"@id\":\"https:\/\/odavprint.ee\/et\/product\/canon-ink-pgi-550pgbkxl-black-twinpack-6431b005\/#primaryimage\"},\"thumbnailUrl\":\"https:\/\/odavprint.ee\/wp-content\/uploads\/2021\/12\/151218_ownd_2689581.jpg\",\"datePublished\":\"2021-12-30T14:06:02+00:00\",\"dateModified\":\"2021-12-30T14:06:02+00:00\",\"description\":\"Osta Canon Ink PGI-550PGBKXL Black Twinpack (6431B005) Odav Print \u260e +372 5911 9495 \u2714\ufe0f Parim hind Canon Ink PGI-550PGBKXL Black Twinpack (6431B005) jaoks \u26df Kiire kohaletoimetamine Eestis \u2b50 Garanteeritud\",\"breadcrumb\":{\"@id\":\"https:\/\/odavprint.ee\/et\/product\/canon-ink-pgi-550pgbkxl-black-twinpack-6431b005\/#breadcrumb\"},\"inLanguage\":\"et\",\"potentialAction\":[{\"@type\":\"ReadAction\",\"target\":[\"https:\/\/odavprint.ee\/et\/product\/canon-ink-pgi-550pgbkxl-black-twinpack-6431b005\/\"]}]},{\"@type\":\"ImageObject\",\"inLanguage\":\"et\",\"@id\":\"https:\/\/odavprint.ee\/et\/product\/canon-ink-pgi-550pgbkxl-black-twinpack-6431b005\/#primaryimage\",\"url\":\"https:\/\/odavprint.ee\/wp-content\/uploads\/2021\/12\/151218_ownd_2689581.jpg\",\"contentUrl\":\"https:\/\/odavprint.ee\/wp-content\/uploads\/2021\/12\/151218_ownd_2689581.jpg\",\"width\":500,\"height\":500},{\"@type\":\"BreadcrumbList\",\"@id\":\"https:\/\/odavprint.ee\/et\/product\/canon-ink-pgi-550pgbkxl-black-twinpack-6431b005\/#breadcrumb\",\"itemListElement\":[{\"@type\":\"ListItem\",\"position\":1,\"name\":\"Home\",\"item\":\"https:\/\/odavprint.ee\/et\/esileht\/\"},{\"@type\":\"ListItem\",\"position\":2,\"name\":\"E-pood\",\"item\":\"https:\/\/odavprint.ee\/et\/shop\/\"},{\"@type\":\"ListItem\",\"position\":3,\"name\":\"Canon Ink PGI-550PGBKXL Black Twinpack (6431B005)\"}]},{\"@type\":\"WebSite\",\"@id\":\"https:\/\/odavprint.ee\/et\/#website\",\"url\":\"https:\/\/odavprint.ee\/et\/\",\"name\":\"Odav Print\",\"description\":\"Just another WordPress site\",\"publisher\":{\"@id\":\"https:\/\/odavprint.ee\/et\/#organization\"},\"alternateName\":\"Kassettide, toonerite t\u00e4itmine ja m\u00fc\u00fck.\",\"potentialAction\":[{\"@type\":\"SearchAction\",\"target\":{\"@type\":\"EntryPoint\",\"urlTemplate\":\"https:\/\/odavprint.ee\/et\/?s={search_term_string}\"},\"query-input\":\"required name=search_term_string\"}],\"inLanguage\":\"et\"},{\"@type\":[\"Organization\",\"Place\"],\"@id\":\"https:\/\/odavprint.ee\/et\/#organization\",\"name\":\"Odav Print O\u00dc\",\"url\":\"https:\/\/odavprint.ee\/et\/\",\"logo\":{\"@id\":\"https:\/\/odavprint.ee\/et\/product\/canon-ink-pgi-550pgbkxl-black-twinpack-6431b005\/#local-main-organization-logo\"},\"image\":{\"@id\":\"https:\/\/odavprint.ee\/et\/product\/canon-ink-pgi-550pgbkxl-black-twinpack-6431b005\/#local-main-organization-logo\"},\"address\":{\"@id\":\"https:\/\/odavprint.ee\/et\/product\/canon-ink-pgi-550pgbkxl-black-twinpack-6431b005\/#local-main-place-address\"},\"geo\":{\"@type\":\"GeoCoordinates\",\"latitude\":\"59.4306504\",\"longitude\":\"24.8095743\"},\"telephone\":[\"53836926\"],\"openingHoursSpecification\":[{\"@type\":\"OpeningHoursSpecification\",\"dayOfWeek\":[\"Monday\",\"Tuesday\",\"Wednesday\",\"Thursday\",\"Friday\",\"Saturday\",\"Sunday\"],\"opens\":\"09:00\",\"closes\":\"17:00\"}],\"email\":\"info@odavprint.eu\"},{\"@type\":\"PostalAddress\",\"@id\":\"https:\/\/odavprint.ee\/et\/product\/canon-ink-pgi-550pgbkxl-black-twinpack-6431b005\/#local-main-place-address\",\"streetAddress\":\"Pae tn 28\",\"addressLocality\":\"Tallinn\",\"postalCode\":\"11415\",\"addressRegion\":\"Harjumaa\",\"addressCountry\":\"EE\"},{\"@type\":\"ImageObject\",\"inLanguage\":\"et\",\"@id\":\"https:\/\/odavprint.ee\/et\/product\/canon-ink-pgi-550pgbkxl-black-twinpack-6431b005\/#local-main-organization-logo\",\"url\":\"https:\/\/odavprint.ee\/wp-content\/uploads\/2018\/10\/odavprint-logo-240.jpg\",\"contentUrl\":\"https:\/\/odavprint.ee\/wp-content\/uploads\/2018\/10\/odavprint-logo-240.jpg\",\"width\":240,\"height\":36,\"caption\":\"Odav Print O\u00dc\"}]}<\/script>\n<meta property=\"product:price:amount\" content=\"42.00\" \/>\n<meta property=\"product:price:currency\" content=\"EUR\" \/>\n<meta property=\"og:availability\" content=\"instock\" \/>\n<meta property=\"product:availability\" content=\"instock\" \/>\n<meta property=\"product:retailer_item_id\" content=\"6431B005\" \/>\n<meta property=\"product:condition\" content=\"new\" \/>\n<meta name=\"geo.placename\" content=\"Tallinn\" \/>\n<meta name=\"geo.position\" content=\"59.4306504;24.8095743\" \/>\n<meta name=\"geo.region\" content=\"Estonia\" \/>\n<!-- \/ Yoast SEO Premium plugin. -->","yoast_head_json":{"title":"Canon Ink PGI-550PGBKXL Black Twinpack (6431B005), hea hinnaga, osta e-pood - Odav Print","description":"Osta Canon Ink PGI-550PGBKXL Black Twinpack (6431B005) Odav Print \u260e +372 5911 9495 \u2714\ufe0f Parim hind Canon Ink PGI-550PGBKXL Black Twinpack (6431B005) jaoks \u26df Kiire kohaletoimetamine Eestis \u2b50 Garanteeritud","robots":{"index":"index","follow":"follow","max-snippet":"max-snippet:-1","max-image-preview":"max-image-preview:large","max-video-preview":"max-video-preview:-1"},"canonical":"https:\/\/odavprint.ee\/et\/product\/canon-ink-pgi-550pgbkxl-black-twinpack-6431b005\/","og_locale":"et_EE","og_type":"article","og_title":"Canon Ink PGI-550PGBKXL Black Twinpack (6431B005)","og_description":"Osta Canon Ink PGI-550PGBKXL Black Twinpack (6431B005) Odav Print \u260e +372 5911 9495 \u2714\ufe0f Parim hind Canon Ink PGI-550PGBKXL Black Twinpack (6431B005) jaoks \u26df Kiire kohaletoimetamine Eestis \u2b50 Garanteeritud","og_url":"https:\/\/odavprint.ee\/et\/product\/canon-ink-pgi-550pgbkxl-black-twinpack-6431b005\/","og_site_name":"Odav Print","og_image":[{"width":500,"height":500,"url":"https:\/\/odavprint.ee\/wp-content\/uploads\/2021\/12\/151218_ownd_2689581.jpg","type":"image\/jpeg"}],"twitter_card":"summary_large_image","twitter_misc":{"Price":"&euro;42.00","Availability":"In stock"},"schema":{"@context":"https:\/\/schema.org","@graph":[{"@type":["WebPage","ItemPage"],"@id":"https:\/\/odavprint.ee\/et\/product\/canon-ink-pgi-550pgbkxl-black-twinpack-6431b005\/","url":"https:\/\/odavprint.ee\/et\/product\/canon-ink-pgi-550pgbkxl-black-twinpack-6431b005\/","name":"Canon Ink PGI-550PGBKXL Black Twinpack (6431B005), hea hinnaga, osta e-pood - Odav Print","isPartOf":{"@id":"https:\/\/odavprint.ee\/et\/#website"},"primaryImageOfPage":{"@id":"https:\/\/odavprint.ee\/et\/product\/canon-ink-pgi-550pgbkxl-black-twinpack-6431b005\/#primaryimage"},"image":{"@id":"https:\/\/odavprint.ee\/et\/product\/canon-ink-pgi-550pgbkxl-black-twinpack-6431b005\/#primaryimage"},"thumbnailUrl":"https:\/\/odavprint.ee\/wp-content\/uploads\/2021\/12\/151218_ownd_2689581.jpg","datePublished":"2021-12-30T14:06:02+00:00","dateModified":"2021-12-30T14:06:02+00:00","description":"Osta Canon Ink PGI-550PGBKXL Black Twinpack (6431B005) Odav Print \u260e +372 5911 9495 \u2714\ufe0f Parim hind Canon Ink PGI-550PGBKXL Black Twinpack (6431B005) jaoks \u26df Kiire kohaletoimetamine Eestis \u2b50 Garanteeritud","breadcrumb":{"@id":"https:\/\/odavprint.ee\/et\/product\/canon-ink-pgi-550pgbkxl-black-twinpack-6431b005\/#breadcrumb"},"inLanguage":"et","potentialAction":[{"@type":"ReadAction","target":["https:\/\/odavprint.ee\/et\/product\/canon-ink-pgi-550pgbkxl-black-twinpack-6431b005\/"]}]},{"@type":"ImageObject","inLanguage":"et","@id":"https:\/\/odavprint.ee\/et\/product\/canon-ink-pgi-550pgbkxl-black-twinpack-6431b005\/#primaryimage","url":"https:\/\/odavprint.ee\/wp-content\/uploads\/2021\/12\/151218_ownd_2689581.jpg","contentUrl":"https:\/\/odavprint.ee\/wp-content\/uploads\/2021\/12\/151218_ownd_2689581.jpg","width":500,"height":500},{"@type":"BreadcrumbList","@id":"https:\/\/odavprint.ee\/et\/product\/canon-ink-pgi-550pgbkxl-black-twinpack-6431b005\/#breadcrumb","itemListElement":[{"@type":"ListItem","position":1,"name":"Home","item":"https:\/\/odavprint.ee\/et\/esileht\/"},{"@type":"ListItem","position":2,"name":"E-pood","item":"https:\/\/odavprint.ee\/et\/shop\/"},{"@type":"ListItem","position":3,"name":"Canon Ink PGI-550PGBKXL Black Twinpack (6431B005)"}]},{"@type":"WebSite","@id":"https:\/\/odavprint.ee\/et\/#website","url":"https:\/\/odavprint.ee\/et\/","name":"Odav Print","description":"Just another WordPress site","publisher":{"@id":"https:\/\/odavprint.ee\/et\/#organization"},"alternateName":"Kassettide, toonerite t\u00e4itmine ja m\u00fc\u00fck.","potentialAction":[{"@type":"SearchAction","target":{"@type":"EntryPoint","urlTemplate":"https:\/\/odavprint.ee\/et\/?s={search_term_string}"},"query-input":"required name=search_term_string"}],"inLanguage":"et"},{"@type":["Organization","Place"],"@id":"https:\/\/odavprint.ee\/et\/#organization","name":"Odav Print O\u00dc","url":"https:\/\/odavprint.ee\/et\/","logo":{"@id":"https:\/\/odavprint.ee\/et\/product\/canon-ink-pgi-550pgbkxl-black-twinpack-6431b005\/#local-main-organization-logo"},"image":{"@id":"https:\/\/odavprint.ee\/et\/product\/canon-ink-pgi-550pgbkxl-black-twinpack-6431b005\/#local-main-organization-logo"},"address":{"@id":"https:\/\/odavprint.ee\/et\/product\/canon-ink-pgi-550pgbkxl-black-twinpack-6431b005\/#local-main-place-address"},"geo":{"@type":"GeoCoordinates","latitude":"59.4306504","longitude":"24.8095743"},"telephone":["53836926"],"openingHoursSpecification":[{"@type":"OpeningHoursSpecification","dayOfWeek":["Monday","Tuesday","Wednesday","Thursday","Friday","Saturday","Sunday"],"opens":"09:00","closes":"17:00"}],"email":"info@odavprint.eu"},{"@type":"PostalAddress","@id":"https:\/\/odavprint.ee\/et\/product\/canon-ink-pgi-550pgbkxl-black-twinpack-6431b005\/#local-main-place-address","streetAddress":"Pae tn 28","addressLocality":"Tallinn","postalCode":"11415","addressRegion":"Harjumaa","addressCountry":"EE"},{"@type":"ImageObject","inLanguage":"et","@id":"https:\/\/odavprint.ee\/et\/product\/canon-ink-pgi-550pgbkxl-black-twinpack-6431b005\/#local-main-organization-logo","url":"https:\/\/odavprint.ee\/wp-content\/uploads\/2018\/10\/odavprint-logo-240.jpg","contentUrl":"https:\/\/odavprint.ee\/wp-content\/uploads\/2018\/10\/odavprint-logo-240.jpg","width":240,"height":36,"caption":"Odav Print O\u00dc"}]},"product_price_amount":"42.00","product_price_currency":"EUR","og_availability":"instock","product_availability":"instock","product_retailer_item_id":"6431B005","product_condition":"new","geo.placename":"Tallinn","geo.position":{"lat":"59.4306504","long":"24.8095743"},"geo.region":"Estonia"},"_links":{"self":[{"href":"https:\/\/odavprint.ee\/et\/wp-json\/wp\/v2\/product\/151218"}],"collection":[{"href":"https:\/\/odavprint.ee\/et\/wp-json\/wp\/v2\/product"}],"about":[{"href":"https:\/\/odavprint.ee\/et\/wp-json\/wp\/v2\/types\/product"}],"wp:featuredmedia":[{"embeddable":true,"href":"https:\/\/odavprint.ee\/et\/wp-json\/wp\/v2\/media\/151219"}],"wp:attachment":[{"href":"https:\/\/odavprint.ee\/et\/wp-json\/wp\/v2\/media?parent=151218"}],"wp:term":[{"taxonomy":"product_cat","embeddable":true,"href":"https:\/\/odavprint.ee\/et\/wp-json\/wp\/v2\/product_cat?post=151218"},{"taxonomy":"product_tag","embeddable":true,"href":"https:\/\/odavprint.ee\/et\/wp-json\/wp\/v2\/product_tag?post=151218"}],"curies":[{"name":"wp","href":"https:\/\/api.w.org\/{rel}","templated":true}]}}