{"id":160818,"date":"2022-03-11T14:56:01","date_gmt":"2022-03-11T12:56:01","guid":{"rendered":"https:\/\/odavprint.ee\/product\/nespresso-expert-coffee-capsule-machine-anthracite-gray\/"},"modified":"2022-03-11T14:56:01","modified_gmt":"2022-03-11T12:56:01","slug":"nespresso-expert-coffee-capsule-machine-anthracite-gray","status":"publish","type":"product","link":"https:\/\/odavprint.ee\/et\/product\/nespresso-expert-coffee-capsule-machine-anthracite-gray\/","title":{"rendered":"Nespresso Expert Coffee Capsule Machine Anthracite Gray"},"content":{"rendered":"<p><b>\u00a0Expert | NESPRESSO<\/b><br \/>\nNespresso Expert offers a choice of four universal coffee cup options, including the new Nespresso Americano if you want to make weaker coffee, and a choice of three temperatures. The new Nespresso Expert machine has a unique, advanced design &#8211; inspired by baristas to create flat shapes. It features an intuitive user interface, an impressive coffee outlet and rotating circular coffee machine options and temperature knobs, and the entire machine is decorated with a brushed aluminum finish.<\/p>\n<p>\u00a0<\/p>\n<p><b>The idea of \u200b\u200bNespresso<\/b><\/p>\n<p>The history of Nespresso began more than 30 years ago with a simple idea: to allow anyone to create the perfect cup of espresso coffee that a skilled barista can make. Since its inception in 1986, Nespresso has redefined and changed the way millions of people enjoy espresso coffee and shaped the global coffee culture.<\/p>\n<p>\u00a0<\/p>\n<p><b>Coffee capsules &#8211; for every taste<\/b><\/p>\n<p>Original Nespresso capsule coffee machines combine technology, quality and design to make everyone feel like a professional barista. Nespresso\u2019s range of capsule coffee machines allows you to experiment with coffee.<\/p>\n<p>From coffee enthusiasts to instant coffee drinkers, Nespresso capsules have captivated almost all coffee lovers. The popularity of this method of making coffee is due to the fact that the capsule machines make the process of making coffee extremely simple, and the capsules of various flavors of coffee preserve the freshness of the coffee and ensure a perfectly balanced taste at all times. Once the coffee has been prepared, the coffee grounds remain in the capsule, so you only need to throw away the capsule after use.<\/p>\n<p>\u00a0<\/p>\n<p><b>Advantages of a capsule coffee machine:<\/b><\/p>\n<p><b>Your favorite coffee at home<\/b> &#8211; at the touch of a button! The popular espresso and other coffee in vacuum capsules always stay fresh.<\/p>\n<p>\n<b>Consistent coffee quality<\/b> &#8211; coffee capsules preserve coffee in perfect conditions (coffee is ground and packaged in the same room), and its quantity and quality do not change. The Nespresso machine will give you exactly the same results every time you make coffee, regardless of the other environmental factors you face when making coffee in other ways.<\/p>\n<p>\n<b>Inexpensive and fast good quality coffee <\/b>&#8211; the capsule coffee machine allows you to make any coffee in an extremely short time! Nespresso coffee machines take 10 to 35 seconds, depending on the machine. No extra grinding of beans in a coffee grinder, which often causes clutter and takes up extra time.<br \/>\nThere are many options to choose from &#8211; most coffee makers are expanding and filling their range with different types of coffee capsules, which you can find not only in specialty stores, but also in regular supermarkets and online.<\/p>\n<p>\n<b>Hassle-free cleaning<\/b> &#8211; Capsule machines are easy to clean, which is an advantage because others require much more care and more: all you have to do is throw away the used capsule and start the descaling program from time to time.<\/p>\n<p>\n<b>Compact design<\/b> &#8211; Nespresso and other capsules are extremely compact and ergonomic, easily fitting in any type of kitchen.<br \/>\n\u00a0<\/p>\n","protected":false},"excerpt":{"rendered":"<p>\u00a0Expert | NESPRESSO Nespresso Expert offers a choice of four universal coffee cup options, including the new Nespresso Americano if you want to make weaker coffee, and a choice of three temperatures. The new Nespresso Expert machine has a unique, advanced design &#8211; inspired by baristas to create flat shapes. It features an intuitive user [&#8230;]\n","protected":false},"featured_media":160819,"template":"","meta":{"inline_featured_image":false},"product_cat":[17403],"product_tag":[],"yoast_head":"<!-- This site is optimized with the Yoast SEO Premium plugin v23.0 (Yoast SEO v23.0) - https:\/\/yoast.com\/wordpress\/plugins\/seo\/ -->\n<title>Nespresso Expert Coffee Capsule Machine Anthracite Gray, hea hinnaga, osta e-pood - Odav Print<\/title>\n<meta name=\"description\" content=\"Osta Nespresso Expert Coffee Capsule Machine Anthracite Gray Odav Print \u260e +372 5911 9495 \u2714\ufe0f Parim hind Nespresso Expert Coffee Capsule Machine Anthracite Gray jaoks \u26df Kiire kohaletoimetamine Eestis \u2b50 Garanteeritud\" \/>\n<meta name=\"robots\" content=\"index, follow, max-snippet:-1, max-image-preview:large, max-video-preview:-1\" \/>\n<link rel=\"canonical\" href=\"https:\/\/odavprint.ee\/et\/product\/nespresso-expert-coffee-capsule-machine-anthracite-gray\/\" \/>\n<meta property=\"og:locale\" content=\"et_EE\" \/>\n<meta property=\"og:type\" content=\"article\" \/>\n<meta property=\"og:title\" content=\"Nespresso Expert Coffee Capsule Machine Anthracite Gray\" \/>\n<meta property=\"og:description\" content=\"Osta Nespresso Expert Coffee Capsule Machine Anthracite Gray Odav Print \u260e +372 5911 9495 \u2714\ufe0f Parim hind Nespresso Expert Coffee Capsule Machine Anthracite Gray jaoks \u26df Kiire kohaletoimetamine Eestis \u2b50 Garanteeritud\" \/>\n<meta property=\"og:url\" content=\"https:\/\/odavprint.ee\/et\/product\/nespresso-expert-coffee-capsule-machine-anthracite-gray\/\" \/>\n<meta property=\"og:site_name\" content=\"Odav Print\" \/>\n<meta property=\"og:image\" content=\"https:\/\/odavprint.ee\/wp-content\/uploads\/2022\/03\/160818_nespresso_expert_kapsulinis_kavos_aparatas_pilka.jpg\" \/>\n\t<meta property=\"og:image:width\" content=\"500\" \/>\n\t<meta property=\"og:image:height\" content=\"500\" \/>\n\t<meta property=\"og:image:type\" content=\"image\/jpeg\" \/>\n<meta name=\"twitter:card\" content=\"summary_large_image\" \/>\n<meta name=\"twitter:label1\" content=\"Price\" \/>\n\t<meta name=\"twitter:data1\" content=\"&euro;348.70\" \/>\n\t<meta name=\"twitter:label2\" content=\"Availability\" \/>\n\t<meta name=\"twitter:data2\" content=\"Out of stock\" \/>\n<script type=\"application\/ld+json\" class=\"yoast-schema-graph\">{\"@context\":\"https:\/\/schema.org\",\"@graph\":[{\"@type\":[\"WebPage\",\"ItemPage\"],\"@id\":\"https:\/\/odavprint.ee\/et\/product\/nespresso-expert-coffee-capsule-machine-anthracite-gray\/\",\"url\":\"https:\/\/odavprint.ee\/et\/product\/nespresso-expert-coffee-capsule-machine-anthracite-gray\/\",\"name\":\"Nespresso Expert Coffee Capsule Machine Anthracite Gray, hea hinnaga, osta e-pood - Odav Print\",\"isPartOf\":{\"@id\":\"https:\/\/odavprint.ee\/et\/#website\"},\"primaryImageOfPage\":{\"@id\":\"https:\/\/odavprint.ee\/et\/product\/nespresso-expert-coffee-capsule-machine-anthracite-gray\/#primaryimage\"},\"image\":{\"@id\":\"https:\/\/odavprint.ee\/et\/product\/nespresso-expert-coffee-capsule-machine-anthracite-gray\/#primaryimage\"},\"thumbnailUrl\":\"https:\/\/odavprint.ee\/wp-content\/uploads\/2022\/03\/160818_nespresso_expert_kapsulinis_kavos_aparatas_pilka.jpg\",\"datePublished\":\"2022-03-11T12:56:01+00:00\",\"dateModified\":\"2022-03-11T12:56:01+00:00\",\"description\":\"Osta Nespresso Expert Coffee Capsule Machine Anthracite Gray Odav Print \u260e +372 5911 9495 \u2714\ufe0f Parim hind Nespresso Expert Coffee Capsule Machine Anthracite Gray jaoks \u26df Kiire kohaletoimetamine Eestis \u2b50 Garanteeritud\",\"breadcrumb\":{\"@id\":\"https:\/\/odavprint.ee\/et\/product\/nespresso-expert-coffee-capsule-machine-anthracite-gray\/#breadcrumb\"},\"inLanguage\":\"et\",\"potentialAction\":[{\"@type\":\"ReadAction\",\"target\":[\"https:\/\/odavprint.ee\/et\/product\/nespresso-expert-coffee-capsule-machine-anthracite-gray\/\"]}]},{\"@type\":\"ImageObject\",\"inLanguage\":\"et\",\"@id\":\"https:\/\/odavprint.ee\/et\/product\/nespresso-expert-coffee-capsule-machine-anthracite-gray\/#primaryimage\",\"url\":\"https:\/\/odavprint.ee\/wp-content\/uploads\/2022\/03\/160818_nespresso_expert_kapsulinis_kavos_aparatas_pilka.jpg\",\"contentUrl\":\"https:\/\/odavprint.ee\/wp-content\/uploads\/2022\/03\/160818_nespresso_expert_kapsulinis_kavos_aparatas_pilka.jpg\",\"width\":500,\"height\":500},{\"@type\":\"BreadcrumbList\",\"@id\":\"https:\/\/odavprint.ee\/et\/product\/nespresso-expert-coffee-capsule-machine-anthracite-gray\/#breadcrumb\",\"itemListElement\":[{\"@type\":\"ListItem\",\"position\":1,\"name\":\"Home\",\"item\":\"https:\/\/odavprint.ee\/et\/esileht\/\"},{\"@type\":\"ListItem\",\"position\":2,\"name\":\"E-pood\",\"item\":\"https:\/\/odavprint.ee\/et\/shop\/\"},{\"@type\":\"ListItem\",\"position\":3,\"name\":\"Nespresso Expert Coffee Capsule Machine Anthracite Gray\"}]},{\"@type\":\"WebSite\",\"@id\":\"https:\/\/odavprint.ee\/et\/#website\",\"url\":\"https:\/\/odavprint.ee\/et\/\",\"name\":\"Odav Print\",\"description\":\"Just another WordPress site\",\"publisher\":{\"@id\":\"https:\/\/odavprint.ee\/et\/#organization\"},\"alternateName\":\"Kassettide, toonerite t\u00e4itmine ja m\u00fc\u00fck.\",\"potentialAction\":[{\"@type\":\"SearchAction\",\"target\":{\"@type\":\"EntryPoint\",\"urlTemplate\":\"https:\/\/odavprint.ee\/et\/?s={search_term_string}\"},\"query-input\":\"required name=search_term_string\"}],\"inLanguage\":\"et\"},{\"@type\":[\"Organization\",\"Place\"],\"@id\":\"https:\/\/odavprint.ee\/et\/#organization\",\"name\":\"Odav Print O\u00dc\",\"url\":\"https:\/\/odavprint.ee\/et\/\",\"logo\":{\"@id\":\"https:\/\/odavprint.ee\/et\/product\/nespresso-expert-coffee-capsule-machine-anthracite-gray\/#local-main-organization-logo\"},\"image\":{\"@id\":\"https:\/\/odavprint.ee\/et\/product\/nespresso-expert-coffee-capsule-machine-anthracite-gray\/#local-main-organization-logo\"},\"address\":{\"@id\":\"https:\/\/odavprint.ee\/et\/product\/nespresso-expert-coffee-capsule-machine-anthracite-gray\/#local-main-place-address\"},\"geo\":{\"@type\":\"GeoCoordinates\",\"latitude\":\"59.4306504\",\"longitude\":\"24.8095743\"},\"telephone\":[\"53836926\"],\"openingHoursSpecification\":[{\"@type\":\"OpeningHoursSpecification\",\"dayOfWeek\":[\"Monday\",\"Tuesday\",\"Wednesday\",\"Thursday\",\"Friday\",\"Saturday\",\"Sunday\"],\"opens\":\"09:00\",\"closes\":\"17:00\"}],\"email\":\"info@odavprint.eu\"},{\"@type\":\"PostalAddress\",\"@id\":\"https:\/\/odavprint.ee\/et\/product\/nespresso-expert-coffee-capsule-machine-anthracite-gray\/#local-main-place-address\",\"streetAddress\":\"Pae tn 28\",\"addressLocality\":\"Tallinn\",\"postalCode\":\"11415\",\"addressRegion\":\"Harjumaa\",\"addressCountry\":\"EE\"},{\"@type\":\"ImageObject\",\"inLanguage\":\"et\",\"@id\":\"https:\/\/odavprint.ee\/et\/product\/nespresso-expert-coffee-capsule-machine-anthracite-gray\/#local-main-organization-logo\",\"url\":\"https:\/\/odavprint.ee\/wp-content\/uploads\/2018\/10\/odavprint-logo-240.jpg\",\"contentUrl\":\"https:\/\/odavprint.ee\/wp-content\/uploads\/2018\/10\/odavprint-logo-240.jpg\",\"width\":240,\"height\":36,\"caption\":\"Odav Print O\u00dc\"}]}<\/script>\n<meta property=\"product:price:amount\" content=\"348.70\" \/>\n<meta property=\"product:price:currency\" content=\"EUR\" \/>\n<meta property=\"og:availability\" content=\"out of stock\" \/>\n<meta property=\"product:availability\" content=\"out of stock\" \/>\n<meta property=\"product:retailer_item_id\" content=\"B01KPN9JZ8\" \/>\n<meta property=\"product:condition\" content=\"new\" \/>\n<meta name=\"geo.placename\" content=\"Tallinn\" \/>\n<meta name=\"geo.position\" content=\"59.4306504;24.8095743\" \/>\n<meta name=\"geo.region\" content=\"Estonia\" \/>\n<!-- \/ Yoast SEO Premium plugin. -->","yoast_head_json":{"title":"Nespresso Expert Coffee Capsule Machine Anthracite Gray, hea hinnaga, osta e-pood - Odav Print","description":"Osta Nespresso Expert Coffee Capsule Machine Anthracite Gray Odav Print \u260e +372 5911 9495 \u2714\ufe0f Parim hind Nespresso Expert Coffee Capsule Machine Anthracite Gray jaoks \u26df Kiire kohaletoimetamine Eestis \u2b50 Garanteeritud","robots":{"index":"index","follow":"follow","max-snippet":"max-snippet:-1","max-image-preview":"max-image-preview:large","max-video-preview":"max-video-preview:-1"},"canonical":"https:\/\/odavprint.ee\/et\/product\/nespresso-expert-coffee-capsule-machine-anthracite-gray\/","og_locale":"et_EE","og_type":"article","og_title":"Nespresso Expert Coffee Capsule Machine Anthracite Gray","og_description":"Osta Nespresso Expert Coffee Capsule Machine Anthracite Gray Odav Print \u260e +372 5911 9495 \u2714\ufe0f Parim hind Nespresso Expert Coffee Capsule Machine Anthracite Gray jaoks \u26df Kiire kohaletoimetamine Eestis \u2b50 Garanteeritud","og_url":"https:\/\/odavprint.ee\/et\/product\/nespresso-expert-coffee-capsule-machine-anthracite-gray\/","og_site_name":"Odav Print","og_image":[{"width":500,"height":500,"url":"https:\/\/odavprint.ee\/wp-content\/uploads\/2022\/03\/160818_nespresso_expert_kapsulinis_kavos_aparatas_pilka.jpg","type":"image\/jpeg"}],"twitter_card":"summary_large_image","twitter_misc":{"Price":"&euro;348.70","Availability":"Out of stock"},"schema":{"@context":"https:\/\/schema.org","@graph":[{"@type":["WebPage","ItemPage"],"@id":"https:\/\/odavprint.ee\/et\/product\/nespresso-expert-coffee-capsule-machine-anthracite-gray\/","url":"https:\/\/odavprint.ee\/et\/product\/nespresso-expert-coffee-capsule-machine-anthracite-gray\/","name":"Nespresso Expert Coffee Capsule Machine Anthracite Gray, hea hinnaga, osta e-pood - Odav Print","isPartOf":{"@id":"https:\/\/odavprint.ee\/et\/#website"},"primaryImageOfPage":{"@id":"https:\/\/odavprint.ee\/et\/product\/nespresso-expert-coffee-capsule-machine-anthracite-gray\/#primaryimage"},"image":{"@id":"https:\/\/odavprint.ee\/et\/product\/nespresso-expert-coffee-capsule-machine-anthracite-gray\/#primaryimage"},"thumbnailUrl":"https:\/\/odavprint.ee\/wp-content\/uploads\/2022\/03\/160818_nespresso_expert_kapsulinis_kavos_aparatas_pilka.jpg","datePublished":"2022-03-11T12:56:01+00:00","dateModified":"2022-03-11T12:56:01+00:00","description":"Osta Nespresso Expert Coffee Capsule Machine Anthracite Gray Odav Print \u260e +372 5911 9495 \u2714\ufe0f Parim hind Nespresso Expert Coffee Capsule Machine Anthracite Gray jaoks \u26df Kiire kohaletoimetamine Eestis \u2b50 Garanteeritud","breadcrumb":{"@id":"https:\/\/odavprint.ee\/et\/product\/nespresso-expert-coffee-capsule-machine-anthracite-gray\/#breadcrumb"},"inLanguage":"et","potentialAction":[{"@type":"ReadAction","target":["https:\/\/odavprint.ee\/et\/product\/nespresso-expert-coffee-capsule-machine-anthracite-gray\/"]}]},{"@type":"ImageObject","inLanguage":"et","@id":"https:\/\/odavprint.ee\/et\/product\/nespresso-expert-coffee-capsule-machine-anthracite-gray\/#primaryimage","url":"https:\/\/odavprint.ee\/wp-content\/uploads\/2022\/03\/160818_nespresso_expert_kapsulinis_kavos_aparatas_pilka.jpg","contentUrl":"https:\/\/odavprint.ee\/wp-content\/uploads\/2022\/03\/160818_nespresso_expert_kapsulinis_kavos_aparatas_pilka.jpg","width":500,"height":500},{"@type":"BreadcrumbList","@id":"https:\/\/odavprint.ee\/et\/product\/nespresso-expert-coffee-capsule-machine-anthracite-gray\/#breadcrumb","itemListElement":[{"@type":"ListItem","position":1,"name":"Home","item":"https:\/\/odavprint.ee\/et\/esileht\/"},{"@type":"ListItem","position":2,"name":"E-pood","item":"https:\/\/odavprint.ee\/et\/shop\/"},{"@type":"ListItem","position":3,"name":"Nespresso Expert Coffee Capsule Machine Anthracite Gray"}]},{"@type":"WebSite","@id":"https:\/\/odavprint.ee\/et\/#website","url":"https:\/\/odavprint.ee\/et\/","name":"Odav Print","description":"Just another WordPress site","publisher":{"@id":"https:\/\/odavprint.ee\/et\/#organization"},"alternateName":"Kassettide, toonerite t\u00e4itmine ja m\u00fc\u00fck.","potentialAction":[{"@type":"SearchAction","target":{"@type":"EntryPoint","urlTemplate":"https:\/\/odavprint.ee\/et\/?s={search_term_string}"},"query-input":"required name=search_term_string"}],"inLanguage":"et"},{"@type":["Organization","Place"],"@id":"https:\/\/odavprint.ee\/et\/#organization","name":"Odav Print O\u00dc","url":"https:\/\/odavprint.ee\/et\/","logo":{"@id":"https:\/\/odavprint.ee\/et\/product\/nespresso-expert-coffee-capsule-machine-anthracite-gray\/#local-main-organization-logo"},"image":{"@id":"https:\/\/odavprint.ee\/et\/product\/nespresso-expert-coffee-capsule-machine-anthracite-gray\/#local-main-organization-logo"},"address":{"@id":"https:\/\/odavprint.ee\/et\/product\/nespresso-expert-coffee-capsule-machine-anthracite-gray\/#local-main-place-address"},"geo":{"@type":"GeoCoordinates","latitude":"59.4306504","longitude":"24.8095743"},"telephone":["53836926"],"openingHoursSpecification":[{"@type":"OpeningHoursSpecification","dayOfWeek":["Monday","Tuesday","Wednesday","Thursday","Friday","Saturday","Sunday"],"opens":"09:00","closes":"17:00"}],"email":"info@odavprint.eu"},{"@type":"PostalAddress","@id":"https:\/\/odavprint.ee\/et\/product\/nespresso-expert-coffee-capsule-machine-anthracite-gray\/#local-main-place-address","streetAddress":"Pae tn 28","addressLocality":"Tallinn","postalCode":"11415","addressRegion":"Harjumaa","addressCountry":"EE"},{"@type":"ImageObject","inLanguage":"et","@id":"https:\/\/odavprint.ee\/et\/product\/nespresso-expert-coffee-capsule-machine-anthracite-gray\/#local-main-organization-logo","url":"https:\/\/odavprint.ee\/wp-content\/uploads\/2018\/10\/odavprint-logo-240.jpg","contentUrl":"https:\/\/odavprint.ee\/wp-content\/uploads\/2018\/10\/odavprint-logo-240.jpg","width":240,"height":36,"caption":"Odav Print O\u00dc"}]},"product_price_amount":"348.70","product_price_currency":"EUR","og_availability":"out of stock","product_availability":"out of stock","product_retailer_item_id":"B01KPN9JZ8","product_condition":"new","geo.placename":"Tallinn","geo.position":{"lat":"59.4306504","long":"24.8095743"},"geo.region":"Estonia"},"_links":{"self":[{"href":"https:\/\/odavprint.ee\/et\/wp-json\/wp\/v2\/product\/160818"}],"collection":[{"href":"https:\/\/odavprint.ee\/et\/wp-json\/wp\/v2\/product"}],"about":[{"href":"https:\/\/odavprint.ee\/et\/wp-json\/wp\/v2\/types\/product"}],"wp:featuredmedia":[{"embeddable":true,"href":"https:\/\/odavprint.ee\/et\/wp-json\/wp\/v2\/media\/160819"}],"wp:attachment":[{"href":"https:\/\/odavprint.ee\/et\/wp-json\/wp\/v2\/media?parent=160818"}],"wp:term":[{"taxonomy":"product_cat","embeddable":true,"href":"https:\/\/odavprint.ee\/et\/wp-json\/wp\/v2\/product_cat?post=160818"},{"taxonomy":"product_tag","embeddable":true,"href":"https:\/\/odavprint.ee\/et\/wp-json\/wp\/v2\/product_tag?post=160818"}],"curies":[{"name":"wp","href":"https:\/\/api.w.org\/{rel}","templated":true}]}}