{"id":175994,"date":"2022-07-27T11:44:27","date_gmt":"2022-07-27T08:44:27","guid":{"rendered":"https:\/\/odavprint.ee\/product\/xerox-waste-toner-bottle-008r13089\/"},"modified":"2022-09-27T13:42:28","modified_gmt":"2022-09-27T10:42:28","slug":"xerox-waste-toner-bottle-008r13089","status":"publish","type":"product","link":"https:\/\/odavprint.ee\/et\/product\/xerox-waste-toner-bottle-008r13089\/","title":{"rendered":"Xerox Waste Toner Bottle (008R13089)"},"content":{"rendered":"<p><strong>Suitable for use in:<\/strong><\/p>\n<p>Xerox WorkCentre 7120<br \/>\nXerox WorkCentre 7120 S<br \/>\nXerox WorkCentre 7120 Series<br \/>\nXerox WorkCentre 7120T<br \/>\nXerox WorkCentre 7125<br \/>\nXerox WorkCentre 7125s<br \/>\nXerox WorkCentre 7125series<br \/>\nXerox WorkCentre 7125t<br \/>\nXerox WorkCentre 7220<br \/>\nXerox WorkCentre 7220i<br \/>\nXerox WorkCentre 7225<br \/>\nXerox WorkCentre 7225i<\/p>\n","protected":false},"excerpt":{"rendered":"<p>Suitable for use in: Xerox WorkCentre 7120 Xerox WorkCentre 7120 S Xerox WorkCentre 7120 Series Xerox WorkCentre 7120T Xerox WorkCentre 7125 Xerox WorkCentre 7125s Xerox WorkCentre 7125series Xerox WorkCentre 7125t Xerox WorkCentre 7220 Xerox WorkCentre 7220i Xerox WorkCentre 7225 Xerox WorkCentre 7225i<\/p>\n","protected":false},"featured_media":175995,"template":"","meta":{"inline_featured_image":false},"product_cat":[12832],"product_tag":[35404,35403,35402,35401,35405,35406,35407,35408,35409,35410,14480,35411],"yoast_head":"<!-- This site is optimized with the Yoast SEO Premium plugin v23.0 (Yoast SEO v23.0) - https:\/\/yoast.com\/wordpress\/plugins\/seo\/ -->\n<title>Xerox Waste Toner Bottle (008R13089), hea hinnaga, osta e-pood - Odav Print<\/title>\n<meta name=\"description\" content=\"Osta Xerox Waste Toner Bottle (008R13089) Odav Print \u260e +372 5911 9495 \u2714\ufe0f Parim hind Xerox Waste Toner Bottle (008R13089) jaoks \u26df Kiire kohaletoimetamine Eestis \u2b50 Garanteeritud\" \/>\n<meta name=\"robots\" content=\"index, follow, max-snippet:-1, max-image-preview:large, max-video-preview:-1\" \/>\n<link rel=\"canonical\" href=\"https:\/\/odavprint.ee\/et\/product\/xerox-waste-toner-bottle-008r13089\/\" \/>\n<meta property=\"og:locale\" content=\"et_EE\" \/>\n<meta property=\"og:type\" content=\"article\" \/>\n<meta property=\"og:title\" content=\"Xerox Waste Toner Bottle (008R13089)\" \/>\n<meta property=\"og:description\" content=\"Osta Xerox Waste Toner Bottle (008R13089) Odav Print \u260e +372 5911 9495 \u2714\ufe0f Parim hind Xerox Waste Toner Bottle (008R13089) jaoks \u26df Kiire kohaletoimetamine Eestis \u2b50 Garanteeritud\" \/>\n<meta property=\"og:url\" content=\"https:\/\/odavprint.ee\/et\/product\/xerox-waste-toner-bottle-008r13089\/\" \/>\n<meta property=\"og:site_name\" content=\"Odav Print\" \/>\n<meta property=\"article:modified_time\" content=\"2022-09-27T10:42:28+00:00\" \/>\n<meta property=\"og:image\" content=\"https:\/\/odavprint.ee\/wp-content\/uploads\/2022\/07\/175994_008r13089.png\" \/>\n\t<meta property=\"og:image:width\" content=\"300\" \/>\n\t<meta property=\"og:image:height\" content=\"250\" \/>\n\t<meta property=\"og:image:type\" content=\"image\/png\" \/>\n<meta name=\"twitter:card\" content=\"summary_large_image\" \/>\n<meta name=\"twitter:label1\" content=\"Price\" \/>\n\t<meta name=\"twitter:data1\" content=\"&euro;46.80\" \/>\n\t<meta name=\"twitter:label2\" content=\"Availability\" \/>\n\t<meta name=\"twitter:data2\" content=\"In stock\" \/>\n<script type=\"application\/ld+json\" class=\"yoast-schema-graph\">{\"@context\":\"https:\/\/schema.org\",\"@graph\":[{\"@type\":[\"WebPage\",\"ItemPage\"],\"@id\":\"https:\/\/odavprint.ee\/et\/product\/xerox-waste-toner-bottle-008r13089\/\",\"url\":\"https:\/\/odavprint.ee\/et\/product\/xerox-waste-toner-bottle-008r13089\/\",\"name\":\"Xerox Waste Toner Bottle (008R13089), hea hinnaga, osta e-pood - Odav Print\",\"isPartOf\":{\"@id\":\"https:\/\/odavprint.ee\/et\/#website\"},\"primaryImageOfPage\":{\"@id\":\"https:\/\/odavprint.ee\/et\/product\/xerox-waste-toner-bottle-008r13089\/#primaryimage\"},\"image\":{\"@id\":\"https:\/\/odavprint.ee\/et\/product\/xerox-waste-toner-bottle-008r13089\/#primaryimage\"},\"thumbnailUrl\":\"https:\/\/odavprint.ee\/wp-content\/uploads\/2022\/07\/175994_008r13089.png\",\"datePublished\":\"2022-07-27T08:44:27+00:00\",\"dateModified\":\"2022-09-27T10:42:28+00:00\",\"description\":\"Osta Xerox Waste Toner Bottle (008R13089) Odav Print \u260e +372 5911 9495 \u2714\ufe0f Parim hind Xerox Waste Toner Bottle (008R13089) jaoks \u26df Kiire kohaletoimetamine Eestis \u2b50 Garanteeritud\",\"breadcrumb\":{\"@id\":\"https:\/\/odavprint.ee\/et\/product\/xerox-waste-toner-bottle-008r13089\/#breadcrumb\"},\"inLanguage\":\"et\",\"potentialAction\":[{\"@type\":\"ReadAction\",\"target\":[\"https:\/\/odavprint.ee\/et\/product\/xerox-waste-toner-bottle-008r13089\/\"]}]},{\"@type\":\"ImageObject\",\"inLanguage\":\"et\",\"@id\":\"https:\/\/odavprint.ee\/et\/product\/xerox-waste-toner-bottle-008r13089\/#primaryimage\",\"url\":\"https:\/\/odavprint.ee\/wp-content\/uploads\/2022\/07\/175994_008r13089.png\",\"contentUrl\":\"https:\/\/odavprint.ee\/wp-content\/uploads\/2022\/07\/175994_008r13089.png\",\"width\":300,\"height\":250},{\"@type\":\"BreadcrumbList\",\"@id\":\"https:\/\/odavprint.ee\/et\/product\/xerox-waste-toner-bottle-008r13089\/#breadcrumb\",\"itemListElement\":[{\"@type\":\"ListItem\",\"position\":1,\"name\":\"Home\",\"item\":\"https:\/\/odavprint.ee\/et\/esileht\/\"},{\"@type\":\"ListItem\",\"position\":2,\"name\":\"E-pood\",\"item\":\"https:\/\/odavprint.ee\/et\/shop\/\"},{\"@type\":\"ListItem\",\"position\":3,\"name\":\"Xerox Waste Toner Bottle (008R13089)\"}]},{\"@type\":\"WebSite\",\"@id\":\"https:\/\/odavprint.ee\/et\/#website\",\"url\":\"https:\/\/odavprint.ee\/et\/\",\"name\":\"Odav Print\",\"description\":\"Just another WordPress site\",\"publisher\":{\"@id\":\"https:\/\/odavprint.ee\/et\/#organization\"},\"alternateName\":\"Kassettide, toonerite t\u00e4itmine ja m\u00fc\u00fck.\",\"potentialAction\":[{\"@type\":\"SearchAction\",\"target\":{\"@type\":\"EntryPoint\",\"urlTemplate\":\"https:\/\/odavprint.ee\/et\/?s={search_term_string}\"},\"query-input\":\"required name=search_term_string\"}],\"inLanguage\":\"et\"},{\"@type\":[\"Organization\",\"Place\"],\"@id\":\"https:\/\/odavprint.ee\/et\/#organization\",\"name\":\"Odav Print O\u00dc\",\"url\":\"https:\/\/odavprint.ee\/et\/\",\"logo\":{\"@id\":\"https:\/\/odavprint.ee\/et\/product\/xerox-waste-toner-bottle-008r13089\/#local-main-organization-logo\"},\"image\":{\"@id\":\"https:\/\/odavprint.ee\/et\/product\/xerox-waste-toner-bottle-008r13089\/#local-main-organization-logo\"},\"address\":{\"@id\":\"https:\/\/odavprint.ee\/et\/product\/xerox-waste-toner-bottle-008r13089\/#local-main-place-address\"},\"geo\":{\"@type\":\"GeoCoordinates\",\"latitude\":\"59.4306504\",\"longitude\":\"24.8095743\"},\"telephone\":[\"53836926\"],\"openingHoursSpecification\":[{\"@type\":\"OpeningHoursSpecification\",\"dayOfWeek\":[\"Monday\",\"Tuesday\",\"Wednesday\",\"Thursday\",\"Friday\",\"Saturday\",\"Sunday\"],\"opens\":\"09:00\",\"closes\":\"17:00\"}],\"email\":\"info@odavprint.eu\"},{\"@type\":\"PostalAddress\",\"@id\":\"https:\/\/odavprint.ee\/et\/product\/xerox-waste-toner-bottle-008r13089\/#local-main-place-address\",\"streetAddress\":\"Pae tn 28\",\"addressLocality\":\"Tallinn\",\"postalCode\":\"11415\",\"addressRegion\":\"Harjumaa\",\"addressCountry\":\"EE\"},{\"@type\":\"ImageObject\",\"inLanguage\":\"et\",\"@id\":\"https:\/\/odavprint.ee\/et\/product\/xerox-waste-toner-bottle-008r13089\/#local-main-organization-logo\",\"url\":\"https:\/\/odavprint.ee\/wp-content\/uploads\/2018\/10\/odavprint-logo-240.jpg\",\"contentUrl\":\"https:\/\/odavprint.ee\/wp-content\/uploads\/2018\/10\/odavprint-logo-240.jpg\",\"width\":240,\"height\":36,\"caption\":\"Odav Print O\u00dc\"}]}<\/script>\n<meta property=\"product:price:amount\" content=\"46.80\" \/>\n<meta property=\"product:price:currency\" content=\"EUR\" \/>\n<meta property=\"og:availability\" content=\"instock\" \/>\n<meta property=\"product:availability\" content=\"instock\" \/>\n<meta property=\"product:retailer_item_id\" content=\"008R13089\" \/>\n<meta property=\"product:condition\" content=\"new\" \/>\n<meta name=\"geo.placename\" content=\"Tallinn\" \/>\n<meta name=\"geo.position\" content=\"59.4306504;24.8095743\" \/>\n<meta name=\"geo.region\" content=\"Estonia\" \/>\n<!-- \/ Yoast SEO Premium plugin. -->","yoast_head_json":{"title":"Xerox Waste Toner Bottle (008R13089), hea hinnaga, osta e-pood - Odav Print","description":"Osta Xerox Waste Toner Bottle (008R13089) Odav Print \u260e +372 5911 9495 \u2714\ufe0f Parim hind Xerox Waste Toner Bottle (008R13089) jaoks \u26df Kiire kohaletoimetamine Eestis \u2b50 Garanteeritud","robots":{"index":"index","follow":"follow","max-snippet":"max-snippet:-1","max-image-preview":"max-image-preview:large","max-video-preview":"max-video-preview:-1"},"canonical":"https:\/\/odavprint.ee\/et\/product\/xerox-waste-toner-bottle-008r13089\/","og_locale":"et_EE","og_type":"article","og_title":"Xerox Waste Toner Bottle (008R13089)","og_description":"Osta Xerox Waste Toner Bottle (008R13089) Odav Print \u260e +372 5911 9495 \u2714\ufe0f Parim hind Xerox Waste Toner Bottle (008R13089) jaoks \u26df Kiire kohaletoimetamine Eestis \u2b50 Garanteeritud","og_url":"https:\/\/odavprint.ee\/et\/product\/xerox-waste-toner-bottle-008r13089\/","og_site_name":"Odav Print","article_modified_time":"2022-09-27T10:42:28+00:00","og_image":[{"width":300,"height":250,"url":"https:\/\/odavprint.ee\/wp-content\/uploads\/2022\/07\/175994_008r13089.png","type":"image\/png"}],"twitter_card":"summary_large_image","twitter_misc":{"Price":"&euro;46.80","Availability":"In stock"},"schema":{"@context":"https:\/\/schema.org","@graph":[{"@type":["WebPage","ItemPage"],"@id":"https:\/\/odavprint.ee\/et\/product\/xerox-waste-toner-bottle-008r13089\/","url":"https:\/\/odavprint.ee\/et\/product\/xerox-waste-toner-bottle-008r13089\/","name":"Xerox Waste Toner Bottle (008R13089), hea hinnaga, osta e-pood - Odav Print","isPartOf":{"@id":"https:\/\/odavprint.ee\/et\/#website"},"primaryImageOfPage":{"@id":"https:\/\/odavprint.ee\/et\/product\/xerox-waste-toner-bottle-008r13089\/#primaryimage"},"image":{"@id":"https:\/\/odavprint.ee\/et\/product\/xerox-waste-toner-bottle-008r13089\/#primaryimage"},"thumbnailUrl":"https:\/\/odavprint.ee\/wp-content\/uploads\/2022\/07\/175994_008r13089.png","datePublished":"2022-07-27T08:44:27+00:00","dateModified":"2022-09-27T10:42:28+00:00","description":"Osta Xerox Waste Toner Bottle (008R13089) Odav Print \u260e +372 5911 9495 \u2714\ufe0f Parim hind Xerox Waste Toner Bottle (008R13089) jaoks \u26df Kiire kohaletoimetamine Eestis \u2b50 Garanteeritud","breadcrumb":{"@id":"https:\/\/odavprint.ee\/et\/product\/xerox-waste-toner-bottle-008r13089\/#breadcrumb"},"inLanguage":"et","potentialAction":[{"@type":"ReadAction","target":["https:\/\/odavprint.ee\/et\/product\/xerox-waste-toner-bottle-008r13089\/"]}]},{"@type":"ImageObject","inLanguage":"et","@id":"https:\/\/odavprint.ee\/et\/product\/xerox-waste-toner-bottle-008r13089\/#primaryimage","url":"https:\/\/odavprint.ee\/wp-content\/uploads\/2022\/07\/175994_008r13089.png","contentUrl":"https:\/\/odavprint.ee\/wp-content\/uploads\/2022\/07\/175994_008r13089.png","width":300,"height":250},{"@type":"BreadcrumbList","@id":"https:\/\/odavprint.ee\/et\/product\/xerox-waste-toner-bottle-008r13089\/#breadcrumb","itemListElement":[{"@type":"ListItem","position":1,"name":"Home","item":"https:\/\/odavprint.ee\/et\/esileht\/"},{"@type":"ListItem","position":2,"name":"E-pood","item":"https:\/\/odavprint.ee\/et\/shop\/"},{"@type":"ListItem","position":3,"name":"Xerox Waste Toner Bottle (008R13089)"}]},{"@type":"WebSite","@id":"https:\/\/odavprint.ee\/et\/#website","url":"https:\/\/odavprint.ee\/et\/","name":"Odav Print","description":"Just another WordPress site","publisher":{"@id":"https:\/\/odavprint.ee\/et\/#organization"},"alternateName":"Kassettide, toonerite t\u00e4itmine ja m\u00fc\u00fck.","potentialAction":[{"@type":"SearchAction","target":{"@type":"EntryPoint","urlTemplate":"https:\/\/odavprint.ee\/et\/?s={search_term_string}"},"query-input":"required name=search_term_string"}],"inLanguage":"et"},{"@type":["Organization","Place"],"@id":"https:\/\/odavprint.ee\/et\/#organization","name":"Odav Print O\u00dc","url":"https:\/\/odavprint.ee\/et\/","logo":{"@id":"https:\/\/odavprint.ee\/et\/product\/xerox-waste-toner-bottle-008r13089\/#local-main-organization-logo"},"image":{"@id":"https:\/\/odavprint.ee\/et\/product\/xerox-waste-toner-bottle-008r13089\/#local-main-organization-logo"},"address":{"@id":"https:\/\/odavprint.ee\/et\/product\/xerox-waste-toner-bottle-008r13089\/#local-main-place-address"},"geo":{"@type":"GeoCoordinates","latitude":"59.4306504","longitude":"24.8095743"},"telephone":["53836926"],"openingHoursSpecification":[{"@type":"OpeningHoursSpecification","dayOfWeek":["Monday","Tuesday","Wednesday","Thursday","Friday","Saturday","Sunday"],"opens":"09:00","closes":"17:00"}],"email":"info@odavprint.eu"},{"@type":"PostalAddress","@id":"https:\/\/odavprint.ee\/et\/product\/xerox-waste-toner-bottle-008r13089\/#local-main-place-address","streetAddress":"Pae tn 28","addressLocality":"Tallinn","postalCode":"11415","addressRegion":"Harjumaa","addressCountry":"EE"},{"@type":"ImageObject","inLanguage":"et","@id":"https:\/\/odavprint.ee\/et\/product\/xerox-waste-toner-bottle-008r13089\/#local-main-organization-logo","url":"https:\/\/odavprint.ee\/wp-content\/uploads\/2018\/10\/odavprint-logo-240.jpg","contentUrl":"https:\/\/odavprint.ee\/wp-content\/uploads\/2018\/10\/odavprint-logo-240.jpg","width":240,"height":36,"caption":"Odav Print O\u00dc"}]},"product_price_amount":"46.80","product_price_currency":"EUR","og_availability":"instock","product_availability":"instock","product_retailer_item_id":"008R13089","product_condition":"new","geo.placename":"Tallinn","geo.position":{"lat":"59.4306504","long":"24.8095743"},"geo.region":"Estonia"},"_links":{"self":[{"href":"https:\/\/odavprint.ee\/et\/wp-json\/wp\/v2\/product\/175994"}],"collection":[{"href":"https:\/\/odavprint.ee\/et\/wp-json\/wp\/v2\/product"}],"about":[{"href":"https:\/\/odavprint.ee\/et\/wp-json\/wp\/v2\/types\/product"}],"wp:featuredmedia":[{"embeddable":true,"href":"https:\/\/odavprint.ee\/et\/wp-json\/wp\/v2\/media\/175995"}],"wp:attachment":[{"href":"https:\/\/odavprint.ee\/et\/wp-json\/wp\/v2\/media?parent=175994"}],"wp:term":[{"taxonomy":"product_cat","embeddable":true,"href":"https:\/\/odavprint.ee\/et\/wp-json\/wp\/v2\/product_cat?post=175994"},{"taxonomy":"product_tag","embeddable":true,"href":"https:\/\/odavprint.ee\/et\/wp-json\/wp\/v2\/product_tag?post=175994"}],"curies":[{"name":"wp","href":"https:\/\/api.w.org\/{rel}","templated":true}]}}