{"id":178212,"date":"2022-09-13T10:32:10","date_gmt":"2022-09-13T07:32:10","guid":{"rendered":"https:\/\/odavprint.ee\/product\/drum-oki-mc873-magenta-30k-44844470\/"},"modified":"2024-02-19T11:37:02","modified_gmt":"2024-02-19T09:37:02","slug":"drum-oki-mc873-magenta-30k-44844470","status":"publish","type":"product","link":"https:\/\/odavprint.ee\/et\/product\/drum-oki-mc873-magenta-30k-44844470\/","title":{"rendered":"Drum OKI MC873 magenta 30K (44844470)"},"content":{"rendered":"<p><strong>Suitable for use in:<\/strong><\/p>\n<p>OKI MC853dn<br \/>\nOKI MC853dnct<br \/>\nOKI MC853dnv<br \/>\nOKI MC853 Series<br \/>\nOKI MC870 Series<br \/>\nOKI MC873dn<br \/>\nOKI MC873dnc<br \/>\nOKI MC873dnct<br \/>\nOKI MC873dnv<br \/>\nOKI MC873dnx<br \/>\nOKI MC873 Series<br \/>\nOKI MC880 Series<br \/>\nOKI MC883dn<br \/>\nOKI MC883dnct<br \/>\nOKI MC883dnv<br \/>\nOKI MC883 Series<\/p>\n","protected":false},"excerpt":{"rendered":"<p>Suitable for use in: OKI MC853dn OKI MC853dnct OKI MC853dnv OKI MC853 Series OKI MC870 Series OKI MC873dn OKI MC873dnc OKI MC873dnct OKI MC873dnv OKI MC873dnx OKI MC873 Series OKI MC880 Series OKI MC883dn OKI MC883dnct OKI MC883dnv OKI MC883 Series<\/p>\n","protected":false},"featured_media":178213,"template":"","meta":{"inline_featured_image":false},"product_cat":[12832],"product_tag":[38520,38519,38518,38517,31491,31492,31493,31494,31495,31496,31497,31498,31499,31500,31501,31502],"yoast_head":"<!-- This site is optimized with the Yoast SEO Premium plugin v23.0 (Yoast SEO v23.0) - https:\/\/yoast.com\/wordpress\/plugins\/seo\/ -->\n<title>Drum OKI MC873 magenta 30K (44844470), hea hinnaga, osta e-pood - Odav Print<\/title>\n<meta name=\"description\" content=\"Osta Drum OKI MC873 magenta 30K (44844470) Odav Print \u260e +372 5911 9495 \u2714\ufe0f Parim hind Drum OKI MC873 magenta 30K (44844470) jaoks \u26df Kiire kohaletoimetamine Eestis \u2b50 Garanteeritud\" \/>\n<meta name=\"robots\" content=\"index, follow, max-snippet:-1, max-image-preview:large, max-video-preview:-1\" \/>\n<link rel=\"canonical\" href=\"https:\/\/odavprint.ee\/et\/product\/drum-oki-mc873-magenta-30k-44844470\/\" \/>\n<meta property=\"og:locale\" content=\"et_EE\" \/>\n<meta property=\"og:type\" content=\"article\" \/>\n<meta property=\"og:title\" content=\"Drum OKI MC873 magenta 30K (44844470)\" \/>\n<meta property=\"og:description\" content=\"Osta Drum OKI MC873 magenta 30K (44844470) Odav Print \u260e +372 5911 9495 \u2714\ufe0f Parim hind Drum OKI MC873 magenta 30K (44844470) jaoks \u26df Kiire kohaletoimetamine Eestis \u2b50 Garanteeritud\" \/>\n<meta property=\"og:url\" content=\"https:\/\/odavprint.ee\/et\/product\/drum-oki-mc873-magenta-30k-44844470\/\" \/>\n<meta property=\"og:site_name\" content=\"Odav Print\" \/>\n<meta property=\"article:modified_time\" content=\"2024-02-19T09:37:02+00:00\" \/>\n<meta property=\"og:image\" content=\"https:\/\/odavprint.ee\/wp-content\/uploads\/2022\/09\/178212_1.jpg\" \/>\n\t<meta property=\"og:image:width\" content=\"427\" \/>\n\t<meta property=\"og:image:height\" content=\"308\" \/>\n\t<meta property=\"og:image:type\" content=\"image\/jpeg\" \/>\n<meta name=\"twitter:card\" content=\"summary_large_image\" \/>\n<meta name=\"twitter:label1\" content=\"Price\" \/>\n\t<meta name=\"twitter:data1\" content=\"&euro;212.60\" \/>\n\t<meta name=\"twitter:label2\" content=\"Availability\" \/>\n\t<meta name=\"twitter:data2\" content=\"In stock\" \/>\n<script type=\"application\/ld+json\" class=\"yoast-schema-graph\">{\"@context\":\"https:\/\/schema.org\",\"@graph\":[{\"@type\":[\"WebPage\",\"ItemPage\"],\"@id\":\"https:\/\/odavprint.ee\/et\/product\/drum-oki-mc873-magenta-30k-44844470\/\",\"url\":\"https:\/\/odavprint.ee\/et\/product\/drum-oki-mc873-magenta-30k-44844470\/\",\"name\":\"Drum OKI MC873 magenta 30K (44844470), hea hinnaga, osta e-pood - Odav Print\",\"isPartOf\":{\"@id\":\"https:\/\/odavprint.ee\/et\/#website\"},\"primaryImageOfPage\":{\"@id\":\"https:\/\/odavprint.ee\/et\/product\/drum-oki-mc873-magenta-30k-44844470\/#primaryimage\"},\"image\":{\"@id\":\"https:\/\/odavprint.ee\/et\/product\/drum-oki-mc873-magenta-30k-44844470\/#primaryimage\"},\"thumbnailUrl\":\"https:\/\/odavprint.ee\/wp-content\/uploads\/2022\/09\/178212_1.jpg\",\"datePublished\":\"2022-09-13T07:32:10+00:00\",\"dateModified\":\"2024-02-19T09:37:02+00:00\",\"description\":\"Osta Drum OKI MC873 magenta 30K (44844470) Odav Print \u260e +372 5911 9495 \u2714\ufe0f Parim hind Drum OKI MC873 magenta 30K (44844470) jaoks \u26df Kiire kohaletoimetamine Eestis \u2b50 Garanteeritud\",\"breadcrumb\":{\"@id\":\"https:\/\/odavprint.ee\/et\/product\/drum-oki-mc873-magenta-30k-44844470\/#breadcrumb\"},\"inLanguage\":\"et\",\"potentialAction\":[{\"@type\":\"ReadAction\",\"target\":[\"https:\/\/odavprint.ee\/et\/product\/drum-oki-mc873-magenta-30k-44844470\/\"]}]},{\"@type\":\"ImageObject\",\"inLanguage\":\"et\",\"@id\":\"https:\/\/odavprint.ee\/et\/product\/drum-oki-mc873-magenta-30k-44844470\/#primaryimage\",\"url\":\"https:\/\/odavprint.ee\/wp-content\/uploads\/2022\/09\/178212_1.jpg\",\"contentUrl\":\"https:\/\/odavprint.ee\/wp-content\/uploads\/2022\/09\/178212_1.jpg\",\"width\":427,\"height\":308},{\"@type\":\"BreadcrumbList\",\"@id\":\"https:\/\/odavprint.ee\/et\/product\/drum-oki-mc873-magenta-30k-44844470\/#breadcrumb\",\"itemListElement\":[{\"@type\":\"ListItem\",\"position\":1,\"name\":\"Home\",\"item\":\"https:\/\/odavprint.ee\/et\/esileht\/\"},{\"@type\":\"ListItem\",\"position\":2,\"name\":\"E-pood\",\"item\":\"https:\/\/odavprint.ee\/et\/shop\/\"},{\"@type\":\"ListItem\",\"position\":3,\"name\":\"Drum OKI MC873 magenta 30K (44844470)\"}]},{\"@type\":\"WebSite\",\"@id\":\"https:\/\/odavprint.ee\/et\/#website\",\"url\":\"https:\/\/odavprint.ee\/et\/\",\"name\":\"Odav Print\",\"description\":\"Just another WordPress site\",\"publisher\":{\"@id\":\"https:\/\/odavprint.ee\/et\/#organization\"},\"alternateName\":\"Kassettide, toonerite t\u00e4itmine ja m\u00fc\u00fck.\",\"potentialAction\":[{\"@type\":\"SearchAction\",\"target\":{\"@type\":\"EntryPoint\",\"urlTemplate\":\"https:\/\/odavprint.ee\/et\/?s={search_term_string}\"},\"query-input\":\"required name=search_term_string\"}],\"inLanguage\":\"et\"},{\"@type\":[\"Organization\",\"Place\"],\"@id\":\"https:\/\/odavprint.ee\/et\/#organization\",\"name\":\"Odav Print O\u00dc\",\"url\":\"https:\/\/odavprint.ee\/et\/\",\"logo\":{\"@id\":\"https:\/\/odavprint.ee\/et\/product\/drum-oki-mc873-magenta-30k-44844470\/#local-main-organization-logo\"},\"image\":{\"@id\":\"https:\/\/odavprint.ee\/et\/product\/drum-oki-mc873-magenta-30k-44844470\/#local-main-organization-logo\"},\"address\":{\"@id\":\"https:\/\/odavprint.ee\/et\/product\/drum-oki-mc873-magenta-30k-44844470\/#local-main-place-address\"},\"geo\":{\"@type\":\"GeoCoordinates\",\"latitude\":\"59.4306504\",\"longitude\":\"24.8095743\"},\"telephone\":[\"53836926\"],\"openingHoursSpecification\":[{\"@type\":\"OpeningHoursSpecification\",\"dayOfWeek\":[\"Monday\",\"Tuesday\",\"Wednesday\",\"Thursday\",\"Friday\",\"Saturday\",\"Sunday\"],\"opens\":\"09:00\",\"closes\":\"17:00\"}],\"email\":\"info@odavprint.eu\"},{\"@type\":\"PostalAddress\",\"@id\":\"https:\/\/odavprint.ee\/et\/product\/drum-oki-mc873-magenta-30k-44844470\/#local-main-place-address\",\"streetAddress\":\"Pae tn 28\",\"addressLocality\":\"Tallinn\",\"postalCode\":\"11415\",\"addressRegion\":\"Harjumaa\",\"addressCountry\":\"EE\"},{\"@type\":\"ImageObject\",\"inLanguage\":\"et\",\"@id\":\"https:\/\/odavprint.ee\/et\/product\/drum-oki-mc873-magenta-30k-44844470\/#local-main-organization-logo\",\"url\":\"https:\/\/odavprint.ee\/wp-content\/uploads\/2018\/10\/odavprint-logo-240.jpg\",\"contentUrl\":\"https:\/\/odavprint.ee\/wp-content\/uploads\/2018\/10\/odavprint-logo-240.jpg\",\"width\":240,\"height\":36,\"caption\":\"Odav Print O\u00dc\"}]}<\/script>\n<meta property=\"product:price:amount\" content=\"212.60\" \/>\n<meta property=\"product:price:currency\" content=\"EUR\" \/>\n<meta property=\"og:availability\" content=\"instock\" \/>\n<meta property=\"product:availability\" content=\"instock\" \/>\n<meta property=\"product:retailer_item_id\" content=\"44844470\" \/>\n<meta property=\"product:condition\" content=\"new\" \/>\n<meta name=\"geo.placename\" content=\"Tallinn\" \/>\n<meta name=\"geo.position\" content=\"59.4306504;24.8095743\" \/>\n<meta name=\"geo.region\" content=\"Estonia\" \/>\n<!-- \/ Yoast SEO Premium plugin. -->","yoast_head_json":{"title":"Drum OKI MC873 magenta 30K (44844470), hea hinnaga, osta e-pood - Odav Print","description":"Osta Drum OKI MC873 magenta 30K (44844470) Odav Print \u260e +372 5911 9495 \u2714\ufe0f Parim hind Drum OKI MC873 magenta 30K (44844470) jaoks \u26df Kiire kohaletoimetamine Eestis \u2b50 Garanteeritud","robots":{"index":"index","follow":"follow","max-snippet":"max-snippet:-1","max-image-preview":"max-image-preview:large","max-video-preview":"max-video-preview:-1"},"canonical":"https:\/\/odavprint.ee\/et\/product\/drum-oki-mc873-magenta-30k-44844470\/","og_locale":"et_EE","og_type":"article","og_title":"Drum OKI MC873 magenta 30K (44844470)","og_description":"Osta Drum OKI MC873 magenta 30K (44844470) Odav Print \u260e +372 5911 9495 \u2714\ufe0f Parim hind Drum OKI MC873 magenta 30K (44844470) jaoks \u26df Kiire kohaletoimetamine Eestis \u2b50 Garanteeritud","og_url":"https:\/\/odavprint.ee\/et\/product\/drum-oki-mc873-magenta-30k-44844470\/","og_site_name":"Odav Print","article_modified_time":"2024-02-19T09:37:02+00:00","og_image":[{"width":427,"height":308,"url":"https:\/\/odavprint.ee\/wp-content\/uploads\/2022\/09\/178212_1.jpg","type":"image\/jpeg"}],"twitter_card":"summary_large_image","twitter_misc":{"Price":"&euro;212.60","Availability":"In stock"},"schema":{"@context":"https:\/\/schema.org","@graph":[{"@type":["WebPage","ItemPage"],"@id":"https:\/\/odavprint.ee\/et\/product\/drum-oki-mc873-magenta-30k-44844470\/","url":"https:\/\/odavprint.ee\/et\/product\/drum-oki-mc873-magenta-30k-44844470\/","name":"Drum OKI MC873 magenta 30K (44844470), hea hinnaga, osta e-pood - Odav Print","isPartOf":{"@id":"https:\/\/odavprint.ee\/et\/#website"},"primaryImageOfPage":{"@id":"https:\/\/odavprint.ee\/et\/product\/drum-oki-mc873-magenta-30k-44844470\/#primaryimage"},"image":{"@id":"https:\/\/odavprint.ee\/et\/product\/drum-oki-mc873-magenta-30k-44844470\/#primaryimage"},"thumbnailUrl":"https:\/\/odavprint.ee\/wp-content\/uploads\/2022\/09\/178212_1.jpg","datePublished":"2022-09-13T07:32:10+00:00","dateModified":"2024-02-19T09:37:02+00:00","description":"Osta Drum OKI MC873 magenta 30K (44844470) Odav Print \u260e +372 5911 9495 \u2714\ufe0f Parim hind Drum OKI MC873 magenta 30K (44844470) jaoks \u26df Kiire kohaletoimetamine Eestis \u2b50 Garanteeritud","breadcrumb":{"@id":"https:\/\/odavprint.ee\/et\/product\/drum-oki-mc873-magenta-30k-44844470\/#breadcrumb"},"inLanguage":"et","potentialAction":[{"@type":"ReadAction","target":["https:\/\/odavprint.ee\/et\/product\/drum-oki-mc873-magenta-30k-44844470\/"]}]},{"@type":"ImageObject","inLanguage":"et","@id":"https:\/\/odavprint.ee\/et\/product\/drum-oki-mc873-magenta-30k-44844470\/#primaryimage","url":"https:\/\/odavprint.ee\/wp-content\/uploads\/2022\/09\/178212_1.jpg","contentUrl":"https:\/\/odavprint.ee\/wp-content\/uploads\/2022\/09\/178212_1.jpg","width":427,"height":308},{"@type":"BreadcrumbList","@id":"https:\/\/odavprint.ee\/et\/product\/drum-oki-mc873-magenta-30k-44844470\/#breadcrumb","itemListElement":[{"@type":"ListItem","position":1,"name":"Home","item":"https:\/\/odavprint.ee\/et\/esileht\/"},{"@type":"ListItem","position":2,"name":"E-pood","item":"https:\/\/odavprint.ee\/et\/shop\/"},{"@type":"ListItem","position":3,"name":"Drum OKI MC873 magenta 30K (44844470)"}]},{"@type":"WebSite","@id":"https:\/\/odavprint.ee\/et\/#website","url":"https:\/\/odavprint.ee\/et\/","name":"Odav Print","description":"Just another WordPress site","publisher":{"@id":"https:\/\/odavprint.ee\/et\/#organization"},"alternateName":"Kassettide, toonerite t\u00e4itmine ja m\u00fc\u00fck.","potentialAction":[{"@type":"SearchAction","target":{"@type":"EntryPoint","urlTemplate":"https:\/\/odavprint.ee\/et\/?s={search_term_string}"},"query-input":"required name=search_term_string"}],"inLanguage":"et"},{"@type":["Organization","Place"],"@id":"https:\/\/odavprint.ee\/et\/#organization","name":"Odav Print O\u00dc","url":"https:\/\/odavprint.ee\/et\/","logo":{"@id":"https:\/\/odavprint.ee\/et\/product\/drum-oki-mc873-magenta-30k-44844470\/#local-main-organization-logo"},"image":{"@id":"https:\/\/odavprint.ee\/et\/product\/drum-oki-mc873-magenta-30k-44844470\/#local-main-organization-logo"},"address":{"@id":"https:\/\/odavprint.ee\/et\/product\/drum-oki-mc873-magenta-30k-44844470\/#local-main-place-address"},"geo":{"@type":"GeoCoordinates","latitude":"59.4306504","longitude":"24.8095743"},"telephone":["53836926"],"openingHoursSpecification":[{"@type":"OpeningHoursSpecification","dayOfWeek":["Monday","Tuesday","Wednesday","Thursday","Friday","Saturday","Sunday"],"opens":"09:00","closes":"17:00"}],"email":"info@odavprint.eu"},{"@type":"PostalAddress","@id":"https:\/\/odavprint.ee\/et\/product\/drum-oki-mc873-magenta-30k-44844470\/#local-main-place-address","streetAddress":"Pae tn 28","addressLocality":"Tallinn","postalCode":"11415","addressRegion":"Harjumaa","addressCountry":"EE"},{"@type":"ImageObject","inLanguage":"et","@id":"https:\/\/odavprint.ee\/et\/product\/drum-oki-mc873-magenta-30k-44844470\/#local-main-organization-logo","url":"https:\/\/odavprint.ee\/wp-content\/uploads\/2018\/10\/odavprint-logo-240.jpg","contentUrl":"https:\/\/odavprint.ee\/wp-content\/uploads\/2018\/10\/odavprint-logo-240.jpg","width":240,"height":36,"caption":"Odav Print O\u00dc"}]},"product_price_amount":"212.60","product_price_currency":"EUR","og_availability":"instock","product_availability":"instock","product_retailer_item_id":"44844470","product_condition":"new","geo.placename":"Tallinn","geo.position":{"lat":"59.4306504","long":"24.8095743"},"geo.region":"Estonia"},"_links":{"self":[{"href":"https:\/\/odavprint.ee\/et\/wp-json\/wp\/v2\/product\/178212"}],"collection":[{"href":"https:\/\/odavprint.ee\/et\/wp-json\/wp\/v2\/product"}],"about":[{"href":"https:\/\/odavprint.ee\/et\/wp-json\/wp\/v2\/types\/product"}],"wp:featuredmedia":[{"embeddable":true,"href":"https:\/\/odavprint.ee\/et\/wp-json\/wp\/v2\/media\/178213"}],"wp:attachment":[{"href":"https:\/\/odavprint.ee\/et\/wp-json\/wp\/v2\/media?parent=178212"}],"wp:term":[{"taxonomy":"product_cat","embeddable":true,"href":"https:\/\/odavprint.ee\/et\/wp-json\/wp\/v2\/product_cat?post=178212"},{"taxonomy":"product_tag","embeddable":true,"href":"https:\/\/odavprint.ee\/et\/wp-json\/wp\/v2\/product_tag?post=178212"}],"curies":[{"name":"wp","href":"https:\/\/api.w.org\/{rel}","templated":true}]}}