{"id":180232,"date":"2022-09-26T17:17:25","date_gmt":"2022-09-26T14:17:25","guid":{"rendered":"https:\/\/odavprint.ee\/product\/epson-ecotank-104-yellow-c13t00p440\/"},"modified":"2024-02-19T09:04:07","modified_gmt":"2024-02-19T07:04:07","slug":"epson-ecotank-104-yellow-c13t00p440","status":"publish","type":"product","link":"https:\/\/odavprint.ee\/et\/product\/epson-ecotank-104-yellow-c13t00p440\/","title":{"rendered":"Epson EcoTank 104 Yellow (C13T00P440)"},"content":{"rendered":"<p><b>Suitable for use in:<\/b><\/p>\n<p>Epson EcoTank ET-2710<br \/>\nEpson EcoTank ET-2710 Series<br \/>\nEpson EcoTank ET-2710 Unlimited<br \/>\nEpson EcoTank ET-2711<br \/>\nEpson EcoTank ET-2712<br \/>\nEpson EcoTank ET-2714<br \/>\nEpson EcoTank ET-2714 Unlimited<br \/>\nEpson EcoTank ET-2715<br \/>\nEpson EcoTank ET-2720<br \/>\nEpson EcoTank ET-2720 Unlimited<br \/>\nEpson EcoTank ET-2721<br \/>\nEpson EcoTank ET-2726<br \/>\nEpson EcoTank ET-2726 Unlimited<br \/>\nEpson EcoTank ET-4700<br \/>\nEpson EcoTank ET-4700 Unlimited<\/p>\n<p>EPSON ET2810<\/p>\n","protected":false},"excerpt":{"rendered":"<p>Suitable for use in: Epson EcoTank ET-2710 Epson EcoTank ET-2710 Series Epson EcoTank ET-2710 Unlimited Epson EcoTank ET-2711 Epson EcoTank ET-2712 Epson EcoTank ET-2714 Epson EcoTank ET-2714 Unlimited Epson EcoTank ET-2715 Epson EcoTank ET-2720 Epson EcoTank ET-2720 Unlimited Epson EcoTank ET-2721 Epson EcoTank ET-2726 Epson EcoTank ET-2726 Unlimited Epson EcoTank ET-4700 Epson EcoTank ET-4700 Unlimited [&#8230;]\n","protected":false},"featured_media":180233,"template":"","meta":{"inline_featured_image":false},"product_cat":[10770],"product_tag":[38765,38766,38767,38768,38769,38770,38771,38772,38773,38774,38775,38776,38777,38778,38779],"yoast_head":"<!-- This site is optimized with the Yoast SEO Premium plugin v23.0 (Yoast SEO v23.0) - https:\/\/yoast.com\/wordpress\/plugins\/seo\/ -->\n<title>Epson EcoTank 104 Yellow (C13T00P440), hea hinnaga, osta e-pood - Odav Print<\/title>\n<meta name=\"description\" content=\"Osta Epson EcoTank 104 Yellow (C13T00P440) Odav Print \u260e +372 5911 9495 \u2714\ufe0f Parim hind Epson EcoTank 104 Yellow (C13T00P440) jaoks \u26df Kiire kohaletoimetamine Eestis \u2b50 Garanteeritud\" \/>\n<meta name=\"robots\" content=\"index, follow, max-snippet:-1, max-image-preview:large, max-video-preview:-1\" \/>\n<link rel=\"canonical\" href=\"https:\/\/odavprint.ee\/et\/product\/epson-ecotank-104-yellow-c13t00p440\/\" \/>\n<meta property=\"og:locale\" content=\"et_EE\" \/>\n<meta property=\"og:type\" content=\"article\" \/>\n<meta property=\"og:title\" content=\"Epson EcoTank 104 Yellow (C13T00P440)\" \/>\n<meta property=\"og:description\" content=\"Osta Epson EcoTank 104 Yellow (C13T00P440) Odav Print \u260e +372 5911 9495 \u2714\ufe0f Parim hind Epson EcoTank 104 Yellow (C13T00P440) jaoks \u26df Kiire kohaletoimetamine Eestis \u2b50 Garanteeritud\" \/>\n<meta property=\"og:url\" content=\"https:\/\/odavprint.ee\/et\/product\/epson-ecotank-104-yellow-c13t00p440\/\" \/>\n<meta property=\"og:site_name\" content=\"Odav Print\" \/>\n<meta property=\"article:modified_time\" content=\"2024-02-19T07:04:07+00:00\" \/>\n<meta property=\"og:image\" content=\"https:\/\/odavprint.ee\/wp-content\/uploads\/2022\/09\/180232_ownd_274521.jpg\" \/>\n\t<meta property=\"og:image:width\" content=\"500\" \/>\n\t<meta property=\"og:image:height\" content=\"500\" \/>\n\t<meta property=\"og:image:type\" content=\"image\/jpeg\" \/>\n<meta name=\"twitter:card\" content=\"summary_large_image\" \/>\n<meta name=\"twitter:label1\" content=\"Price\" \/>\n\t<meta name=\"twitter:data1\" content=\"&euro;16.00\" \/>\n\t<meta name=\"twitter:label2\" content=\"Availability\" \/>\n\t<meta name=\"twitter:data2\" content=\"In stock\" \/>\n<script type=\"application\/ld+json\" class=\"yoast-schema-graph\">{\"@context\":\"https:\/\/schema.org\",\"@graph\":[{\"@type\":[\"WebPage\",\"ItemPage\"],\"@id\":\"https:\/\/odavprint.ee\/et\/product\/epson-ecotank-104-yellow-c13t00p440\/\",\"url\":\"https:\/\/odavprint.ee\/et\/product\/epson-ecotank-104-yellow-c13t00p440\/\",\"name\":\"Epson EcoTank 104 Yellow (C13T00P440), hea hinnaga, osta e-pood - Odav Print\",\"isPartOf\":{\"@id\":\"https:\/\/odavprint.ee\/et\/#website\"},\"primaryImageOfPage\":{\"@id\":\"https:\/\/odavprint.ee\/et\/product\/epson-ecotank-104-yellow-c13t00p440\/#primaryimage\"},\"image\":{\"@id\":\"https:\/\/odavprint.ee\/et\/product\/epson-ecotank-104-yellow-c13t00p440\/#primaryimage\"},\"thumbnailUrl\":\"https:\/\/odavprint.ee\/wp-content\/uploads\/2022\/09\/180232_ownd_274521.jpg\",\"datePublished\":\"2022-09-26T14:17:25+00:00\",\"dateModified\":\"2024-02-19T07:04:07+00:00\",\"description\":\"Osta Epson EcoTank 104 Yellow (C13T00P440) Odav Print \u260e +372 5911 9495 \u2714\ufe0f Parim hind Epson EcoTank 104 Yellow (C13T00P440) jaoks \u26df Kiire kohaletoimetamine Eestis \u2b50 Garanteeritud\",\"breadcrumb\":{\"@id\":\"https:\/\/odavprint.ee\/et\/product\/epson-ecotank-104-yellow-c13t00p440\/#breadcrumb\"},\"inLanguage\":\"et\",\"potentialAction\":[{\"@type\":\"ReadAction\",\"target\":[\"https:\/\/odavprint.ee\/et\/product\/epson-ecotank-104-yellow-c13t00p440\/\"]}]},{\"@type\":\"ImageObject\",\"inLanguage\":\"et\",\"@id\":\"https:\/\/odavprint.ee\/et\/product\/epson-ecotank-104-yellow-c13t00p440\/#primaryimage\",\"url\":\"https:\/\/odavprint.ee\/wp-content\/uploads\/2022\/09\/180232_ownd_274521.jpg\",\"contentUrl\":\"https:\/\/odavprint.ee\/wp-content\/uploads\/2022\/09\/180232_ownd_274521.jpg\",\"width\":500,\"height\":500},{\"@type\":\"BreadcrumbList\",\"@id\":\"https:\/\/odavprint.ee\/et\/product\/epson-ecotank-104-yellow-c13t00p440\/#breadcrumb\",\"itemListElement\":[{\"@type\":\"ListItem\",\"position\":1,\"name\":\"Home\",\"item\":\"https:\/\/odavprint.ee\/et\/esileht\/\"},{\"@type\":\"ListItem\",\"position\":2,\"name\":\"E-pood\",\"item\":\"https:\/\/odavprint.ee\/et\/shop\/\"},{\"@type\":\"ListItem\",\"position\":3,\"name\":\"Epson EcoTank 104 Yellow (C13T00P440)\"}]},{\"@type\":\"WebSite\",\"@id\":\"https:\/\/odavprint.ee\/et\/#website\",\"url\":\"https:\/\/odavprint.ee\/et\/\",\"name\":\"Odav Print\",\"description\":\"Just another WordPress site\",\"publisher\":{\"@id\":\"https:\/\/odavprint.ee\/et\/#organization\"},\"alternateName\":\"Kassettide, toonerite t\u00e4itmine ja m\u00fc\u00fck.\",\"potentialAction\":[{\"@type\":\"SearchAction\",\"target\":{\"@type\":\"EntryPoint\",\"urlTemplate\":\"https:\/\/odavprint.ee\/et\/?s={search_term_string}\"},\"query-input\":\"required name=search_term_string\"}],\"inLanguage\":\"et\"},{\"@type\":[\"Organization\",\"Place\"],\"@id\":\"https:\/\/odavprint.ee\/et\/#organization\",\"name\":\"Odav Print O\u00dc\",\"url\":\"https:\/\/odavprint.ee\/et\/\",\"logo\":{\"@id\":\"https:\/\/odavprint.ee\/et\/product\/epson-ecotank-104-yellow-c13t00p440\/#local-main-organization-logo\"},\"image\":{\"@id\":\"https:\/\/odavprint.ee\/et\/product\/epson-ecotank-104-yellow-c13t00p440\/#local-main-organization-logo\"},\"address\":{\"@id\":\"https:\/\/odavprint.ee\/et\/product\/epson-ecotank-104-yellow-c13t00p440\/#local-main-place-address\"},\"geo\":{\"@type\":\"GeoCoordinates\",\"latitude\":\"59.4306504\",\"longitude\":\"24.8095743\"},\"telephone\":[\"53836926\"],\"openingHoursSpecification\":[{\"@type\":\"OpeningHoursSpecification\",\"dayOfWeek\":[\"Monday\",\"Tuesday\",\"Wednesday\",\"Thursday\",\"Friday\",\"Saturday\",\"Sunday\"],\"opens\":\"09:00\",\"closes\":\"17:00\"}],\"email\":\"info@odavprint.eu\"},{\"@type\":\"PostalAddress\",\"@id\":\"https:\/\/odavprint.ee\/et\/product\/epson-ecotank-104-yellow-c13t00p440\/#local-main-place-address\",\"streetAddress\":\"Pae tn 28\",\"addressLocality\":\"Tallinn\",\"postalCode\":\"11415\",\"addressRegion\":\"Harjumaa\",\"addressCountry\":\"EE\"},{\"@type\":\"ImageObject\",\"inLanguage\":\"et\",\"@id\":\"https:\/\/odavprint.ee\/et\/product\/epson-ecotank-104-yellow-c13t00p440\/#local-main-organization-logo\",\"url\":\"https:\/\/odavprint.ee\/wp-content\/uploads\/2018\/10\/odavprint-logo-240.jpg\",\"contentUrl\":\"https:\/\/odavprint.ee\/wp-content\/uploads\/2018\/10\/odavprint-logo-240.jpg\",\"width\":240,\"height\":36,\"caption\":\"Odav Print O\u00dc\"}]}<\/script>\n<meta property=\"product:price:amount\" content=\"16.00\" \/>\n<meta property=\"product:price:currency\" content=\"EUR\" \/>\n<meta property=\"og:availability\" content=\"instock\" \/>\n<meta property=\"product:availability\" content=\"instock\" \/>\n<meta property=\"product:retailer_item_id\" content=\"C13T00P440\" \/>\n<meta property=\"product:condition\" content=\"new\" \/>\n<meta name=\"geo.placename\" content=\"Tallinn\" \/>\n<meta name=\"geo.position\" content=\"59.4306504;24.8095743\" \/>\n<meta name=\"geo.region\" content=\"Estonia\" \/>\n<!-- \/ Yoast SEO Premium plugin. -->","yoast_head_json":{"title":"Epson EcoTank 104 Yellow (C13T00P440), hea hinnaga, osta e-pood - Odav Print","description":"Osta Epson EcoTank 104 Yellow (C13T00P440) Odav Print \u260e +372 5911 9495 \u2714\ufe0f Parim hind Epson EcoTank 104 Yellow (C13T00P440) jaoks \u26df Kiire kohaletoimetamine Eestis \u2b50 Garanteeritud","robots":{"index":"index","follow":"follow","max-snippet":"max-snippet:-1","max-image-preview":"max-image-preview:large","max-video-preview":"max-video-preview:-1"},"canonical":"https:\/\/odavprint.ee\/et\/product\/epson-ecotank-104-yellow-c13t00p440\/","og_locale":"et_EE","og_type":"article","og_title":"Epson EcoTank 104 Yellow (C13T00P440)","og_description":"Osta Epson EcoTank 104 Yellow (C13T00P440) Odav Print \u260e +372 5911 9495 \u2714\ufe0f Parim hind Epson EcoTank 104 Yellow (C13T00P440) jaoks \u26df Kiire kohaletoimetamine Eestis \u2b50 Garanteeritud","og_url":"https:\/\/odavprint.ee\/et\/product\/epson-ecotank-104-yellow-c13t00p440\/","og_site_name":"Odav Print","article_modified_time":"2024-02-19T07:04:07+00:00","og_image":[{"width":500,"height":500,"url":"https:\/\/odavprint.ee\/wp-content\/uploads\/2022\/09\/180232_ownd_274521.jpg","type":"image\/jpeg"}],"twitter_card":"summary_large_image","twitter_misc":{"Price":"&euro;16.00","Availability":"In stock"},"schema":{"@context":"https:\/\/schema.org","@graph":[{"@type":["WebPage","ItemPage"],"@id":"https:\/\/odavprint.ee\/et\/product\/epson-ecotank-104-yellow-c13t00p440\/","url":"https:\/\/odavprint.ee\/et\/product\/epson-ecotank-104-yellow-c13t00p440\/","name":"Epson EcoTank 104 Yellow (C13T00P440), hea hinnaga, osta e-pood - Odav Print","isPartOf":{"@id":"https:\/\/odavprint.ee\/et\/#website"},"primaryImageOfPage":{"@id":"https:\/\/odavprint.ee\/et\/product\/epson-ecotank-104-yellow-c13t00p440\/#primaryimage"},"image":{"@id":"https:\/\/odavprint.ee\/et\/product\/epson-ecotank-104-yellow-c13t00p440\/#primaryimage"},"thumbnailUrl":"https:\/\/odavprint.ee\/wp-content\/uploads\/2022\/09\/180232_ownd_274521.jpg","datePublished":"2022-09-26T14:17:25+00:00","dateModified":"2024-02-19T07:04:07+00:00","description":"Osta Epson EcoTank 104 Yellow (C13T00P440) Odav Print \u260e +372 5911 9495 \u2714\ufe0f Parim hind Epson EcoTank 104 Yellow (C13T00P440) jaoks \u26df Kiire kohaletoimetamine Eestis \u2b50 Garanteeritud","breadcrumb":{"@id":"https:\/\/odavprint.ee\/et\/product\/epson-ecotank-104-yellow-c13t00p440\/#breadcrumb"},"inLanguage":"et","potentialAction":[{"@type":"ReadAction","target":["https:\/\/odavprint.ee\/et\/product\/epson-ecotank-104-yellow-c13t00p440\/"]}]},{"@type":"ImageObject","inLanguage":"et","@id":"https:\/\/odavprint.ee\/et\/product\/epson-ecotank-104-yellow-c13t00p440\/#primaryimage","url":"https:\/\/odavprint.ee\/wp-content\/uploads\/2022\/09\/180232_ownd_274521.jpg","contentUrl":"https:\/\/odavprint.ee\/wp-content\/uploads\/2022\/09\/180232_ownd_274521.jpg","width":500,"height":500},{"@type":"BreadcrumbList","@id":"https:\/\/odavprint.ee\/et\/product\/epson-ecotank-104-yellow-c13t00p440\/#breadcrumb","itemListElement":[{"@type":"ListItem","position":1,"name":"Home","item":"https:\/\/odavprint.ee\/et\/esileht\/"},{"@type":"ListItem","position":2,"name":"E-pood","item":"https:\/\/odavprint.ee\/et\/shop\/"},{"@type":"ListItem","position":3,"name":"Epson EcoTank 104 Yellow (C13T00P440)"}]},{"@type":"WebSite","@id":"https:\/\/odavprint.ee\/et\/#website","url":"https:\/\/odavprint.ee\/et\/","name":"Odav Print","description":"Just another WordPress site","publisher":{"@id":"https:\/\/odavprint.ee\/et\/#organization"},"alternateName":"Kassettide, toonerite t\u00e4itmine ja m\u00fc\u00fck.","potentialAction":[{"@type":"SearchAction","target":{"@type":"EntryPoint","urlTemplate":"https:\/\/odavprint.ee\/et\/?s={search_term_string}"},"query-input":"required name=search_term_string"}],"inLanguage":"et"},{"@type":["Organization","Place"],"@id":"https:\/\/odavprint.ee\/et\/#organization","name":"Odav Print O\u00dc","url":"https:\/\/odavprint.ee\/et\/","logo":{"@id":"https:\/\/odavprint.ee\/et\/product\/epson-ecotank-104-yellow-c13t00p440\/#local-main-organization-logo"},"image":{"@id":"https:\/\/odavprint.ee\/et\/product\/epson-ecotank-104-yellow-c13t00p440\/#local-main-organization-logo"},"address":{"@id":"https:\/\/odavprint.ee\/et\/product\/epson-ecotank-104-yellow-c13t00p440\/#local-main-place-address"},"geo":{"@type":"GeoCoordinates","latitude":"59.4306504","longitude":"24.8095743"},"telephone":["53836926"],"openingHoursSpecification":[{"@type":"OpeningHoursSpecification","dayOfWeek":["Monday","Tuesday","Wednesday","Thursday","Friday","Saturday","Sunday"],"opens":"09:00","closes":"17:00"}],"email":"info@odavprint.eu"},{"@type":"PostalAddress","@id":"https:\/\/odavprint.ee\/et\/product\/epson-ecotank-104-yellow-c13t00p440\/#local-main-place-address","streetAddress":"Pae tn 28","addressLocality":"Tallinn","postalCode":"11415","addressRegion":"Harjumaa","addressCountry":"EE"},{"@type":"ImageObject","inLanguage":"et","@id":"https:\/\/odavprint.ee\/et\/product\/epson-ecotank-104-yellow-c13t00p440\/#local-main-organization-logo","url":"https:\/\/odavprint.ee\/wp-content\/uploads\/2018\/10\/odavprint-logo-240.jpg","contentUrl":"https:\/\/odavprint.ee\/wp-content\/uploads\/2018\/10\/odavprint-logo-240.jpg","width":240,"height":36,"caption":"Odav Print O\u00dc"}]},"product_price_amount":"16.00","product_price_currency":"EUR","og_availability":"instock","product_availability":"instock","product_retailer_item_id":"C13T00P440","product_condition":"new","geo.placename":"Tallinn","geo.position":{"lat":"59.4306504","long":"24.8095743"},"geo.region":"Estonia"},"_links":{"self":[{"href":"https:\/\/odavprint.ee\/et\/wp-json\/wp\/v2\/product\/180232"}],"collection":[{"href":"https:\/\/odavprint.ee\/et\/wp-json\/wp\/v2\/product"}],"about":[{"href":"https:\/\/odavprint.ee\/et\/wp-json\/wp\/v2\/types\/product"}],"wp:featuredmedia":[{"embeddable":true,"href":"https:\/\/odavprint.ee\/et\/wp-json\/wp\/v2\/media\/180233"}],"wp:attachment":[{"href":"https:\/\/odavprint.ee\/et\/wp-json\/wp\/v2\/media?parent=180232"}],"wp:term":[{"taxonomy":"product_cat","embeddable":true,"href":"https:\/\/odavprint.ee\/et\/wp-json\/wp\/v2\/product_cat?post=180232"},{"taxonomy":"product_tag","embeddable":true,"href":"https:\/\/odavprint.ee\/et\/wp-json\/wp\/v2\/product_tag?post=180232"}],"curies":[{"name":"wp","href":"https:\/\/api.w.org\/{rel}","templated":true}]}}