{"id":188235,"date":"2023-06-06T13:27:33","date_gmt":"2023-06-06T10:27:33","guid":{"rendered":"https:\/\/odavprint.ee\/?post_type=product&#038;p=188235"},"modified":"2023-08-28T17:05:19","modified_gmt":"2023-08-28T14:05:19","slug":"toronto-ergonomic-balance-stool-black-black-fabric-longer-gas-lift","status":"publish","type":"product","link":"https:\/\/odavprint.ee\/et\/product\/toronto-ergonomic-balance-stool-black-black-fabric-longer-gas-lift\/","title":{"rendered":"Up Up Toronto ergonomic balance stool Black, Black fabric, longer gas lift"},"content":{"rendered":"<table class=\"table1 product\">\n<tbody>\n<tr>\n<td class=\"product_tabs\">\n<table class=\"table1\">\n<tbody>\n<tr>\n<td>\n<div id=\"product_tab1\" class=\"product_tab_cnt\">\n<div class=\"title\">Up Up Toronto ergonomic balance stool Black, Black fabric, longer gas lift<\/div>\n<div class=\"product_text\"><\/div>\n<div class=\"product_text\">\n<p><iframe loading=\"lazy\" title=\"YouTube video player\" src=\"https:\/\/www.youtube.com\/embed\/4B9tOS0mkL0\" width=\"560\" height=\"315\" frameborder=\"0\" allowfullscreen=\"allowfullscreen\" data-mce-fragment=\"1\"><\/iframe><\/p>\n<p>&nbsp;<\/p>\n<p><img loading=\"lazy\" decoding=\"async\" src=\"https:\/\/dptrade.lt\/Files\/Up%20Up%20Toronto%20(saddle%20chair)%201440.jpg\" alt=\"\" width=\"768\" height=\"4121\" \/><\/p>\n<div><\/div>\n<\/div>\n<\/div>\n<\/td>\n<\/tr>\n<\/tbody>\n<\/table>\n<\/td>\n<\/tr>\n<\/tbody>\n<\/table>\n","protected":false},"excerpt":{"rendered":"<p>Up Up Toronto ergonomic balance stool Black, Black fabric, longer gas lift &nbsp;<\/p>\n","protected":false},"featured_media":210156,"template":"","meta":{"inline_featured_image":false},"product_cat":[17242],"product_tag":[],"yoast_head":"<!-- This site is optimized with the Yoast SEO Premium plugin v23.0 (Yoast SEO v23.0) - https:\/\/yoast.com\/wordpress\/plugins\/seo\/ -->\n<title>Up Up Toronto ergonomic balance stool Black, Black fabric, longer gas lift, hea hinnaga, osta e-pood - Odav Print<\/title>\n<meta name=\"description\" content=\"Osta Up Up Toronto ergonomic balance stool Black, Black fabric, longer gas lift Odav Print \u260e +372 5911 9495 \u2714\ufe0f Parim hind Up Up Toronto ergonomic balance stool Black, Black fabric, longer gas lift jaoks \u26df Kiire kohaletoimetamine Eestis \u2b50 Garanteeritud\" \/>\n<meta name=\"robots\" content=\"index, follow, max-snippet:-1, max-image-preview:large, max-video-preview:-1\" \/>\n<link rel=\"canonical\" href=\"https:\/\/odavprint.ee\/et\/product\/toronto-ergonomic-balance-stool-black-black-fabric-longer-gas-lift\/\" \/>\n<meta property=\"og:locale\" content=\"et_EE\" \/>\n<meta property=\"og:type\" content=\"article\" \/>\n<meta property=\"og:title\" content=\"Up Up Toronto ergonomic balance stool Black, Black fabric, longer gas lift\" \/>\n<meta property=\"og:description\" content=\"Osta Up Up Toronto ergonomic balance stool Black, Black fabric, longer gas lift Odav Print \u260e +372 5911 9495 \u2714\ufe0f Parim hind Up Up Toronto ergonomic balance stool Black, Black fabric, longer gas lift jaoks \u26df Kiire kohaletoimetamine Eestis \u2b50 Garanteeritud\" \/>\n<meta property=\"og:url\" content=\"https:\/\/odavprint.ee\/et\/product\/toronto-ergonomic-balance-stool-black-black-fabric-longer-gas-lift\/\" \/>\n<meta property=\"og:site_name\" content=\"Odav Print\" \/>\n<meta property=\"article:modified_time\" content=\"2023-08-28T14:05:19+00:00\" \/>\n<meta property=\"og:image\" content=\"https:\/\/odavprint.ee\/wp-content\/uploads\/2023\/09\/188235_Qxh7lVx0Bom7ML6I0hGRlxWplc0wa5C3jESFFFNG.png\" \/>\n\t<meta property=\"og:image:width\" content=\"500\" \/>\n\t<meta property=\"og:image:height\" content=\"500\" \/>\n\t<meta property=\"og:image:type\" content=\"image\/png\" \/>\n<meta name=\"twitter:card\" content=\"summary_large_image\" \/>\n<meta name=\"twitter:label1\" content=\"Price\" \/>\n\t<meta name=\"twitter:data1\" content=\"&euro;346.30\" \/>\n\t<meta name=\"twitter:label2\" content=\"Availability\" \/>\n\t<meta name=\"twitter:data2\" content=\"In stock\" \/>\n<script type=\"application\/ld+json\" class=\"yoast-schema-graph\">{\"@context\":\"https:\/\/schema.org\",\"@graph\":[{\"@type\":[\"WebPage\",\"ItemPage\"],\"@id\":\"https:\/\/odavprint.ee\/et\/product\/toronto-ergonomic-balance-stool-black-black-fabric-longer-gas-lift\/\",\"url\":\"https:\/\/odavprint.ee\/et\/product\/toronto-ergonomic-balance-stool-black-black-fabric-longer-gas-lift\/\",\"name\":\"Up Up Toronto ergonomic balance stool Black, Black fabric, longer gas lift, hea hinnaga, osta e-pood - Odav Print\",\"isPartOf\":{\"@id\":\"https:\/\/odavprint.ee\/et\/#website\"},\"primaryImageOfPage\":{\"@id\":\"https:\/\/odavprint.ee\/et\/product\/toronto-ergonomic-balance-stool-black-black-fabric-longer-gas-lift\/#primaryimage\"},\"image\":{\"@id\":\"https:\/\/odavprint.ee\/et\/product\/toronto-ergonomic-balance-stool-black-black-fabric-longer-gas-lift\/#primaryimage\"},\"thumbnailUrl\":\"https:\/\/odavprint.ee\/wp-content\/uploads\/2025\/04\/188235_8LkHcZWKbF1b9KPIFgGDoJ0HYAdCgAJgXhyDBVTU.png\",\"datePublished\":\"2023-06-06T10:27:33+00:00\",\"dateModified\":\"2023-08-28T14:05:19+00:00\",\"description\":\"Osta Up Up Toronto ergonomic balance stool Black, Black fabric, longer gas lift Odav Print \u260e +372 5911 9495 \u2714\ufe0f Parim hind Up Up Toronto ergonomic balance stool Black, Black fabric, longer gas lift jaoks \u26df Kiire kohaletoimetamine Eestis \u2b50 Garanteeritud\",\"breadcrumb\":{\"@id\":\"https:\/\/odavprint.ee\/et\/product\/toronto-ergonomic-balance-stool-black-black-fabric-longer-gas-lift\/#breadcrumb\"},\"inLanguage\":\"et\",\"potentialAction\":[{\"@type\":\"ReadAction\",\"target\":[\"https:\/\/odavprint.ee\/et\/product\/toronto-ergonomic-balance-stool-black-black-fabric-longer-gas-lift\/\"]}]},{\"@type\":\"ImageObject\",\"inLanguage\":\"et\",\"@id\":\"https:\/\/odavprint.ee\/et\/product\/toronto-ergonomic-balance-stool-black-black-fabric-longer-gas-lift\/#primaryimage\",\"url\":\"https:\/\/odavprint.ee\/wp-content\/uploads\/2025\/04\/188235_8LkHcZWKbF1b9KPIFgGDoJ0HYAdCgAJgXhyDBVTU.png\",\"contentUrl\":\"https:\/\/odavprint.ee\/wp-content\/uploads\/2025\/04\/188235_8LkHcZWKbF1b9KPIFgGDoJ0HYAdCgAJgXhyDBVTU.png\",\"width\":332,\"height\":500},{\"@type\":\"BreadcrumbList\",\"@id\":\"https:\/\/odavprint.ee\/et\/product\/toronto-ergonomic-balance-stool-black-black-fabric-longer-gas-lift\/#breadcrumb\",\"itemListElement\":[{\"@type\":\"ListItem\",\"position\":1,\"name\":\"Home\",\"item\":\"https:\/\/odavprint.ee\/et\/esileht\/\"},{\"@type\":\"ListItem\",\"position\":2,\"name\":\"E-pood\",\"item\":\"https:\/\/odavprint.ee\/et\/shop\/\"},{\"@type\":\"ListItem\",\"position\":3,\"name\":\"Up Up Toronto ergonomic balance stool Black, Black fabric, longer gas lift\"}]},{\"@type\":\"WebSite\",\"@id\":\"https:\/\/odavprint.ee\/et\/#website\",\"url\":\"https:\/\/odavprint.ee\/et\/\",\"name\":\"Odav Print\",\"description\":\"Just another WordPress site\",\"publisher\":{\"@id\":\"https:\/\/odavprint.ee\/et\/#organization\"},\"alternateName\":\"Kassettide, toonerite t\u00e4itmine ja m\u00fc\u00fck.\",\"potentialAction\":[{\"@type\":\"SearchAction\",\"target\":{\"@type\":\"EntryPoint\",\"urlTemplate\":\"https:\/\/odavprint.ee\/et\/?s={search_term_string}\"},\"query-input\":\"required name=search_term_string\"}],\"inLanguage\":\"et\"},{\"@type\":[\"Organization\",\"Place\"],\"@id\":\"https:\/\/odavprint.ee\/et\/#organization\",\"name\":\"Odav Print O\u00dc\",\"url\":\"https:\/\/odavprint.ee\/et\/\",\"logo\":{\"@id\":\"https:\/\/odavprint.ee\/et\/product\/toronto-ergonomic-balance-stool-black-black-fabric-longer-gas-lift\/#local-main-organization-logo\"},\"image\":{\"@id\":\"https:\/\/odavprint.ee\/et\/product\/toronto-ergonomic-balance-stool-black-black-fabric-longer-gas-lift\/#local-main-organization-logo\"},\"address\":{\"@id\":\"https:\/\/odavprint.ee\/et\/product\/toronto-ergonomic-balance-stool-black-black-fabric-longer-gas-lift\/#local-main-place-address\"},\"geo\":{\"@type\":\"GeoCoordinates\",\"latitude\":\"59.4306504\",\"longitude\":\"24.8095743\"},\"telephone\":[\"53836926\"],\"openingHoursSpecification\":[{\"@type\":\"OpeningHoursSpecification\",\"dayOfWeek\":[\"Monday\",\"Tuesday\",\"Wednesday\",\"Thursday\",\"Friday\",\"Saturday\",\"Sunday\"],\"opens\":\"09:00\",\"closes\":\"17:00\"}],\"email\":\"info@odavprint.eu\"},{\"@type\":\"PostalAddress\",\"@id\":\"https:\/\/odavprint.ee\/et\/product\/toronto-ergonomic-balance-stool-black-black-fabric-longer-gas-lift\/#local-main-place-address\",\"streetAddress\":\"Pae tn 28\",\"addressLocality\":\"Tallinn\",\"postalCode\":\"11415\",\"addressRegion\":\"Harjumaa\",\"addressCountry\":\"EE\"},{\"@type\":\"ImageObject\",\"inLanguage\":\"et\",\"@id\":\"https:\/\/odavprint.ee\/et\/product\/toronto-ergonomic-balance-stool-black-black-fabric-longer-gas-lift\/#local-main-organization-logo\",\"url\":\"https:\/\/odavprint.ee\/wp-content\/uploads\/2018\/10\/odavprint-logo-240.jpg\",\"contentUrl\":\"https:\/\/odavprint.ee\/wp-content\/uploads\/2018\/10\/odavprint-logo-240.jpg\",\"width\":240,\"height\":36,\"caption\":\"Odav Print O\u00dc\"}]}<\/script>\n<meta property=\"product:price:amount\" content=\"346.30\" \/>\n<meta property=\"product:price:currency\" content=\"EUR\" \/>\n<meta property=\"og:availability\" content=\"instock\" \/>\n<meta property=\"product:availability\" content=\"instock\" \/>\n<meta property=\"product:retailer_item_id\" content=\"Toronto\/BK\" \/>\n<meta property=\"product:condition\" content=\"new\" \/>\n<meta name=\"geo.placename\" content=\"Tallinn\" \/>\n<meta name=\"geo.position\" content=\"59.4306504;24.8095743\" \/>\n<meta name=\"geo.region\" content=\"Estonia\" \/>\n<!-- \/ Yoast SEO Premium plugin. -->","yoast_head_json":{"title":"Up Up Toronto ergonomic balance stool Black, Black fabric, longer gas lift, hea hinnaga, osta e-pood - Odav Print","description":"Osta Up Up Toronto ergonomic balance stool Black, Black fabric, longer gas lift Odav Print \u260e +372 5911 9495 \u2714\ufe0f Parim hind Up Up Toronto ergonomic balance stool Black, Black fabric, longer gas lift jaoks \u26df Kiire kohaletoimetamine Eestis \u2b50 Garanteeritud","robots":{"index":"index","follow":"follow","max-snippet":"max-snippet:-1","max-image-preview":"max-image-preview:large","max-video-preview":"max-video-preview:-1"},"canonical":"https:\/\/odavprint.ee\/et\/product\/toronto-ergonomic-balance-stool-black-black-fabric-longer-gas-lift\/","og_locale":"et_EE","og_type":"article","og_title":"Up Up Toronto ergonomic balance stool Black, Black fabric, longer gas lift","og_description":"Osta Up Up Toronto ergonomic balance stool Black, Black fabric, longer gas lift Odav Print \u260e +372 5911 9495 \u2714\ufe0f Parim hind Up Up Toronto ergonomic balance stool Black, Black fabric, longer gas lift jaoks \u26df Kiire kohaletoimetamine Eestis \u2b50 Garanteeritud","og_url":"https:\/\/odavprint.ee\/et\/product\/toronto-ergonomic-balance-stool-black-black-fabric-longer-gas-lift\/","og_site_name":"Odav Print","article_modified_time":"2023-08-28T14:05:19+00:00","og_image":[{"width":500,"height":500,"url":"https:\/\/odavprint.ee\/wp-content\/uploads\/2023\/09\/188235_Qxh7lVx0Bom7ML6I0hGRlxWplc0wa5C3jESFFFNG.png","type":"image\/png"}],"twitter_card":"summary_large_image","twitter_misc":{"Price":"&euro;346.30","Availability":"In stock"},"schema":{"@context":"https:\/\/schema.org","@graph":[{"@type":["WebPage","ItemPage"],"@id":"https:\/\/odavprint.ee\/et\/product\/toronto-ergonomic-balance-stool-black-black-fabric-longer-gas-lift\/","url":"https:\/\/odavprint.ee\/et\/product\/toronto-ergonomic-balance-stool-black-black-fabric-longer-gas-lift\/","name":"Up Up Toronto ergonomic balance stool Black, Black fabric, longer gas lift, hea hinnaga, osta e-pood - Odav Print","isPartOf":{"@id":"https:\/\/odavprint.ee\/et\/#website"},"primaryImageOfPage":{"@id":"https:\/\/odavprint.ee\/et\/product\/toronto-ergonomic-balance-stool-black-black-fabric-longer-gas-lift\/#primaryimage"},"image":{"@id":"https:\/\/odavprint.ee\/et\/product\/toronto-ergonomic-balance-stool-black-black-fabric-longer-gas-lift\/#primaryimage"},"thumbnailUrl":"https:\/\/odavprint.ee\/wp-content\/uploads\/2025\/04\/188235_8LkHcZWKbF1b9KPIFgGDoJ0HYAdCgAJgXhyDBVTU.png","datePublished":"2023-06-06T10:27:33+00:00","dateModified":"2023-08-28T14:05:19+00:00","description":"Osta Up Up Toronto ergonomic balance stool Black, Black fabric, longer gas lift Odav Print \u260e +372 5911 9495 \u2714\ufe0f Parim hind Up Up Toronto ergonomic balance stool Black, Black fabric, longer gas lift jaoks \u26df Kiire kohaletoimetamine Eestis \u2b50 Garanteeritud","breadcrumb":{"@id":"https:\/\/odavprint.ee\/et\/product\/toronto-ergonomic-balance-stool-black-black-fabric-longer-gas-lift\/#breadcrumb"},"inLanguage":"et","potentialAction":[{"@type":"ReadAction","target":["https:\/\/odavprint.ee\/et\/product\/toronto-ergonomic-balance-stool-black-black-fabric-longer-gas-lift\/"]}]},{"@type":"ImageObject","inLanguage":"et","@id":"https:\/\/odavprint.ee\/et\/product\/toronto-ergonomic-balance-stool-black-black-fabric-longer-gas-lift\/#primaryimage","url":"https:\/\/odavprint.ee\/wp-content\/uploads\/2025\/04\/188235_8LkHcZWKbF1b9KPIFgGDoJ0HYAdCgAJgXhyDBVTU.png","contentUrl":"https:\/\/odavprint.ee\/wp-content\/uploads\/2025\/04\/188235_8LkHcZWKbF1b9KPIFgGDoJ0HYAdCgAJgXhyDBVTU.png","width":332,"height":500},{"@type":"BreadcrumbList","@id":"https:\/\/odavprint.ee\/et\/product\/toronto-ergonomic-balance-stool-black-black-fabric-longer-gas-lift\/#breadcrumb","itemListElement":[{"@type":"ListItem","position":1,"name":"Home","item":"https:\/\/odavprint.ee\/et\/esileht\/"},{"@type":"ListItem","position":2,"name":"E-pood","item":"https:\/\/odavprint.ee\/et\/shop\/"},{"@type":"ListItem","position":3,"name":"Up Up Toronto ergonomic balance stool Black, Black fabric, longer gas lift"}]},{"@type":"WebSite","@id":"https:\/\/odavprint.ee\/et\/#website","url":"https:\/\/odavprint.ee\/et\/","name":"Odav Print","description":"Just another WordPress site","publisher":{"@id":"https:\/\/odavprint.ee\/et\/#organization"},"alternateName":"Kassettide, toonerite t\u00e4itmine ja m\u00fc\u00fck.","potentialAction":[{"@type":"SearchAction","target":{"@type":"EntryPoint","urlTemplate":"https:\/\/odavprint.ee\/et\/?s={search_term_string}"},"query-input":"required name=search_term_string"}],"inLanguage":"et"},{"@type":["Organization","Place"],"@id":"https:\/\/odavprint.ee\/et\/#organization","name":"Odav Print O\u00dc","url":"https:\/\/odavprint.ee\/et\/","logo":{"@id":"https:\/\/odavprint.ee\/et\/product\/toronto-ergonomic-balance-stool-black-black-fabric-longer-gas-lift\/#local-main-organization-logo"},"image":{"@id":"https:\/\/odavprint.ee\/et\/product\/toronto-ergonomic-balance-stool-black-black-fabric-longer-gas-lift\/#local-main-organization-logo"},"address":{"@id":"https:\/\/odavprint.ee\/et\/product\/toronto-ergonomic-balance-stool-black-black-fabric-longer-gas-lift\/#local-main-place-address"},"geo":{"@type":"GeoCoordinates","latitude":"59.4306504","longitude":"24.8095743"},"telephone":["53836926"],"openingHoursSpecification":[{"@type":"OpeningHoursSpecification","dayOfWeek":["Monday","Tuesday","Wednesday","Thursday","Friday","Saturday","Sunday"],"opens":"09:00","closes":"17:00"}],"email":"info@odavprint.eu"},{"@type":"PostalAddress","@id":"https:\/\/odavprint.ee\/et\/product\/toronto-ergonomic-balance-stool-black-black-fabric-longer-gas-lift\/#local-main-place-address","streetAddress":"Pae tn 28","addressLocality":"Tallinn","postalCode":"11415","addressRegion":"Harjumaa","addressCountry":"EE"},{"@type":"ImageObject","inLanguage":"et","@id":"https:\/\/odavprint.ee\/et\/product\/toronto-ergonomic-balance-stool-black-black-fabric-longer-gas-lift\/#local-main-organization-logo","url":"https:\/\/odavprint.ee\/wp-content\/uploads\/2018\/10\/odavprint-logo-240.jpg","contentUrl":"https:\/\/odavprint.ee\/wp-content\/uploads\/2018\/10\/odavprint-logo-240.jpg","width":240,"height":36,"caption":"Odav Print O\u00dc"}]},"product_price_amount":"346.30","product_price_currency":"EUR","og_availability":"instock","product_availability":"instock","product_retailer_item_id":"Toronto\/BK","product_condition":"new","geo.placename":"Tallinn","geo.position":{"lat":"59.4306504","long":"24.8095743"},"geo.region":"Estonia"},"_links":{"self":[{"href":"https:\/\/odavprint.ee\/et\/wp-json\/wp\/v2\/product\/188235"}],"collection":[{"href":"https:\/\/odavprint.ee\/et\/wp-json\/wp\/v2\/product"}],"about":[{"href":"https:\/\/odavprint.ee\/et\/wp-json\/wp\/v2\/types\/product"}],"wp:featuredmedia":[{"embeddable":true,"href":"https:\/\/odavprint.ee\/et\/wp-json\/wp\/v2\/media\/210156"}],"wp:attachment":[{"href":"https:\/\/odavprint.ee\/et\/wp-json\/wp\/v2\/media?parent=188235"}],"wp:term":[{"taxonomy":"product_cat","embeddable":true,"href":"https:\/\/odavprint.ee\/et\/wp-json\/wp\/v2\/product_cat?post=188235"},{"taxonomy":"product_tag","embeddable":true,"href":"https:\/\/odavprint.ee\/et\/wp-json\/wp\/v2\/product_tag?post=188235"}],"curies":[{"name":"wp","href":"https:\/\/api.w.org\/{rel}","templated":true}]}}